{"id":44384,"date":"2023-05-12T16:36:22","date_gmt":"2023-05-12T14:36:22","guid":{"rendered":"https:\/\/naturalpoland.com\/produkty\/kategorilenmemis\/shiitake-lentinus-edodes\/"},"modified":"2025-12-22T11:57:26","modified_gmt":"2025-12-22T10:57:26","slug":"shiitake-lentinus-edodes","status":"publish","type":"product","link":"https:\/\/naturalpoland.com\/tr\/urunler\/farmasotik-hammaddeler\/mantar-ekstraktlari\/shiitake-lentinus-edodes\/","title":{"rendered":"Shiitake (Lentinus edodes)"},"content":{"rendered":"<h2>Shiitake ekstrakt\u0131n\u0131n \u00f6zellikleri<\/h2>\n<p>Geleneksel Do\u011fu t\u0131bb\u0131nda shiitake &#8220;ya\u015fam iksiri&#8221; olarak adland\u0131r\u0131l\u0131r &#8211; v\u00fccudu g\u00fc\u00e7lendirici, kan\u0131 temizleyici, enerji verici ve uzun ya\u015fam\u0131 destekleyici \u00f6zellikler atfedilir. Modern ara\u015ft\u0131rmalar ba\u011f\u0131\u015f\u0131kl\u0131k sistemi, kardiyovask\u00fcler sistem ve metabolizma \u00fczerindeki olumlu etkisini do\u011frulamaktad\u0131r. Shiitake mantar\u0131 meyve g\u00f6vdesi ekstrakt\u0131 ayn\u0131 zamanda <strong>B grubu vitaminleri<\/strong>, <strong>D vitamini<\/strong>, <strong>amino asitler<\/strong> ve <strong>mineral bile\u015fenler<\/strong> a\u00e7\u0131s\u0131ndan de\u011ferli bir kaynak olup, \u00f6zellikle vejetaryen ve vegan diyetlerde \u00f6nemlidir.  <\/p>\n<h2>Shiitake mantar ekstrakt\u0131n\u0131n kullan\u0131m alanlar\u0131<\/h2>\n<p>Lentinus edodes meyve g\u00f6vdelerinden elde edilen standartla\u015ft\u0131r\u0131lm\u0131\u015f ekstrakt \u015fu \u00fcr\u00fcnlerin bile\u015feni olarak kullan\u0131labilir:<\/p>\n<ul>\n<li>ba\u011f\u0131\u015f\u0131kl\u0131\u011f\u0131 g\u00fc\u00e7lendiren ve v\u00fccudun enfeksiyonlarla m\u00fccadelesini destekleyen besin takviyeleri,<\/li>\n<li>kolesterol seviyesini ve kan bas\u0131nc\u0131n\u0131 d\u00fc\u015f\u00fcren preparatlar,<\/li>\n<li>rejenerasyonu destekleyen ve romatizmal ile otoimm\u00fcn hastal\u0131k semptomlar\u0131n\u0131 hafifleten \u00fcr\u00fcnler,<\/li>\n<li>adaptojenik \u00fcr\u00fcnler &#8211; strese kar\u015f\u0131 direnci destekleyen ve sinir sistemi i\u015flevlerini iyile\u015ftiren,<\/li>\n<li>D vitamini ve B grubu vitamin eksikliklerinin giderilmesini destekleyen takviyeler.<\/li>\n<\/ul>\n<p>Ekstrakt kimyasal \u00e7\u00f6z\u00fcc\u00fc kullan\u0131lmadan su ekstraksiyon i\u015flemiyle elde edilir. Haz\u0131r hammadde ince, kahverengi toz formunda olup, GMO&#8217;suz ve a\u011f\u0131r metallerden ar\u0131nd\u0131r\u0131lm\u0131\u015f olup s\u0131k\u0131 mikrobiyolojik standartlar\u0131 kar\u015f\u0131lar. Bu sayede n\u00fctras\u00f6tik preparatlar ve fonksiyonel besin takviyelerinde g\u00fcvenli ve etkili bir bile\u015fen olarak m\u00fckemmel performans g\u00f6sterir.  <\/p>\n","protected":false},"excerpt":{"rendered":"<p><strong>Shiitake ekstrakt\u0131<\/strong> Asya k\u00f6kenli yenilebilir <strong><em>Lentinus edodes<\/em> (Japon sertmantar\u0131) mantar\u0131ndan<\/strong> elde edilir. Shiitake \u00f6zellikle polisakkaritler (ba\u015fl\u0131ca \u03b2-glukanlar) olmak \u00fczere bir\u00e7ok biyoaktif madde i\u00e7erir ve \u015fu anda imm\u00fcnomod\u00fclat\u00f6r ve sa\u011fl\u0131k destekleyici etkili en iyi ara\u015ft\u0131r\u0131lm\u0131\u015f do\u011fal hammaddelerden biridir.<\/p>\n","protected":false},"featured_media":44386,"template":"","meta":{"_acf_changed":false},"product_brand":[],"product_cat":[9541],"product_tag":[],"class_list":{"0":"post-44384","1":"product","2":"type-product","3":"status-publish","4":"has-post-thumbnail","6":"product_cat-mantar-ekstraktlari","7":"pa_czesc-rosliny-meyve-govdesi","8":"pa_skladnik-aktywny-polisakaritler","10":"first","11":"instock","12":"shipping-taxable","13":"product-type-simple"},"acf":[],"yoast_head":"<!-- This site is optimized with the Yoast SEO plugin v27.5 - https:\/\/yoast.com\/product\/yoast-seo-wordpress\/ -->\n<title>Shiitake (Lentinus edodes) - Hurtowy Dystrybutor<\/title>\n<meta name=\"description\" content=\"Lentinus edodes (Japon sertmantar\u0131), Asya k\u00f6kenli yenilebilir bir mantar olup &quot;shiitake&quot; ad\u0131yla yayg\u0131n \u015fekilde bilinir. Shiitake de\u011ferli bir \u015fifal\u0131 hammaddedir.\" \/>\n<meta name=\"robots\" content=\"index, follow, max-snippet:-1, max-image-preview:large, max-video-preview:-1\" \/>\n<link rel=\"canonical\" href=\"https:\/\/naturalpoland.com\/tr\/urunler\/farmasotik-hammaddeler\/mantar-ekstraktlari\/shiitake-lentinus-edodes\/\" \/>\n<meta property=\"og:locale\" content=\"tr_TR\" \/>\n<meta property=\"og:type\" content=\"article\" \/>\n<meta property=\"og:title\" content=\"Shiitake (Lentinus edodes) - Hurtowy Dystrybutor\" \/>\n<meta property=\"og:description\" content=\"Lentinus edodes (Japon sertmantar\u0131), Asya k\u00f6kenli yenilebilir bir mantar olup &quot;shiitake&quot; ad\u0131yla yayg\u0131n \u015fekilde bilinir. Shiitake de\u011ferli bir \u015fifal\u0131 hammaddedir.\" \/>\n<meta property=\"og:url\" content=\"https:\/\/naturalpoland.com\/tr\/urunler\/farmasotik-hammaddeler\/mantar-ekstraktlari\/shiitake-lentinus-edodes\/\" \/>\n<meta property=\"og:site_name\" content=\"NATURAL POLAND - Hurtowy Dystrybutor Surowc\u00f3w\" \/>\n<meta property=\"article:publisher\" content=\"https:\/\/www.facebook.com\/naturalpoland.b2b\" \/>\n<meta property=\"article:modified_time\" content=\"2025-12-22T10:57:26+00:00\" \/>\n<meta property=\"og:image\" content=\"https:\/\/naturalpoland.com\/wp-content\/uploads\/ekstrakt-z-shiitake.webp\" \/>\n\t<meta property=\"og:image:width\" content=\"1024\" \/>\n\t<meta property=\"og:image:height\" content=\"1024\" \/>\n\t<meta property=\"og:image:type\" content=\"image\/webp\" \/>\n<script type=\"application\/ld+json\" class=\"yoast-schema-graph\">{\"@context\":\"https:\\\/\\\/schema.org\",\"@graph\":[{\"@type\":\"WebPage\",\"@id\":\"https:\\\/\\\/naturalpoland.com\\\/tr\\\/urunler\\\/farmasotik-hammaddeler\\\/mantar-ekstraktlari\\\/shiitake-lentinus-edodes\\\/\",\"url\":\"https:\\\/\\\/naturalpoland.com\\\/tr\\\/urunler\\\/farmasotik-hammaddeler\\\/mantar-ekstraktlari\\\/shiitake-lentinus-edodes\\\/\",\"name\":\"Shiitake (Lentinus edodes) - Hurtowy Dystrybutor\",\"isPartOf\":{\"@id\":\"https:\\\/\\\/naturalpoland.com\\\/tr\\\/#website\"},\"primaryImageOfPage\":{\"@id\":\"https:\\\/\\\/naturalpoland.com\\\/tr\\\/urunler\\\/farmasotik-hammaddeler\\\/mantar-ekstraktlari\\\/shiitake-lentinus-edodes\\\/#primaryimage\"},\"image\":{\"@id\":\"https:\\\/\\\/naturalpoland.com\\\/tr\\\/urunler\\\/farmasotik-hammaddeler\\\/mantar-ekstraktlari\\\/shiitake-lentinus-edodes\\\/#primaryimage\"},\"thumbnailUrl\":\"https:\\\/\\\/naturalpoland.com\\\/wp-content\\\/uploads\\\/ekstrakt-z-shiitake.webp\",\"datePublished\":\"2023-05-12T14:36:22+00:00\",\"dateModified\":\"2025-12-22T10:57:26+00:00\",\"description\":\"Lentinus edodes (Japon sertmantar\u0131), Asya k\u00f6kenli yenilebilir bir mantar olup \\\"shiitake\\\" ad\u0131yla yayg\u0131n \u015fekilde bilinir. Shiitake de\u011ferli bir \u015fifal\u0131 hammaddedir.\",\"breadcrumb\":{\"@id\":\"https:\\\/\\\/naturalpoland.com\\\/tr\\\/urunler\\\/farmasotik-hammaddeler\\\/mantar-ekstraktlari\\\/shiitake-lentinus-edodes\\\/#breadcrumb\"},\"inLanguage\":\"tr\",\"potentialAction\":[{\"@type\":\"ReadAction\",\"target\":[\"https:\\\/\\\/naturalpoland.com\\\/tr\\\/urunler\\\/farmasotik-hammaddeler\\\/mantar-ekstraktlari\\\/shiitake-lentinus-edodes\\\/\"]}]},{\"@type\":\"ImageObject\",\"inLanguage\":\"tr\",\"@id\":\"https:\\\/\\\/naturalpoland.com\\\/tr\\\/urunler\\\/farmasotik-hammaddeler\\\/mantar-ekstraktlari\\\/shiitake-lentinus-edodes\\\/#primaryimage\",\"url\":\"https:\\\/\\\/naturalpoland.com\\\/wp-content\\\/uploads\\\/ekstrakt-z-shiitake.webp\",\"contentUrl\":\"https:\\\/\\\/naturalpoland.com\\\/wp-content\\\/uploads\\\/ekstrakt-z-shiitake.webp\",\"width\":1024,\"height\":1024,\"caption\":\"Toz shiitake mantar ekstrakt\u0131 (Lentinus edodes)\"},{\"@type\":\"BreadcrumbList\",\"@id\":\"https:\\\/\\\/naturalpoland.com\\\/tr\\\/urunler\\\/farmasotik-hammaddeler\\\/mantar-ekstraktlari\\\/shiitake-lentinus-edodes\\\/#breadcrumb\",\"itemListElement\":[{\"@type\":\"ListItem\",\"position\":1,\"name\":\"Ana Sayfa\",\"item\":\"https:\\\/\\\/naturalpoland.com\\\/tr\\\/\"},{\"@type\":\"ListItem\",\"position\":2,\"name\":\"\u00dcr\u00fcnler\",\"item\":\"https:\\\/\\\/naturalpoland.com\\\/tr\\\/urunler\\\/\"},{\"@type\":\"ListItem\",\"position\":3,\"name\":\"Shiitake (Lentinus edodes)\"}]},{\"@type\":\"WebSite\",\"@id\":\"https:\\\/\\\/naturalpoland.com\\\/tr\\\/#website\",\"url\":\"https:\\\/\\\/naturalpoland.com\\\/tr\\\/\",\"name\":\"NATURAL POLAND - Hurtowy Dystrybutor Surowc\u00f3w\",\"description\":\"Surowce dla przemys\u0142u spo\u017cywczego, kosmetycznego i farmaceutycznego\",\"publisher\":{\"@id\":\"https:\\\/\\\/naturalpoland.com\\\/tr\\\/#organization\"},\"potentialAction\":[{\"@type\":\"SearchAction\",\"target\":{\"@type\":\"EntryPoint\",\"urlTemplate\":\"https:\\\/\\\/naturalpoland.com\\\/tr\\\/?s={search_term_string}\"},\"query-input\":{\"@type\":\"PropertyValueSpecification\",\"valueRequired\":true,\"valueName\":\"search_term_string\"}}],\"inLanguage\":\"tr\"},{\"@type\":\"Organization\",\"@id\":\"https:\\\/\\\/naturalpoland.com\\\/tr\\\/#organization\",\"name\":\"Natural Poland\",\"url\":\"https:\\\/\\\/naturalpoland.com\\\/tr\\\/\",\"logo\":{\"@type\":\"ImageObject\",\"inLanguage\":\"tr\",\"@id\":\"https:\\\/\\\/naturalpoland.com\\\/tr\\\/#\\\/schema\\\/logo\\\/image\\\/\",\"url\":\"https:\\\/\\\/naturalpoland.com\\\/wp-content\\\/uploads\\\/2021\\\/05\\\/natural-poland-icon.png\",\"contentUrl\":\"https:\\\/\\\/naturalpoland.com\\\/wp-content\\\/uploads\\\/2021\\\/05\\\/natural-poland-icon.png\",\"width\":512,\"height\":512,\"caption\":\"Natural Poland\"},\"image\":{\"@id\":\"https:\\\/\\\/naturalpoland.com\\\/tr\\\/#\\\/schema\\\/logo\\\/image\\\/\"},\"sameAs\":[\"https:\\\/\\\/www.facebook.com\\\/naturalpoland.b2b\",\"https:\\\/\\\/pl.linkedin.com\\\/company\\\/natural-poland\",\"https:\\\/\\\/www.youtube.com\\\/channel\\\/UCgeGGkvOMahZo-xu_MSEWxg\"]}]}<\/script>\n<!-- \/ Yoast SEO plugin. -->","yoast_head_json":{"title":"Shiitake (Lentinus edodes) - Hurtowy Dystrybutor","description":"Lentinus edodes (Japon sertmantar\u0131), Asya k\u00f6kenli yenilebilir bir mantar olup \"shiitake\" ad\u0131yla yayg\u0131n \u015fekilde bilinir. Shiitake de\u011ferli bir \u015fifal\u0131 hammaddedir.","robots":{"index":"index","follow":"follow","max-snippet":"max-snippet:-1","max-image-preview":"max-image-preview:large","max-video-preview":"max-video-preview:-1"},"canonical":"https:\/\/naturalpoland.com\/tr\/urunler\/farmasotik-hammaddeler\/mantar-ekstraktlari\/shiitake-lentinus-edodes\/","og_locale":"tr_TR","og_type":"article","og_title":"Shiitake (Lentinus edodes) - Hurtowy Dystrybutor","og_description":"Lentinus edodes (Japon sertmantar\u0131), Asya k\u00f6kenli yenilebilir bir mantar olup \"shiitake\" ad\u0131yla yayg\u0131n \u015fekilde bilinir. Shiitake de\u011ferli bir \u015fifal\u0131 hammaddedir.","og_url":"https:\/\/naturalpoland.com\/tr\/urunler\/farmasotik-hammaddeler\/mantar-ekstraktlari\/shiitake-lentinus-edodes\/","og_site_name":"NATURAL POLAND - Hurtowy Dystrybutor Surowc\u00f3w","article_publisher":"https:\/\/www.facebook.com\/naturalpoland.b2b","article_modified_time":"2025-12-22T10:57:26+00:00","og_image":[{"width":1024,"height":1024,"url":"https:\/\/naturalpoland.com\/wp-content\/uploads\/ekstrakt-z-shiitake.webp","type":"image\/webp"}],"schema":{"@context":"https:\/\/schema.org","@graph":[{"@type":"WebPage","@id":"https:\/\/naturalpoland.com\/tr\/urunler\/farmasotik-hammaddeler\/mantar-ekstraktlari\/shiitake-lentinus-edodes\/","url":"https:\/\/naturalpoland.com\/tr\/urunler\/farmasotik-hammaddeler\/mantar-ekstraktlari\/shiitake-lentinus-edodes\/","name":"Shiitake (Lentinus edodes) - Hurtowy Dystrybutor","isPartOf":{"@id":"https:\/\/naturalpoland.com\/tr\/#website"},"primaryImageOfPage":{"@id":"https:\/\/naturalpoland.com\/tr\/urunler\/farmasotik-hammaddeler\/mantar-ekstraktlari\/shiitake-lentinus-edodes\/#primaryimage"},"image":{"@id":"https:\/\/naturalpoland.com\/tr\/urunler\/farmasotik-hammaddeler\/mantar-ekstraktlari\/shiitake-lentinus-edodes\/#primaryimage"},"thumbnailUrl":"https:\/\/naturalpoland.com\/wp-content\/uploads\/ekstrakt-z-shiitake.webp","datePublished":"2023-05-12T14:36:22+00:00","dateModified":"2025-12-22T10:57:26+00:00","description":"Lentinus edodes (Japon sertmantar\u0131), Asya k\u00f6kenli yenilebilir bir mantar olup \"shiitake\" ad\u0131yla yayg\u0131n \u015fekilde bilinir. Shiitake de\u011ferli bir \u015fifal\u0131 hammaddedir.","breadcrumb":{"@id":"https:\/\/naturalpoland.com\/tr\/urunler\/farmasotik-hammaddeler\/mantar-ekstraktlari\/shiitake-lentinus-edodes\/#breadcrumb"},"inLanguage":"tr","potentialAction":[{"@type":"ReadAction","target":["https:\/\/naturalpoland.com\/tr\/urunler\/farmasotik-hammaddeler\/mantar-ekstraktlari\/shiitake-lentinus-edodes\/"]}]},{"@type":"ImageObject","inLanguage":"tr","@id":"https:\/\/naturalpoland.com\/tr\/urunler\/farmasotik-hammaddeler\/mantar-ekstraktlari\/shiitake-lentinus-edodes\/#primaryimage","url":"https:\/\/naturalpoland.com\/wp-content\/uploads\/ekstrakt-z-shiitake.webp","contentUrl":"https:\/\/naturalpoland.com\/wp-content\/uploads\/ekstrakt-z-shiitake.webp","width":1024,"height":1024,"caption":"Toz shiitake mantar ekstrakt\u0131 (Lentinus edodes)"},{"@type":"BreadcrumbList","@id":"https:\/\/naturalpoland.com\/tr\/urunler\/farmasotik-hammaddeler\/mantar-ekstraktlari\/shiitake-lentinus-edodes\/#breadcrumb","itemListElement":[{"@type":"ListItem","position":1,"name":"Ana Sayfa","item":"https:\/\/naturalpoland.com\/tr\/"},{"@type":"ListItem","position":2,"name":"\u00dcr\u00fcnler","item":"https:\/\/naturalpoland.com\/tr\/urunler\/"},{"@type":"ListItem","position":3,"name":"Shiitake (Lentinus edodes)"}]},{"@type":"WebSite","@id":"https:\/\/naturalpoland.com\/tr\/#website","url":"https:\/\/naturalpoland.com\/tr\/","name":"NATURAL POLAND - Hurtowy Dystrybutor Surowc\u00f3w","description":"Surowce dla przemys\u0142u spo\u017cywczego, kosmetycznego i farmaceutycznego","publisher":{"@id":"https:\/\/naturalpoland.com\/tr\/#organization"},"potentialAction":[{"@type":"SearchAction","target":{"@type":"EntryPoint","urlTemplate":"https:\/\/naturalpoland.com\/tr\/?s={search_term_string}"},"query-input":{"@type":"PropertyValueSpecification","valueRequired":true,"valueName":"search_term_string"}}],"inLanguage":"tr"},{"@type":"Organization","@id":"https:\/\/naturalpoland.com\/tr\/#organization","name":"Natural Poland","url":"https:\/\/naturalpoland.com\/tr\/","logo":{"@type":"ImageObject","inLanguage":"tr","@id":"https:\/\/naturalpoland.com\/tr\/#\/schema\/logo\/image\/","url":"https:\/\/naturalpoland.com\/wp-content\/uploads\/2021\/05\/natural-poland-icon.png","contentUrl":"https:\/\/naturalpoland.com\/wp-content\/uploads\/2021\/05\/natural-poland-icon.png","width":512,"height":512,"caption":"Natural Poland"},"image":{"@id":"https:\/\/naturalpoland.com\/tr\/#\/schema\/logo\/image\/"},"sameAs":["https:\/\/www.facebook.com\/naturalpoland.b2b","https:\/\/pl.linkedin.com\/company\/natural-poland","https:\/\/www.youtube.com\/channel\/UCgeGGkvOMahZo-xu_MSEWxg"]}]}},"_links":{"self":[{"href":"https:\/\/naturalpoland.com\/tr\/wp-json\/wp\/v2\/product\/44384","targetHints":{"allow":["GET"]}}],"collection":[{"href":"https:\/\/naturalpoland.com\/tr\/wp-json\/wp\/v2\/product"}],"about":[{"href":"https:\/\/naturalpoland.com\/tr\/wp-json\/wp\/v2\/types\/product"}],"wp:featuredmedia":[{"embeddable":true,"href":"https:\/\/naturalpoland.com\/tr\/wp-json\/wp\/v2\/media\/44386"}],"wp:attachment":[{"href":"https:\/\/naturalpoland.com\/tr\/wp-json\/wp\/v2\/media?parent=44384"}],"wp:term":[{"taxonomy":"product_brand","embeddable":true,"href":"https:\/\/naturalpoland.com\/tr\/wp-json\/wp\/v2\/product_brand?post=44384"},{"taxonomy":"product_cat","embeddable":true,"href":"https:\/\/naturalpoland.com\/tr\/wp-json\/wp\/v2\/product_cat?post=44384"},{"taxonomy":"product_tag","embeddable":true,"href":"https:\/\/naturalpoland.com\/tr\/wp-json\/wp\/v2\/product_tag?post=44384"}],"curies":[{"name":"wp","href":"https:\/\/api.w.org\/{rel}","templated":true}]}}