{"id":44389,"date":"2023-03-06T13:00:15","date_gmt":"2023-03-06T12:00:15","guid":{"rendered":"https:\/\/naturalpoland.com\/produkty\/kategorilenmemis\/cordyceps\/"},"modified":"2025-12-22T11:57:47","modified_gmt":"2025-12-22T10:57:47","slug":"cordyceps","status":"publish","type":"product","link":"https:\/\/naturalpoland.com\/tr\/urunler\/farmasotik-hammaddeler\/mantar-ekstraktlari\/cordyceps\/","title":{"rendered":"Cordyceps"},"content":{"rendered":"<p><em>Cordyceps<\/em> t\u00fcr\u00fc mantarlarda mannitol, kordisepin, n\u00fckleozitler, ergosterol, aminofenol ve eser elementler gibi bir\u00e7ok aktif madde bulunur. Bu mantarlar geni\u015f tedavi edici etkilere sahiptir ve ba\u011f\u0131\u015f\u0131kl\u0131k d\u00fczenleyici \u00f6zellikleri kanser \u00f6nlemede, b\u00f6brek, karaci\u011fer ve kalp hastal\u0131klar\u0131n\u0131n \u00f6nlenmesinde \u00f6nemli rol oynar. <\/p>\n<p>\u00c7in Farmakopesi (2005), <em>Cordyceps<\/em> t\u00fcr\u00fc mantarlar\u0131n b\u00f6brek ve akci\u011fer fonksiyonlar\u0131n\u0131 olumlu etkiledi\u011fini belirtir. Ast\u0131ma ba\u011fl\u0131 inat\u00e7\u0131 \u00f6ks\u00fcr\u00fck tedavisinde kullan\u0131labilir. <\/p>\n<p>Do\u011fada <strong><em>Cordyceps sinensis<\/em><\/strong> (&#8220;t\u0131rt\u0131l mantar\u0131&#8221; olarak da bilinir) t\u0131rt\u0131llar \u00fczerinde parazit mantar olarak yeti\u015fir (Zhu, Halpern ve Jones, 1998a; Zhu ve di\u011f., 1998b) ve bu nedenle \u00e7ok nadir bulunur. <em>Cordyceps sinensis<\/em>&#8216;e benzer \u00f6zelliklere sahip <strong><em>Cordyceps militaris<\/em><\/strong>, sporcular taraf\u0131ndan tercih edilir &#8211; kan ak\u0131\u015f\u0131n\u0131 art\u0131r\u0131r, v\u00fccut h\u00fccrelerimizi daha iyi oksijenlendirerek sporda dayan\u0131kl\u0131l\u0131\u011f\u0131 art\u0131r\u0131r. Ayr\u0131ca do\u011fal bir antioksidan olarak i\u015flev g\u00f6r\u00fcr.  <\/p>\n<h2>Cordyceps sinensis \u00d6z\u00fct\u00fc<\/h2>\n<p>\u00d6z\u00fct, <em>Cordyceps sinensis<\/em> mantar\u0131n\u0131n meyve g\u00f6vdesinden elde edilir ve polisakarit i\u00e7eri\u011fi standartla\u015ft\u0131r\u0131lm\u0131\u015ft\u0131r. <strong>Polisakaritler<\/strong> ba\u011f\u0131\u015f\u0131kl\u0131k sistemini g\u00fc\u00e7lendirir ve yo\u011fun egzersiz sonras\u0131 v\u00fccudun toparlanmas\u0131na yard\u0131mc\u0131 olur. Bu mantar, geleneksel \u00c7in t\u0131bb\u0131nda b\u00f6brek ve akci\u011fer fonksiyonlar\u0131 \u00fczerindeki olumlu etkisiyle bilinir. \u00d6z\u00fct, sa\u011fl\u0131k \u00fcr\u00fcnleri ve besin takviyeleri i\u00e7in g\u00fcvenli ve etkili bir bile\u015fendir.   <\/p>\n<h2>Cordyceps \u00d6z\u00fct\u00fcn\u00fcn Faydalar\u0131<\/h2>\n<ol>\n<li>\u00d6z\u00fctteki polisakaritler sayesinde enfeksiyonlarla m\u00fccadelede v\u00fccuda yard\u0131mc\u0131 olarak ba\u011f\u0131\u015f\u0131kl\u0131k sistemini destekler<\/li>\n<li>Yorgunlu\u011fu azaltarak ve fiziksel egzersiz sonras\u0131 toparlanmaya yard\u0131mc\u0131 olarak genel v\u00fccut canl\u0131l\u0131\u011f\u0131n\u0131 destekler<\/li>\n<li>H\u00fccreleri serbest radikal hasar\u0131ndan korumaya yard\u0131mc\u0131 olur ve v\u00fccuttaki iltihaplanmay\u0131 azalt\u0131r.<\/li>\n<\/ol>\n<p>&nbsp;<\/p>\n","protected":false},"excerpt":{"rendered":"<p><strong>Cordyceps militaris<\/strong> veya <strong>Cordyceps sinensis<\/strong> mantarlar\u0131ndan elde edilen \u00f6z\u00fct, bu mantarlar\u0131n meyve g\u00f6vdelerinden elde edilir. Bu \u00f6z\u00fct polisakarit i\u00e7eri\u011fi a\u00e7\u0131s\u0131ndan standartla\u015ft\u0131r\u0131lm\u0131\u015ft\u0131r. \u00dcr\u00fcn ba\u011f\u0131\u015f\u0131kl\u0131k sistemini, bili\u015fsel i\u015flevleri ve genel v\u00fccut canl\u0131l\u0131\u011f\u0131n\u0131 destekleyici \u00f6zelliklere sahiptir. <\/p>\n","protected":false},"featured_media":44391,"template":"","meta":{"_acf_changed":false},"product_brand":[],"product_cat":[9541],"product_tag":[],"class_list":{"0":"post-44389","1":"product","2":"type-product","3":"status-publish","4":"has-post-thumbnail","6":"product_cat-mantar-ekstraktlari","7":"pa_czesc-rosliny-meyve-govdesi","8":"pa_skladnik-aktywny-polisakaritler","10":"first","11":"instock","12":"shipping-taxable","13":"product-type-simple"},"acf":[],"yoast_head":"<!-- This site is optimized with the Yoast SEO plugin v27.5 - https:\/\/yoast.com\/product\/yoast-seo-wordpress\/ -->\n<title>Cordyceps - NATURAL POLAND - Hurtowy Dystrybutor Surowc\u00f3w<\/title>\n<meta name=\"description\" content=\"Cordyceps mantar\u0131 \u00f6z\u00fct\u00fc, ba\u011f\u0131\u015f\u0131kl\u0131k sistemini, bili\u015fsel i\u015flevleri ve genel v\u00fccut canl\u0131l\u0131\u011f\u0131n\u0131 destekleyici \u00f6zelliklere sahiptir.\" \/>\n<meta name=\"robots\" content=\"index, follow, max-snippet:-1, max-image-preview:large, max-video-preview:-1\" \/>\n<link rel=\"canonical\" href=\"https:\/\/naturalpoland.com\/tr\/urunler\/farmasotik-hammaddeler\/mantar-ekstraktlari\/cordyceps\/\" \/>\n<meta property=\"og:locale\" content=\"tr_TR\" \/>\n<meta property=\"og:type\" content=\"article\" \/>\n<meta property=\"og:title\" content=\"Cordyceps - NATURAL POLAND - Hurtowy Dystrybutor Surowc\u00f3w\" \/>\n<meta property=\"og:description\" content=\"Cordyceps mantar\u0131 \u00f6z\u00fct\u00fc, ba\u011f\u0131\u015f\u0131kl\u0131k sistemini, bili\u015fsel i\u015flevleri ve genel v\u00fccut canl\u0131l\u0131\u011f\u0131n\u0131 destekleyici \u00f6zelliklere sahiptir.\" \/>\n<meta property=\"og:url\" content=\"https:\/\/naturalpoland.com\/tr\/urunler\/farmasotik-hammaddeler\/mantar-ekstraktlari\/cordyceps\/\" \/>\n<meta property=\"og:site_name\" content=\"NATURAL POLAND - Hurtowy Dystrybutor Surowc\u00f3w\" \/>\n<meta property=\"article:publisher\" content=\"https:\/\/www.facebook.com\/naturalpoland.b2b\" \/>\n<meta property=\"article:modified_time\" content=\"2025-12-22T10:57:47+00:00\" \/>\n<meta property=\"og:image\" content=\"https:\/\/naturalpoland.com\/wp-content\/uploads\/ekstrakt-z-cordyceps-sinensis.webp\" \/>\n\t<meta property=\"og:image:width\" content=\"614\" \/>\n\t<meta property=\"og:image:height\" content=\"614\" \/>\n\t<meta property=\"og:image:type\" content=\"image\/webp\" \/>\n<script type=\"application\/ld+json\" class=\"yoast-schema-graph\">{\"@context\":\"https:\\\/\\\/schema.org\",\"@graph\":[{\"@type\":\"WebPage\",\"@id\":\"https:\\\/\\\/naturalpoland.com\\\/tr\\\/urunler\\\/farmasotik-hammaddeler\\\/mantar-ekstraktlari\\\/cordyceps\\\/\",\"url\":\"https:\\\/\\\/naturalpoland.com\\\/tr\\\/urunler\\\/farmasotik-hammaddeler\\\/mantar-ekstraktlari\\\/cordyceps\\\/\",\"name\":\"Cordyceps - NATURAL POLAND - Hurtowy Dystrybutor Surowc\u00f3w\",\"isPartOf\":{\"@id\":\"https:\\\/\\\/naturalpoland.com\\\/tr\\\/#website\"},\"primaryImageOfPage\":{\"@id\":\"https:\\\/\\\/naturalpoland.com\\\/tr\\\/urunler\\\/farmasotik-hammaddeler\\\/mantar-ekstraktlari\\\/cordyceps\\\/#primaryimage\"},\"image\":{\"@id\":\"https:\\\/\\\/naturalpoland.com\\\/tr\\\/urunler\\\/farmasotik-hammaddeler\\\/mantar-ekstraktlari\\\/cordyceps\\\/#primaryimage\"},\"thumbnailUrl\":\"https:\\\/\\\/naturalpoland.com\\\/wp-content\\\/uploads\\\/ekstrakt-z-cordyceps-sinensis.webp\",\"datePublished\":\"2023-03-06T12:00:15+00:00\",\"dateModified\":\"2025-12-22T10:57:47+00:00\",\"description\":\"Cordyceps mantar\u0131 \u00f6z\u00fct\u00fc, ba\u011f\u0131\u015f\u0131kl\u0131k sistemini, bili\u015fsel i\u015flevleri ve genel v\u00fccut canl\u0131l\u0131\u011f\u0131n\u0131 destekleyici \u00f6zelliklere sahiptir.\",\"breadcrumb\":{\"@id\":\"https:\\\/\\\/naturalpoland.com\\\/tr\\\/urunler\\\/farmasotik-hammaddeler\\\/mantar-ekstraktlari\\\/cordyceps\\\/#breadcrumb\"},\"inLanguage\":\"tr\",\"potentialAction\":[{\"@type\":\"ReadAction\",\"target\":[\"https:\\\/\\\/naturalpoland.com\\\/tr\\\/urunler\\\/farmasotik-hammaddeler\\\/mantar-ekstraktlari\\\/cordyceps\\\/\"]}]},{\"@type\":\"ImageObject\",\"inLanguage\":\"tr\",\"@id\":\"https:\\\/\\\/naturalpoland.com\\\/tr\\\/urunler\\\/farmasotik-hammaddeler\\\/mantar-ekstraktlari\\\/cordyceps\\\/#primaryimage\",\"url\":\"https:\\\/\\\/naturalpoland.com\\\/wp-content\\\/uploads\\\/ekstrakt-z-cordyceps-sinensis.webp\",\"contentUrl\":\"https:\\\/\\\/naturalpoland.com\\\/wp-content\\\/uploads\\\/ekstrakt-z-cordyceps-sinensis.webp\",\"width\":614,\"height\":614,\"caption\":\"Cordyceps Sinensis \u00f6z\u00fct\u00fc\"},{\"@type\":\"BreadcrumbList\",\"@id\":\"https:\\\/\\\/naturalpoland.com\\\/tr\\\/urunler\\\/farmasotik-hammaddeler\\\/mantar-ekstraktlari\\\/cordyceps\\\/#breadcrumb\",\"itemListElement\":[{\"@type\":\"ListItem\",\"position\":1,\"name\":\"Ana Sayfa\",\"item\":\"https:\\\/\\\/naturalpoland.com\\\/tr\\\/\"},{\"@type\":\"ListItem\",\"position\":2,\"name\":\"\u00dcr\u00fcnler\",\"item\":\"https:\\\/\\\/naturalpoland.com\\\/tr\\\/urunler\\\/\"},{\"@type\":\"ListItem\",\"position\":3,\"name\":\"Cordyceps\"}]},{\"@type\":\"WebSite\",\"@id\":\"https:\\\/\\\/naturalpoland.com\\\/tr\\\/#website\",\"url\":\"https:\\\/\\\/naturalpoland.com\\\/tr\\\/\",\"name\":\"NATURAL POLAND - Hurtowy Dystrybutor Surowc\u00f3w\",\"description\":\"Surowce dla przemys\u0142u spo\u017cywczego, kosmetycznego i farmaceutycznego\",\"publisher\":{\"@id\":\"https:\\\/\\\/naturalpoland.com\\\/tr\\\/#organization\"},\"potentialAction\":[{\"@type\":\"SearchAction\",\"target\":{\"@type\":\"EntryPoint\",\"urlTemplate\":\"https:\\\/\\\/naturalpoland.com\\\/tr\\\/?s={search_term_string}\"},\"query-input\":{\"@type\":\"PropertyValueSpecification\",\"valueRequired\":true,\"valueName\":\"search_term_string\"}}],\"inLanguage\":\"tr\"},{\"@type\":\"Organization\",\"@id\":\"https:\\\/\\\/naturalpoland.com\\\/tr\\\/#organization\",\"name\":\"Natural Poland\",\"url\":\"https:\\\/\\\/naturalpoland.com\\\/tr\\\/\",\"logo\":{\"@type\":\"ImageObject\",\"inLanguage\":\"tr\",\"@id\":\"https:\\\/\\\/naturalpoland.com\\\/tr\\\/#\\\/schema\\\/logo\\\/image\\\/\",\"url\":\"https:\\\/\\\/naturalpoland.com\\\/wp-content\\\/uploads\\\/2021\\\/05\\\/natural-poland-icon.png\",\"contentUrl\":\"https:\\\/\\\/naturalpoland.com\\\/wp-content\\\/uploads\\\/2021\\\/05\\\/natural-poland-icon.png\",\"width\":512,\"height\":512,\"caption\":\"Natural Poland\"},\"image\":{\"@id\":\"https:\\\/\\\/naturalpoland.com\\\/tr\\\/#\\\/schema\\\/logo\\\/image\\\/\"},\"sameAs\":[\"https:\\\/\\\/www.facebook.com\\\/naturalpoland.b2b\",\"https:\\\/\\\/pl.linkedin.com\\\/company\\\/natural-poland\",\"https:\\\/\\\/www.youtube.com\\\/channel\\\/UCgeGGkvOMahZo-xu_MSEWxg\"]}]}<\/script>\n<!-- \/ Yoast SEO plugin. -->","yoast_head_json":{"title":"Cordyceps - NATURAL POLAND - Hurtowy Dystrybutor Surowc\u00f3w","description":"Cordyceps mantar\u0131 \u00f6z\u00fct\u00fc, ba\u011f\u0131\u015f\u0131kl\u0131k sistemini, bili\u015fsel i\u015flevleri ve genel v\u00fccut canl\u0131l\u0131\u011f\u0131n\u0131 destekleyici \u00f6zelliklere sahiptir.","robots":{"index":"index","follow":"follow","max-snippet":"max-snippet:-1","max-image-preview":"max-image-preview:large","max-video-preview":"max-video-preview:-1"},"canonical":"https:\/\/naturalpoland.com\/tr\/urunler\/farmasotik-hammaddeler\/mantar-ekstraktlari\/cordyceps\/","og_locale":"tr_TR","og_type":"article","og_title":"Cordyceps - NATURAL POLAND - Hurtowy Dystrybutor Surowc\u00f3w","og_description":"Cordyceps mantar\u0131 \u00f6z\u00fct\u00fc, ba\u011f\u0131\u015f\u0131kl\u0131k sistemini, bili\u015fsel i\u015flevleri ve genel v\u00fccut canl\u0131l\u0131\u011f\u0131n\u0131 destekleyici \u00f6zelliklere sahiptir.","og_url":"https:\/\/naturalpoland.com\/tr\/urunler\/farmasotik-hammaddeler\/mantar-ekstraktlari\/cordyceps\/","og_site_name":"NATURAL POLAND - Hurtowy Dystrybutor Surowc\u00f3w","article_publisher":"https:\/\/www.facebook.com\/naturalpoland.b2b","article_modified_time":"2025-12-22T10:57:47+00:00","og_image":[{"width":614,"height":614,"url":"https:\/\/naturalpoland.com\/wp-content\/uploads\/ekstrakt-z-cordyceps-sinensis.webp","type":"image\/webp"}],"schema":{"@context":"https:\/\/schema.org","@graph":[{"@type":"WebPage","@id":"https:\/\/naturalpoland.com\/tr\/urunler\/farmasotik-hammaddeler\/mantar-ekstraktlari\/cordyceps\/","url":"https:\/\/naturalpoland.com\/tr\/urunler\/farmasotik-hammaddeler\/mantar-ekstraktlari\/cordyceps\/","name":"Cordyceps - NATURAL POLAND - Hurtowy Dystrybutor Surowc\u00f3w","isPartOf":{"@id":"https:\/\/naturalpoland.com\/tr\/#website"},"primaryImageOfPage":{"@id":"https:\/\/naturalpoland.com\/tr\/urunler\/farmasotik-hammaddeler\/mantar-ekstraktlari\/cordyceps\/#primaryimage"},"image":{"@id":"https:\/\/naturalpoland.com\/tr\/urunler\/farmasotik-hammaddeler\/mantar-ekstraktlari\/cordyceps\/#primaryimage"},"thumbnailUrl":"https:\/\/naturalpoland.com\/wp-content\/uploads\/ekstrakt-z-cordyceps-sinensis.webp","datePublished":"2023-03-06T12:00:15+00:00","dateModified":"2025-12-22T10:57:47+00:00","description":"Cordyceps mantar\u0131 \u00f6z\u00fct\u00fc, ba\u011f\u0131\u015f\u0131kl\u0131k sistemini, bili\u015fsel i\u015flevleri ve genel v\u00fccut canl\u0131l\u0131\u011f\u0131n\u0131 destekleyici \u00f6zelliklere sahiptir.","breadcrumb":{"@id":"https:\/\/naturalpoland.com\/tr\/urunler\/farmasotik-hammaddeler\/mantar-ekstraktlari\/cordyceps\/#breadcrumb"},"inLanguage":"tr","potentialAction":[{"@type":"ReadAction","target":["https:\/\/naturalpoland.com\/tr\/urunler\/farmasotik-hammaddeler\/mantar-ekstraktlari\/cordyceps\/"]}]},{"@type":"ImageObject","inLanguage":"tr","@id":"https:\/\/naturalpoland.com\/tr\/urunler\/farmasotik-hammaddeler\/mantar-ekstraktlari\/cordyceps\/#primaryimage","url":"https:\/\/naturalpoland.com\/wp-content\/uploads\/ekstrakt-z-cordyceps-sinensis.webp","contentUrl":"https:\/\/naturalpoland.com\/wp-content\/uploads\/ekstrakt-z-cordyceps-sinensis.webp","width":614,"height":614,"caption":"Cordyceps Sinensis \u00f6z\u00fct\u00fc"},{"@type":"BreadcrumbList","@id":"https:\/\/naturalpoland.com\/tr\/urunler\/farmasotik-hammaddeler\/mantar-ekstraktlari\/cordyceps\/#breadcrumb","itemListElement":[{"@type":"ListItem","position":1,"name":"Ana Sayfa","item":"https:\/\/naturalpoland.com\/tr\/"},{"@type":"ListItem","position":2,"name":"\u00dcr\u00fcnler","item":"https:\/\/naturalpoland.com\/tr\/urunler\/"},{"@type":"ListItem","position":3,"name":"Cordyceps"}]},{"@type":"WebSite","@id":"https:\/\/naturalpoland.com\/tr\/#website","url":"https:\/\/naturalpoland.com\/tr\/","name":"NATURAL POLAND - Hurtowy Dystrybutor Surowc\u00f3w","description":"Surowce dla przemys\u0142u spo\u017cywczego, kosmetycznego i farmaceutycznego","publisher":{"@id":"https:\/\/naturalpoland.com\/tr\/#organization"},"potentialAction":[{"@type":"SearchAction","target":{"@type":"EntryPoint","urlTemplate":"https:\/\/naturalpoland.com\/tr\/?s={search_term_string}"},"query-input":{"@type":"PropertyValueSpecification","valueRequired":true,"valueName":"search_term_string"}}],"inLanguage":"tr"},{"@type":"Organization","@id":"https:\/\/naturalpoland.com\/tr\/#organization","name":"Natural Poland","url":"https:\/\/naturalpoland.com\/tr\/","logo":{"@type":"ImageObject","inLanguage":"tr","@id":"https:\/\/naturalpoland.com\/tr\/#\/schema\/logo\/image\/","url":"https:\/\/naturalpoland.com\/wp-content\/uploads\/2021\/05\/natural-poland-icon.png","contentUrl":"https:\/\/naturalpoland.com\/wp-content\/uploads\/2021\/05\/natural-poland-icon.png","width":512,"height":512,"caption":"Natural Poland"},"image":{"@id":"https:\/\/naturalpoland.com\/tr\/#\/schema\/logo\/image\/"},"sameAs":["https:\/\/www.facebook.com\/naturalpoland.b2b","https:\/\/pl.linkedin.com\/company\/natural-poland","https:\/\/www.youtube.com\/channel\/UCgeGGkvOMahZo-xu_MSEWxg"]}]}},"_links":{"self":[{"href":"https:\/\/naturalpoland.com\/tr\/wp-json\/wp\/v2\/product\/44389","targetHints":{"allow":["GET"]}}],"collection":[{"href":"https:\/\/naturalpoland.com\/tr\/wp-json\/wp\/v2\/product"}],"about":[{"href":"https:\/\/naturalpoland.com\/tr\/wp-json\/wp\/v2\/types\/product"}],"wp:featuredmedia":[{"embeddable":true,"href":"https:\/\/naturalpoland.com\/tr\/wp-json\/wp\/v2\/media\/44391"}],"wp:attachment":[{"href":"https:\/\/naturalpoland.com\/tr\/wp-json\/wp\/v2\/media?parent=44389"}],"wp:term":[{"taxonomy":"product_brand","embeddable":true,"href":"https:\/\/naturalpoland.com\/tr\/wp-json\/wp\/v2\/product_brand?post=44389"},{"taxonomy":"product_cat","embeddable":true,"href":"https:\/\/naturalpoland.com\/tr\/wp-json\/wp\/v2\/product_cat?post=44389"},{"taxonomy":"product_tag","embeddable":true,"href":"https:\/\/naturalpoland.com\/tr\/wp-json\/wp\/v2\/product_tag?post=44389"}],"curies":[{"name":"wp","href":"https:\/\/api.w.org\/{rel}","templated":true}]}}