{"id":44412,"date":"2021-11-18T11:19:52","date_gmt":"2021-11-18T10:19:52","guid":{"rendered":"https:\/\/naturalpoland.com\/produkty\/kategorilenmemis\/gama-orizanol\/"},"modified":"2025-12-22T12:01:51","modified_gmt":"2025-12-22T11:01:51","slug":"gama-orizanol","status":"publish","type":"product","link":"https:\/\/naturalpoland.com\/tr\/urunler\/gida-hammaddeleri\/uretim-hammaddeleri\/gama-orizanol\/","title":{"rendered":"Gama Orizanol"},"content":{"rendered":"<h3>G\u0131da ve ila\u00e7 end\u00fcstrisinde kullan\u0131m\u0131:<\/h3>\n<p>Gama orizanol kolesterol emilimine kat\u0131l\u0131r, lipid metabolizmas\u0131n\u0131 etkiler, aterosklerotik plak olu\u015fumunu \u00f6nler, metabolik bozukluklar\u0131 hafifletir ve obezitenin v\u00fccut \u00fczerindeki olumsuz etkilerini azaltabilir. Bu bile\u015fik antioksidan potansiyeli g\u00f6sterir ve cinsiyet hormonlar\u0131n\u0131n seviyesini etkiler. Menopoz semptomlar\u0131n\u0131n tedavisinde etkilidir. Bu kompleksin \u00f6nemli bir etkisi de sporculara destek sa\u011flamas\u0131d\u0131r.   <\/p>\n<p><strong>Spor:<\/strong><\/p>\n<p>\u00d6zellikleri sayesinde fiziksel egzersizin neden oldu\u011fu kas mikro hasarlar\u0131n\u0131 azaltabilir. Rejenerasyonu h\u0131zland\u0131r\u0131r ve kas g\u00fcc\u00fcn\u00fc art\u0131rabilir, ayr\u0131ca iskelet kaslar\u0131n\u0131n onar\u0131m s\u00fcrecini etkiler. Genel sa\u011fl\u0131k durumunu ve zihinsel ve fiziksel kondisyonu olumlu etkiledi\u011fi g\u00f6zlemlenmi\u015ftir.  <\/p>\n<h3>Kozmetik end\u00fcstrisinde kullan\u0131m\u0131:<\/h3>\n<p>Gama orizanol antioksidanlar grubuna aittir, yani serbest oksijen radikallerini yakalar ve miktar\u0131n\u0131 azalt\u0131r. Hassas, olgun ve alerjik cilt bak\u0131m\u0131nda etkilidir. Bu madde kokusuzdur ve tahri\u015fe neden olmaz. G\u00fcnl\u00fck bak\u0131m \u00fcr\u00fcnlerinde kullan\u0131l\u0131r.   <\/p>\n","protected":false},"excerpt":{"rendered":"<p>Gama orizanolun toptan da\u011f\u0131t\u0131c\u0131s\u0131y\u0131z ve y\u00fcksek kaliteli \u00fcr\u00fcne sahibiz. <b>Gama Orizanol<\/b>, pirin\u00e7 kepe\u011finden elde edilen bir maddedir ve en \u00e7ok renkli pirin\u00e7te bulunur. Fitosterollerin, ferulik asidin ve di\u011fer organik bile\u015fiklerin bir kompleksidir. Uzmanlar taraf\u0131ndan yap\u0131lan ara\u015ft\u0131rmalarda, kullan\u0131m\u0131nda \u00f6nemli yan etkiler g\u00f6zlenmemi\u015ftir.  <\/p>\n","protected":false},"featured_media":44414,"template":"","meta":{"_acf_changed":false},"product_brand":[],"product_cat":[9540,9557,9572],"product_tag":[],"class_list":{"0":"post-44412","1":"product","2":"type-product","3":"status-publish","4":"has-post-thumbnail","6":"product_cat-takviye-edici-gida-bilesenleri","7":"product_cat-kozmetik-hammaddeleri-2","8":"product_cat-uretim-hammaddeleri","10":"first","11":"instock","12":"shipping-taxable","13":"product-type-simple"},"acf":[],"yoast_head":"<!-- This site is optimized with the Yoast SEO plugin v27.5 - https:\/\/yoast.com\/product\/yoast-seo-wordpress\/ -->\n<title>Gama Orizanol - Hurtowy Dystrybutor<\/title>\n<meta name=\"description\" content=\"Gama orizanol, g\u0131da ve kozmetik end\u00fcstrisi i\u00e7in geli\u015fmi\u015f bir fitosterol, ferulik asit ve di\u011fer de\u011ferli organik bile\u015fikler kompleksidir.\" \/>\n<meta name=\"robots\" content=\"index, follow, max-snippet:-1, max-image-preview:large, max-video-preview:-1\" \/>\n<link rel=\"canonical\" href=\"https:\/\/naturalpoland.com\/tr\/urunler\/gida-hammaddeleri\/uretim-hammaddeleri\/gama-orizanol\/\" \/>\n<meta property=\"og:locale\" content=\"tr_TR\" \/>\n<meta property=\"og:type\" content=\"article\" \/>\n<meta property=\"og:title\" content=\"Gama Orizanol - Hurtowy Dystrybutor\" \/>\n<meta property=\"og:description\" content=\"Gama orizanol, g\u0131da ve kozmetik end\u00fcstrisi i\u00e7in geli\u015fmi\u015f bir fitosterol, ferulik asit ve di\u011fer de\u011ferli organik bile\u015fikler kompleksidir.\" \/>\n<meta property=\"og:url\" content=\"https:\/\/naturalpoland.com\/tr\/urunler\/gida-hammaddeleri\/uretim-hammaddeleri\/gama-orizanol\/\" \/>\n<meta property=\"og:site_name\" content=\"NATURAL POLAND - Hurtowy Dystrybutor Surowc\u00f3w\" \/>\n<meta property=\"article:publisher\" content=\"https:\/\/www.facebook.com\/naturalpoland.b2b\" \/>\n<meta property=\"article:modified_time\" content=\"2025-12-22T11:01:51+00:00\" \/>\n<meta property=\"og:image\" content=\"https:\/\/naturalpoland.com\/wp-content\/uploads\/gamma-oryzanol.webp\" \/>\n\t<meta property=\"og:image:width\" content=\"618\" \/>\n\t<meta property=\"og:image:height\" content=\"618\" \/>\n\t<meta property=\"og:image:type\" content=\"image\/webp\" \/>\n<script type=\"application\/ld+json\" class=\"yoast-schema-graph\">{\"@context\":\"https:\\\/\\\/schema.org\",\"@graph\":[{\"@type\":\"WebPage\",\"@id\":\"https:\\\/\\\/naturalpoland.com\\\/tr\\\/urunler\\\/gida-hammaddeleri\\\/uretim-hammaddeleri\\\/gama-orizanol\\\/\",\"url\":\"https:\\\/\\\/naturalpoland.com\\\/tr\\\/urunler\\\/gida-hammaddeleri\\\/uretim-hammaddeleri\\\/gama-orizanol\\\/\",\"name\":\"Gama Orizanol - Hurtowy Dystrybutor\",\"isPartOf\":{\"@id\":\"https:\\\/\\\/naturalpoland.com\\\/tr\\\/#website\"},\"primaryImageOfPage\":{\"@id\":\"https:\\\/\\\/naturalpoland.com\\\/tr\\\/urunler\\\/gida-hammaddeleri\\\/uretim-hammaddeleri\\\/gama-orizanol\\\/#primaryimage\"},\"image\":{\"@id\":\"https:\\\/\\\/naturalpoland.com\\\/tr\\\/urunler\\\/gida-hammaddeleri\\\/uretim-hammaddeleri\\\/gama-orizanol\\\/#primaryimage\"},\"thumbnailUrl\":\"https:\\\/\\\/naturalpoland.com\\\/wp-content\\\/uploads\\\/gamma-oryzanol.webp\",\"datePublished\":\"2021-11-18T10:19:52+00:00\",\"dateModified\":\"2025-12-22T11:01:51+00:00\",\"description\":\"Gama orizanol, g\u0131da ve kozmetik end\u00fcstrisi i\u00e7in geli\u015fmi\u015f bir fitosterol, ferulik asit ve di\u011fer de\u011ferli organik bile\u015fikler kompleksidir.\",\"breadcrumb\":{\"@id\":\"https:\\\/\\\/naturalpoland.com\\\/tr\\\/urunler\\\/gida-hammaddeleri\\\/uretim-hammaddeleri\\\/gama-orizanol\\\/#breadcrumb\"},\"inLanguage\":\"tr\",\"potentialAction\":[{\"@type\":\"ReadAction\",\"target\":[\"https:\\\/\\\/naturalpoland.com\\\/tr\\\/urunler\\\/gida-hammaddeleri\\\/uretim-hammaddeleri\\\/gama-orizanol\\\/\"]}]},{\"@type\":\"ImageObject\",\"inLanguage\":\"tr\",\"@id\":\"https:\\\/\\\/naturalpoland.com\\\/tr\\\/urunler\\\/gida-hammaddeleri\\\/uretim-hammaddeleri\\\/gama-orizanol\\\/#primaryimage\",\"url\":\"https:\\\/\\\/naturalpoland.com\\\/wp-content\\\/uploads\\\/gamma-oryzanol.webp\",\"contentUrl\":\"https:\\\/\\\/naturalpoland.com\\\/wp-content\\\/uploads\\\/gamma-oryzanol.webp\",\"width\":618,\"height\":618,\"caption\":\"Gama Orizanol\"},{\"@type\":\"BreadcrumbList\",\"@id\":\"https:\\\/\\\/naturalpoland.com\\\/tr\\\/urunler\\\/gida-hammaddeleri\\\/uretim-hammaddeleri\\\/gama-orizanol\\\/#breadcrumb\",\"itemListElement\":[{\"@type\":\"ListItem\",\"position\":1,\"name\":\"Ana Sayfa\",\"item\":\"https:\\\/\\\/naturalpoland.com\\\/tr\\\/\"},{\"@type\":\"ListItem\",\"position\":2,\"name\":\"\u00dcr\u00fcnler\",\"item\":\"https:\\\/\\\/naturalpoland.com\\\/tr\\\/urunler\\\/\"},{\"@type\":\"ListItem\",\"position\":3,\"name\":\"Gama Orizanol\"}]},{\"@type\":\"WebSite\",\"@id\":\"https:\\\/\\\/naturalpoland.com\\\/tr\\\/#website\",\"url\":\"https:\\\/\\\/naturalpoland.com\\\/tr\\\/\",\"name\":\"NATURAL POLAND - Hurtowy Dystrybutor Surowc\u00f3w\",\"description\":\"Surowce dla przemys\u0142u spo\u017cywczego, kosmetycznego i farmaceutycznego\",\"publisher\":{\"@id\":\"https:\\\/\\\/naturalpoland.com\\\/tr\\\/#organization\"},\"potentialAction\":[{\"@type\":\"SearchAction\",\"target\":{\"@type\":\"EntryPoint\",\"urlTemplate\":\"https:\\\/\\\/naturalpoland.com\\\/tr\\\/?s={search_term_string}\"},\"query-input\":{\"@type\":\"PropertyValueSpecification\",\"valueRequired\":true,\"valueName\":\"search_term_string\"}}],\"inLanguage\":\"tr\"},{\"@type\":\"Organization\",\"@id\":\"https:\\\/\\\/naturalpoland.com\\\/tr\\\/#organization\",\"name\":\"Natural Poland\",\"url\":\"https:\\\/\\\/naturalpoland.com\\\/tr\\\/\",\"logo\":{\"@type\":\"ImageObject\",\"inLanguage\":\"tr\",\"@id\":\"https:\\\/\\\/naturalpoland.com\\\/tr\\\/#\\\/schema\\\/logo\\\/image\\\/\",\"url\":\"https:\\\/\\\/naturalpoland.com\\\/wp-content\\\/uploads\\\/2021\\\/05\\\/natural-poland-icon.png\",\"contentUrl\":\"https:\\\/\\\/naturalpoland.com\\\/wp-content\\\/uploads\\\/2021\\\/05\\\/natural-poland-icon.png\",\"width\":512,\"height\":512,\"caption\":\"Natural Poland\"},\"image\":{\"@id\":\"https:\\\/\\\/naturalpoland.com\\\/tr\\\/#\\\/schema\\\/logo\\\/image\\\/\"},\"sameAs\":[\"https:\\\/\\\/www.facebook.com\\\/naturalpoland.b2b\",\"https:\\\/\\\/pl.linkedin.com\\\/company\\\/natural-poland\",\"https:\\\/\\\/www.youtube.com\\\/channel\\\/UCgeGGkvOMahZo-xu_MSEWxg\"]}]}<\/script>\n<!-- \/ Yoast SEO plugin. -->","yoast_head_json":{"title":"Gama Orizanol - Hurtowy Dystrybutor","description":"Gama orizanol, g\u0131da ve kozmetik end\u00fcstrisi i\u00e7in geli\u015fmi\u015f bir fitosterol, ferulik asit ve di\u011fer de\u011ferli organik bile\u015fikler kompleksidir.","robots":{"index":"index","follow":"follow","max-snippet":"max-snippet:-1","max-image-preview":"max-image-preview:large","max-video-preview":"max-video-preview:-1"},"canonical":"https:\/\/naturalpoland.com\/tr\/urunler\/gida-hammaddeleri\/uretim-hammaddeleri\/gama-orizanol\/","og_locale":"tr_TR","og_type":"article","og_title":"Gama Orizanol - Hurtowy Dystrybutor","og_description":"Gama orizanol, g\u0131da ve kozmetik end\u00fcstrisi i\u00e7in geli\u015fmi\u015f bir fitosterol, ferulik asit ve di\u011fer de\u011ferli organik bile\u015fikler kompleksidir.","og_url":"https:\/\/naturalpoland.com\/tr\/urunler\/gida-hammaddeleri\/uretim-hammaddeleri\/gama-orizanol\/","og_site_name":"NATURAL POLAND - Hurtowy Dystrybutor Surowc\u00f3w","article_publisher":"https:\/\/www.facebook.com\/naturalpoland.b2b","article_modified_time":"2025-12-22T11:01:51+00:00","og_image":[{"width":618,"height":618,"url":"https:\/\/naturalpoland.com\/wp-content\/uploads\/gamma-oryzanol.webp","type":"image\/webp"}],"schema":{"@context":"https:\/\/schema.org","@graph":[{"@type":"WebPage","@id":"https:\/\/naturalpoland.com\/tr\/urunler\/gida-hammaddeleri\/uretim-hammaddeleri\/gama-orizanol\/","url":"https:\/\/naturalpoland.com\/tr\/urunler\/gida-hammaddeleri\/uretim-hammaddeleri\/gama-orizanol\/","name":"Gama Orizanol - Hurtowy Dystrybutor","isPartOf":{"@id":"https:\/\/naturalpoland.com\/tr\/#website"},"primaryImageOfPage":{"@id":"https:\/\/naturalpoland.com\/tr\/urunler\/gida-hammaddeleri\/uretim-hammaddeleri\/gama-orizanol\/#primaryimage"},"image":{"@id":"https:\/\/naturalpoland.com\/tr\/urunler\/gida-hammaddeleri\/uretim-hammaddeleri\/gama-orizanol\/#primaryimage"},"thumbnailUrl":"https:\/\/naturalpoland.com\/wp-content\/uploads\/gamma-oryzanol.webp","datePublished":"2021-11-18T10:19:52+00:00","dateModified":"2025-12-22T11:01:51+00:00","description":"Gama orizanol, g\u0131da ve kozmetik end\u00fcstrisi i\u00e7in geli\u015fmi\u015f bir fitosterol, ferulik asit ve di\u011fer de\u011ferli organik bile\u015fikler kompleksidir.","breadcrumb":{"@id":"https:\/\/naturalpoland.com\/tr\/urunler\/gida-hammaddeleri\/uretim-hammaddeleri\/gama-orizanol\/#breadcrumb"},"inLanguage":"tr","potentialAction":[{"@type":"ReadAction","target":["https:\/\/naturalpoland.com\/tr\/urunler\/gida-hammaddeleri\/uretim-hammaddeleri\/gama-orizanol\/"]}]},{"@type":"ImageObject","inLanguage":"tr","@id":"https:\/\/naturalpoland.com\/tr\/urunler\/gida-hammaddeleri\/uretim-hammaddeleri\/gama-orizanol\/#primaryimage","url":"https:\/\/naturalpoland.com\/wp-content\/uploads\/gamma-oryzanol.webp","contentUrl":"https:\/\/naturalpoland.com\/wp-content\/uploads\/gamma-oryzanol.webp","width":618,"height":618,"caption":"Gama Orizanol"},{"@type":"BreadcrumbList","@id":"https:\/\/naturalpoland.com\/tr\/urunler\/gida-hammaddeleri\/uretim-hammaddeleri\/gama-orizanol\/#breadcrumb","itemListElement":[{"@type":"ListItem","position":1,"name":"Ana Sayfa","item":"https:\/\/naturalpoland.com\/tr\/"},{"@type":"ListItem","position":2,"name":"\u00dcr\u00fcnler","item":"https:\/\/naturalpoland.com\/tr\/urunler\/"},{"@type":"ListItem","position":3,"name":"Gama Orizanol"}]},{"@type":"WebSite","@id":"https:\/\/naturalpoland.com\/tr\/#website","url":"https:\/\/naturalpoland.com\/tr\/","name":"NATURAL POLAND - Hurtowy Dystrybutor Surowc\u00f3w","description":"Surowce dla przemys\u0142u spo\u017cywczego, kosmetycznego i farmaceutycznego","publisher":{"@id":"https:\/\/naturalpoland.com\/tr\/#organization"},"potentialAction":[{"@type":"SearchAction","target":{"@type":"EntryPoint","urlTemplate":"https:\/\/naturalpoland.com\/tr\/?s={search_term_string}"},"query-input":{"@type":"PropertyValueSpecification","valueRequired":true,"valueName":"search_term_string"}}],"inLanguage":"tr"},{"@type":"Organization","@id":"https:\/\/naturalpoland.com\/tr\/#organization","name":"Natural Poland","url":"https:\/\/naturalpoland.com\/tr\/","logo":{"@type":"ImageObject","inLanguage":"tr","@id":"https:\/\/naturalpoland.com\/tr\/#\/schema\/logo\/image\/","url":"https:\/\/naturalpoland.com\/wp-content\/uploads\/2021\/05\/natural-poland-icon.png","contentUrl":"https:\/\/naturalpoland.com\/wp-content\/uploads\/2021\/05\/natural-poland-icon.png","width":512,"height":512,"caption":"Natural Poland"},"image":{"@id":"https:\/\/naturalpoland.com\/tr\/#\/schema\/logo\/image\/"},"sameAs":["https:\/\/www.facebook.com\/naturalpoland.b2b","https:\/\/pl.linkedin.com\/company\/natural-poland","https:\/\/www.youtube.com\/channel\/UCgeGGkvOMahZo-xu_MSEWxg"]}]}},"_links":{"self":[{"href":"https:\/\/naturalpoland.com\/tr\/wp-json\/wp\/v2\/product\/44412","targetHints":{"allow":["GET"]}}],"collection":[{"href":"https:\/\/naturalpoland.com\/tr\/wp-json\/wp\/v2\/product"}],"about":[{"href":"https:\/\/naturalpoland.com\/tr\/wp-json\/wp\/v2\/types\/product"}],"wp:featuredmedia":[{"embeddable":true,"href":"https:\/\/naturalpoland.com\/tr\/wp-json\/wp\/v2\/media\/44414"}],"wp:attachment":[{"href":"https:\/\/naturalpoland.com\/tr\/wp-json\/wp\/v2\/media?parent=44412"}],"wp:term":[{"taxonomy":"product_brand","embeddable":true,"href":"https:\/\/naturalpoland.com\/tr\/wp-json\/wp\/v2\/product_brand?post=44412"},{"taxonomy":"product_cat","embeddable":true,"href":"https:\/\/naturalpoland.com\/tr\/wp-json\/wp\/v2\/product_cat?post=44412"},{"taxonomy":"product_tag","embeddable":true,"href":"https:\/\/naturalpoland.com\/tr\/wp-json\/wp\/v2\/product_tag?post=44412"}],"curies":[{"name":"wp","href":"https:\/\/api.w.org\/{rel}","templated":true}]}}