{"id":44417,"date":"2023-10-26T13:16:46","date_gmt":"2023-10-26T11:16:46","guid":{"rendered":"https:\/\/naturalpoland.com\/produkty\/kategorilenmemis\/pepsin-ec-3-4-23-1\/"},"modified":"2025-12-22T12:02:28","modified_gmt":"2025-12-22T11:02:28","slug":"pepsin-ec-3-4-23-1","status":"publish","type":"product","link":"https:\/\/naturalpoland.com\/tr\/urunler\/gida-hammaddeleri\/enzimler\/sut-endustrisi-enzimleri\/pepsin-ec-3-4-23-1\/","title":{"rendered":"Pepsin EC 3.4.23.1"},"content":{"rendered":"<h3>K\u00f6ken:<\/h3>\n<ul>\n<li><strong>Bakteri su\u015flar\u0131:<\/strong> <em>Lactobacillus, Bifidobacterium, Bacillus<\/em><\/li>\n<\/ul>\n<h3>Pepsinin etkisi:<\/h3>\n<ul>\n<li><strong>Protein par\u00e7alanmas\u0131:<\/strong> Pepsin, proteinleri suda \u00e7\u00f6z\u00fcn\u00fcr par\u00e7alar olan peptonlara ay\u0131rarak etki eder. Bu etki, s\u00fct teknolojisindeki bir\u00e7ok s\u00fcre\u00e7 i\u00e7in \u00e7ok \u00f6nemlidir. <\/li>\n<\/ul>\n<h3>Kullan\u0131m alanlar\u0131:<\/h3>\n<ul>\n<li><strong>Peynir olgunla\u015fmas\u0131:<\/strong> Pepsin, sert ve yar\u0131 sert peynirlerin olgunla\u015fma s\u00fcrecinde vazge\u00e7ilmezdir. Etkisi sayesinde peynirler istenen dokuya ve benzersiz aromaya ula\u015f\u0131r. <\/li>\n<li><strong>S\u00fct\u00fcn p\u0131ht\u0131la\u015fmas\u0131:<\/strong> Peynir \u00fcretiminde bu enzim, s\u00fct\u00fcn p\u0131ht\u0131la\u015fma s\u00fcrecini h\u0131zland\u0131r\u0131r ve optimize eder, ideal k\u0131vamda bir \u00fcr\u00fcn elde edilmesini sa\u011flar.<\/li>\n<\/ul>\n<p>Etkinli\u011fi ve spesifik etkisi sayesinde pepsin EC 3.4.23.1, s\u00fct end\u00fcstrisindeki en \u00f6nemli enzimlerden biri haline gelmi\u015f, e\u015fsiz tat ve dokuya sahip y\u00fcksek kaliteli \u00fcr\u00fcnlerin \u00fcretimini garanti etmektedir.<\/p>\n","protected":false},"excerpt":{"rendered":"<p><strong>Pepsin<\/strong> <strong>EC 3.4.23.1<\/strong> kodu ile, s\u00fct end\u00fcstrisinde vazge\u00e7ilmez bir rol oynayan spesifik etkili proteolitik bir enzimdir. Se\u00e7ilmi\u015f bakteri su\u015flar\u0131ndan izole edilmi\u015f olup, y\u00fcksek kaliteli s\u00fct \u00fcr\u00fcnleri elde etmenin anahtar\u0131d\u0131r. <\/p>\n","protected":false},"featured_media":44419,"template":"","meta":{"_acf_changed":false},"product_brand":[],"product_cat":[9569],"product_tag":[],"class_list":{"0":"post-44417","1":"product","2":"type-product","3":"status-publish","4":"has-post-thumbnail","6":"product_cat-sut-endustrisi-enzimleri","8":"first","9":"instock","10":"shipping-taxable","11":"product-type-simple"},"acf":[],"yoast_head":"<!-- This site is optimized with the Yoast SEO plugin v27.5 - https:\/\/yoast.com\/product\/yoast-seo-wordpress\/ -->\n<title>Pepsin EC 3.4.23.1 - Hurtowy Dystrybutor<\/title>\n<meta name=\"description\" content=\"Pepsin, s\u00fct end\u00fcstrisindeki en \u00f6nemli enzimlerden biridir ve e\u015fsiz tat ve dokuya sahip y\u00fcksek kaliteli \u00fcr\u00fcnlerin \u00fcretimini garanti eder.\" \/>\n<meta name=\"robots\" content=\"index, follow, max-snippet:-1, max-image-preview:large, max-video-preview:-1\" \/>\n<link rel=\"canonical\" href=\"https:\/\/naturalpoland.com\/tr\/urunler\/gida-hammaddeleri\/enzimler\/sut-endustrisi-enzimleri\/pepsin-ec-3-4-23-1\/\" \/>\n<meta property=\"og:locale\" content=\"tr_TR\" \/>\n<meta property=\"og:type\" content=\"article\" \/>\n<meta property=\"og:title\" content=\"Pepsin EC 3.4.23.1 - Hurtowy Dystrybutor\" \/>\n<meta property=\"og:description\" content=\"Pepsin, s\u00fct end\u00fcstrisindeki en \u00f6nemli enzimlerden biridir ve e\u015fsiz tat ve dokuya sahip y\u00fcksek kaliteli \u00fcr\u00fcnlerin \u00fcretimini garanti eder.\" \/>\n<meta property=\"og:url\" content=\"https:\/\/naturalpoland.com\/tr\/urunler\/gida-hammaddeleri\/enzimler\/sut-endustrisi-enzimleri\/pepsin-ec-3-4-23-1\/\" \/>\n<meta property=\"og:site_name\" content=\"NATURAL POLAND - Hurtowy Dystrybutor Surowc\u00f3w\" \/>\n<meta property=\"article:publisher\" content=\"https:\/\/www.facebook.com\/naturalpoland.b2b\" \/>\n<meta property=\"article:modified_time\" content=\"2025-12-22T11:02:28+00:00\" \/>\n<meta property=\"og:image\" content=\"https:\/\/naturalpoland.com\/wp-content\/uploads\/pepsyna.jpg\" \/>\n\t<meta property=\"og:image:width\" content=\"650\" \/>\n\t<meta property=\"og:image:height\" content=\"650\" \/>\n\t<meta property=\"og:image:type\" content=\"image\/jpeg\" \/>\n<script type=\"application\/ld+json\" class=\"yoast-schema-graph\">{\"@context\":\"https:\\\/\\\/schema.org\",\"@graph\":[{\"@type\":\"WebPage\",\"@id\":\"https:\\\/\\\/naturalpoland.com\\\/tr\\\/urunler\\\/gida-hammaddeleri\\\/enzimler\\\/sut-endustrisi-enzimleri\\\/pepsin-ec-3-4-23-1\\\/\",\"url\":\"https:\\\/\\\/naturalpoland.com\\\/tr\\\/urunler\\\/gida-hammaddeleri\\\/enzimler\\\/sut-endustrisi-enzimleri\\\/pepsin-ec-3-4-23-1\\\/\",\"name\":\"Pepsin EC 3.4.23.1 - Hurtowy Dystrybutor\",\"isPartOf\":{\"@id\":\"https:\\\/\\\/naturalpoland.com\\\/tr\\\/#website\"},\"primaryImageOfPage\":{\"@id\":\"https:\\\/\\\/naturalpoland.com\\\/tr\\\/urunler\\\/gida-hammaddeleri\\\/enzimler\\\/sut-endustrisi-enzimleri\\\/pepsin-ec-3-4-23-1\\\/#primaryimage\"},\"image\":{\"@id\":\"https:\\\/\\\/naturalpoland.com\\\/tr\\\/urunler\\\/gida-hammaddeleri\\\/enzimler\\\/sut-endustrisi-enzimleri\\\/pepsin-ec-3-4-23-1\\\/#primaryimage\"},\"thumbnailUrl\":\"https:\\\/\\\/naturalpoland.com\\\/wp-content\\\/uploads\\\/pepsyna.jpg\",\"datePublished\":\"2023-10-26T11:16:46+00:00\",\"dateModified\":\"2025-12-22T11:02:28+00:00\",\"description\":\"Pepsin, s\u00fct end\u00fcstrisindeki en \u00f6nemli enzimlerden biridir ve e\u015fsiz tat ve dokuya sahip y\u00fcksek kaliteli \u00fcr\u00fcnlerin \u00fcretimini garanti eder.\",\"breadcrumb\":{\"@id\":\"https:\\\/\\\/naturalpoland.com\\\/tr\\\/urunler\\\/gida-hammaddeleri\\\/enzimler\\\/sut-endustrisi-enzimleri\\\/pepsin-ec-3-4-23-1\\\/#breadcrumb\"},\"inLanguage\":\"tr\",\"potentialAction\":[{\"@type\":\"ReadAction\",\"target\":[\"https:\\\/\\\/naturalpoland.com\\\/tr\\\/urunler\\\/gida-hammaddeleri\\\/enzimler\\\/sut-endustrisi-enzimleri\\\/pepsin-ec-3-4-23-1\\\/\"]}]},{\"@type\":\"ImageObject\",\"inLanguage\":\"tr\",\"@id\":\"https:\\\/\\\/naturalpoland.com\\\/tr\\\/urunler\\\/gida-hammaddeleri\\\/enzimler\\\/sut-endustrisi-enzimleri\\\/pepsin-ec-3-4-23-1\\\/#primaryimage\",\"url\":\"https:\\\/\\\/naturalpoland.com\\\/wp-content\\\/uploads\\\/pepsyna.jpg\",\"contentUrl\":\"https:\\\/\\\/naturalpoland.com\\\/wp-content\\\/uploads\\\/pepsyna.jpg\",\"width\":650,\"height\":650,\"caption\":\"pepsin\"},{\"@type\":\"BreadcrumbList\",\"@id\":\"https:\\\/\\\/naturalpoland.com\\\/tr\\\/urunler\\\/gida-hammaddeleri\\\/enzimler\\\/sut-endustrisi-enzimleri\\\/pepsin-ec-3-4-23-1\\\/#breadcrumb\",\"itemListElement\":[{\"@type\":\"ListItem\",\"position\":1,\"name\":\"Ana Sayfa\",\"item\":\"https:\\\/\\\/naturalpoland.com\\\/tr\\\/\"},{\"@type\":\"ListItem\",\"position\":2,\"name\":\"\u00dcr\u00fcnler\",\"item\":\"https:\\\/\\\/naturalpoland.com\\\/tr\\\/urunler\\\/\"},{\"@type\":\"ListItem\",\"position\":3,\"name\":\"Pepsin EC 3.4.23.1\"}]},{\"@type\":\"WebSite\",\"@id\":\"https:\\\/\\\/naturalpoland.com\\\/tr\\\/#website\",\"url\":\"https:\\\/\\\/naturalpoland.com\\\/tr\\\/\",\"name\":\"NATURAL POLAND - Hurtowy Dystrybutor Surowc\u00f3w\",\"description\":\"Surowce dla przemys\u0142u spo\u017cywczego, kosmetycznego i farmaceutycznego\",\"publisher\":{\"@id\":\"https:\\\/\\\/naturalpoland.com\\\/tr\\\/#organization\"},\"potentialAction\":[{\"@type\":\"SearchAction\",\"target\":{\"@type\":\"EntryPoint\",\"urlTemplate\":\"https:\\\/\\\/naturalpoland.com\\\/tr\\\/?s={search_term_string}\"},\"query-input\":{\"@type\":\"PropertyValueSpecification\",\"valueRequired\":true,\"valueName\":\"search_term_string\"}}],\"inLanguage\":\"tr\"},{\"@type\":\"Organization\",\"@id\":\"https:\\\/\\\/naturalpoland.com\\\/tr\\\/#organization\",\"name\":\"Natural Poland\",\"url\":\"https:\\\/\\\/naturalpoland.com\\\/tr\\\/\",\"logo\":{\"@type\":\"ImageObject\",\"inLanguage\":\"tr\",\"@id\":\"https:\\\/\\\/naturalpoland.com\\\/tr\\\/#\\\/schema\\\/logo\\\/image\\\/\",\"url\":\"https:\\\/\\\/naturalpoland.com\\\/wp-content\\\/uploads\\\/2021\\\/05\\\/natural-poland-icon.png\",\"contentUrl\":\"https:\\\/\\\/naturalpoland.com\\\/wp-content\\\/uploads\\\/2021\\\/05\\\/natural-poland-icon.png\",\"width\":512,\"height\":512,\"caption\":\"Natural Poland\"},\"image\":{\"@id\":\"https:\\\/\\\/naturalpoland.com\\\/tr\\\/#\\\/schema\\\/logo\\\/image\\\/\"},\"sameAs\":[\"https:\\\/\\\/www.facebook.com\\\/naturalpoland.b2b\",\"https:\\\/\\\/pl.linkedin.com\\\/company\\\/natural-poland\",\"https:\\\/\\\/www.youtube.com\\\/channel\\\/UCgeGGkvOMahZo-xu_MSEWxg\"]}]}<\/script>\n<!-- \/ Yoast SEO plugin. -->","yoast_head_json":{"title":"Pepsin EC 3.4.23.1 - Hurtowy Dystrybutor","description":"Pepsin, s\u00fct end\u00fcstrisindeki en \u00f6nemli enzimlerden biridir ve e\u015fsiz tat ve dokuya sahip y\u00fcksek kaliteli \u00fcr\u00fcnlerin \u00fcretimini garanti eder.","robots":{"index":"index","follow":"follow","max-snippet":"max-snippet:-1","max-image-preview":"max-image-preview:large","max-video-preview":"max-video-preview:-1"},"canonical":"https:\/\/naturalpoland.com\/tr\/urunler\/gida-hammaddeleri\/enzimler\/sut-endustrisi-enzimleri\/pepsin-ec-3-4-23-1\/","og_locale":"tr_TR","og_type":"article","og_title":"Pepsin EC 3.4.23.1 - Hurtowy Dystrybutor","og_description":"Pepsin, s\u00fct end\u00fcstrisindeki en \u00f6nemli enzimlerden biridir ve e\u015fsiz tat ve dokuya sahip y\u00fcksek kaliteli \u00fcr\u00fcnlerin \u00fcretimini garanti eder.","og_url":"https:\/\/naturalpoland.com\/tr\/urunler\/gida-hammaddeleri\/enzimler\/sut-endustrisi-enzimleri\/pepsin-ec-3-4-23-1\/","og_site_name":"NATURAL POLAND - Hurtowy Dystrybutor Surowc\u00f3w","article_publisher":"https:\/\/www.facebook.com\/naturalpoland.b2b","article_modified_time":"2025-12-22T11:02:28+00:00","og_image":[{"width":650,"height":650,"url":"https:\/\/naturalpoland.com\/wp-content\/uploads\/pepsyna.jpg","type":"image\/jpeg"}],"schema":{"@context":"https:\/\/schema.org","@graph":[{"@type":"WebPage","@id":"https:\/\/naturalpoland.com\/tr\/urunler\/gida-hammaddeleri\/enzimler\/sut-endustrisi-enzimleri\/pepsin-ec-3-4-23-1\/","url":"https:\/\/naturalpoland.com\/tr\/urunler\/gida-hammaddeleri\/enzimler\/sut-endustrisi-enzimleri\/pepsin-ec-3-4-23-1\/","name":"Pepsin EC 3.4.23.1 - Hurtowy Dystrybutor","isPartOf":{"@id":"https:\/\/naturalpoland.com\/tr\/#website"},"primaryImageOfPage":{"@id":"https:\/\/naturalpoland.com\/tr\/urunler\/gida-hammaddeleri\/enzimler\/sut-endustrisi-enzimleri\/pepsin-ec-3-4-23-1\/#primaryimage"},"image":{"@id":"https:\/\/naturalpoland.com\/tr\/urunler\/gida-hammaddeleri\/enzimler\/sut-endustrisi-enzimleri\/pepsin-ec-3-4-23-1\/#primaryimage"},"thumbnailUrl":"https:\/\/naturalpoland.com\/wp-content\/uploads\/pepsyna.jpg","datePublished":"2023-10-26T11:16:46+00:00","dateModified":"2025-12-22T11:02:28+00:00","description":"Pepsin, s\u00fct end\u00fcstrisindeki en \u00f6nemli enzimlerden biridir ve e\u015fsiz tat ve dokuya sahip y\u00fcksek kaliteli \u00fcr\u00fcnlerin \u00fcretimini garanti eder.","breadcrumb":{"@id":"https:\/\/naturalpoland.com\/tr\/urunler\/gida-hammaddeleri\/enzimler\/sut-endustrisi-enzimleri\/pepsin-ec-3-4-23-1\/#breadcrumb"},"inLanguage":"tr","potentialAction":[{"@type":"ReadAction","target":["https:\/\/naturalpoland.com\/tr\/urunler\/gida-hammaddeleri\/enzimler\/sut-endustrisi-enzimleri\/pepsin-ec-3-4-23-1\/"]}]},{"@type":"ImageObject","inLanguage":"tr","@id":"https:\/\/naturalpoland.com\/tr\/urunler\/gida-hammaddeleri\/enzimler\/sut-endustrisi-enzimleri\/pepsin-ec-3-4-23-1\/#primaryimage","url":"https:\/\/naturalpoland.com\/wp-content\/uploads\/pepsyna.jpg","contentUrl":"https:\/\/naturalpoland.com\/wp-content\/uploads\/pepsyna.jpg","width":650,"height":650,"caption":"pepsin"},{"@type":"BreadcrumbList","@id":"https:\/\/naturalpoland.com\/tr\/urunler\/gida-hammaddeleri\/enzimler\/sut-endustrisi-enzimleri\/pepsin-ec-3-4-23-1\/#breadcrumb","itemListElement":[{"@type":"ListItem","position":1,"name":"Ana Sayfa","item":"https:\/\/naturalpoland.com\/tr\/"},{"@type":"ListItem","position":2,"name":"\u00dcr\u00fcnler","item":"https:\/\/naturalpoland.com\/tr\/urunler\/"},{"@type":"ListItem","position":3,"name":"Pepsin EC 3.4.23.1"}]},{"@type":"WebSite","@id":"https:\/\/naturalpoland.com\/tr\/#website","url":"https:\/\/naturalpoland.com\/tr\/","name":"NATURAL POLAND - Hurtowy Dystrybutor Surowc\u00f3w","description":"Surowce dla przemys\u0142u spo\u017cywczego, kosmetycznego i farmaceutycznego","publisher":{"@id":"https:\/\/naturalpoland.com\/tr\/#organization"},"potentialAction":[{"@type":"SearchAction","target":{"@type":"EntryPoint","urlTemplate":"https:\/\/naturalpoland.com\/tr\/?s={search_term_string}"},"query-input":{"@type":"PropertyValueSpecification","valueRequired":true,"valueName":"search_term_string"}}],"inLanguage":"tr"},{"@type":"Organization","@id":"https:\/\/naturalpoland.com\/tr\/#organization","name":"Natural Poland","url":"https:\/\/naturalpoland.com\/tr\/","logo":{"@type":"ImageObject","inLanguage":"tr","@id":"https:\/\/naturalpoland.com\/tr\/#\/schema\/logo\/image\/","url":"https:\/\/naturalpoland.com\/wp-content\/uploads\/2021\/05\/natural-poland-icon.png","contentUrl":"https:\/\/naturalpoland.com\/wp-content\/uploads\/2021\/05\/natural-poland-icon.png","width":512,"height":512,"caption":"Natural Poland"},"image":{"@id":"https:\/\/naturalpoland.com\/tr\/#\/schema\/logo\/image\/"},"sameAs":["https:\/\/www.facebook.com\/naturalpoland.b2b","https:\/\/pl.linkedin.com\/company\/natural-poland","https:\/\/www.youtube.com\/channel\/UCgeGGkvOMahZo-xu_MSEWxg"]}]}},"_links":{"self":[{"href":"https:\/\/naturalpoland.com\/tr\/wp-json\/wp\/v2\/product\/44417","targetHints":{"allow":["GET"]}}],"collection":[{"href":"https:\/\/naturalpoland.com\/tr\/wp-json\/wp\/v2\/product"}],"about":[{"href":"https:\/\/naturalpoland.com\/tr\/wp-json\/wp\/v2\/types\/product"}],"wp:featuredmedia":[{"embeddable":true,"href":"https:\/\/naturalpoland.com\/tr\/wp-json\/wp\/v2\/media\/44419"}],"wp:attachment":[{"href":"https:\/\/naturalpoland.com\/tr\/wp-json\/wp\/v2\/media?parent=44417"}],"wp:term":[{"taxonomy":"product_brand","embeddable":true,"href":"https:\/\/naturalpoland.com\/tr\/wp-json\/wp\/v2\/product_brand?post=44417"},{"taxonomy":"product_cat","embeddable":true,"href":"https:\/\/naturalpoland.com\/tr\/wp-json\/wp\/v2\/product_cat?post=44417"},{"taxonomy":"product_tag","embeddable":true,"href":"https:\/\/naturalpoland.com\/tr\/wp-json\/wp\/v2\/product_tag?post=44417"}],"curies":[{"name":"wp","href":"https:\/\/api.w.org\/{rel}","templated":true}]}}