{"id":44423,"date":"2021-07-08T13:01:59","date_gmt":"2021-07-08T11:01:59","guid":{"rendered":"https:\/\/naturalpoland.com\/produkty\/kategorilenmemis\/l-teanin\/"},"modified":"2025-12-22T12:02:48","modified_gmt":"2025-12-22T11:02:48","slug":"l-teanin","status":"publish","type":"product","link":"https:\/\/naturalpoland.com\/tr\/urunler\/farmasotik-hammaddeler\/amino-asitler\/l-teanin\/","title":{"rendered":"L-Teanin"},"content":{"rendered":"<h2>L-teaninin Faydalar\u0131 ve Etkileri<\/h2>\n<p>L-Teanin stres ve kayg\u0131 seviyesini d\u00fc\u015f\u00fcr\u00fcr. Sakinle\u015ftirici etkiye sahiptir, kalp at\u0131\u015f h\u0131z\u0131n\u0131 d\u00fc\u015f\u00fcr\u00fcr ve genel iyi hissetme halini art\u0131r\u0131r. Sadece sakinle\u015ftirici etkisi yoktur &#8211; ayn\u0131 zamanda n\u00f6rotransmiterlerin (serotonin, dopamin ve GABA) seviyesini art\u0131rarak yeni bilgilerin hat\u0131rlanmas\u0131n\u0131 kolayla\u015ft\u0131r\u0131r.  <\/p>\n<p>Bu takviye, derin rahatlama ve REM uykusu ile ili\u015fkili alfa beyin dalgalar\u0131n\u0131n aktivitesini art\u0131r\u0131r. Daha h\u0131zl\u0131 uykuya dalman\u0131za yard\u0131mc\u0131 olur, uyku kalitesini art\u0131r\u0131r ve yenilenmeyi kolayla\u015ft\u0131r\u0131r. <\/p>\n<p>L-Teanin, sa\u011fl\u0131kl\u0131 ki\u015filerde kullan\u0131ld\u0131\u011f\u0131nda yan etki g\u00f6stermez, ancak y\u00fcksek tansiyon ilac\u0131 kullanan ki\u015filer olas\u0131 etkile\u015fimler nedeniyle dikkatli olmal\u0131d\u0131r.<\/p>\n","protected":false},"excerpt":{"rendered":"<p><strong>L-Teanin<\/strong>, toptan da\u011f\u0131t\u0131mda beyaz, kristal toz formunda sunulmaktad\u0131r. Protein yap\u0131s\u0131nda olmayan bir amino asittir ve esas olarak ye\u015fil \u00e7ay yapraklar\u0131ndan elde edilir, ancak baz\u0131 mantar t\u00fcrlerinde de bulunur.<\/p>\n","protected":false},"featured_media":44426,"template":"","meta":{"_acf_changed":false},"product_brand":[],"product_cat":[9539,9540],"product_tag":[],"class_list":{"0":"post-44423","1":"product","2":"type-product","3":"status-publish","4":"has-post-thumbnail","6":"product_cat-amino-asitler","7":"product_cat-takviye-edici-gida-bilesenleri","9":"first","10":"instock","11":"shipping-taxable","12":"product-type-simple"},"acf":[],"yoast_head":"<!-- This site is optimized with the Yoast SEO plugin v27.5 - https:\/\/yoast.com\/product\/yoast-seo-wordpress\/ -->\n<title>L-Teanin - NATURAL POLAND - Hurtowy Dystrybutor Surowc\u00f3w<\/title>\n<meta name=\"description\" content=\"L-Teanin, stres azaltmaya yard\u0131mc\u0131 olan, uyku kalitesini art\u0131ran ve bili\u015fsel i\u015flevleri g\u00fc\u00e7lendiren do\u011fal bir takviye olarak pop\u00fclerlik kazanm\u0131\u015ft\u0131r.\" \/>\n<meta name=\"robots\" content=\"index, follow, max-snippet:-1, max-image-preview:large, max-video-preview:-1\" \/>\n<link rel=\"canonical\" href=\"https:\/\/naturalpoland.com\/tr\/urunler\/farmasotik-hammaddeler\/amino-asitler\/l-teanin\/\" \/>\n<meta property=\"og:locale\" content=\"tr_TR\" \/>\n<meta property=\"og:type\" content=\"article\" \/>\n<meta property=\"og:title\" content=\"L-Teanin - NATURAL POLAND - Hurtowy Dystrybutor Surowc\u00f3w\" \/>\n<meta property=\"og:description\" content=\"L-Teanin, stres azaltmaya yard\u0131mc\u0131 olan, uyku kalitesini art\u0131ran ve bili\u015fsel i\u015flevleri g\u00fc\u00e7lendiren do\u011fal bir takviye olarak pop\u00fclerlik kazanm\u0131\u015ft\u0131r.\" \/>\n<meta property=\"og:url\" content=\"https:\/\/naturalpoland.com\/tr\/urunler\/farmasotik-hammaddeler\/amino-asitler\/l-teanin\/\" \/>\n<meta property=\"og:site_name\" content=\"NATURAL POLAND - Hurtowy Dystrybutor Surowc\u00f3w\" \/>\n<meta property=\"article:publisher\" content=\"https:\/\/www.facebook.com\/naturalpoland.b2b\" \/>\n<meta property=\"article:modified_time\" content=\"2025-12-22T11:02:48+00:00\" \/>\n<meta property=\"og:image\" content=\"https:\/\/naturalpoland.com\/wp-content\/uploads\/l-teanina-suplement.webp\" \/>\n\t<meta property=\"og:image:width\" content=\"614\" \/>\n\t<meta property=\"og:image:height\" content=\"614\" \/>\n\t<meta property=\"og:image:type\" content=\"image\/webp\" \/>\n<script type=\"application\/ld+json\" class=\"yoast-schema-graph\">{\"@context\":\"https:\\\/\\\/schema.org\",\"@graph\":[{\"@type\":\"WebPage\",\"@id\":\"https:\\\/\\\/naturalpoland.com\\\/tr\\\/urunler\\\/farmasotik-hammaddeler\\\/amino-asitler\\\/l-teanin\\\/\",\"url\":\"https:\\\/\\\/naturalpoland.com\\\/tr\\\/urunler\\\/farmasotik-hammaddeler\\\/amino-asitler\\\/l-teanin\\\/\",\"name\":\"L-Teanin - NATURAL POLAND - Hurtowy Dystrybutor Surowc\u00f3w\",\"isPartOf\":{\"@id\":\"https:\\\/\\\/naturalpoland.com\\\/tr\\\/#website\"},\"primaryImageOfPage\":{\"@id\":\"https:\\\/\\\/naturalpoland.com\\\/tr\\\/urunler\\\/farmasotik-hammaddeler\\\/amino-asitler\\\/l-teanin\\\/#primaryimage\"},\"image\":{\"@id\":\"https:\\\/\\\/naturalpoland.com\\\/tr\\\/urunler\\\/farmasotik-hammaddeler\\\/amino-asitler\\\/l-teanin\\\/#primaryimage\"},\"thumbnailUrl\":\"https:\\\/\\\/naturalpoland.com\\\/wp-content\\\/uploads\\\/l-teanina-suplement.webp\",\"datePublished\":\"2021-07-08T11:01:59+00:00\",\"dateModified\":\"2025-12-22T11:02:48+00:00\",\"description\":\"L-Teanin, stres azaltmaya yard\u0131mc\u0131 olan, uyku kalitesini art\u0131ran ve bili\u015fsel i\u015flevleri g\u00fc\u00e7lendiren do\u011fal bir takviye olarak pop\u00fclerlik kazanm\u0131\u015ft\u0131r.\",\"breadcrumb\":{\"@id\":\"https:\\\/\\\/naturalpoland.com\\\/tr\\\/urunler\\\/farmasotik-hammaddeler\\\/amino-asitler\\\/l-teanin\\\/#breadcrumb\"},\"inLanguage\":\"tr\",\"potentialAction\":[{\"@type\":\"ReadAction\",\"target\":[\"https:\\\/\\\/naturalpoland.com\\\/tr\\\/urunler\\\/farmasotik-hammaddeler\\\/amino-asitler\\\/l-teanin\\\/\"]}]},{\"@type\":\"ImageObject\",\"inLanguage\":\"tr\",\"@id\":\"https:\\\/\\\/naturalpoland.com\\\/tr\\\/urunler\\\/farmasotik-hammaddeler\\\/amino-asitler\\\/l-teanin\\\/#primaryimage\",\"url\":\"https:\\\/\\\/naturalpoland.com\\\/wp-content\\\/uploads\\\/l-teanina-suplement.webp\",\"contentUrl\":\"https:\\\/\\\/naturalpoland.com\\\/wp-content\\\/uploads\\\/l-teanina-suplement.webp\",\"width\":614,\"height\":614,\"caption\":\"Toz halinde L-teanin\"},{\"@type\":\"BreadcrumbList\",\"@id\":\"https:\\\/\\\/naturalpoland.com\\\/tr\\\/urunler\\\/farmasotik-hammaddeler\\\/amino-asitler\\\/l-teanin\\\/#breadcrumb\",\"itemListElement\":[{\"@type\":\"ListItem\",\"position\":1,\"name\":\"Ana Sayfa\",\"item\":\"https:\\\/\\\/naturalpoland.com\\\/tr\\\/\"},{\"@type\":\"ListItem\",\"position\":2,\"name\":\"\u00dcr\u00fcnler\",\"item\":\"https:\\\/\\\/naturalpoland.com\\\/tr\\\/urunler\\\/\"},{\"@type\":\"ListItem\",\"position\":3,\"name\":\"L-Teanin\"}]},{\"@type\":\"WebSite\",\"@id\":\"https:\\\/\\\/naturalpoland.com\\\/tr\\\/#website\",\"url\":\"https:\\\/\\\/naturalpoland.com\\\/tr\\\/\",\"name\":\"NATURAL POLAND - Hurtowy Dystrybutor Surowc\u00f3w\",\"description\":\"Surowce dla przemys\u0142u spo\u017cywczego, kosmetycznego i farmaceutycznego\",\"publisher\":{\"@id\":\"https:\\\/\\\/naturalpoland.com\\\/tr\\\/#organization\"},\"potentialAction\":[{\"@type\":\"SearchAction\",\"target\":{\"@type\":\"EntryPoint\",\"urlTemplate\":\"https:\\\/\\\/naturalpoland.com\\\/tr\\\/?s={search_term_string}\"},\"query-input\":{\"@type\":\"PropertyValueSpecification\",\"valueRequired\":true,\"valueName\":\"search_term_string\"}}],\"inLanguage\":\"tr\"},{\"@type\":\"Organization\",\"@id\":\"https:\\\/\\\/naturalpoland.com\\\/tr\\\/#organization\",\"name\":\"Natural Poland\",\"url\":\"https:\\\/\\\/naturalpoland.com\\\/tr\\\/\",\"logo\":{\"@type\":\"ImageObject\",\"inLanguage\":\"tr\",\"@id\":\"https:\\\/\\\/naturalpoland.com\\\/tr\\\/#\\\/schema\\\/logo\\\/image\\\/\",\"url\":\"https:\\\/\\\/naturalpoland.com\\\/wp-content\\\/uploads\\\/2021\\\/05\\\/natural-poland-icon.png\",\"contentUrl\":\"https:\\\/\\\/naturalpoland.com\\\/wp-content\\\/uploads\\\/2021\\\/05\\\/natural-poland-icon.png\",\"width\":512,\"height\":512,\"caption\":\"Natural Poland\"},\"image\":{\"@id\":\"https:\\\/\\\/naturalpoland.com\\\/tr\\\/#\\\/schema\\\/logo\\\/image\\\/\"},\"sameAs\":[\"https:\\\/\\\/www.facebook.com\\\/naturalpoland.b2b\",\"https:\\\/\\\/pl.linkedin.com\\\/company\\\/natural-poland\",\"https:\\\/\\\/www.youtube.com\\\/channel\\\/UCgeGGkvOMahZo-xu_MSEWxg\"]}]}<\/script>\n<!-- \/ Yoast SEO plugin. -->","yoast_head_json":{"title":"L-Teanin - NATURAL POLAND - Hurtowy Dystrybutor Surowc\u00f3w","description":"L-Teanin, stres azaltmaya yard\u0131mc\u0131 olan, uyku kalitesini art\u0131ran ve bili\u015fsel i\u015flevleri g\u00fc\u00e7lendiren do\u011fal bir takviye olarak pop\u00fclerlik kazanm\u0131\u015ft\u0131r.","robots":{"index":"index","follow":"follow","max-snippet":"max-snippet:-1","max-image-preview":"max-image-preview:large","max-video-preview":"max-video-preview:-1"},"canonical":"https:\/\/naturalpoland.com\/tr\/urunler\/farmasotik-hammaddeler\/amino-asitler\/l-teanin\/","og_locale":"tr_TR","og_type":"article","og_title":"L-Teanin - NATURAL POLAND - Hurtowy Dystrybutor Surowc\u00f3w","og_description":"L-Teanin, stres azaltmaya yard\u0131mc\u0131 olan, uyku kalitesini art\u0131ran ve bili\u015fsel i\u015flevleri g\u00fc\u00e7lendiren do\u011fal bir takviye olarak pop\u00fclerlik kazanm\u0131\u015ft\u0131r.","og_url":"https:\/\/naturalpoland.com\/tr\/urunler\/farmasotik-hammaddeler\/amino-asitler\/l-teanin\/","og_site_name":"NATURAL POLAND - Hurtowy Dystrybutor Surowc\u00f3w","article_publisher":"https:\/\/www.facebook.com\/naturalpoland.b2b","article_modified_time":"2025-12-22T11:02:48+00:00","og_image":[{"width":614,"height":614,"url":"https:\/\/naturalpoland.com\/wp-content\/uploads\/l-teanina-suplement.webp","type":"image\/webp"}],"schema":{"@context":"https:\/\/schema.org","@graph":[{"@type":"WebPage","@id":"https:\/\/naturalpoland.com\/tr\/urunler\/farmasotik-hammaddeler\/amino-asitler\/l-teanin\/","url":"https:\/\/naturalpoland.com\/tr\/urunler\/farmasotik-hammaddeler\/amino-asitler\/l-teanin\/","name":"L-Teanin - NATURAL POLAND - Hurtowy Dystrybutor Surowc\u00f3w","isPartOf":{"@id":"https:\/\/naturalpoland.com\/tr\/#website"},"primaryImageOfPage":{"@id":"https:\/\/naturalpoland.com\/tr\/urunler\/farmasotik-hammaddeler\/amino-asitler\/l-teanin\/#primaryimage"},"image":{"@id":"https:\/\/naturalpoland.com\/tr\/urunler\/farmasotik-hammaddeler\/amino-asitler\/l-teanin\/#primaryimage"},"thumbnailUrl":"https:\/\/naturalpoland.com\/wp-content\/uploads\/l-teanina-suplement.webp","datePublished":"2021-07-08T11:01:59+00:00","dateModified":"2025-12-22T11:02:48+00:00","description":"L-Teanin, stres azaltmaya yard\u0131mc\u0131 olan, uyku kalitesini art\u0131ran ve bili\u015fsel i\u015flevleri g\u00fc\u00e7lendiren do\u011fal bir takviye olarak pop\u00fclerlik kazanm\u0131\u015ft\u0131r.","breadcrumb":{"@id":"https:\/\/naturalpoland.com\/tr\/urunler\/farmasotik-hammaddeler\/amino-asitler\/l-teanin\/#breadcrumb"},"inLanguage":"tr","potentialAction":[{"@type":"ReadAction","target":["https:\/\/naturalpoland.com\/tr\/urunler\/farmasotik-hammaddeler\/amino-asitler\/l-teanin\/"]}]},{"@type":"ImageObject","inLanguage":"tr","@id":"https:\/\/naturalpoland.com\/tr\/urunler\/farmasotik-hammaddeler\/amino-asitler\/l-teanin\/#primaryimage","url":"https:\/\/naturalpoland.com\/wp-content\/uploads\/l-teanina-suplement.webp","contentUrl":"https:\/\/naturalpoland.com\/wp-content\/uploads\/l-teanina-suplement.webp","width":614,"height":614,"caption":"Toz halinde L-teanin"},{"@type":"BreadcrumbList","@id":"https:\/\/naturalpoland.com\/tr\/urunler\/farmasotik-hammaddeler\/amino-asitler\/l-teanin\/#breadcrumb","itemListElement":[{"@type":"ListItem","position":1,"name":"Ana Sayfa","item":"https:\/\/naturalpoland.com\/tr\/"},{"@type":"ListItem","position":2,"name":"\u00dcr\u00fcnler","item":"https:\/\/naturalpoland.com\/tr\/urunler\/"},{"@type":"ListItem","position":3,"name":"L-Teanin"}]},{"@type":"WebSite","@id":"https:\/\/naturalpoland.com\/tr\/#website","url":"https:\/\/naturalpoland.com\/tr\/","name":"NATURAL POLAND - Hurtowy Dystrybutor Surowc\u00f3w","description":"Surowce dla przemys\u0142u spo\u017cywczego, kosmetycznego i farmaceutycznego","publisher":{"@id":"https:\/\/naturalpoland.com\/tr\/#organization"},"potentialAction":[{"@type":"SearchAction","target":{"@type":"EntryPoint","urlTemplate":"https:\/\/naturalpoland.com\/tr\/?s={search_term_string}"},"query-input":{"@type":"PropertyValueSpecification","valueRequired":true,"valueName":"search_term_string"}}],"inLanguage":"tr"},{"@type":"Organization","@id":"https:\/\/naturalpoland.com\/tr\/#organization","name":"Natural Poland","url":"https:\/\/naturalpoland.com\/tr\/","logo":{"@type":"ImageObject","inLanguage":"tr","@id":"https:\/\/naturalpoland.com\/tr\/#\/schema\/logo\/image\/","url":"https:\/\/naturalpoland.com\/wp-content\/uploads\/2021\/05\/natural-poland-icon.png","contentUrl":"https:\/\/naturalpoland.com\/wp-content\/uploads\/2021\/05\/natural-poland-icon.png","width":512,"height":512,"caption":"Natural Poland"},"image":{"@id":"https:\/\/naturalpoland.com\/tr\/#\/schema\/logo\/image\/"},"sameAs":["https:\/\/www.facebook.com\/naturalpoland.b2b","https:\/\/pl.linkedin.com\/company\/natural-poland","https:\/\/www.youtube.com\/channel\/UCgeGGkvOMahZo-xu_MSEWxg"]}]}},"_links":{"self":[{"href":"https:\/\/naturalpoland.com\/tr\/wp-json\/wp\/v2\/product\/44423","targetHints":{"allow":["GET"]}}],"collection":[{"href":"https:\/\/naturalpoland.com\/tr\/wp-json\/wp\/v2\/product"}],"about":[{"href":"https:\/\/naturalpoland.com\/tr\/wp-json\/wp\/v2\/types\/product"}],"wp:featuredmedia":[{"embeddable":true,"href":"https:\/\/naturalpoland.com\/tr\/wp-json\/wp\/v2\/media\/44426"}],"wp:attachment":[{"href":"https:\/\/naturalpoland.com\/tr\/wp-json\/wp\/v2\/media?parent=44423"}],"wp:term":[{"taxonomy":"product_brand","embeddable":true,"href":"https:\/\/naturalpoland.com\/tr\/wp-json\/wp\/v2\/product_brand?post=44423"},{"taxonomy":"product_cat","embeddable":true,"href":"https:\/\/naturalpoland.com\/tr\/wp-json\/wp\/v2\/product_cat?post=44423"},{"taxonomy":"product_tag","embeddable":true,"href":"https:\/\/naturalpoland.com\/tr\/wp-json\/wp\/v2\/product_tag?post=44423"}],"curies":[{"name":"wp","href":"https:\/\/api.w.org\/{rel}","templated":true}]}}