{"id":44427,"date":"2023-03-20T16:20:01","date_gmt":"2023-03-20T15:20:01","guid":{"rendered":"https:\/\/naturalpoland.com\/produkty\/kategorilenmemis\/ashwagandha-ekstrakti\/"},"modified":"2025-12-22T12:03:45","modified_gmt":"2025-12-22T11:03:45","slug":"ashwagandha-ekstrakti","status":"publish","type":"product","link":"https:\/\/naturalpoland.com\/tr\/urunler\/farmasotik-hammaddeler\/takviye-edici-gida-bilesenleri\/ashwagandha-ekstrakti\/","title":{"rendered":"Ashwagandha Ekstrakt\u0131"},"content":{"rendered":"<h2>Ashwagandha ekstresinin kullan\u0131m\u0131 ve \u00f6zellikleri<\/h2>\n<p><strong>Sinir sistemi deste\u011fi<\/strong><\/p>\n<p>Ashwagandha ekstresi, stres ve kayg\u0131y\u0131 y\u00f6netmeye yard\u0131mc\u0131 olan <strong>adaptojenik \u00f6zellikleri<\/strong> ile tan\u0131n\u0131r. Sinir sistemini yat\u0131\u015ft\u0131rarak anksiyete belirtilerini hafifletmeye ve uyku kalitesini art\u0131rmaya yard\u0131mc\u0131 olur. <\/p>\n<p><strong>Fiziksel sa\u011fl\u0131\u011fa etkisi<\/strong><\/p>\n<p>Ashwagandha, zihinsel sa\u011fl\u0131k faydalar\u0131n\u0131n yan\u0131 s\u0131ra fiziksel sa\u011fl\u0131k \u00fczerinde de olumlu etki g\u00f6sterir. Kan \u015fekeri seviyesinin d\u00fczenlenmesine yard\u0131mc\u0131 olur, kardiyovask\u00fcler sistemi destekler ve ba\u011f\u0131\u015f\u0131kl\u0131k sistemini g\u00fc\u00e7lendirebilir. Ayr\u0131ca, ashwagandha anti-enflamatuar \u00f6zelliklere sahiptir.  <\/p>\n<p><strong>Enerji ve dayan\u0131kl\u0131l\u0131\u011fa etkisi<\/strong><\/p>\n<p>Ashwagandha, enerji, dayan\u0131kl\u0131l\u0131k ve performans\u0131 art\u0131rmaya yard\u0131mc\u0131 olabildi\u011fi i\u00e7in sporcular ve fiziksel olarak aktif ki\u015filer aras\u0131nda pop\u00fclerdir. Yo\u011fun fiziksel egzersiz sonras\u0131 toparlanmay\u0131 kolayla\u015ft\u0131r\u0131r ve kas k\u00fctlesi ile g\u00fc\u00e7 geli\u015fimini destekleyebilir. <\/p>\n<p><strong>Ashwagandha&#8217;n\u0131n kozmetik faydalar\u0131<\/strong><\/p>\n<p><a href=\"https:\/\/naturalpoland.com\/tr\/kategori\/kozmetik-hammaddeleri\/\">Kozmetik end\u00fcstrisinde<\/a> ashwagandha, <strong>antioksidan<\/strong> ve ya\u015flanma kar\u015f\u0131t\u0131 \u00f6zellikleri i\u00e7in de\u011ferlidir. Cildi serbest radikallere ve d\u0131\u015f etkenlere kar\u015f\u0131 korumaya yard\u0131mc\u0131 olur. Krem, serum ve ya\u011f form\u00fcllerinde kullan\u0131larak cildin nemlendirilmesine, beslenmesine ve yenilenmesine yard\u0131mc\u0131 olur.  <\/p>\n<p><strong> Aromaterapi&#8217;de ashwagandha ekstresi<\/strong><\/p>\n<p>Ashwagandha ya\u011f\u0131 aromaterapi&#8217;de de kullan\u0131l\u0131r. S\u0131cak, sakinle\u015ftirici kokusu stres ve gerginli\u011fi azaltmaya yard\u0131mc\u0131 olarak rahatlama ve huzur atmosferi yaratabilir. <\/p>\n","protected":false},"excerpt":{"rendered":"<p><strong>Ashwagandha<\/strong>, ayn\u0131 zamanda <strong>Winter Cherry<\/strong>, <strong>Withania somnifera<\/strong> veya <strong>Hint ginsengi<\/strong> olarak da bilinen, en tan\u0131nm\u0131\u015f adaptojenlerden biri ve geleneksel Ayurveda t\u0131bb\u0131nda kullan\u0131lan en \u00f6nemli bitkilerden biridir. Witanolidler, glikowitanolidler ve witanozidler gibi biyolojik olarak aktif maddeler a\u00e7\u0131s\u0131ndan zengin benzersiz kimyasal yap\u0131s\u0131 sayesinde v\u00fccudumuz i\u00e7in bir\u00e7ok fayda sa\u011flar. <\/p>\n","protected":false},"featured_media":44186,"template":"","meta":{"_acf_changed":false},"product_brand":[],"product_cat":[9540],"product_tag":[],"class_list":{"0":"post-44427","1":"product","2":"type-product","3":"status-publish","4":"has-post-thumbnail","6":"product_cat-takviye-edici-gida-bilesenleri","7":"pa_czesc-rosliny-kok","9":"first","10":"instock","11":"shipping-taxable","12":"product-type-simple"},"acf":[],"yoast_head":"<!-- This site is optimized with the Yoast SEO plugin v27.5 - https:\/\/yoast.com\/product\/yoast-seo-wordpress\/ -->\n<title>Ashwagandha Ekstrakt\u0131 - NATURAL POLAND - Hurtowy Dystrybutor Surowc\u00f3w<\/title>\n<meta name=\"description\" content=\"Ashwagandha ekstresi, hem zihinsel hem de fiziksel sa\u011fl\u0131\u011f\u0131 iyile\u015ftirmek i\u00e7in kullan\u0131labilen \u00e7ok y\u00f6nl\u00fc bir takviyedir\" \/>\n<meta name=\"robots\" content=\"index, follow, max-snippet:-1, max-image-preview:large, max-video-preview:-1\" \/>\n<link rel=\"canonical\" href=\"https:\/\/naturalpoland.com\/tr\/urunler\/farmasotik-hammaddeler\/takviye-edici-gida-bilesenleri\/ashwagandha-ekstrakti\/\" \/>\n<meta property=\"og:locale\" content=\"tr_TR\" \/>\n<meta property=\"og:type\" content=\"article\" \/>\n<meta property=\"og:title\" content=\"Ashwagandha Ekstrakt\u0131 - NATURAL POLAND - Hurtowy Dystrybutor Surowc\u00f3w\" \/>\n<meta property=\"og:description\" content=\"Ashwagandha ekstresi, hem zihinsel hem de fiziksel sa\u011fl\u0131\u011f\u0131 iyile\u015ftirmek i\u00e7in kullan\u0131labilen \u00e7ok y\u00f6nl\u00fc bir takviyedir\" \/>\n<meta property=\"og:url\" content=\"https:\/\/naturalpoland.com\/tr\/urunler\/farmasotik-hammaddeler\/takviye-edici-gida-bilesenleri\/ashwagandha-ekstrakti\/\" \/>\n<meta property=\"og:site_name\" content=\"NATURAL POLAND - Hurtowy Dystrybutor Surowc\u00f3w\" \/>\n<meta property=\"article:publisher\" content=\"https:\/\/www.facebook.com\/naturalpoland.b2b\" \/>\n<meta property=\"article:modified_time\" content=\"2025-12-22T11:03:45+00:00\" \/>\n<meta property=\"og:image\" content=\"https:\/\/naturalpoland.com\/wp-content\/uploads\/Ekstrakt-z-ashwagandhy.jpg\" \/>\n\t<meta property=\"og:image:width\" content=\"600\" \/>\n\t<meta property=\"og:image:height\" content=\"600\" \/>\n\t<meta property=\"og:image:type\" content=\"image\/jpeg\" \/>\n<script type=\"application\/ld+json\" class=\"yoast-schema-graph\">{\"@context\":\"https:\\\/\\\/schema.org\",\"@graph\":[{\"@type\":\"WebPage\",\"@id\":\"https:\\\/\\\/naturalpoland.com\\\/tr\\\/urunler\\\/farmasotik-hammaddeler\\\/takviye-edici-gida-bilesenleri\\\/ashwagandha-ekstrakti\\\/\",\"url\":\"https:\\\/\\\/naturalpoland.com\\\/tr\\\/urunler\\\/farmasotik-hammaddeler\\\/takviye-edici-gida-bilesenleri\\\/ashwagandha-ekstrakti\\\/\",\"name\":\"Ashwagandha Ekstrakt\u0131 - NATURAL POLAND - Hurtowy Dystrybutor Surowc\u00f3w\",\"isPartOf\":{\"@id\":\"https:\\\/\\\/naturalpoland.com\\\/tr\\\/#website\"},\"primaryImageOfPage\":{\"@id\":\"https:\\\/\\\/naturalpoland.com\\\/tr\\\/urunler\\\/farmasotik-hammaddeler\\\/takviye-edici-gida-bilesenleri\\\/ashwagandha-ekstrakti\\\/#primaryimage\"},\"image\":{\"@id\":\"https:\\\/\\\/naturalpoland.com\\\/tr\\\/urunler\\\/farmasotik-hammaddeler\\\/takviye-edici-gida-bilesenleri\\\/ashwagandha-ekstrakti\\\/#primaryimage\"},\"thumbnailUrl\":\"https:\\\/\\\/naturalpoland.com\\\/wp-content\\\/uploads\\\/Ekstrakt-z-ashwagandhy.jpg\",\"datePublished\":\"2023-03-20T15:20:01+00:00\",\"dateModified\":\"2025-12-22T11:03:45+00:00\",\"description\":\"Ashwagandha ekstresi, hem zihinsel hem de fiziksel sa\u011fl\u0131\u011f\u0131 iyile\u015ftirmek i\u00e7in kullan\u0131labilen \u00e7ok y\u00f6nl\u00fc bir takviyedir\",\"breadcrumb\":{\"@id\":\"https:\\\/\\\/naturalpoland.com\\\/tr\\\/urunler\\\/farmasotik-hammaddeler\\\/takviye-edici-gida-bilesenleri\\\/ashwagandha-ekstrakti\\\/#breadcrumb\"},\"inLanguage\":\"tr\",\"potentialAction\":[{\"@type\":\"ReadAction\",\"target\":[\"https:\\\/\\\/naturalpoland.com\\\/tr\\\/urunler\\\/farmasotik-hammaddeler\\\/takviye-edici-gida-bilesenleri\\\/ashwagandha-ekstrakti\\\/\"]}]},{\"@type\":\"ImageObject\",\"inLanguage\":\"tr\",\"@id\":\"https:\\\/\\\/naturalpoland.com\\\/tr\\\/urunler\\\/farmasotik-hammaddeler\\\/takviye-edici-gida-bilesenleri\\\/ashwagandha-ekstrakti\\\/#primaryimage\",\"url\":\"https:\\\/\\\/naturalpoland.com\\\/wp-content\\\/uploads\\\/Ekstrakt-z-ashwagandhy.jpg\",\"contentUrl\":\"https:\\\/\\\/naturalpoland.com\\\/wp-content\\\/uploads\\\/Ekstrakt-z-ashwagandhy.jpg\",\"width\":600,\"height\":600,\"caption\":\"Ashwagandha Ekstrakt\u0131\"},{\"@type\":\"BreadcrumbList\",\"@id\":\"https:\\\/\\\/naturalpoland.com\\\/tr\\\/urunler\\\/farmasotik-hammaddeler\\\/takviye-edici-gida-bilesenleri\\\/ashwagandha-ekstrakti\\\/#breadcrumb\",\"itemListElement\":[{\"@type\":\"ListItem\",\"position\":1,\"name\":\"Ana Sayfa\",\"item\":\"https:\\\/\\\/naturalpoland.com\\\/tr\\\/\"},{\"@type\":\"ListItem\",\"position\":2,\"name\":\"\u00dcr\u00fcnler\",\"item\":\"https:\\\/\\\/naturalpoland.com\\\/tr\\\/urunler\\\/\"},{\"@type\":\"ListItem\",\"position\":3,\"name\":\"Ashwagandha Ekstrakt\u0131\"}]},{\"@type\":\"WebSite\",\"@id\":\"https:\\\/\\\/naturalpoland.com\\\/tr\\\/#website\",\"url\":\"https:\\\/\\\/naturalpoland.com\\\/tr\\\/\",\"name\":\"NATURAL POLAND - Hurtowy Dystrybutor Surowc\u00f3w\",\"description\":\"Surowce dla przemys\u0142u spo\u017cywczego, kosmetycznego i farmaceutycznego\",\"publisher\":{\"@id\":\"https:\\\/\\\/naturalpoland.com\\\/tr\\\/#organization\"},\"potentialAction\":[{\"@type\":\"SearchAction\",\"target\":{\"@type\":\"EntryPoint\",\"urlTemplate\":\"https:\\\/\\\/naturalpoland.com\\\/tr\\\/?s={search_term_string}\"},\"query-input\":{\"@type\":\"PropertyValueSpecification\",\"valueRequired\":true,\"valueName\":\"search_term_string\"}}],\"inLanguage\":\"tr\"},{\"@type\":\"Organization\",\"@id\":\"https:\\\/\\\/naturalpoland.com\\\/tr\\\/#organization\",\"name\":\"Natural Poland\",\"url\":\"https:\\\/\\\/naturalpoland.com\\\/tr\\\/\",\"logo\":{\"@type\":\"ImageObject\",\"inLanguage\":\"tr\",\"@id\":\"https:\\\/\\\/naturalpoland.com\\\/tr\\\/#\\\/schema\\\/logo\\\/image\\\/\",\"url\":\"https:\\\/\\\/naturalpoland.com\\\/wp-content\\\/uploads\\\/2021\\\/05\\\/natural-poland-icon.png\",\"contentUrl\":\"https:\\\/\\\/naturalpoland.com\\\/wp-content\\\/uploads\\\/2021\\\/05\\\/natural-poland-icon.png\",\"width\":512,\"height\":512,\"caption\":\"Natural Poland\"},\"image\":{\"@id\":\"https:\\\/\\\/naturalpoland.com\\\/tr\\\/#\\\/schema\\\/logo\\\/image\\\/\"},\"sameAs\":[\"https:\\\/\\\/www.facebook.com\\\/naturalpoland.b2b\",\"https:\\\/\\\/pl.linkedin.com\\\/company\\\/natural-poland\",\"https:\\\/\\\/www.youtube.com\\\/channel\\\/UCgeGGkvOMahZo-xu_MSEWxg\"]}]}<\/script>\n<!-- \/ Yoast SEO plugin. -->","yoast_head_json":{"title":"Ashwagandha Ekstrakt\u0131 - NATURAL POLAND - Hurtowy Dystrybutor Surowc\u00f3w","description":"Ashwagandha ekstresi, hem zihinsel hem de fiziksel sa\u011fl\u0131\u011f\u0131 iyile\u015ftirmek i\u00e7in kullan\u0131labilen \u00e7ok y\u00f6nl\u00fc bir takviyedir","robots":{"index":"index","follow":"follow","max-snippet":"max-snippet:-1","max-image-preview":"max-image-preview:large","max-video-preview":"max-video-preview:-1"},"canonical":"https:\/\/naturalpoland.com\/tr\/urunler\/farmasotik-hammaddeler\/takviye-edici-gida-bilesenleri\/ashwagandha-ekstrakti\/","og_locale":"tr_TR","og_type":"article","og_title":"Ashwagandha Ekstrakt\u0131 - NATURAL POLAND - Hurtowy Dystrybutor Surowc\u00f3w","og_description":"Ashwagandha ekstresi, hem zihinsel hem de fiziksel sa\u011fl\u0131\u011f\u0131 iyile\u015ftirmek i\u00e7in kullan\u0131labilen \u00e7ok y\u00f6nl\u00fc bir takviyedir","og_url":"https:\/\/naturalpoland.com\/tr\/urunler\/farmasotik-hammaddeler\/takviye-edici-gida-bilesenleri\/ashwagandha-ekstrakti\/","og_site_name":"NATURAL POLAND - Hurtowy Dystrybutor Surowc\u00f3w","article_publisher":"https:\/\/www.facebook.com\/naturalpoland.b2b","article_modified_time":"2025-12-22T11:03:45+00:00","og_image":[{"width":600,"height":600,"url":"https:\/\/naturalpoland.com\/wp-content\/uploads\/Ekstrakt-z-ashwagandhy.jpg","type":"image\/jpeg"}],"schema":{"@context":"https:\/\/schema.org","@graph":[{"@type":"WebPage","@id":"https:\/\/naturalpoland.com\/tr\/urunler\/farmasotik-hammaddeler\/takviye-edici-gida-bilesenleri\/ashwagandha-ekstrakti\/","url":"https:\/\/naturalpoland.com\/tr\/urunler\/farmasotik-hammaddeler\/takviye-edici-gida-bilesenleri\/ashwagandha-ekstrakti\/","name":"Ashwagandha Ekstrakt\u0131 - NATURAL POLAND - Hurtowy Dystrybutor Surowc\u00f3w","isPartOf":{"@id":"https:\/\/naturalpoland.com\/tr\/#website"},"primaryImageOfPage":{"@id":"https:\/\/naturalpoland.com\/tr\/urunler\/farmasotik-hammaddeler\/takviye-edici-gida-bilesenleri\/ashwagandha-ekstrakti\/#primaryimage"},"image":{"@id":"https:\/\/naturalpoland.com\/tr\/urunler\/farmasotik-hammaddeler\/takviye-edici-gida-bilesenleri\/ashwagandha-ekstrakti\/#primaryimage"},"thumbnailUrl":"https:\/\/naturalpoland.com\/wp-content\/uploads\/Ekstrakt-z-ashwagandhy.jpg","datePublished":"2023-03-20T15:20:01+00:00","dateModified":"2025-12-22T11:03:45+00:00","description":"Ashwagandha ekstresi, hem zihinsel hem de fiziksel sa\u011fl\u0131\u011f\u0131 iyile\u015ftirmek i\u00e7in kullan\u0131labilen \u00e7ok y\u00f6nl\u00fc bir takviyedir","breadcrumb":{"@id":"https:\/\/naturalpoland.com\/tr\/urunler\/farmasotik-hammaddeler\/takviye-edici-gida-bilesenleri\/ashwagandha-ekstrakti\/#breadcrumb"},"inLanguage":"tr","potentialAction":[{"@type":"ReadAction","target":["https:\/\/naturalpoland.com\/tr\/urunler\/farmasotik-hammaddeler\/takviye-edici-gida-bilesenleri\/ashwagandha-ekstrakti\/"]}]},{"@type":"ImageObject","inLanguage":"tr","@id":"https:\/\/naturalpoland.com\/tr\/urunler\/farmasotik-hammaddeler\/takviye-edici-gida-bilesenleri\/ashwagandha-ekstrakti\/#primaryimage","url":"https:\/\/naturalpoland.com\/wp-content\/uploads\/Ekstrakt-z-ashwagandhy.jpg","contentUrl":"https:\/\/naturalpoland.com\/wp-content\/uploads\/Ekstrakt-z-ashwagandhy.jpg","width":600,"height":600,"caption":"Ashwagandha Ekstrakt\u0131"},{"@type":"BreadcrumbList","@id":"https:\/\/naturalpoland.com\/tr\/urunler\/farmasotik-hammaddeler\/takviye-edici-gida-bilesenleri\/ashwagandha-ekstrakti\/#breadcrumb","itemListElement":[{"@type":"ListItem","position":1,"name":"Ana Sayfa","item":"https:\/\/naturalpoland.com\/tr\/"},{"@type":"ListItem","position":2,"name":"\u00dcr\u00fcnler","item":"https:\/\/naturalpoland.com\/tr\/urunler\/"},{"@type":"ListItem","position":3,"name":"Ashwagandha Ekstrakt\u0131"}]},{"@type":"WebSite","@id":"https:\/\/naturalpoland.com\/tr\/#website","url":"https:\/\/naturalpoland.com\/tr\/","name":"NATURAL POLAND - Hurtowy Dystrybutor Surowc\u00f3w","description":"Surowce dla przemys\u0142u spo\u017cywczego, kosmetycznego i farmaceutycznego","publisher":{"@id":"https:\/\/naturalpoland.com\/tr\/#organization"},"potentialAction":[{"@type":"SearchAction","target":{"@type":"EntryPoint","urlTemplate":"https:\/\/naturalpoland.com\/tr\/?s={search_term_string}"},"query-input":{"@type":"PropertyValueSpecification","valueRequired":true,"valueName":"search_term_string"}}],"inLanguage":"tr"},{"@type":"Organization","@id":"https:\/\/naturalpoland.com\/tr\/#organization","name":"Natural Poland","url":"https:\/\/naturalpoland.com\/tr\/","logo":{"@type":"ImageObject","inLanguage":"tr","@id":"https:\/\/naturalpoland.com\/tr\/#\/schema\/logo\/image\/","url":"https:\/\/naturalpoland.com\/wp-content\/uploads\/2021\/05\/natural-poland-icon.png","contentUrl":"https:\/\/naturalpoland.com\/wp-content\/uploads\/2021\/05\/natural-poland-icon.png","width":512,"height":512,"caption":"Natural Poland"},"image":{"@id":"https:\/\/naturalpoland.com\/tr\/#\/schema\/logo\/image\/"},"sameAs":["https:\/\/www.facebook.com\/naturalpoland.b2b","https:\/\/pl.linkedin.com\/company\/natural-poland","https:\/\/www.youtube.com\/channel\/UCgeGGkvOMahZo-xu_MSEWxg"]}]}},"_links":{"self":[{"href":"https:\/\/naturalpoland.com\/tr\/wp-json\/wp\/v2\/product\/44427","targetHints":{"allow":["GET"]}}],"collection":[{"href":"https:\/\/naturalpoland.com\/tr\/wp-json\/wp\/v2\/product"}],"about":[{"href":"https:\/\/naturalpoland.com\/tr\/wp-json\/wp\/v2\/types\/product"}],"wp:featuredmedia":[{"embeddable":true,"href":"https:\/\/naturalpoland.com\/tr\/wp-json\/wp\/v2\/media\/44186"}],"wp:attachment":[{"href":"https:\/\/naturalpoland.com\/tr\/wp-json\/wp\/v2\/media?parent=44427"}],"wp:term":[{"taxonomy":"product_brand","embeddable":true,"href":"https:\/\/naturalpoland.com\/tr\/wp-json\/wp\/v2\/product_brand?post=44427"},{"taxonomy":"product_cat","embeddable":true,"href":"https:\/\/naturalpoland.com\/tr\/wp-json\/wp\/v2\/product_cat?post=44427"},{"taxonomy":"product_tag","embeddable":true,"href":"https:\/\/naturalpoland.com\/tr\/wp-json\/wp\/v2\/product_tag?post=44427"}],"curies":[{"name":"wp","href":"https:\/\/api.w.org\/{rel}","templated":true}]}}