{"id":44428,"date":"2024-05-20T13:51:41","date_gmt":"2024-05-20T11:51:41","guid":{"rendered":"https:\/\/naturalpoland.com\/produkty\/kategorilenmemis\/nilufer-yapragi-cicegi-hidrolat\/"},"modified":"2025-12-22T12:04:39","modified_gmt":"2025-12-22T11:04:39","slug":"nilufer-yapragi-cicegi-hidrolat","status":"publish","type":"product","link":"https:\/\/naturalpoland.com\/tr\/urunler\/kozmetik-hammaddeleri\/hidrolatlar\/nilufer-yapragi-cicegi-hidrolat\/","title":{"rendered":"Nil\u00fcfer yapra\u011f\u0131 \/ \u00e7i\u00e7e\u011fi hidrolat"},"content":{"rendered":"<p>Nil\u00fcfer yapra\u011f\u0131 \/ \u00e7i\u00e7e\u011fi hidrolat\u0131, vitaminler (\u00f6zellikle C vitamini), mineraller, antioksidanlar ve cildin sa\u011fl\u0131\u011f\u0131n\u0131 ve canl\u0131l\u0131\u011f\u0131n\u0131 destekleyen di\u011fer biyoaktif bile\u015fikler gibi do\u011fal besin \u00f6\u011feleri bak\u0131m\u0131ndan zengindir. Hafif, sulu bir k\u0131vama sahiptir ve nemlendirici ve tonik \u00fcr\u00fcnlerin bile\u015feni olarak idealdir. <\/p>\n<h3>Nil\u00fcfer yapra\u011f\u0131 veya \u00e7i\u00e7e\u011fi hidrolat\u0131n\u0131n \u00f6zellikleri<\/h3>\n<p>Nil\u00fcfer yapra\u011f\u0131 \/ \u00e7i\u00e7e\u011fi hidrolat\u0131 cildi yo\u011fun bir \u015fekilde nemlendirir. Cildin y\u00fczeyinde nemi tutmaya yard\u0131mc\u0131 olan koruyucu bir tabaka olu\u015fturur. <\/p>\n<p>Yat\u0131\u015ft\u0131r\u0131c\u0131 \u00f6zellikleri sayesinde bu hidrolat, hassas ve tahri\u015f olmu\u015f ciltler i\u00e7in idealdir. K\u0131zar\u0131kl\u0131k ve tahri\u015fi yat\u0131\u015ft\u0131rmaya yard\u0131mc\u0131 olabilir. <\/p>\n<p>Nil\u00fcfer yapra\u011f\u0131 \/ \u00e7i\u00e7e\u011fi hidrolat\u0131 cildi ferahlat\u0131r, temizlik ve hafiflik hissi b\u0131rak\u0131r. \u00d6zellikle s\u0131cak yaz g\u00fcnlerinde cildi canland\u0131ran bir tonik olarak m\u00fckemmel \u00e7al\u0131\u015f\u0131r. <\/p>\n<h3>Kozmetikteki uygulamalar\u0131<\/h3>\n<p>Nil\u00fcfer yapra\u011f\u0131 \/ \u00e7i\u00e7e\u011fi hidrolat\u0131, geni\u015f bir kozmetik \u00fcr\u00fcn yelpazesinde kullan\u0131l\u0131r. Tonik, y\u00fcz misti ve nemlendirici serumlarda bile\u015fen olarak kullan\u0131labilir. G\u00fcne\u015f sonras\u0131 \u00fcr\u00fcnlerde yat\u0131\u015ft\u0131r\u0131c\u0131 ve ferahlat\u0131c\u0131 \u00f6zellikleri \u00f6zellikle de\u011ferlidir. Ayr\u0131ca antioksidan \u00f6zellikleri sayesinde cildi erken ya\u015flanmaya kar\u015f\u0131 korumaya yard\u0131mc\u0131 olur.   <\/p>\n","protected":false},"excerpt":{"rendered":"<p>Nil\u00fcfer yapra\u011f\u0131 \/ \u00e7i\u00e7e\u011fi hidrolat\u0131, insanl\u0131k tarihinin en \u015fiirsel ve sembolik bitkilerinden biri olan ve ar\u0131nd\u0131r\u0131c\u0131 ve sakinle\u015ftirici \u00f6zellikleriyle tan\u0131nan nil\u00fcferden elde edilen hafif, sulu bir \u00f6z\u00fctt\u00fcr.<\/p>\n","protected":false},"featured_media":44429,"template":"","meta":{"_acf_changed":false},"product_brand":[],"product_cat":[9547],"product_tag":[],"class_list":{"0":"post-44428","1":"product","2":"type-product","3":"status-publish","4":"has-post-thumbnail","6":"product_cat-hidrolatlar","7":"pa_grupa-substancji-distilatlar","9":"first","10":"instock","11":"shipping-taxable","12":"product-type-simple"},"acf":[],"yoast_head":"<!-- This site is optimized with the Yoast SEO plugin v27.5 - https:\/\/yoast.com\/product\/yoast-seo-wordpress\/ -->\n<title>Nil\u00fcfer yapra\u011f\u0131 \/ \u00e7i\u00e7e\u011fi hidrolat - NATURAL POLAND - Hurtowy Dystrybutor Surowc\u00f3w<\/title>\n<meta name=\"description\" content=\"Nil\u00fcfer yapra\u011f\u0131 \/ \u00e7i\u00e7e\u011fi hidrolat\u0131, nemlendirici, yat\u0131\u015ft\u0131r\u0131c\u0131 ve ferahlat\u0131c\u0131 \u00f6zellikleriyle de\u011fer verilen \u00f6zel bir kozmetik hammaddedir.\" \/>\n<meta name=\"robots\" content=\"index, follow, max-snippet:-1, max-image-preview:large, max-video-preview:-1\" \/>\n<link rel=\"canonical\" href=\"https:\/\/naturalpoland.com\/tr\/urunler\/kozmetik-hammaddeleri\/hidrolatlar\/nilufer-yapragi-cicegi-hidrolat\/\" \/>\n<meta property=\"og:locale\" content=\"tr_TR\" \/>\n<meta property=\"og:type\" content=\"article\" \/>\n<meta property=\"og:title\" content=\"Nil\u00fcfer yapra\u011f\u0131 \/ \u00e7i\u00e7e\u011fi hidrolat - NATURAL POLAND - Hurtowy Dystrybutor Surowc\u00f3w\" \/>\n<meta property=\"og:description\" content=\"Nil\u00fcfer yapra\u011f\u0131 \/ \u00e7i\u00e7e\u011fi hidrolat\u0131, nemlendirici, yat\u0131\u015ft\u0131r\u0131c\u0131 ve ferahlat\u0131c\u0131 \u00f6zellikleriyle de\u011fer verilen \u00f6zel bir kozmetik hammaddedir.\" \/>\n<meta property=\"og:url\" content=\"https:\/\/naturalpoland.com\/tr\/urunler\/kozmetik-hammaddeleri\/hidrolatlar\/nilufer-yapragi-cicegi-hidrolat\/\" \/>\n<meta property=\"og:site_name\" content=\"NATURAL POLAND - Hurtowy Dystrybutor Surowc\u00f3w\" \/>\n<meta property=\"article:publisher\" content=\"https:\/\/www.facebook.com\/naturalpoland.b2b\" \/>\n<meta property=\"article:modified_time\" content=\"2025-12-22T11:04:39+00:00\" \/>\n<meta property=\"og:image\" content=\"https:\/\/naturalpoland.com\/wp-content\/uploads\/hydrolat-z-lisci-lotosu.webp\" \/>\n\t<meta property=\"og:image:width\" content=\"611\" \/>\n\t<meta property=\"og:image:height\" content=\"611\" \/>\n\t<meta property=\"og:image:type\" content=\"image\/webp\" \/>\n<script type=\"application\/ld+json\" class=\"yoast-schema-graph\">{\"@context\":\"https:\\\/\\\/schema.org\",\"@graph\":[{\"@type\":\"WebPage\",\"@id\":\"https:\\\/\\\/naturalpoland.com\\\/tr\\\/urunler\\\/kozmetik-hammaddeleri\\\/hidrolatlar\\\/nilufer-yapragi-cicegi-hidrolat\\\/\",\"url\":\"https:\\\/\\\/naturalpoland.com\\\/tr\\\/urunler\\\/kozmetik-hammaddeleri\\\/hidrolatlar\\\/nilufer-yapragi-cicegi-hidrolat\\\/\",\"name\":\"Nil\u00fcfer yapra\u011f\u0131 \\\/ \u00e7i\u00e7e\u011fi hidrolat - NATURAL POLAND - Hurtowy Dystrybutor Surowc\u00f3w\",\"isPartOf\":{\"@id\":\"https:\\\/\\\/naturalpoland.com\\\/tr\\\/#website\"},\"primaryImageOfPage\":{\"@id\":\"https:\\\/\\\/naturalpoland.com\\\/tr\\\/urunler\\\/kozmetik-hammaddeleri\\\/hidrolatlar\\\/nilufer-yapragi-cicegi-hidrolat\\\/#primaryimage\"},\"image\":{\"@id\":\"https:\\\/\\\/naturalpoland.com\\\/tr\\\/urunler\\\/kozmetik-hammaddeleri\\\/hidrolatlar\\\/nilufer-yapragi-cicegi-hidrolat\\\/#primaryimage\"},\"thumbnailUrl\":\"https:\\\/\\\/naturalpoland.com\\\/wp-content\\\/uploads\\\/hydrolat-z-lisci-lotosu.webp\",\"datePublished\":\"2024-05-20T11:51:41+00:00\",\"dateModified\":\"2025-12-22T11:04:39+00:00\",\"description\":\"Nil\u00fcfer yapra\u011f\u0131 \\\/ \u00e7i\u00e7e\u011fi hidrolat\u0131, nemlendirici, yat\u0131\u015ft\u0131r\u0131c\u0131 ve ferahlat\u0131c\u0131 \u00f6zellikleriyle de\u011fer verilen \u00f6zel bir kozmetik hammaddedir.\",\"breadcrumb\":{\"@id\":\"https:\\\/\\\/naturalpoland.com\\\/tr\\\/urunler\\\/kozmetik-hammaddeleri\\\/hidrolatlar\\\/nilufer-yapragi-cicegi-hidrolat\\\/#breadcrumb\"},\"inLanguage\":\"tr\",\"potentialAction\":[{\"@type\":\"ReadAction\",\"target\":[\"https:\\\/\\\/naturalpoland.com\\\/tr\\\/urunler\\\/kozmetik-hammaddeleri\\\/hidrolatlar\\\/nilufer-yapragi-cicegi-hidrolat\\\/\"]}]},{\"@type\":\"ImageObject\",\"inLanguage\":\"tr\",\"@id\":\"https:\\\/\\\/naturalpoland.com\\\/tr\\\/urunler\\\/kozmetik-hammaddeleri\\\/hidrolatlar\\\/nilufer-yapragi-cicegi-hidrolat\\\/#primaryimage\",\"url\":\"https:\\\/\\\/naturalpoland.com\\\/wp-content\\\/uploads\\\/hydrolat-z-lisci-lotosu.webp\",\"contentUrl\":\"https:\\\/\\\/naturalpoland.com\\\/wp-content\\\/uploads\\\/hydrolat-z-lisci-lotosu.webp\",\"width\":611,\"height\":611,\"caption\":\"Nil\u00fcfer yapra\u011f\u0131 \u00e7i\u00e7e\u011fi hidrolat\u0131\"},{\"@type\":\"BreadcrumbList\",\"@id\":\"https:\\\/\\\/naturalpoland.com\\\/tr\\\/urunler\\\/kozmetik-hammaddeleri\\\/hidrolatlar\\\/nilufer-yapragi-cicegi-hidrolat\\\/#breadcrumb\",\"itemListElement\":[{\"@type\":\"ListItem\",\"position\":1,\"name\":\"Ana Sayfa\",\"item\":\"https:\\\/\\\/naturalpoland.com\\\/tr\\\/\"},{\"@type\":\"ListItem\",\"position\":2,\"name\":\"\u00dcr\u00fcnler\",\"item\":\"https:\\\/\\\/naturalpoland.com\\\/tr\\\/urunler\\\/\"},{\"@type\":\"ListItem\",\"position\":3,\"name\":\"Nil\u00fcfer yapra\u011f\u0131 \\\/ \u00e7i\u00e7e\u011fi hidrolat\"}]},{\"@type\":\"WebSite\",\"@id\":\"https:\\\/\\\/naturalpoland.com\\\/tr\\\/#website\",\"url\":\"https:\\\/\\\/naturalpoland.com\\\/tr\\\/\",\"name\":\"NATURAL POLAND - Hurtowy Dystrybutor Surowc\u00f3w\",\"description\":\"Surowce dla przemys\u0142u spo\u017cywczego, kosmetycznego i farmaceutycznego\",\"publisher\":{\"@id\":\"https:\\\/\\\/naturalpoland.com\\\/tr\\\/#organization\"},\"potentialAction\":[{\"@type\":\"SearchAction\",\"target\":{\"@type\":\"EntryPoint\",\"urlTemplate\":\"https:\\\/\\\/naturalpoland.com\\\/tr\\\/?s={search_term_string}\"},\"query-input\":{\"@type\":\"PropertyValueSpecification\",\"valueRequired\":true,\"valueName\":\"search_term_string\"}}],\"inLanguage\":\"tr\"},{\"@type\":\"Organization\",\"@id\":\"https:\\\/\\\/naturalpoland.com\\\/tr\\\/#organization\",\"name\":\"Natural Poland\",\"url\":\"https:\\\/\\\/naturalpoland.com\\\/tr\\\/\",\"logo\":{\"@type\":\"ImageObject\",\"inLanguage\":\"tr\",\"@id\":\"https:\\\/\\\/naturalpoland.com\\\/tr\\\/#\\\/schema\\\/logo\\\/image\\\/\",\"url\":\"https:\\\/\\\/naturalpoland.com\\\/wp-content\\\/uploads\\\/2021\\\/05\\\/natural-poland-icon.png\",\"contentUrl\":\"https:\\\/\\\/naturalpoland.com\\\/wp-content\\\/uploads\\\/2021\\\/05\\\/natural-poland-icon.png\",\"width\":512,\"height\":512,\"caption\":\"Natural Poland\"},\"image\":{\"@id\":\"https:\\\/\\\/naturalpoland.com\\\/tr\\\/#\\\/schema\\\/logo\\\/image\\\/\"},\"sameAs\":[\"https:\\\/\\\/www.facebook.com\\\/naturalpoland.b2b\",\"https:\\\/\\\/pl.linkedin.com\\\/company\\\/natural-poland\",\"https:\\\/\\\/www.youtube.com\\\/channel\\\/UCgeGGkvOMahZo-xu_MSEWxg\"]}]}<\/script>\n<!-- \/ Yoast SEO plugin. -->","yoast_head_json":{"title":"Nil\u00fcfer yapra\u011f\u0131 \/ \u00e7i\u00e7e\u011fi hidrolat - NATURAL POLAND - Hurtowy Dystrybutor Surowc\u00f3w","description":"Nil\u00fcfer yapra\u011f\u0131 \/ \u00e7i\u00e7e\u011fi hidrolat\u0131, nemlendirici, yat\u0131\u015ft\u0131r\u0131c\u0131 ve ferahlat\u0131c\u0131 \u00f6zellikleriyle de\u011fer verilen \u00f6zel bir kozmetik hammaddedir.","robots":{"index":"index","follow":"follow","max-snippet":"max-snippet:-1","max-image-preview":"max-image-preview:large","max-video-preview":"max-video-preview:-1"},"canonical":"https:\/\/naturalpoland.com\/tr\/urunler\/kozmetik-hammaddeleri\/hidrolatlar\/nilufer-yapragi-cicegi-hidrolat\/","og_locale":"tr_TR","og_type":"article","og_title":"Nil\u00fcfer yapra\u011f\u0131 \/ \u00e7i\u00e7e\u011fi hidrolat - NATURAL POLAND - Hurtowy Dystrybutor Surowc\u00f3w","og_description":"Nil\u00fcfer yapra\u011f\u0131 \/ \u00e7i\u00e7e\u011fi hidrolat\u0131, nemlendirici, yat\u0131\u015ft\u0131r\u0131c\u0131 ve ferahlat\u0131c\u0131 \u00f6zellikleriyle de\u011fer verilen \u00f6zel bir kozmetik hammaddedir.","og_url":"https:\/\/naturalpoland.com\/tr\/urunler\/kozmetik-hammaddeleri\/hidrolatlar\/nilufer-yapragi-cicegi-hidrolat\/","og_site_name":"NATURAL POLAND - Hurtowy Dystrybutor Surowc\u00f3w","article_publisher":"https:\/\/www.facebook.com\/naturalpoland.b2b","article_modified_time":"2025-12-22T11:04:39+00:00","og_image":[{"width":611,"height":611,"url":"https:\/\/naturalpoland.com\/wp-content\/uploads\/hydrolat-z-lisci-lotosu.webp","type":"image\/webp"}],"schema":{"@context":"https:\/\/schema.org","@graph":[{"@type":"WebPage","@id":"https:\/\/naturalpoland.com\/tr\/urunler\/kozmetik-hammaddeleri\/hidrolatlar\/nilufer-yapragi-cicegi-hidrolat\/","url":"https:\/\/naturalpoland.com\/tr\/urunler\/kozmetik-hammaddeleri\/hidrolatlar\/nilufer-yapragi-cicegi-hidrolat\/","name":"Nil\u00fcfer yapra\u011f\u0131 \/ \u00e7i\u00e7e\u011fi hidrolat - NATURAL POLAND - Hurtowy Dystrybutor Surowc\u00f3w","isPartOf":{"@id":"https:\/\/naturalpoland.com\/tr\/#website"},"primaryImageOfPage":{"@id":"https:\/\/naturalpoland.com\/tr\/urunler\/kozmetik-hammaddeleri\/hidrolatlar\/nilufer-yapragi-cicegi-hidrolat\/#primaryimage"},"image":{"@id":"https:\/\/naturalpoland.com\/tr\/urunler\/kozmetik-hammaddeleri\/hidrolatlar\/nilufer-yapragi-cicegi-hidrolat\/#primaryimage"},"thumbnailUrl":"https:\/\/naturalpoland.com\/wp-content\/uploads\/hydrolat-z-lisci-lotosu.webp","datePublished":"2024-05-20T11:51:41+00:00","dateModified":"2025-12-22T11:04:39+00:00","description":"Nil\u00fcfer yapra\u011f\u0131 \/ \u00e7i\u00e7e\u011fi hidrolat\u0131, nemlendirici, yat\u0131\u015ft\u0131r\u0131c\u0131 ve ferahlat\u0131c\u0131 \u00f6zellikleriyle de\u011fer verilen \u00f6zel bir kozmetik hammaddedir.","breadcrumb":{"@id":"https:\/\/naturalpoland.com\/tr\/urunler\/kozmetik-hammaddeleri\/hidrolatlar\/nilufer-yapragi-cicegi-hidrolat\/#breadcrumb"},"inLanguage":"tr","potentialAction":[{"@type":"ReadAction","target":["https:\/\/naturalpoland.com\/tr\/urunler\/kozmetik-hammaddeleri\/hidrolatlar\/nilufer-yapragi-cicegi-hidrolat\/"]}]},{"@type":"ImageObject","inLanguage":"tr","@id":"https:\/\/naturalpoland.com\/tr\/urunler\/kozmetik-hammaddeleri\/hidrolatlar\/nilufer-yapragi-cicegi-hidrolat\/#primaryimage","url":"https:\/\/naturalpoland.com\/wp-content\/uploads\/hydrolat-z-lisci-lotosu.webp","contentUrl":"https:\/\/naturalpoland.com\/wp-content\/uploads\/hydrolat-z-lisci-lotosu.webp","width":611,"height":611,"caption":"Nil\u00fcfer yapra\u011f\u0131 \u00e7i\u00e7e\u011fi hidrolat\u0131"},{"@type":"BreadcrumbList","@id":"https:\/\/naturalpoland.com\/tr\/urunler\/kozmetik-hammaddeleri\/hidrolatlar\/nilufer-yapragi-cicegi-hidrolat\/#breadcrumb","itemListElement":[{"@type":"ListItem","position":1,"name":"Ana Sayfa","item":"https:\/\/naturalpoland.com\/tr\/"},{"@type":"ListItem","position":2,"name":"\u00dcr\u00fcnler","item":"https:\/\/naturalpoland.com\/tr\/urunler\/"},{"@type":"ListItem","position":3,"name":"Nil\u00fcfer yapra\u011f\u0131 \/ \u00e7i\u00e7e\u011fi hidrolat"}]},{"@type":"WebSite","@id":"https:\/\/naturalpoland.com\/tr\/#website","url":"https:\/\/naturalpoland.com\/tr\/","name":"NATURAL POLAND - Hurtowy Dystrybutor Surowc\u00f3w","description":"Surowce dla przemys\u0142u spo\u017cywczego, kosmetycznego i farmaceutycznego","publisher":{"@id":"https:\/\/naturalpoland.com\/tr\/#organization"},"potentialAction":[{"@type":"SearchAction","target":{"@type":"EntryPoint","urlTemplate":"https:\/\/naturalpoland.com\/tr\/?s={search_term_string}"},"query-input":{"@type":"PropertyValueSpecification","valueRequired":true,"valueName":"search_term_string"}}],"inLanguage":"tr"},{"@type":"Organization","@id":"https:\/\/naturalpoland.com\/tr\/#organization","name":"Natural Poland","url":"https:\/\/naturalpoland.com\/tr\/","logo":{"@type":"ImageObject","inLanguage":"tr","@id":"https:\/\/naturalpoland.com\/tr\/#\/schema\/logo\/image\/","url":"https:\/\/naturalpoland.com\/wp-content\/uploads\/2021\/05\/natural-poland-icon.png","contentUrl":"https:\/\/naturalpoland.com\/wp-content\/uploads\/2021\/05\/natural-poland-icon.png","width":512,"height":512,"caption":"Natural Poland"},"image":{"@id":"https:\/\/naturalpoland.com\/tr\/#\/schema\/logo\/image\/"},"sameAs":["https:\/\/www.facebook.com\/naturalpoland.b2b","https:\/\/pl.linkedin.com\/company\/natural-poland","https:\/\/www.youtube.com\/channel\/UCgeGGkvOMahZo-xu_MSEWxg"]}]}},"_links":{"self":[{"href":"https:\/\/naturalpoland.com\/tr\/wp-json\/wp\/v2\/product\/44428","targetHints":{"allow":["GET"]}}],"collection":[{"href":"https:\/\/naturalpoland.com\/tr\/wp-json\/wp\/v2\/product"}],"about":[{"href":"https:\/\/naturalpoland.com\/tr\/wp-json\/wp\/v2\/types\/product"}],"wp:featuredmedia":[{"embeddable":true,"href":"https:\/\/naturalpoland.com\/tr\/wp-json\/wp\/v2\/media\/44429"}],"wp:attachment":[{"href":"https:\/\/naturalpoland.com\/tr\/wp-json\/wp\/v2\/media?parent=44428"}],"wp:term":[{"taxonomy":"product_brand","embeddable":true,"href":"https:\/\/naturalpoland.com\/tr\/wp-json\/wp\/v2\/product_brand?post=44428"},{"taxonomy":"product_cat","embeddable":true,"href":"https:\/\/naturalpoland.com\/tr\/wp-json\/wp\/v2\/product_cat?post=44428"},{"taxonomy":"product_tag","embeddable":true,"href":"https:\/\/naturalpoland.com\/tr\/wp-json\/wp\/v2\/product_tag?post=44428"}],"curies":[{"name":"wp","href":"https:\/\/api.w.org\/{rel}","templated":true}]}}