{"id":44434,"date":"2021-10-22T15:20:22","date_gmt":"2021-10-22T13:20:22","guid":{"rendered":"https:\/\/naturalpoland.com\/produkty\/kategorilenmemis\/buzul-suyu\/"},"modified":"2025-12-22T12:06:05","modified_gmt":"2025-12-22T11:06:05","slug":"buzul-suyu","status":"publish","type":"product","link":"https:\/\/naturalpoland.com\/tr\/urunler\/kozmetik-hammaddeleri\/kozmetik-hammaddeleri-2\/buzul-suyu\/","title":{"rendered":"Buzul Suyu"},"content":{"rendered":"<h2>Buzul suyunun k\u00f6keni ve \u00f6zellikleri:<\/h2>\n<p>Buzul suyu, \u0130zlanda&#8217;da bulunan buzullar\u0131n erimesi sonucu olu\u015fur. Buzul suyu elde etmek kolay de\u011fildir, \u00e7\u00fcnk\u00fc buzul kayalar\u0131n\u0131n erimeye ba\u015flad\u0131\u011f\u0131 do\u011fru yeri bulmak gerekir. Bu yerler genellikle eri\u015fimi zor olan yerlerdir. Buzuldan kopmu\u015f daha b\u00fcy\u00fck bir buz par\u00e7as\u0131 bulabilece\u011fimiz yeri bulmak gerekir. Buz, temizlenece\u011fi, eritilece\u011fi ve son ambalajlara doldurma i\u015fleminin ba\u015flayaca\u011f\u0131 yere ta\u015f\u0131nmal\u0131d\u0131r.    <\/p>\n<p>Su do\u011fal filtrasyona tabi tutulur. 8 seviyesinde pH&#8217;a sahiptir. <\/p>\n<h2>Kozmetikte buzul suyu:<\/h2>\n<p>Kozmetikte do\u011fall\u0131\u011fa d\u00f6n\u00fc\u015f ve do\u011fal hammaddelerin kullan\u0131m\u0131 de\u011ferlidir. <strong>Buzul suyu, d\u00fc\u015f\u00fck s\u0131cakl\u0131\u011f\u0131 ve elde edilme \u015fekliyle ilgili safl\u0131\u011f\u0131 nedeniyle bir\u00e7ok kozmetik \u00fcr\u00fcn\u00fcn temelini olu\u015fturur<\/strong>. Hipoalerjenik bir hammaddedir, uygun nemlendirme seviyesi sa\u011flamaya yard\u0131mc\u0131 olur ve cildi esnetir. Hassas, alerjik, kusurlu cilt bak\u0131m\u0131nda etkilidir. Buzul suyunun bile\u015fiminde cildi besleyecek, nemlendireck, g\u00fc\u00e7lendirecek, yumu\u015fatacak, yenileyecek mineraller bulunur.    <\/p>\n<h2>\u0130\u00e7me suyu olarak buzul suyu:<\/h2>\n<p>Buzul suyu karakteristik, hafif bir tada sahiptir. Ucuz bir \u00fcr\u00fcn de\u011fildir, bu nedenle ekskl\u00fczif bir mal olarak kabul edilir. Suyun tad\u0131 kaynak sular\u0131na, kristal sulara benzer. Suyun y\u00fcksek fiyat\u0131, olduk\u00e7a riskli olan elde edilme \u015fekliyle ilgilidir. \u0130nternette bu suyun daha ucuz varyantlar\u0131 da bulunabilir, ancak dikkatli olmak ve \u00f6zg\u00fcnl\u00fc\u011f\u00fcn\u00fc kontrol etmek gerekir.    <\/p>\n<h2>Buzul suyunun kullan\u0131m alanlar\u0131:<\/h2>\n<ul>\n<li>kremler,<\/li>\n<li>jeller,<\/li>\n<li>balsamlar,<\/li>\n<li>spreyl\u0259r,<\/li>\n<li>y\u00fcz maskeleri,<\/li>\n<li>i\u00e7me suyu.<\/li>\n<\/ul>\n<p>Teklifimizde bulunan buzul suyu <strong>kozmetik end\u00fcstrisinde<\/strong> ve <strong>g\u0131da end\u00fcstrisinde<\/strong> kullan\u0131m alan\u0131 bulur. Temiz bile\u015fime sahiptir, g\u0131da alan\u0131nda g\u00fcvenlik ve kalite standartlar\u0131n\u0131 kar\u015f\u0131lar. <\/p>\n<h2>Buzul suyu sa\u011fl\u0131kl\u0131 m\u0131d\u0131r?<\/h2>\n<p>Natural Poland taraf\u0131ndan sunulan buzul suyu ola\u011fan\u00fcst\u00fc safl\u0131k ve n\u00f6tr pH ile karakterize edilir. Su, buzullar end\u00fcstriyel ve tar\u0131msal kirliliklerden izole oldu\u011fu i\u00e7in pestisitler, kimyasallar ve mikroplastikler gibi bir\u00e7ok \u00e7a\u011fda\u015f kirlilikten ar\u0131nd\u0131r\u0131lm\u0131\u015ft\u0131r. <\/p>\n<hr>\n<p><strong>Kaynak\u00e7a<\/strong><\/p>\n<p>Buzul suyu \u2013 neden i\u00e7meye de\u011fer? \u2013 Familion<br \/>\nBuzul suyu \u2013 sa\u011fl\u0131k ve g\u00fczellik i\u00e7in \u2013 Vorg.pl <\/p>\n","protected":false},"excerpt":{"rendered":"<p>\u0130zlanda&#8217;dan orijinal buzul suyunun do\u011frudan \u00fcreticiden toptan distrib\u00fct\u00f6r\u00fcy\u00fcz. Donmu\u015f buz bloklar\u0131ndan elde edilmektedir, bu da bu suyun mikrobiyolojik olarak temiz olmas\u0131n\u0131 sa\u011flar ve kozmetiklere y\u00fcksek kalite garantisi verir ve i\u00e7me suyu olarak uygun olur. <\/p>\n","protected":false},"featured_media":44435,"template":"","meta":{"_acf_changed":false},"product_brand":[],"product_cat":[9558,9534,9557],"product_tag":[],"class_list":{"0":"post-44434","1":"product","2":"type-product","3":"status-publish","4":"has-post-thumbnail","6":"product_cat-gida-hammaddeleri","7":"product_cat-hazir-urunler","8":"product_cat-kozmetik-hammaddeleri-2","10":"first","11":"instock","12":"shipping-taxable","13":"product-type-simple"},"acf":[],"yoast_head":"<!-- This site is optimized with the Yoast SEO plugin v27.6 - https:\/\/yoast.com\/product\/yoast-seo-wordpress\/ -->\n<title>Buzul Suyu - NATURAL POLAND - Hurtowy Dystrybutor Surowc\u00f3w<\/title>\n<meta name=\"description\" content=\"\u0130zlanda&#039;dan orijinal buzul suyunun do\u011frudan \u00fcreticiden toptan distrib\u00fct\u00f6r\u00fcy\u00fcz. Donmu\u015f buz bloklar\u0131ndan elde edilmektedir.\" \/>\n<meta name=\"robots\" content=\"index, follow, max-snippet:-1, max-image-preview:large, max-video-preview:-1\" \/>\n<link rel=\"canonical\" href=\"https:\/\/naturalpoland.com\/tr\/urunler\/kozmetik-hammaddeleri\/kozmetik-hammaddeleri-2\/buzul-suyu\/\" \/>\n<meta property=\"og:locale\" content=\"tr_TR\" \/>\n<meta property=\"og:type\" content=\"article\" \/>\n<meta property=\"og:title\" content=\"Buzul Suyu - NATURAL POLAND - Hurtowy Dystrybutor Surowc\u00f3w\" \/>\n<meta property=\"og:description\" content=\"\u0130zlanda&#039;dan orijinal buzul suyunun do\u011frudan \u00fcreticiden toptan distrib\u00fct\u00f6r\u00fcy\u00fcz. Donmu\u015f buz bloklar\u0131ndan elde edilmektedir.\" \/>\n<meta property=\"og:url\" content=\"https:\/\/naturalpoland.com\/tr\/urunler\/kozmetik-hammaddeleri\/kozmetik-hammaddeleri-2\/buzul-suyu\/\" \/>\n<meta property=\"og:site_name\" content=\"NATURAL POLAND - Hurtowy Dystrybutor Surowc\u00f3w\" \/>\n<meta property=\"article:publisher\" content=\"https:\/\/www.facebook.com\/naturalpoland.b2b\" \/>\n<meta property=\"article:modified_time\" content=\"2025-12-22T11:06:05+00:00\" \/>\n<meta property=\"og:image\" content=\"https:\/\/naturalpoland.com\/wp-content\/uploads\/woda-lodowcowa.jpg\" \/>\n\t<meta property=\"og:image:width\" content=\"650\" \/>\n\t<meta property=\"og:image:height\" content=\"650\" \/>\n\t<meta property=\"og:image:type\" content=\"image\/jpeg\" \/>\n<script type=\"application\/ld+json\" class=\"yoast-schema-graph\">{\"@context\":\"https:\\\/\\\/schema.org\",\"@graph\":[{\"@type\":\"WebPage\",\"@id\":\"https:\\\/\\\/naturalpoland.com\\\/tr\\\/urunler\\\/kozmetik-hammaddeleri\\\/kozmetik-hammaddeleri-2\\\/buzul-suyu\\\/\",\"url\":\"https:\\\/\\\/naturalpoland.com\\\/tr\\\/urunler\\\/kozmetik-hammaddeleri\\\/kozmetik-hammaddeleri-2\\\/buzul-suyu\\\/\",\"name\":\"Buzul Suyu - NATURAL POLAND - Hurtowy Dystrybutor Surowc\u00f3w\",\"isPartOf\":{\"@id\":\"https:\\\/\\\/naturalpoland.com\\\/tr\\\/#website\"},\"primaryImageOfPage\":{\"@id\":\"https:\\\/\\\/naturalpoland.com\\\/tr\\\/urunler\\\/kozmetik-hammaddeleri\\\/kozmetik-hammaddeleri-2\\\/buzul-suyu\\\/#primaryimage\"},\"image\":{\"@id\":\"https:\\\/\\\/naturalpoland.com\\\/tr\\\/urunler\\\/kozmetik-hammaddeleri\\\/kozmetik-hammaddeleri-2\\\/buzul-suyu\\\/#primaryimage\"},\"thumbnailUrl\":\"https:\\\/\\\/naturalpoland.com\\\/wp-content\\\/uploads\\\/woda-lodowcowa.jpg\",\"datePublished\":\"2021-10-22T13:20:22+00:00\",\"dateModified\":\"2025-12-22T11:06:05+00:00\",\"description\":\"\u0130zlanda'dan orijinal buzul suyunun do\u011frudan \u00fcreticiden toptan distrib\u00fct\u00f6r\u00fcy\u00fcz. Donmu\u015f buz bloklar\u0131ndan elde edilmektedir.\",\"breadcrumb\":{\"@id\":\"https:\\\/\\\/naturalpoland.com\\\/tr\\\/urunler\\\/kozmetik-hammaddeleri\\\/kozmetik-hammaddeleri-2\\\/buzul-suyu\\\/#breadcrumb\"},\"inLanguage\":\"tr\",\"potentialAction\":[{\"@type\":\"ReadAction\",\"target\":[\"https:\\\/\\\/naturalpoland.com\\\/tr\\\/urunler\\\/kozmetik-hammaddeleri\\\/kozmetik-hammaddeleri-2\\\/buzul-suyu\\\/\"]}]},{\"@type\":\"ImageObject\",\"inLanguage\":\"tr\",\"@id\":\"https:\\\/\\\/naturalpoland.com\\\/tr\\\/urunler\\\/kozmetik-hammaddeleri\\\/kozmetik-hammaddeleri-2\\\/buzul-suyu\\\/#primaryimage\",\"url\":\"https:\\\/\\\/naturalpoland.com\\\/wp-content\\\/uploads\\\/woda-lodowcowa.jpg\",\"contentUrl\":\"https:\\\/\\\/naturalpoland.com\\\/wp-content\\\/uploads\\\/woda-lodowcowa.jpg\",\"width\":650,\"height\":650,\"caption\":\"buzul-suyu\"},{\"@type\":\"BreadcrumbList\",\"@id\":\"https:\\\/\\\/naturalpoland.com\\\/tr\\\/urunler\\\/kozmetik-hammaddeleri\\\/kozmetik-hammaddeleri-2\\\/buzul-suyu\\\/#breadcrumb\",\"itemListElement\":[{\"@type\":\"ListItem\",\"position\":1,\"name\":\"Ana Sayfa\",\"item\":\"https:\\\/\\\/naturalpoland.com\\\/tr\\\/\"},{\"@type\":\"ListItem\",\"position\":2,\"name\":\"\u00dcr\u00fcnler\",\"item\":\"https:\\\/\\\/naturalpoland.com\\\/tr\\\/urunler\\\/\"},{\"@type\":\"ListItem\",\"position\":3,\"name\":\"Buzul Suyu\"}]},{\"@type\":\"WebSite\",\"@id\":\"https:\\\/\\\/naturalpoland.com\\\/tr\\\/#website\",\"url\":\"https:\\\/\\\/naturalpoland.com\\\/tr\\\/\",\"name\":\"NATURAL POLAND - Hurtowy Dystrybutor Surowc\u00f3w\",\"description\":\"Surowce dla przemys\u0142u spo\u017cywczego, kosmetycznego i farmaceutycznego\",\"publisher\":{\"@id\":\"https:\\\/\\\/naturalpoland.com\\\/tr\\\/#organization\"},\"potentialAction\":[{\"@type\":\"SearchAction\",\"target\":{\"@type\":\"EntryPoint\",\"urlTemplate\":\"https:\\\/\\\/naturalpoland.com\\\/tr\\\/?s={search_term_string}\"},\"query-input\":{\"@type\":\"PropertyValueSpecification\",\"valueRequired\":true,\"valueName\":\"search_term_string\"}}],\"inLanguage\":\"tr\"},{\"@type\":\"Organization\",\"@id\":\"https:\\\/\\\/naturalpoland.com\\\/tr\\\/#organization\",\"name\":\"Natural Poland\",\"url\":\"https:\\\/\\\/naturalpoland.com\\\/tr\\\/\",\"logo\":{\"@type\":\"ImageObject\",\"inLanguage\":\"tr\",\"@id\":\"https:\\\/\\\/naturalpoland.com\\\/tr\\\/#\\\/schema\\\/logo\\\/image\\\/\",\"url\":\"https:\\\/\\\/naturalpoland.com\\\/wp-content\\\/uploads\\\/2021\\\/05\\\/natural-poland-icon.png\",\"contentUrl\":\"https:\\\/\\\/naturalpoland.com\\\/wp-content\\\/uploads\\\/2021\\\/05\\\/natural-poland-icon.png\",\"width\":512,\"height\":512,\"caption\":\"Natural Poland\"},\"image\":{\"@id\":\"https:\\\/\\\/naturalpoland.com\\\/tr\\\/#\\\/schema\\\/logo\\\/image\\\/\"},\"sameAs\":[\"https:\\\/\\\/www.facebook.com\\\/naturalpoland.b2b\",\"https:\\\/\\\/pl.linkedin.com\\\/company\\\/natural-poland\",\"https:\\\/\\\/www.youtube.com\\\/channel\\\/UCgeGGkvOMahZo-xu_MSEWxg\"]}]}<\/script>\n<!-- \/ Yoast SEO plugin. -->","yoast_head_json":{"title":"Buzul Suyu - NATURAL POLAND - Hurtowy Dystrybutor Surowc\u00f3w","description":"\u0130zlanda'dan orijinal buzul suyunun do\u011frudan \u00fcreticiden toptan distrib\u00fct\u00f6r\u00fcy\u00fcz. Donmu\u015f buz bloklar\u0131ndan elde edilmektedir.","robots":{"index":"index","follow":"follow","max-snippet":"max-snippet:-1","max-image-preview":"max-image-preview:large","max-video-preview":"max-video-preview:-1"},"canonical":"https:\/\/naturalpoland.com\/tr\/urunler\/kozmetik-hammaddeleri\/kozmetik-hammaddeleri-2\/buzul-suyu\/","og_locale":"tr_TR","og_type":"article","og_title":"Buzul Suyu - NATURAL POLAND - Hurtowy Dystrybutor Surowc\u00f3w","og_description":"\u0130zlanda'dan orijinal buzul suyunun do\u011frudan \u00fcreticiden toptan distrib\u00fct\u00f6r\u00fcy\u00fcz. Donmu\u015f buz bloklar\u0131ndan elde edilmektedir.","og_url":"https:\/\/naturalpoland.com\/tr\/urunler\/kozmetik-hammaddeleri\/kozmetik-hammaddeleri-2\/buzul-suyu\/","og_site_name":"NATURAL POLAND - Hurtowy Dystrybutor Surowc\u00f3w","article_publisher":"https:\/\/www.facebook.com\/naturalpoland.b2b","article_modified_time":"2025-12-22T11:06:05+00:00","og_image":[{"width":650,"height":650,"url":"https:\/\/naturalpoland.com\/wp-content\/uploads\/woda-lodowcowa.jpg","type":"image\/jpeg"}],"schema":{"@context":"https:\/\/schema.org","@graph":[{"@type":"WebPage","@id":"https:\/\/naturalpoland.com\/tr\/urunler\/kozmetik-hammaddeleri\/kozmetik-hammaddeleri-2\/buzul-suyu\/","url":"https:\/\/naturalpoland.com\/tr\/urunler\/kozmetik-hammaddeleri\/kozmetik-hammaddeleri-2\/buzul-suyu\/","name":"Buzul Suyu - NATURAL POLAND - Hurtowy Dystrybutor Surowc\u00f3w","isPartOf":{"@id":"https:\/\/naturalpoland.com\/tr\/#website"},"primaryImageOfPage":{"@id":"https:\/\/naturalpoland.com\/tr\/urunler\/kozmetik-hammaddeleri\/kozmetik-hammaddeleri-2\/buzul-suyu\/#primaryimage"},"image":{"@id":"https:\/\/naturalpoland.com\/tr\/urunler\/kozmetik-hammaddeleri\/kozmetik-hammaddeleri-2\/buzul-suyu\/#primaryimage"},"thumbnailUrl":"https:\/\/naturalpoland.com\/wp-content\/uploads\/woda-lodowcowa.jpg","datePublished":"2021-10-22T13:20:22+00:00","dateModified":"2025-12-22T11:06:05+00:00","description":"\u0130zlanda'dan orijinal buzul suyunun do\u011frudan \u00fcreticiden toptan distrib\u00fct\u00f6r\u00fcy\u00fcz. Donmu\u015f buz bloklar\u0131ndan elde edilmektedir.","breadcrumb":{"@id":"https:\/\/naturalpoland.com\/tr\/urunler\/kozmetik-hammaddeleri\/kozmetik-hammaddeleri-2\/buzul-suyu\/#breadcrumb"},"inLanguage":"tr","potentialAction":[{"@type":"ReadAction","target":["https:\/\/naturalpoland.com\/tr\/urunler\/kozmetik-hammaddeleri\/kozmetik-hammaddeleri-2\/buzul-suyu\/"]}]},{"@type":"ImageObject","inLanguage":"tr","@id":"https:\/\/naturalpoland.com\/tr\/urunler\/kozmetik-hammaddeleri\/kozmetik-hammaddeleri-2\/buzul-suyu\/#primaryimage","url":"https:\/\/naturalpoland.com\/wp-content\/uploads\/woda-lodowcowa.jpg","contentUrl":"https:\/\/naturalpoland.com\/wp-content\/uploads\/woda-lodowcowa.jpg","width":650,"height":650,"caption":"buzul-suyu"},{"@type":"BreadcrumbList","@id":"https:\/\/naturalpoland.com\/tr\/urunler\/kozmetik-hammaddeleri\/kozmetik-hammaddeleri-2\/buzul-suyu\/#breadcrumb","itemListElement":[{"@type":"ListItem","position":1,"name":"Ana Sayfa","item":"https:\/\/naturalpoland.com\/tr\/"},{"@type":"ListItem","position":2,"name":"\u00dcr\u00fcnler","item":"https:\/\/naturalpoland.com\/tr\/urunler\/"},{"@type":"ListItem","position":3,"name":"Buzul Suyu"}]},{"@type":"WebSite","@id":"https:\/\/naturalpoland.com\/tr\/#website","url":"https:\/\/naturalpoland.com\/tr\/","name":"NATURAL POLAND - Hurtowy Dystrybutor Surowc\u00f3w","description":"Surowce dla przemys\u0142u spo\u017cywczego, kosmetycznego i farmaceutycznego","publisher":{"@id":"https:\/\/naturalpoland.com\/tr\/#organization"},"potentialAction":[{"@type":"SearchAction","target":{"@type":"EntryPoint","urlTemplate":"https:\/\/naturalpoland.com\/tr\/?s={search_term_string}"},"query-input":{"@type":"PropertyValueSpecification","valueRequired":true,"valueName":"search_term_string"}}],"inLanguage":"tr"},{"@type":"Organization","@id":"https:\/\/naturalpoland.com\/tr\/#organization","name":"Natural Poland","url":"https:\/\/naturalpoland.com\/tr\/","logo":{"@type":"ImageObject","inLanguage":"tr","@id":"https:\/\/naturalpoland.com\/tr\/#\/schema\/logo\/image\/","url":"https:\/\/naturalpoland.com\/wp-content\/uploads\/2021\/05\/natural-poland-icon.png","contentUrl":"https:\/\/naturalpoland.com\/wp-content\/uploads\/2021\/05\/natural-poland-icon.png","width":512,"height":512,"caption":"Natural Poland"},"image":{"@id":"https:\/\/naturalpoland.com\/tr\/#\/schema\/logo\/image\/"},"sameAs":["https:\/\/www.facebook.com\/naturalpoland.b2b","https:\/\/pl.linkedin.com\/company\/natural-poland","https:\/\/www.youtube.com\/channel\/UCgeGGkvOMahZo-xu_MSEWxg"]}]}},"_links":{"self":[{"href":"https:\/\/naturalpoland.com\/tr\/wp-json\/wp\/v2\/product\/44434","targetHints":{"allow":["GET"]}}],"collection":[{"href":"https:\/\/naturalpoland.com\/tr\/wp-json\/wp\/v2\/product"}],"about":[{"href":"https:\/\/naturalpoland.com\/tr\/wp-json\/wp\/v2\/types\/product"}],"wp:featuredmedia":[{"embeddable":true,"href":"https:\/\/naturalpoland.com\/tr\/wp-json\/wp\/v2\/media\/44435"}],"wp:attachment":[{"href":"https:\/\/naturalpoland.com\/tr\/wp-json\/wp\/v2\/media?parent=44434"}],"wp:term":[{"taxonomy":"product_brand","embeddable":true,"href":"https:\/\/naturalpoland.com\/tr\/wp-json\/wp\/v2\/product_brand?post=44434"},{"taxonomy":"product_cat","embeddable":true,"href":"https:\/\/naturalpoland.com\/tr\/wp-json\/wp\/v2\/product_cat?post=44434"},{"taxonomy":"product_tag","embeddable":true,"href":"https:\/\/naturalpoland.com\/tr\/wp-json\/wp\/v2\/product_tag?post=44434"}],"curies":[{"name":"wp","href":"https:\/\/api.w.org\/{rel}","templated":true}]}}