{"id":44436,"date":"2025-07-01T13:39:07","date_gmt":"2025-07-01T11:39:07","guid":{"rendered":"https:\/\/naturalpoland.com\/produkty\/kategorilenmemis\/mavi-spirulina\/"},"modified":"2025-12-22T12:06:22","modified_gmt":"2025-12-22T11:06:22","slug":"mavi-spirulina","status":"publish","type":"product","link":"https:\/\/naturalpoland.com\/tr\/urunler\/gida-hammaddeleri\/uretim-hammaddeleri\/mavi-spirulina\/","title":{"rendered":"Mavi spirulina"},"content":{"rendered":"<h2>Mavi spirulina (fikosyanin) \u00e7e\u015fitleri:<\/h2>\n<p><strong>E6 \u2013 yakla\u015f\u0131k %6 fikosyanin (d\u00fc\u015f\u00fck safl\u0131k): <\/strong><br \/>\nBu, en temel mavi spirulina \u00f6z\u00fct\u00fc \u00e7e\u015fididir, en d\u00fc\u015f\u00fck pigment konsantrasyonuna ve d\u00fc\u015f\u00fck safl\u0131\u011fa sahiptir. Renk yo\u011funlu\u011funun kritik olmad\u0131\u011f\u0131 uygulamalar i\u00e7in idealdir &#8211; \u00f6rne\u011fin ucuz g\u0131da takviyeleri, cilt bak\u0131m kozmetikleri ve d\u00fc\u015f\u00fck renk gereksinimli g\u0131dalarda. Do\u011fal renklendirici arayan \u00fcreticiler i\u00e7in ekonomik bir se\u00e7enektir.  <\/p>\n<p><strong>E18 \u2013 yakla\u015f\u0131k %18 fikosyanin (orta safl\u0131k): <\/strong><br \/>\nDo\u011fal g\u0131da boyas\u0131 ve kozmetik ve takviye katk\u0131 maddesi olarak kullan\u0131lan orta seviye bir \u00e7e\u015fittir. E6&#8217;dan daha yo\u011fun bir renk sunarken, uygun fiyat\u0131n\u0131 korur. Belirgin ama maksimum olmayan renklendirme veya antioksidan etki istedi\u011fimiz uygulamalarda ba\u015far\u0131l\u0131d\u0131r.  <\/p>\n<p><strong>E25 \u2013 yakla\u015f\u0131k %25 fikosyanin (y\u00fcksek safl\u0131k): <\/strong><br \/>\nNutras\u00f6tik \u00fcr\u00fcnlerde, fonksiyonel g\u0131dalarda ve premium kozmetiklerde kullan\u0131lan y\u00fcksek pigment i\u00e7erikli ve safl\u0131kta bir \u00fcr\u00fcnd\u00fcr. Daha y\u00fcksek fikosyanin i\u00e7eri\u011fi sayesinde daha g\u00fc\u00e7l\u00fc antioksidan etki g\u00f6sterir ve daha y\u00fcksek pigment stabilitesine sahiptir. Y\u00fcksek kaliteli serum, maske, krem ve takviyelerde tercih edilir.  <\/p>\n<p><strong>E40 \u2013 yakla\u015f\u0131k %40 fikosyanin (\u00e7ok y\u00fcksek safl\u0131k): <\/strong><br \/>\nEn saf ve en konsantre \u00e7e\u015fittir. Premium uygulamalar i\u00e7in tasarlanm\u0131\u015ft\u0131r &#8211; ya\u015flanma kar\u015f\u0131t\u0131 kozmetikler, farmas\u00f6tik \u00fcr\u00fcnler, l\u00fcks takviyeler ve nutras\u00f6tiklerde. En yo\u011fun rengi ve en y\u00fcksek antioksidan etki seviyesini sa\u011flar. Mevcut t\u00fcm \u00e7e\u015fitler aras\u0131nda en stabil ve etkili olan\u0131d\u0131r.   <\/p>\n","protected":false},"excerpt":{"rendered":"<p><strong>Mavi spirulina<\/strong>, ayn\u0131 zamanda <strong>fikosyanin<\/strong> olarak da bilinen, siyanobakterilerden (spirulina) elde edilen do\u011fal mavi bir pigmenttir. G\u00fc\u00e7l\u00fc bir antioksidand\u0131r ve g\u0131da, takviye ve kozmetik end\u00fcstrisinde fonksiyonel bir bile\u015fen olarak kullan\u0131l\u0131r. <\/p>\n","protected":false},"featured_media":44439,"template":"","meta":{"_acf_changed":false},"product_brand":[],"product_cat":[9540,9544,9572],"product_tag":[],"class_list":{"0":"post-44436","1":"product","2":"type-product","3":"status-publish","4":"has-post-thumbnail","6":"product_cat-takviye-edici-gida-bilesenleri","7":"product_cat-kozmetik-boyalar","8":"product_cat-uretim-hammaddeleri","10":"first","11":"instock","12":"shipping-taxable","13":"product-type-simple"},"acf":[],"yoast_head":"<!-- This site is optimized with the Yoast SEO plugin v27.6 - https:\/\/yoast.com\/product\/yoast-seo-wordpress\/ -->\n<title>Mavi spirulina - Hurtowy Dystrybutor<\/title>\n<meta name=\"description\" content=\"Mavi spirulina, ayn\u0131 zamanda fikosyanin olarak da bilinen, siyanobakterilerden (spirulina) elde edilen do\u011fal mavi bir pigment olup g\u00fc\u00e7l\u00fc bir antioksidand\u0131r\" \/>\n<meta name=\"robots\" content=\"index, follow, max-snippet:-1, max-image-preview:large, max-video-preview:-1\" \/>\n<link rel=\"canonical\" href=\"https:\/\/naturalpoland.com\/tr\/urunler\/gida-hammaddeleri\/uretim-hammaddeleri\/mavi-spirulina\/\" \/>\n<meta property=\"og:locale\" content=\"tr_TR\" \/>\n<meta property=\"og:type\" content=\"article\" \/>\n<meta property=\"og:title\" content=\"Mavi spirulina - Hurtowy Dystrybutor\" \/>\n<meta property=\"og:description\" content=\"Mavi spirulina, ayn\u0131 zamanda fikosyanin olarak da bilinen, siyanobakterilerden (spirulina) elde edilen do\u011fal mavi bir pigment olup g\u00fc\u00e7l\u00fc bir antioksidand\u0131r\" \/>\n<meta property=\"og:url\" content=\"https:\/\/naturalpoland.com\/tr\/urunler\/gida-hammaddeleri\/uretim-hammaddeleri\/mavi-spirulina\/\" \/>\n<meta property=\"og:site_name\" content=\"NATURAL POLAND - Hurtowy Dystrybutor Surowc\u00f3w\" \/>\n<meta property=\"article:publisher\" content=\"https:\/\/www.facebook.com\/naturalpoland.b2b\" \/>\n<meta property=\"article:modified_time\" content=\"2025-12-22T11:06:22+00:00\" \/>\n<meta property=\"og:image\" content=\"https:\/\/naturalpoland.com\/wp-content\/uploads\/niebieska-spirulina-blue.png\" \/>\n\t<meta property=\"og:image:width\" content=\"1024\" \/>\n\t<meta property=\"og:image:height\" content=\"1024\" \/>\n\t<meta property=\"og:image:type\" content=\"image\/png\" \/>\n<script type=\"application\/ld+json\" class=\"yoast-schema-graph\">{\"@context\":\"https:\\\/\\\/schema.org\",\"@graph\":[{\"@type\":\"WebPage\",\"@id\":\"https:\\\/\\\/naturalpoland.com\\\/tr\\\/urunler\\\/gida-hammaddeleri\\\/uretim-hammaddeleri\\\/mavi-spirulina\\\/\",\"url\":\"https:\\\/\\\/naturalpoland.com\\\/tr\\\/urunler\\\/gida-hammaddeleri\\\/uretim-hammaddeleri\\\/mavi-spirulina\\\/\",\"name\":\"Mavi spirulina - Hurtowy Dystrybutor\",\"isPartOf\":{\"@id\":\"https:\\\/\\\/naturalpoland.com\\\/tr\\\/#website\"},\"primaryImageOfPage\":{\"@id\":\"https:\\\/\\\/naturalpoland.com\\\/tr\\\/urunler\\\/gida-hammaddeleri\\\/uretim-hammaddeleri\\\/mavi-spirulina\\\/#primaryimage\"},\"image\":{\"@id\":\"https:\\\/\\\/naturalpoland.com\\\/tr\\\/urunler\\\/gida-hammaddeleri\\\/uretim-hammaddeleri\\\/mavi-spirulina\\\/#primaryimage\"},\"thumbnailUrl\":\"https:\\\/\\\/naturalpoland.com\\\/wp-content\\\/uploads\\\/niebieska-spirulina-blue.png\",\"datePublished\":\"2025-07-01T11:39:07+00:00\",\"dateModified\":\"2025-12-22T11:06:22+00:00\",\"description\":\"Mavi spirulina, ayn\u0131 zamanda fikosyanin olarak da bilinen, siyanobakterilerden (spirulina) elde edilen do\u011fal mavi bir pigment olup g\u00fc\u00e7l\u00fc bir antioksidand\u0131r\",\"breadcrumb\":{\"@id\":\"https:\\\/\\\/naturalpoland.com\\\/tr\\\/urunler\\\/gida-hammaddeleri\\\/uretim-hammaddeleri\\\/mavi-spirulina\\\/#breadcrumb\"},\"inLanguage\":\"tr\",\"potentialAction\":[{\"@type\":\"ReadAction\",\"target\":[\"https:\\\/\\\/naturalpoland.com\\\/tr\\\/urunler\\\/gida-hammaddeleri\\\/uretim-hammaddeleri\\\/mavi-spirulina\\\/\"]}]},{\"@type\":\"ImageObject\",\"inLanguage\":\"tr\",\"@id\":\"https:\\\/\\\/naturalpoland.com\\\/tr\\\/urunler\\\/gida-hammaddeleri\\\/uretim-hammaddeleri\\\/mavi-spirulina\\\/#primaryimage\",\"url\":\"https:\\\/\\\/naturalpoland.com\\\/wp-content\\\/uploads\\\/niebieska-spirulina-blue.png\",\"contentUrl\":\"https:\\\/\\\/naturalpoland.com\\\/wp-content\\\/uploads\\\/niebieska-spirulina-blue.png\",\"width\":1024,\"height\":1024,\"caption\":\"mavi spirulina\"},{\"@type\":\"BreadcrumbList\",\"@id\":\"https:\\\/\\\/naturalpoland.com\\\/tr\\\/urunler\\\/gida-hammaddeleri\\\/uretim-hammaddeleri\\\/mavi-spirulina\\\/#breadcrumb\",\"itemListElement\":[{\"@type\":\"ListItem\",\"position\":1,\"name\":\"Ana Sayfa\",\"item\":\"https:\\\/\\\/naturalpoland.com\\\/tr\\\/\"},{\"@type\":\"ListItem\",\"position\":2,\"name\":\"\u00dcr\u00fcnler\",\"item\":\"https:\\\/\\\/naturalpoland.com\\\/tr\\\/urunler\\\/\"},{\"@type\":\"ListItem\",\"position\":3,\"name\":\"Mavi spirulina\"}]},{\"@type\":\"WebSite\",\"@id\":\"https:\\\/\\\/naturalpoland.com\\\/tr\\\/#website\",\"url\":\"https:\\\/\\\/naturalpoland.com\\\/tr\\\/\",\"name\":\"NATURAL POLAND - Hurtowy Dystrybutor Surowc\u00f3w\",\"description\":\"Surowce dla przemys\u0142u spo\u017cywczego, kosmetycznego i farmaceutycznego\",\"publisher\":{\"@id\":\"https:\\\/\\\/naturalpoland.com\\\/tr\\\/#organization\"},\"potentialAction\":[{\"@type\":\"SearchAction\",\"target\":{\"@type\":\"EntryPoint\",\"urlTemplate\":\"https:\\\/\\\/naturalpoland.com\\\/tr\\\/?s={search_term_string}\"},\"query-input\":{\"@type\":\"PropertyValueSpecification\",\"valueRequired\":true,\"valueName\":\"search_term_string\"}}],\"inLanguage\":\"tr\"},{\"@type\":\"Organization\",\"@id\":\"https:\\\/\\\/naturalpoland.com\\\/tr\\\/#organization\",\"name\":\"Natural Poland\",\"url\":\"https:\\\/\\\/naturalpoland.com\\\/tr\\\/\",\"logo\":{\"@type\":\"ImageObject\",\"inLanguage\":\"tr\",\"@id\":\"https:\\\/\\\/naturalpoland.com\\\/tr\\\/#\\\/schema\\\/logo\\\/image\\\/\",\"url\":\"https:\\\/\\\/naturalpoland.com\\\/wp-content\\\/uploads\\\/2021\\\/05\\\/natural-poland-icon.png\",\"contentUrl\":\"https:\\\/\\\/naturalpoland.com\\\/wp-content\\\/uploads\\\/2021\\\/05\\\/natural-poland-icon.png\",\"width\":512,\"height\":512,\"caption\":\"Natural Poland\"},\"image\":{\"@id\":\"https:\\\/\\\/naturalpoland.com\\\/tr\\\/#\\\/schema\\\/logo\\\/image\\\/\"},\"sameAs\":[\"https:\\\/\\\/www.facebook.com\\\/naturalpoland.b2b\",\"https:\\\/\\\/pl.linkedin.com\\\/company\\\/natural-poland\",\"https:\\\/\\\/www.youtube.com\\\/channel\\\/UCgeGGkvOMahZo-xu_MSEWxg\"]}]}<\/script>\n<!-- \/ Yoast SEO plugin. -->","yoast_head_json":{"title":"Mavi spirulina - Hurtowy Dystrybutor","description":"Mavi spirulina, ayn\u0131 zamanda fikosyanin olarak da bilinen, siyanobakterilerden (spirulina) elde edilen do\u011fal mavi bir pigment olup g\u00fc\u00e7l\u00fc bir antioksidand\u0131r","robots":{"index":"index","follow":"follow","max-snippet":"max-snippet:-1","max-image-preview":"max-image-preview:large","max-video-preview":"max-video-preview:-1"},"canonical":"https:\/\/naturalpoland.com\/tr\/urunler\/gida-hammaddeleri\/uretim-hammaddeleri\/mavi-spirulina\/","og_locale":"tr_TR","og_type":"article","og_title":"Mavi spirulina - Hurtowy Dystrybutor","og_description":"Mavi spirulina, ayn\u0131 zamanda fikosyanin olarak da bilinen, siyanobakterilerden (spirulina) elde edilen do\u011fal mavi bir pigment olup g\u00fc\u00e7l\u00fc bir antioksidand\u0131r","og_url":"https:\/\/naturalpoland.com\/tr\/urunler\/gida-hammaddeleri\/uretim-hammaddeleri\/mavi-spirulina\/","og_site_name":"NATURAL POLAND - Hurtowy Dystrybutor Surowc\u00f3w","article_publisher":"https:\/\/www.facebook.com\/naturalpoland.b2b","article_modified_time":"2025-12-22T11:06:22+00:00","og_image":[{"width":1024,"height":1024,"url":"https:\/\/naturalpoland.com\/wp-content\/uploads\/niebieska-spirulina-blue.png","type":"image\/png"}],"schema":{"@context":"https:\/\/schema.org","@graph":[{"@type":"WebPage","@id":"https:\/\/naturalpoland.com\/tr\/urunler\/gida-hammaddeleri\/uretim-hammaddeleri\/mavi-spirulina\/","url":"https:\/\/naturalpoland.com\/tr\/urunler\/gida-hammaddeleri\/uretim-hammaddeleri\/mavi-spirulina\/","name":"Mavi spirulina - Hurtowy Dystrybutor","isPartOf":{"@id":"https:\/\/naturalpoland.com\/tr\/#website"},"primaryImageOfPage":{"@id":"https:\/\/naturalpoland.com\/tr\/urunler\/gida-hammaddeleri\/uretim-hammaddeleri\/mavi-spirulina\/#primaryimage"},"image":{"@id":"https:\/\/naturalpoland.com\/tr\/urunler\/gida-hammaddeleri\/uretim-hammaddeleri\/mavi-spirulina\/#primaryimage"},"thumbnailUrl":"https:\/\/naturalpoland.com\/wp-content\/uploads\/niebieska-spirulina-blue.png","datePublished":"2025-07-01T11:39:07+00:00","dateModified":"2025-12-22T11:06:22+00:00","description":"Mavi spirulina, ayn\u0131 zamanda fikosyanin olarak da bilinen, siyanobakterilerden (spirulina) elde edilen do\u011fal mavi bir pigment olup g\u00fc\u00e7l\u00fc bir antioksidand\u0131r","breadcrumb":{"@id":"https:\/\/naturalpoland.com\/tr\/urunler\/gida-hammaddeleri\/uretim-hammaddeleri\/mavi-spirulina\/#breadcrumb"},"inLanguage":"tr","potentialAction":[{"@type":"ReadAction","target":["https:\/\/naturalpoland.com\/tr\/urunler\/gida-hammaddeleri\/uretim-hammaddeleri\/mavi-spirulina\/"]}]},{"@type":"ImageObject","inLanguage":"tr","@id":"https:\/\/naturalpoland.com\/tr\/urunler\/gida-hammaddeleri\/uretim-hammaddeleri\/mavi-spirulina\/#primaryimage","url":"https:\/\/naturalpoland.com\/wp-content\/uploads\/niebieska-spirulina-blue.png","contentUrl":"https:\/\/naturalpoland.com\/wp-content\/uploads\/niebieska-spirulina-blue.png","width":1024,"height":1024,"caption":"mavi spirulina"},{"@type":"BreadcrumbList","@id":"https:\/\/naturalpoland.com\/tr\/urunler\/gida-hammaddeleri\/uretim-hammaddeleri\/mavi-spirulina\/#breadcrumb","itemListElement":[{"@type":"ListItem","position":1,"name":"Ana Sayfa","item":"https:\/\/naturalpoland.com\/tr\/"},{"@type":"ListItem","position":2,"name":"\u00dcr\u00fcnler","item":"https:\/\/naturalpoland.com\/tr\/urunler\/"},{"@type":"ListItem","position":3,"name":"Mavi spirulina"}]},{"@type":"WebSite","@id":"https:\/\/naturalpoland.com\/tr\/#website","url":"https:\/\/naturalpoland.com\/tr\/","name":"NATURAL POLAND - Hurtowy Dystrybutor Surowc\u00f3w","description":"Surowce dla przemys\u0142u spo\u017cywczego, kosmetycznego i farmaceutycznego","publisher":{"@id":"https:\/\/naturalpoland.com\/tr\/#organization"},"potentialAction":[{"@type":"SearchAction","target":{"@type":"EntryPoint","urlTemplate":"https:\/\/naturalpoland.com\/tr\/?s={search_term_string}"},"query-input":{"@type":"PropertyValueSpecification","valueRequired":true,"valueName":"search_term_string"}}],"inLanguage":"tr"},{"@type":"Organization","@id":"https:\/\/naturalpoland.com\/tr\/#organization","name":"Natural Poland","url":"https:\/\/naturalpoland.com\/tr\/","logo":{"@type":"ImageObject","inLanguage":"tr","@id":"https:\/\/naturalpoland.com\/tr\/#\/schema\/logo\/image\/","url":"https:\/\/naturalpoland.com\/wp-content\/uploads\/2021\/05\/natural-poland-icon.png","contentUrl":"https:\/\/naturalpoland.com\/wp-content\/uploads\/2021\/05\/natural-poland-icon.png","width":512,"height":512,"caption":"Natural Poland"},"image":{"@id":"https:\/\/naturalpoland.com\/tr\/#\/schema\/logo\/image\/"},"sameAs":["https:\/\/www.facebook.com\/naturalpoland.b2b","https:\/\/pl.linkedin.com\/company\/natural-poland","https:\/\/www.youtube.com\/channel\/UCgeGGkvOMahZo-xu_MSEWxg"]}]}},"_links":{"self":[{"href":"https:\/\/naturalpoland.com\/tr\/wp-json\/wp\/v2\/product\/44436","targetHints":{"allow":["GET"]}}],"collection":[{"href":"https:\/\/naturalpoland.com\/tr\/wp-json\/wp\/v2\/product"}],"about":[{"href":"https:\/\/naturalpoland.com\/tr\/wp-json\/wp\/v2\/types\/product"}],"wp:featuredmedia":[{"embeddable":true,"href":"https:\/\/naturalpoland.com\/tr\/wp-json\/wp\/v2\/media\/44439"}],"wp:attachment":[{"href":"https:\/\/naturalpoland.com\/tr\/wp-json\/wp\/v2\/media?parent=44436"}],"wp:term":[{"taxonomy":"product_brand","embeddable":true,"href":"https:\/\/naturalpoland.com\/tr\/wp-json\/wp\/v2\/product_brand?post=44436"},{"taxonomy":"product_cat","embeddable":true,"href":"https:\/\/naturalpoland.com\/tr\/wp-json\/wp\/v2\/product_cat?post=44436"},{"taxonomy":"product_tag","embeddable":true,"href":"https:\/\/naturalpoland.com\/tr\/wp-json\/wp\/v2\/product_tag?post=44436"}],"curies":[{"name":"wp","href":"https:\/\/api.w.org\/{rel}","templated":true}]}}