{"id":44441,"date":"2021-05-11T13:56:36","date_gmt":"2021-05-11T11:56:36","guid":{"rendered":"https:\/\/naturalpoland.com\/produkty\/kategorilenmemis\/spirulina\/"},"modified":"2025-12-22T12:06:43","modified_gmt":"2025-12-22T11:06:43","slug":"spirulina","status":"publish","type":"product","link":"https:\/\/naturalpoland.com\/tr\/urunler\/farmasotik-hammaddeler\/takviye-edici-gida-bilesenleri\/spirulina\/","title":{"rendered":"Spirulina"},"content":{"rendered":"<p>Spirulina tozu, karakteristik ve hafif kokuya sahip ince, koyu ye\u015fil toz formundad\u0131r. \u00dcr\u00fcn %100 do\u011fald\u0131r ve herhangi bir katk\u0131 maddesi veya koruyucu i\u00e7ermez. <\/p>\n<h2>\u00d6zellikler<\/h2>\n<p>Spirulina b\u00fcy\u00fck \u00f6l\u00e7\u00fcde insan v\u00fccudunun kendi ba\u015f\u0131na \u00fcretemedi\u011fi amino asitler a\u00e7\u0131s\u0131ndan zengin protein (%60&#8217;tan fazla kuru a\u011f\u0131rl\u0131k) i\u00e7erir. Bu nedenle g\u00fcnl\u00fck diyetlerinde et ve hayvansal \u00fcr\u00fcnleri atlayan ki\u015filer spirulina i\u00e7eren preparatlara b\u00fcy\u00fck ilgi g\u00f6sterir. <\/p>\n<p>Geri kalan yakla\u015f\u0131k %30&#8217;luk k\u0131s\u0131m ise insan i\u00e7in gerekli doymam\u0131\u015f ya\u011f asitleri, vitaminler ve mineraller (klorofil ve karotenoidler dahil) i\u00e7erir. Spirulina ba\u015fta <strong><a href=\"https:\/\/naturalpoland.com\/produkty\/produkty-dla-przemyslu-kosmetycznego\/surowce-kosmetyczne\/witamina-a\/\">A vitamini<\/a><\/strong>, B, C, D, E, K olmak \u00fczere magnezyum, demir ve ara\u015fidonik asit gibi bile\u015fenler i\u00e7erir. <\/p>\n<p>Bu nedenle insanlar\u0131n spirulinaya ne kadar ilgi g\u00f6sterdi\u011fini tahmin etmek zor de\u011fildir. Ancak zengin i\u00e7eri\u011fine ra\u011fmen kullan\u0131m\u0131nda \u00f6nemli kontrendikasyonlar bulunmaktad\u0131r. Hamile ve emziren kad\u0131nlar, \u00e7ocuklar, ayr\u0131ca otoimm\u00fcn hastal\u0131klar\u0131 olan ki\u015filer, fenilketon\u00fcri hastalar\u0131 veya imm\u00fcnos\u00fcpresif ila\u00e7lar ya da kan p\u0131ht\u0131la\u015fmas\u0131n\u0131 art\u0131ran ila\u00e7lar kullanan hastalar spirulina i\u00e7eren preparatlar\u0131 kullanamaz.  <\/p>\n<h2>Kullan\u0131m:<\/h2>\n<p>Spirulina tozu yayg\u0131n olarak kokteyl, smoothie, meyve sular\u0131na katk\u0131 olarak ve takviye g\u0131da tablet ve kaps\u00fcllerinin bile\u015feni olarak kullan\u0131l\u0131r. Ayr\u0131ca enerji barlar\u0131, sa\u011fl\u0131k i\u00e7ecekleri veya tatl\u0131lar gibi \u00e7e\u015fitli g\u0131da \u00fcr\u00fcnlerine besin de\u011ferlerini art\u0131rmak i\u00e7in eklenebilir. <\/p>\n<p>Antioksidan ve detoksifikasyon \u00f6zellikleri nedeniyle spirulina ayr\u0131ca y\u00fcz maskeleri, kremler ve sa\u00e7 bak\u0131m preparatlar\u0131 gibi kozmetik form\u00fclasyonlarda da kullan\u0131l\u0131r.<\/p>\n","protected":false},"excerpt":{"rendered":"<p>Firmalara y\u00fcksek kaliteli spirulina tedarik ediyoruz. Bu, ye\u015fil-mavi renkli alglerin t\u00fcm biyok\u00fctlesinden elde edilen son derece pop\u00fcler bir maddedir. Spirulina bazl\u0131 preparatlar geni\u015f bir uygulama yelpazesine sahiptir, bu sayede spirulina hem kozmetik \u00fcr\u00fcnlerin hem de bilinen takviye g\u0131dalar\u0131n bile\u015feni olarak yer al\u0131r.  <\/p>\n","protected":false},"featured_media":44442,"template":"","meta":{"_acf_changed":false},"product_brand":[],"product_cat":[9540],"product_tag":[],"class_list":{"0":"post-44441","1":"product","2":"type-product","3":"status-publish","4":"has-post-thumbnail","6":"product_cat-takviye-edici-gida-bilesenleri","7":"pa_czesc-rosliny-tum-bitki","9":"first","10":"instock","11":"shipping-taxable","12":"product-type-simple"},"acf":[],"yoast_head":"<!-- This site is optimized with the Yoast SEO plugin v27.5 - https:\/\/yoast.com\/product\/yoast-seo-wordpress\/ -->\n<title>Spirulina - NATURAL POLAND - Hurtowy Dystrybutor Surowc\u00f3w<\/title>\n<meta name=\"description\" content=\"Spirulina, protein, klorofil ve di\u011fer de\u011ferli bile\u015fenler a\u00e7\u0131s\u0131ndan zenginli\u011fi sayesinde sa\u011fl\u0131\u011f\u0131 bir\u00e7ok d\u00fczeyde destekleyen besleyici bir takviye g\u0131dad\u0131r\" \/>\n<meta name=\"robots\" content=\"index, follow, max-snippet:-1, max-image-preview:large, max-video-preview:-1\" \/>\n<link rel=\"canonical\" href=\"https:\/\/naturalpoland.com\/tr\/urunler\/farmasotik-hammaddeler\/takviye-edici-gida-bilesenleri\/spirulina\/\" \/>\n<meta property=\"og:locale\" content=\"tr_TR\" \/>\n<meta property=\"og:type\" content=\"article\" \/>\n<meta property=\"og:title\" content=\"Spirulina - NATURAL POLAND - Hurtowy Dystrybutor Surowc\u00f3w\" \/>\n<meta property=\"og:description\" content=\"Spirulina, protein, klorofil ve di\u011fer de\u011ferli bile\u015fenler a\u00e7\u0131s\u0131ndan zenginli\u011fi sayesinde sa\u011fl\u0131\u011f\u0131 bir\u00e7ok d\u00fczeyde destekleyen besleyici bir takviye g\u0131dad\u0131r\" \/>\n<meta property=\"og:url\" content=\"https:\/\/naturalpoland.com\/tr\/urunler\/farmasotik-hammaddeler\/takviye-edici-gida-bilesenleri\/spirulina\/\" \/>\n<meta property=\"og:site_name\" content=\"NATURAL POLAND - Hurtowy Dystrybutor Surowc\u00f3w\" \/>\n<meta property=\"article:publisher\" content=\"https:\/\/www.facebook.com\/naturalpoland.b2b\" \/>\n<meta property=\"article:modified_time\" content=\"2025-12-22T11:06:43+00:00\" \/>\n<meta property=\"og:image\" content=\"https:\/\/naturalpoland.com\/wp-content\/uploads\/2021\/05\/spirulina.jpg\" \/>\n\t<meta property=\"og:image:width\" content=\"1000\" \/>\n\t<meta property=\"og:image:height\" content=\"1000\" \/>\n\t<meta property=\"og:image:type\" content=\"image\/jpeg\" \/>\n<script type=\"application\/ld+json\" class=\"yoast-schema-graph\">{\"@context\":\"https:\\\/\\\/schema.org\",\"@graph\":[{\"@type\":\"WebPage\",\"@id\":\"https:\\\/\\\/naturalpoland.com\\\/tr\\\/urunler\\\/farmasotik-hammaddeler\\\/takviye-edici-gida-bilesenleri\\\/spirulina\\\/\",\"url\":\"https:\\\/\\\/naturalpoland.com\\\/tr\\\/urunler\\\/farmasotik-hammaddeler\\\/takviye-edici-gida-bilesenleri\\\/spirulina\\\/\",\"name\":\"Spirulina - NATURAL POLAND - Hurtowy Dystrybutor Surowc\u00f3w\",\"isPartOf\":{\"@id\":\"https:\\\/\\\/naturalpoland.com\\\/tr\\\/#website\"},\"primaryImageOfPage\":{\"@id\":\"https:\\\/\\\/naturalpoland.com\\\/tr\\\/urunler\\\/farmasotik-hammaddeler\\\/takviye-edici-gida-bilesenleri\\\/spirulina\\\/#primaryimage\"},\"image\":{\"@id\":\"https:\\\/\\\/naturalpoland.com\\\/tr\\\/urunler\\\/farmasotik-hammaddeler\\\/takviye-edici-gida-bilesenleri\\\/spirulina\\\/#primaryimage\"},\"thumbnailUrl\":\"https:\\\/\\\/naturalpoland.com\\\/wp-content\\\/uploads\\\/2021\\\/05\\\/spirulina.jpg\",\"datePublished\":\"2021-05-11T11:56:36+00:00\",\"dateModified\":\"2025-12-22T11:06:43+00:00\",\"description\":\"Spirulina, protein, klorofil ve di\u011fer de\u011ferli bile\u015fenler a\u00e7\u0131s\u0131ndan zenginli\u011fi sayesinde sa\u011fl\u0131\u011f\u0131 bir\u00e7ok d\u00fczeyde destekleyen besleyici bir takviye g\u0131dad\u0131r\",\"breadcrumb\":{\"@id\":\"https:\\\/\\\/naturalpoland.com\\\/tr\\\/urunler\\\/farmasotik-hammaddeler\\\/takviye-edici-gida-bilesenleri\\\/spirulina\\\/#breadcrumb\"},\"inLanguage\":\"tr\",\"potentialAction\":[{\"@type\":\"ReadAction\",\"target\":[\"https:\\\/\\\/naturalpoland.com\\\/tr\\\/urunler\\\/farmasotik-hammaddeler\\\/takviye-edici-gida-bilesenleri\\\/spirulina\\\/\"]}]},{\"@type\":\"ImageObject\",\"inLanguage\":\"tr\",\"@id\":\"https:\\\/\\\/naturalpoland.com\\\/tr\\\/urunler\\\/farmasotik-hammaddeler\\\/takviye-edici-gida-bilesenleri\\\/spirulina\\\/#primaryimage\",\"url\":\"https:\\\/\\\/naturalpoland.com\\\/wp-content\\\/uploads\\\/2021\\\/05\\\/spirulina.jpg\",\"contentUrl\":\"https:\\\/\\\/naturalpoland.com\\\/wp-content\\\/uploads\\\/2021\\\/05\\\/spirulina.jpg\",\"width\":1000,\"height\":1000,\"caption\":\"Spirulina\"},{\"@type\":\"BreadcrumbList\",\"@id\":\"https:\\\/\\\/naturalpoland.com\\\/tr\\\/urunler\\\/farmasotik-hammaddeler\\\/takviye-edici-gida-bilesenleri\\\/spirulina\\\/#breadcrumb\",\"itemListElement\":[{\"@type\":\"ListItem\",\"position\":1,\"name\":\"Ana Sayfa\",\"item\":\"https:\\\/\\\/naturalpoland.com\\\/tr\\\/\"},{\"@type\":\"ListItem\",\"position\":2,\"name\":\"\u00dcr\u00fcnler\",\"item\":\"https:\\\/\\\/naturalpoland.com\\\/tr\\\/urunler\\\/\"},{\"@type\":\"ListItem\",\"position\":3,\"name\":\"Spirulina\"}]},{\"@type\":\"WebSite\",\"@id\":\"https:\\\/\\\/naturalpoland.com\\\/tr\\\/#website\",\"url\":\"https:\\\/\\\/naturalpoland.com\\\/tr\\\/\",\"name\":\"NATURAL POLAND - Hurtowy Dystrybutor Surowc\u00f3w\",\"description\":\"Surowce dla przemys\u0142u spo\u017cywczego, kosmetycznego i farmaceutycznego\",\"publisher\":{\"@id\":\"https:\\\/\\\/naturalpoland.com\\\/tr\\\/#organization\"},\"potentialAction\":[{\"@type\":\"SearchAction\",\"target\":{\"@type\":\"EntryPoint\",\"urlTemplate\":\"https:\\\/\\\/naturalpoland.com\\\/tr\\\/?s={search_term_string}\"},\"query-input\":{\"@type\":\"PropertyValueSpecification\",\"valueRequired\":true,\"valueName\":\"search_term_string\"}}],\"inLanguage\":\"tr\"},{\"@type\":\"Organization\",\"@id\":\"https:\\\/\\\/naturalpoland.com\\\/tr\\\/#organization\",\"name\":\"Natural Poland\",\"url\":\"https:\\\/\\\/naturalpoland.com\\\/tr\\\/\",\"logo\":{\"@type\":\"ImageObject\",\"inLanguage\":\"tr\",\"@id\":\"https:\\\/\\\/naturalpoland.com\\\/tr\\\/#\\\/schema\\\/logo\\\/image\\\/\",\"url\":\"https:\\\/\\\/naturalpoland.com\\\/wp-content\\\/uploads\\\/2021\\\/05\\\/natural-poland-icon.png\",\"contentUrl\":\"https:\\\/\\\/naturalpoland.com\\\/wp-content\\\/uploads\\\/2021\\\/05\\\/natural-poland-icon.png\",\"width\":512,\"height\":512,\"caption\":\"Natural Poland\"},\"image\":{\"@id\":\"https:\\\/\\\/naturalpoland.com\\\/tr\\\/#\\\/schema\\\/logo\\\/image\\\/\"},\"sameAs\":[\"https:\\\/\\\/www.facebook.com\\\/naturalpoland.b2b\",\"https:\\\/\\\/pl.linkedin.com\\\/company\\\/natural-poland\",\"https:\\\/\\\/www.youtube.com\\\/channel\\\/UCgeGGkvOMahZo-xu_MSEWxg\"]}]}<\/script>\n<!-- \/ Yoast SEO plugin. -->","yoast_head_json":{"title":"Spirulina - NATURAL POLAND - Hurtowy Dystrybutor Surowc\u00f3w","description":"Spirulina, protein, klorofil ve di\u011fer de\u011ferli bile\u015fenler a\u00e7\u0131s\u0131ndan zenginli\u011fi sayesinde sa\u011fl\u0131\u011f\u0131 bir\u00e7ok d\u00fczeyde destekleyen besleyici bir takviye g\u0131dad\u0131r","robots":{"index":"index","follow":"follow","max-snippet":"max-snippet:-1","max-image-preview":"max-image-preview:large","max-video-preview":"max-video-preview:-1"},"canonical":"https:\/\/naturalpoland.com\/tr\/urunler\/farmasotik-hammaddeler\/takviye-edici-gida-bilesenleri\/spirulina\/","og_locale":"tr_TR","og_type":"article","og_title":"Spirulina - NATURAL POLAND - Hurtowy Dystrybutor Surowc\u00f3w","og_description":"Spirulina, protein, klorofil ve di\u011fer de\u011ferli bile\u015fenler a\u00e7\u0131s\u0131ndan zenginli\u011fi sayesinde sa\u011fl\u0131\u011f\u0131 bir\u00e7ok d\u00fczeyde destekleyen besleyici bir takviye g\u0131dad\u0131r","og_url":"https:\/\/naturalpoland.com\/tr\/urunler\/farmasotik-hammaddeler\/takviye-edici-gida-bilesenleri\/spirulina\/","og_site_name":"NATURAL POLAND - Hurtowy Dystrybutor Surowc\u00f3w","article_publisher":"https:\/\/www.facebook.com\/naturalpoland.b2b","article_modified_time":"2025-12-22T11:06:43+00:00","og_image":[{"width":1000,"height":1000,"url":"https:\/\/naturalpoland.com\/wp-content\/uploads\/2021\/05\/spirulina.jpg","type":"image\/jpeg"}],"schema":{"@context":"https:\/\/schema.org","@graph":[{"@type":"WebPage","@id":"https:\/\/naturalpoland.com\/tr\/urunler\/farmasotik-hammaddeler\/takviye-edici-gida-bilesenleri\/spirulina\/","url":"https:\/\/naturalpoland.com\/tr\/urunler\/farmasotik-hammaddeler\/takviye-edici-gida-bilesenleri\/spirulina\/","name":"Spirulina - NATURAL POLAND - Hurtowy Dystrybutor Surowc\u00f3w","isPartOf":{"@id":"https:\/\/naturalpoland.com\/tr\/#website"},"primaryImageOfPage":{"@id":"https:\/\/naturalpoland.com\/tr\/urunler\/farmasotik-hammaddeler\/takviye-edici-gida-bilesenleri\/spirulina\/#primaryimage"},"image":{"@id":"https:\/\/naturalpoland.com\/tr\/urunler\/farmasotik-hammaddeler\/takviye-edici-gida-bilesenleri\/spirulina\/#primaryimage"},"thumbnailUrl":"https:\/\/naturalpoland.com\/wp-content\/uploads\/2021\/05\/spirulina.jpg","datePublished":"2021-05-11T11:56:36+00:00","dateModified":"2025-12-22T11:06:43+00:00","description":"Spirulina, protein, klorofil ve di\u011fer de\u011ferli bile\u015fenler a\u00e7\u0131s\u0131ndan zenginli\u011fi sayesinde sa\u011fl\u0131\u011f\u0131 bir\u00e7ok d\u00fczeyde destekleyen besleyici bir takviye g\u0131dad\u0131r","breadcrumb":{"@id":"https:\/\/naturalpoland.com\/tr\/urunler\/farmasotik-hammaddeler\/takviye-edici-gida-bilesenleri\/spirulina\/#breadcrumb"},"inLanguage":"tr","potentialAction":[{"@type":"ReadAction","target":["https:\/\/naturalpoland.com\/tr\/urunler\/farmasotik-hammaddeler\/takviye-edici-gida-bilesenleri\/spirulina\/"]}]},{"@type":"ImageObject","inLanguage":"tr","@id":"https:\/\/naturalpoland.com\/tr\/urunler\/farmasotik-hammaddeler\/takviye-edici-gida-bilesenleri\/spirulina\/#primaryimage","url":"https:\/\/naturalpoland.com\/wp-content\/uploads\/2021\/05\/spirulina.jpg","contentUrl":"https:\/\/naturalpoland.com\/wp-content\/uploads\/2021\/05\/spirulina.jpg","width":1000,"height":1000,"caption":"Spirulina"},{"@type":"BreadcrumbList","@id":"https:\/\/naturalpoland.com\/tr\/urunler\/farmasotik-hammaddeler\/takviye-edici-gida-bilesenleri\/spirulina\/#breadcrumb","itemListElement":[{"@type":"ListItem","position":1,"name":"Ana Sayfa","item":"https:\/\/naturalpoland.com\/tr\/"},{"@type":"ListItem","position":2,"name":"\u00dcr\u00fcnler","item":"https:\/\/naturalpoland.com\/tr\/urunler\/"},{"@type":"ListItem","position":3,"name":"Spirulina"}]},{"@type":"WebSite","@id":"https:\/\/naturalpoland.com\/tr\/#website","url":"https:\/\/naturalpoland.com\/tr\/","name":"NATURAL POLAND - Hurtowy Dystrybutor Surowc\u00f3w","description":"Surowce dla przemys\u0142u spo\u017cywczego, kosmetycznego i farmaceutycznego","publisher":{"@id":"https:\/\/naturalpoland.com\/tr\/#organization"},"potentialAction":[{"@type":"SearchAction","target":{"@type":"EntryPoint","urlTemplate":"https:\/\/naturalpoland.com\/tr\/?s={search_term_string}"},"query-input":{"@type":"PropertyValueSpecification","valueRequired":true,"valueName":"search_term_string"}}],"inLanguage":"tr"},{"@type":"Organization","@id":"https:\/\/naturalpoland.com\/tr\/#organization","name":"Natural Poland","url":"https:\/\/naturalpoland.com\/tr\/","logo":{"@type":"ImageObject","inLanguage":"tr","@id":"https:\/\/naturalpoland.com\/tr\/#\/schema\/logo\/image\/","url":"https:\/\/naturalpoland.com\/wp-content\/uploads\/2021\/05\/natural-poland-icon.png","contentUrl":"https:\/\/naturalpoland.com\/wp-content\/uploads\/2021\/05\/natural-poland-icon.png","width":512,"height":512,"caption":"Natural Poland"},"image":{"@id":"https:\/\/naturalpoland.com\/tr\/#\/schema\/logo\/image\/"},"sameAs":["https:\/\/www.facebook.com\/naturalpoland.b2b","https:\/\/pl.linkedin.com\/company\/natural-poland","https:\/\/www.youtube.com\/channel\/UCgeGGkvOMahZo-xu_MSEWxg"]}]}},"_links":{"self":[{"href":"https:\/\/naturalpoland.com\/tr\/wp-json\/wp\/v2\/product\/44441","targetHints":{"allow":["GET"]}}],"collection":[{"href":"https:\/\/naturalpoland.com\/tr\/wp-json\/wp\/v2\/product"}],"about":[{"href":"https:\/\/naturalpoland.com\/tr\/wp-json\/wp\/v2\/types\/product"}],"wp:featuredmedia":[{"embeddable":true,"href":"https:\/\/naturalpoland.com\/tr\/wp-json\/wp\/v2\/media\/44442"}],"wp:attachment":[{"href":"https:\/\/naturalpoland.com\/tr\/wp-json\/wp\/v2\/media?parent=44441"}],"wp:term":[{"taxonomy":"product_brand","embeddable":true,"href":"https:\/\/naturalpoland.com\/tr\/wp-json\/wp\/v2\/product_brand?post=44441"},{"taxonomy":"product_cat","embeddable":true,"href":"https:\/\/naturalpoland.com\/tr\/wp-json\/wp\/v2\/product_cat?post=44441"},{"taxonomy":"product_tag","embeddable":true,"href":"https:\/\/naturalpoland.com\/tr\/wp-json\/wp\/v2\/product_tag?post=44441"}],"curies":[{"name":"wp","href":"https:\/\/api.w.org\/{rel}","templated":true}]}}