{"id":44443,"date":"2021-05-11T13:49:22","date_gmt":"2021-05-11T11:49:22","guid":{"rendered":"https:\/\/naturalpoland.com\/produkty\/kategorilenmemis\/avokado-yagi\/"},"modified":"2025-12-22T12:07:59","modified_gmt":"2025-12-22T11:07:59","slug":"avokado-yagi","status":"publish","type":"product","link":"https:\/\/naturalpoland.com\/tr\/urunler\/gida-ve-kozmetik-yaglari\/avokado-yagi\/","title":{"rendered":"Avokado Ya\u011f\u0131"},"content":{"rendered":"<p>Avokado ya\u011f\u0131, bu meyvenin etli k\u0131sm\u0131ndan elde edilir. Ya\u011fda m\u00fcmk\u00fcn oldu\u011funca fazla faydal\u0131 bile\u015fen bulunacak \u015fekilde s\u0131k\u0131l\u0131r. Ya\u011f, doymam\u0131\u015f ya\u011f asitlerince zengindir. Bunlar\u0131n \u00e7o\u011funlu\u011funu, kalp ve dola\u015f\u0131m sistemi hastal\u0131klar\u0131n\u0131n tedavisinde kullan\u0131lan oleik asit olu\u015fturur. Y\u00fcksek iyi ya\u011f i\u00e7eri\u011fi ayr\u0131ca cilt ve sa\u00e7lar\u0131n durumunu iyile\u015ftirir, nem seviyelerini art\u0131r\u0131r ve g\u00f6r\u00fcn\u00fcmlerini d\u00fczeltir.    <\/p>\n<h1>Avokado Ya\u011f\u0131 &#8211; \u00d6zellikleri ve Kozmetikteki Kullan\u0131m\u0131<\/h1>\n<p>Avokado d\u00fcnyan\u0131n en sa\u011fl\u0131kl\u0131 meyvelerinden biri olarak kabul edilir. Benzersiz \u00f6zellikleri sadece meyvenin kendisini t\u00fcketerek de\u011fil, ayn\u0131 zamanda ya\u011f\u0131n\u0131 da kullanarak takdir edilebilir. Avokado ya\u011f\u0131 mutfakta, do\u011fal t\u0131pta ve kozmetikte kullan\u0131l\u0131r.  <\/p>\n<h2>Avokado Ya\u011f\u0131 &#8211; Kimyasal Bile\u015fimi<\/h2>\n<p>\u00c7o\u011fu bitkisel ya\u011f\u0131n aksine, avokado ya\u011f\u0131 \u00e7ekirdeklerden de\u011fil, meyvenin etli k\u0131sm\u0131ndan elde edilir. Hem so\u011fuk s\u0131k\u0131m y\u00f6ntemiyle (en fazla sa\u011fl\u0131k yarar\u0131n\u0131 koruyan) hem de y\u00fcksek s\u0131cakl\u0131k, enzimler veya organik \u00e7\u00f6z\u00fcc\u00fcler kullan\u0131larak rafine edilerek elde edilebilir. <\/p>\n<p>Avokado ya\u011f\u0131 \u00e7ok say\u0131da <strong><a href=\"https:\/\/naturalpoland.com\/tr\/kategori\/farmasotik-hammaddeler\/vitaminler\/\">vitamin<\/a><\/strong> i\u00e7erir &#8211; A vitamini, B grubu (B1, B2, B3, B5, B6, B7), D, E, K ve besleyici mineral tuzlar\u0131. Her ya\u011f gibi, de\u011ferli ya\u011f asitleri de i\u00e7erir. Bunlar hem doymu\u015f ya\u011f asitleri (palmitik asit, stearik asit) hem de omega-3, omega-6 ve omega-9 ya\u011f asitleridir, bunlar aras\u0131nda oleik asit, linoleik asit, linolenik asit bulunur. Avokado ya\u011f\u0131nda ayr\u0131ca lesitin, fitosteroller, proteinler ve <strong><a href=\"https:\/\/naturalpoland.pl\/produkty\/produkty-dla-przemyslu-kosmetycznego\/surowce-kosmetyczne\/skwalan-z-trzciny-cukrowej\/\">skualen<\/a><\/strong> bulunur.   <\/p>\n<h3>Ya\u011f asidi i\u00e7eri\u011fi<\/h3>\n<table>\n<tbody>\n<tr>\n<th>AS\u0130T ADI<\/th>\n<th>C-Z\u0130NC\u0130R\u0130<\/th>\n<th>ARALIK (%)<\/th>\n<\/tr>\n<tr>\n<td>PALM\u0130T\u0130K<\/td>\n<td>C16:0<\/td>\n<td>5.0 \u2013 25.0<\/td>\n<\/tr>\n<tr>\n<td>PALM\u0130TOLE\u0130K<\/td>\n<td>C16:1<\/td>\n<td>1.0 \u2013 12.0<\/td>\n<\/tr>\n<tr>\n<td>STEAR\u0130K<\/td>\n<td>C18:0<\/td>\n<td>\u22643.0<\/td>\n<\/tr>\n<tr>\n<td>OLE\u0130K<\/td>\n<td>C18:1<\/td>\n<td>50.0 \u2013 74.0<\/td>\n<\/tr>\n<tr>\n<td>L\u0130NOLE\u0130K<\/td>\n<td>C18:2<\/td>\n<td>6.0 \u2013 20.0<\/td>\n<\/tr>\n<tr>\n<td>L\u0130NOLEN\u0130K<\/td>\n<td>C18:3<\/td>\n<td>&lt; 3.0<\/td>\n<\/tr>\n<\/tbody>\n<\/table>\n<h2>Avokado Ya\u011f\u0131n\u0131n Kozmetik \u00d6zellikleri<\/h2>\n<p>Biyolojik olarak aktif bile\u015fenlerin zenginli\u011fi, avokado ya\u011f\u0131n\u0131n sadece g\u0131da end\u00fcstrisinde de\u011fil, kozmetikte de kullan\u0131lmas\u0131n\u0131 sa\u011flar. Mutfakta \u00f6zellikle kolesterol d\u00fc\u015f\u00fcr\u00fcc\u00fc \u00f6zellikleri ve kardiyovask\u00fcler sistem \u00fczerindeki olumlu etkileri takdir edilirken, avokado ya\u011f\u0131 kozmetikte de giderek daha pop\u00fcler hale gelmektedir. <\/p>\n<p>Ya\u011f asitleri i\u00e7eri\u011fi sayesinde, <strong>avokado ya\u011f\u0131 cildin do\u011fal koruyucu bariyerini g\u00fc\u00e7lendirir,<\/strong> elastikiyetini art\u0131r\u0131r, tahri\u015fi yat\u0131\u015ft\u0131r\u0131r ve epidermisin yenilenmesine yard\u0131mc\u0131 olur. Skualen, g\u00fc\u00e7l\u00fc antioksidan tokoferoller ve beta-sitosterol gibi di\u011fer bile\u015fenler, avokado ya\u011f\u0131n\u0131n kozmetik etkisini geni\u015fletir. Antibakteriyel ve antifungal \u00f6zelliklere sahiptir, kolajen \u00fcretimini uyar\u0131r, cildi yumu\u015fat\u0131r ve nemlendirir, ayr\u0131ca zararl\u0131 UV \u0131\u015f\u0131nlar\u0131na kar\u015f\u0131 koruyucu etki g\u00f6sterir.  <\/p>\n<h2>Avokado Ya\u011f\u0131n\u0131n Kozmetikte Kullan\u0131m\u0131<\/h2>\n<p>\u00c7ok y\u00f6nl\u00fc etkisi ve aktif bile\u015fenlerin zenginli\u011fi sayesinde, avokado ya\u011f\u0131 kozmetikte geni\u015f kullan\u0131m alan\u0131 bulur.<\/p>\n<h3>Y\u00fcz i\u00e7in Avokado Ya\u011f\u0131<\/h3>\n<p>Avokado ya\u011f\u0131 i\u00e7eren kozmetik \u00fcr\u00fcnler \u00f6zellikle olgun, akneli, kuru ve tahri\u015f olmu\u015f ciltlerin bak\u0131m\u0131nda \u00f6nerilir. Sadece cildi nemlendirmez ve tahri\u015fi yat\u0131\u015ft\u0131rmaz, ayn\u0131 zamanda y\u00fcksek antioksidan i\u00e7eri\u011fi sayesinde ya\u015flanma kar\u015f\u0131t\u0131 etki g\u00f6sterir. Dahas\u0131, avokado ya\u011f\u0131n\u0131n antimikrobiyal ve antienflamatuar \u00f6zellikleri, onu akne ve egzama, sedef hastal\u0131\u011f\u0131, atopik dermatit gibi cilt rahats\u0131zl\u0131klar\u0131n\u0131n tedavisinde etkili bir yard\u0131mc\u0131 madde haline getirir.  <\/p>\n<h3>V\u00fccut Bak\u0131m\u0131nda Avokado Ya\u011f\u0131<\/h3>\n<p>Avokado ya\u011f\u0131 i\u00e7eren \u00fcr\u00fcnler t\u00fcm v\u00fccudun g\u00fcnl\u00fck bak\u0131m\u0131nda da ba\u015far\u0131yla kullan\u0131labilir. Nemlendirici ve cildin koruyucu bariyerini g\u00fc\u00e7lendirici \u00f6zelliklerinin yan\u0131 s\u0131ra, temizleyici \u00f6zellikleri de takdir edilir &#8211; sadece v\u00fccut kremleri ve ya\u011flar\u0131n\u0131n de\u011fil, du\u015f jellerinin de bile\u015feni olabilir. Hassas ve nadiren alerjiye neden olan bir bile\u015fen olarak, hem hassas cilt bak\u0131m\u0131nda hem de hamile kad\u0131nlar taraf\u0131ndan g\u00fcvenle kullan\u0131labilir. \u0130lgin\u00e7 bir \u015fekilde, en son klinik raporlar, avokado ya\u011f\u0131n\u0131n sabunla\u015fmayan fraksiyonunun osteoartrit semptomlar\u0131n\u0131 hafifletme potansiyeline de i\u015faret etmektedir.   <\/p>\n<h3>Sa\u00e7 i\u00e7in Avokado Ya\u011f\u0131<\/h3>\n<p>Kozmetikte avokado ya\u011f\u0131 sadece cilt bak\u0131m \u00fcr\u00fcnlerinde de\u011fil, ayn\u0131 zamanda sa\u00e7 bak\u0131m \u00fcr\u00fcnlerinde de kullan\u0131l\u0131r. \u015eampuan, sa\u00e7 kremi ve sa\u00e7 maskelerinin i\u00e7eri\u011finde bulunabilir. Koruyucu ve nemlendirici \u00f6zelliklerinin yan\u0131 s\u0131ra, avokado ya\u011f\u0131 kepek \u00f6nleyici etki g\u00f6sterir, sa\u00e7lara parlakl\u0131k verir ve sa\u00e7 derisini besler, hafif k\u0131vam\u0131 sayesinde sa\u00e7lar\u0131 a\u011f\u0131rla\u015ft\u0131rmaz.  <\/p>\n<hr>\n<p><small><br \/>\n<strong>Kaynak\u00e7a<\/strong><\/small><\/p>\n<ol>\n<li>Schafer N, Sobczyk M, Burczyk D ve ark. Akne cilt bak\u0131m\u0131nda bitkisel ya\u011flar\u0131n kullan\u0131m olanaklar\u0131. <em>Aesthetic Cosmetology and Medicine<\/em> (2022), 2(11): 49-55. <\/li>\n<li>Walewska E. Osteoartritte avokado ve soya ya\u011f\u0131n\u0131n sabunla\u015fmayan fraksiyonlar\u0131n\u0131n etkinli\u011fi. <em>Medycyna Fakt\u00f3w<\/em> (2021), 2(51): 188-192.<\/li>\n<li>Mo\u017cd\u017ce\u0144 K, Barabasz-Krasny B, Szymacha K ve ark. Kozmetik maskelerde kullan\u0131lan bitkiler. <em>Pol J Cosmetol<\/em> (2016), 19(4): 372-379. <\/li>\n<li>https:\/\/informatormasarski.pl\/maszyny-i-technologie\/moda-a-moze-koniecznosc-wykorzystanie-odpadow-w-przemysle-miesnym\/<\/li>\n<\/ol>\n<p>&nbsp;<\/p>\n<hr>\n<p>&nbsp;<\/p>\n","protected":false},"excerpt":{"rendered":"<p>Avokado ya\u011f\u0131 giderek daha pop\u00fcler hale geliyor. \u00c7i\u011f t\u00fcketim ve k\u0131zartma i\u00e7in yemeklik ya\u011f olarak kullan\u0131l\u0131r. Ayr\u0131ca, en k\u00fc\u00e7\u00fckler ve \u00f6zellikle hassas ciltler i\u00e7in olanlar da dahil olmak \u00fczere kozmetik \u00fcr\u00fcnlerin \u00e7ok \u00f6nemli bir bile\u015fenidir.  <\/p>\n","protected":false},"featured_media":44444,"template":"","meta":{"_acf_changed":false},"product_brand":[],"product_cat":[9532],"product_tag":[],"class_list":{"0":"post-44443","1":"product","2":"type-product","3":"status-publish","4":"has-post-thumbnail","6":"product_cat-gida-ve-kozmetik-yaglari","7":"pa_grupa-substancji-emolyenler","8":"pa_metoda-pozyskiwania-soguk-pres","10":"first","11":"instock","12":"shipping-taxable","13":"product-type-simple"},"acf":[],"yoast_head":"<!-- This site is optimized with the Yoast SEO plugin v27.5 - https:\/\/yoast.com\/product\/yoast-seo-wordpress\/ -->\n<title>Avokado Ya\u011f\u0131 - Toptan Hammadde Distrib\u00fct\u00f6r\u00fc - NATURAL POLAND - Hurtowy Dystrybutor Surowc\u00f3w<\/title>\n<meta name=\"description\" content=\"Avokado ya\u011f\u0131 giderek daha pop\u00fcler hale geliyor. \u00c7i\u011f t\u00fcketim ve k\u0131zartma i\u00e7in yemeklik ya\u011f olarak kullan\u0131l\u0131r.\" \/>\n<meta name=\"robots\" content=\"index, follow, max-snippet:-1, max-image-preview:large, max-video-preview:-1\" \/>\n<link rel=\"canonical\" href=\"https:\/\/naturalpoland.com\/tr\/urunler\/gida-ve-kozmetik-yaglari\/avokado-yagi\/\" \/>\n<meta property=\"og:locale\" content=\"tr_TR\" \/>\n<meta property=\"og:type\" content=\"article\" \/>\n<meta property=\"og:title\" content=\"Avokado Ya\u011f\u0131 - Toptan Hammadde Distrib\u00fct\u00f6r\u00fc - NATURAL POLAND - Hurtowy Dystrybutor Surowc\u00f3w\" \/>\n<meta property=\"og:description\" content=\"Avokado ya\u011f\u0131 giderek daha pop\u00fcler hale geliyor. \u00c7i\u011f t\u00fcketim ve k\u0131zartma i\u00e7in yemeklik ya\u011f olarak kullan\u0131l\u0131r.\" \/>\n<meta property=\"og:url\" content=\"https:\/\/naturalpoland.com\/tr\/urunler\/gida-ve-kozmetik-yaglari\/avokado-yagi\/\" \/>\n<meta property=\"og:site_name\" content=\"NATURAL POLAND - Hurtowy Dystrybutor Surowc\u00f3w\" \/>\n<meta property=\"article:publisher\" content=\"https:\/\/www.facebook.com\/naturalpoland.b2b\" \/>\n<meta property=\"article:modified_time\" content=\"2025-12-22T11:07:59+00:00\" \/>\n<meta property=\"og:image\" content=\"https:\/\/naturalpoland.com\/wp-content\/uploads\/2021\/05\/avocado-oil.jpg\" \/>\n\t<meta property=\"og:image:width\" content=\"2533\" \/>\n\t<meta property=\"og:image:height\" content=\"1980\" \/>\n\t<meta property=\"og:image:type\" content=\"image\/jpeg\" \/>\n<script type=\"application\/ld+json\" class=\"yoast-schema-graph\">{\"@context\":\"https:\\\/\\\/schema.org\",\"@graph\":[{\"@type\":\"WebPage\",\"@id\":\"https:\\\/\\\/naturalpoland.com\\\/tr\\\/urunler\\\/gida-ve-kozmetik-yaglari\\\/avokado-yagi\\\/\",\"url\":\"https:\\\/\\\/naturalpoland.com\\\/tr\\\/urunler\\\/gida-ve-kozmetik-yaglari\\\/avokado-yagi\\\/\",\"name\":\"Avokado Ya\u011f\u0131 - Toptan Hammadde Distrib\u00fct\u00f6r\u00fc - NATURAL POLAND - Hurtowy Dystrybutor Surowc\u00f3w\",\"isPartOf\":{\"@id\":\"https:\\\/\\\/naturalpoland.com\\\/tr\\\/#website\"},\"primaryImageOfPage\":{\"@id\":\"https:\\\/\\\/naturalpoland.com\\\/tr\\\/urunler\\\/gida-ve-kozmetik-yaglari\\\/avokado-yagi\\\/#primaryimage\"},\"image\":{\"@id\":\"https:\\\/\\\/naturalpoland.com\\\/tr\\\/urunler\\\/gida-ve-kozmetik-yaglari\\\/avokado-yagi\\\/#primaryimage\"},\"thumbnailUrl\":\"https:\\\/\\\/naturalpoland.com\\\/wp-content\\\/uploads\\\/2021\\\/05\\\/avocado-oil.jpg\",\"datePublished\":\"2021-05-11T11:49:22+00:00\",\"dateModified\":\"2025-12-22T11:07:59+00:00\",\"description\":\"Avokado ya\u011f\u0131 giderek daha pop\u00fcler hale geliyor. \u00c7i\u011f t\u00fcketim ve k\u0131zartma i\u00e7in yemeklik ya\u011f olarak kullan\u0131l\u0131r.\",\"breadcrumb\":{\"@id\":\"https:\\\/\\\/naturalpoland.com\\\/tr\\\/urunler\\\/gida-ve-kozmetik-yaglari\\\/avokado-yagi\\\/#breadcrumb\"},\"inLanguage\":\"tr\",\"potentialAction\":[{\"@type\":\"ReadAction\",\"target\":[\"https:\\\/\\\/naturalpoland.com\\\/tr\\\/urunler\\\/gida-ve-kozmetik-yaglari\\\/avokado-yagi\\\/\"]}]},{\"@type\":\"ImageObject\",\"inLanguage\":\"tr\",\"@id\":\"https:\\\/\\\/naturalpoland.com\\\/tr\\\/urunler\\\/gida-ve-kozmetik-yaglari\\\/avokado-yagi\\\/#primaryimage\",\"url\":\"https:\\\/\\\/naturalpoland.com\\\/wp-content\\\/uploads\\\/2021\\\/05\\\/avocado-oil.jpg\",\"contentUrl\":\"https:\\\/\\\/naturalpoland.com\\\/wp-content\\\/uploads\\\/2021\\\/05\\\/avocado-oil.jpg\",\"width\":2533,\"height\":1980,\"caption\":\"Avokado Ya\u011f\u0131\"},{\"@type\":\"BreadcrumbList\",\"@id\":\"https:\\\/\\\/naturalpoland.com\\\/tr\\\/urunler\\\/gida-ve-kozmetik-yaglari\\\/avokado-yagi\\\/#breadcrumb\",\"itemListElement\":[{\"@type\":\"ListItem\",\"position\":1,\"name\":\"Ana Sayfa\",\"item\":\"https:\\\/\\\/naturalpoland.com\\\/tr\\\/\"},{\"@type\":\"ListItem\",\"position\":2,\"name\":\"\u00dcr\u00fcnler\",\"item\":\"https:\\\/\\\/naturalpoland.com\\\/tr\\\/urunler\\\/\"},{\"@type\":\"ListItem\",\"position\":3,\"name\":\"Avokado Ya\u011f\u0131\"}]},{\"@type\":\"WebSite\",\"@id\":\"https:\\\/\\\/naturalpoland.com\\\/tr\\\/#website\",\"url\":\"https:\\\/\\\/naturalpoland.com\\\/tr\\\/\",\"name\":\"NATURAL POLAND - Hurtowy Dystrybutor Surowc\u00f3w\",\"description\":\"Surowce dla przemys\u0142u spo\u017cywczego, kosmetycznego i farmaceutycznego\",\"publisher\":{\"@id\":\"https:\\\/\\\/naturalpoland.com\\\/tr\\\/#organization\"},\"potentialAction\":[{\"@type\":\"SearchAction\",\"target\":{\"@type\":\"EntryPoint\",\"urlTemplate\":\"https:\\\/\\\/naturalpoland.com\\\/tr\\\/?s={search_term_string}\"},\"query-input\":{\"@type\":\"PropertyValueSpecification\",\"valueRequired\":true,\"valueName\":\"search_term_string\"}}],\"inLanguage\":\"tr\"},{\"@type\":\"Organization\",\"@id\":\"https:\\\/\\\/naturalpoland.com\\\/tr\\\/#organization\",\"name\":\"Natural Poland\",\"url\":\"https:\\\/\\\/naturalpoland.com\\\/tr\\\/\",\"logo\":{\"@type\":\"ImageObject\",\"inLanguage\":\"tr\",\"@id\":\"https:\\\/\\\/naturalpoland.com\\\/tr\\\/#\\\/schema\\\/logo\\\/image\\\/\",\"url\":\"https:\\\/\\\/naturalpoland.com\\\/wp-content\\\/uploads\\\/2021\\\/05\\\/natural-poland-icon.png\",\"contentUrl\":\"https:\\\/\\\/naturalpoland.com\\\/wp-content\\\/uploads\\\/2021\\\/05\\\/natural-poland-icon.png\",\"width\":512,\"height\":512,\"caption\":\"Natural Poland\"},\"image\":{\"@id\":\"https:\\\/\\\/naturalpoland.com\\\/tr\\\/#\\\/schema\\\/logo\\\/image\\\/\"},\"sameAs\":[\"https:\\\/\\\/www.facebook.com\\\/naturalpoland.b2b\",\"https:\\\/\\\/pl.linkedin.com\\\/company\\\/natural-poland\",\"https:\\\/\\\/www.youtube.com\\\/channel\\\/UCgeGGkvOMahZo-xu_MSEWxg\"]}]}<\/script>\n<!-- \/ Yoast SEO plugin. -->","yoast_head_json":{"title":"Avokado Ya\u011f\u0131 - Toptan Hammadde Distrib\u00fct\u00f6r\u00fc - NATURAL POLAND - Hurtowy Dystrybutor Surowc\u00f3w","description":"Avokado ya\u011f\u0131 giderek daha pop\u00fcler hale geliyor. \u00c7i\u011f t\u00fcketim ve k\u0131zartma i\u00e7in yemeklik ya\u011f olarak kullan\u0131l\u0131r.","robots":{"index":"index","follow":"follow","max-snippet":"max-snippet:-1","max-image-preview":"max-image-preview:large","max-video-preview":"max-video-preview:-1"},"canonical":"https:\/\/naturalpoland.com\/tr\/urunler\/gida-ve-kozmetik-yaglari\/avokado-yagi\/","og_locale":"tr_TR","og_type":"article","og_title":"Avokado Ya\u011f\u0131 - Toptan Hammadde Distrib\u00fct\u00f6r\u00fc - NATURAL POLAND - Hurtowy Dystrybutor Surowc\u00f3w","og_description":"Avokado ya\u011f\u0131 giderek daha pop\u00fcler hale geliyor. \u00c7i\u011f t\u00fcketim ve k\u0131zartma i\u00e7in yemeklik ya\u011f olarak kullan\u0131l\u0131r.","og_url":"https:\/\/naturalpoland.com\/tr\/urunler\/gida-ve-kozmetik-yaglari\/avokado-yagi\/","og_site_name":"NATURAL POLAND - Hurtowy Dystrybutor Surowc\u00f3w","article_publisher":"https:\/\/www.facebook.com\/naturalpoland.b2b","article_modified_time":"2025-12-22T11:07:59+00:00","og_image":[{"width":2533,"height":1980,"url":"https:\/\/naturalpoland.com\/wp-content\/uploads\/2021\/05\/avocado-oil.jpg","type":"image\/jpeg"}],"schema":{"@context":"https:\/\/schema.org","@graph":[{"@type":"WebPage","@id":"https:\/\/naturalpoland.com\/tr\/urunler\/gida-ve-kozmetik-yaglari\/avokado-yagi\/","url":"https:\/\/naturalpoland.com\/tr\/urunler\/gida-ve-kozmetik-yaglari\/avokado-yagi\/","name":"Avokado Ya\u011f\u0131 - Toptan Hammadde Distrib\u00fct\u00f6r\u00fc - NATURAL POLAND - Hurtowy Dystrybutor Surowc\u00f3w","isPartOf":{"@id":"https:\/\/naturalpoland.com\/tr\/#website"},"primaryImageOfPage":{"@id":"https:\/\/naturalpoland.com\/tr\/urunler\/gida-ve-kozmetik-yaglari\/avokado-yagi\/#primaryimage"},"image":{"@id":"https:\/\/naturalpoland.com\/tr\/urunler\/gida-ve-kozmetik-yaglari\/avokado-yagi\/#primaryimage"},"thumbnailUrl":"https:\/\/naturalpoland.com\/wp-content\/uploads\/2021\/05\/avocado-oil.jpg","datePublished":"2021-05-11T11:49:22+00:00","dateModified":"2025-12-22T11:07:59+00:00","description":"Avokado ya\u011f\u0131 giderek daha pop\u00fcler hale geliyor. \u00c7i\u011f t\u00fcketim ve k\u0131zartma i\u00e7in yemeklik ya\u011f olarak kullan\u0131l\u0131r.","breadcrumb":{"@id":"https:\/\/naturalpoland.com\/tr\/urunler\/gida-ve-kozmetik-yaglari\/avokado-yagi\/#breadcrumb"},"inLanguage":"tr","potentialAction":[{"@type":"ReadAction","target":["https:\/\/naturalpoland.com\/tr\/urunler\/gida-ve-kozmetik-yaglari\/avokado-yagi\/"]}]},{"@type":"ImageObject","inLanguage":"tr","@id":"https:\/\/naturalpoland.com\/tr\/urunler\/gida-ve-kozmetik-yaglari\/avokado-yagi\/#primaryimage","url":"https:\/\/naturalpoland.com\/wp-content\/uploads\/2021\/05\/avocado-oil.jpg","contentUrl":"https:\/\/naturalpoland.com\/wp-content\/uploads\/2021\/05\/avocado-oil.jpg","width":2533,"height":1980,"caption":"Avokado Ya\u011f\u0131"},{"@type":"BreadcrumbList","@id":"https:\/\/naturalpoland.com\/tr\/urunler\/gida-ve-kozmetik-yaglari\/avokado-yagi\/#breadcrumb","itemListElement":[{"@type":"ListItem","position":1,"name":"Ana Sayfa","item":"https:\/\/naturalpoland.com\/tr\/"},{"@type":"ListItem","position":2,"name":"\u00dcr\u00fcnler","item":"https:\/\/naturalpoland.com\/tr\/urunler\/"},{"@type":"ListItem","position":3,"name":"Avokado Ya\u011f\u0131"}]},{"@type":"WebSite","@id":"https:\/\/naturalpoland.com\/tr\/#website","url":"https:\/\/naturalpoland.com\/tr\/","name":"NATURAL POLAND - Hurtowy Dystrybutor Surowc\u00f3w","description":"Surowce dla przemys\u0142u spo\u017cywczego, kosmetycznego i farmaceutycznego","publisher":{"@id":"https:\/\/naturalpoland.com\/tr\/#organization"},"potentialAction":[{"@type":"SearchAction","target":{"@type":"EntryPoint","urlTemplate":"https:\/\/naturalpoland.com\/tr\/?s={search_term_string}"},"query-input":{"@type":"PropertyValueSpecification","valueRequired":true,"valueName":"search_term_string"}}],"inLanguage":"tr"},{"@type":"Organization","@id":"https:\/\/naturalpoland.com\/tr\/#organization","name":"Natural Poland","url":"https:\/\/naturalpoland.com\/tr\/","logo":{"@type":"ImageObject","inLanguage":"tr","@id":"https:\/\/naturalpoland.com\/tr\/#\/schema\/logo\/image\/","url":"https:\/\/naturalpoland.com\/wp-content\/uploads\/2021\/05\/natural-poland-icon.png","contentUrl":"https:\/\/naturalpoland.com\/wp-content\/uploads\/2021\/05\/natural-poland-icon.png","width":512,"height":512,"caption":"Natural Poland"},"image":{"@id":"https:\/\/naturalpoland.com\/tr\/#\/schema\/logo\/image\/"},"sameAs":["https:\/\/www.facebook.com\/naturalpoland.b2b","https:\/\/pl.linkedin.com\/company\/natural-poland","https:\/\/www.youtube.com\/channel\/UCgeGGkvOMahZo-xu_MSEWxg"]}]}},"_links":{"self":[{"href":"https:\/\/naturalpoland.com\/tr\/wp-json\/wp\/v2\/product\/44443","targetHints":{"allow":["GET"]}}],"collection":[{"href":"https:\/\/naturalpoland.com\/tr\/wp-json\/wp\/v2\/product"}],"about":[{"href":"https:\/\/naturalpoland.com\/tr\/wp-json\/wp\/v2\/types\/product"}],"wp:featuredmedia":[{"embeddable":true,"href":"https:\/\/naturalpoland.com\/tr\/wp-json\/wp\/v2\/media\/44444"}],"wp:attachment":[{"href":"https:\/\/naturalpoland.com\/tr\/wp-json\/wp\/v2\/media?parent=44443"}],"wp:term":[{"taxonomy":"product_brand","embeddable":true,"href":"https:\/\/naturalpoland.com\/tr\/wp-json\/wp\/v2\/product_brand?post=44443"},{"taxonomy":"product_cat","embeddable":true,"href":"https:\/\/naturalpoland.com\/tr\/wp-json\/wp\/v2\/product_cat?post=44443"},{"taxonomy":"product_tag","embeddable":true,"href":"https:\/\/naturalpoland.com\/tr\/wp-json\/wp\/v2\/product_tag?post=44443"}],"curies":[{"name":"wp","href":"https:\/\/api.w.org\/{rel}","templated":true}]}}