{"id":44449,"date":"2021-06-09T14:36:17","date_gmt":"2021-06-09T12:36:17","guid":{"rendered":"https:\/\/naturalpoland.com\/produkty\/kategorilenmemis\/boswellia-serrata-ozutu\/"},"modified":"2025-12-22T12:08:44","modified_gmt":"2025-12-22T11:08:44","slug":"boswellia-serrata-ozutu","status":"publish","type":"product","link":"https:\/\/naturalpoland.com\/tr\/urunler\/bitkisel-ekstraktlar\/boswellia-serrata-ozutu\/","title":{"rendered":"Boswellia Serrata \u00d6z\u00fct\u00fc"},"content":{"rendered":"<p>Boswellia Serrata \u00f6z\u00fct\u00fc, esas olarak 5-lipoksigenaz (5-LOX) enzimini inhibe ederek v\u00fccuttaki inflamatuar s\u00fcre\u00e7lerden sorumlu olan l\u00f6kotrienlerin \u00fcretimini azalt\u0131r. Bu sayede Boswellia, \u00f6zellikle <strong>artrit, romatizmal hastal\u0131klar<\/strong> ve <strong>ast\u0131m<\/strong> gibi <strong>solunum sistemi sorunlar\u0131<\/strong> ba\u011flam\u0131nda inflamasyon, a\u011fr\u0131 ve \u015fi\u015fli\u011fi azaltmada etkili olabilir. Ayr\u0131ca, boswellik asitler k\u0131k\u0131rdak dokusunu koruma potansiyeli g\u00f6sterir ve eklem sa\u011fl\u0131\u011f\u0131n\u0131 destekleyebilir.  <\/p>\n<p>\u00dcr\u00fcn, beyazdan kreme kadar de\u011fi\u015fen renklerde ince bir toz formundad\u0131r. Bitkisel hammaddeye \u00f6zg\u00fc karakteristik, hafif bir kokuya sahiptir <\/p>\n<h2>Boswellia Serrata \u00f6z\u00fct\u00fcn\u00fcn kullan\u0131m alanlar\u0131:<\/h2>\n<p>Boswellia Serrata \u00f6z\u00fct\u00fc, eklem ve solunum yolu hastal\u0131klar\u0131n\u0131 tedavi etmek ve kronik inflamatuar durumlar i\u00e7in genellikle kaps\u00fcl, tablet veya toz formunda besin takviyelerinde kullan\u0131l\u0131r. Anti-inflamatuar \u00f6zellikleri sayesinde Boswellia, s\u0131kl\u0131kla artrit veya di\u011fer romatizmal hastal\u0131klardan muzdarip ki\u015filerde a\u011fr\u0131y\u0131 azaltmak ve eklem hareketlili\u011fini art\u0131rmak i\u00e7in tasarlanm\u0131\u015f preparatlarda kullan\u0131l\u0131r. <\/p>\n<p><strong>Kas ve eklem a\u011fr\u0131s\u0131<\/strong> ya\u015fayan fiziksel olarak aktif ki\u015filer i\u00e7in tasarlanm\u0131\u015f preparatlarda do\u011fal bir bile\u015fen olarak kullan\u0131labilir.<\/p>\n","protected":false},"excerpt":{"rendered":"<p><strong>Boswellia Serrata \u00f6z\u00fct\u00fc<\/strong>, ayn\u0131 zamanda <strong>Hint g\u00fcnl\u00fc\u011f\u00fc<\/strong> olarak da bilinen, <em>Boswellia serrata<\/em> a\u011fac\u0131n\u0131n re\u00e7inesinden elde edilen do\u011fal bir \u00fcr\u00fcnd\u00fcr. \u00d6z\u00fct, sa\u011fl\u0131k yararlar\u0131ndan sorumlu ana aktif bile\u015fikler olan <strong>boswellik asitler<\/strong> i\u00e7eri\u011fi a\u00e7\u0131s\u0131ndan standardize edilmi\u015ftir. <\/p>\n","protected":false},"featured_media":44451,"template":"","meta":{"_acf_changed":false},"product_brand":[],"product_cat":[9531],"product_tag":[],"class_list":{"0":"post-44449","1":"product","2":"type-product","3":"status-publish","4":"has-post-thumbnail","6":"product_cat-bitkisel-ekstraktlar","7":"pa_certyfikaty-helal","8":"pa_certyfikaty-koser-sertifikasi","9":"pa_czesc-rosliny-recine","10":"pa_skladnik-aktywny-boswellik-asit","12":"first","13":"instock","14":"shipping-taxable","15":"product-type-simple"},"acf":[],"yoast_head":"<!-- This site is optimized with the Yoast SEO plugin v27.6 - https:\/\/yoast.com\/product\/yoast-seo-wordpress\/ -->\n<title>Boswellia Serrata \u00d6z\u00fct\u00fc - NATURAL POLAND - Hurtowy Dystrybutor Surowc\u00f3w<\/title>\n<meta name=\"description\" content=\"Boswellia Serrata \u00f6z\u00fct\u00fc, besin takviyeleri ve eklem ile solunum sistemi sa\u011fl\u0131\u011f\u0131n\u0131 destekleyen \u00fcr\u00fcnlerde kullan\u0131l\u0131r.\" \/>\n<meta name=\"robots\" content=\"index, follow, max-snippet:-1, max-image-preview:large, max-video-preview:-1\" \/>\n<link rel=\"canonical\" href=\"https:\/\/naturalpoland.com\/tr\/urunler\/bitkisel-ekstraktlar\/boswellia-serrata-ozutu\/\" \/>\n<meta property=\"og:locale\" content=\"tr_TR\" \/>\n<meta property=\"og:type\" content=\"article\" \/>\n<meta property=\"og:title\" content=\"Boswellia Serrata \u00d6z\u00fct\u00fc - NATURAL POLAND - Hurtowy Dystrybutor Surowc\u00f3w\" \/>\n<meta property=\"og:description\" content=\"Boswellia Serrata \u00f6z\u00fct\u00fc, besin takviyeleri ve eklem ile solunum sistemi sa\u011fl\u0131\u011f\u0131n\u0131 destekleyen \u00fcr\u00fcnlerde kullan\u0131l\u0131r.\" \/>\n<meta property=\"og:url\" content=\"https:\/\/naturalpoland.com\/tr\/urunler\/bitkisel-ekstraktlar\/boswellia-serrata-ozutu\/\" \/>\n<meta property=\"og:site_name\" content=\"NATURAL POLAND - Hurtowy Dystrybutor Surowc\u00f3w\" \/>\n<meta property=\"article:publisher\" content=\"https:\/\/www.facebook.com\/naturalpoland.b2b\" \/>\n<meta property=\"article:modified_time\" content=\"2025-12-22T11:08:44+00:00\" \/>\n<meta property=\"og:image\" content=\"https:\/\/naturalpoland.com\/wp-content\/uploads\/boswellia_serrata_extract.webp\" \/>\n\t<meta property=\"og:image:width\" content=\"619\" \/>\n\t<meta property=\"og:image:height\" content=\"619\" \/>\n\t<meta property=\"og:image:type\" content=\"image\/webp\" \/>\n<script type=\"application\/ld+json\" class=\"yoast-schema-graph\">{\"@context\":\"https:\\\/\\\/schema.org\",\"@graph\":[{\"@type\":\"WebPage\",\"@id\":\"https:\\\/\\\/naturalpoland.com\\\/tr\\\/urunler\\\/bitkisel-ekstraktlar\\\/boswellia-serrata-ozutu\\\/\",\"url\":\"https:\\\/\\\/naturalpoland.com\\\/tr\\\/urunler\\\/bitkisel-ekstraktlar\\\/boswellia-serrata-ozutu\\\/\",\"name\":\"Boswellia Serrata \u00d6z\u00fct\u00fc - NATURAL POLAND - Hurtowy Dystrybutor Surowc\u00f3w\",\"isPartOf\":{\"@id\":\"https:\\\/\\\/naturalpoland.com\\\/tr\\\/#website\"},\"primaryImageOfPage\":{\"@id\":\"https:\\\/\\\/naturalpoland.com\\\/tr\\\/urunler\\\/bitkisel-ekstraktlar\\\/boswellia-serrata-ozutu\\\/#primaryimage\"},\"image\":{\"@id\":\"https:\\\/\\\/naturalpoland.com\\\/tr\\\/urunler\\\/bitkisel-ekstraktlar\\\/boswellia-serrata-ozutu\\\/#primaryimage\"},\"thumbnailUrl\":\"https:\\\/\\\/naturalpoland.com\\\/wp-content\\\/uploads\\\/boswellia_serrata_extract.webp\",\"datePublished\":\"2021-06-09T12:36:17+00:00\",\"dateModified\":\"2025-12-22T11:08:44+00:00\",\"description\":\"Boswellia Serrata \u00f6z\u00fct\u00fc, besin takviyeleri ve eklem ile solunum sistemi sa\u011fl\u0131\u011f\u0131n\u0131 destekleyen \u00fcr\u00fcnlerde kullan\u0131l\u0131r.\",\"breadcrumb\":{\"@id\":\"https:\\\/\\\/naturalpoland.com\\\/tr\\\/urunler\\\/bitkisel-ekstraktlar\\\/boswellia-serrata-ozutu\\\/#breadcrumb\"},\"inLanguage\":\"tr\",\"potentialAction\":[{\"@type\":\"ReadAction\",\"target\":[\"https:\\\/\\\/naturalpoland.com\\\/tr\\\/urunler\\\/bitkisel-ekstraktlar\\\/boswellia-serrata-ozutu\\\/\"]}]},{\"@type\":\"ImageObject\",\"inLanguage\":\"tr\",\"@id\":\"https:\\\/\\\/naturalpoland.com\\\/tr\\\/urunler\\\/bitkisel-ekstraktlar\\\/boswellia-serrata-ozutu\\\/#primaryimage\",\"url\":\"https:\\\/\\\/naturalpoland.com\\\/wp-content\\\/uploads\\\/boswellia_serrata_extract.webp\",\"contentUrl\":\"https:\\\/\\\/naturalpoland.com\\\/wp-content\\\/uploads\\\/boswellia_serrata_extract.webp\",\"width\":619,\"height\":619,\"caption\":\"Boswellia serrata a\u011fac\u0131n\u0131n re\u00e7inesinden elde edilen Boswellia serrata \u00f6z\u00fct\u00fc, beyazdan kreme kadar de\u011fi\u015fen renklerde ince bir toz formundad\u0131r\"},{\"@type\":\"BreadcrumbList\",\"@id\":\"https:\\\/\\\/naturalpoland.com\\\/tr\\\/urunler\\\/bitkisel-ekstraktlar\\\/boswellia-serrata-ozutu\\\/#breadcrumb\",\"itemListElement\":[{\"@type\":\"ListItem\",\"position\":1,\"name\":\"Ana Sayfa\",\"item\":\"https:\\\/\\\/naturalpoland.com\\\/tr\\\/\"},{\"@type\":\"ListItem\",\"position\":2,\"name\":\"\u00dcr\u00fcnler\",\"item\":\"https:\\\/\\\/naturalpoland.com\\\/tr\\\/urunler\\\/\"},{\"@type\":\"ListItem\",\"position\":3,\"name\":\"Boswellia Serrata \u00d6z\u00fct\u00fc\"}]},{\"@type\":\"WebSite\",\"@id\":\"https:\\\/\\\/naturalpoland.com\\\/tr\\\/#website\",\"url\":\"https:\\\/\\\/naturalpoland.com\\\/tr\\\/\",\"name\":\"NATURAL POLAND - Hurtowy Dystrybutor Surowc\u00f3w\",\"description\":\"Surowce dla przemys\u0142u spo\u017cywczego, kosmetycznego i farmaceutycznego\",\"publisher\":{\"@id\":\"https:\\\/\\\/naturalpoland.com\\\/tr\\\/#organization\"},\"potentialAction\":[{\"@type\":\"SearchAction\",\"target\":{\"@type\":\"EntryPoint\",\"urlTemplate\":\"https:\\\/\\\/naturalpoland.com\\\/tr\\\/?s={search_term_string}\"},\"query-input\":{\"@type\":\"PropertyValueSpecification\",\"valueRequired\":true,\"valueName\":\"search_term_string\"}}],\"inLanguage\":\"tr\"},{\"@type\":\"Organization\",\"@id\":\"https:\\\/\\\/naturalpoland.com\\\/tr\\\/#organization\",\"name\":\"Natural Poland\",\"url\":\"https:\\\/\\\/naturalpoland.com\\\/tr\\\/\",\"logo\":{\"@type\":\"ImageObject\",\"inLanguage\":\"tr\",\"@id\":\"https:\\\/\\\/naturalpoland.com\\\/tr\\\/#\\\/schema\\\/logo\\\/image\\\/\",\"url\":\"https:\\\/\\\/naturalpoland.com\\\/wp-content\\\/uploads\\\/2021\\\/05\\\/natural-poland-icon.png\",\"contentUrl\":\"https:\\\/\\\/naturalpoland.com\\\/wp-content\\\/uploads\\\/2021\\\/05\\\/natural-poland-icon.png\",\"width\":512,\"height\":512,\"caption\":\"Natural Poland\"},\"image\":{\"@id\":\"https:\\\/\\\/naturalpoland.com\\\/tr\\\/#\\\/schema\\\/logo\\\/image\\\/\"},\"sameAs\":[\"https:\\\/\\\/www.facebook.com\\\/naturalpoland.b2b\",\"https:\\\/\\\/pl.linkedin.com\\\/company\\\/natural-poland\",\"https:\\\/\\\/www.youtube.com\\\/channel\\\/UCgeGGkvOMahZo-xu_MSEWxg\"]}]}<\/script>\n<!-- \/ Yoast SEO plugin. -->","yoast_head_json":{"title":"Boswellia Serrata \u00d6z\u00fct\u00fc - NATURAL POLAND - Hurtowy Dystrybutor Surowc\u00f3w","description":"Boswellia Serrata \u00f6z\u00fct\u00fc, besin takviyeleri ve eklem ile solunum sistemi sa\u011fl\u0131\u011f\u0131n\u0131 destekleyen \u00fcr\u00fcnlerde kullan\u0131l\u0131r.","robots":{"index":"index","follow":"follow","max-snippet":"max-snippet:-1","max-image-preview":"max-image-preview:large","max-video-preview":"max-video-preview:-1"},"canonical":"https:\/\/naturalpoland.com\/tr\/urunler\/bitkisel-ekstraktlar\/boswellia-serrata-ozutu\/","og_locale":"tr_TR","og_type":"article","og_title":"Boswellia Serrata \u00d6z\u00fct\u00fc - NATURAL POLAND - Hurtowy Dystrybutor Surowc\u00f3w","og_description":"Boswellia Serrata \u00f6z\u00fct\u00fc, besin takviyeleri ve eklem ile solunum sistemi sa\u011fl\u0131\u011f\u0131n\u0131 destekleyen \u00fcr\u00fcnlerde kullan\u0131l\u0131r.","og_url":"https:\/\/naturalpoland.com\/tr\/urunler\/bitkisel-ekstraktlar\/boswellia-serrata-ozutu\/","og_site_name":"NATURAL POLAND - Hurtowy Dystrybutor Surowc\u00f3w","article_publisher":"https:\/\/www.facebook.com\/naturalpoland.b2b","article_modified_time":"2025-12-22T11:08:44+00:00","og_image":[{"width":619,"height":619,"url":"https:\/\/naturalpoland.com\/wp-content\/uploads\/boswellia_serrata_extract.webp","type":"image\/webp"}],"schema":{"@context":"https:\/\/schema.org","@graph":[{"@type":"WebPage","@id":"https:\/\/naturalpoland.com\/tr\/urunler\/bitkisel-ekstraktlar\/boswellia-serrata-ozutu\/","url":"https:\/\/naturalpoland.com\/tr\/urunler\/bitkisel-ekstraktlar\/boswellia-serrata-ozutu\/","name":"Boswellia Serrata \u00d6z\u00fct\u00fc - NATURAL POLAND - Hurtowy Dystrybutor Surowc\u00f3w","isPartOf":{"@id":"https:\/\/naturalpoland.com\/tr\/#website"},"primaryImageOfPage":{"@id":"https:\/\/naturalpoland.com\/tr\/urunler\/bitkisel-ekstraktlar\/boswellia-serrata-ozutu\/#primaryimage"},"image":{"@id":"https:\/\/naturalpoland.com\/tr\/urunler\/bitkisel-ekstraktlar\/boswellia-serrata-ozutu\/#primaryimage"},"thumbnailUrl":"https:\/\/naturalpoland.com\/wp-content\/uploads\/boswellia_serrata_extract.webp","datePublished":"2021-06-09T12:36:17+00:00","dateModified":"2025-12-22T11:08:44+00:00","description":"Boswellia Serrata \u00f6z\u00fct\u00fc, besin takviyeleri ve eklem ile solunum sistemi sa\u011fl\u0131\u011f\u0131n\u0131 destekleyen \u00fcr\u00fcnlerde kullan\u0131l\u0131r.","breadcrumb":{"@id":"https:\/\/naturalpoland.com\/tr\/urunler\/bitkisel-ekstraktlar\/boswellia-serrata-ozutu\/#breadcrumb"},"inLanguage":"tr","potentialAction":[{"@type":"ReadAction","target":["https:\/\/naturalpoland.com\/tr\/urunler\/bitkisel-ekstraktlar\/boswellia-serrata-ozutu\/"]}]},{"@type":"ImageObject","inLanguage":"tr","@id":"https:\/\/naturalpoland.com\/tr\/urunler\/bitkisel-ekstraktlar\/boswellia-serrata-ozutu\/#primaryimage","url":"https:\/\/naturalpoland.com\/wp-content\/uploads\/boswellia_serrata_extract.webp","contentUrl":"https:\/\/naturalpoland.com\/wp-content\/uploads\/boswellia_serrata_extract.webp","width":619,"height":619,"caption":"Boswellia serrata a\u011fac\u0131n\u0131n re\u00e7inesinden elde edilen Boswellia serrata \u00f6z\u00fct\u00fc, beyazdan kreme kadar de\u011fi\u015fen renklerde ince bir toz formundad\u0131r"},{"@type":"BreadcrumbList","@id":"https:\/\/naturalpoland.com\/tr\/urunler\/bitkisel-ekstraktlar\/boswellia-serrata-ozutu\/#breadcrumb","itemListElement":[{"@type":"ListItem","position":1,"name":"Ana Sayfa","item":"https:\/\/naturalpoland.com\/tr\/"},{"@type":"ListItem","position":2,"name":"\u00dcr\u00fcnler","item":"https:\/\/naturalpoland.com\/tr\/urunler\/"},{"@type":"ListItem","position":3,"name":"Boswellia Serrata \u00d6z\u00fct\u00fc"}]},{"@type":"WebSite","@id":"https:\/\/naturalpoland.com\/tr\/#website","url":"https:\/\/naturalpoland.com\/tr\/","name":"NATURAL POLAND - Hurtowy Dystrybutor Surowc\u00f3w","description":"Surowce dla przemys\u0142u spo\u017cywczego, kosmetycznego i farmaceutycznego","publisher":{"@id":"https:\/\/naturalpoland.com\/tr\/#organization"},"potentialAction":[{"@type":"SearchAction","target":{"@type":"EntryPoint","urlTemplate":"https:\/\/naturalpoland.com\/tr\/?s={search_term_string}"},"query-input":{"@type":"PropertyValueSpecification","valueRequired":true,"valueName":"search_term_string"}}],"inLanguage":"tr"},{"@type":"Organization","@id":"https:\/\/naturalpoland.com\/tr\/#organization","name":"Natural Poland","url":"https:\/\/naturalpoland.com\/tr\/","logo":{"@type":"ImageObject","inLanguage":"tr","@id":"https:\/\/naturalpoland.com\/tr\/#\/schema\/logo\/image\/","url":"https:\/\/naturalpoland.com\/wp-content\/uploads\/2021\/05\/natural-poland-icon.png","contentUrl":"https:\/\/naturalpoland.com\/wp-content\/uploads\/2021\/05\/natural-poland-icon.png","width":512,"height":512,"caption":"Natural Poland"},"image":{"@id":"https:\/\/naturalpoland.com\/tr\/#\/schema\/logo\/image\/"},"sameAs":["https:\/\/www.facebook.com\/naturalpoland.b2b","https:\/\/pl.linkedin.com\/company\/natural-poland","https:\/\/www.youtube.com\/channel\/UCgeGGkvOMahZo-xu_MSEWxg"]}]}},"_links":{"self":[{"href":"https:\/\/naturalpoland.com\/tr\/wp-json\/wp\/v2\/product\/44449","targetHints":{"allow":["GET"]}}],"collection":[{"href":"https:\/\/naturalpoland.com\/tr\/wp-json\/wp\/v2\/product"}],"about":[{"href":"https:\/\/naturalpoland.com\/tr\/wp-json\/wp\/v2\/types\/product"}],"wp:featuredmedia":[{"embeddable":true,"href":"https:\/\/naturalpoland.com\/tr\/wp-json\/wp\/v2\/media\/44451"}],"wp:attachment":[{"href":"https:\/\/naturalpoland.com\/tr\/wp-json\/wp\/v2\/media?parent=44449"}],"wp:term":[{"taxonomy":"product_brand","embeddable":true,"href":"https:\/\/naturalpoland.com\/tr\/wp-json\/wp\/v2\/product_brand?post=44449"},{"taxonomy":"product_cat","embeddable":true,"href":"https:\/\/naturalpoland.com\/tr\/wp-json\/wp\/v2\/product_cat?post=44449"},{"taxonomy":"product_tag","embeddable":true,"href":"https:\/\/naturalpoland.com\/tr\/wp-json\/wp\/v2\/product_tag?post=44449"}],"curies":[{"name":"wp","href":"https:\/\/api.w.org\/{rel}","templated":true}]}}