{"id":44455,"date":"2021-05-11T13:55:24","date_gmt":"2021-05-11T11:55:24","guid":{"rendered":"https:\/\/naturalpoland.com\/produkty\/kategorilenmemis\/aynisafa-cicegi-yapraklari\/"},"modified":"2025-12-22T12:09:34","modified_gmt":"2025-12-22T11:09:34","slug":"aynisafa-cicegi-yapraklari","status":"publish","type":"product","link":"https:\/\/naturalpoland.com\/tr\/urunler\/bitkisel-urunler\/aynisafa-cicegi-yapraklari\/","title":{"rendered":"Ayn\u0131safa \u00e7i\u00e7e\u011fi yapraklar\u0131"},"content":{"rendered":"<p>Ayn\u0131safa \u00e7i\u00e7e\u011fi yapraklar\u0131 cildin yenilenmesini h\u0131zland\u0131r\u0131r. Tahri\u015f olmu\u015f, hassas ve kuru ciltlerin bak\u0131m\u0131nda kullan\u0131lmal\u0131d\u0131r. Antienflamatuar ve bakteriyostatik etkilere sahiptir. Yapraklar ayr\u0131ca yaral\u0131, \u00e7\u00fcr\u00fck veya yan\u0131k ciltler i\u00e7in preparatlarda da kullan\u0131labilir. Cildi nemlendiren ve yenileyen maseratlar ve inf\u00fczyonlar i\u00e7in de temel olarak kullan\u0131labilir.    <\/p>\n","protected":false},"excerpt":{"rendered":"<p>Ayn\u0131safa \u00e7i\u00e7e\u011fi yapraklar\u0131 karakteristik turuncu rengi ve ho\u015f kokusuyla bilinir. Estetik de\u011ferlerini art\u0131rd\u0131\u011f\u0131 i\u00e7in \u00e7o\u011funlukla sabun, banyo tuzu, banyo topu ve do\u011fal peeling gibi banyo kozmetiklerinde kullan\u0131l\u0131r. Ayn\u0131safa&#8217;n\u0131n cilt \u00fczerinde olumlu etkileri oldu\u011funu da unutmamak gerekir.  <\/p>\n","protected":false},"featured_media":44456,"template":"","meta":{"_acf_changed":false},"product_brand":[],"product_cat":[9535],"product_tag":[],"class_list":{"0":"post-44455","1":"product","2":"type-product","3":"status-publish","4":"has-post-thumbnail","6":"product_cat-bitkisel-urunler","8":"first","9":"instock","10":"shipping-taxable","11":"product-type-simple"},"acf":[],"yoast_head":"<!-- This site is optimized with the Yoast SEO plugin v27.5 - https:\/\/yoast.com\/product\/yoast-seo-wordpress\/ -->\n<title>Ayn\u0131safa \u00e7i\u00e7e\u011fi yapraklar\u0131 - Hurtowy Dystrybutor<\/title>\n<meta name=\"robots\" content=\"index, follow, max-snippet:-1, max-image-preview:large, max-video-preview:-1\" \/>\n<link rel=\"canonical\" href=\"https:\/\/naturalpoland.com\/tr\/urunler\/bitkisel-urunler\/aynisafa-cicegi-yapraklari\/\" \/>\n<meta property=\"og:locale\" content=\"tr_TR\" \/>\n<meta property=\"og:type\" content=\"article\" \/>\n<meta property=\"og:title\" content=\"Ayn\u0131safa \u00e7i\u00e7e\u011fi yapraklar\u0131 - Hurtowy Dystrybutor\" \/>\n<meta property=\"og:description\" content=\"Ayn\u0131safa \u00e7i\u00e7e\u011fi yapraklar\u0131 karakteristik turuncu rengi ve ho\u015f kokusuyla bilinir. Estetik de\u011ferlerini art\u0131rd\u0131\u011f\u0131 i\u00e7in \u00e7o\u011funlukla sabun, banyo tuzu, banyo topu ve do\u011fal peeling gibi banyo kozmetiklerinde kullan\u0131l\u0131r. Ayn\u0131safa&#039;n\u0131n cilt \u00fczerinde olumlu etkileri oldu\u011funu da unutmamak gerekir.\" \/>\n<meta property=\"og:url\" content=\"https:\/\/naturalpoland.com\/tr\/urunler\/bitkisel-urunler\/aynisafa-cicegi-yapraklari\/\" \/>\n<meta property=\"og:site_name\" content=\"NATURAL POLAND - Hurtowy Dystrybutor Surowc\u00f3w\" \/>\n<meta property=\"article:publisher\" content=\"https:\/\/www.facebook.com\/naturalpoland.b2b\" \/>\n<meta property=\"article:modified_time\" content=\"2025-12-22T11:09:34+00:00\" \/>\n<meta property=\"og:image\" content=\"https:\/\/naturalpoland.com\/wp-content\/uploads\/2021\/05\/calendula-petals.png\" \/>\n\t<meta property=\"og:image:width\" content=\"640\" \/>\n\t<meta property=\"og:image:height\" content=\"640\" \/>\n\t<meta property=\"og:image:type\" content=\"image\/png\" \/>\n<script type=\"application\/ld+json\" class=\"yoast-schema-graph\">{\"@context\":\"https:\\\/\\\/schema.org\",\"@graph\":[{\"@type\":\"WebPage\",\"@id\":\"https:\\\/\\\/naturalpoland.com\\\/tr\\\/urunler\\\/bitkisel-urunler\\\/aynisafa-cicegi-yapraklari\\\/\",\"url\":\"https:\\\/\\\/naturalpoland.com\\\/tr\\\/urunler\\\/bitkisel-urunler\\\/aynisafa-cicegi-yapraklari\\\/\",\"name\":\"Ayn\u0131safa \u00e7i\u00e7e\u011fi yapraklar\u0131 - Hurtowy Dystrybutor\",\"isPartOf\":{\"@id\":\"https:\\\/\\\/naturalpoland.com\\\/tr\\\/#website\"},\"primaryImageOfPage\":{\"@id\":\"https:\\\/\\\/naturalpoland.com\\\/tr\\\/urunler\\\/bitkisel-urunler\\\/aynisafa-cicegi-yapraklari\\\/#primaryimage\"},\"image\":{\"@id\":\"https:\\\/\\\/naturalpoland.com\\\/tr\\\/urunler\\\/bitkisel-urunler\\\/aynisafa-cicegi-yapraklari\\\/#primaryimage\"},\"thumbnailUrl\":\"https:\\\/\\\/naturalpoland.com\\\/wp-content\\\/uploads\\\/2021\\\/05\\\/calendula-petals.png\",\"datePublished\":\"2021-05-11T11:55:24+00:00\",\"dateModified\":\"2025-12-22T11:09:34+00:00\",\"breadcrumb\":{\"@id\":\"https:\\\/\\\/naturalpoland.com\\\/tr\\\/urunler\\\/bitkisel-urunler\\\/aynisafa-cicegi-yapraklari\\\/#breadcrumb\"},\"inLanguage\":\"tr\",\"potentialAction\":[{\"@type\":\"ReadAction\",\"target\":[\"https:\\\/\\\/naturalpoland.com\\\/tr\\\/urunler\\\/bitkisel-urunler\\\/aynisafa-cicegi-yapraklari\\\/\"]}]},{\"@type\":\"ImageObject\",\"inLanguage\":\"tr\",\"@id\":\"https:\\\/\\\/naturalpoland.com\\\/tr\\\/urunler\\\/bitkisel-urunler\\\/aynisafa-cicegi-yapraklari\\\/#primaryimage\",\"url\":\"https:\\\/\\\/naturalpoland.com\\\/wp-content\\\/uploads\\\/2021\\\/05\\\/calendula-petals.png\",\"contentUrl\":\"https:\\\/\\\/naturalpoland.com\\\/wp-content\\\/uploads\\\/2021\\\/05\\\/calendula-petals.png\",\"width\":640,\"height\":640,\"caption\":\"Ayn\u0131safa \u00e7i\u00e7e\u011fi yapraklar\u0131\"},{\"@type\":\"BreadcrumbList\",\"@id\":\"https:\\\/\\\/naturalpoland.com\\\/tr\\\/urunler\\\/bitkisel-urunler\\\/aynisafa-cicegi-yapraklari\\\/#breadcrumb\",\"itemListElement\":[{\"@type\":\"ListItem\",\"position\":1,\"name\":\"Ana Sayfa\",\"item\":\"https:\\\/\\\/naturalpoland.com\\\/tr\\\/\"},{\"@type\":\"ListItem\",\"position\":2,\"name\":\"\u00dcr\u00fcnler\",\"item\":\"https:\\\/\\\/naturalpoland.com\\\/tr\\\/urunler\\\/\"},{\"@type\":\"ListItem\",\"position\":3,\"name\":\"Ayn\u0131safa \u00e7i\u00e7e\u011fi yapraklar\u0131\"}]},{\"@type\":\"WebSite\",\"@id\":\"https:\\\/\\\/naturalpoland.com\\\/tr\\\/#website\",\"url\":\"https:\\\/\\\/naturalpoland.com\\\/tr\\\/\",\"name\":\"NATURAL POLAND - Hurtowy Dystrybutor Surowc\u00f3w\",\"description\":\"Surowce dla przemys\u0142u spo\u017cywczego, kosmetycznego i farmaceutycznego\",\"publisher\":{\"@id\":\"https:\\\/\\\/naturalpoland.com\\\/tr\\\/#organization\"},\"potentialAction\":[{\"@type\":\"SearchAction\",\"target\":{\"@type\":\"EntryPoint\",\"urlTemplate\":\"https:\\\/\\\/naturalpoland.com\\\/tr\\\/?s={search_term_string}\"},\"query-input\":{\"@type\":\"PropertyValueSpecification\",\"valueRequired\":true,\"valueName\":\"search_term_string\"}}],\"inLanguage\":\"tr\"},{\"@type\":\"Organization\",\"@id\":\"https:\\\/\\\/naturalpoland.com\\\/tr\\\/#organization\",\"name\":\"Natural Poland\",\"url\":\"https:\\\/\\\/naturalpoland.com\\\/tr\\\/\",\"logo\":{\"@type\":\"ImageObject\",\"inLanguage\":\"tr\",\"@id\":\"https:\\\/\\\/naturalpoland.com\\\/tr\\\/#\\\/schema\\\/logo\\\/image\\\/\",\"url\":\"https:\\\/\\\/naturalpoland.com\\\/wp-content\\\/uploads\\\/2021\\\/05\\\/natural-poland-icon.png\",\"contentUrl\":\"https:\\\/\\\/naturalpoland.com\\\/wp-content\\\/uploads\\\/2021\\\/05\\\/natural-poland-icon.png\",\"width\":512,\"height\":512,\"caption\":\"Natural Poland\"},\"image\":{\"@id\":\"https:\\\/\\\/naturalpoland.com\\\/tr\\\/#\\\/schema\\\/logo\\\/image\\\/\"},\"sameAs\":[\"https:\\\/\\\/www.facebook.com\\\/naturalpoland.b2b\",\"https:\\\/\\\/pl.linkedin.com\\\/company\\\/natural-poland\",\"https:\\\/\\\/www.youtube.com\\\/channel\\\/UCgeGGkvOMahZo-xu_MSEWxg\"]}]}<\/script>\n<!-- \/ Yoast SEO plugin. -->","yoast_head_json":{"title":"Ayn\u0131safa \u00e7i\u00e7e\u011fi yapraklar\u0131 - Hurtowy Dystrybutor","robots":{"index":"index","follow":"follow","max-snippet":"max-snippet:-1","max-image-preview":"max-image-preview:large","max-video-preview":"max-video-preview:-1"},"canonical":"https:\/\/naturalpoland.com\/tr\/urunler\/bitkisel-urunler\/aynisafa-cicegi-yapraklari\/","og_locale":"tr_TR","og_type":"article","og_title":"Ayn\u0131safa \u00e7i\u00e7e\u011fi yapraklar\u0131 - Hurtowy Dystrybutor","og_description":"Ayn\u0131safa \u00e7i\u00e7e\u011fi yapraklar\u0131 karakteristik turuncu rengi ve ho\u015f kokusuyla bilinir. Estetik de\u011ferlerini art\u0131rd\u0131\u011f\u0131 i\u00e7in \u00e7o\u011funlukla sabun, banyo tuzu, banyo topu ve do\u011fal peeling gibi banyo kozmetiklerinde kullan\u0131l\u0131r. Ayn\u0131safa'n\u0131n cilt \u00fczerinde olumlu etkileri oldu\u011funu da unutmamak gerekir.","og_url":"https:\/\/naturalpoland.com\/tr\/urunler\/bitkisel-urunler\/aynisafa-cicegi-yapraklari\/","og_site_name":"NATURAL POLAND - Hurtowy Dystrybutor Surowc\u00f3w","article_publisher":"https:\/\/www.facebook.com\/naturalpoland.b2b","article_modified_time":"2025-12-22T11:09:34+00:00","og_image":[{"width":640,"height":640,"url":"https:\/\/naturalpoland.com\/wp-content\/uploads\/2021\/05\/calendula-petals.png","type":"image\/png"}],"schema":{"@context":"https:\/\/schema.org","@graph":[{"@type":"WebPage","@id":"https:\/\/naturalpoland.com\/tr\/urunler\/bitkisel-urunler\/aynisafa-cicegi-yapraklari\/","url":"https:\/\/naturalpoland.com\/tr\/urunler\/bitkisel-urunler\/aynisafa-cicegi-yapraklari\/","name":"Ayn\u0131safa \u00e7i\u00e7e\u011fi yapraklar\u0131 - Hurtowy Dystrybutor","isPartOf":{"@id":"https:\/\/naturalpoland.com\/tr\/#website"},"primaryImageOfPage":{"@id":"https:\/\/naturalpoland.com\/tr\/urunler\/bitkisel-urunler\/aynisafa-cicegi-yapraklari\/#primaryimage"},"image":{"@id":"https:\/\/naturalpoland.com\/tr\/urunler\/bitkisel-urunler\/aynisafa-cicegi-yapraklari\/#primaryimage"},"thumbnailUrl":"https:\/\/naturalpoland.com\/wp-content\/uploads\/2021\/05\/calendula-petals.png","datePublished":"2021-05-11T11:55:24+00:00","dateModified":"2025-12-22T11:09:34+00:00","breadcrumb":{"@id":"https:\/\/naturalpoland.com\/tr\/urunler\/bitkisel-urunler\/aynisafa-cicegi-yapraklari\/#breadcrumb"},"inLanguage":"tr","potentialAction":[{"@type":"ReadAction","target":["https:\/\/naturalpoland.com\/tr\/urunler\/bitkisel-urunler\/aynisafa-cicegi-yapraklari\/"]}]},{"@type":"ImageObject","inLanguage":"tr","@id":"https:\/\/naturalpoland.com\/tr\/urunler\/bitkisel-urunler\/aynisafa-cicegi-yapraklari\/#primaryimage","url":"https:\/\/naturalpoland.com\/wp-content\/uploads\/2021\/05\/calendula-petals.png","contentUrl":"https:\/\/naturalpoland.com\/wp-content\/uploads\/2021\/05\/calendula-petals.png","width":640,"height":640,"caption":"Ayn\u0131safa \u00e7i\u00e7e\u011fi yapraklar\u0131"},{"@type":"BreadcrumbList","@id":"https:\/\/naturalpoland.com\/tr\/urunler\/bitkisel-urunler\/aynisafa-cicegi-yapraklari\/#breadcrumb","itemListElement":[{"@type":"ListItem","position":1,"name":"Ana Sayfa","item":"https:\/\/naturalpoland.com\/tr\/"},{"@type":"ListItem","position":2,"name":"\u00dcr\u00fcnler","item":"https:\/\/naturalpoland.com\/tr\/urunler\/"},{"@type":"ListItem","position":3,"name":"Ayn\u0131safa \u00e7i\u00e7e\u011fi yapraklar\u0131"}]},{"@type":"WebSite","@id":"https:\/\/naturalpoland.com\/tr\/#website","url":"https:\/\/naturalpoland.com\/tr\/","name":"NATURAL POLAND - Hurtowy Dystrybutor Surowc\u00f3w","description":"Surowce dla przemys\u0142u spo\u017cywczego, kosmetycznego i farmaceutycznego","publisher":{"@id":"https:\/\/naturalpoland.com\/tr\/#organization"},"potentialAction":[{"@type":"SearchAction","target":{"@type":"EntryPoint","urlTemplate":"https:\/\/naturalpoland.com\/tr\/?s={search_term_string}"},"query-input":{"@type":"PropertyValueSpecification","valueRequired":true,"valueName":"search_term_string"}}],"inLanguage":"tr"},{"@type":"Organization","@id":"https:\/\/naturalpoland.com\/tr\/#organization","name":"Natural Poland","url":"https:\/\/naturalpoland.com\/tr\/","logo":{"@type":"ImageObject","inLanguage":"tr","@id":"https:\/\/naturalpoland.com\/tr\/#\/schema\/logo\/image\/","url":"https:\/\/naturalpoland.com\/wp-content\/uploads\/2021\/05\/natural-poland-icon.png","contentUrl":"https:\/\/naturalpoland.com\/wp-content\/uploads\/2021\/05\/natural-poland-icon.png","width":512,"height":512,"caption":"Natural Poland"},"image":{"@id":"https:\/\/naturalpoland.com\/tr\/#\/schema\/logo\/image\/"},"sameAs":["https:\/\/www.facebook.com\/naturalpoland.b2b","https:\/\/pl.linkedin.com\/company\/natural-poland","https:\/\/www.youtube.com\/channel\/UCgeGGkvOMahZo-xu_MSEWxg"]}]}},"_links":{"self":[{"href":"https:\/\/naturalpoland.com\/tr\/wp-json\/wp\/v2\/product\/44455","targetHints":{"allow":["GET"]}}],"collection":[{"href":"https:\/\/naturalpoland.com\/tr\/wp-json\/wp\/v2\/product"}],"about":[{"href":"https:\/\/naturalpoland.com\/tr\/wp-json\/wp\/v2\/types\/product"}],"wp:featuredmedia":[{"embeddable":true,"href":"https:\/\/naturalpoland.com\/tr\/wp-json\/wp\/v2\/media\/44456"}],"wp:attachment":[{"href":"https:\/\/naturalpoland.com\/tr\/wp-json\/wp\/v2\/media?parent=44455"}],"wp:term":[{"taxonomy":"product_brand","embeddable":true,"href":"https:\/\/naturalpoland.com\/tr\/wp-json\/wp\/v2\/product_brand?post=44455"},{"taxonomy":"product_cat","embeddable":true,"href":"https:\/\/naturalpoland.com\/tr\/wp-json\/wp\/v2\/product_cat?post=44455"},{"taxonomy":"product_tag","embeddable":true,"href":"https:\/\/naturalpoland.com\/tr\/wp-json\/wp\/v2\/product_tag?post=44455"}],"curies":[{"name":"wp","href":"https:\/\/api.w.org\/{rel}","templated":true}]}}