{"id":44457,"date":"2024-07-23T15:07:26","date_gmt":"2024-07-23T13:07:26","guid":{"rendered":"https:\/\/naturalpoland.com\/produkty\/kategorilenmemis\/alpha-gpc\/"},"modified":"2025-12-22T12:09:38","modified_gmt":"2025-12-22T11:09:38","slug":"alpha-gpc","status":"publish","type":"product","link":"https:\/\/naturalpoland.com\/tr\/urunler\/farmasotik-hammaddeler\/takviye-edici-gida-bilesenleri\/alpha-gpc\/","title":{"rendered":"Alpha GPC"},"content":{"rendered":"<h2>Alpha GPC \u00d6zellikleri:<\/h2>\n<ol>\n<li>\u00dcr\u00fcn, <strong>bili\u015fsel i\u015flevleri destekleyen<\/strong>, haf\u0131za, konsantrasyon ve \u00f6\u011frenme yetene\u011fini geli\u015ftiren de\u011ferli bir nootropiktir. Beyindeki asetilkolin seviyesini art\u0131rarak \u00e7al\u0131\u015f\u0131r; bu n\u00f6rotransmitter haf\u0131za s\u00fcre\u00e7leri i\u00e7in kritik \u00f6neme sahiptir. <\/li>\n<li>Ara\u015ft\u0131rmalar, \u00fcr\u00fcn\u00fcn <strong>sinir h\u00fccrelerinin rejenerasyonunu destekleyebilece\u011fini<\/strong> ve onlar\u0131 hasardan koruyabilece\u011fini g\u00f6stermektedir; bu \u00f6zellikle Alzheimer hastal\u0131\u011f\u0131 gibi n\u00f6rodejeneratif hastal\u0131klar\u0131 olan ki\u015filer i\u00e7in faydal\u0131d\u0131r.<\/li>\n<li>Alpha GPC ayr\u0131ca sporcular taraf\u0131ndan <strong>fiziksel performans\u0131 ve kas rejenerasyonunu destekleyen bir takviye<\/strong> olarak kullan\u0131lmaktad\u0131r. B\u00fcy\u00fcme hormonu \u00fcretimini art\u0131rmaya yard\u0131mc\u0131 olabilir ve kas g\u00fcc\u00fcn\u00fc destekleyebilir. <\/li>\n<\/ol>\n<h2>Kullan\u0131m:<\/h2>\n<p>Alpha GPC, bili\u015fsel i\u015flevleri, haf\u0131zay\u0131 ve beyin sa\u011fl\u0131\u011f\u0131n\u0131 geli\u015ftirmek i\u00e7in tasarlanan <strong>besin takviyelerinde<\/strong> yayg\u0131n olarak kullan\u0131lmaktad\u0131r. Nootropik kaps\u00fcller, tabletler ve tozlara eklenmektedir. <\/p>\n<p>\u00dcr\u00fcn ayr\u0131ca n\u00f6rodejeneratif hastal\u0131klar\u0131n tedavisini destekleyen ve ya\u015fl\u0131 hastalarda bili\u015fsel i\u015flevleri geli\u015ftiren ila\u00e7lar\u0131n bile\u015feni olabilir.<\/p>\n","protected":false},"excerpt":{"rendered":"<p><strong>Alpha GPC<\/strong> (<strong>L-alfa-gliserilfosforikolina<\/strong>), fosfolipid grubuna ait do\u011fal bir kimyasal bile\u015fiktir ve beyin i\u015flevlerinde \u00f6nemli bir rol oynar. Besin takviyelerinde ve farmas\u00f6tik \u00fcr\u00fcnlerde yayg\u0131n olarak kullan\u0131lmaktad\u0131r. Bu \u00fcr\u00fcn olduk\u00e7a higroskopiktir, yani \u00e7evredeki nemi kolayca emer.  <\/p>\n","protected":false},"featured_media":44458,"template":"","meta":{"_acf_changed":false},"product_brand":[],"product_cat":[9540],"product_tag":[],"class_list":{"0":"post-44457","1":"product","2":"type-product","3":"status-publish","4":"has-post-thumbnail","6":"product_cat-takviye-edici-gida-bilesenleri","7":"pa_grupa-substancji-fosfolipidler","9":"first","10":"instock","11":"shipping-taxable","12":"product-type-simple"},"acf":[],"yoast_head":"<!-- This site is optimized with the Yoast SEO plugin v27.5 - https:\/\/yoast.com\/product\/yoast-seo-wordpress\/ -->\n<title>Alpha GPC - NATURAL POLAND - Hurtowy Dystrybutor Surowc\u00f3w<\/title>\n<meta name=\"description\" content=\"Alpha GPC 99% Powder, bili\u015fsel, n\u00f6rolojik ve fiziksel sa\u011fl\u0131k i\u00e7in geni\u015f bir fayda yelpazesi sunan y\u00fcksek kaliteli bir nootropik \u00fcr\u00fcnd\u00fcr.\" \/>\n<meta name=\"robots\" content=\"index, follow, max-snippet:-1, max-image-preview:large, max-video-preview:-1\" \/>\n<link rel=\"canonical\" href=\"https:\/\/naturalpoland.com\/tr\/urunler\/farmasotik-hammaddeler\/takviye-edici-gida-bilesenleri\/alpha-gpc\/\" \/>\n<meta property=\"og:locale\" content=\"tr_TR\" \/>\n<meta property=\"og:type\" content=\"article\" \/>\n<meta property=\"og:title\" content=\"Alpha GPC - NATURAL POLAND - Hurtowy Dystrybutor Surowc\u00f3w\" \/>\n<meta property=\"og:description\" content=\"Alpha GPC 99% Powder, bili\u015fsel, n\u00f6rolojik ve fiziksel sa\u011fl\u0131k i\u00e7in geni\u015f bir fayda yelpazesi sunan y\u00fcksek kaliteli bir nootropik \u00fcr\u00fcnd\u00fcr.\" \/>\n<meta property=\"og:url\" content=\"https:\/\/naturalpoland.com\/tr\/urunler\/farmasotik-hammaddeler\/takviye-edici-gida-bilesenleri\/alpha-gpc\/\" \/>\n<meta property=\"og:site_name\" content=\"NATURAL POLAND - Hurtowy Dystrybutor Surowc\u00f3w\" \/>\n<meta property=\"article:publisher\" content=\"https:\/\/www.facebook.com\/naturalpoland.b2b\" \/>\n<meta property=\"article:modified_time\" content=\"2025-12-22T11:09:38+00:00\" \/>\n<meta property=\"og:image\" content=\"https:\/\/naturalpoland.com\/wp-content\/uploads\/l-alpha-glycerylphosphorylcholine.webp\" \/>\n\t<meta property=\"og:image:width\" content=\"615\" \/>\n\t<meta property=\"og:image:height\" content=\"615\" \/>\n\t<meta property=\"og:image:type\" content=\"image\/webp\" \/>\n<script type=\"application\/ld+json\" class=\"yoast-schema-graph\">{\"@context\":\"https:\\\/\\\/schema.org\",\"@graph\":[{\"@type\":\"WebPage\",\"@id\":\"https:\\\/\\\/naturalpoland.com\\\/tr\\\/urunler\\\/farmasotik-hammaddeler\\\/takviye-edici-gida-bilesenleri\\\/alpha-gpc\\\/\",\"url\":\"https:\\\/\\\/naturalpoland.com\\\/tr\\\/urunler\\\/farmasotik-hammaddeler\\\/takviye-edici-gida-bilesenleri\\\/alpha-gpc\\\/\",\"name\":\"Alpha GPC - NATURAL POLAND - Hurtowy Dystrybutor Surowc\u00f3w\",\"isPartOf\":{\"@id\":\"https:\\\/\\\/naturalpoland.com\\\/tr\\\/#website\"},\"primaryImageOfPage\":{\"@id\":\"https:\\\/\\\/naturalpoland.com\\\/tr\\\/urunler\\\/farmasotik-hammaddeler\\\/takviye-edici-gida-bilesenleri\\\/alpha-gpc\\\/#primaryimage\"},\"image\":{\"@id\":\"https:\\\/\\\/naturalpoland.com\\\/tr\\\/urunler\\\/farmasotik-hammaddeler\\\/takviye-edici-gida-bilesenleri\\\/alpha-gpc\\\/#primaryimage\"},\"thumbnailUrl\":\"https:\\\/\\\/naturalpoland.com\\\/wp-content\\\/uploads\\\/l-alpha-glycerylphosphorylcholine.webp\",\"datePublished\":\"2024-07-23T13:07:26+00:00\",\"dateModified\":\"2025-12-22T11:09:38+00:00\",\"description\":\"Alpha GPC 99% Powder, bili\u015fsel, n\u00f6rolojik ve fiziksel sa\u011fl\u0131k i\u00e7in geni\u015f bir fayda yelpazesi sunan y\u00fcksek kaliteli bir nootropik \u00fcr\u00fcnd\u00fcr.\",\"breadcrumb\":{\"@id\":\"https:\\\/\\\/naturalpoland.com\\\/tr\\\/urunler\\\/farmasotik-hammaddeler\\\/takviye-edici-gida-bilesenleri\\\/alpha-gpc\\\/#breadcrumb\"},\"inLanguage\":\"tr\",\"potentialAction\":[{\"@type\":\"ReadAction\",\"target\":[\"https:\\\/\\\/naturalpoland.com\\\/tr\\\/urunler\\\/farmasotik-hammaddeler\\\/takviye-edici-gida-bilesenleri\\\/alpha-gpc\\\/\"]}]},{\"@type\":\"ImageObject\",\"inLanguage\":\"tr\",\"@id\":\"https:\\\/\\\/naturalpoland.com\\\/tr\\\/urunler\\\/farmasotik-hammaddeler\\\/takviye-edici-gida-bilesenleri\\\/alpha-gpc\\\/#primaryimage\",\"url\":\"https:\\\/\\\/naturalpoland.com\\\/wp-content\\\/uploads\\\/l-alpha-glycerylphosphorylcholine.webp\",\"contentUrl\":\"https:\\\/\\\/naturalpoland.com\\\/wp-content\\\/uploads\\\/l-alpha-glycerylphosphorylcholine.webp\",\"width\":615,\"height\":615,\"caption\":\"Alpha GPC\"},{\"@type\":\"BreadcrumbList\",\"@id\":\"https:\\\/\\\/naturalpoland.com\\\/tr\\\/urunler\\\/farmasotik-hammaddeler\\\/takviye-edici-gida-bilesenleri\\\/alpha-gpc\\\/#breadcrumb\",\"itemListElement\":[{\"@type\":\"ListItem\",\"position\":1,\"name\":\"Ana Sayfa\",\"item\":\"https:\\\/\\\/naturalpoland.com\\\/tr\\\/\"},{\"@type\":\"ListItem\",\"position\":2,\"name\":\"\u00dcr\u00fcnler\",\"item\":\"https:\\\/\\\/naturalpoland.com\\\/tr\\\/urunler\\\/\"},{\"@type\":\"ListItem\",\"position\":3,\"name\":\"Alpha GPC\"}]},{\"@type\":\"WebSite\",\"@id\":\"https:\\\/\\\/naturalpoland.com\\\/tr\\\/#website\",\"url\":\"https:\\\/\\\/naturalpoland.com\\\/tr\\\/\",\"name\":\"NATURAL POLAND - Hurtowy Dystrybutor Surowc\u00f3w\",\"description\":\"Surowce dla przemys\u0142u spo\u017cywczego, kosmetycznego i farmaceutycznego\",\"publisher\":{\"@id\":\"https:\\\/\\\/naturalpoland.com\\\/tr\\\/#organization\"},\"potentialAction\":[{\"@type\":\"SearchAction\",\"target\":{\"@type\":\"EntryPoint\",\"urlTemplate\":\"https:\\\/\\\/naturalpoland.com\\\/tr\\\/?s={search_term_string}\"},\"query-input\":{\"@type\":\"PropertyValueSpecification\",\"valueRequired\":true,\"valueName\":\"search_term_string\"}}],\"inLanguage\":\"tr\"},{\"@type\":\"Organization\",\"@id\":\"https:\\\/\\\/naturalpoland.com\\\/tr\\\/#organization\",\"name\":\"Natural Poland\",\"url\":\"https:\\\/\\\/naturalpoland.com\\\/tr\\\/\",\"logo\":{\"@type\":\"ImageObject\",\"inLanguage\":\"tr\",\"@id\":\"https:\\\/\\\/naturalpoland.com\\\/tr\\\/#\\\/schema\\\/logo\\\/image\\\/\",\"url\":\"https:\\\/\\\/naturalpoland.com\\\/wp-content\\\/uploads\\\/2021\\\/05\\\/natural-poland-icon.png\",\"contentUrl\":\"https:\\\/\\\/naturalpoland.com\\\/wp-content\\\/uploads\\\/2021\\\/05\\\/natural-poland-icon.png\",\"width\":512,\"height\":512,\"caption\":\"Natural Poland\"},\"image\":{\"@id\":\"https:\\\/\\\/naturalpoland.com\\\/tr\\\/#\\\/schema\\\/logo\\\/image\\\/\"},\"sameAs\":[\"https:\\\/\\\/www.facebook.com\\\/naturalpoland.b2b\",\"https:\\\/\\\/pl.linkedin.com\\\/company\\\/natural-poland\",\"https:\\\/\\\/www.youtube.com\\\/channel\\\/UCgeGGkvOMahZo-xu_MSEWxg\"]}]}<\/script>\n<!-- \/ Yoast SEO plugin. -->","yoast_head_json":{"title":"Alpha GPC - NATURAL POLAND - Hurtowy Dystrybutor Surowc\u00f3w","description":"Alpha GPC 99% Powder, bili\u015fsel, n\u00f6rolojik ve fiziksel sa\u011fl\u0131k i\u00e7in geni\u015f bir fayda yelpazesi sunan y\u00fcksek kaliteli bir nootropik \u00fcr\u00fcnd\u00fcr.","robots":{"index":"index","follow":"follow","max-snippet":"max-snippet:-1","max-image-preview":"max-image-preview:large","max-video-preview":"max-video-preview:-1"},"canonical":"https:\/\/naturalpoland.com\/tr\/urunler\/farmasotik-hammaddeler\/takviye-edici-gida-bilesenleri\/alpha-gpc\/","og_locale":"tr_TR","og_type":"article","og_title":"Alpha GPC - NATURAL POLAND - Hurtowy Dystrybutor Surowc\u00f3w","og_description":"Alpha GPC 99% Powder, bili\u015fsel, n\u00f6rolojik ve fiziksel sa\u011fl\u0131k i\u00e7in geni\u015f bir fayda yelpazesi sunan y\u00fcksek kaliteli bir nootropik \u00fcr\u00fcnd\u00fcr.","og_url":"https:\/\/naturalpoland.com\/tr\/urunler\/farmasotik-hammaddeler\/takviye-edici-gida-bilesenleri\/alpha-gpc\/","og_site_name":"NATURAL POLAND - Hurtowy Dystrybutor Surowc\u00f3w","article_publisher":"https:\/\/www.facebook.com\/naturalpoland.b2b","article_modified_time":"2025-12-22T11:09:38+00:00","og_image":[{"width":615,"height":615,"url":"https:\/\/naturalpoland.com\/wp-content\/uploads\/l-alpha-glycerylphosphorylcholine.webp","type":"image\/webp"}],"schema":{"@context":"https:\/\/schema.org","@graph":[{"@type":"WebPage","@id":"https:\/\/naturalpoland.com\/tr\/urunler\/farmasotik-hammaddeler\/takviye-edici-gida-bilesenleri\/alpha-gpc\/","url":"https:\/\/naturalpoland.com\/tr\/urunler\/farmasotik-hammaddeler\/takviye-edici-gida-bilesenleri\/alpha-gpc\/","name":"Alpha GPC - NATURAL POLAND - Hurtowy Dystrybutor Surowc\u00f3w","isPartOf":{"@id":"https:\/\/naturalpoland.com\/tr\/#website"},"primaryImageOfPage":{"@id":"https:\/\/naturalpoland.com\/tr\/urunler\/farmasotik-hammaddeler\/takviye-edici-gida-bilesenleri\/alpha-gpc\/#primaryimage"},"image":{"@id":"https:\/\/naturalpoland.com\/tr\/urunler\/farmasotik-hammaddeler\/takviye-edici-gida-bilesenleri\/alpha-gpc\/#primaryimage"},"thumbnailUrl":"https:\/\/naturalpoland.com\/wp-content\/uploads\/l-alpha-glycerylphosphorylcholine.webp","datePublished":"2024-07-23T13:07:26+00:00","dateModified":"2025-12-22T11:09:38+00:00","description":"Alpha GPC 99% Powder, bili\u015fsel, n\u00f6rolojik ve fiziksel sa\u011fl\u0131k i\u00e7in geni\u015f bir fayda yelpazesi sunan y\u00fcksek kaliteli bir nootropik \u00fcr\u00fcnd\u00fcr.","breadcrumb":{"@id":"https:\/\/naturalpoland.com\/tr\/urunler\/farmasotik-hammaddeler\/takviye-edici-gida-bilesenleri\/alpha-gpc\/#breadcrumb"},"inLanguage":"tr","potentialAction":[{"@type":"ReadAction","target":["https:\/\/naturalpoland.com\/tr\/urunler\/farmasotik-hammaddeler\/takviye-edici-gida-bilesenleri\/alpha-gpc\/"]}]},{"@type":"ImageObject","inLanguage":"tr","@id":"https:\/\/naturalpoland.com\/tr\/urunler\/farmasotik-hammaddeler\/takviye-edici-gida-bilesenleri\/alpha-gpc\/#primaryimage","url":"https:\/\/naturalpoland.com\/wp-content\/uploads\/l-alpha-glycerylphosphorylcholine.webp","contentUrl":"https:\/\/naturalpoland.com\/wp-content\/uploads\/l-alpha-glycerylphosphorylcholine.webp","width":615,"height":615,"caption":"Alpha GPC"},{"@type":"BreadcrumbList","@id":"https:\/\/naturalpoland.com\/tr\/urunler\/farmasotik-hammaddeler\/takviye-edici-gida-bilesenleri\/alpha-gpc\/#breadcrumb","itemListElement":[{"@type":"ListItem","position":1,"name":"Ana Sayfa","item":"https:\/\/naturalpoland.com\/tr\/"},{"@type":"ListItem","position":2,"name":"\u00dcr\u00fcnler","item":"https:\/\/naturalpoland.com\/tr\/urunler\/"},{"@type":"ListItem","position":3,"name":"Alpha GPC"}]},{"@type":"WebSite","@id":"https:\/\/naturalpoland.com\/tr\/#website","url":"https:\/\/naturalpoland.com\/tr\/","name":"NATURAL POLAND - Hurtowy Dystrybutor Surowc\u00f3w","description":"Surowce dla przemys\u0142u spo\u017cywczego, kosmetycznego i farmaceutycznego","publisher":{"@id":"https:\/\/naturalpoland.com\/tr\/#organization"},"potentialAction":[{"@type":"SearchAction","target":{"@type":"EntryPoint","urlTemplate":"https:\/\/naturalpoland.com\/tr\/?s={search_term_string}"},"query-input":{"@type":"PropertyValueSpecification","valueRequired":true,"valueName":"search_term_string"}}],"inLanguage":"tr"},{"@type":"Organization","@id":"https:\/\/naturalpoland.com\/tr\/#organization","name":"Natural Poland","url":"https:\/\/naturalpoland.com\/tr\/","logo":{"@type":"ImageObject","inLanguage":"tr","@id":"https:\/\/naturalpoland.com\/tr\/#\/schema\/logo\/image\/","url":"https:\/\/naturalpoland.com\/wp-content\/uploads\/2021\/05\/natural-poland-icon.png","contentUrl":"https:\/\/naturalpoland.com\/wp-content\/uploads\/2021\/05\/natural-poland-icon.png","width":512,"height":512,"caption":"Natural Poland"},"image":{"@id":"https:\/\/naturalpoland.com\/tr\/#\/schema\/logo\/image\/"},"sameAs":["https:\/\/www.facebook.com\/naturalpoland.b2b","https:\/\/pl.linkedin.com\/company\/natural-poland","https:\/\/www.youtube.com\/channel\/UCgeGGkvOMahZo-xu_MSEWxg"]}]}},"_links":{"self":[{"href":"https:\/\/naturalpoland.com\/tr\/wp-json\/wp\/v2\/product\/44457","targetHints":{"allow":["GET"]}}],"collection":[{"href":"https:\/\/naturalpoland.com\/tr\/wp-json\/wp\/v2\/product"}],"about":[{"href":"https:\/\/naturalpoland.com\/tr\/wp-json\/wp\/v2\/types\/product"}],"wp:featuredmedia":[{"embeddable":true,"href":"https:\/\/naturalpoland.com\/tr\/wp-json\/wp\/v2\/media\/44458"}],"wp:attachment":[{"href":"https:\/\/naturalpoland.com\/tr\/wp-json\/wp\/v2\/media?parent=44457"}],"wp:term":[{"taxonomy":"product_brand","embeddable":true,"href":"https:\/\/naturalpoland.com\/tr\/wp-json\/wp\/v2\/product_brand?post=44457"},{"taxonomy":"product_cat","embeddable":true,"href":"https:\/\/naturalpoland.com\/tr\/wp-json\/wp\/v2\/product_cat?post=44457"},{"taxonomy":"product_tag","embeddable":true,"href":"https:\/\/naturalpoland.com\/tr\/wp-json\/wp\/v2\/product_tag?post=44457"}],"curies":[{"name":"wp","href":"https:\/\/api.w.org\/{rel}","templated":true}]}}