{"id":44467,"date":"2023-10-24T12:58:24","date_gmt":"2023-10-24T10:58:24","guid":{"rendered":"https:\/\/naturalpoland.com\/produkty\/kategorilenmemis\/laktoferrin\/"},"modified":"2025-12-22T12:10:44","modified_gmt":"2025-12-22T11:10:44","slug":"laktoferrin","status":"publish","type":"product","link":"https:\/\/naturalpoland.com\/tr\/urunler\/farmasotik-hammaddeler\/takviye-edici-gida-bilesenleri\/laktoferrin\/","title":{"rendered":"Laktoferrin"},"content":{"rendered":"<h2>Laktoferrinin \u00d6zellikleri<\/h2>\n<p>Laktoferrinimiz do\u011fal s\u00fctten elde edilir, bu da en y\u00fcksek biyolojik aktiviteyi garanti eder. Do\u011fal ba\u011f\u0131\u015f\u0131kl\u0131\u011f\u0131 ve optimum demir emilimini destekleyen diyette vazge\u00e7ilmez bir elementtir. <\/p>\n<p>Laktoferrinimiz, proteinde <strong>%95&#8217;in \u00fczerinde safl\u0131k<\/strong> ve %93&#8217;\u00fc a\u015fan toplam protein i\u00e7eri\u011fi ile karakterizedir. \u00dcretim s\u00fcreci, laktoferrinin en y\u00fcksek biyolojik aktivitesini korur, bu da v\u00fccudun koruyucu bariyerlerini g\u00fc\u00e7lendirmede ve ba\u011f\u0131\u015f\u0131kl\u0131k sistemini desteklemede etkinli\u011fini art\u0131r\u0131r. <\/p>\n<p>\u00dcr\u00fcn\u00fcm\u00fczdeki laktoferrin, pembeden k\u0131rm\u0131z\u0131ms\u0131 kahverengiye de\u011fi\u015fen renkte toz formunda bulunur. Suda kolayca \u00e7\u00f6z\u00fcnerek berrak, \u015feffaf \u00e7\u00f6zeltiler olu\u015fturur, bu da besin takviyeleri, fonksiyonel \u00fcr\u00fcnler ve di\u011fer g\u0131da ve ila\u00e7 \u00fcr\u00fcnlerinde geni\u015f kullan\u0131m olana\u011f\u0131 sa\u011flar. <\/p>\n<h2>Kullan\u0131m:<\/h2>\n<p><strong>G\u0131da end\u00fcstrisi:<\/strong><\/p>\n<p>Laktoferrin, ba\u011f\u0131\u015f\u0131kl\u0131k g\u00fc\u00e7lendirici bile\u015fen olarak ve antibakteriyel \u00f6zellikleri sayesinde do\u011fal koruyucu olarak g\u0131da \u00fcr\u00fcnlerine eklenir.<\/p>\n<p><strong>\u0130la\u00e7 end\u00fcstrisi:<\/strong><\/p>\n<p>Laktoferrin, ba\u011f\u0131\u015f\u0131kl\u0131k sistemini destekleyen ve ba\u011f\u0131rsak sa\u011fl\u0131\u011f\u0131n\u0131 iyile\u015ftiren besin takviyeleri ve ila\u00e7 preparatlar\u0131nda kullan\u0131l\u0131r. Ayr\u0131ca inflamasyon ve enfeksiyonlar\u0131n tedavisinde de kullan\u0131l\u0131r. <\/p>\n<p><strong>Kozmetik end\u00fcstrisi:<\/strong><\/p>\n<p>Antioksidan ve yenileyici \u00f6zellikleri sayesinde laktoferrin, krem, serum ve di\u011fer cilt bak\u0131m \u00fcr\u00fcnlerinde ya\u015flanma belirtileriyle m\u00fccadelede ve cilt sa\u011fl\u0131\u011f\u0131n\u0131 desteklemede kullan\u0131l\u0131r.<\/p>\n<p>&nbsp;<\/p>\n","protected":false},"excerpt":{"rendered":"<p>Taze inek s\u00fct\u00fcnden \u00fcretilen laktoferrin, sa\u011fl\u0131\u011f\u0131 ve v\u00fccudun d\u00fczg\u00fcn \u00e7al\u0131\u015fmas\u0131n\u0131 desteklemede kilit rol oynayan geli\u015fmi\u015f bir biyoaktif bile\u015fendir.<\/p>\n","protected":false},"featured_media":44469,"template":"","meta":{"_acf_changed":false},"product_brand":[],"product_cat":[9540],"product_tag":[],"class_list":{"0":"post-44467","1":"product","2":"type-product","3":"status-publish","4":"has-post-thumbnail","6":"product_cat-takviye-edici-gida-bilesenleri","8":"first","9":"instock","10":"shipping-taxable","11":"product-type-simple"},"acf":[],"yoast_head":"<!-- This site is optimized with the Yoast SEO plugin v27.5 - https:\/\/yoast.com\/product\/yoast-seo-wordpress\/ -->\n<title>Laktoferrin - NATURAL POLAND - Hurtowy Dystrybutor Surowc\u00f3w<\/title>\n<meta name=\"description\" content=\"Laktoferrin, do\u011frudan s\u00fctten izole edilmi\u015f bir proteindir. V\u00fccudun d\u00fczg\u00fcn \u00e7al\u0131\u015fmas\u0131n\u0131 destekleyen en \u00f6nemli bile\u015fenlerden biridir.\" \/>\n<meta name=\"robots\" content=\"index, follow, max-snippet:-1, max-image-preview:large, max-video-preview:-1\" \/>\n<link rel=\"canonical\" href=\"https:\/\/naturalpoland.com\/tr\/urunler\/farmasotik-hammaddeler\/takviye-edici-gida-bilesenleri\/laktoferrin\/\" \/>\n<meta property=\"og:locale\" content=\"tr_TR\" \/>\n<meta property=\"og:type\" content=\"article\" \/>\n<meta property=\"og:title\" content=\"Laktoferrin - NATURAL POLAND - Hurtowy Dystrybutor Surowc\u00f3w\" \/>\n<meta property=\"og:description\" content=\"Laktoferrin, do\u011frudan s\u00fctten izole edilmi\u015f bir proteindir. V\u00fccudun d\u00fczg\u00fcn \u00e7al\u0131\u015fmas\u0131n\u0131 destekleyen en \u00f6nemli bile\u015fenlerden biridir.\" \/>\n<meta property=\"og:url\" content=\"https:\/\/naturalpoland.com\/tr\/urunler\/farmasotik-hammaddeler\/takviye-edici-gida-bilesenleri\/laktoferrin\/\" \/>\n<meta property=\"og:site_name\" content=\"NATURAL POLAND - Hurtowy Dystrybutor Surowc\u00f3w\" \/>\n<meta property=\"article:publisher\" content=\"https:\/\/www.facebook.com\/naturalpoland.b2b\" \/>\n<meta property=\"article:modified_time\" content=\"2025-12-22T11:10:44+00:00\" \/>\n<meta property=\"og:image\" content=\"https:\/\/naturalpoland.com\/wp-content\/uploads\/laktoferyna-1.png\" \/>\n\t<meta property=\"og:image:width\" content=\"618\" \/>\n\t<meta property=\"og:image:height\" content=\"618\" \/>\n\t<meta property=\"og:image:type\" content=\"image\/png\" \/>\n<script type=\"application\/ld+json\" class=\"yoast-schema-graph\">{\"@context\":\"https:\\\/\\\/schema.org\",\"@graph\":[{\"@type\":\"WebPage\",\"@id\":\"https:\\\/\\\/naturalpoland.com\\\/tr\\\/urunler\\\/farmasotik-hammaddeler\\\/takviye-edici-gida-bilesenleri\\\/laktoferrin\\\/\",\"url\":\"https:\\\/\\\/naturalpoland.com\\\/tr\\\/urunler\\\/farmasotik-hammaddeler\\\/takviye-edici-gida-bilesenleri\\\/laktoferrin\\\/\",\"name\":\"Laktoferrin - NATURAL POLAND - Hurtowy Dystrybutor Surowc\u00f3w\",\"isPartOf\":{\"@id\":\"https:\\\/\\\/naturalpoland.com\\\/tr\\\/#website\"},\"primaryImageOfPage\":{\"@id\":\"https:\\\/\\\/naturalpoland.com\\\/tr\\\/urunler\\\/farmasotik-hammaddeler\\\/takviye-edici-gida-bilesenleri\\\/laktoferrin\\\/#primaryimage\"},\"image\":{\"@id\":\"https:\\\/\\\/naturalpoland.com\\\/tr\\\/urunler\\\/farmasotik-hammaddeler\\\/takviye-edici-gida-bilesenleri\\\/laktoferrin\\\/#primaryimage\"},\"thumbnailUrl\":\"https:\\\/\\\/naturalpoland.com\\\/wp-content\\\/uploads\\\/laktoferyna-1.png\",\"datePublished\":\"2023-10-24T10:58:24+00:00\",\"dateModified\":\"2025-12-22T11:10:44+00:00\",\"description\":\"Laktoferrin, do\u011frudan s\u00fctten izole edilmi\u015f bir proteindir. V\u00fccudun d\u00fczg\u00fcn \u00e7al\u0131\u015fmas\u0131n\u0131 destekleyen en \u00f6nemli bile\u015fenlerden biridir.\",\"breadcrumb\":{\"@id\":\"https:\\\/\\\/naturalpoland.com\\\/tr\\\/urunler\\\/farmasotik-hammaddeler\\\/takviye-edici-gida-bilesenleri\\\/laktoferrin\\\/#breadcrumb\"},\"inLanguage\":\"tr\",\"potentialAction\":[{\"@type\":\"ReadAction\",\"target\":[\"https:\\\/\\\/naturalpoland.com\\\/tr\\\/urunler\\\/farmasotik-hammaddeler\\\/takviye-edici-gida-bilesenleri\\\/laktoferrin\\\/\"]}]},{\"@type\":\"ImageObject\",\"inLanguage\":\"tr\",\"@id\":\"https:\\\/\\\/naturalpoland.com\\\/tr\\\/urunler\\\/farmasotik-hammaddeler\\\/takviye-edici-gida-bilesenleri\\\/laktoferrin\\\/#primaryimage\",\"url\":\"https:\\\/\\\/naturalpoland.com\\\/wp-content\\\/uploads\\\/laktoferyna-1.png\",\"contentUrl\":\"https:\\\/\\\/naturalpoland.com\\\/wp-content\\\/uploads\\\/laktoferyna-1.png\",\"width\":618,\"height\":618,\"caption\":\"laktoferrin\"},{\"@type\":\"BreadcrumbList\",\"@id\":\"https:\\\/\\\/naturalpoland.com\\\/tr\\\/urunler\\\/farmasotik-hammaddeler\\\/takviye-edici-gida-bilesenleri\\\/laktoferrin\\\/#breadcrumb\",\"itemListElement\":[{\"@type\":\"ListItem\",\"position\":1,\"name\":\"Ana Sayfa\",\"item\":\"https:\\\/\\\/naturalpoland.com\\\/tr\\\/\"},{\"@type\":\"ListItem\",\"position\":2,\"name\":\"\u00dcr\u00fcnler\",\"item\":\"https:\\\/\\\/naturalpoland.com\\\/tr\\\/urunler\\\/\"},{\"@type\":\"ListItem\",\"position\":3,\"name\":\"Laktoferrin\"}]},{\"@type\":\"WebSite\",\"@id\":\"https:\\\/\\\/naturalpoland.com\\\/tr\\\/#website\",\"url\":\"https:\\\/\\\/naturalpoland.com\\\/tr\\\/\",\"name\":\"NATURAL POLAND - Hurtowy Dystrybutor Surowc\u00f3w\",\"description\":\"Surowce dla przemys\u0142u spo\u017cywczego, kosmetycznego i farmaceutycznego\",\"publisher\":{\"@id\":\"https:\\\/\\\/naturalpoland.com\\\/tr\\\/#organization\"},\"potentialAction\":[{\"@type\":\"SearchAction\",\"target\":{\"@type\":\"EntryPoint\",\"urlTemplate\":\"https:\\\/\\\/naturalpoland.com\\\/tr\\\/?s={search_term_string}\"},\"query-input\":{\"@type\":\"PropertyValueSpecification\",\"valueRequired\":true,\"valueName\":\"search_term_string\"}}],\"inLanguage\":\"tr\"},{\"@type\":\"Organization\",\"@id\":\"https:\\\/\\\/naturalpoland.com\\\/tr\\\/#organization\",\"name\":\"Natural Poland\",\"url\":\"https:\\\/\\\/naturalpoland.com\\\/tr\\\/\",\"logo\":{\"@type\":\"ImageObject\",\"inLanguage\":\"tr\",\"@id\":\"https:\\\/\\\/naturalpoland.com\\\/tr\\\/#\\\/schema\\\/logo\\\/image\\\/\",\"url\":\"https:\\\/\\\/naturalpoland.com\\\/wp-content\\\/uploads\\\/2021\\\/05\\\/natural-poland-icon.png\",\"contentUrl\":\"https:\\\/\\\/naturalpoland.com\\\/wp-content\\\/uploads\\\/2021\\\/05\\\/natural-poland-icon.png\",\"width\":512,\"height\":512,\"caption\":\"Natural Poland\"},\"image\":{\"@id\":\"https:\\\/\\\/naturalpoland.com\\\/tr\\\/#\\\/schema\\\/logo\\\/image\\\/\"},\"sameAs\":[\"https:\\\/\\\/www.facebook.com\\\/naturalpoland.b2b\",\"https:\\\/\\\/pl.linkedin.com\\\/company\\\/natural-poland\",\"https:\\\/\\\/www.youtube.com\\\/channel\\\/UCgeGGkvOMahZo-xu_MSEWxg\"]}]}<\/script>\n<!-- \/ Yoast SEO plugin. -->","yoast_head_json":{"title":"Laktoferrin - NATURAL POLAND - Hurtowy Dystrybutor Surowc\u00f3w","description":"Laktoferrin, do\u011frudan s\u00fctten izole edilmi\u015f bir proteindir. V\u00fccudun d\u00fczg\u00fcn \u00e7al\u0131\u015fmas\u0131n\u0131 destekleyen en \u00f6nemli bile\u015fenlerden biridir.","robots":{"index":"index","follow":"follow","max-snippet":"max-snippet:-1","max-image-preview":"max-image-preview:large","max-video-preview":"max-video-preview:-1"},"canonical":"https:\/\/naturalpoland.com\/tr\/urunler\/farmasotik-hammaddeler\/takviye-edici-gida-bilesenleri\/laktoferrin\/","og_locale":"tr_TR","og_type":"article","og_title":"Laktoferrin - NATURAL POLAND - Hurtowy Dystrybutor Surowc\u00f3w","og_description":"Laktoferrin, do\u011frudan s\u00fctten izole edilmi\u015f bir proteindir. V\u00fccudun d\u00fczg\u00fcn \u00e7al\u0131\u015fmas\u0131n\u0131 destekleyen en \u00f6nemli bile\u015fenlerden biridir.","og_url":"https:\/\/naturalpoland.com\/tr\/urunler\/farmasotik-hammaddeler\/takviye-edici-gida-bilesenleri\/laktoferrin\/","og_site_name":"NATURAL POLAND - Hurtowy Dystrybutor Surowc\u00f3w","article_publisher":"https:\/\/www.facebook.com\/naturalpoland.b2b","article_modified_time":"2025-12-22T11:10:44+00:00","og_image":[{"width":618,"height":618,"url":"https:\/\/naturalpoland.com\/wp-content\/uploads\/laktoferyna-1.png","type":"image\/png"}],"schema":{"@context":"https:\/\/schema.org","@graph":[{"@type":"WebPage","@id":"https:\/\/naturalpoland.com\/tr\/urunler\/farmasotik-hammaddeler\/takviye-edici-gida-bilesenleri\/laktoferrin\/","url":"https:\/\/naturalpoland.com\/tr\/urunler\/farmasotik-hammaddeler\/takviye-edici-gida-bilesenleri\/laktoferrin\/","name":"Laktoferrin - NATURAL POLAND - Hurtowy Dystrybutor Surowc\u00f3w","isPartOf":{"@id":"https:\/\/naturalpoland.com\/tr\/#website"},"primaryImageOfPage":{"@id":"https:\/\/naturalpoland.com\/tr\/urunler\/farmasotik-hammaddeler\/takviye-edici-gida-bilesenleri\/laktoferrin\/#primaryimage"},"image":{"@id":"https:\/\/naturalpoland.com\/tr\/urunler\/farmasotik-hammaddeler\/takviye-edici-gida-bilesenleri\/laktoferrin\/#primaryimage"},"thumbnailUrl":"https:\/\/naturalpoland.com\/wp-content\/uploads\/laktoferyna-1.png","datePublished":"2023-10-24T10:58:24+00:00","dateModified":"2025-12-22T11:10:44+00:00","description":"Laktoferrin, do\u011frudan s\u00fctten izole edilmi\u015f bir proteindir. V\u00fccudun d\u00fczg\u00fcn \u00e7al\u0131\u015fmas\u0131n\u0131 destekleyen en \u00f6nemli bile\u015fenlerden biridir.","breadcrumb":{"@id":"https:\/\/naturalpoland.com\/tr\/urunler\/farmasotik-hammaddeler\/takviye-edici-gida-bilesenleri\/laktoferrin\/#breadcrumb"},"inLanguage":"tr","potentialAction":[{"@type":"ReadAction","target":["https:\/\/naturalpoland.com\/tr\/urunler\/farmasotik-hammaddeler\/takviye-edici-gida-bilesenleri\/laktoferrin\/"]}]},{"@type":"ImageObject","inLanguage":"tr","@id":"https:\/\/naturalpoland.com\/tr\/urunler\/farmasotik-hammaddeler\/takviye-edici-gida-bilesenleri\/laktoferrin\/#primaryimage","url":"https:\/\/naturalpoland.com\/wp-content\/uploads\/laktoferyna-1.png","contentUrl":"https:\/\/naturalpoland.com\/wp-content\/uploads\/laktoferyna-1.png","width":618,"height":618,"caption":"laktoferrin"},{"@type":"BreadcrumbList","@id":"https:\/\/naturalpoland.com\/tr\/urunler\/farmasotik-hammaddeler\/takviye-edici-gida-bilesenleri\/laktoferrin\/#breadcrumb","itemListElement":[{"@type":"ListItem","position":1,"name":"Ana Sayfa","item":"https:\/\/naturalpoland.com\/tr\/"},{"@type":"ListItem","position":2,"name":"\u00dcr\u00fcnler","item":"https:\/\/naturalpoland.com\/tr\/urunler\/"},{"@type":"ListItem","position":3,"name":"Laktoferrin"}]},{"@type":"WebSite","@id":"https:\/\/naturalpoland.com\/tr\/#website","url":"https:\/\/naturalpoland.com\/tr\/","name":"NATURAL POLAND - Hurtowy Dystrybutor Surowc\u00f3w","description":"Surowce dla przemys\u0142u spo\u017cywczego, kosmetycznego i farmaceutycznego","publisher":{"@id":"https:\/\/naturalpoland.com\/tr\/#organization"},"potentialAction":[{"@type":"SearchAction","target":{"@type":"EntryPoint","urlTemplate":"https:\/\/naturalpoland.com\/tr\/?s={search_term_string}"},"query-input":{"@type":"PropertyValueSpecification","valueRequired":true,"valueName":"search_term_string"}}],"inLanguage":"tr"},{"@type":"Organization","@id":"https:\/\/naturalpoland.com\/tr\/#organization","name":"Natural Poland","url":"https:\/\/naturalpoland.com\/tr\/","logo":{"@type":"ImageObject","inLanguage":"tr","@id":"https:\/\/naturalpoland.com\/tr\/#\/schema\/logo\/image\/","url":"https:\/\/naturalpoland.com\/wp-content\/uploads\/2021\/05\/natural-poland-icon.png","contentUrl":"https:\/\/naturalpoland.com\/wp-content\/uploads\/2021\/05\/natural-poland-icon.png","width":512,"height":512,"caption":"Natural Poland"},"image":{"@id":"https:\/\/naturalpoland.com\/tr\/#\/schema\/logo\/image\/"},"sameAs":["https:\/\/www.facebook.com\/naturalpoland.b2b","https:\/\/pl.linkedin.com\/company\/natural-poland","https:\/\/www.youtube.com\/channel\/UCgeGGkvOMahZo-xu_MSEWxg"]}]}},"_links":{"self":[{"href":"https:\/\/naturalpoland.com\/tr\/wp-json\/wp\/v2\/product\/44467","targetHints":{"allow":["GET"]}}],"collection":[{"href":"https:\/\/naturalpoland.com\/tr\/wp-json\/wp\/v2\/product"}],"about":[{"href":"https:\/\/naturalpoland.com\/tr\/wp-json\/wp\/v2\/types\/product"}],"wp:featuredmedia":[{"embeddable":true,"href":"https:\/\/naturalpoland.com\/tr\/wp-json\/wp\/v2\/media\/44469"}],"wp:attachment":[{"href":"https:\/\/naturalpoland.com\/tr\/wp-json\/wp\/v2\/media?parent=44467"}],"wp:term":[{"taxonomy":"product_brand","embeddable":true,"href":"https:\/\/naturalpoland.com\/tr\/wp-json\/wp\/v2\/product_brand?post=44467"},{"taxonomy":"product_cat","embeddable":true,"href":"https:\/\/naturalpoland.com\/tr\/wp-json\/wp\/v2\/product_cat?post=44467"},{"taxonomy":"product_tag","embeddable":true,"href":"https:\/\/naturalpoland.com\/tr\/wp-json\/wp\/v2\/product_tag?post=44467"}],"curies":[{"name":"wp","href":"https:\/\/api.w.org\/{rel}","templated":true}]}}