{"id":44470,"date":"2021-05-11T13:50:33","date_gmt":"2021-05-11T11:50:33","guid":{"rendered":"https:\/\/naturalpoland.com\/produkty\/kategorilenmemis\/kenevir-tohumu-yagi\/"},"modified":"2025-12-22T12:11:22","modified_gmt":"2025-12-22T11:11:22","slug":"kenevir-tohumu-yagi","status":"publish","type":"product","link":"https:\/\/naturalpoland.com\/tr\/urunler\/gida-hammaddeleri\/gida-yaglari\/kenevir-tohumu-yagi\/","title":{"rendered":"Kenevir tohumu ya\u011f\u0131"},"content":{"rendered":"<p>Kenevir tohumu ya\u011f\u0131 \u00e7ok y\u00f6nl\u00fc kullan\u0131ma sahiptir. En yayg\u0131n kullan\u0131mlar\u0131 aras\u0131nda a\u011fr\u0131lar\u0131n tedavisi, iltihab\u0131n azalt\u0131lmas\u0131, kolesterol\u00fcn d\u00fc\u015f\u00fcr\u00fclmesi ve ruh halinin iyile\u015ftirilmesi yer al\u0131r. <\/p>\n<p>Genellikle yerel \u00fcretimden elde edilen bu do\u011fal \u00fcr\u00fcn Omega-3 ya\u011f asitleri, oleik asit, palmitik asit ve ayr\u0131ca proteinler, amino asitler ve A, D, K ve E vitaminleri bak\u0131m\u0131ndan zengindir. Bu bile\u015fenler sayesinde antioksidan, antiseptik, yenileyici ve g\u00fcne\u015f \u0131\u015f\u0131nlar\u0131na kar\u015f\u0131 koruyucu \u00f6zelliklere sahiptir. Hem yeti\u015fkinlerde hem de \u00e7ocuklarda kullan\u0131labilen bir \u00fcr\u00fcnd\u00fcr. Cildi m\u00fckemmel \u015fekilde nemlendirir.  <\/p>\n<h3>Ya\u011f asidi profili<\/h3>\n<table>\n<tbody>\n<tr>\n<td><strong>YA\u011e AS\u0130D\u0130<\/strong><\/td>\n<td><strong>BA\u011e<\/strong><\/td>\n<td><strong>NORM (%)<\/strong><\/td>\n<\/tr>\n<tr>\n<td>Palmitik asit<\/td>\n<td>C16:0<\/td>\n<td>4-8<\/td>\n<\/tr>\n<tr>\n<td>Stearik asit<\/td>\n<td>C18:0<\/td>\n<td>0,05-3<\/td>\n<\/tr>\n<tr>\n<td>Oleik asit<\/td>\n<td>C18:1<\/td>\n<td>5-12<\/td>\n<\/tr>\n<tr>\n<td>Linoleik asit<\/td>\n<td>C18:2<\/td>\n<td>49-60<\/td>\n<\/tr>\n<tr>\n<td>Linolenik asit<\/td>\n<td>C18:3<\/td>\n<td>17-55<\/td>\n<\/tr>\n<tr>\n<td>Linolenik asit {GLA}<\/td>\n<td>C18:3<\/td>\n<td>3-6<\/td>\n<\/tr>\n<\/tbody>\n<\/table>\n","protected":false},"excerpt":{"rendered":"<p>G\u0131da kalitesinde kenevir tohumu ya\u011f\u0131n\u0131n distrib\u00fct\u00f6r\u00fcy\u00fcz.<\/p>\n<p>\u00dcr\u00fcn yelpazemizde bulunan kenevir ya\u011f\u0131, uygun miktarda kannabinoid, mikro element, vitamin, doymam\u0131\u015f ya\u011f asitleri, fito\u00f6strojen ve flavonoid i\u00e7erir. So\u011fuk s\u0131k\u0131m, rafine edilmemi\u015f do\u011fal kenevir ya\u011f\u0131, v\u00fccut i\u00e7in bir\u00e7ok faydal\u0131 \u00f6zelli\u011fe sahiptir. Yo\u011fun ye\u015fil-sar\u0131 rengi ve f\u0131nd\u0131ks\u0131 tad\u0131yla karakterizedir.  <\/p>\n","protected":false},"featured_media":44471,"template":"","meta":{"_acf_changed":false},"product_brand":[],"product_cat":[9551,9532,9571],"product_tag":[],"class_list":{"0":"post-44470","1":"product","2":"type-product","3":"status-publish","4":"has-post-thumbnail","6":"product_cat-kozmetik-yaglari","7":"product_cat-gida-ve-kozmetik-yaglari","8":"product_cat-gida-yaglari","9":"pa_czesc-rosliny-tohumlar","10":"pa_metoda-pozyskiwania-soguk-pres","12":"first","13":"instock","14":"shipping-taxable","15":"product-type-simple"},"acf":[],"yoast_head":"<!-- This site is optimized with the Yoast SEO plugin v27.5 - https:\/\/yoast.com\/product\/yoast-seo-wordpress\/ -->\n<title>Kenevir tohumu ya\u011f\u0131 - Hurtowy Dystrybutor<\/title>\n<meta name=\"robots\" content=\"index, follow, max-snippet:-1, max-image-preview:large, max-video-preview:-1\" \/>\n<link rel=\"canonical\" href=\"https:\/\/naturalpoland.com\/tr\/urunler\/gida-hammaddeleri\/gida-yaglari\/kenevir-tohumu-yagi\/\" \/>\n<meta property=\"og:locale\" content=\"tr_TR\" \/>\n<meta property=\"og:type\" content=\"article\" \/>\n<meta property=\"og:title\" content=\"Kenevir tohumu ya\u011f\u0131 - Hurtowy Dystrybutor\" \/>\n<meta property=\"og:description\" content=\"G\u0131da kalitesinde kenevir tohumu ya\u011f\u0131n\u0131n distrib\u00fct\u00f6r\u00fcy\u00fcz. \u00dcr\u00fcn yelpazemizde bulunan kenevir ya\u011f\u0131, uygun miktarda kannabinoid, mikro element, vitamin, doymam\u0131\u015f ya\u011f asitleri, fito\u00f6strojen ve flavonoid i\u00e7erir. So\u011fuk s\u0131k\u0131m, rafine edilmemi\u015f do\u011fal kenevir ya\u011f\u0131, v\u00fccut i\u00e7in bir\u00e7ok faydal\u0131 \u00f6zelli\u011fe sahiptir. Yo\u011fun ye\u015fil-sar\u0131 rengi ve f\u0131nd\u0131ks\u0131 tad\u0131yla karakterizedir.\" \/>\n<meta property=\"og:url\" content=\"https:\/\/naturalpoland.com\/tr\/urunler\/gida-hammaddeleri\/gida-yaglari\/kenevir-tohumu-yagi\/\" \/>\n<meta property=\"og:site_name\" content=\"NATURAL POLAND - Hurtowy Dystrybutor Surowc\u00f3w\" \/>\n<meta property=\"article:publisher\" content=\"https:\/\/www.facebook.com\/naturalpoland.b2b\" \/>\n<meta property=\"article:modified_time\" content=\"2025-12-22T11:11:22+00:00\" \/>\n<meta property=\"og:image\" content=\"https:\/\/naturalpoland.com\/wp-content\/uploads\/2021\/05\/hemp-seed-oil.jpg\" \/>\n\t<meta property=\"og:image:width\" content=\"800\" \/>\n\t<meta property=\"og:image:height\" content=\"800\" \/>\n\t<meta property=\"og:image:type\" content=\"image\/jpeg\" \/>\n<script type=\"application\/ld+json\" class=\"yoast-schema-graph\">{\"@context\":\"https:\\\/\\\/schema.org\",\"@graph\":[{\"@type\":\"WebPage\",\"@id\":\"https:\\\/\\\/naturalpoland.com\\\/tr\\\/urunler\\\/gida-hammaddeleri\\\/gida-yaglari\\\/kenevir-tohumu-yagi\\\/\",\"url\":\"https:\\\/\\\/naturalpoland.com\\\/tr\\\/urunler\\\/gida-hammaddeleri\\\/gida-yaglari\\\/kenevir-tohumu-yagi\\\/\",\"name\":\"Kenevir tohumu ya\u011f\u0131 - Hurtowy Dystrybutor\",\"isPartOf\":{\"@id\":\"https:\\\/\\\/naturalpoland.com\\\/tr\\\/#website\"},\"primaryImageOfPage\":{\"@id\":\"https:\\\/\\\/naturalpoland.com\\\/tr\\\/urunler\\\/gida-hammaddeleri\\\/gida-yaglari\\\/kenevir-tohumu-yagi\\\/#primaryimage\"},\"image\":{\"@id\":\"https:\\\/\\\/naturalpoland.com\\\/tr\\\/urunler\\\/gida-hammaddeleri\\\/gida-yaglari\\\/kenevir-tohumu-yagi\\\/#primaryimage\"},\"thumbnailUrl\":\"https:\\\/\\\/naturalpoland.com\\\/wp-content\\\/uploads\\\/2021\\\/05\\\/hemp-seed-oil.jpg\",\"datePublished\":\"2021-05-11T11:50:33+00:00\",\"dateModified\":\"2025-12-22T11:11:22+00:00\",\"breadcrumb\":{\"@id\":\"https:\\\/\\\/naturalpoland.com\\\/tr\\\/urunler\\\/gida-hammaddeleri\\\/gida-yaglari\\\/kenevir-tohumu-yagi\\\/#breadcrumb\"},\"inLanguage\":\"tr\",\"potentialAction\":[{\"@type\":\"ReadAction\",\"target\":[\"https:\\\/\\\/naturalpoland.com\\\/tr\\\/urunler\\\/gida-hammaddeleri\\\/gida-yaglari\\\/kenevir-tohumu-yagi\\\/\"]}]},{\"@type\":\"ImageObject\",\"inLanguage\":\"tr\",\"@id\":\"https:\\\/\\\/naturalpoland.com\\\/tr\\\/urunler\\\/gida-hammaddeleri\\\/gida-yaglari\\\/kenevir-tohumu-yagi\\\/#primaryimage\",\"url\":\"https:\\\/\\\/naturalpoland.com\\\/wp-content\\\/uploads\\\/2021\\\/05\\\/hemp-seed-oil.jpg\",\"contentUrl\":\"https:\\\/\\\/naturalpoland.com\\\/wp-content\\\/uploads\\\/2021\\\/05\\\/hemp-seed-oil.jpg\",\"width\":800,\"height\":800,\"caption\":\"kenevir tohumu ya\u011f\u0131\"},{\"@type\":\"BreadcrumbList\",\"@id\":\"https:\\\/\\\/naturalpoland.com\\\/tr\\\/urunler\\\/gida-hammaddeleri\\\/gida-yaglari\\\/kenevir-tohumu-yagi\\\/#breadcrumb\",\"itemListElement\":[{\"@type\":\"ListItem\",\"position\":1,\"name\":\"Ana Sayfa\",\"item\":\"https:\\\/\\\/naturalpoland.com\\\/tr\\\/\"},{\"@type\":\"ListItem\",\"position\":2,\"name\":\"\u00dcr\u00fcnler\",\"item\":\"https:\\\/\\\/naturalpoland.com\\\/tr\\\/urunler\\\/\"},{\"@type\":\"ListItem\",\"position\":3,\"name\":\"Kenevir tohumu ya\u011f\u0131\"}]},{\"@type\":\"WebSite\",\"@id\":\"https:\\\/\\\/naturalpoland.com\\\/tr\\\/#website\",\"url\":\"https:\\\/\\\/naturalpoland.com\\\/tr\\\/\",\"name\":\"NATURAL POLAND - Hurtowy Dystrybutor Surowc\u00f3w\",\"description\":\"Surowce dla przemys\u0142u spo\u017cywczego, kosmetycznego i farmaceutycznego\",\"publisher\":{\"@id\":\"https:\\\/\\\/naturalpoland.com\\\/tr\\\/#organization\"},\"potentialAction\":[{\"@type\":\"SearchAction\",\"target\":{\"@type\":\"EntryPoint\",\"urlTemplate\":\"https:\\\/\\\/naturalpoland.com\\\/tr\\\/?s={search_term_string}\"},\"query-input\":{\"@type\":\"PropertyValueSpecification\",\"valueRequired\":true,\"valueName\":\"search_term_string\"}}],\"inLanguage\":\"tr\"},{\"@type\":\"Organization\",\"@id\":\"https:\\\/\\\/naturalpoland.com\\\/tr\\\/#organization\",\"name\":\"Natural Poland\",\"url\":\"https:\\\/\\\/naturalpoland.com\\\/tr\\\/\",\"logo\":{\"@type\":\"ImageObject\",\"inLanguage\":\"tr\",\"@id\":\"https:\\\/\\\/naturalpoland.com\\\/tr\\\/#\\\/schema\\\/logo\\\/image\\\/\",\"url\":\"https:\\\/\\\/naturalpoland.com\\\/wp-content\\\/uploads\\\/2021\\\/05\\\/natural-poland-icon.png\",\"contentUrl\":\"https:\\\/\\\/naturalpoland.com\\\/wp-content\\\/uploads\\\/2021\\\/05\\\/natural-poland-icon.png\",\"width\":512,\"height\":512,\"caption\":\"Natural Poland\"},\"image\":{\"@id\":\"https:\\\/\\\/naturalpoland.com\\\/tr\\\/#\\\/schema\\\/logo\\\/image\\\/\"},\"sameAs\":[\"https:\\\/\\\/www.facebook.com\\\/naturalpoland.b2b\",\"https:\\\/\\\/pl.linkedin.com\\\/company\\\/natural-poland\",\"https:\\\/\\\/www.youtube.com\\\/channel\\\/UCgeGGkvOMahZo-xu_MSEWxg\"]}]}<\/script>\n<!-- \/ Yoast SEO plugin. -->","yoast_head_json":{"title":"Kenevir tohumu ya\u011f\u0131 - Hurtowy Dystrybutor","robots":{"index":"index","follow":"follow","max-snippet":"max-snippet:-1","max-image-preview":"max-image-preview:large","max-video-preview":"max-video-preview:-1"},"canonical":"https:\/\/naturalpoland.com\/tr\/urunler\/gida-hammaddeleri\/gida-yaglari\/kenevir-tohumu-yagi\/","og_locale":"tr_TR","og_type":"article","og_title":"Kenevir tohumu ya\u011f\u0131 - Hurtowy Dystrybutor","og_description":"G\u0131da kalitesinde kenevir tohumu ya\u011f\u0131n\u0131n distrib\u00fct\u00f6r\u00fcy\u00fcz. \u00dcr\u00fcn yelpazemizde bulunan kenevir ya\u011f\u0131, uygun miktarda kannabinoid, mikro element, vitamin, doymam\u0131\u015f ya\u011f asitleri, fito\u00f6strojen ve flavonoid i\u00e7erir. So\u011fuk s\u0131k\u0131m, rafine edilmemi\u015f do\u011fal kenevir ya\u011f\u0131, v\u00fccut i\u00e7in bir\u00e7ok faydal\u0131 \u00f6zelli\u011fe sahiptir. Yo\u011fun ye\u015fil-sar\u0131 rengi ve f\u0131nd\u0131ks\u0131 tad\u0131yla karakterizedir.","og_url":"https:\/\/naturalpoland.com\/tr\/urunler\/gida-hammaddeleri\/gida-yaglari\/kenevir-tohumu-yagi\/","og_site_name":"NATURAL POLAND - Hurtowy Dystrybutor Surowc\u00f3w","article_publisher":"https:\/\/www.facebook.com\/naturalpoland.b2b","article_modified_time":"2025-12-22T11:11:22+00:00","og_image":[{"width":800,"height":800,"url":"https:\/\/naturalpoland.com\/wp-content\/uploads\/2021\/05\/hemp-seed-oil.jpg","type":"image\/jpeg"}],"schema":{"@context":"https:\/\/schema.org","@graph":[{"@type":"WebPage","@id":"https:\/\/naturalpoland.com\/tr\/urunler\/gida-hammaddeleri\/gida-yaglari\/kenevir-tohumu-yagi\/","url":"https:\/\/naturalpoland.com\/tr\/urunler\/gida-hammaddeleri\/gida-yaglari\/kenevir-tohumu-yagi\/","name":"Kenevir tohumu ya\u011f\u0131 - Hurtowy Dystrybutor","isPartOf":{"@id":"https:\/\/naturalpoland.com\/tr\/#website"},"primaryImageOfPage":{"@id":"https:\/\/naturalpoland.com\/tr\/urunler\/gida-hammaddeleri\/gida-yaglari\/kenevir-tohumu-yagi\/#primaryimage"},"image":{"@id":"https:\/\/naturalpoland.com\/tr\/urunler\/gida-hammaddeleri\/gida-yaglari\/kenevir-tohumu-yagi\/#primaryimage"},"thumbnailUrl":"https:\/\/naturalpoland.com\/wp-content\/uploads\/2021\/05\/hemp-seed-oil.jpg","datePublished":"2021-05-11T11:50:33+00:00","dateModified":"2025-12-22T11:11:22+00:00","breadcrumb":{"@id":"https:\/\/naturalpoland.com\/tr\/urunler\/gida-hammaddeleri\/gida-yaglari\/kenevir-tohumu-yagi\/#breadcrumb"},"inLanguage":"tr","potentialAction":[{"@type":"ReadAction","target":["https:\/\/naturalpoland.com\/tr\/urunler\/gida-hammaddeleri\/gida-yaglari\/kenevir-tohumu-yagi\/"]}]},{"@type":"ImageObject","inLanguage":"tr","@id":"https:\/\/naturalpoland.com\/tr\/urunler\/gida-hammaddeleri\/gida-yaglari\/kenevir-tohumu-yagi\/#primaryimage","url":"https:\/\/naturalpoland.com\/wp-content\/uploads\/2021\/05\/hemp-seed-oil.jpg","contentUrl":"https:\/\/naturalpoland.com\/wp-content\/uploads\/2021\/05\/hemp-seed-oil.jpg","width":800,"height":800,"caption":"kenevir tohumu ya\u011f\u0131"},{"@type":"BreadcrumbList","@id":"https:\/\/naturalpoland.com\/tr\/urunler\/gida-hammaddeleri\/gida-yaglari\/kenevir-tohumu-yagi\/#breadcrumb","itemListElement":[{"@type":"ListItem","position":1,"name":"Ana Sayfa","item":"https:\/\/naturalpoland.com\/tr\/"},{"@type":"ListItem","position":2,"name":"\u00dcr\u00fcnler","item":"https:\/\/naturalpoland.com\/tr\/urunler\/"},{"@type":"ListItem","position":3,"name":"Kenevir tohumu ya\u011f\u0131"}]},{"@type":"WebSite","@id":"https:\/\/naturalpoland.com\/tr\/#website","url":"https:\/\/naturalpoland.com\/tr\/","name":"NATURAL POLAND - Hurtowy Dystrybutor Surowc\u00f3w","description":"Surowce dla przemys\u0142u spo\u017cywczego, kosmetycznego i farmaceutycznego","publisher":{"@id":"https:\/\/naturalpoland.com\/tr\/#organization"},"potentialAction":[{"@type":"SearchAction","target":{"@type":"EntryPoint","urlTemplate":"https:\/\/naturalpoland.com\/tr\/?s={search_term_string}"},"query-input":{"@type":"PropertyValueSpecification","valueRequired":true,"valueName":"search_term_string"}}],"inLanguage":"tr"},{"@type":"Organization","@id":"https:\/\/naturalpoland.com\/tr\/#organization","name":"Natural Poland","url":"https:\/\/naturalpoland.com\/tr\/","logo":{"@type":"ImageObject","inLanguage":"tr","@id":"https:\/\/naturalpoland.com\/tr\/#\/schema\/logo\/image\/","url":"https:\/\/naturalpoland.com\/wp-content\/uploads\/2021\/05\/natural-poland-icon.png","contentUrl":"https:\/\/naturalpoland.com\/wp-content\/uploads\/2021\/05\/natural-poland-icon.png","width":512,"height":512,"caption":"Natural Poland"},"image":{"@id":"https:\/\/naturalpoland.com\/tr\/#\/schema\/logo\/image\/"},"sameAs":["https:\/\/www.facebook.com\/naturalpoland.b2b","https:\/\/pl.linkedin.com\/company\/natural-poland","https:\/\/www.youtube.com\/channel\/UCgeGGkvOMahZo-xu_MSEWxg"]}]}},"_links":{"self":[{"href":"https:\/\/naturalpoland.com\/tr\/wp-json\/wp\/v2\/product\/44470","targetHints":{"allow":["GET"]}}],"collection":[{"href":"https:\/\/naturalpoland.com\/tr\/wp-json\/wp\/v2\/product"}],"about":[{"href":"https:\/\/naturalpoland.com\/tr\/wp-json\/wp\/v2\/types\/product"}],"wp:featuredmedia":[{"embeddable":true,"href":"https:\/\/naturalpoland.com\/tr\/wp-json\/wp\/v2\/media\/44471"}],"wp:attachment":[{"href":"https:\/\/naturalpoland.com\/tr\/wp-json\/wp\/v2\/media?parent=44470"}],"wp:term":[{"taxonomy":"product_brand","embeddable":true,"href":"https:\/\/naturalpoland.com\/tr\/wp-json\/wp\/v2\/product_brand?post=44470"},{"taxonomy":"product_cat","embeddable":true,"href":"https:\/\/naturalpoland.com\/tr\/wp-json\/wp\/v2\/product_cat?post=44470"},{"taxonomy":"product_tag","embeddable":true,"href":"https:\/\/naturalpoland.com\/tr\/wp-json\/wp\/v2\/product_tag?post=44470"}],"curies":[{"name":"wp","href":"https:\/\/api.w.org\/{rel}","templated":true}]}}