{"id":44479,"date":"2021-05-11T13:48:10","date_gmt":"2021-05-11T11:48:10","guid":{"rendered":"https:\/\/naturalpoland.com\/produkty\/kategorilenmemis\/n-asetil-l-sistein\/"},"modified":"2025-12-22T12:17:26","modified_gmt":"2025-12-22T11:17:26","slug":"n-asetil-l-sistein","status":"publish","type":"product","link":"https:\/\/naturalpoland.com\/tr\/urunler\/farmasotik-hammaddeler\/amino-asitler\/n-asetil-l-sistein\/","title":{"rendered":"N-asetil-L-sistein"},"content":{"rendered":"<p>NAC g\u00fc\u00e7l\u00fc bir antioksidand\u0131r ve h\u00fccreleri \u00f6l\u00fcmden korur. Sistein, toksik maddeleri ba\u011flayan bir k\u00fck\u00fcrt atomu i\u00e7erir, bu nedenle NAC v\u00fccudun detoksifikasyonunu destekler. <\/p>\n<p>Sistein, glutatyon sentezi i\u00e7in gereklidir. Glutatyon ise cildin gen\u00e7 g\u00f6r\u00fcn\u00fcm\u00fcn\u00fc korumak i\u00e7in gereklidir. Takviyesi, cildin ve sa\u00e7lar\u0131n kendi kendini d\u00fczenleme ve onarma yeteneklerini olumlu y\u00f6nde etkileyebilir. N-asetil-L-sistein ba\u011f\u0131\u015f\u0131kl\u0131k sisteminin i\u015flevini destekler ve zorlu bir antrenmandan sonra v\u00fccudun yenilenmesine yard\u0131mc\u0131 olur.   <\/p>\n<h2>BioNAC\u2122 LSMe<\/h2>\n<p><strong>BioNAC\u2122 LSMe<\/strong>, ba\u011f\u0131\u015f\u0131kl\u0131k sistemi sa\u011fl\u0131\u011f\u0131n\u0131, detoksifikasyonu ve solunum fonksiyonlar\u0131n\u0131 destekleyen temel bir bile\u015fen olan N-asetil-L-sisteinin (NAC) biyoyararlan\u0131m\u0131n\u0131 \u00f6nemli \u00f6l\u00e7\u00fcde art\u0131rmak i\u00e7in BioSNEDS\u2122 teknolojisini kullanan geli\u015fmi\u015f bir \u00fcr\u00fcnd\u00fcr.<\/p>\n<h3>Kullan\u0131m:<\/h3>\n<p>Besin takviyeleri, fonksiyonel g\u0131dalar, topikal kozmetikler, hayvan g\u0131da takviyeleri.<\/p>\n<h3>Sa\u011fl\u0131k faydalar\u0131:<\/h3>\n<ul>\n<li>NAC, ba\u011f\u0131\u015f\u0131kl\u0131k sistemini destekleyen g\u00fc\u00e7l\u00fc bir antioksidan olan glutatyonun \u00f6nc\u00fcs\u00fcd\u00fcr.<\/li>\n<li>Karaci\u011fer fonksiyonlar\u0131n\u0131 ve v\u00fccudun detoksifikasyon s\u00fcre\u00e7lerini destekler.<\/li>\n<li>Solunum fonksiyonlar\u0131n\u0131 iyile\u015ftirmeye yard\u0131mc\u0131 olur ve s\u0131kl\u0131kla mukolitik tedavide kullan\u0131l\u0131r.<\/li>\n<li>N\u00f6rotransmitter seviyeleri \u00fczerindeki etkisiyle zihinsel sa\u011fl\u0131\u011f\u0131 ve ruh halini destekleyebilir.<\/li>\n<li>Kas rejenerasyonuna yard\u0131mc\u0131 olur ve fiziksel egzersiz sonras\u0131 oksidatif stresi azalt\u0131r.<\/li>\n<li>H\u00fccreleri oksidatif strese kar\u015f\u0131 korur, bu da ya\u015flanma kar\u015f\u0131t\u0131 bir etki g\u00f6sterebilir.<\/li>\n<\/ul>\n<h3>BioSNEDS\u2122 teknolojisinin avantajlar\u0131<\/h3>\n<ul>\n<li>BioNAC\u2122, geleneksel NAC&#8217;ye k\u0131yasla 12 kat daha biyoyararlan\u0131ml\u0131d\u0131r, yani BioSNEDS\u2122&#8217;deki 50 mg aktif NAC, 600 mg geleneksel NAC&#8217;ye biyoe\u015fde\u011ferdir.<\/li>\n<li>Kilogram ba\u015f\u0131na daha fazla doz &#8211; geleneksel NAC&#8217;nin 1.616 dozuna k\u0131yasla kilogram ba\u015f\u0131na 2.000 doz.<\/li>\n<li>N\u00f6tr tada sahip ve kokusuz toz ve em\u00fclsiyon formlar\u0131nda mevcuttur.<\/li>\n<\/ul>\n","protected":false},"excerpt":{"rendered":"<p><strong>N-asetil-L-sistein<\/strong>, sistein amino asidinin daha iyi emilen bir formudur. K\u0131saca NAC olarak adland\u0131r\u0131l\u0131r ve kozmetikteki b\u00fcy\u00fck potansiyeli ke\u015ffedildi\u011finden beri birka\u00e7 y\u0131ld\u0131r b\u00fcy\u00fck bir pop\u00fclariteye sahiptir. <\/p>\n","protected":false},"featured_media":44480,"template":"","meta":{"_acf_changed":false},"product_brand":[],"product_cat":[9539],"product_tag":[],"class_list":{"0":"post-44479","1":"product","2":"type-product","3":"status-publish","4":"has-post-thumbnail","6":"product_cat-amino-asitler","7":"pa_technologia-biosneds-teknolojisi","9":"first","10":"instock","11":"shipping-taxable","12":"product-type-simple"},"acf":[],"yoast_head":"<!-- This site is optimized with the Yoast SEO plugin v27.5 - https:\/\/yoast.com\/product\/yoast-seo-wordpress\/ -->\n<title>N-asetil-L-sistein - NATURAL POLAND - Hurtowy Dystrybutor Surowc\u00f3w<\/title>\n<meta name=\"description\" content=\"N-asetil-L-sistein, sistein amino asidinin daha iyi emilen bir formudur. K\u0131saca NAC olarak adland\u0131r\u0131l\u0131r ve birka\u00e7 y\u0131ld\u0131r b\u00fcy\u00fck bir pop\u00fclariteye sahiptir.\" \/>\n<meta name=\"robots\" content=\"index, follow, max-snippet:-1, max-image-preview:large, max-video-preview:-1\" \/>\n<link rel=\"canonical\" href=\"https:\/\/naturalpoland.com\/tr\/urunler\/farmasotik-hammaddeler\/amino-asitler\/n-asetil-l-sistein\/\" \/>\n<meta property=\"og:locale\" content=\"tr_TR\" \/>\n<meta property=\"og:type\" content=\"article\" \/>\n<meta property=\"og:title\" content=\"N-asetil-L-sistein - NATURAL POLAND - Hurtowy Dystrybutor Surowc\u00f3w\" \/>\n<meta property=\"og:description\" content=\"N-asetil-L-sistein, sistein amino asidinin daha iyi emilen bir formudur. K\u0131saca NAC olarak adland\u0131r\u0131l\u0131r ve birka\u00e7 y\u0131ld\u0131r b\u00fcy\u00fck bir pop\u00fclariteye sahiptir.\" \/>\n<meta property=\"og:url\" content=\"https:\/\/naturalpoland.com\/tr\/urunler\/farmasotik-hammaddeler\/amino-asitler\/n-asetil-l-sistein\/\" \/>\n<meta property=\"og:site_name\" content=\"NATURAL POLAND - Hurtowy Dystrybutor Surowc\u00f3w\" \/>\n<meta property=\"article:publisher\" content=\"https:\/\/www.facebook.com\/naturalpoland.b2b\" \/>\n<meta property=\"article:modified_time\" content=\"2025-12-22T11:17:26+00:00\" \/>\n<meta property=\"og:image\" content=\"https:\/\/naturalpoland.com\/wp-content\/uploads\/2021\/05\/n-acetyl-l-cysteine.jpg\" \/>\n\t<meta property=\"og:image:width\" content=\"843\" \/>\n\t<meta property=\"og:image:height\" content=\"508\" \/>\n\t<meta property=\"og:image:type\" content=\"image\/jpeg\" \/>\n<script type=\"application\/ld+json\" class=\"yoast-schema-graph\">{\"@context\":\"https:\\\/\\\/schema.org\",\"@graph\":[{\"@type\":\"WebPage\",\"@id\":\"https:\\\/\\\/naturalpoland.com\\\/tr\\\/urunler\\\/farmasotik-hammaddeler\\\/amino-asitler\\\/n-asetil-l-sistein\\\/\",\"url\":\"https:\\\/\\\/naturalpoland.com\\\/tr\\\/urunler\\\/farmasotik-hammaddeler\\\/amino-asitler\\\/n-asetil-l-sistein\\\/\",\"name\":\"N-asetil-L-sistein - NATURAL POLAND - Hurtowy Dystrybutor Surowc\u00f3w\",\"isPartOf\":{\"@id\":\"https:\\\/\\\/naturalpoland.com\\\/tr\\\/#website\"},\"primaryImageOfPage\":{\"@id\":\"https:\\\/\\\/naturalpoland.com\\\/tr\\\/urunler\\\/farmasotik-hammaddeler\\\/amino-asitler\\\/n-asetil-l-sistein\\\/#primaryimage\"},\"image\":{\"@id\":\"https:\\\/\\\/naturalpoland.com\\\/tr\\\/urunler\\\/farmasotik-hammaddeler\\\/amino-asitler\\\/n-asetil-l-sistein\\\/#primaryimage\"},\"thumbnailUrl\":\"https:\\\/\\\/naturalpoland.com\\\/wp-content\\\/uploads\\\/2021\\\/05\\\/n-acetyl-l-cysteine.jpg\",\"datePublished\":\"2021-05-11T11:48:10+00:00\",\"dateModified\":\"2025-12-22T11:17:26+00:00\",\"description\":\"N-asetil-L-sistein, sistein amino asidinin daha iyi emilen bir formudur. K\u0131saca NAC olarak adland\u0131r\u0131l\u0131r ve birka\u00e7 y\u0131ld\u0131r b\u00fcy\u00fck bir pop\u00fclariteye sahiptir.\",\"breadcrumb\":{\"@id\":\"https:\\\/\\\/naturalpoland.com\\\/tr\\\/urunler\\\/farmasotik-hammaddeler\\\/amino-asitler\\\/n-asetil-l-sistein\\\/#breadcrumb\"},\"inLanguage\":\"tr\",\"potentialAction\":[{\"@type\":\"ReadAction\",\"target\":[\"https:\\\/\\\/naturalpoland.com\\\/tr\\\/urunler\\\/farmasotik-hammaddeler\\\/amino-asitler\\\/n-asetil-l-sistein\\\/\"]}]},{\"@type\":\"ImageObject\",\"inLanguage\":\"tr\",\"@id\":\"https:\\\/\\\/naturalpoland.com\\\/tr\\\/urunler\\\/farmasotik-hammaddeler\\\/amino-asitler\\\/n-asetil-l-sistein\\\/#primaryimage\",\"url\":\"https:\\\/\\\/naturalpoland.com\\\/wp-content\\\/uploads\\\/2021\\\/05\\\/n-acetyl-l-cysteine.jpg\",\"contentUrl\":\"https:\\\/\\\/naturalpoland.com\\\/wp-content\\\/uploads\\\/2021\\\/05\\\/n-acetyl-l-cysteine.jpg\",\"width\":843,\"height\":508,\"caption\":\"N-asetil-L-sistein\"},{\"@type\":\"BreadcrumbList\",\"@id\":\"https:\\\/\\\/naturalpoland.com\\\/tr\\\/urunler\\\/farmasotik-hammaddeler\\\/amino-asitler\\\/n-asetil-l-sistein\\\/#breadcrumb\",\"itemListElement\":[{\"@type\":\"ListItem\",\"position\":1,\"name\":\"Ana Sayfa\",\"item\":\"https:\\\/\\\/naturalpoland.com\\\/tr\\\/\"},{\"@type\":\"ListItem\",\"position\":2,\"name\":\"\u00dcr\u00fcnler\",\"item\":\"https:\\\/\\\/naturalpoland.com\\\/tr\\\/urunler\\\/\"},{\"@type\":\"ListItem\",\"position\":3,\"name\":\"N-asetil-L-sistein\"}]},{\"@type\":\"WebSite\",\"@id\":\"https:\\\/\\\/naturalpoland.com\\\/tr\\\/#website\",\"url\":\"https:\\\/\\\/naturalpoland.com\\\/tr\\\/\",\"name\":\"NATURAL POLAND - Hurtowy Dystrybutor Surowc\u00f3w\",\"description\":\"Surowce dla przemys\u0142u spo\u017cywczego, kosmetycznego i farmaceutycznego\",\"publisher\":{\"@id\":\"https:\\\/\\\/naturalpoland.com\\\/tr\\\/#organization\"},\"potentialAction\":[{\"@type\":\"SearchAction\",\"target\":{\"@type\":\"EntryPoint\",\"urlTemplate\":\"https:\\\/\\\/naturalpoland.com\\\/tr\\\/?s={search_term_string}\"},\"query-input\":{\"@type\":\"PropertyValueSpecification\",\"valueRequired\":true,\"valueName\":\"search_term_string\"}}],\"inLanguage\":\"tr\"},{\"@type\":\"Organization\",\"@id\":\"https:\\\/\\\/naturalpoland.com\\\/tr\\\/#organization\",\"name\":\"Natural Poland\",\"url\":\"https:\\\/\\\/naturalpoland.com\\\/tr\\\/\",\"logo\":{\"@type\":\"ImageObject\",\"inLanguage\":\"tr\",\"@id\":\"https:\\\/\\\/naturalpoland.com\\\/tr\\\/#\\\/schema\\\/logo\\\/image\\\/\",\"url\":\"https:\\\/\\\/naturalpoland.com\\\/wp-content\\\/uploads\\\/2021\\\/05\\\/natural-poland-icon.png\",\"contentUrl\":\"https:\\\/\\\/naturalpoland.com\\\/wp-content\\\/uploads\\\/2021\\\/05\\\/natural-poland-icon.png\",\"width\":512,\"height\":512,\"caption\":\"Natural Poland\"},\"image\":{\"@id\":\"https:\\\/\\\/naturalpoland.com\\\/tr\\\/#\\\/schema\\\/logo\\\/image\\\/\"},\"sameAs\":[\"https:\\\/\\\/www.facebook.com\\\/naturalpoland.b2b\",\"https:\\\/\\\/pl.linkedin.com\\\/company\\\/natural-poland\",\"https:\\\/\\\/www.youtube.com\\\/channel\\\/UCgeGGkvOMahZo-xu_MSEWxg\"]}]}<\/script>\n<!-- \/ Yoast SEO plugin. -->","yoast_head_json":{"title":"N-asetil-L-sistein - NATURAL POLAND - Hurtowy Dystrybutor Surowc\u00f3w","description":"N-asetil-L-sistein, sistein amino asidinin daha iyi emilen bir formudur. K\u0131saca NAC olarak adland\u0131r\u0131l\u0131r ve birka\u00e7 y\u0131ld\u0131r b\u00fcy\u00fck bir pop\u00fclariteye sahiptir.","robots":{"index":"index","follow":"follow","max-snippet":"max-snippet:-1","max-image-preview":"max-image-preview:large","max-video-preview":"max-video-preview:-1"},"canonical":"https:\/\/naturalpoland.com\/tr\/urunler\/farmasotik-hammaddeler\/amino-asitler\/n-asetil-l-sistein\/","og_locale":"tr_TR","og_type":"article","og_title":"N-asetil-L-sistein - NATURAL POLAND - Hurtowy Dystrybutor Surowc\u00f3w","og_description":"N-asetil-L-sistein, sistein amino asidinin daha iyi emilen bir formudur. K\u0131saca NAC olarak adland\u0131r\u0131l\u0131r ve birka\u00e7 y\u0131ld\u0131r b\u00fcy\u00fck bir pop\u00fclariteye sahiptir.","og_url":"https:\/\/naturalpoland.com\/tr\/urunler\/farmasotik-hammaddeler\/amino-asitler\/n-asetil-l-sistein\/","og_site_name":"NATURAL POLAND - Hurtowy Dystrybutor Surowc\u00f3w","article_publisher":"https:\/\/www.facebook.com\/naturalpoland.b2b","article_modified_time":"2025-12-22T11:17:26+00:00","og_image":[{"width":843,"height":508,"url":"https:\/\/naturalpoland.com\/wp-content\/uploads\/2021\/05\/n-acetyl-l-cysteine.jpg","type":"image\/jpeg"}],"schema":{"@context":"https:\/\/schema.org","@graph":[{"@type":"WebPage","@id":"https:\/\/naturalpoland.com\/tr\/urunler\/farmasotik-hammaddeler\/amino-asitler\/n-asetil-l-sistein\/","url":"https:\/\/naturalpoland.com\/tr\/urunler\/farmasotik-hammaddeler\/amino-asitler\/n-asetil-l-sistein\/","name":"N-asetil-L-sistein - NATURAL POLAND - Hurtowy Dystrybutor Surowc\u00f3w","isPartOf":{"@id":"https:\/\/naturalpoland.com\/tr\/#website"},"primaryImageOfPage":{"@id":"https:\/\/naturalpoland.com\/tr\/urunler\/farmasotik-hammaddeler\/amino-asitler\/n-asetil-l-sistein\/#primaryimage"},"image":{"@id":"https:\/\/naturalpoland.com\/tr\/urunler\/farmasotik-hammaddeler\/amino-asitler\/n-asetil-l-sistein\/#primaryimage"},"thumbnailUrl":"https:\/\/naturalpoland.com\/wp-content\/uploads\/2021\/05\/n-acetyl-l-cysteine.jpg","datePublished":"2021-05-11T11:48:10+00:00","dateModified":"2025-12-22T11:17:26+00:00","description":"N-asetil-L-sistein, sistein amino asidinin daha iyi emilen bir formudur. K\u0131saca NAC olarak adland\u0131r\u0131l\u0131r ve birka\u00e7 y\u0131ld\u0131r b\u00fcy\u00fck bir pop\u00fclariteye sahiptir.","breadcrumb":{"@id":"https:\/\/naturalpoland.com\/tr\/urunler\/farmasotik-hammaddeler\/amino-asitler\/n-asetil-l-sistein\/#breadcrumb"},"inLanguage":"tr","potentialAction":[{"@type":"ReadAction","target":["https:\/\/naturalpoland.com\/tr\/urunler\/farmasotik-hammaddeler\/amino-asitler\/n-asetil-l-sistein\/"]}]},{"@type":"ImageObject","inLanguage":"tr","@id":"https:\/\/naturalpoland.com\/tr\/urunler\/farmasotik-hammaddeler\/amino-asitler\/n-asetil-l-sistein\/#primaryimage","url":"https:\/\/naturalpoland.com\/wp-content\/uploads\/2021\/05\/n-acetyl-l-cysteine.jpg","contentUrl":"https:\/\/naturalpoland.com\/wp-content\/uploads\/2021\/05\/n-acetyl-l-cysteine.jpg","width":843,"height":508,"caption":"N-asetil-L-sistein"},{"@type":"BreadcrumbList","@id":"https:\/\/naturalpoland.com\/tr\/urunler\/farmasotik-hammaddeler\/amino-asitler\/n-asetil-l-sistein\/#breadcrumb","itemListElement":[{"@type":"ListItem","position":1,"name":"Ana Sayfa","item":"https:\/\/naturalpoland.com\/tr\/"},{"@type":"ListItem","position":2,"name":"\u00dcr\u00fcnler","item":"https:\/\/naturalpoland.com\/tr\/urunler\/"},{"@type":"ListItem","position":3,"name":"N-asetil-L-sistein"}]},{"@type":"WebSite","@id":"https:\/\/naturalpoland.com\/tr\/#website","url":"https:\/\/naturalpoland.com\/tr\/","name":"NATURAL POLAND - Hurtowy Dystrybutor Surowc\u00f3w","description":"Surowce dla przemys\u0142u spo\u017cywczego, kosmetycznego i farmaceutycznego","publisher":{"@id":"https:\/\/naturalpoland.com\/tr\/#organization"},"potentialAction":[{"@type":"SearchAction","target":{"@type":"EntryPoint","urlTemplate":"https:\/\/naturalpoland.com\/tr\/?s={search_term_string}"},"query-input":{"@type":"PropertyValueSpecification","valueRequired":true,"valueName":"search_term_string"}}],"inLanguage":"tr"},{"@type":"Organization","@id":"https:\/\/naturalpoland.com\/tr\/#organization","name":"Natural Poland","url":"https:\/\/naturalpoland.com\/tr\/","logo":{"@type":"ImageObject","inLanguage":"tr","@id":"https:\/\/naturalpoland.com\/tr\/#\/schema\/logo\/image\/","url":"https:\/\/naturalpoland.com\/wp-content\/uploads\/2021\/05\/natural-poland-icon.png","contentUrl":"https:\/\/naturalpoland.com\/wp-content\/uploads\/2021\/05\/natural-poland-icon.png","width":512,"height":512,"caption":"Natural Poland"},"image":{"@id":"https:\/\/naturalpoland.com\/tr\/#\/schema\/logo\/image\/"},"sameAs":["https:\/\/www.facebook.com\/naturalpoland.b2b","https:\/\/pl.linkedin.com\/company\/natural-poland","https:\/\/www.youtube.com\/channel\/UCgeGGkvOMahZo-xu_MSEWxg"]}]}},"_links":{"self":[{"href":"https:\/\/naturalpoland.com\/tr\/wp-json\/wp\/v2\/product\/44479","targetHints":{"allow":["GET"]}}],"collection":[{"href":"https:\/\/naturalpoland.com\/tr\/wp-json\/wp\/v2\/product"}],"about":[{"href":"https:\/\/naturalpoland.com\/tr\/wp-json\/wp\/v2\/types\/product"}],"wp:featuredmedia":[{"embeddable":true,"href":"https:\/\/naturalpoland.com\/tr\/wp-json\/wp\/v2\/media\/44480"}],"wp:attachment":[{"href":"https:\/\/naturalpoland.com\/tr\/wp-json\/wp\/v2\/media?parent=44479"}],"wp:term":[{"taxonomy":"product_brand","embeddable":true,"href":"https:\/\/naturalpoland.com\/tr\/wp-json\/wp\/v2\/product_brand?post=44479"},{"taxonomy":"product_cat","embeddable":true,"href":"https:\/\/naturalpoland.com\/tr\/wp-json\/wp\/v2\/product_cat?post=44479"},{"taxonomy":"product_tag","embeddable":true,"href":"https:\/\/naturalpoland.com\/tr\/wp-json\/wp\/v2\/product_tag?post=44479"}],"curies":[{"name":"wp","href":"https:\/\/api.w.org\/{rel}","templated":true}]}}