{"id":44489,"date":"2021-05-21T10:15:00","date_gmt":"2021-05-21T08:15:00","guid":{"rendered":"https:\/\/naturalpoland.com\/produkty\/kategorilenmemis\/bakuchiol\/"},"modified":"2025-12-22T12:20:48","modified_gmt":"2025-12-22T11:20:48","slug":"bakuchiol","status":"publish","type":"product","link":"https:\/\/naturalpoland.com\/tr\/urunler\/kozmetik-hammaddeleri\/kozmetik-hammaddeleri-2\/bakuchiol\/","title":{"rendered":"Bakuchiol"},"content":{"rendered":"<h2>Bakuchiol\u00fcn kozmetik \u00f6zellikleri:<\/h2>\n<p>Bakuchiol g\u00fc\u00e7l\u00fc <strong>ya\u015flanma kar\u015f\u0131t\u0131 \u00f6zellikler<\/strong> g\u00f6stererek kolajen ve elastin \u00fcretimini uyar\u0131r, bu da k\u0131r\u0131\u015f\u0131kl\u0131klar\u0131n azalmas\u0131na ve cildin elastikiyetinin artmas\u0131na yol a\u00e7ar. Bu \u00f6zellik, ya\u015flanma belirtileriyle m\u00fccadele i\u00e7in do\u011fal y\u00f6ntemler arayan olgun ciltli ki\u015filer i\u00e7in \u00f6zellikle faydal\u0131d\u0131r. <\/p>\n<p>Bakuchiol ayr\u0131ca cilt h\u00fccrelerinin <strong>yenilenmesini destekler<\/strong>, bu da iyile\u015fme ve yenilenme s\u00fcre\u00e7lerini h\u0131zland\u0131r\u0131r. Hiperpigmentasyon, skarlar ve di\u011fer cilt kusurlar\u0131n\u0131n azalt\u0131lmas\u0131nda etkilidir, cildin genel g\u00f6r\u00fcn\u00fcm\u00fcn\u00fc ve dokusunu iyile\u015ftirir. Bu hammadde y\u00fczy\u0131llard\u0131r geleneksel \u00c7in t\u0131bb\u0131nda t\u00fcm cilt rahats\u0131zl\u0131klar\u0131 i\u00e7in bir ila\u00e7 olarak kullan\u0131lmaktad\u0131r.  <\/p>\n<p><em>British Journal of Dermatology<\/em>&#8216;de yay\u0131nlanan ara\u015ft\u0131rmalar, bakuchiol\u00fcn ola\u011fan\u00fcst\u00fc <strong>antioksidan \u00f6zelliklere<\/strong> sahip oldu\u011funu g\u00f6stermi\u015ftir: k\u0131r\u0131\u015f\u0131kl\u0131klar\u0131 ve hiperpigmentasyonu giderir ve \u00e7izgileri azalt\u0131r.<\/p>\n<h2>Kullan\u0131m:<\/h2>\n<p>Bakuchiol <strong>ya\u015flanma kar\u015f\u0131t\u0131 kremler, serumlar, y\u00fcz ya\u011flar\u0131, balsamlar ve maskeler<\/strong> gibi \u00e7e\u015fitli kozmetik \u00fcr\u00fcnlerde yayg\u0131n olarak kullan\u0131l\u0131r. Rejeneratif ve ya\u015flanma kar\u015f\u0131t\u0131 \u00f6zellikleri, cilt bak\u0131m\u0131 i\u00e7in do\u011fal ve etkili \u00e7\u00f6z\u00fcmler arayan ki\u015filer i\u00e7in ideal bir bile\u015fen yapar. <\/p>\n<p>Yat\u0131\u015ft\u0131r\u0131ci \u00f6zellikleri nedeniyle bakuchiol, akne, egzama ve di\u011fer cilt problemlerinin tedavisinde kullan\u0131lan <strong>dermatolojik preparatlarda<\/strong> da uygulan\u0131r. \u0130ltihab\u0131n azalt\u0131lmas\u0131na yard\u0131mc\u0131 olur ve cildin rejeneratif s\u00fcre\u00e7lerini destekler.<br \/>\nBakuchiol, \u00f6nerilere uygun \u015fekilde sakland\u0131\u011f\u0131nda stabildir. G\u00fc\u00e7l\u00fc oksitleyicilerle temas\u0131ndan ka\u00e7\u0131n\u0131lmal\u0131d\u0131r. \u00dcr\u00fcn, \u00f6nerilen saklama ko\u015fullar\u0131nda \u0131s\u0131 ve \u0131\u015f\u0131\u011fa kar\u015f\u0131 dayan\u0131kl\u0131d\u0131r.   <\/p>\n","protected":false},"excerpt":{"rendered":"<p><strong>Bakuchiol<\/strong>, Asya, Afrika ve Orta Avrupa&#8217;da yeti\u015fen Bakuchi (<em>Psoralea corylifolia<\/em>) yapraklar\u0131 ve tohumlar\u0131ndan elde edilen do\u011fal bir kozmetik bile\u015fendir. <strong><a href=\"https:\/\/naturalpoland.com\/produkty\/produkty-dla-przemyslu-kosmetycznego\/surowce-kosmetyczne\/retinol\/\">Retinol\u00fcn<\/a><\/strong> do\u011fal alternatifi olarak kabul edilir, ancak retinol\u00fcn aksine fotosensitize edici \u00f6zelliklere sahip de\u011fildir, hatta g\u00fcne\u015f \u0131\u015f\u0131nlar\u0131n\u0131n zararl\u0131 etkilerini yat\u0131\u015ft\u0131r\u0131r ve cildin bunlara kar\u015f\u0131 daha diren\u00e7li olmas\u0131n\u0131 sa\u011flar. <\/p>\n","protected":false},"featured_media":44491,"template":"","meta":{"_acf_changed":false},"product_brand":[],"product_cat":[9557],"product_tag":[],"class_list":{"0":"post-44489","1":"product","2":"type-product","3":"status-publish","4":"has-post-thumbnail","6":"product_cat-kozmetik-hammaddeleri-2","7":"pa_grupa-substancji-antioksidanlar","9":"first","10":"instock","11":"shipping-taxable","12":"product-type-simple"},"acf":[],"yoast_head":"<!-- This site is optimized with the Yoast SEO plugin v27.5 - https:\/\/yoast.com\/product\/yoast-seo-wordpress\/ -->\n<title>Bakuchiol - NATURAL POLAND - Hurtowy Dystrybutor Surowc\u00f3w<\/title>\n<meta name=\"description\" content=\"Bakuchiol, retinol\u00fcn do\u011fal alternatifi olarak kabul edilir, ancak retinol\u00fcn aksine fotosensitize edici \u00f6zelliklere sahip de\u011fildir.\" \/>\n<meta name=\"robots\" content=\"index, follow, max-snippet:-1, max-image-preview:large, max-video-preview:-1\" \/>\n<link rel=\"canonical\" href=\"https:\/\/naturalpoland.com\/tr\/urunler\/kozmetik-hammaddeleri\/kozmetik-hammaddeleri-2\/bakuchiol\/\" \/>\n<meta property=\"og:locale\" content=\"tr_TR\" \/>\n<meta property=\"og:type\" content=\"article\" \/>\n<meta property=\"og:title\" content=\"Bakuchiol - NATURAL POLAND - Hurtowy Dystrybutor Surowc\u00f3w\" \/>\n<meta property=\"og:description\" content=\"Bakuchiol, retinol\u00fcn do\u011fal alternatifi olarak kabul edilir, ancak retinol\u00fcn aksine fotosensitize edici \u00f6zelliklere sahip de\u011fildir.\" \/>\n<meta property=\"og:url\" content=\"https:\/\/naturalpoland.com\/tr\/urunler\/kozmetik-hammaddeleri\/kozmetik-hammaddeleri-2\/bakuchiol\/\" \/>\n<meta property=\"og:site_name\" content=\"NATURAL POLAND - Hurtowy Dystrybutor Surowc\u00f3w\" \/>\n<meta property=\"article:publisher\" content=\"https:\/\/www.facebook.com\/naturalpoland.b2b\" \/>\n<meta property=\"article:modified_time\" content=\"2025-12-22T11:20:48+00:00\" \/>\n<meta property=\"og:image\" content=\"https:\/\/naturalpoland.com\/wp-content\/uploads\/bakuchiol.png\" \/>\n\t<meta property=\"og:image:width\" content=\"650\" \/>\n\t<meta property=\"og:image:height\" content=\"650\" \/>\n\t<meta property=\"og:image:type\" content=\"image\/png\" \/>\n<script type=\"application\/ld+json\" class=\"yoast-schema-graph\">{\"@context\":\"https:\\\/\\\/schema.org\",\"@graph\":[{\"@type\":\"WebPage\",\"@id\":\"https:\\\/\\\/naturalpoland.com\\\/tr\\\/urunler\\\/kozmetik-hammaddeleri\\\/kozmetik-hammaddeleri-2\\\/bakuchiol\\\/\",\"url\":\"https:\\\/\\\/naturalpoland.com\\\/tr\\\/urunler\\\/kozmetik-hammaddeleri\\\/kozmetik-hammaddeleri-2\\\/bakuchiol\\\/\",\"name\":\"Bakuchiol - NATURAL POLAND - Hurtowy Dystrybutor Surowc\u00f3w\",\"isPartOf\":{\"@id\":\"https:\\\/\\\/naturalpoland.com\\\/tr\\\/#website\"},\"primaryImageOfPage\":{\"@id\":\"https:\\\/\\\/naturalpoland.com\\\/tr\\\/urunler\\\/kozmetik-hammaddeleri\\\/kozmetik-hammaddeleri-2\\\/bakuchiol\\\/#primaryimage\"},\"image\":{\"@id\":\"https:\\\/\\\/naturalpoland.com\\\/tr\\\/urunler\\\/kozmetik-hammaddeleri\\\/kozmetik-hammaddeleri-2\\\/bakuchiol\\\/#primaryimage\"},\"thumbnailUrl\":\"https:\\\/\\\/naturalpoland.com\\\/wp-content\\\/uploads\\\/bakuchiol.png\",\"datePublished\":\"2021-05-21T08:15:00+00:00\",\"dateModified\":\"2025-12-22T11:20:48+00:00\",\"description\":\"Bakuchiol, retinol\u00fcn do\u011fal alternatifi olarak kabul edilir, ancak retinol\u00fcn aksine fotosensitize edici \u00f6zelliklere sahip de\u011fildir.\",\"breadcrumb\":{\"@id\":\"https:\\\/\\\/naturalpoland.com\\\/tr\\\/urunler\\\/kozmetik-hammaddeleri\\\/kozmetik-hammaddeleri-2\\\/bakuchiol\\\/#breadcrumb\"},\"inLanguage\":\"tr\",\"potentialAction\":[{\"@type\":\"ReadAction\",\"target\":[\"https:\\\/\\\/naturalpoland.com\\\/tr\\\/urunler\\\/kozmetik-hammaddeleri\\\/kozmetik-hammaddeleri-2\\\/bakuchiol\\\/\"]}]},{\"@type\":\"ImageObject\",\"inLanguage\":\"tr\",\"@id\":\"https:\\\/\\\/naturalpoland.com\\\/tr\\\/urunler\\\/kozmetik-hammaddeleri\\\/kozmetik-hammaddeleri-2\\\/bakuchiol\\\/#primaryimage\",\"url\":\"https:\\\/\\\/naturalpoland.com\\\/wp-content\\\/uploads\\\/bakuchiol.png\",\"contentUrl\":\"https:\\\/\\\/naturalpoland.com\\\/wp-content\\\/uploads\\\/bakuchiol.png\",\"width\":650,\"height\":650,\"caption\":\"bakuchiol\"},{\"@type\":\"BreadcrumbList\",\"@id\":\"https:\\\/\\\/naturalpoland.com\\\/tr\\\/urunler\\\/kozmetik-hammaddeleri\\\/kozmetik-hammaddeleri-2\\\/bakuchiol\\\/#breadcrumb\",\"itemListElement\":[{\"@type\":\"ListItem\",\"position\":1,\"name\":\"Ana Sayfa\",\"item\":\"https:\\\/\\\/naturalpoland.com\\\/tr\\\/\"},{\"@type\":\"ListItem\",\"position\":2,\"name\":\"\u00dcr\u00fcnler\",\"item\":\"https:\\\/\\\/naturalpoland.com\\\/tr\\\/urunler\\\/\"},{\"@type\":\"ListItem\",\"position\":3,\"name\":\"Bakuchiol\"}]},{\"@type\":\"WebSite\",\"@id\":\"https:\\\/\\\/naturalpoland.com\\\/tr\\\/#website\",\"url\":\"https:\\\/\\\/naturalpoland.com\\\/tr\\\/\",\"name\":\"NATURAL POLAND - Hurtowy Dystrybutor Surowc\u00f3w\",\"description\":\"Surowce dla przemys\u0142u spo\u017cywczego, kosmetycznego i farmaceutycznego\",\"publisher\":{\"@id\":\"https:\\\/\\\/naturalpoland.com\\\/tr\\\/#organization\"},\"potentialAction\":[{\"@type\":\"SearchAction\",\"target\":{\"@type\":\"EntryPoint\",\"urlTemplate\":\"https:\\\/\\\/naturalpoland.com\\\/tr\\\/?s={search_term_string}\"},\"query-input\":{\"@type\":\"PropertyValueSpecification\",\"valueRequired\":true,\"valueName\":\"search_term_string\"}}],\"inLanguage\":\"tr\"},{\"@type\":\"Organization\",\"@id\":\"https:\\\/\\\/naturalpoland.com\\\/tr\\\/#organization\",\"name\":\"Natural Poland\",\"url\":\"https:\\\/\\\/naturalpoland.com\\\/tr\\\/\",\"logo\":{\"@type\":\"ImageObject\",\"inLanguage\":\"tr\",\"@id\":\"https:\\\/\\\/naturalpoland.com\\\/tr\\\/#\\\/schema\\\/logo\\\/image\\\/\",\"url\":\"https:\\\/\\\/naturalpoland.com\\\/wp-content\\\/uploads\\\/2021\\\/05\\\/natural-poland-icon.png\",\"contentUrl\":\"https:\\\/\\\/naturalpoland.com\\\/wp-content\\\/uploads\\\/2021\\\/05\\\/natural-poland-icon.png\",\"width\":512,\"height\":512,\"caption\":\"Natural Poland\"},\"image\":{\"@id\":\"https:\\\/\\\/naturalpoland.com\\\/tr\\\/#\\\/schema\\\/logo\\\/image\\\/\"},\"sameAs\":[\"https:\\\/\\\/www.facebook.com\\\/naturalpoland.b2b\",\"https:\\\/\\\/pl.linkedin.com\\\/company\\\/natural-poland\",\"https:\\\/\\\/www.youtube.com\\\/channel\\\/UCgeGGkvOMahZo-xu_MSEWxg\"]}]}<\/script>\n<!-- \/ Yoast SEO plugin. -->","yoast_head_json":{"title":"Bakuchiol - NATURAL POLAND - Hurtowy Dystrybutor Surowc\u00f3w","description":"Bakuchiol, retinol\u00fcn do\u011fal alternatifi olarak kabul edilir, ancak retinol\u00fcn aksine fotosensitize edici \u00f6zelliklere sahip de\u011fildir.","robots":{"index":"index","follow":"follow","max-snippet":"max-snippet:-1","max-image-preview":"max-image-preview:large","max-video-preview":"max-video-preview:-1"},"canonical":"https:\/\/naturalpoland.com\/tr\/urunler\/kozmetik-hammaddeleri\/kozmetik-hammaddeleri-2\/bakuchiol\/","og_locale":"tr_TR","og_type":"article","og_title":"Bakuchiol - NATURAL POLAND - Hurtowy Dystrybutor Surowc\u00f3w","og_description":"Bakuchiol, retinol\u00fcn do\u011fal alternatifi olarak kabul edilir, ancak retinol\u00fcn aksine fotosensitize edici \u00f6zelliklere sahip de\u011fildir.","og_url":"https:\/\/naturalpoland.com\/tr\/urunler\/kozmetik-hammaddeleri\/kozmetik-hammaddeleri-2\/bakuchiol\/","og_site_name":"NATURAL POLAND - Hurtowy Dystrybutor Surowc\u00f3w","article_publisher":"https:\/\/www.facebook.com\/naturalpoland.b2b","article_modified_time":"2025-12-22T11:20:48+00:00","og_image":[{"width":650,"height":650,"url":"https:\/\/naturalpoland.com\/wp-content\/uploads\/bakuchiol.png","type":"image\/png"}],"schema":{"@context":"https:\/\/schema.org","@graph":[{"@type":"WebPage","@id":"https:\/\/naturalpoland.com\/tr\/urunler\/kozmetik-hammaddeleri\/kozmetik-hammaddeleri-2\/bakuchiol\/","url":"https:\/\/naturalpoland.com\/tr\/urunler\/kozmetik-hammaddeleri\/kozmetik-hammaddeleri-2\/bakuchiol\/","name":"Bakuchiol - NATURAL POLAND - Hurtowy Dystrybutor Surowc\u00f3w","isPartOf":{"@id":"https:\/\/naturalpoland.com\/tr\/#website"},"primaryImageOfPage":{"@id":"https:\/\/naturalpoland.com\/tr\/urunler\/kozmetik-hammaddeleri\/kozmetik-hammaddeleri-2\/bakuchiol\/#primaryimage"},"image":{"@id":"https:\/\/naturalpoland.com\/tr\/urunler\/kozmetik-hammaddeleri\/kozmetik-hammaddeleri-2\/bakuchiol\/#primaryimage"},"thumbnailUrl":"https:\/\/naturalpoland.com\/wp-content\/uploads\/bakuchiol.png","datePublished":"2021-05-21T08:15:00+00:00","dateModified":"2025-12-22T11:20:48+00:00","description":"Bakuchiol, retinol\u00fcn do\u011fal alternatifi olarak kabul edilir, ancak retinol\u00fcn aksine fotosensitize edici \u00f6zelliklere sahip de\u011fildir.","breadcrumb":{"@id":"https:\/\/naturalpoland.com\/tr\/urunler\/kozmetik-hammaddeleri\/kozmetik-hammaddeleri-2\/bakuchiol\/#breadcrumb"},"inLanguage":"tr","potentialAction":[{"@type":"ReadAction","target":["https:\/\/naturalpoland.com\/tr\/urunler\/kozmetik-hammaddeleri\/kozmetik-hammaddeleri-2\/bakuchiol\/"]}]},{"@type":"ImageObject","inLanguage":"tr","@id":"https:\/\/naturalpoland.com\/tr\/urunler\/kozmetik-hammaddeleri\/kozmetik-hammaddeleri-2\/bakuchiol\/#primaryimage","url":"https:\/\/naturalpoland.com\/wp-content\/uploads\/bakuchiol.png","contentUrl":"https:\/\/naturalpoland.com\/wp-content\/uploads\/bakuchiol.png","width":650,"height":650,"caption":"bakuchiol"},{"@type":"BreadcrumbList","@id":"https:\/\/naturalpoland.com\/tr\/urunler\/kozmetik-hammaddeleri\/kozmetik-hammaddeleri-2\/bakuchiol\/#breadcrumb","itemListElement":[{"@type":"ListItem","position":1,"name":"Ana Sayfa","item":"https:\/\/naturalpoland.com\/tr\/"},{"@type":"ListItem","position":2,"name":"\u00dcr\u00fcnler","item":"https:\/\/naturalpoland.com\/tr\/urunler\/"},{"@type":"ListItem","position":3,"name":"Bakuchiol"}]},{"@type":"WebSite","@id":"https:\/\/naturalpoland.com\/tr\/#website","url":"https:\/\/naturalpoland.com\/tr\/","name":"NATURAL POLAND - Hurtowy Dystrybutor Surowc\u00f3w","description":"Surowce dla przemys\u0142u spo\u017cywczego, kosmetycznego i farmaceutycznego","publisher":{"@id":"https:\/\/naturalpoland.com\/tr\/#organization"},"potentialAction":[{"@type":"SearchAction","target":{"@type":"EntryPoint","urlTemplate":"https:\/\/naturalpoland.com\/tr\/?s={search_term_string}"},"query-input":{"@type":"PropertyValueSpecification","valueRequired":true,"valueName":"search_term_string"}}],"inLanguage":"tr"},{"@type":"Organization","@id":"https:\/\/naturalpoland.com\/tr\/#organization","name":"Natural Poland","url":"https:\/\/naturalpoland.com\/tr\/","logo":{"@type":"ImageObject","inLanguage":"tr","@id":"https:\/\/naturalpoland.com\/tr\/#\/schema\/logo\/image\/","url":"https:\/\/naturalpoland.com\/wp-content\/uploads\/2021\/05\/natural-poland-icon.png","contentUrl":"https:\/\/naturalpoland.com\/wp-content\/uploads\/2021\/05\/natural-poland-icon.png","width":512,"height":512,"caption":"Natural Poland"},"image":{"@id":"https:\/\/naturalpoland.com\/tr\/#\/schema\/logo\/image\/"},"sameAs":["https:\/\/www.facebook.com\/naturalpoland.b2b","https:\/\/pl.linkedin.com\/company\/natural-poland","https:\/\/www.youtube.com\/channel\/UCgeGGkvOMahZo-xu_MSEWxg"]}]}},"_links":{"self":[{"href":"https:\/\/naturalpoland.com\/tr\/wp-json\/wp\/v2\/product\/44489","targetHints":{"allow":["GET"]}}],"collection":[{"href":"https:\/\/naturalpoland.com\/tr\/wp-json\/wp\/v2\/product"}],"about":[{"href":"https:\/\/naturalpoland.com\/tr\/wp-json\/wp\/v2\/types\/product"}],"wp:featuredmedia":[{"embeddable":true,"href":"https:\/\/naturalpoland.com\/tr\/wp-json\/wp\/v2\/media\/44491"}],"wp:attachment":[{"href":"https:\/\/naturalpoland.com\/tr\/wp-json\/wp\/v2\/media?parent=44489"}],"wp:term":[{"taxonomy":"product_brand","embeddable":true,"href":"https:\/\/naturalpoland.com\/tr\/wp-json\/wp\/v2\/product_brand?post=44489"},{"taxonomy":"product_cat","embeddable":true,"href":"https:\/\/naturalpoland.com\/tr\/wp-json\/wp\/v2\/product_cat?post=44489"},{"taxonomy":"product_tag","embeddable":true,"href":"https:\/\/naturalpoland.com\/tr\/wp-json\/wp\/v2\/product_tag?post=44489"}],"curies":[{"name":"wp","href":"https:\/\/api.w.org\/{rel}","templated":true}]}}