{"id":44497,"date":"2021-05-11T13:56:58","date_gmt":"2021-05-11T11:56:58","guid":{"rendered":"https:\/\/naturalpoland.com\/produkty\/kategorilenmemis\/kurutulmus-arnika-cicegi\/"},"modified":"2025-12-22T12:21:10","modified_gmt":"2025-12-22T11:21:10","slug":"kurutulmus-arnika-cicegi","status":"publish","type":"product","link":"https:\/\/naturalpoland.com\/tr\/urunler\/gida-hammaddeleri\/uretim-hammaddeleri\/kurutulmus-arnika-cicegi\/","title":{"rendered":"Kurutulmu\u015f arnika \u00e7i\u00e7e\u011fi"},"content":{"rendered":"<p>\u015eu hastal\u0131klarda destek sa\u011flar:<br \/>\nKurutulmu\u015f arnika \u00e7i\u00e7e\u011fi demlemesi di\u015f eti hastal\u0131klar\u0131nda ve a\u011f\u0131z i\u00e7i iltihaplar\u0131nda gargara olarak kullan\u0131labilir. Ayr\u0131ca mahrem b\u00f6lgelerin irrigasyonunda da kullan\u0131labilir. \u00c7ay formunda sindirime yard\u0131mc\u0131 olabilir ve safra ile sindirim sular\u0131n\u0131n salg\u0131lanmas\u0131n\u0131 g\u00fc\u00e7lendirebilir. Arnika dola\u015f\u0131m\u0131 iyile\u015ftirir ve kan damarlar\u0131n\u0131 g\u00fc\u00e7lendirir.   <\/p>\n","protected":false},"excerpt":{"rendered":"<p><strong>Kurutulmu\u015f arnika \u00e7i\u00e7e\u011fi<\/strong> ba\u015fka ad\u0131yla da\u011f arnikas\u0131 olarak da bilinir. Bu \u00e7i\u00e7ekler \u015fi\u015flikleri ve morluklar\u0131 etkili bir \u015fekilde azaltmas\u0131yla tan\u0131n\u0131r. Genellikle bunlar\u0131n ekstraktlar\u0131 g\u00f6z alt\u0131 kremlerinde ve \u00e7\u00fcr\u00fck merhemlerde kullan\u0131l\u0131r. \u00c7i\u00e7ekler demleme haz\u0131rlamak i\u00e7in kullan\u0131labilir. Genellikle antiinflamatuar, antiromatizmal ve antiseptik etkilerinden dolay\u0131 d\u0131\u015f kullan\u0131m i\u00e7in tercih edilir.    <\/p>\n","protected":false},"featured_media":44498,"template":"","meta":{"_acf_changed":false},"product_brand":[],"product_cat":[9572],"product_tag":[],"class_list":{"0":"post-44497","1":"product","2":"type-product","3":"status-publish","4":"has-post-thumbnail","6":"product_cat-uretim-hammaddeleri","8":"first","9":"instock","10":"shipping-taxable","11":"product-type-simple"},"acf":[],"yoast_head":"<!-- This site is optimized with the Yoast SEO plugin v27.5 - https:\/\/yoast.com\/product\/yoast-seo-wordpress\/ -->\n<title>Kurutulmu\u015f arnika \u00e7i\u00e7e\u011fi - Hurtowy Dystrybutor<\/title>\n<meta name=\"robots\" content=\"index, follow, max-snippet:-1, max-image-preview:large, max-video-preview:-1\" \/>\n<link rel=\"canonical\" href=\"https:\/\/naturalpoland.com\/tr\/urunler\/gida-hammaddeleri\/uretim-hammaddeleri\/kurutulmus-arnika-cicegi\/\" \/>\n<meta property=\"og:locale\" content=\"tr_TR\" \/>\n<meta property=\"og:type\" content=\"article\" \/>\n<meta property=\"og:title\" content=\"Kurutulmu\u015f arnika \u00e7i\u00e7e\u011fi - Hurtowy Dystrybutor\" \/>\n<meta property=\"og:description\" content=\"Kurutulmu\u015f arnika \u00e7i\u00e7e\u011fi ba\u015fka ad\u0131yla da\u011f arnikas\u0131 olarak da bilinir. Bu \u00e7i\u00e7ekler \u015fi\u015flikleri ve morluklar\u0131 etkili bir \u015fekilde azaltmas\u0131yla tan\u0131n\u0131r. Genellikle bunlar\u0131n ekstraktlar\u0131 g\u00f6z alt\u0131 kremlerinde ve \u00e7\u00fcr\u00fck merhemlerde kullan\u0131l\u0131r. \u00c7i\u00e7ekler demleme haz\u0131rlamak i\u00e7in kullan\u0131labilir. Genellikle antiinflamatuar, antiromatizmal ve antiseptik etkilerinden dolay\u0131 d\u0131\u015f kullan\u0131m i\u00e7in tercih edilir.\" \/>\n<meta property=\"og:url\" content=\"https:\/\/naturalpoland.com\/tr\/urunler\/gida-hammaddeleri\/uretim-hammaddeleri\/kurutulmus-arnika-cicegi\/\" \/>\n<meta property=\"og:site_name\" content=\"NATURAL POLAND - Hurtowy Dystrybutor Surowc\u00f3w\" \/>\n<meta property=\"article:publisher\" content=\"https:\/\/www.facebook.com\/naturalpoland.b2b\" \/>\n<meta property=\"article:modified_time\" content=\"2025-12-22T11:21:10+00:00\" \/>\n<meta property=\"og:image\" content=\"https:\/\/naturalpoland.com\/wp-content\/uploads\/2021\/05\/dried-flower-arnica.jpg\" \/>\n\t<meta property=\"og:image:width\" content=\"458\" \/>\n\t<meta property=\"og:image:height\" content=\"458\" \/>\n\t<meta property=\"og:image:type\" content=\"image\/jpeg\" \/>\n<script type=\"application\/ld+json\" class=\"yoast-schema-graph\">{\"@context\":\"https:\\\/\\\/schema.org\",\"@graph\":[{\"@type\":\"WebPage\",\"@id\":\"https:\\\/\\\/naturalpoland.com\\\/tr\\\/urunler\\\/gida-hammaddeleri\\\/uretim-hammaddeleri\\\/kurutulmus-arnika-cicegi\\\/\",\"url\":\"https:\\\/\\\/naturalpoland.com\\\/tr\\\/urunler\\\/gida-hammaddeleri\\\/uretim-hammaddeleri\\\/kurutulmus-arnika-cicegi\\\/\",\"name\":\"Kurutulmu\u015f arnika \u00e7i\u00e7e\u011fi - Hurtowy Dystrybutor\",\"isPartOf\":{\"@id\":\"https:\\\/\\\/naturalpoland.com\\\/tr\\\/#website\"},\"primaryImageOfPage\":{\"@id\":\"https:\\\/\\\/naturalpoland.com\\\/tr\\\/urunler\\\/gida-hammaddeleri\\\/uretim-hammaddeleri\\\/kurutulmus-arnika-cicegi\\\/#primaryimage\"},\"image\":{\"@id\":\"https:\\\/\\\/naturalpoland.com\\\/tr\\\/urunler\\\/gida-hammaddeleri\\\/uretim-hammaddeleri\\\/kurutulmus-arnika-cicegi\\\/#primaryimage\"},\"thumbnailUrl\":\"https:\\\/\\\/naturalpoland.com\\\/wp-content\\\/uploads\\\/2021\\\/05\\\/dried-flower-arnica.jpg\",\"datePublished\":\"2021-05-11T11:56:58+00:00\",\"dateModified\":\"2025-12-22T11:21:10+00:00\",\"breadcrumb\":{\"@id\":\"https:\\\/\\\/naturalpoland.com\\\/tr\\\/urunler\\\/gida-hammaddeleri\\\/uretim-hammaddeleri\\\/kurutulmus-arnika-cicegi\\\/#breadcrumb\"},\"inLanguage\":\"tr\",\"potentialAction\":[{\"@type\":\"ReadAction\",\"target\":[\"https:\\\/\\\/naturalpoland.com\\\/tr\\\/urunler\\\/gida-hammaddeleri\\\/uretim-hammaddeleri\\\/kurutulmus-arnika-cicegi\\\/\"]}]},{\"@type\":\"ImageObject\",\"inLanguage\":\"tr\",\"@id\":\"https:\\\/\\\/naturalpoland.com\\\/tr\\\/urunler\\\/gida-hammaddeleri\\\/uretim-hammaddeleri\\\/kurutulmus-arnika-cicegi\\\/#primaryimage\",\"url\":\"https:\\\/\\\/naturalpoland.com\\\/wp-content\\\/uploads\\\/2021\\\/05\\\/dried-flower-arnica.jpg\",\"contentUrl\":\"https:\\\/\\\/naturalpoland.com\\\/wp-content\\\/uploads\\\/2021\\\/05\\\/dried-flower-arnica.jpg\",\"width\":458,\"height\":458,\"caption\":\"Kurutulmu\u015f arnika \u00e7i\u00e7e\u011fi\"},{\"@type\":\"BreadcrumbList\",\"@id\":\"https:\\\/\\\/naturalpoland.com\\\/tr\\\/urunler\\\/gida-hammaddeleri\\\/uretim-hammaddeleri\\\/kurutulmus-arnika-cicegi\\\/#breadcrumb\",\"itemListElement\":[{\"@type\":\"ListItem\",\"position\":1,\"name\":\"Ana Sayfa\",\"item\":\"https:\\\/\\\/naturalpoland.com\\\/tr\\\/\"},{\"@type\":\"ListItem\",\"position\":2,\"name\":\"\u00dcr\u00fcnler\",\"item\":\"https:\\\/\\\/naturalpoland.com\\\/tr\\\/urunler\\\/\"},{\"@type\":\"ListItem\",\"position\":3,\"name\":\"Kurutulmu\u015f arnika \u00e7i\u00e7e\u011fi\"}]},{\"@type\":\"WebSite\",\"@id\":\"https:\\\/\\\/naturalpoland.com\\\/tr\\\/#website\",\"url\":\"https:\\\/\\\/naturalpoland.com\\\/tr\\\/\",\"name\":\"NATURAL POLAND - Hurtowy Dystrybutor Surowc\u00f3w\",\"description\":\"Surowce dla przemys\u0142u spo\u017cywczego, kosmetycznego i farmaceutycznego\",\"publisher\":{\"@id\":\"https:\\\/\\\/naturalpoland.com\\\/tr\\\/#organization\"},\"potentialAction\":[{\"@type\":\"SearchAction\",\"target\":{\"@type\":\"EntryPoint\",\"urlTemplate\":\"https:\\\/\\\/naturalpoland.com\\\/tr\\\/?s={search_term_string}\"},\"query-input\":{\"@type\":\"PropertyValueSpecification\",\"valueRequired\":true,\"valueName\":\"search_term_string\"}}],\"inLanguage\":\"tr\"},{\"@type\":\"Organization\",\"@id\":\"https:\\\/\\\/naturalpoland.com\\\/tr\\\/#organization\",\"name\":\"Natural Poland\",\"url\":\"https:\\\/\\\/naturalpoland.com\\\/tr\\\/\",\"logo\":{\"@type\":\"ImageObject\",\"inLanguage\":\"tr\",\"@id\":\"https:\\\/\\\/naturalpoland.com\\\/tr\\\/#\\\/schema\\\/logo\\\/image\\\/\",\"url\":\"https:\\\/\\\/naturalpoland.com\\\/wp-content\\\/uploads\\\/2021\\\/05\\\/natural-poland-icon.png\",\"contentUrl\":\"https:\\\/\\\/naturalpoland.com\\\/wp-content\\\/uploads\\\/2021\\\/05\\\/natural-poland-icon.png\",\"width\":512,\"height\":512,\"caption\":\"Natural Poland\"},\"image\":{\"@id\":\"https:\\\/\\\/naturalpoland.com\\\/tr\\\/#\\\/schema\\\/logo\\\/image\\\/\"},\"sameAs\":[\"https:\\\/\\\/www.facebook.com\\\/naturalpoland.b2b\",\"https:\\\/\\\/pl.linkedin.com\\\/company\\\/natural-poland\",\"https:\\\/\\\/www.youtube.com\\\/channel\\\/UCgeGGkvOMahZo-xu_MSEWxg\"]}]}<\/script>\n<!-- \/ Yoast SEO plugin. -->","yoast_head_json":{"title":"Kurutulmu\u015f arnika \u00e7i\u00e7e\u011fi - Hurtowy Dystrybutor","robots":{"index":"index","follow":"follow","max-snippet":"max-snippet:-1","max-image-preview":"max-image-preview:large","max-video-preview":"max-video-preview:-1"},"canonical":"https:\/\/naturalpoland.com\/tr\/urunler\/gida-hammaddeleri\/uretim-hammaddeleri\/kurutulmus-arnika-cicegi\/","og_locale":"tr_TR","og_type":"article","og_title":"Kurutulmu\u015f arnika \u00e7i\u00e7e\u011fi - Hurtowy Dystrybutor","og_description":"Kurutulmu\u015f arnika \u00e7i\u00e7e\u011fi ba\u015fka ad\u0131yla da\u011f arnikas\u0131 olarak da bilinir. Bu \u00e7i\u00e7ekler \u015fi\u015flikleri ve morluklar\u0131 etkili bir \u015fekilde azaltmas\u0131yla tan\u0131n\u0131r. Genellikle bunlar\u0131n ekstraktlar\u0131 g\u00f6z alt\u0131 kremlerinde ve \u00e7\u00fcr\u00fck merhemlerde kullan\u0131l\u0131r. \u00c7i\u00e7ekler demleme haz\u0131rlamak i\u00e7in kullan\u0131labilir. Genellikle antiinflamatuar, antiromatizmal ve antiseptik etkilerinden dolay\u0131 d\u0131\u015f kullan\u0131m i\u00e7in tercih edilir.","og_url":"https:\/\/naturalpoland.com\/tr\/urunler\/gida-hammaddeleri\/uretim-hammaddeleri\/kurutulmus-arnika-cicegi\/","og_site_name":"NATURAL POLAND - Hurtowy Dystrybutor Surowc\u00f3w","article_publisher":"https:\/\/www.facebook.com\/naturalpoland.b2b","article_modified_time":"2025-12-22T11:21:10+00:00","og_image":[{"width":458,"height":458,"url":"https:\/\/naturalpoland.com\/wp-content\/uploads\/2021\/05\/dried-flower-arnica.jpg","type":"image\/jpeg"}],"schema":{"@context":"https:\/\/schema.org","@graph":[{"@type":"WebPage","@id":"https:\/\/naturalpoland.com\/tr\/urunler\/gida-hammaddeleri\/uretim-hammaddeleri\/kurutulmus-arnika-cicegi\/","url":"https:\/\/naturalpoland.com\/tr\/urunler\/gida-hammaddeleri\/uretim-hammaddeleri\/kurutulmus-arnika-cicegi\/","name":"Kurutulmu\u015f arnika \u00e7i\u00e7e\u011fi - Hurtowy Dystrybutor","isPartOf":{"@id":"https:\/\/naturalpoland.com\/tr\/#website"},"primaryImageOfPage":{"@id":"https:\/\/naturalpoland.com\/tr\/urunler\/gida-hammaddeleri\/uretim-hammaddeleri\/kurutulmus-arnika-cicegi\/#primaryimage"},"image":{"@id":"https:\/\/naturalpoland.com\/tr\/urunler\/gida-hammaddeleri\/uretim-hammaddeleri\/kurutulmus-arnika-cicegi\/#primaryimage"},"thumbnailUrl":"https:\/\/naturalpoland.com\/wp-content\/uploads\/2021\/05\/dried-flower-arnica.jpg","datePublished":"2021-05-11T11:56:58+00:00","dateModified":"2025-12-22T11:21:10+00:00","breadcrumb":{"@id":"https:\/\/naturalpoland.com\/tr\/urunler\/gida-hammaddeleri\/uretim-hammaddeleri\/kurutulmus-arnika-cicegi\/#breadcrumb"},"inLanguage":"tr","potentialAction":[{"@type":"ReadAction","target":["https:\/\/naturalpoland.com\/tr\/urunler\/gida-hammaddeleri\/uretim-hammaddeleri\/kurutulmus-arnika-cicegi\/"]}]},{"@type":"ImageObject","inLanguage":"tr","@id":"https:\/\/naturalpoland.com\/tr\/urunler\/gida-hammaddeleri\/uretim-hammaddeleri\/kurutulmus-arnika-cicegi\/#primaryimage","url":"https:\/\/naturalpoland.com\/wp-content\/uploads\/2021\/05\/dried-flower-arnica.jpg","contentUrl":"https:\/\/naturalpoland.com\/wp-content\/uploads\/2021\/05\/dried-flower-arnica.jpg","width":458,"height":458,"caption":"Kurutulmu\u015f arnika \u00e7i\u00e7e\u011fi"},{"@type":"BreadcrumbList","@id":"https:\/\/naturalpoland.com\/tr\/urunler\/gida-hammaddeleri\/uretim-hammaddeleri\/kurutulmus-arnika-cicegi\/#breadcrumb","itemListElement":[{"@type":"ListItem","position":1,"name":"Ana Sayfa","item":"https:\/\/naturalpoland.com\/tr\/"},{"@type":"ListItem","position":2,"name":"\u00dcr\u00fcnler","item":"https:\/\/naturalpoland.com\/tr\/urunler\/"},{"@type":"ListItem","position":3,"name":"Kurutulmu\u015f arnika \u00e7i\u00e7e\u011fi"}]},{"@type":"WebSite","@id":"https:\/\/naturalpoland.com\/tr\/#website","url":"https:\/\/naturalpoland.com\/tr\/","name":"NATURAL POLAND - Hurtowy Dystrybutor Surowc\u00f3w","description":"Surowce dla przemys\u0142u spo\u017cywczego, kosmetycznego i farmaceutycznego","publisher":{"@id":"https:\/\/naturalpoland.com\/tr\/#organization"},"potentialAction":[{"@type":"SearchAction","target":{"@type":"EntryPoint","urlTemplate":"https:\/\/naturalpoland.com\/tr\/?s={search_term_string}"},"query-input":{"@type":"PropertyValueSpecification","valueRequired":true,"valueName":"search_term_string"}}],"inLanguage":"tr"},{"@type":"Organization","@id":"https:\/\/naturalpoland.com\/tr\/#organization","name":"Natural Poland","url":"https:\/\/naturalpoland.com\/tr\/","logo":{"@type":"ImageObject","inLanguage":"tr","@id":"https:\/\/naturalpoland.com\/tr\/#\/schema\/logo\/image\/","url":"https:\/\/naturalpoland.com\/wp-content\/uploads\/2021\/05\/natural-poland-icon.png","contentUrl":"https:\/\/naturalpoland.com\/wp-content\/uploads\/2021\/05\/natural-poland-icon.png","width":512,"height":512,"caption":"Natural Poland"},"image":{"@id":"https:\/\/naturalpoland.com\/tr\/#\/schema\/logo\/image\/"},"sameAs":["https:\/\/www.facebook.com\/naturalpoland.b2b","https:\/\/pl.linkedin.com\/company\/natural-poland","https:\/\/www.youtube.com\/channel\/UCgeGGkvOMahZo-xu_MSEWxg"]}]}},"_links":{"self":[{"href":"https:\/\/naturalpoland.com\/tr\/wp-json\/wp\/v2\/product\/44497","targetHints":{"allow":["GET"]}}],"collection":[{"href":"https:\/\/naturalpoland.com\/tr\/wp-json\/wp\/v2\/product"}],"about":[{"href":"https:\/\/naturalpoland.com\/tr\/wp-json\/wp\/v2\/types\/product"}],"wp:featuredmedia":[{"embeddable":true,"href":"https:\/\/naturalpoland.com\/tr\/wp-json\/wp\/v2\/media\/44498"}],"wp:attachment":[{"href":"https:\/\/naturalpoland.com\/tr\/wp-json\/wp\/v2\/media?parent=44497"}],"wp:term":[{"taxonomy":"product_brand","embeddable":true,"href":"https:\/\/naturalpoland.com\/tr\/wp-json\/wp\/v2\/product_brand?post=44497"},{"taxonomy":"product_cat","embeddable":true,"href":"https:\/\/naturalpoland.com\/tr\/wp-json\/wp\/v2\/product_cat?post=44497"},{"taxonomy":"product_tag","embeddable":true,"href":"https:\/\/naturalpoland.com\/tr\/wp-json\/wp\/v2\/product_tag?post=44497"}],"curies":[{"name":"wp","href":"https:\/\/api.w.org\/{rel}","templated":true}]}}