{"id":44499,"date":"2023-06-21T12:56:49","date_gmt":"2023-06-21T10:56:49","guid":{"rendered":"https:\/\/naturalpoland.com\/produkty\/kategorilenmemis\/ajuga-turkestanica-ekstrakti\/"},"modified":"2025-12-22T12:21:15","modified_gmt":"2025-12-22T11:21:15","slug":"ajuga-turkestanica-ekstrakti","status":"publish","type":"product","link":"https:\/\/naturalpoland.com\/tr\/urunler\/bitkisel-ekstraktlar\/ajuga-turkestanica-ekstrakti\/","title":{"rendered":"Ajuga Turkestanica Ekstrakt\u0131"},"content":{"rendered":"<p>Ajuga Turkestanica ekstrakt\u0131, g\u00fc\u00e7 ve canl\u0131l\u0131\u011f\u0131n konsantresidir. \u0130\u00e7eri\u011finde kas geli\u015fimini destekleyen anabolik etkili do\u011fal bitkisel steroidler olan ecdysteroidler bulunur. Ayr\u0131ca Ajuga Turkestanica, fiziksel egzersiz sonras\u0131 v\u00fccut rejenerasyonunu h\u0131zland\u0131ran fitoecdysonlar i\u00e7erir, bu da onu sporcular ve aktif ki\u015filer i\u00e7in ideal bir besin takviyesi yapar. Ek olarak, turkesteron ve cyasteron gibi benzersiz bile\u015fenler sayesinde ba\u011f\u0131\u015f\u0131kl\u0131k sistemini g\u00fc\u00e7lendirme \u00f6zelli\u011fine sahiptir.   <\/p>\n<h2>Turkesteron nedir?<\/h2>\n<p>Turkesteron, Ajuga Turkestanica&#8217;da do\u011fal olarak bulunan bir fitoecdysteroiddir. Anabolik etki g\u00f6steren g\u00fc\u00e7l\u00fc bir bioaktif bile\u015fiktir. \u0130nsan v\u00fccudunu b\u00fcy\u00fcme hormonu gibi etkileyerek rejenerasyon s\u00fcre\u00e7lerini h\u0131zland\u0131r\u0131r ve kas dokusu geli\u015fimini uyar\u0131r. Bu nedenle, Ajuga Turkestanica ekstrakt\u0131 \u00f6zellikle sporcular ve aktif ya\u015fam s\u00fcrenler taraf\u0131ndan de\u011fer g\u00f6r\u00fcr.   <\/p>\n<p>\u00dcr\u00fcn\u00fcm\u00fcz\u00fcn <strong>minimum %10 turkesteron i\u00e7eri\u011fi<\/strong> ile standardizasyonu, her dozun optimal miktarda bu maddeyi sa\u011flamas\u0131n\u0131 garanti eder. Bu, istenen etkilerin elde edilmesi ve kullan\u0131m g\u00fcvenli\u011fi i\u00e7in \u00e7ok \u00f6nemlidir. <\/p>\n<p>Ancak turkesteronun kas k\u00fctlesi geli\u015ftirmeye deste\u011finin \u00f6tesinde \u00e7ok daha geni\u015f kullan\u0131m alanlar\u0131 vard\u0131r. Bu bile\u015fik ayn\u0131 zamanda genel v\u00fccut performans\u0131n\u0131 etkiler, sa\u011fl\u0131kl\u0131 v\u00fccut a\u011f\u0131rl\u0131\u011f\u0131n\u0131n korunmas\u0131na yard\u0131mc\u0131 olur ve ba\u011f\u0131\u015f\u0131kl\u0131k sistemini olumlu etkiler. Ayr\u0131ca kardiyovask\u00fcler sistemi destekleyebilir ve uyku kalitesini, psikolojik dayan\u0131kl\u0131l\u0131\u011f\u0131 ve stresle ba\u015fa \u00e7\u0131kma yetene\u011fini iyile\u015ftirebilir.  <\/p>\n<h2>Ajuga Turkestanica Ekstrakt\u0131n\u0131n Kullan\u0131m Alanlar\u0131<\/h2>\n<p>Ekstrakt\u0131n kullan\u0131m\u0131 iyi hissetmeye, enerji art\u0131\u015f\u0131na ve oksidatif stres etkilerine kar\u015f\u0131 koymaya yard\u0131mc\u0131 olabilir.<\/p>\n<p>Ekstrakt, her insan\u0131n sa\u011fl\u0131\u011f\u0131n\u0131 destekleyen do\u011fal bir besin takviyesi olarak kullan\u0131labilir. Kardiyovask\u00fcler sistemin i\u015fleyi\u015fini olumlu etkiler, sindirime yard\u0131mc\u0131 olur ve uyku kalitesini art\u0131rabilir. <\/p>\n<p>Ajuga Turkestanica ekstrakt\u0131m\u0131z en y\u00fcksek kalite standartlar\u0131nda \u00fcretilmektedir. Etkinli\u011fini ve g\u00fcvenli\u011fini garanti etmek i\u00e7in her \u00fcr\u00fcn partisinin aktif bile\u015fenler a\u00e7\u0131s\u0131ndan dikkatle kontrol edilmesini sa\u011fl\u0131yoruz. <\/p>\n","protected":false},"excerpt":{"rendered":"<p><span class=\"ui-provider gs b c d e f g h i j k l m n o p q r s t u v w x y z ab ac ae af ag ah ai aj ak\" dir=\"ltr\">Ajuga Turkestanica, Orta Asya&#8217;n\u0131n kalbinden gelen \u00f6zel bir ekstraktt\u0131r. En etkili do\u011fal aktif bile\u015fenlerden biri olan turkesteron dahil olmak \u00fczere zengin aktif bile\u015fenler i\u00e7erir. \u00dcr\u00fcn\u00fcm\u00fcz, minimum %10 oran\u0131nda i\u00e7eri\u011fini garanti etti\u011fimiz bu ola\u011fan\u00fcst\u00fc maddenin kayna\u011f\u0131d\u0131r.  <\/span><\/p>\n","protected":false},"featured_media":44500,"template":"","meta":{"_acf_changed":false},"product_brand":[],"product_cat":[9531],"product_tag":[],"class_list":{"0":"post-44499","1":"product","2":"type-product","3":"status-publish","4":"has-post-thumbnail","6":"product_cat-bitkisel-ekstraktlar","7":"pa_certyfikaty-helal","8":"pa_certyfikaty-koser-sertifikasi","9":"pa_czesc-rosliny-tum-bitki","10":"pa_skladnik-aktywny-turkesteron","12":"first","13":"instock","14":"shipping-taxable","15":"product-type-simple"},"acf":[],"yoast_head":"<!-- This site is optimized with the Yoast SEO plugin v27.5 - https:\/\/yoast.com\/product\/yoast-seo-wordpress\/ -->\n<title>Ajuga Turkestanica Ekstrakt\u0131 - NATURAL POLAND - Hurtowy Dystrybutor Surowc\u00f3w<\/title>\n<meta name=\"description\" content=\"Ajuga Turkestanica ekstrakt\u0131m\u0131z en y\u00fcksek kalite standartlar\u0131nda \u00fcretilmektedir. Her \u00fcr\u00fcn partisinin aktif bile\u015fenler a\u00e7\u0131s\u0131ndan kontrol edilmesini sa\u011fl\u0131yoruz.\" \/>\n<meta name=\"robots\" content=\"index, follow, max-snippet:-1, max-image-preview:large, max-video-preview:-1\" \/>\n<link rel=\"canonical\" href=\"https:\/\/naturalpoland.com\/tr\/urunler\/bitkisel-ekstraktlar\/ajuga-turkestanica-ekstrakti\/\" \/>\n<meta property=\"og:locale\" content=\"tr_TR\" \/>\n<meta property=\"og:type\" content=\"article\" \/>\n<meta property=\"og:title\" content=\"Ajuga Turkestanica Ekstrakt\u0131 - NATURAL POLAND - Hurtowy Dystrybutor Surowc\u00f3w\" \/>\n<meta property=\"og:description\" content=\"Ajuga Turkestanica ekstrakt\u0131m\u0131z en y\u00fcksek kalite standartlar\u0131nda \u00fcretilmektedir. Her \u00fcr\u00fcn partisinin aktif bile\u015fenler a\u00e7\u0131s\u0131ndan kontrol edilmesini sa\u011fl\u0131yoruz.\" \/>\n<meta property=\"og:url\" content=\"https:\/\/naturalpoland.com\/tr\/urunler\/bitkisel-ekstraktlar\/ajuga-turkestanica-ekstrakti\/\" \/>\n<meta property=\"og:site_name\" content=\"NATURAL POLAND - Hurtowy Dystrybutor Surowc\u00f3w\" \/>\n<meta property=\"article:publisher\" content=\"https:\/\/www.facebook.com\/naturalpoland.b2b\" \/>\n<meta property=\"article:modified_time\" content=\"2025-12-22T11:21:15+00:00\" \/>\n<meta property=\"og:image\" content=\"https:\/\/naturalpoland.com\/wp-content\/uploads\/sjuga-turkestanica-ekstrakt.jpg\" \/>\n\t<meta property=\"og:image:width\" content=\"650\" \/>\n\t<meta property=\"og:image:height\" content=\"650\" \/>\n\t<meta property=\"og:image:type\" content=\"image\/jpeg\" \/>\n<script type=\"application\/ld+json\" class=\"yoast-schema-graph\">{\"@context\":\"https:\\\/\\\/schema.org\",\"@graph\":[{\"@type\":\"WebPage\",\"@id\":\"https:\\\/\\\/naturalpoland.com\\\/tr\\\/urunler\\\/bitkisel-ekstraktlar\\\/ajuga-turkestanica-ekstrakti\\\/\",\"url\":\"https:\\\/\\\/naturalpoland.com\\\/tr\\\/urunler\\\/bitkisel-ekstraktlar\\\/ajuga-turkestanica-ekstrakti\\\/\",\"name\":\"Ajuga Turkestanica Ekstrakt\u0131 - NATURAL POLAND - Hurtowy Dystrybutor Surowc\u00f3w\",\"isPartOf\":{\"@id\":\"https:\\\/\\\/naturalpoland.com\\\/tr\\\/#website\"},\"primaryImageOfPage\":{\"@id\":\"https:\\\/\\\/naturalpoland.com\\\/tr\\\/urunler\\\/bitkisel-ekstraktlar\\\/ajuga-turkestanica-ekstrakti\\\/#primaryimage\"},\"image\":{\"@id\":\"https:\\\/\\\/naturalpoland.com\\\/tr\\\/urunler\\\/bitkisel-ekstraktlar\\\/ajuga-turkestanica-ekstrakti\\\/#primaryimage\"},\"thumbnailUrl\":\"https:\\\/\\\/naturalpoland.com\\\/wp-content\\\/uploads\\\/sjuga-turkestanica-ekstrakt.jpg\",\"datePublished\":\"2023-06-21T10:56:49+00:00\",\"dateModified\":\"2025-12-22T11:21:15+00:00\",\"description\":\"Ajuga Turkestanica ekstrakt\u0131m\u0131z en y\u00fcksek kalite standartlar\u0131nda \u00fcretilmektedir. Her \u00fcr\u00fcn partisinin aktif bile\u015fenler a\u00e7\u0131s\u0131ndan kontrol edilmesini sa\u011fl\u0131yoruz.\",\"breadcrumb\":{\"@id\":\"https:\\\/\\\/naturalpoland.com\\\/tr\\\/urunler\\\/bitkisel-ekstraktlar\\\/ajuga-turkestanica-ekstrakti\\\/#breadcrumb\"},\"inLanguage\":\"tr\",\"potentialAction\":[{\"@type\":\"ReadAction\",\"target\":[\"https:\\\/\\\/naturalpoland.com\\\/tr\\\/urunler\\\/bitkisel-ekstraktlar\\\/ajuga-turkestanica-ekstrakti\\\/\"]}]},{\"@type\":\"ImageObject\",\"inLanguage\":\"tr\",\"@id\":\"https:\\\/\\\/naturalpoland.com\\\/tr\\\/urunler\\\/bitkisel-ekstraktlar\\\/ajuga-turkestanica-ekstrakti\\\/#primaryimage\",\"url\":\"https:\\\/\\\/naturalpoland.com\\\/wp-content\\\/uploads\\\/sjuga-turkestanica-ekstrakt.jpg\",\"contentUrl\":\"https:\\\/\\\/naturalpoland.com\\\/wp-content\\\/uploads\\\/sjuga-turkestanica-ekstrakt.jpg\",\"width\":650,\"height\":650,\"caption\":\"Ajuga Turkestanica Ekstrakt\u0131\"},{\"@type\":\"BreadcrumbList\",\"@id\":\"https:\\\/\\\/naturalpoland.com\\\/tr\\\/urunler\\\/bitkisel-ekstraktlar\\\/ajuga-turkestanica-ekstrakti\\\/#breadcrumb\",\"itemListElement\":[{\"@type\":\"ListItem\",\"position\":1,\"name\":\"Ana Sayfa\",\"item\":\"https:\\\/\\\/naturalpoland.com\\\/tr\\\/\"},{\"@type\":\"ListItem\",\"position\":2,\"name\":\"\u00dcr\u00fcnler\",\"item\":\"https:\\\/\\\/naturalpoland.com\\\/tr\\\/urunler\\\/\"},{\"@type\":\"ListItem\",\"position\":3,\"name\":\"Ajuga Turkestanica Ekstrakt\u0131\"}]},{\"@type\":\"WebSite\",\"@id\":\"https:\\\/\\\/naturalpoland.com\\\/tr\\\/#website\",\"url\":\"https:\\\/\\\/naturalpoland.com\\\/tr\\\/\",\"name\":\"NATURAL POLAND - Hurtowy Dystrybutor Surowc\u00f3w\",\"description\":\"Surowce dla przemys\u0142u spo\u017cywczego, kosmetycznego i farmaceutycznego\",\"publisher\":{\"@id\":\"https:\\\/\\\/naturalpoland.com\\\/tr\\\/#organization\"},\"potentialAction\":[{\"@type\":\"SearchAction\",\"target\":{\"@type\":\"EntryPoint\",\"urlTemplate\":\"https:\\\/\\\/naturalpoland.com\\\/tr\\\/?s={search_term_string}\"},\"query-input\":{\"@type\":\"PropertyValueSpecification\",\"valueRequired\":true,\"valueName\":\"search_term_string\"}}],\"inLanguage\":\"tr\"},{\"@type\":\"Organization\",\"@id\":\"https:\\\/\\\/naturalpoland.com\\\/tr\\\/#organization\",\"name\":\"Natural Poland\",\"url\":\"https:\\\/\\\/naturalpoland.com\\\/tr\\\/\",\"logo\":{\"@type\":\"ImageObject\",\"inLanguage\":\"tr\",\"@id\":\"https:\\\/\\\/naturalpoland.com\\\/tr\\\/#\\\/schema\\\/logo\\\/image\\\/\",\"url\":\"https:\\\/\\\/naturalpoland.com\\\/wp-content\\\/uploads\\\/2021\\\/05\\\/natural-poland-icon.png\",\"contentUrl\":\"https:\\\/\\\/naturalpoland.com\\\/wp-content\\\/uploads\\\/2021\\\/05\\\/natural-poland-icon.png\",\"width\":512,\"height\":512,\"caption\":\"Natural Poland\"},\"image\":{\"@id\":\"https:\\\/\\\/naturalpoland.com\\\/tr\\\/#\\\/schema\\\/logo\\\/image\\\/\"},\"sameAs\":[\"https:\\\/\\\/www.facebook.com\\\/naturalpoland.b2b\",\"https:\\\/\\\/pl.linkedin.com\\\/company\\\/natural-poland\",\"https:\\\/\\\/www.youtube.com\\\/channel\\\/UCgeGGkvOMahZo-xu_MSEWxg\"]}]}<\/script>\n<!-- \/ Yoast SEO plugin. -->","yoast_head_json":{"title":"Ajuga Turkestanica Ekstrakt\u0131 - NATURAL POLAND - Hurtowy Dystrybutor Surowc\u00f3w","description":"Ajuga Turkestanica ekstrakt\u0131m\u0131z en y\u00fcksek kalite standartlar\u0131nda \u00fcretilmektedir. Her \u00fcr\u00fcn partisinin aktif bile\u015fenler a\u00e7\u0131s\u0131ndan kontrol edilmesini sa\u011fl\u0131yoruz.","robots":{"index":"index","follow":"follow","max-snippet":"max-snippet:-1","max-image-preview":"max-image-preview:large","max-video-preview":"max-video-preview:-1"},"canonical":"https:\/\/naturalpoland.com\/tr\/urunler\/bitkisel-ekstraktlar\/ajuga-turkestanica-ekstrakti\/","og_locale":"tr_TR","og_type":"article","og_title":"Ajuga Turkestanica Ekstrakt\u0131 - NATURAL POLAND - Hurtowy Dystrybutor Surowc\u00f3w","og_description":"Ajuga Turkestanica ekstrakt\u0131m\u0131z en y\u00fcksek kalite standartlar\u0131nda \u00fcretilmektedir. Her \u00fcr\u00fcn partisinin aktif bile\u015fenler a\u00e7\u0131s\u0131ndan kontrol edilmesini sa\u011fl\u0131yoruz.","og_url":"https:\/\/naturalpoland.com\/tr\/urunler\/bitkisel-ekstraktlar\/ajuga-turkestanica-ekstrakti\/","og_site_name":"NATURAL POLAND - Hurtowy Dystrybutor Surowc\u00f3w","article_publisher":"https:\/\/www.facebook.com\/naturalpoland.b2b","article_modified_time":"2025-12-22T11:21:15+00:00","og_image":[{"width":650,"height":650,"url":"https:\/\/naturalpoland.com\/wp-content\/uploads\/sjuga-turkestanica-ekstrakt.jpg","type":"image\/jpeg"}],"schema":{"@context":"https:\/\/schema.org","@graph":[{"@type":"WebPage","@id":"https:\/\/naturalpoland.com\/tr\/urunler\/bitkisel-ekstraktlar\/ajuga-turkestanica-ekstrakti\/","url":"https:\/\/naturalpoland.com\/tr\/urunler\/bitkisel-ekstraktlar\/ajuga-turkestanica-ekstrakti\/","name":"Ajuga Turkestanica Ekstrakt\u0131 - NATURAL POLAND - Hurtowy Dystrybutor Surowc\u00f3w","isPartOf":{"@id":"https:\/\/naturalpoland.com\/tr\/#website"},"primaryImageOfPage":{"@id":"https:\/\/naturalpoland.com\/tr\/urunler\/bitkisel-ekstraktlar\/ajuga-turkestanica-ekstrakti\/#primaryimage"},"image":{"@id":"https:\/\/naturalpoland.com\/tr\/urunler\/bitkisel-ekstraktlar\/ajuga-turkestanica-ekstrakti\/#primaryimage"},"thumbnailUrl":"https:\/\/naturalpoland.com\/wp-content\/uploads\/sjuga-turkestanica-ekstrakt.jpg","datePublished":"2023-06-21T10:56:49+00:00","dateModified":"2025-12-22T11:21:15+00:00","description":"Ajuga Turkestanica ekstrakt\u0131m\u0131z en y\u00fcksek kalite standartlar\u0131nda \u00fcretilmektedir. Her \u00fcr\u00fcn partisinin aktif bile\u015fenler a\u00e7\u0131s\u0131ndan kontrol edilmesini sa\u011fl\u0131yoruz.","breadcrumb":{"@id":"https:\/\/naturalpoland.com\/tr\/urunler\/bitkisel-ekstraktlar\/ajuga-turkestanica-ekstrakti\/#breadcrumb"},"inLanguage":"tr","potentialAction":[{"@type":"ReadAction","target":["https:\/\/naturalpoland.com\/tr\/urunler\/bitkisel-ekstraktlar\/ajuga-turkestanica-ekstrakti\/"]}]},{"@type":"ImageObject","inLanguage":"tr","@id":"https:\/\/naturalpoland.com\/tr\/urunler\/bitkisel-ekstraktlar\/ajuga-turkestanica-ekstrakti\/#primaryimage","url":"https:\/\/naturalpoland.com\/wp-content\/uploads\/sjuga-turkestanica-ekstrakt.jpg","contentUrl":"https:\/\/naturalpoland.com\/wp-content\/uploads\/sjuga-turkestanica-ekstrakt.jpg","width":650,"height":650,"caption":"Ajuga Turkestanica Ekstrakt\u0131"},{"@type":"BreadcrumbList","@id":"https:\/\/naturalpoland.com\/tr\/urunler\/bitkisel-ekstraktlar\/ajuga-turkestanica-ekstrakti\/#breadcrumb","itemListElement":[{"@type":"ListItem","position":1,"name":"Ana Sayfa","item":"https:\/\/naturalpoland.com\/tr\/"},{"@type":"ListItem","position":2,"name":"\u00dcr\u00fcnler","item":"https:\/\/naturalpoland.com\/tr\/urunler\/"},{"@type":"ListItem","position":3,"name":"Ajuga Turkestanica Ekstrakt\u0131"}]},{"@type":"WebSite","@id":"https:\/\/naturalpoland.com\/tr\/#website","url":"https:\/\/naturalpoland.com\/tr\/","name":"NATURAL POLAND - Hurtowy Dystrybutor Surowc\u00f3w","description":"Surowce dla przemys\u0142u spo\u017cywczego, kosmetycznego i farmaceutycznego","publisher":{"@id":"https:\/\/naturalpoland.com\/tr\/#organization"},"potentialAction":[{"@type":"SearchAction","target":{"@type":"EntryPoint","urlTemplate":"https:\/\/naturalpoland.com\/tr\/?s={search_term_string}"},"query-input":{"@type":"PropertyValueSpecification","valueRequired":true,"valueName":"search_term_string"}}],"inLanguage":"tr"},{"@type":"Organization","@id":"https:\/\/naturalpoland.com\/tr\/#organization","name":"Natural Poland","url":"https:\/\/naturalpoland.com\/tr\/","logo":{"@type":"ImageObject","inLanguage":"tr","@id":"https:\/\/naturalpoland.com\/tr\/#\/schema\/logo\/image\/","url":"https:\/\/naturalpoland.com\/wp-content\/uploads\/2021\/05\/natural-poland-icon.png","contentUrl":"https:\/\/naturalpoland.com\/wp-content\/uploads\/2021\/05\/natural-poland-icon.png","width":512,"height":512,"caption":"Natural Poland"},"image":{"@id":"https:\/\/naturalpoland.com\/tr\/#\/schema\/logo\/image\/"},"sameAs":["https:\/\/www.facebook.com\/naturalpoland.b2b","https:\/\/pl.linkedin.com\/company\/natural-poland","https:\/\/www.youtube.com\/channel\/UCgeGGkvOMahZo-xu_MSEWxg"]}]}},"_links":{"self":[{"href":"https:\/\/naturalpoland.com\/tr\/wp-json\/wp\/v2\/product\/44499","targetHints":{"allow":["GET"]}}],"collection":[{"href":"https:\/\/naturalpoland.com\/tr\/wp-json\/wp\/v2\/product"}],"about":[{"href":"https:\/\/naturalpoland.com\/tr\/wp-json\/wp\/v2\/types\/product"}],"wp:featuredmedia":[{"embeddable":true,"href":"https:\/\/naturalpoland.com\/tr\/wp-json\/wp\/v2\/media\/44500"}],"wp:attachment":[{"href":"https:\/\/naturalpoland.com\/tr\/wp-json\/wp\/v2\/media?parent=44499"}],"wp:term":[{"taxonomy":"product_brand","embeddable":true,"href":"https:\/\/naturalpoland.com\/tr\/wp-json\/wp\/v2\/product_brand?post=44499"},{"taxonomy":"product_cat","embeddable":true,"href":"https:\/\/naturalpoland.com\/tr\/wp-json\/wp\/v2\/product_cat?post=44499"},{"taxonomy":"product_tag","embeddable":true,"href":"https:\/\/naturalpoland.com\/tr\/wp-json\/wp\/v2\/product_tag?post=44499"}],"curies":[{"name":"wp","href":"https:\/\/api.w.org\/{rel}","templated":true}]}}