{"id":44505,"date":"2021-05-11T13:47:23","date_gmt":"2021-05-11T11:47:23","guid":{"rendered":"https:\/\/naturalpoland.com\/produkty\/kategorilenmemis\/shea-yagi-karite-yagi\/"},"modified":"2025-12-22T12:23:03","modified_gmt":"2025-12-22T11:23:03","slug":"shea-yagi-karite-yagi","status":"publish","type":"product","link":"https:\/\/naturalpoland.com\/tr\/urunler\/kozmetik-hammaddeleri\/kozmetik-yaglari\/shea-yagi-karite-yagi\/","title":{"rendered":"Shea Ya\u011f\u0131 (Karit\u00e9 Ya\u011f\u0131)"},"content":{"rendered":"<p><strong>Shea Ya\u011f\u0131 (Karit\u00e9 Ya\u011f\u0131)<\/strong> geni\u015f kullan\u0131m alan\u0131na sahiptir. Bunlardan biri, cildi zararl\u0131 atmosferik fakt\u00f6rlere kar\u015f\u0131 korumak ve tahri\u015fi yat\u0131\u015ft\u0131rmakt\u0131r. <\/p>\n<p>Shea Ya\u011f\u0131, y\u00fcz veya v\u00fccut kozmetiklerinin, dudaklar\u0131 koruyan ve nemlendiren kozmetiklerin ve sa\u00e7 \u00fcr\u00fcnlerinin bir bile\u015feni olarak kullan\u0131labilir. Bu \u00fcr\u00fcn ayr\u0131ca \u00e7ok hassas ciltler i\u00e7in temizleme kremlerinin \u00fcretiminde de kullan\u0131lmaktad\u0131r. <\/p>\n<h3>Ya\u011f asidi i\u00e7eri\u011fi<\/h3>\n<p>&nbsp;<\/p>\n<table>\n<tbody>\n<tr>\n<th>AS\u0130T ADI<\/th>\n<th>C-Z\u0130NC\u0130R\u0130<\/th>\n<th>ARALIK (%)<\/th>\n<\/tr>\n<tr>\n<td>PALM\u0130T\u0130K<\/td>\n<td>C16:0<\/td>\n<td>2,0 \u2013 6,0<\/td>\n<\/tr>\n<tr>\n<td>STEAR\u0130K<\/td>\n<td>C18:0<\/td>\n<td>38,0 \u2013 47,0<\/td>\n<\/tr>\n<tr>\n<td>OLE\u0130K<\/td>\n<td>C18:1<\/td>\n<td>42,0 \u2013 49,0<\/td>\n<\/tr>\n<tr>\n<td>L\u0130NOLE\u0130K<\/td>\n<td>C18:2<\/td>\n<td>4,0 \u2013 8,0<\/td>\n<\/tr>\n<tr>\n<td>L\u0130NOLEN\u0130K<\/td>\n<td>C18:3<\/td>\n<td>&lt;1,0<\/td>\n<\/tr>\n<tr>\n<td>ARA\u015e\u0130D\u0130K<\/td>\n<td>C20:0<\/td>\n<td>1,0 \u2013 2,0<\/td>\n<\/tr>\n<tr>\n<td>GADOLE\u0130K<\/td>\n<td>C20:1<\/td>\n<td>&lt;1,0<\/td>\n<\/tr>\n<tr>\n<td>BEHEN\u0130K<\/td>\n<td>C22:0<\/td>\n<td>&lt;1,0<\/td>\n<\/tr>\n<tr>\n<td>L\u0130GNOSER\u0130K<\/td>\n<td>C24:0<\/td>\n<td>&lt;1,0<\/td>\n<\/tr>\n<\/tbody>\n<\/table>\n","protected":false},"excerpt":{"rendered":"<p>Kozmetik kullan\u0131m i\u00e7in saf, tam de\u011ferli Shea ya\u011f\u0131. <strong>Taze<\/strong> ve<strong> orijinal bile\u015fimi<\/strong> sayesinde, cildin ya\u015flanma s\u00fcrecini geciktirmekten sorumlu A ve E vitaminlerinin y\u00fcksek i\u00e7eri\u011fini garanti eder. Teklifimizde yer alan Shea ya\u011f\u0131, <strong>di\u011fer ya\u011flarla seyreltilmedi\u011fi i\u00e7in<\/strong> do\u011fru koku, renk ve k\u0131vama sahiptir.  <\/p>\n","protected":false},"featured_media":44507,"template":"","meta":{"_acf_changed":false},"product_brand":[],"product_cat":[9550],"product_tag":[],"class_list":{"0":"post-44505","1":"product","2":"type-product","3":"status-publish","4":"has-post-thumbnail","6":"product_cat-kozmetik-yaglari","7":"pa_grupa-substancji-emolyenler","8":"pa_metoda-pozyskiwania-preslenmis-kuspe","10":"first","11":"instock","12":"shipping-taxable","13":"product-type-simple"},"acf":[],"yoast_head":"<!-- This site is optimized with the Yoast SEO plugin v27.6 - https:\/\/yoast.com\/product\/yoast-seo-wordpress\/ -->\n<title>Shea Ya\u011f\u0131 (Karit\u00e9 Ya\u011f\u0131) - Hurtowy Dystrybutor<\/title>\n<meta name=\"description\" content=\"Kozmetik kullan\u0131m i\u00e7in saf, tam de\u011ferli shea ya\u011f\u0131. Tazeli\u011fi, y\u00fcksek A ve E vitamini i\u00e7eri\u011fini garanti eder.\" \/>\n<meta name=\"robots\" content=\"index, follow, max-snippet:-1, max-image-preview:large, max-video-preview:-1\" \/>\n<link rel=\"canonical\" href=\"https:\/\/naturalpoland.com\/tr\/urunler\/kozmetik-hammaddeleri\/kozmetik-yaglari\/shea-yagi-karite-yagi\/\" \/>\n<meta property=\"og:locale\" content=\"tr_TR\" \/>\n<meta property=\"og:type\" content=\"article\" \/>\n<meta property=\"og:title\" content=\"Shea Ya\u011f\u0131 (Karit\u00e9 Ya\u011f\u0131) - Hurtowy Dystrybutor\" \/>\n<meta property=\"og:description\" content=\"Kozmetik kullan\u0131m i\u00e7in saf, tam de\u011ferli shea ya\u011f\u0131. Tazeli\u011fi, y\u00fcksek A ve E vitamini i\u00e7eri\u011fini garanti eder.\" \/>\n<meta property=\"og:url\" content=\"https:\/\/naturalpoland.com\/tr\/urunler\/kozmetik-hammaddeleri\/kozmetik-yaglari\/shea-yagi-karite-yagi\/\" \/>\n<meta property=\"og:site_name\" content=\"NATURAL POLAND - Hurtowy Dystrybutor Surowc\u00f3w\" \/>\n<meta property=\"article:publisher\" content=\"https:\/\/www.facebook.com\/naturalpoland.b2b\" \/>\n<meta property=\"article:modified_time\" content=\"2025-12-22T11:23:03+00:00\" \/>\n<meta property=\"og:image\" content=\"https:\/\/naturalpoland.com\/wp-content\/uploads\/maslo-shea.jpg\" \/>\n\t<meta property=\"og:image:width\" content=\"650\" \/>\n\t<meta property=\"og:image:height\" content=\"650\" \/>\n\t<meta property=\"og:image:type\" content=\"image\/jpeg\" \/>\n<script type=\"application\/ld+json\" class=\"yoast-schema-graph\">{\"@context\":\"https:\\\/\\\/schema.org\",\"@graph\":[{\"@type\":\"WebPage\",\"@id\":\"https:\\\/\\\/naturalpoland.com\\\/tr\\\/urunler\\\/kozmetik-hammaddeleri\\\/kozmetik-yaglari\\\/shea-yagi-karite-yagi\\\/\",\"url\":\"https:\\\/\\\/naturalpoland.com\\\/tr\\\/urunler\\\/kozmetik-hammaddeleri\\\/kozmetik-yaglari\\\/shea-yagi-karite-yagi\\\/\",\"name\":\"Shea Ya\u011f\u0131 (Karit\u00e9 Ya\u011f\u0131) - Hurtowy Dystrybutor\",\"isPartOf\":{\"@id\":\"https:\\\/\\\/naturalpoland.com\\\/tr\\\/#website\"},\"primaryImageOfPage\":{\"@id\":\"https:\\\/\\\/naturalpoland.com\\\/tr\\\/urunler\\\/kozmetik-hammaddeleri\\\/kozmetik-yaglari\\\/shea-yagi-karite-yagi\\\/#primaryimage\"},\"image\":{\"@id\":\"https:\\\/\\\/naturalpoland.com\\\/tr\\\/urunler\\\/kozmetik-hammaddeleri\\\/kozmetik-yaglari\\\/shea-yagi-karite-yagi\\\/#primaryimage\"},\"thumbnailUrl\":\"https:\\\/\\\/naturalpoland.com\\\/wp-content\\\/uploads\\\/maslo-shea.jpg\",\"datePublished\":\"2021-05-11T11:47:23+00:00\",\"dateModified\":\"2025-12-22T11:23:03+00:00\",\"description\":\"Kozmetik kullan\u0131m i\u00e7in saf, tam de\u011ferli shea ya\u011f\u0131. Tazeli\u011fi, y\u00fcksek A ve E vitamini i\u00e7eri\u011fini garanti eder.\",\"breadcrumb\":{\"@id\":\"https:\\\/\\\/naturalpoland.com\\\/tr\\\/urunler\\\/kozmetik-hammaddeleri\\\/kozmetik-yaglari\\\/shea-yagi-karite-yagi\\\/#breadcrumb\"},\"inLanguage\":\"tr\",\"potentialAction\":[{\"@type\":\"ReadAction\",\"target\":[\"https:\\\/\\\/naturalpoland.com\\\/tr\\\/urunler\\\/kozmetik-hammaddeleri\\\/kozmetik-yaglari\\\/shea-yagi-karite-yagi\\\/\"]}]},{\"@type\":\"ImageObject\",\"inLanguage\":\"tr\",\"@id\":\"https:\\\/\\\/naturalpoland.com\\\/tr\\\/urunler\\\/kozmetik-hammaddeleri\\\/kozmetik-yaglari\\\/shea-yagi-karite-yagi\\\/#primaryimage\",\"url\":\"https:\\\/\\\/naturalpoland.com\\\/wp-content\\\/uploads\\\/maslo-shea.jpg\",\"contentUrl\":\"https:\\\/\\\/naturalpoland.com\\\/wp-content\\\/uploads\\\/maslo-shea.jpg\",\"width\":650,\"height\":650,\"caption\":\"shea ya\u011f\u0131\"},{\"@type\":\"BreadcrumbList\",\"@id\":\"https:\\\/\\\/naturalpoland.com\\\/tr\\\/urunler\\\/kozmetik-hammaddeleri\\\/kozmetik-yaglari\\\/shea-yagi-karite-yagi\\\/#breadcrumb\",\"itemListElement\":[{\"@type\":\"ListItem\",\"position\":1,\"name\":\"Ana Sayfa\",\"item\":\"https:\\\/\\\/naturalpoland.com\\\/tr\\\/\"},{\"@type\":\"ListItem\",\"position\":2,\"name\":\"\u00dcr\u00fcnler\",\"item\":\"https:\\\/\\\/naturalpoland.com\\\/tr\\\/urunler\\\/\"},{\"@type\":\"ListItem\",\"position\":3,\"name\":\"Shea Ya\u011f\u0131 (Karit\u00e9 Ya\u011f\u0131)\"}]},{\"@type\":\"WebSite\",\"@id\":\"https:\\\/\\\/naturalpoland.com\\\/tr\\\/#website\",\"url\":\"https:\\\/\\\/naturalpoland.com\\\/tr\\\/\",\"name\":\"NATURAL POLAND - Hurtowy Dystrybutor Surowc\u00f3w\",\"description\":\"Surowce dla przemys\u0142u spo\u017cywczego, kosmetycznego i farmaceutycznego\",\"publisher\":{\"@id\":\"https:\\\/\\\/naturalpoland.com\\\/tr\\\/#organization\"},\"potentialAction\":[{\"@type\":\"SearchAction\",\"target\":{\"@type\":\"EntryPoint\",\"urlTemplate\":\"https:\\\/\\\/naturalpoland.com\\\/tr\\\/?s={search_term_string}\"},\"query-input\":{\"@type\":\"PropertyValueSpecification\",\"valueRequired\":true,\"valueName\":\"search_term_string\"}}],\"inLanguage\":\"tr\"},{\"@type\":\"Organization\",\"@id\":\"https:\\\/\\\/naturalpoland.com\\\/tr\\\/#organization\",\"name\":\"Natural Poland\",\"url\":\"https:\\\/\\\/naturalpoland.com\\\/tr\\\/\",\"logo\":{\"@type\":\"ImageObject\",\"inLanguage\":\"tr\",\"@id\":\"https:\\\/\\\/naturalpoland.com\\\/tr\\\/#\\\/schema\\\/logo\\\/image\\\/\",\"url\":\"https:\\\/\\\/naturalpoland.com\\\/wp-content\\\/uploads\\\/2021\\\/05\\\/natural-poland-icon.png\",\"contentUrl\":\"https:\\\/\\\/naturalpoland.com\\\/wp-content\\\/uploads\\\/2021\\\/05\\\/natural-poland-icon.png\",\"width\":512,\"height\":512,\"caption\":\"Natural Poland\"},\"image\":{\"@id\":\"https:\\\/\\\/naturalpoland.com\\\/tr\\\/#\\\/schema\\\/logo\\\/image\\\/\"},\"sameAs\":[\"https:\\\/\\\/www.facebook.com\\\/naturalpoland.b2b\",\"https:\\\/\\\/pl.linkedin.com\\\/company\\\/natural-poland\",\"https:\\\/\\\/www.youtube.com\\\/channel\\\/UCgeGGkvOMahZo-xu_MSEWxg\"]}]}<\/script>\n<!-- \/ Yoast SEO plugin. -->","yoast_head_json":{"title":"Shea Ya\u011f\u0131 (Karit\u00e9 Ya\u011f\u0131) - Hurtowy Dystrybutor","description":"Kozmetik kullan\u0131m i\u00e7in saf, tam de\u011ferli shea ya\u011f\u0131. Tazeli\u011fi, y\u00fcksek A ve E vitamini i\u00e7eri\u011fini garanti eder.","robots":{"index":"index","follow":"follow","max-snippet":"max-snippet:-1","max-image-preview":"max-image-preview:large","max-video-preview":"max-video-preview:-1"},"canonical":"https:\/\/naturalpoland.com\/tr\/urunler\/kozmetik-hammaddeleri\/kozmetik-yaglari\/shea-yagi-karite-yagi\/","og_locale":"tr_TR","og_type":"article","og_title":"Shea Ya\u011f\u0131 (Karit\u00e9 Ya\u011f\u0131) - Hurtowy Dystrybutor","og_description":"Kozmetik kullan\u0131m i\u00e7in saf, tam de\u011ferli shea ya\u011f\u0131. Tazeli\u011fi, y\u00fcksek A ve E vitamini i\u00e7eri\u011fini garanti eder.","og_url":"https:\/\/naturalpoland.com\/tr\/urunler\/kozmetik-hammaddeleri\/kozmetik-yaglari\/shea-yagi-karite-yagi\/","og_site_name":"NATURAL POLAND - Hurtowy Dystrybutor Surowc\u00f3w","article_publisher":"https:\/\/www.facebook.com\/naturalpoland.b2b","article_modified_time":"2025-12-22T11:23:03+00:00","og_image":[{"width":650,"height":650,"url":"https:\/\/naturalpoland.com\/wp-content\/uploads\/maslo-shea.jpg","type":"image\/jpeg"}],"schema":{"@context":"https:\/\/schema.org","@graph":[{"@type":"WebPage","@id":"https:\/\/naturalpoland.com\/tr\/urunler\/kozmetik-hammaddeleri\/kozmetik-yaglari\/shea-yagi-karite-yagi\/","url":"https:\/\/naturalpoland.com\/tr\/urunler\/kozmetik-hammaddeleri\/kozmetik-yaglari\/shea-yagi-karite-yagi\/","name":"Shea Ya\u011f\u0131 (Karit\u00e9 Ya\u011f\u0131) - Hurtowy Dystrybutor","isPartOf":{"@id":"https:\/\/naturalpoland.com\/tr\/#website"},"primaryImageOfPage":{"@id":"https:\/\/naturalpoland.com\/tr\/urunler\/kozmetik-hammaddeleri\/kozmetik-yaglari\/shea-yagi-karite-yagi\/#primaryimage"},"image":{"@id":"https:\/\/naturalpoland.com\/tr\/urunler\/kozmetik-hammaddeleri\/kozmetik-yaglari\/shea-yagi-karite-yagi\/#primaryimage"},"thumbnailUrl":"https:\/\/naturalpoland.com\/wp-content\/uploads\/maslo-shea.jpg","datePublished":"2021-05-11T11:47:23+00:00","dateModified":"2025-12-22T11:23:03+00:00","description":"Kozmetik kullan\u0131m i\u00e7in saf, tam de\u011ferli shea ya\u011f\u0131. Tazeli\u011fi, y\u00fcksek A ve E vitamini i\u00e7eri\u011fini garanti eder.","breadcrumb":{"@id":"https:\/\/naturalpoland.com\/tr\/urunler\/kozmetik-hammaddeleri\/kozmetik-yaglari\/shea-yagi-karite-yagi\/#breadcrumb"},"inLanguage":"tr","potentialAction":[{"@type":"ReadAction","target":["https:\/\/naturalpoland.com\/tr\/urunler\/kozmetik-hammaddeleri\/kozmetik-yaglari\/shea-yagi-karite-yagi\/"]}]},{"@type":"ImageObject","inLanguage":"tr","@id":"https:\/\/naturalpoland.com\/tr\/urunler\/kozmetik-hammaddeleri\/kozmetik-yaglari\/shea-yagi-karite-yagi\/#primaryimage","url":"https:\/\/naturalpoland.com\/wp-content\/uploads\/maslo-shea.jpg","contentUrl":"https:\/\/naturalpoland.com\/wp-content\/uploads\/maslo-shea.jpg","width":650,"height":650,"caption":"shea ya\u011f\u0131"},{"@type":"BreadcrumbList","@id":"https:\/\/naturalpoland.com\/tr\/urunler\/kozmetik-hammaddeleri\/kozmetik-yaglari\/shea-yagi-karite-yagi\/#breadcrumb","itemListElement":[{"@type":"ListItem","position":1,"name":"Ana Sayfa","item":"https:\/\/naturalpoland.com\/tr\/"},{"@type":"ListItem","position":2,"name":"\u00dcr\u00fcnler","item":"https:\/\/naturalpoland.com\/tr\/urunler\/"},{"@type":"ListItem","position":3,"name":"Shea Ya\u011f\u0131 (Karit\u00e9 Ya\u011f\u0131)"}]},{"@type":"WebSite","@id":"https:\/\/naturalpoland.com\/tr\/#website","url":"https:\/\/naturalpoland.com\/tr\/","name":"NATURAL POLAND - Hurtowy Dystrybutor Surowc\u00f3w","description":"Surowce dla przemys\u0142u spo\u017cywczego, kosmetycznego i farmaceutycznego","publisher":{"@id":"https:\/\/naturalpoland.com\/tr\/#organization"},"potentialAction":[{"@type":"SearchAction","target":{"@type":"EntryPoint","urlTemplate":"https:\/\/naturalpoland.com\/tr\/?s={search_term_string}"},"query-input":{"@type":"PropertyValueSpecification","valueRequired":true,"valueName":"search_term_string"}}],"inLanguage":"tr"},{"@type":"Organization","@id":"https:\/\/naturalpoland.com\/tr\/#organization","name":"Natural Poland","url":"https:\/\/naturalpoland.com\/tr\/","logo":{"@type":"ImageObject","inLanguage":"tr","@id":"https:\/\/naturalpoland.com\/tr\/#\/schema\/logo\/image\/","url":"https:\/\/naturalpoland.com\/wp-content\/uploads\/2021\/05\/natural-poland-icon.png","contentUrl":"https:\/\/naturalpoland.com\/wp-content\/uploads\/2021\/05\/natural-poland-icon.png","width":512,"height":512,"caption":"Natural Poland"},"image":{"@id":"https:\/\/naturalpoland.com\/tr\/#\/schema\/logo\/image\/"},"sameAs":["https:\/\/www.facebook.com\/naturalpoland.b2b","https:\/\/pl.linkedin.com\/company\/natural-poland","https:\/\/www.youtube.com\/channel\/UCgeGGkvOMahZo-xu_MSEWxg"]}]}},"_links":{"self":[{"href":"https:\/\/naturalpoland.com\/tr\/wp-json\/wp\/v2\/product\/44505","targetHints":{"allow":["GET"]}}],"collection":[{"href":"https:\/\/naturalpoland.com\/tr\/wp-json\/wp\/v2\/product"}],"about":[{"href":"https:\/\/naturalpoland.com\/tr\/wp-json\/wp\/v2\/types\/product"}],"wp:featuredmedia":[{"embeddable":true,"href":"https:\/\/naturalpoland.com\/tr\/wp-json\/wp\/v2\/media\/44507"}],"wp:attachment":[{"href":"https:\/\/naturalpoland.com\/tr\/wp-json\/wp\/v2\/media?parent=44505"}],"wp:term":[{"taxonomy":"product_brand","embeddable":true,"href":"https:\/\/naturalpoland.com\/tr\/wp-json\/wp\/v2\/product_brand?post=44505"},{"taxonomy":"product_cat","embeddable":true,"href":"https:\/\/naturalpoland.com\/tr\/wp-json\/wp\/v2\/product_cat?post=44505"},{"taxonomy":"product_tag","embeddable":true,"href":"https:\/\/naturalpoland.com\/tr\/wp-json\/wp\/v2\/product_tag?post=44505"}],"curies":[{"name":"wp","href":"https:\/\/api.w.org\/{rel}","templated":true}]}}