{"id":44517,"date":"2021-05-11T13:52:32","date_gmt":"2021-05-11T11:52:32","guid":{"rendered":"https:\/\/naturalpoland.com\/produkty\/kategorilenmemis\/cuha-cicegi-yagi\/"},"modified":"2025-12-22T12:31:59","modified_gmt":"2025-12-22T11:31:59","slug":"cuha-cicegi-yagi","status":"publish","type":"product","link":"https:\/\/naturalpoland.com\/tr\/urunler\/gida-hammaddeleri\/gida-yaglari\/cuha-cicegi-yagi\/","title":{"rendered":"\u00c7uha \u00c7i\u00e7e\u011fi Ya\u011f\u0131"},"content":{"rendered":"<p>\u00c7uha \u00e7i\u00e7e\u011fi ya\u011f\u0131, iki y\u0131ll\u0131k \u00e7uha \u00e7i\u00e7e\u011fi (<em>Oenothera biennis<\/em>) veya garip \u00e7uha \u00e7i\u00e7e\u011fi (<em>Oenothera paradoxa<\/em>) tohumlar\u0131ndan 30\u00b0C&#8217;yi ge\u00e7meyen s\u0131cakl\u0131kta so\u011fuk s\u0131k\u0131m y\u00f6ntemiyle elde edilir. Zengin \u00e7oklu doymam\u0131\u015f ya\u011f asidi (PUFA) i\u00e7eri\u011fi sayesinde v\u00fccudumuz i\u00e7in bir\u00e7ok faydal\u0131 \u00f6zellik g\u00f6sterir, \u00f6zellikle cilt sa\u011fl\u0131\u011f\u0131n\u0131 iyile\u015ftirme konusunda etkilidir. <\/p>\n<h2>\u00c7uha \u00e7i\u00e7e\u011fi ya\u011f\u0131n\u0131n kimyasal bile\u015fimi:<\/h2>\n<p>\u00c7uha \u00e7i\u00e7e\u011fi ya\u011f\u0131 %98 oran\u0131nda tria\u00e7ilgliserollerden olu\u015fur ve bunlar\u0131n aras\u0131nda en \u00f6nemli bile\u015fenler omega-6 doymam\u0131\u015f ya\u011f asitleridir: <strong>linoleik asit<\/strong> (yakla\u015f\u0131k %73) ve \u03b3-linolenik asit (yakla\u015f\u0131k %9). Ayr\u0131ca ya\u011f fraksiyonunda oleik asit (yakla\u015f\u0131k %7), palmitik asit (yakla\u015f\u0131k %6) ve stearik asit (yakla\u015f\u0131k %3) gibi asitler de bulunur. <\/p>\n<p>\u00c7uha \u00e7i\u00e7e\u011fi ya\u011f\u0131 ayr\u0131ca biyolojik etkisini belirleyen ba\u015fka bile\u015fikler de i\u00e7erir. Bunlar aras\u0131nda <strong>E vitamini<\/strong> t\u00fcrevleri (\u03b3-tokoferol ve daha d\u00fc\u015f\u00fck konsantrasyonlarda \u03b1- ve \u03b4-tokoferol), <strong>steroller<\/strong> (\u03b2-sitosterol, avenasterol, kampesterol, stigmasterol), <strong>fosfolipitler<\/strong> (fosfatidilkolin, fosfatidilinositol, fosfatidiletanolamin) ile <strong>karotenoidler<\/strong> ve <strong>fenolik bile\u015fikler<\/strong> yer al\u0131r. <\/p>\n<p><strong>100 g \u00e7uha \u00e7i\u00e7e\u011fi ya\u011f\u0131ndaki ya\u011f asidi bile\u015fimi:<\/strong><\/p>\n<ul>\n<li>Doymu\u015f ya\u011f asitleri: 8,2 g<\/li>\n<li>Tekli doymam\u0131\u015f ya\u011f asitleri: 7,8 g<\/li>\n<li>\u00c7oklu doymam\u0131\u015f ya\u011f asitleri: 84 g<\/li>\n<\/ul>\n<h2>\u00c7uha \u00e7i\u00e7e\u011fi ya\u011f\u0131 &#8211; kullan\u0131m alanlar\u0131:<\/h2>\n<p>\u00c7uha \u00e7i\u00e7e\u011fi tohumu ya\u011f\u0131n\u0131n en de\u011ferli \u00f6zelliklerinden biri, y\u00fcksek \u03b3-linolenik asit i\u00e7eri\u011fiyle ba\u011flant\u0131l\u0131 <strong>cilt \u00fczerindeki olumlu etkisidir<\/strong>. Cilt sa\u011fl\u0131\u011f\u0131n\u0131 iyile\u015ftiren preparatlar genellikle kozmetiklerle ili\u015fkilendirilse de, \u00e7uha \u00e7i\u00e7e\u011fi ya\u011f\u0131nda a\u011f\u0131zdan al\u0131m &#8211; s\u0131v\u0131 ya\u011f veya kaps\u00fcl formunda &#8211; daha fazla fayda sa\u011flar. Bu \u015fekilde al\u0131nan \u00e7uha \u00e7i\u00e7e\u011fi ya\u011f\u0131, \u03b3-linolenik asit eksikli\u011fini gidererek cildin elastikiyeti, nemlenmesi ve direncindeki azalmay\u0131 \u00f6nler, ayr\u0131ca k\u0131r\u0131\u015f\u0131kl\u0131k, \u00e7atlak ve yaralar\u0131n olu\u015fumunu engeller.  <\/p>\n<p>\u00c7uha \u00e7i\u00e7e\u011fi ya\u011f\u0131 krem formunda uyguland\u0131\u011f\u0131nda sadece cildin boynuz tabakas\u0131na n\u00fcfuz ederken, a\u011f\u0131zdan al\u0131nd\u0131\u011f\u0131nda ger\u00e7ek cilt tabakas\u0131na ula\u015f\u0131r ve burada g\u00fc\u00e7lendirici etki g\u00f6sterir, su kayb\u0131n\u0131 s\u0131n\u0131rlar ve toksin ile patojenlerin giri\u015fine kar\u015f\u0131 korur. Ayr\u0131ca \u03b3-linolenik asit v\u00fccutta di\u011fer yararl\u0131 bile\u015fiklere d\u00f6n\u00fc\u015ft\u00fcr\u00fcl\u00fcr &#8211; olu\u015fan metabolitler antiinflamatuar ve antiproliferatif etki g\u00f6sterir, ayn\u0131 zamanda keratinoidlerin farkl\u0131la\u015fmas\u0131 ile epidermis h\u00fccrelerinin yap\u0131\u015fmas\u0131 ve d\u00f6k\u00fclmesinin d\u00fczenlenmesinde rol oynar. <\/p>\n<p>\u00c7uha \u00e7i\u00e7e\u011fi ya\u011f\u0131 preparatlar\u0131n\u0131n al\u0131m\u0131 \u00f6zellikle atopik dermatit (AD), sedef hastal\u0131\u011f\u0131 ve cilt ya\u015flanmas\u0131n\u0131n rahats\u0131z edici belirtileriyle (cilt kurulu\u011fu, ka\u015f\u0131nt\u0131, k\u0131r\u0131\u015f\u0131kl\u0131k, \u00e7atlak olu\u015fumu) m\u00fccadele eden ki\u015filere \u00f6nerilir.<\/p>\n<h2>\u00c7uha \u00e7i\u00e7e\u011fi tohumu ya\u011f\u0131n\u0131n \u00f6zellikleri<\/h2>\n<p>\u00c7uha \u00e7i\u00e7e\u011fi ya\u011f\u0131n\u0131n kullan\u0131m\u0131 sadece cilt i\u00e7in de\u011fil, bile\u015fenleri <strong>medeniyet hastal\u0131klar\u0131n\u0131n \u00f6nlenmesinde<\/strong> de b\u00fcy\u00fck \u00f6nem ta\u015f\u0131r. \u00c7uha \u00e7i\u00e7e\u011fi ya\u011f\u0131 takviyesi, toplam kolesterol\u00fc, \u00f6zellikle &#8220;k\u00f6t\u00fc&#8221; LDL kolesterol fraksiyonunu d\u00fc\u015f\u00fcrerek lipid profilini iyile\u015ftirir. <\/p>\n<p>Ayr\u0131ca antiagregasyon, hipotansif ve antioksidan etki g\u00f6sterir, bu da ateroskleroz ve kardiyovask\u00fcler hastal\u0131klar\u0131n \u00f6nlenmesinde \u00f6nemli olabilir.<\/p>\n<p>\u00c7uha \u00e7i\u00e7e\u011fi ya\u011f\u0131n\u0131n inflamatuar k\u00f6kenli hastal\u0131klar\u0131n tedavisindeki etkinli\u011fi de kan\u0131tlanm\u0131\u015ft\u0131r. Daha \u00f6nce bahsedilen AD&#8217;ye ek olarak, ya\u011f\u0131n tek ba\u015f\u0131na veya bal\u0131k ya\u011f\u0131yla birlikte t\u00fcketimi romatoid artrit (RA) ve \u00fclseratif kolit hastalar\u0131nda da iyile\u015fme sa\u011flam\u0131\u015ft\u0131r. <\/p>\n<h3 class=\"wp-block-heading\">Kad\u0131n sorunlar\u0131 i\u00e7in \u00e7uha \u00e7i\u00e7e\u011fi ya\u011f\u0131<\/h3>\n<p>\u00c7uha \u00e7i\u00e7e\u011fi ya\u011f\u0131nda bulunan omega-6 asitleri kad\u0131n sorunlar\u0131n\u0131n tedavisinde de rol oynar. Klinik \u00e7al\u0131\u015fmalar, birka\u00e7 haftal\u0131k \u00e7uha \u00e7i\u00e7e\u011fi ya\u011f\u0131 takviyesinin premenstr\u00fcel sendrom (PMS) belirtilerini hafifletti\u011fini ve s\u00fcresini k\u0131saltt\u0131\u011f\u0131n\u0131 g\u00f6stermi\u015ftir. Ayr\u0131ca mastalji (meme a\u011fr\u0131s\u0131), menopozal d\u00f6nemdeki s\u0131cak basmalar\u0131 hafifletmede ve hamile diyabetinin destekleyici tedavisinde de etkili oldu\u011fu kan\u0131tlanm\u0131\u015ft\u0131r.  <\/p>\n<hr>\n<p><small><strong>Kaynak\u00e7a:<\/strong><\/small><br \/>\n<small>Ka\u017amierska A., Gawor E. (2015). Wp\u0142yw oleju z wiesio\u0142ka na sk\u00f3r\u0119, ze szczeg\u00f3lnym uwzgl\u0119dnieniem dzia\u0142ania kwasu gamma-linolenowego (GLA). <em>Kosmetologia Estetyczna<\/em> 4(4): 335-338. http:\/\/aestheticcosmetology.com\/wp-content\/uploads\/2019\/02\/ke2015.4-2.pdf<br \/>\nMahboubi M. (2019). Evening Primrose (<em>Oenothera biennis<\/em>) Oil in Management of Female Ailments. <em>J Menopausal Med,<\/em> 25(2): 74-82. https:\/\/synapse.koreamed.org\/articles\/1130981<br \/>\nTimoszuk M., Bielawska K, Skrzydlewska E. (2018). Evening Primrose (Oenothera biennis) Biological Activity Dependent on Chemical Composition. <em>Antioxidants<\/em> 7(8):110.      https:\/\/www.mdpi.com\/2076-3921\/7\/8\/108\/html<br \/>\n<\/small><\/p>\n<hr>\n<h5 class=\"author-name uppercase pt-half\">Dr. Katarzyna Kimel, Eczac\u0131l\u0131k Bilimleri Doktoru  <\/h5>\n<p class=\"author-desc small\">Bilimsel ilgi alanlar\u0131 bitkisel ila\u00e7lar ve do\u011fal kaynakl\u0131 biyoaktif maddeler \u00fczerine ara\u015ft\u0131rmalara odaklanan Eczac\u0131l\u0131k Bilimleri Doktoru. Seyahat etmeyi ve bo\u015f zamanlar\u0131n\u0131 do\u011fada ge\u00e7irmeyi seven biri. <\/p>\n","protected":false},"excerpt":{"rendered":"<p>Toptan miktarlarda <strong>g\u0131da ve kozmetik kalitesinde saf \u00e7uha \u00e7i\u00e7e\u011fi ya\u011f\u0131<\/strong> tedarik ediyoruz. \u00c7uha \u00e7i\u00e7e\u011fi ya\u011f\u0131m\u0131z y\u00fcksek miktarda gama-linolenik asit (GLA) i\u00e7erir. Bu madde karaci\u011fer \u00e7al\u0131\u015fmas\u0131n\u0131 destekler ve ya\u011flanmas\u0131n\u0131 \u00f6nler.  <\/p>\n","protected":false},"featured_media":44520,"template":"","meta":{"_acf_changed":false},"product_brand":[],"product_cat":[9551,9532,9571],"product_tag":[],"class_list":{"0":"post-44517","1":"product","2":"type-product","3":"status-publish","4":"has-post-thumbnail","6":"product_cat-kozmetik-yaglari","7":"product_cat-gida-ve-kozmetik-yaglari","8":"product_cat-gida-yaglari","10":"first","11":"instock","12":"shipping-taxable","13":"product-type-simple"},"acf":[],"yoast_head":"<!-- This site is optimized with the Yoast SEO plugin v27.5 - https:\/\/yoast.com\/product\/yoast-seo-wordpress\/ -->\n<title>\u00c7uha \u00c7i\u00e7e\u011fi Ya\u011f\u0131 - NATURAL POLAND - Hurtowy Dystrybutor Surowc\u00f3w<\/title>\n<meta name=\"description\" content=\"Toptan miktarlarda g\u0131da ve kozmetik kalitesinde saf \u00e7uha \u00e7i\u00e7e\u011fi ya\u011f\u0131 tedarik ediyoruz. Y\u00fcksek miktarda gama-linolenik asit (GLA) i\u00e7erir.\" \/>\n<meta name=\"robots\" content=\"index, follow, max-snippet:-1, max-image-preview:large, max-video-preview:-1\" \/>\n<link rel=\"canonical\" href=\"https:\/\/naturalpoland.com\/tr\/urunler\/gida-hammaddeleri\/gida-yaglari\/cuha-cicegi-yagi\/\" \/>\n<meta property=\"og:locale\" content=\"tr_TR\" \/>\n<meta property=\"og:type\" content=\"article\" \/>\n<meta property=\"og:title\" content=\"\u00c7uha \u00c7i\u00e7e\u011fi Ya\u011f\u0131 - NATURAL POLAND - Hurtowy Dystrybutor Surowc\u00f3w\" \/>\n<meta property=\"og:description\" content=\"Toptan miktarlarda g\u0131da ve kozmetik kalitesinde saf \u00e7uha \u00e7i\u00e7e\u011fi ya\u011f\u0131 tedarik ediyoruz. Y\u00fcksek miktarda gama-linolenik asit (GLA) i\u00e7erir.\" \/>\n<meta property=\"og:url\" content=\"https:\/\/naturalpoland.com\/tr\/urunler\/gida-hammaddeleri\/gida-yaglari\/cuha-cicegi-yagi\/\" \/>\n<meta property=\"og:site_name\" content=\"NATURAL POLAND - Hurtowy Dystrybutor Surowc\u00f3w\" \/>\n<meta property=\"article:publisher\" content=\"https:\/\/www.facebook.com\/naturalpoland.b2b\" \/>\n<meta property=\"article:modified_time\" content=\"2025-12-22T11:31:59+00:00\" \/>\n<meta property=\"og:image\" content=\"https:\/\/naturalpoland.com\/wp-content\/uploads\/olej-z-wiesiolka.webp\" \/>\n\t<meta property=\"og:image:width\" content=\"619\" \/>\n\t<meta property=\"og:image:height\" content=\"619\" \/>\n\t<meta property=\"og:image:type\" content=\"image\/webp\" \/>\n<script type=\"application\/ld+json\" class=\"yoast-schema-graph\">{\"@context\":\"https:\\\/\\\/schema.org\",\"@graph\":[{\"@type\":\"WebPage\",\"@id\":\"https:\\\/\\\/naturalpoland.com\\\/tr\\\/urunler\\\/gida-hammaddeleri\\\/gida-yaglari\\\/cuha-cicegi-yagi\\\/\",\"url\":\"https:\\\/\\\/naturalpoland.com\\\/tr\\\/urunler\\\/gida-hammaddeleri\\\/gida-yaglari\\\/cuha-cicegi-yagi\\\/\",\"name\":\"\u00c7uha \u00c7i\u00e7e\u011fi Ya\u011f\u0131 - NATURAL POLAND - Hurtowy Dystrybutor Surowc\u00f3w\",\"isPartOf\":{\"@id\":\"https:\\\/\\\/naturalpoland.com\\\/tr\\\/#website\"},\"primaryImageOfPage\":{\"@id\":\"https:\\\/\\\/naturalpoland.com\\\/tr\\\/urunler\\\/gida-hammaddeleri\\\/gida-yaglari\\\/cuha-cicegi-yagi\\\/#primaryimage\"},\"image\":{\"@id\":\"https:\\\/\\\/naturalpoland.com\\\/tr\\\/urunler\\\/gida-hammaddeleri\\\/gida-yaglari\\\/cuha-cicegi-yagi\\\/#primaryimage\"},\"thumbnailUrl\":\"https:\\\/\\\/naturalpoland.com\\\/wp-content\\\/uploads\\\/olej-z-wiesiolka.webp\",\"datePublished\":\"2021-05-11T11:52:32+00:00\",\"dateModified\":\"2025-12-22T11:31:59+00:00\",\"description\":\"Toptan miktarlarda g\u0131da ve kozmetik kalitesinde saf \u00e7uha \u00e7i\u00e7e\u011fi ya\u011f\u0131 tedarik ediyoruz. Y\u00fcksek miktarda gama-linolenik asit (GLA) i\u00e7erir.\",\"breadcrumb\":{\"@id\":\"https:\\\/\\\/naturalpoland.com\\\/tr\\\/urunler\\\/gida-hammaddeleri\\\/gida-yaglari\\\/cuha-cicegi-yagi\\\/#breadcrumb\"},\"inLanguage\":\"tr\",\"potentialAction\":[{\"@type\":\"ReadAction\",\"target\":[\"https:\\\/\\\/naturalpoland.com\\\/tr\\\/urunler\\\/gida-hammaddeleri\\\/gida-yaglari\\\/cuha-cicegi-yagi\\\/\"]}]},{\"@type\":\"ImageObject\",\"inLanguage\":\"tr\",\"@id\":\"https:\\\/\\\/naturalpoland.com\\\/tr\\\/urunler\\\/gida-hammaddeleri\\\/gida-yaglari\\\/cuha-cicegi-yagi\\\/#primaryimage\",\"url\":\"https:\\\/\\\/naturalpoland.com\\\/wp-content\\\/uploads\\\/olej-z-wiesiolka.webp\",\"contentUrl\":\"https:\\\/\\\/naturalpoland.com\\\/wp-content\\\/uploads\\\/olej-z-wiesiolka.webp\",\"width\":619,\"height\":619,\"caption\":\"\u00e7uha \u00e7i\u00e7e\u011fi ya\u011f\u0131\"},{\"@type\":\"BreadcrumbList\",\"@id\":\"https:\\\/\\\/naturalpoland.com\\\/tr\\\/urunler\\\/gida-hammaddeleri\\\/gida-yaglari\\\/cuha-cicegi-yagi\\\/#breadcrumb\",\"itemListElement\":[{\"@type\":\"ListItem\",\"position\":1,\"name\":\"Ana Sayfa\",\"item\":\"https:\\\/\\\/naturalpoland.com\\\/tr\\\/\"},{\"@type\":\"ListItem\",\"position\":2,\"name\":\"\u00dcr\u00fcnler\",\"item\":\"https:\\\/\\\/naturalpoland.com\\\/tr\\\/urunler\\\/\"},{\"@type\":\"ListItem\",\"position\":3,\"name\":\"\u00c7uha \u00c7i\u00e7e\u011fi Ya\u011f\u0131\"}]},{\"@type\":\"WebSite\",\"@id\":\"https:\\\/\\\/naturalpoland.com\\\/tr\\\/#website\",\"url\":\"https:\\\/\\\/naturalpoland.com\\\/tr\\\/\",\"name\":\"NATURAL POLAND - Hurtowy Dystrybutor Surowc\u00f3w\",\"description\":\"Surowce dla przemys\u0142u spo\u017cywczego, kosmetycznego i farmaceutycznego\",\"publisher\":{\"@id\":\"https:\\\/\\\/naturalpoland.com\\\/tr\\\/#organization\"},\"potentialAction\":[{\"@type\":\"SearchAction\",\"target\":{\"@type\":\"EntryPoint\",\"urlTemplate\":\"https:\\\/\\\/naturalpoland.com\\\/tr\\\/?s={search_term_string}\"},\"query-input\":{\"@type\":\"PropertyValueSpecification\",\"valueRequired\":true,\"valueName\":\"search_term_string\"}}],\"inLanguage\":\"tr\"},{\"@type\":\"Organization\",\"@id\":\"https:\\\/\\\/naturalpoland.com\\\/tr\\\/#organization\",\"name\":\"Natural Poland\",\"url\":\"https:\\\/\\\/naturalpoland.com\\\/tr\\\/\",\"logo\":{\"@type\":\"ImageObject\",\"inLanguage\":\"tr\",\"@id\":\"https:\\\/\\\/naturalpoland.com\\\/tr\\\/#\\\/schema\\\/logo\\\/image\\\/\",\"url\":\"https:\\\/\\\/naturalpoland.com\\\/wp-content\\\/uploads\\\/2021\\\/05\\\/natural-poland-icon.png\",\"contentUrl\":\"https:\\\/\\\/naturalpoland.com\\\/wp-content\\\/uploads\\\/2021\\\/05\\\/natural-poland-icon.png\",\"width\":512,\"height\":512,\"caption\":\"Natural Poland\"},\"image\":{\"@id\":\"https:\\\/\\\/naturalpoland.com\\\/tr\\\/#\\\/schema\\\/logo\\\/image\\\/\"},\"sameAs\":[\"https:\\\/\\\/www.facebook.com\\\/naturalpoland.b2b\",\"https:\\\/\\\/pl.linkedin.com\\\/company\\\/natural-poland\",\"https:\\\/\\\/www.youtube.com\\\/channel\\\/UCgeGGkvOMahZo-xu_MSEWxg\"]}]}<\/script>\n<!-- \/ Yoast SEO plugin. -->","yoast_head_json":{"title":"\u00c7uha \u00c7i\u00e7e\u011fi Ya\u011f\u0131 - NATURAL POLAND - Hurtowy Dystrybutor Surowc\u00f3w","description":"Toptan miktarlarda g\u0131da ve kozmetik kalitesinde saf \u00e7uha \u00e7i\u00e7e\u011fi ya\u011f\u0131 tedarik ediyoruz. Y\u00fcksek miktarda gama-linolenik asit (GLA) i\u00e7erir.","robots":{"index":"index","follow":"follow","max-snippet":"max-snippet:-1","max-image-preview":"max-image-preview:large","max-video-preview":"max-video-preview:-1"},"canonical":"https:\/\/naturalpoland.com\/tr\/urunler\/gida-hammaddeleri\/gida-yaglari\/cuha-cicegi-yagi\/","og_locale":"tr_TR","og_type":"article","og_title":"\u00c7uha \u00c7i\u00e7e\u011fi Ya\u011f\u0131 - NATURAL POLAND - Hurtowy Dystrybutor Surowc\u00f3w","og_description":"Toptan miktarlarda g\u0131da ve kozmetik kalitesinde saf \u00e7uha \u00e7i\u00e7e\u011fi ya\u011f\u0131 tedarik ediyoruz. Y\u00fcksek miktarda gama-linolenik asit (GLA) i\u00e7erir.","og_url":"https:\/\/naturalpoland.com\/tr\/urunler\/gida-hammaddeleri\/gida-yaglari\/cuha-cicegi-yagi\/","og_site_name":"NATURAL POLAND - Hurtowy Dystrybutor Surowc\u00f3w","article_publisher":"https:\/\/www.facebook.com\/naturalpoland.b2b","article_modified_time":"2025-12-22T11:31:59+00:00","og_image":[{"width":619,"height":619,"url":"https:\/\/naturalpoland.com\/wp-content\/uploads\/olej-z-wiesiolka.webp","type":"image\/webp"}],"schema":{"@context":"https:\/\/schema.org","@graph":[{"@type":"WebPage","@id":"https:\/\/naturalpoland.com\/tr\/urunler\/gida-hammaddeleri\/gida-yaglari\/cuha-cicegi-yagi\/","url":"https:\/\/naturalpoland.com\/tr\/urunler\/gida-hammaddeleri\/gida-yaglari\/cuha-cicegi-yagi\/","name":"\u00c7uha \u00c7i\u00e7e\u011fi Ya\u011f\u0131 - NATURAL POLAND - Hurtowy Dystrybutor Surowc\u00f3w","isPartOf":{"@id":"https:\/\/naturalpoland.com\/tr\/#website"},"primaryImageOfPage":{"@id":"https:\/\/naturalpoland.com\/tr\/urunler\/gida-hammaddeleri\/gida-yaglari\/cuha-cicegi-yagi\/#primaryimage"},"image":{"@id":"https:\/\/naturalpoland.com\/tr\/urunler\/gida-hammaddeleri\/gida-yaglari\/cuha-cicegi-yagi\/#primaryimage"},"thumbnailUrl":"https:\/\/naturalpoland.com\/wp-content\/uploads\/olej-z-wiesiolka.webp","datePublished":"2021-05-11T11:52:32+00:00","dateModified":"2025-12-22T11:31:59+00:00","description":"Toptan miktarlarda g\u0131da ve kozmetik kalitesinde saf \u00e7uha \u00e7i\u00e7e\u011fi ya\u011f\u0131 tedarik ediyoruz. Y\u00fcksek miktarda gama-linolenik asit (GLA) i\u00e7erir.","breadcrumb":{"@id":"https:\/\/naturalpoland.com\/tr\/urunler\/gida-hammaddeleri\/gida-yaglari\/cuha-cicegi-yagi\/#breadcrumb"},"inLanguage":"tr","potentialAction":[{"@type":"ReadAction","target":["https:\/\/naturalpoland.com\/tr\/urunler\/gida-hammaddeleri\/gida-yaglari\/cuha-cicegi-yagi\/"]}]},{"@type":"ImageObject","inLanguage":"tr","@id":"https:\/\/naturalpoland.com\/tr\/urunler\/gida-hammaddeleri\/gida-yaglari\/cuha-cicegi-yagi\/#primaryimage","url":"https:\/\/naturalpoland.com\/wp-content\/uploads\/olej-z-wiesiolka.webp","contentUrl":"https:\/\/naturalpoland.com\/wp-content\/uploads\/olej-z-wiesiolka.webp","width":619,"height":619,"caption":"\u00e7uha \u00e7i\u00e7e\u011fi ya\u011f\u0131"},{"@type":"BreadcrumbList","@id":"https:\/\/naturalpoland.com\/tr\/urunler\/gida-hammaddeleri\/gida-yaglari\/cuha-cicegi-yagi\/#breadcrumb","itemListElement":[{"@type":"ListItem","position":1,"name":"Ana Sayfa","item":"https:\/\/naturalpoland.com\/tr\/"},{"@type":"ListItem","position":2,"name":"\u00dcr\u00fcnler","item":"https:\/\/naturalpoland.com\/tr\/urunler\/"},{"@type":"ListItem","position":3,"name":"\u00c7uha \u00c7i\u00e7e\u011fi Ya\u011f\u0131"}]},{"@type":"WebSite","@id":"https:\/\/naturalpoland.com\/tr\/#website","url":"https:\/\/naturalpoland.com\/tr\/","name":"NATURAL POLAND - Hurtowy Dystrybutor Surowc\u00f3w","description":"Surowce dla przemys\u0142u spo\u017cywczego, kosmetycznego i farmaceutycznego","publisher":{"@id":"https:\/\/naturalpoland.com\/tr\/#organization"},"potentialAction":[{"@type":"SearchAction","target":{"@type":"EntryPoint","urlTemplate":"https:\/\/naturalpoland.com\/tr\/?s={search_term_string}"},"query-input":{"@type":"PropertyValueSpecification","valueRequired":true,"valueName":"search_term_string"}}],"inLanguage":"tr"},{"@type":"Organization","@id":"https:\/\/naturalpoland.com\/tr\/#organization","name":"Natural Poland","url":"https:\/\/naturalpoland.com\/tr\/","logo":{"@type":"ImageObject","inLanguage":"tr","@id":"https:\/\/naturalpoland.com\/tr\/#\/schema\/logo\/image\/","url":"https:\/\/naturalpoland.com\/wp-content\/uploads\/2021\/05\/natural-poland-icon.png","contentUrl":"https:\/\/naturalpoland.com\/wp-content\/uploads\/2021\/05\/natural-poland-icon.png","width":512,"height":512,"caption":"Natural Poland"},"image":{"@id":"https:\/\/naturalpoland.com\/tr\/#\/schema\/logo\/image\/"},"sameAs":["https:\/\/www.facebook.com\/naturalpoland.b2b","https:\/\/pl.linkedin.com\/company\/natural-poland","https:\/\/www.youtube.com\/channel\/UCgeGGkvOMahZo-xu_MSEWxg"]}]}},"_links":{"self":[{"href":"https:\/\/naturalpoland.com\/tr\/wp-json\/wp\/v2\/product\/44517","targetHints":{"allow":["GET"]}}],"collection":[{"href":"https:\/\/naturalpoland.com\/tr\/wp-json\/wp\/v2\/product"}],"about":[{"href":"https:\/\/naturalpoland.com\/tr\/wp-json\/wp\/v2\/types\/product"}],"wp:featuredmedia":[{"embeddable":true,"href":"https:\/\/naturalpoland.com\/tr\/wp-json\/wp\/v2\/media\/44520"}],"wp:attachment":[{"href":"https:\/\/naturalpoland.com\/tr\/wp-json\/wp\/v2\/media?parent=44517"}],"wp:term":[{"taxonomy":"product_brand","embeddable":true,"href":"https:\/\/naturalpoland.com\/tr\/wp-json\/wp\/v2\/product_brand?post=44517"},{"taxonomy":"product_cat","embeddable":true,"href":"https:\/\/naturalpoland.com\/tr\/wp-json\/wp\/v2\/product_cat?post=44517"},{"taxonomy":"product_tag","embeddable":true,"href":"https:\/\/naturalpoland.com\/tr\/wp-json\/wp\/v2\/product_tag?post=44517"}],"curies":[{"name":"wp","href":"https:\/\/api.w.org\/{rel}","templated":true}]}}