{"id":44528,"date":"2021-05-11T13:39:24","date_gmt":"2021-05-11T11:39:24","guid":{"rendered":"https:\/\/naturalpoland.com\/produkty\/kategorilenmemis\/guggul-ekstrakti\/"},"modified":"2025-12-22T12:33:01","modified_gmt":"2025-12-22T11:33:01","slug":"guggul-ekstrakti","status":"publish","type":"product","link":"https:\/\/naturalpoland.com\/tr\/urunler\/farmasotik-hammaddeler\/takviye-edici-gida-bilesenleri\/guggul-ekstrakti\/","title":{"rendered":"Guggul Ekstrakt\u0131"},"content":{"rendered":"<p>Natural Poland, do\u011fal <strong>guggul ekstrakt\u0131n\u0131n<\/strong> toptan distrib\u00fct\u00f6r\u00fcd\u00fcr. Size katk\u0131 maddesi ve seyreltici i\u00e7ermeyen taze %100 \u00fcr\u00fcn sunuyoruz.<\/p>\n<p>Guggul ekstrakt\u0131 kahverengi-sar\u0131, ince toz formundad\u0131r. UV y\u00f6ntemiyle \u00f6l\u00e7\u00fclen aktif bile\u015fenler olan en az %20 guggulsteron i\u00e7erir, bu da y\u00fcksek etkinli\u011fini garanti eder. <\/p>\n<p>\u00dcr\u00fcn etanol ve su kullan\u0131larak elde edilir, bu g\u00fcvenli ve etkili bir ekstraksiyon y\u00f6ntemidir ve bitkinin se\u00e7ilmi\u015f k\u0131sm\u0131ndan &#8211; re\u00e7ineden &#8211; saf ve konsantre ekstrakt elde edilmesini sa\u011flar. Bu ekstraksiyon y\u00f6ntemi, temel aktif bile\u015fenlerin korunmas\u0131n\u0131 ve biyoyararlan\u0131mlar\u0131n\u0131n maksimize edilmesini sa\u011flar. <\/p>\n<p>Guggul Ekstrakt\u0131, \u00f6zellikle kilo kontrol\u00fc, dola\u015f\u0131m sistemi deste\u011fi ve lipid profilinin iyile\u015ftirilmesi alanlar\u0131nda olmak \u00fczere, diyet takviyeleri ve sa\u011fl\u0131\u011f\u0131 destekleyen \u00fcr\u00fcnlerde yayg\u0131n olarak kullan\u0131lmaktad\u0131r. Do\u011fal k\u00f6kenli olmas\u0131 ve kan\u0131tlanm\u0131\u015f guggulsteron i\u00e7eri\u011fi, sa\u011fl\u0131kl\u0131 ya\u015fam tarz\u0131n\u0131 destekleyen do\u011fal ve etkili \u00e7\u00f6z\u00fcmler arayan ki\u015filer i\u00e7in g\u00fcvenilir bir se\u00e7im yapar. <\/p>\n<p>Bu \u00fcr\u00fcn, tekliflerini kan\u0131tlanm\u0131\u015f etkiye sahip y\u00fcksek kaliteli, do\u011fal bir bile\u015fenle zenginle\u015ftirmek isteyen diyet takviyesi \u00fcreticileri, ila\u00e7 firmalar\u0131 ve sa\u011fl\u0131k ile wellness sekt\u00f6r\u00fcndeki uzmanlar i\u00e7in ideal bir se\u00e7imdir.<\/p>\n","protected":false},"excerpt":{"rendered":"<p>Toz halindeki guggul ekstrakt\u0131, sa\u011fl\u0131k \u00fczerindeki faydal\u0131 etkileriyle bilinen Guggul re\u00e7inesinin geleneksel \u00f6zelliklerini kullanan, y\u00fcksek kaliteli, \u00f6zenle haz\u0131rlanm\u0131\u015f bir \u00fcr\u00fcnd\u00fcr.<\/p>\n","protected":false},"featured_media":44529,"template":"","meta":{"_acf_changed":false},"product_brand":[],"product_cat":[9531,9540],"product_tag":[],"class_list":{"0":"post-44528","1":"product","2":"type-product","3":"status-publish","4":"has-post-thumbnail","6":"product_cat-bitkisel-ekstraktlar","7":"product_cat-takviye-edici-gida-bilesenleri","8":"pa_czesc-rosliny-recine","10":"first","11":"instock","12":"shipping-taxable","13":"product-type-simple"},"acf":[],"yoast_head":"<!-- This site is optimized with the Yoast SEO plugin v27.5 - https:\/\/yoast.com\/product\/yoast-seo-wordpress\/ -->\n<title>Guggul Ekstrakt\u0131 - Hurtowy Dystrybutor<\/title>\n<meta name=\"description\" content=\"Guggul ekstrakt\u0131, Hindistan k\u00f6kenli re\u00e7ineden elde edilen do\u011fal bir \u00fcr\u00fcnd\u00fcr. Kandaki glukoz seviyesini uygun d\u00fczeyde tutma \u00f6zelliklerine sahiptir.\" \/>\n<meta name=\"robots\" content=\"index, follow, max-snippet:-1, max-image-preview:large, max-video-preview:-1\" \/>\n<link rel=\"canonical\" href=\"https:\/\/naturalpoland.com\/tr\/urunler\/farmasotik-hammaddeler\/takviye-edici-gida-bilesenleri\/guggul-ekstrakti\/\" \/>\n<meta property=\"og:locale\" content=\"tr_TR\" \/>\n<meta property=\"og:type\" content=\"article\" \/>\n<meta property=\"og:title\" content=\"Guggul Ekstrakt\u0131 - Hurtowy Dystrybutor\" \/>\n<meta property=\"og:description\" content=\"Guggul ekstrakt\u0131, Hindistan k\u00f6kenli re\u00e7ineden elde edilen do\u011fal bir \u00fcr\u00fcnd\u00fcr. Kandaki glukoz seviyesini uygun d\u00fczeyde tutma \u00f6zelliklerine sahiptir.\" \/>\n<meta property=\"og:url\" content=\"https:\/\/naturalpoland.com\/tr\/urunler\/farmasotik-hammaddeler\/takviye-edici-gida-bilesenleri\/guggul-ekstrakti\/\" \/>\n<meta property=\"og:site_name\" content=\"NATURAL POLAND - Hurtowy Dystrybutor Surowc\u00f3w\" \/>\n<meta property=\"article:publisher\" content=\"https:\/\/www.facebook.com\/naturalpoland.b2b\" \/>\n<meta property=\"article:modified_time\" content=\"2025-12-22T11:33:01+00:00\" \/>\n<meta property=\"og:image\" content=\"https:\/\/naturalpoland.com\/wp-content\/uploads\/2021\/05\/guggul-extract.jpg\" \/>\n\t<meta property=\"og:image:width\" content=\"423\" \/>\n\t<meta property=\"og:image:height\" content=\"283\" \/>\n\t<meta property=\"og:image:type\" content=\"image\/jpeg\" \/>\n<script type=\"application\/ld+json\" class=\"yoast-schema-graph\">{\"@context\":\"https:\\\/\\\/schema.org\",\"@graph\":[{\"@type\":\"WebPage\",\"@id\":\"https:\\\/\\\/naturalpoland.com\\\/tr\\\/urunler\\\/farmasotik-hammaddeler\\\/takviye-edici-gida-bilesenleri\\\/guggul-ekstrakti\\\/\",\"url\":\"https:\\\/\\\/naturalpoland.com\\\/tr\\\/urunler\\\/farmasotik-hammaddeler\\\/takviye-edici-gida-bilesenleri\\\/guggul-ekstrakti\\\/\",\"name\":\"Guggul Ekstrakt\u0131 - Hurtowy Dystrybutor\",\"isPartOf\":{\"@id\":\"https:\\\/\\\/naturalpoland.com\\\/tr\\\/#website\"},\"primaryImageOfPage\":{\"@id\":\"https:\\\/\\\/naturalpoland.com\\\/tr\\\/urunler\\\/farmasotik-hammaddeler\\\/takviye-edici-gida-bilesenleri\\\/guggul-ekstrakti\\\/#primaryimage\"},\"image\":{\"@id\":\"https:\\\/\\\/naturalpoland.com\\\/tr\\\/urunler\\\/farmasotik-hammaddeler\\\/takviye-edici-gida-bilesenleri\\\/guggul-ekstrakti\\\/#primaryimage\"},\"thumbnailUrl\":\"https:\\\/\\\/naturalpoland.com\\\/wp-content\\\/uploads\\\/2021\\\/05\\\/guggul-extract.jpg\",\"datePublished\":\"2021-05-11T11:39:24+00:00\",\"dateModified\":\"2025-12-22T11:33:01+00:00\",\"description\":\"Guggul ekstrakt\u0131, Hindistan k\u00f6kenli re\u00e7ineden elde edilen do\u011fal bir \u00fcr\u00fcnd\u00fcr. Kandaki glukoz seviyesini uygun d\u00fczeyde tutma \u00f6zelliklerine sahiptir.\",\"breadcrumb\":{\"@id\":\"https:\\\/\\\/naturalpoland.com\\\/tr\\\/urunler\\\/farmasotik-hammaddeler\\\/takviye-edici-gida-bilesenleri\\\/guggul-ekstrakti\\\/#breadcrumb\"},\"inLanguage\":\"tr\",\"potentialAction\":[{\"@type\":\"ReadAction\",\"target\":[\"https:\\\/\\\/naturalpoland.com\\\/tr\\\/urunler\\\/farmasotik-hammaddeler\\\/takviye-edici-gida-bilesenleri\\\/guggul-ekstrakti\\\/\"]}]},{\"@type\":\"ImageObject\",\"inLanguage\":\"tr\",\"@id\":\"https:\\\/\\\/naturalpoland.com\\\/tr\\\/urunler\\\/farmasotik-hammaddeler\\\/takviye-edici-gida-bilesenleri\\\/guggul-ekstrakti\\\/#primaryimage\",\"url\":\"https:\\\/\\\/naturalpoland.com\\\/wp-content\\\/uploads\\\/2021\\\/05\\\/guggul-extract.jpg\",\"contentUrl\":\"https:\\\/\\\/naturalpoland.com\\\/wp-content\\\/uploads\\\/2021\\\/05\\\/guggul-extract.jpg\",\"width\":423,\"height\":283,\"caption\":\"Guggul Ekstrakt\u0131\"},{\"@type\":\"BreadcrumbList\",\"@id\":\"https:\\\/\\\/naturalpoland.com\\\/tr\\\/urunler\\\/farmasotik-hammaddeler\\\/takviye-edici-gida-bilesenleri\\\/guggul-ekstrakti\\\/#breadcrumb\",\"itemListElement\":[{\"@type\":\"ListItem\",\"position\":1,\"name\":\"Ana Sayfa\",\"item\":\"https:\\\/\\\/naturalpoland.com\\\/tr\\\/\"},{\"@type\":\"ListItem\",\"position\":2,\"name\":\"\u00dcr\u00fcnler\",\"item\":\"https:\\\/\\\/naturalpoland.com\\\/tr\\\/urunler\\\/\"},{\"@type\":\"ListItem\",\"position\":3,\"name\":\"Guggul Ekstrakt\u0131\"}]},{\"@type\":\"WebSite\",\"@id\":\"https:\\\/\\\/naturalpoland.com\\\/tr\\\/#website\",\"url\":\"https:\\\/\\\/naturalpoland.com\\\/tr\\\/\",\"name\":\"NATURAL POLAND - Hurtowy Dystrybutor Surowc\u00f3w\",\"description\":\"Surowce dla przemys\u0142u spo\u017cywczego, kosmetycznego i farmaceutycznego\",\"publisher\":{\"@id\":\"https:\\\/\\\/naturalpoland.com\\\/tr\\\/#organization\"},\"potentialAction\":[{\"@type\":\"SearchAction\",\"target\":{\"@type\":\"EntryPoint\",\"urlTemplate\":\"https:\\\/\\\/naturalpoland.com\\\/tr\\\/?s={search_term_string}\"},\"query-input\":{\"@type\":\"PropertyValueSpecification\",\"valueRequired\":true,\"valueName\":\"search_term_string\"}}],\"inLanguage\":\"tr\"},{\"@type\":\"Organization\",\"@id\":\"https:\\\/\\\/naturalpoland.com\\\/tr\\\/#organization\",\"name\":\"Natural Poland\",\"url\":\"https:\\\/\\\/naturalpoland.com\\\/tr\\\/\",\"logo\":{\"@type\":\"ImageObject\",\"inLanguage\":\"tr\",\"@id\":\"https:\\\/\\\/naturalpoland.com\\\/tr\\\/#\\\/schema\\\/logo\\\/image\\\/\",\"url\":\"https:\\\/\\\/naturalpoland.com\\\/wp-content\\\/uploads\\\/2021\\\/05\\\/natural-poland-icon.png\",\"contentUrl\":\"https:\\\/\\\/naturalpoland.com\\\/wp-content\\\/uploads\\\/2021\\\/05\\\/natural-poland-icon.png\",\"width\":512,\"height\":512,\"caption\":\"Natural Poland\"},\"image\":{\"@id\":\"https:\\\/\\\/naturalpoland.com\\\/tr\\\/#\\\/schema\\\/logo\\\/image\\\/\"},\"sameAs\":[\"https:\\\/\\\/www.facebook.com\\\/naturalpoland.b2b\",\"https:\\\/\\\/pl.linkedin.com\\\/company\\\/natural-poland\",\"https:\\\/\\\/www.youtube.com\\\/channel\\\/UCgeGGkvOMahZo-xu_MSEWxg\"]}]}<\/script>\n<!-- \/ Yoast SEO plugin. -->","yoast_head_json":{"title":"Guggul Ekstrakt\u0131 - Hurtowy Dystrybutor","description":"Guggul ekstrakt\u0131, Hindistan k\u00f6kenli re\u00e7ineden elde edilen do\u011fal bir \u00fcr\u00fcnd\u00fcr. Kandaki glukoz seviyesini uygun d\u00fczeyde tutma \u00f6zelliklerine sahiptir.","robots":{"index":"index","follow":"follow","max-snippet":"max-snippet:-1","max-image-preview":"max-image-preview:large","max-video-preview":"max-video-preview:-1"},"canonical":"https:\/\/naturalpoland.com\/tr\/urunler\/farmasotik-hammaddeler\/takviye-edici-gida-bilesenleri\/guggul-ekstrakti\/","og_locale":"tr_TR","og_type":"article","og_title":"Guggul Ekstrakt\u0131 - Hurtowy Dystrybutor","og_description":"Guggul ekstrakt\u0131, Hindistan k\u00f6kenli re\u00e7ineden elde edilen do\u011fal bir \u00fcr\u00fcnd\u00fcr. Kandaki glukoz seviyesini uygun d\u00fczeyde tutma \u00f6zelliklerine sahiptir.","og_url":"https:\/\/naturalpoland.com\/tr\/urunler\/farmasotik-hammaddeler\/takviye-edici-gida-bilesenleri\/guggul-ekstrakti\/","og_site_name":"NATURAL POLAND - Hurtowy Dystrybutor Surowc\u00f3w","article_publisher":"https:\/\/www.facebook.com\/naturalpoland.b2b","article_modified_time":"2025-12-22T11:33:01+00:00","og_image":[{"width":423,"height":283,"url":"https:\/\/naturalpoland.com\/wp-content\/uploads\/2021\/05\/guggul-extract.jpg","type":"image\/jpeg"}],"schema":{"@context":"https:\/\/schema.org","@graph":[{"@type":"WebPage","@id":"https:\/\/naturalpoland.com\/tr\/urunler\/farmasotik-hammaddeler\/takviye-edici-gida-bilesenleri\/guggul-ekstrakti\/","url":"https:\/\/naturalpoland.com\/tr\/urunler\/farmasotik-hammaddeler\/takviye-edici-gida-bilesenleri\/guggul-ekstrakti\/","name":"Guggul Ekstrakt\u0131 - Hurtowy Dystrybutor","isPartOf":{"@id":"https:\/\/naturalpoland.com\/tr\/#website"},"primaryImageOfPage":{"@id":"https:\/\/naturalpoland.com\/tr\/urunler\/farmasotik-hammaddeler\/takviye-edici-gida-bilesenleri\/guggul-ekstrakti\/#primaryimage"},"image":{"@id":"https:\/\/naturalpoland.com\/tr\/urunler\/farmasotik-hammaddeler\/takviye-edici-gida-bilesenleri\/guggul-ekstrakti\/#primaryimage"},"thumbnailUrl":"https:\/\/naturalpoland.com\/wp-content\/uploads\/2021\/05\/guggul-extract.jpg","datePublished":"2021-05-11T11:39:24+00:00","dateModified":"2025-12-22T11:33:01+00:00","description":"Guggul ekstrakt\u0131, Hindistan k\u00f6kenli re\u00e7ineden elde edilen do\u011fal bir \u00fcr\u00fcnd\u00fcr. Kandaki glukoz seviyesini uygun d\u00fczeyde tutma \u00f6zelliklerine sahiptir.","breadcrumb":{"@id":"https:\/\/naturalpoland.com\/tr\/urunler\/farmasotik-hammaddeler\/takviye-edici-gida-bilesenleri\/guggul-ekstrakti\/#breadcrumb"},"inLanguage":"tr","potentialAction":[{"@type":"ReadAction","target":["https:\/\/naturalpoland.com\/tr\/urunler\/farmasotik-hammaddeler\/takviye-edici-gida-bilesenleri\/guggul-ekstrakti\/"]}]},{"@type":"ImageObject","inLanguage":"tr","@id":"https:\/\/naturalpoland.com\/tr\/urunler\/farmasotik-hammaddeler\/takviye-edici-gida-bilesenleri\/guggul-ekstrakti\/#primaryimage","url":"https:\/\/naturalpoland.com\/wp-content\/uploads\/2021\/05\/guggul-extract.jpg","contentUrl":"https:\/\/naturalpoland.com\/wp-content\/uploads\/2021\/05\/guggul-extract.jpg","width":423,"height":283,"caption":"Guggul Ekstrakt\u0131"},{"@type":"BreadcrumbList","@id":"https:\/\/naturalpoland.com\/tr\/urunler\/farmasotik-hammaddeler\/takviye-edici-gida-bilesenleri\/guggul-ekstrakti\/#breadcrumb","itemListElement":[{"@type":"ListItem","position":1,"name":"Ana Sayfa","item":"https:\/\/naturalpoland.com\/tr\/"},{"@type":"ListItem","position":2,"name":"\u00dcr\u00fcnler","item":"https:\/\/naturalpoland.com\/tr\/urunler\/"},{"@type":"ListItem","position":3,"name":"Guggul Ekstrakt\u0131"}]},{"@type":"WebSite","@id":"https:\/\/naturalpoland.com\/tr\/#website","url":"https:\/\/naturalpoland.com\/tr\/","name":"NATURAL POLAND - Hurtowy Dystrybutor Surowc\u00f3w","description":"Surowce dla przemys\u0142u spo\u017cywczego, kosmetycznego i farmaceutycznego","publisher":{"@id":"https:\/\/naturalpoland.com\/tr\/#organization"},"potentialAction":[{"@type":"SearchAction","target":{"@type":"EntryPoint","urlTemplate":"https:\/\/naturalpoland.com\/tr\/?s={search_term_string}"},"query-input":{"@type":"PropertyValueSpecification","valueRequired":true,"valueName":"search_term_string"}}],"inLanguage":"tr"},{"@type":"Organization","@id":"https:\/\/naturalpoland.com\/tr\/#organization","name":"Natural Poland","url":"https:\/\/naturalpoland.com\/tr\/","logo":{"@type":"ImageObject","inLanguage":"tr","@id":"https:\/\/naturalpoland.com\/tr\/#\/schema\/logo\/image\/","url":"https:\/\/naturalpoland.com\/wp-content\/uploads\/2021\/05\/natural-poland-icon.png","contentUrl":"https:\/\/naturalpoland.com\/wp-content\/uploads\/2021\/05\/natural-poland-icon.png","width":512,"height":512,"caption":"Natural Poland"},"image":{"@id":"https:\/\/naturalpoland.com\/tr\/#\/schema\/logo\/image\/"},"sameAs":["https:\/\/www.facebook.com\/naturalpoland.b2b","https:\/\/pl.linkedin.com\/company\/natural-poland","https:\/\/www.youtube.com\/channel\/UCgeGGkvOMahZo-xu_MSEWxg"]}]}},"_links":{"self":[{"href":"https:\/\/naturalpoland.com\/tr\/wp-json\/wp\/v2\/product\/44528","targetHints":{"allow":["GET"]}}],"collection":[{"href":"https:\/\/naturalpoland.com\/tr\/wp-json\/wp\/v2\/product"}],"about":[{"href":"https:\/\/naturalpoland.com\/tr\/wp-json\/wp\/v2\/types\/product"}],"wp:featuredmedia":[{"embeddable":true,"href":"https:\/\/naturalpoland.com\/tr\/wp-json\/wp\/v2\/media\/44529"}],"wp:attachment":[{"href":"https:\/\/naturalpoland.com\/tr\/wp-json\/wp\/v2\/media?parent=44528"}],"wp:term":[{"taxonomy":"product_brand","embeddable":true,"href":"https:\/\/naturalpoland.com\/tr\/wp-json\/wp\/v2\/product_brand?post=44528"},{"taxonomy":"product_cat","embeddable":true,"href":"https:\/\/naturalpoland.com\/tr\/wp-json\/wp\/v2\/product_cat?post=44528"},{"taxonomy":"product_tag","embeddable":true,"href":"https:\/\/naturalpoland.com\/tr\/wp-json\/wp\/v2\/product_tag?post=44528"}],"curies":[{"name":"wp","href":"https:\/\/api.w.org\/{rel}","templated":true}]}}