{"id":44532,"date":"2021-05-11T13:44:34","date_gmt":"2021-05-11T11:44:34","guid":{"rendered":"https:\/\/naturalpoland.com\/produkty\/kategorilenmemis\/klorofilin-bakir-kompleksi\/"},"modified":"2025-12-22T12:35:00","modified_gmt":"2025-12-22T11:35:00","slug":"klorofilin-bakir-kompleksi","status":"publish","type":"product","link":"https:\/\/naturalpoland.com\/tr\/urunler\/farmasotik-hammaddeler\/takviye-edici-gida-bilesenleri\/klorofilin-bakir-kompleksi\/","title":{"rendered":"Klorofilin bak\u0131r kompleksi"},"content":{"rendered":"<p>Klorofilin bak\u0131r kompleksinin elde edilme s\u00fcrecinde klorofilde do\u011fal olarak bulunan magnezyum, bak\u0131r iyonlar\u0131 ile de\u011fi\u015ftirilir. Bu, daha y\u00fcksek dayan\u0131kl\u0131l\u0131k ve suda \u00e7\u00f6z\u00fcn\u00fcrl\u00fck sa\u011flar. Sunulan hammaddede ba\u015flang\u0131\u00e7 materyali <strong>Morus alba L<\/strong>. (beyaz dut) olup, \u00fcr\u00fcn formu karakteristik kokuya sahip ve pH de\u011feri 9,5\u201310,7 aral\u0131\u011f\u0131nda olan koyu ye\u015fil, ince \u00f6\u011f\u00fct\u00fclm\u00fc\u015f tozdur.   <\/p>\n<h2>\u00d6zellikler ve faydalar<\/h2>\n<p>Klorofilin bak\u0131r kompleksi y\u00fcksek \u015felatl\u0131 bak\u0131r i\u00e7eri\u011fi (min. %4) ve toplam bak\u0131r i\u00e7eri\u011fi (min. %4,25) ile karakterize edilir. \u00dcr\u00fcn g\u00fc\u00e7l\u00fc antioksidan \u00f6zellikler g\u00f6sterir, <strong>v\u00fccut detoksifikasyonunu<\/strong> destekler ve cildin do\u011fal koruma mekanizmalar\u0131n\u0131 g\u00fc\u00e7lendirir. Bak\u0131r i\u00e7eri\u011fi sayesinde cildin rejenerasyon s\u00fcre\u00e7lerine kat\u0131labilir, ayr\u0131ca kolajen ve elastin \u00fcretimini destekleyebilir.  <\/p>\n<p>Ayr\u0131ca deodorize edici etki g\u00f6sterir \u2013 <strong>v\u00fccut kokular\u0131n\u0131 n\u00f6tralize eder<\/strong>, bu nedenle stoma sorunlar\u0131, idrar ka\u00e7\u0131rma veya a\u015f\u0131r\u0131 terleme problemi ya\u015fayan ki\u015filerde s\u0131kl\u0131kla kullan\u0131l\u0131r. Besin takviyelerinde toksin eliminasyonunu destekleyici ve genel v\u00fccut kondisyonunu iyile\u015ftirici olarak etki edebilir. <\/p>\n<h2>Kullan\u0131m alanlar\u0131<\/h2>\n<ul>\n<li><strong>Kozmetikler<\/strong>: cildi temizleyen, detoksifiye eden ve yenileyen \u00fcr\u00fcnlerde pigment ve aktif bile\u015fen olarak.<\/li>\n<li><strong>Besin takviyeleri<\/strong>: detoksifiye edici, antioksidan, ba\u011f\u0131rsak mikrofloras\u0131n\u0131 destekleyici ve v\u00fccut kokular\u0131n\u0131 n\u00f6tralize edici bile\u015fen olarak.<\/li>\n<li><strong>G\u0131da end\u00fcstrisi<\/strong>: \u00f6zellikle \u00e7ocuk \u00fcr\u00fcnleri, i\u00e7ecekler, \u015fekerlemeler veya \u00e7\u00f6z\u00fcn\u00fcr takviyelerde <strong>ye\u015fil pigment E141<\/strong> olarak kullan\u0131l\u0131r.<\/li>\n<li><strong>Farmas\u00f6tik ve hijyen \u00fcr\u00fcnleri<\/strong>: iyile\u015fmeyi destekler, k\u00f6t\u00fc kokular\u0131 giderir ve yat\u0131\u015ft\u0131r\u0131c\u0131 \u00f6zelliklere sahiptir.<\/li>\n<\/ul>\n","protected":false},"excerpt":{"rendered":"<p>Klorofilin bak\u0131r kompleksi, bitkilerde bulunan ye\u015fil <a href=\"https:\/\/naturalpoland.com\/tr\/urunler\/kozmetik-hammaddeleri\/kozmetik-boyalar\/dogal-kaynakli-boyalar\/\">pigment<\/a> olan klorofil baz\u0131nda elde edilen do\u011fal k\u00f6kenli yar\u0131 sentetik bir bile\u015fiktir.<\/p>\n","protected":false},"featured_media":44534,"template":"","meta":{"_acf_changed":false},"product_brand":[],"product_cat":[9540],"product_tag":[],"class_list":{"0":"post-44532","1":"product","2":"type-product","3":"status-publish","4":"has-post-thumbnail","6":"product_cat-takviye-edici-gida-bilesenleri","8":"first","9":"instock","10":"shipping-taxable","11":"product-type-simple"},"acf":[],"yoast_head":"<!-- This site is optimized with the Yoast SEO plugin v27.6 - https:\/\/yoast.com\/product\/yoast-seo-wordpress\/ -->\n<title>Klorofilin bak\u0131r kompleksi - Hurtowy Dystrybutor<\/title>\n<meta name=\"description\" content=\"Klorofilin bak\u0131r kompleksi, bitkilerde bulunan ye\u015fil pigment olan klorofil baz\u0131nda elde edilen do\u011fal k\u00f6kenli yar\u0131 sentetik bir bile\u015fiktir.\" \/>\n<meta name=\"robots\" content=\"index, follow, max-snippet:-1, max-image-preview:large, max-video-preview:-1\" \/>\n<link rel=\"canonical\" href=\"https:\/\/naturalpoland.com\/tr\/urunler\/farmasotik-hammaddeler\/takviye-edici-gida-bilesenleri\/klorofilin-bakir-kompleksi\/\" \/>\n<meta property=\"og:locale\" content=\"tr_TR\" \/>\n<meta property=\"og:type\" content=\"article\" \/>\n<meta property=\"og:title\" content=\"Klorofilin bak\u0131r kompleksi - Hurtowy Dystrybutor\" \/>\n<meta property=\"og:description\" content=\"Klorofilin bak\u0131r kompleksi, bitkilerde bulunan ye\u015fil pigment olan klorofil baz\u0131nda elde edilen do\u011fal k\u00f6kenli yar\u0131 sentetik bir bile\u015fiktir.\" \/>\n<meta property=\"og:url\" content=\"https:\/\/naturalpoland.com\/tr\/urunler\/farmasotik-hammaddeler\/takviye-edici-gida-bilesenleri\/klorofilin-bakir-kompleksi\/\" \/>\n<meta property=\"og:site_name\" content=\"NATURAL POLAND - Hurtowy Dystrybutor Surowc\u00f3w\" \/>\n<meta property=\"article:publisher\" content=\"https:\/\/www.facebook.com\/naturalpoland.b2b\" \/>\n<meta property=\"article:modified_time\" content=\"2025-12-22T11:35:00+00:00\" \/>\n<meta property=\"og:image\" content=\"https:\/\/naturalpoland.com\/wp-content\/uploads\/kompleks-miedziowy-chlorofilu.webp\" \/>\n\t<meta property=\"og:image:width\" content=\"1024\" \/>\n\t<meta property=\"og:image:height\" content=\"1024\" \/>\n\t<meta property=\"og:image:type\" content=\"image\/webp\" \/>\n<script type=\"application\/ld+json\" class=\"yoast-schema-graph\">{\"@context\":\"https:\\\/\\\/schema.org\",\"@graph\":[{\"@type\":\"WebPage\",\"@id\":\"https:\\\/\\\/naturalpoland.com\\\/tr\\\/urunler\\\/farmasotik-hammaddeler\\\/takviye-edici-gida-bilesenleri\\\/klorofilin-bakir-kompleksi\\\/\",\"url\":\"https:\\\/\\\/naturalpoland.com\\\/tr\\\/urunler\\\/farmasotik-hammaddeler\\\/takviye-edici-gida-bilesenleri\\\/klorofilin-bakir-kompleksi\\\/\",\"name\":\"Klorofilin bak\u0131r kompleksi - Hurtowy Dystrybutor\",\"isPartOf\":{\"@id\":\"https:\\\/\\\/naturalpoland.com\\\/tr\\\/#website\"},\"primaryImageOfPage\":{\"@id\":\"https:\\\/\\\/naturalpoland.com\\\/tr\\\/urunler\\\/farmasotik-hammaddeler\\\/takviye-edici-gida-bilesenleri\\\/klorofilin-bakir-kompleksi\\\/#primaryimage\"},\"image\":{\"@id\":\"https:\\\/\\\/naturalpoland.com\\\/tr\\\/urunler\\\/farmasotik-hammaddeler\\\/takviye-edici-gida-bilesenleri\\\/klorofilin-bakir-kompleksi\\\/#primaryimage\"},\"thumbnailUrl\":\"https:\\\/\\\/naturalpoland.com\\\/wp-content\\\/uploads\\\/kompleks-miedziowy-chlorofilu.webp\",\"datePublished\":\"2021-05-11T11:44:34+00:00\",\"dateModified\":\"2025-12-22T11:35:00+00:00\",\"description\":\"Klorofilin bak\u0131r kompleksi, bitkilerde bulunan ye\u015fil pigment olan klorofil baz\u0131nda elde edilen do\u011fal k\u00f6kenli yar\u0131 sentetik bir bile\u015fiktir.\",\"breadcrumb\":{\"@id\":\"https:\\\/\\\/naturalpoland.com\\\/tr\\\/urunler\\\/farmasotik-hammaddeler\\\/takviye-edici-gida-bilesenleri\\\/klorofilin-bakir-kompleksi\\\/#breadcrumb\"},\"inLanguage\":\"tr\",\"potentialAction\":[{\"@type\":\"ReadAction\",\"target\":[\"https:\\\/\\\/naturalpoland.com\\\/tr\\\/urunler\\\/farmasotik-hammaddeler\\\/takviye-edici-gida-bilesenleri\\\/klorofilin-bakir-kompleksi\\\/\"]}]},{\"@type\":\"ImageObject\",\"inLanguage\":\"tr\",\"@id\":\"https:\\\/\\\/naturalpoland.com\\\/tr\\\/urunler\\\/farmasotik-hammaddeler\\\/takviye-edici-gida-bilesenleri\\\/klorofilin-bakir-kompleksi\\\/#primaryimage\",\"url\":\"https:\\\/\\\/naturalpoland.com\\\/wp-content\\\/uploads\\\/kompleks-miedziowy-chlorofilu.webp\",\"contentUrl\":\"https:\\\/\\\/naturalpoland.com\\\/wp-content\\\/uploads\\\/kompleks-miedziowy-chlorofilu.webp\",\"width\":1024,\"height\":1024,\"caption\":\"Klorofilin bak\u0131r kompleksi\"},{\"@type\":\"BreadcrumbList\",\"@id\":\"https:\\\/\\\/naturalpoland.com\\\/tr\\\/urunler\\\/farmasotik-hammaddeler\\\/takviye-edici-gida-bilesenleri\\\/klorofilin-bakir-kompleksi\\\/#breadcrumb\",\"itemListElement\":[{\"@type\":\"ListItem\",\"position\":1,\"name\":\"Ana Sayfa\",\"item\":\"https:\\\/\\\/naturalpoland.com\\\/tr\\\/\"},{\"@type\":\"ListItem\",\"position\":2,\"name\":\"\u00dcr\u00fcnler\",\"item\":\"https:\\\/\\\/naturalpoland.com\\\/tr\\\/urunler\\\/\"},{\"@type\":\"ListItem\",\"position\":3,\"name\":\"Klorofilin bak\u0131r kompleksi\"}]},{\"@type\":\"WebSite\",\"@id\":\"https:\\\/\\\/naturalpoland.com\\\/tr\\\/#website\",\"url\":\"https:\\\/\\\/naturalpoland.com\\\/tr\\\/\",\"name\":\"NATURAL POLAND - Hurtowy Dystrybutor Surowc\u00f3w\",\"description\":\"Surowce dla przemys\u0142u spo\u017cywczego, kosmetycznego i farmaceutycznego\",\"publisher\":{\"@id\":\"https:\\\/\\\/naturalpoland.com\\\/tr\\\/#organization\"},\"potentialAction\":[{\"@type\":\"SearchAction\",\"target\":{\"@type\":\"EntryPoint\",\"urlTemplate\":\"https:\\\/\\\/naturalpoland.com\\\/tr\\\/?s={search_term_string}\"},\"query-input\":{\"@type\":\"PropertyValueSpecification\",\"valueRequired\":true,\"valueName\":\"search_term_string\"}}],\"inLanguage\":\"tr\"},{\"@type\":\"Organization\",\"@id\":\"https:\\\/\\\/naturalpoland.com\\\/tr\\\/#organization\",\"name\":\"Natural Poland\",\"url\":\"https:\\\/\\\/naturalpoland.com\\\/tr\\\/\",\"logo\":{\"@type\":\"ImageObject\",\"inLanguage\":\"tr\",\"@id\":\"https:\\\/\\\/naturalpoland.com\\\/tr\\\/#\\\/schema\\\/logo\\\/image\\\/\",\"url\":\"https:\\\/\\\/naturalpoland.com\\\/wp-content\\\/uploads\\\/2021\\\/05\\\/natural-poland-icon.png\",\"contentUrl\":\"https:\\\/\\\/naturalpoland.com\\\/wp-content\\\/uploads\\\/2021\\\/05\\\/natural-poland-icon.png\",\"width\":512,\"height\":512,\"caption\":\"Natural Poland\"},\"image\":{\"@id\":\"https:\\\/\\\/naturalpoland.com\\\/tr\\\/#\\\/schema\\\/logo\\\/image\\\/\"},\"sameAs\":[\"https:\\\/\\\/www.facebook.com\\\/naturalpoland.b2b\",\"https:\\\/\\\/pl.linkedin.com\\\/company\\\/natural-poland\",\"https:\\\/\\\/www.youtube.com\\\/channel\\\/UCgeGGkvOMahZo-xu_MSEWxg\"]}]}<\/script>\n<!-- \/ Yoast SEO plugin. -->","yoast_head_json":{"title":"Klorofilin bak\u0131r kompleksi - Hurtowy Dystrybutor","description":"Klorofilin bak\u0131r kompleksi, bitkilerde bulunan ye\u015fil pigment olan klorofil baz\u0131nda elde edilen do\u011fal k\u00f6kenli yar\u0131 sentetik bir bile\u015fiktir.","robots":{"index":"index","follow":"follow","max-snippet":"max-snippet:-1","max-image-preview":"max-image-preview:large","max-video-preview":"max-video-preview:-1"},"canonical":"https:\/\/naturalpoland.com\/tr\/urunler\/farmasotik-hammaddeler\/takviye-edici-gida-bilesenleri\/klorofilin-bakir-kompleksi\/","og_locale":"tr_TR","og_type":"article","og_title":"Klorofilin bak\u0131r kompleksi - Hurtowy Dystrybutor","og_description":"Klorofilin bak\u0131r kompleksi, bitkilerde bulunan ye\u015fil pigment olan klorofil baz\u0131nda elde edilen do\u011fal k\u00f6kenli yar\u0131 sentetik bir bile\u015fiktir.","og_url":"https:\/\/naturalpoland.com\/tr\/urunler\/farmasotik-hammaddeler\/takviye-edici-gida-bilesenleri\/klorofilin-bakir-kompleksi\/","og_site_name":"NATURAL POLAND - Hurtowy Dystrybutor Surowc\u00f3w","article_publisher":"https:\/\/www.facebook.com\/naturalpoland.b2b","article_modified_time":"2025-12-22T11:35:00+00:00","og_image":[{"width":1024,"height":1024,"url":"https:\/\/naturalpoland.com\/wp-content\/uploads\/kompleks-miedziowy-chlorofilu.webp","type":"image\/webp"}],"schema":{"@context":"https:\/\/schema.org","@graph":[{"@type":"WebPage","@id":"https:\/\/naturalpoland.com\/tr\/urunler\/farmasotik-hammaddeler\/takviye-edici-gida-bilesenleri\/klorofilin-bakir-kompleksi\/","url":"https:\/\/naturalpoland.com\/tr\/urunler\/farmasotik-hammaddeler\/takviye-edici-gida-bilesenleri\/klorofilin-bakir-kompleksi\/","name":"Klorofilin bak\u0131r kompleksi - Hurtowy Dystrybutor","isPartOf":{"@id":"https:\/\/naturalpoland.com\/tr\/#website"},"primaryImageOfPage":{"@id":"https:\/\/naturalpoland.com\/tr\/urunler\/farmasotik-hammaddeler\/takviye-edici-gida-bilesenleri\/klorofilin-bakir-kompleksi\/#primaryimage"},"image":{"@id":"https:\/\/naturalpoland.com\/tr\/urunler\/farmasotik-hammaddeler\/takviye-edici-gida-bilesenleri\/klorofilin-bakir-kompleksi\/#primaryimage"},"thumbnailUrl":"https:\/\/naturalpoland.com\/wp-content\/uploads\/kompleks-miedziowy-chlorofilu.webp","datePublished":"2021-05-11T11:44:34+00:00","dateModified":"2025-12-22T11:35:00+00:00","description":"Klorofilin bak\u0131r kompleksi, bitkilerde bulunan ye\u015fil pigment olan klorofil baz\u0131nda elde edilen do\u011fal k\u00f6kenli yar\u0131 sentetik bir bile\u015fiktir.","breadcrumb":{"@id":"https:\/\/naturalpoland.com\/tr\/urunler\/farmasotik-hammaddeler\/takviye-edici-gida-bilesenleri\/klorofilin-bakir-kompleksi\/#breadcrumb"},"inLanguage":"tr","potentialAction":[{"@type":"ReadAction","target":["https:\/\/naturalpoland.com\/tr\/urunler\/farmasotik-hammaddeler\/takviye-edici-gida-bilesenleri\/klorofilin-bakir-kompleksi\/"]}]},{"@type":"ImageObject","inLanguage":"tr","@id":"https:\/\/naturalpoland.com\/tr\/urunler\/farmasotik-hammaddeler\/takviye-edici-gida-bilesenleri\/klorofilin-bakir-kompleksi\/#primaryimage","url":"https:\/\/naturalpoland.com\/wp-content\/uploads\/kompleks-miedziowy-chlorofilu.webp","contentUrl":"https:\/\/naturalpoland.com\/wp-content\/uploads\/kompleks-miedziowy-chlorofilu.webp","width":1024,"height":1024,"caption":"Klorofilin bak\u0131r kompleksi"},{"@type":"BreadcrumbList","@id":"https:\/\/naturalpoland.com\/tr\/urunler\/farmasotik-hammaddeler\/takviye-edici-gida-bilesenleri\/klorofilin-bakir-kompleksi\/#breadcrumb","itemListElement":[{"@type":"ListItem","position":1,"name":"Ana Sayfa","item":"https:\/\/naturalpoland.com\/tr\/"},{"@type":"ListItem","position":2,"name":"\u00dcr\u00fcnler","item":"https:\/\/naturalpoland.com\/tr\/urunler\/"},{"@type":"ListItem","position":3,"name":"Klorofilin bak\u0131r kompleksi"}]},{"@type":"WebSite","@id":"https:\/\/naturalpoland.com\/tr\/#website","url":"https:\/\/naturalpoland.com\/tr\/","name":"NATURAL POLAND - Hurtowy Dystrybutor Surowc\u00f3w","description":"Surowce dla przemys\u0142u spo\u017cywczego, kosmetycznego i farmaceutycznego","publisher":{"@id":"https:\/\/naturalpoland.com\/tr\/#organization"},"potentialAction":[{"@type":"SearchAction","target":{"@type":"EntryPoint","urlTemplate":"https:\/\/naturalpoland.com\/tr\/?s={search_term_string}"},"query-input":{"@type":"PropertyValueSpecification","valueRequired":true,"valueName":"search_term_string"}}],"inLanguage":"tr"},{"@type":"Organization","@id":"https:\/\/naturalpoland.com\/tr\/#organization","name":"Natural Poland","url":"https:\/\/naturalpoland.com\/tr\/","logo":{"@type":"ImageObject","inLanguage":"tr","@id":"https:\/\/naturalpoland.com\/tr\/#\/schema\/logo\/image\/","url":"https:\/\/naturalpoland.com\/wp-content\/uploads\/2021\/05\/natural-poland-icon.png","contentUrl":"https:\/\/naturalpoland.com\/wp-content\/uploads\/2021\/05\/natural-poland-icon.png","width":512,"height":512,"caption":"Natural Poland"},"image":{"@id":"https:\/\/naturalpoland.com\/tr\/#\/schema\/logo\/image\/"},"sameAs":["https:\/\/www.facebook.com\/naturalpoland.b2b","https:\/\/pl.linkedin.com\/company\/natural-poland","https:\/\/www.youtube.com\/channel\/UCgeGGkvOMahZo-xu_MSEWxg"]}]}},"_links":{"self":[{"href":"https:\/\/naturalpoland.com\/tr\/wp-json\/wp\/v2\/product\/44532","targetHints":{"allow":["GET"]}}],"collection":[{"href":"https:\/\/naturalpoland.com\/tr\/wp-json\/wp\/v2\/product"}],"about":[{"href":"https:\/\/naturalpoland.com\/tr\/wp-json\/wp\/v2\/types\/product"}],"wp:featuredmedia":[{"embeddable":true,"href":"https:\/\/naturalpoland.com\/tr\/wp-json\/wp\/v2\/media\/44534"}],"wp:attachment":[{"href":"https:\/\/naturalpoland.com\/tr\/wp-json\/wp\/v2\/media?parent=44532"}],"wp:term":[{"taxonomy":"product_brand","embeddable":true,"href":"https:\/\/naturalpoland.com\/tr\/wp-json\/wp\/v2\/product_brand?post=44532"},{"taxonomy":"product_cat","embeddable":true,"href":"https:\/\/naturalpoland.com\/tr\/wp-json\/wp\/v2\/product_cat?post=44532"},{"taxonomy":"product_tag","embeddable":true,"href":"https:\/\/naturalpoland.com\/tr\/wp-json\/wp\/v2\/product_tag?post=44532"}],"curies":[{"name":"wp","href":"https:\/\/api.w.org\/{rel}","templated":true}]}}