{"id":44537,"date":"2021-05-11T13:42:56","date_gmt":"2021-05-11T11:42:56","guid":{"rendered":"https:\/\/naturalpoland.com\/produkty\/kategorilenmemis\/steviol-glikozitleri-95-reb-a-80-ve-reb-a-60-stevia\/"},"modified":"2025-12-22T12:48:51","modified_gmt":"2025-12-22T11:48:51","slug":"steviol-glikozitleri-95-reb-a-80-ve-reb-a-60-stevia","status":"publish","type":"product","link":"https:\/\/naturalpoland.com\/tr\/urunler\/gida-hammaddeleri\/uretim-hammaddeleri\/steviol-glikozitleri-95-reb-a-80-ve-reb-a-60-stevia\/","title":{"rendered":"Steviol Glikozitleri 95 REB-A 80 ve REB-A 60 (Stevia)"},"content":{"rendered":"<p><strong>REB-A (Rebaudioside A)<\/strong>, steviada bulunan ana steviol glikozitlerinden biridir. En \u00e7ok arzu edilen steviol glikozit olarak kabul edilir, \u00e7\u00fcnk\u00fc di\u011fer steviol glikozitlerinde bulunabilen ac\u0131 notalar\u0131n en az miktar\u0131yla saf, tatl\u0131 bir tada sahiptir. <\/p>\n<p><strong>Steviol Glikozitleri 95 REB-A 80 &#8211; <\/strong>toplam steviol glikozitlerinin %80&#8217;i Rebaudioside A i\u00e7eren bir \u00fcr\u00fcnd\u00fcr. Geri kalan %20 stevia yapraklar\u0131nda bulunan di\u011fer steviol glikozitlerinden olu\u015fur. <\/p>\n<p><strong>Steviol Glikozitleri 95 REB-A 60 &#8211; <\/strong>%60 Rebaudioside A i\u00e7erir ve geri kalan\u0131 (%40) di\u011fer steviol glikozitlerdir.<\/p>\n<h2>Kullan\u0131m:<\/h2>\n<ol>\n<li>G\u0131da \u00fcr\u00fcnlerine, i\u00e7eceklere ve besin takviyelerine eklenen d\u00fc\u015f\u00fck kalorili do\u011fal tatland\u0131r\u0131c\u0131 olarak<\/li>\n<li>Diyabetliler ve diyet yapanlar i\u00e7in sa\u011fl\u0131kl\u0131 bir \u015feker ikamesi olarak<\/li>\n<\/ol>\n<p>&nbsp;<\/p>\n<p>Stevia koruyucu maddeler veya do\u011fal tatl\u0131 tad\u0131n\u0131 olumsuz etkileyebilecek ac\u0131 maddeler i\u00e7ermez. \u00d6nemli olan, stevia hem yeti\u015fkinler hem de \u00e7ocuklar taraf\u0131ndan t\u00fcketilebilir. <span style=\"font-size: 14.4px;\">WHO ve EFSA gibi \u00e7ok say\u0131da sa\u011fl\u0131k kurulu\u015fu taraf\u0131ndan g\u00fcvenli bir \u00fcr\u00fcn olarak kabul edilir ve geni\u015f bir yelpazedeki g\u0131da \u00fcr\u00fcnlerinde kullan\u0131labilir.<\/span>  <\/p>\n","protected":false},"excerpt":{"rendered":"<p>Steviol glikozitleri 95 REB-A 80 ve REB-A 60, yayg\u0131n olarak stevia olarak bilinen, beyaz \u015fekerin bitkisel ikamesidir. Pop\u00fclerliklerini \u00f6zelliklerine bor\u00e7ludurlar. Steviol glikozitleri tatl\u0131d\u0131r ve normal beyaz \u015fekerin sa\u011fl\u0131kl\u0131 ve do\u011fal bir ikamesi olarak kolayca kullan\u0131labilirler.  <\/p>\n","protected":false},"featured_media":44538,"template":"","meta":{"_acf_changed":false},"product_brand":[],"product_cat":[9572],"product_tag":[],"class_list":{"0":"post-44537","1":"product","2":"type-product","3":"status-publish","4":"has-post-thumbnail","6":"product_cat-uretim-hammaddeleri","7":"pa_grupa-substancji-fenoller-ve-polifenoller","9":"first","10":"instock","11":"shipping-taxable","12":"product-type-simple"},"acf":[],"yoast_head":"<!-- This site is optimized with the Yoast SEO plugin v27.5 - https:\/\/yoast.com\/product\/yoast-seo-wordpress\/ -->\n<title>Steviol Glikozitleri 95 REB-A 80 ve REB-A 60 (Stevia) - NATURAL POLAND - Hurtowy Dystrybutor Surowc\u00f3w<\/title>\n<meta name=\"description\" content=\"Steviol glikozitleri 95 REB-A 80 ve REB-A 60, yayg\u0131n olarak stevia olarak bilinen, beyaz \u015fekerin bitkisel ikamesidir.\" \/>\n<meta name=\"robots\" content=\"index, follow, max-snippet:-1, max-image-preview:large, max-video-preview:-1\" \/>\n<link rel=\"canonical\" href=\"https:\/\/naturalpoland.com\/tr\/urunler\/gida-hammaddeleri\/uretim-hammaddeleri\/steviol-glikozitleri-95-reb-a-80-ve-reb-a-60-stevia\/\" \/>\n<meta property=\"og:locale\" content=\"tr_TR\" \/>\n<meta property=\"og:type\" content=\"article\" \/>\n<meta property=\"og:title\" content=\"Steviol Glikozitleri 95 REB-A 80 ve REB-A 60 (Stevia) - NATURAL POLAND - Hurtowy Dystrybutor Surowc\u00f3w\" \/>\n<meta property=\"og:description\" content=\"Steviol glikozitleri 95 REB-A 80 ve REB-A 60, yayg\u0131n olarak stevia olarak bilinen, beyaz \u015fekerin bitkisel ikamesidir.\" \/>\n<meta property=\"og:url\" content=\"https:\/\/naturalpoland.com\/tr\/urunler\/gida-hammaddeleri\/uretim-hammaddeleri\/steviol-glikozitleri-95-reb-a-80-ve-reb-a-60-stevia\/\" \/>\n<meta property=\"og:site_name\" content=\"NATURAL POLAND - Hurtowy Dystrybutor Surowc\u00f3w\" \/>\n<meta property=\"article:publisher\" content=\"https:\/\/www.facebook.com\/naturalpoland.b2b\" \/>\n<meta property=\"article:modified_time\" content=\"2025-12-22T11:48:51+00:00\" \/>\n<meta property=\"og:image\" content=\"https:\/\/naturalpoland.com\/wp-content\/uploads\/2021\/05\/steviol-glycosides-95-reb-a-80-and-reb-a-60-stevia.jpg\" \/>\n\t<meta property=\"og:image:width\" content=\"1688\" \/>\n\t<meta property=\"og:image:height\" content=\"1125\" \/>\n\t<meta property=\"og:image:type\" content=\"image\/jpeg\" \/>\n<script type=\"application\/ld+json\" class=\"yoast-schema-graph\">{\"@context\":\"https:\\\/\\\/schema.org\",\"@graph\":[{\"@type\":\"WebPage\",\"@id\":\"https:\\\/\\\/naturalpoland.com\\\/tr\\\/urunler\\\/gida-hammaddeleri\\\/uretim-hammaddeleri\\\/steviol-glikozitleri-95-reb-a-80-ve-reb-a-60-stevia\\\/\",\"url\":\"https:\\\/\\\/naturalpoland.com\\\/tr\\\/urunler\\\/gida-hammaddeleri\\\/uretim-hammaddeleri\\\/steviol-glikozitleri-95-reb-a-80-ve-reb-a-60-stevia\\\/\",\"name\":\"Steviol Glikozitleri 95 REB-A 80 ve REB-A 60 (Stevia) - NATURAL POLAND - Hurtowy Dystrybutor Surowc\u00f3w\",\"isPartOf\":{\"@id\":\"https:\\\/\\\/naturalpoland.com\\\/tr\\\/#website\"},\"primaryImageOfPage\":{\"@id\":\"https:\\\/\\\/naturalpoland.com\\\/tr\\\/urunler\\\/gida-hammaddeleri\\\/uretim-hammaddeleri\\\/steviol-glikozitleri-95-reb-a-80-ve-reb-a-60-stevia\\\/#primaryimage\"},\"image\":{\"@id\":\"https:\\\/\\\/naturalpoland.com\\\/tr\\\/urunler\\\/gida-hammaddeleri\\\/uretim-hammaddeleri\\\/steviol-glikozitleri-95-reb-a-80-ve-reb-a-60-stevia\\\/#primaryimage\"},\"thumbnailUrl\":\"https:\\\/\\\/naturalpoland.com\\\/wp-content\\\/uploads\\\/2021\\\/05\\\/steviol-glycosides-95-reb-a-80-and-reb-a-60-stevia.jpg\",\"datePublished\":\"2021-05-11T11:42:56+00:00\",\"dateModified\":\"2025-12-22T11:48:51+00:00\",\"description\":\"Steviol glikozitleri 95 REB-A 80 ve REB-A 60, yayg\u0131n olarak stevia olarak bilinen, beyaz \u015fekerin bitkisel ikamesidir.\",\"breadcrumb\":{\"@id\":\"https:\\\/\\\/naturalpoland.com\\\/tr\\\/urunler\\\/gida-hammaddeleri\\\/uretim-hammaddeleri\\\/steviol-glikozitleri-95-reb-a-80-ve-reb-a-60-stevia\\\/#breadcrumb\"},\"inLanguage\":\"tr\",\"potentialAction\":[{\"@type\":\"ReadAction\",\"target\":[\"https:\\\/\\\/naturalpoland.com\\\/tr\\\/urunler\\\/gida-hammaddeleri\\\/uretim-hammaddeleri\\\/steviol-glikozitleri-95-reb-a-80-ve-reb-a-60-stevia\\\/\"]}]},{\"@type\":\"ImageObject\",\"inLanguage\":\"tr\",\"@id\":\"https:\\\/\\\/naturalpoland.com\\\/tr\\\/urunler\\\/gida-hammaddeleri\\\/uretim-hammaddeleri\\\/steviol-glikozitleri-95-reb-a-80-ve-reb-a-60-stevia\\\/#primaryimage\",\"url\":\"https:\\\/\\\/naturalpoland.com\\\/wp-content\\\/uploads\\\/2021\\\/05\\\/steviol-glycosides-95-reb-a-80-and-reb-a-60-stevia.jpg\",\"contentUrl\":\"https:\\\/\\\/naturalpoland.com\\\/wp-content\\\/uploads\\\/2021\\\/05\\\/steviol-glycosides-95-reb-a-80-and-reb-a-60-stevia.jpg\",\"width\":1688,\"height\":1125,\"caption\":\"Steviol Glikozitleri 95 REB-A 80 ve REB-A 60 (Stevia)\"},{\"@type\":\"BreadcrumbList\",\"@id\":\"https:\\\/\\\/naturalpoland.com\\\/tr\\\/urunler\\\/gida-hammaddeleri\\\/uretim-hammaddeleri\\\/steviol-glikozitleri-95-reb-a-80-ve-reb-a-60-stevia\\\/#breadcrumb\",\"itemListElement\":[{\"@type\":\"ListItem\",\"position\":1,\"name\":\"Ana Sayfa\",\"item\":\"https:\\\/\\\/naturalpoland.com\\\/tr\\\/\"},{\"@type\":\"ListItem\",\"position\":2,\"name\":\"\u00dcr\u00fcnler\",\"item\":\"https:\\\/\\\/naturalpoland.com\\\/tr\\\/urunler\\\/\"},{\"@type\":\"ListItem\",\"position\":3,\"name\":\"Steviol Glikozitleri 95 REB-A 80 ve REB-A 60 (Stevia)\"}]},{\"@type\":\"WebSite\",\"@id\":\"https:\\\/\\\/naturalpoland.com\\\/tr\\\/#website\",\"url\":\"https:\\\/\\\/naturalpoland.com\\\/tr\\\/\",\"name\":\"NATURAL POLAND - Hurtowy Dystrybutor Surowc\u00f3w\",\"description\":\"Surowce dla przemys\u0142u spo\u017cywczego, kosmetycznego i farmaceutycznego\",\"publisher\":{\"@id\":\"https:\\\/\\\/naturalpoland.com\\\/tr\\\/#organization\"},\"potentialAction\":[{\"@type\":\"SearchAction\",\"target\":{\"@type\":\"EntryPoint\",\"urlTemplate\":\"https:\\\/\\\/naturalpoland.com\\\/tr\\\/?s={search_term_string}\"},\"query-input\":{\"@type\":\"PropertyValueSpecification\",\"valueRequired\":true,\"valueName\":\"search_term_string\"}}],\"inLanguage\":\"tr\"},{\"@type\":\"Organization\",\"@id\":\"https:\\\/\\\/naturalpoland.com\\\/tr\\\/#organization\",\"name\":\"Natural Poland\",\"url\":\"https:\\\/\\\/naturalpoland.com\\\/tr\\\/\",\"logo\":{\"@type\":\"ImageObject\",\"inLanguage\":\"tr\",\"@id\":\"https:\\\/\\\/naturalpoland.com\\\/tr\\\/#\\\/schema\\\/logo\\\/image\\\/\",\"url\":\"https:\\\/\\\/naturalpoland.com\\\/wp-content\\\/uploads\\\/2021\\\/05\\\/natural-poland-icon.png\",\"contentUrl\":\"https:\\\/\\\/naturalpoland.com\\\/wp-content\\\/uploads\\\/2021\\\/05\\\/natural-poland-icon.png\",\"width\":512,\"height\":512,\"caption\":\"Natural Poland\"},\"image\":{\"@id\":\"https:\\\/\\\/naturalpoland.com\\\/tr\\\/#\\\/schema\\\/logo\\\/image\\\/\"},\"sameAs\":[\"https:\\\/\\\/www.facebook.com\\\/naturalpoland.b2b\",\"https:\\\/\\\/pl.linkedin.com\\\/company\\\/natural-poland\",\"https:\\\/\\\/www.youtube.com\\\/channel\\\/UCgeGGkvOMahZo-xu_MSEWxg\"]}]}<\/script>\n<!-- \/ Yoast SEO plugin. -->","yoast_head_json":{"title":"Steviol Glikozitleri 95 REB-A 80 ve REB-A 60 (Stevia) - NATURAL POLAND - Hurtowy Dystrybutor Surowc\u00f3w","description":"Steviol glikozitleri 95 REB-A 80 ve REB-A 60, yayg\u0131n olarak stevia olarak bilinen, beyaz \u015fekerin bitkisel ikamesidir.","robots":{"index":"index","follow":"follow","max-snippet":"max-snippet:-1","max-image-preview":"max-image-preview:large","max-video-preview":"max-video-preview:-1"},"canonical":"https:\/\/naturalpoland.com\/tr\/urunler\/gida-hammaddeleri\/uretim-hammaddeleri\/steviol-glikozitleri-95-reb-a-80-ve-reb-a-60-stevia\/","og_locale":"tr_TR","og_type":"article","og_title":"Steviol Glikozitleri 95 REB-A 80 ve REB-A 60 (Stevia) - NATURAL POLAND - Hurtowy Dystrybutor Surowc\u00f3w","og_description":"Steviol glikozitleri 95 REB-A 80 ve REB-A 60, yayg\u0131n olarak stevia olarak bilinen, beyaz \u015fekerin bitkisel ikamesidir.","og_url":"https:\/\/naturalpoland.com\/tr\/urunler\/gida-hammaddeleri\/uretim-hammaddeleri\/steviol-glikozitleri-95-reb-a-80-ve-reb-a-60-stevia\/","og_site_name":"NATURAL POLAND - Hurtowy Dystrybutor Surowc\u00f3w","article_publisher":"https:\/\/www.facebook.com\/naturalpoland.b2b","article_modified_time":"2025-12-22T11:48:51+00:00","og_image":[{"width":1688,"height":1125,"url":"https:\/\/naturalpoland.com\/wp-content\/uploads\/2021\/05\/steviol-glycosides-95-reb-a-80-and-reb-a-60-stevia.jpg","type":"image\/jpeg"}],"schema":{"@context":"https:\/\/schema.org","@graph":[{"@type":"WebPage","@id":"https:\/\/naturalpoland.com\/tr\/urunler\/gida-hammaddeleri\/uretim-hammaddeleri\/steviol-glikozitleri-95-reb-a-80-ve-reb-a-60-stevia\/","url":"https:\/\/naturalpoland.com\/tr\/urunler\/gida-hammaddeleri\/uretim-hammaddeleri\/steviol-glikozitleri-95-reb-a-80-ve-reb-a-60-stevia\/","name":"Steviol Glikozitleri 95 REB-A 80 ve REB-A 60 (Stevia) - NATURAL POLAND - Hurtowy Dystrybutor Surowc\u00f3w","isPartOf":{"@id":"https:\/\/naturalpoland.com\/tr\/#website"},"primaryImageOfPage":{"@id":"https:\/\/naturalpoland.com\/tr\/urunler\/gida-hammaddeleri\/uretim-hammaddeleri\/steviol-glikozitleri-95-reb-a-80-ve-reb-a-60-stevia\/#primaryimage"},"image":{"@id":"https:\/\/naturalpoland.com\/tr\/urunler\/gida-hammaddeleri\/uretim-hammaddeleri\/steviol-glikozitleri-95-reb-a-80-ve-reb-a-60-stevia\/#primaryimage"},"thumbnailUrl":"https:\/\/naturalpoland.com\/wp-content\/uploads\/2021\/05\/steviol-glycosides-95-reb-a-80-and-reb-a-60-stevia.jpg","datePublished":"2021-05-11T11:42:56+00:00","dateModified":"2025-12-22T11:48:51+00:00","description":"Steviol glikozitleri 95 REB-A 80 ve REB-A 60, yayg\u0131n olarak stevia olarak bilinen, beyaz \u015fekerin bitkisel ikamesidir.","breadcrumb":{"@id":"https:\/\/naturalpoland.com\/tr\/urunler\/gida-hammaddeleri\/uretim-hammaddeleri\/steviol-glikozitleri-95-reb-a-80-ve-reb-a-60-stevia\/#breadcrumb"},"inLanguage":"tr","potentialAction":[{"@type":"ReadAction","target":["https:\/\/naturalpoland.com\/tr\/urunler\/gida-hammaddeleri\/uretim-hammaddeleri\/steviol-glikozitleri-95-reb-a-80-ve-reb-a-60-stevia\/"]}]},{"@type":"ImageObject","inLanguage":"tr","@id":"https:\/\/naturalpoland.com\/tr\/urunler\/gida-hammaddeleri\/uretim-hammaddeleri\/steviol-glikozitleri-95-reb-a-80-ve-reb-a-60-stevia\/#primaryimage","url":"https:\/\/naturalpoland.com\/wp-content\/uploads\/2021\/05\/steviol-glycosides-95-reb-a-80-and-reb-a-60-stevia.jpg","contentUrl":"https:\/\/naturalpoland.com\/wp-content\/uploads\/2021\/05\/steviol-glycosides-95-reb-a-80-and-reb-a-60-stevia.jpg","width":1688,"height":1125,"caption":"Steviol Glikozitleri 95 REB-A 80 ve REB-A 60 (Stevia)"},{"@type":"BreadcrumbList","@id":"https:\/\/naturalpoland.com\/tr\/urunler\/gida-hammaddeleri\/uretim-hammaddeleri\/steviol-glikozitleri-95-reb-a-80-ve-reb-a-60-stevia\/#breadcrumb","itemListElement":[{"@type":"ListItem","position":1,"name":"Ana Sayfa","item":"https:\/\/naturalpoland.com\/tr\/"},{"@type":"ListItem","position":2,"name":"\u00dcr\u00fcnler","item":"https:\/\/naturalpoland.com\/tr\/urunler\/"},{"@type":"ListItem","position":3,"name":"Steviol Glikozitleri 95 REB-A 80 ve REB-A 60 (Stevia)"}]},{"@type":"WebSite","@id":"https:\/\/naturalpoland.com\/tr\/#website","url":"https:\/\/naturalpoland.com\/tr\/","name":"NATURAL POLAND - Hurtowy Dystrybutor Surowc\u00f3w","description":"Surowce dla przemys\u0142u spo\u017cywczego, kosmetycznego i farmaceutycznego","publisher":{"@id":"https:\/\/naturalpoland.com\/tr\/#organization"},"potentialAction":[{"@type":"SearchAction","target":{"@type":"EntryPoint","urlTemplate":"https:\/\/naturalpoland.com\/tr\/?s={search_term_string}"},"query-input":{"@type":"PropertyValueSpecification","valueRequired":true,"valueName":"search_term_string"}}],"inLanguage":"tr"},{"@type":"Organization","@id":"https:\/\/naturalpoland.com\/tr\/#organization","name":"Natural Poland","url":"https:\/\/naturalpoland.com\/tr\/","logo":{"@type":"ImageObject","inLanguage":"tr","@id":"https:\/\/naturalpoland.com\/tr\/#\/schema\/logo\/image\/","url":"https:\/\/naturalpoland.com\/wp-content\/uploads\/2021\/05\/natural-poland-icon.png","contentUrl":"https:\/\/naturalpoland.com\/wp-content\/uploads\/2021\/05\/natural-poland-icon.png","width":512,"height":512,"caption":"Natural Poland"},"image":{"@id":"https:\/\/naturalpoland.com\/tr\/#\/schema\/logo\/image\/"},"sameAs":["https:\/\/www.facebook.com\/naturalpoland.b2b","https:\/\/pl.linkedin.com\/company\/natural-poland","https:\/\/www.youtube.com\/channel\/UCgeGGkvOMahZo-xu_MSEWxg"]}]}},"_links":{"self":[{"href":"https:\/\/naturalpoland.com\/tr\/wp-json\/wp\/v2\/product\/44537","targetHints":{"allow":["GET"]}}],"collection":[{"href":"https:\/\/naturalpoland.com\/tr\/wp-json\/wp\/v2\/product"}],"about":[{"href":"https:\/\/naturalpoland.com\/tr\/wp-json\/wp\/v2\/types\/product"}],"wp:featuredmedia":[{"embeddable":true,"href":"https:\/\/naturalpoland.com\/tr\/wp-json\/wp\/v2\/media\/44538"}],"wp:attachment":[{"href":"https:\/\/naturalpoland.com\/tr\/wp-json\/wp\/v2\/media?parent=44537"}],"wp:term":[{"taxonomy":"product_brand","embeddable":true,"href":"https:\/\/naturalpoland.com\/tr\/wp-json\/wp\/v2\/product_brand?post=44537"},{"taxonomy":"product_cat","embeddable":true,"href":"https:\/\/naturalpoland.com\/tr\/wp-json\/wp\/v2\/product_cat?post=44537"},{"taxonomy":"product_tag","embeddable":true,"href":"https:\/\/naturalpoland.com\/tr\/wp-json\/wp\/v2\/product_tag?post=44537"}],"curies":[{"name":"wp","href":"https:\/\/api.w.org\/{rel}","templated":true}]}}