{"id":44539,"date":"2022-01-13T14:59:16","date_gmt":"2022-01-13T13:59:16","guid":{"rendered":"https:\/\/naturalpoland.com\/produkty\/kategorilenmemis\/olu-deniz-tuzu\/"},"modified":"2025-12-22T12:50:03","modified_gmt":"2025-12-22T11:50:03","slug":"olu-deniz-tuzu","status":"publish","type":"product","link":"https:\/\/naturalpoland.com\/tr\/urunler\/kozmetik-hammaddeleri\/kozmetik-hammaddeleri-2\/olu-deniz-tuzu\/","title":{"rendered":"\u00d6l\u00fc Deniz Tuzu"},"content":{"rendered":"<h2>\u00d6l\u00fc Deniz Tuzunun \u00d6zellikleri ve Kullan\u0131m\u0131:<\/h2>\n<ol>\n<li>Tuzda bulunan mineraller <strong>cilt i\u00e7in terap\u00f6tik etki g\u00f6sterir<\/strong>. Cildin yenilenmesini ve nemlendirilmesini destekler, kuruluk ve k\u0131zar\u0131kl\u0131k belirtilerini hafifletir ve yenilenme s\u00fcre\u00e7lerini destekler. Tuzlu banyolar iltihab\u0131 azaltmaya yard\u0131mc\u0131 olur ve sedef hastal\u0131\u011f\u0131 ile egzaman\u0131n tedavisini destekler.  <\/li>\n<li><strong>Tuzlu banyolar rahatlamaya yard\u0131mc\u0131 olur<\/strong>, kas a\u011fr\u0131lar\u0131, romatizma ve \u00f6demle m\u00fccadelede etkilidir. K\u00fcvette \u00e7\u00f6z\u00fcnen tuz, v\u00fccudu rahatlatan, tansiyonu d\u00fc\u015f\u00fcren ve fiziksel aktivite sonras\u0131 toparlanmay\u0131 destekleyen mineral a\u00e7\u0131s\u0131ndan zengin bir sol\u00fcsyon olu\u015fturur. <\/li>\n<li>\u00d6l\u00fc Deniz Tuzu <strong>sa\u00e7 bak\u0131m\u0131nda<\/strong> kullan\u0131ld\u0131\u011f\u0131nda kafa derisinin a\u015f\u0131r\u0131 ya\u011flanmas\u0131n\u0131 azalt\u0131r, \u00f6l\u00fc deriyi ve kirleri temizlemeye yard\u0131mc\u0131 olur ve sa\u00e7 k\u00f6klerini g\u00fc\u00e7lendirir.<\/li>\n<li>Tuz, do\u011fal bir <strong>y\u00fcz ve v\u00fccut peelingi<\/strong> olarak kullan\u0131labilir. \u00d6l\u00fc deri h\u00fccrelerini ar\u0131nd\u0131rmaya, g\u00f6zenekleri a\u00e7maya ve cilde p\u00fcr\u00fczs\u00fczl\u00fck ve parlakl\u0131k kazand\u0131rmaya yard\u0131mc\u0131 olur. <\/li>\n<li><strong>Ayak banyosu<\/strong> yapmak antifungal ve antiseptik etki g\u00f6sterir, t\u0131rnaklar\u0131 g\u00fc\u00e7lendirir. Ayr\u0131ca bu banyolar yorgun ayaklara rahatlama sa\u011flar. <\/li>\n<\/ol>\n<p>Do\u011fal \u00d6l\u00fc Deniz Tuzu %53 magnezyum klor\u00fcr ve %37 potasyum klor\u00fcr i\u00e7erir, ayr\u0131ca sinir sistemini sakinle\u015ftiren ve iyi hissetmeyi sa\u011flayan brom\u00fcrler i\u00e7erir. Ara\u015ft\u0131rmalar, tuzlu banyolar\u0131n cildin koruyucu bariyerini g\u00fc\u00e7lendirdi\u011fini ve \u00fcst tabakas\u0131n\u0131n nemini art\u0131rd\u0131\u011f\u0131n\u0131 do\u011frulam\u0131\u015ft\u0131r. <\/p>\n","protected":false},"excerpt":{"rendered":"<p><strong>\u00d6l\u00fc Deniz Tuzu<\/strong>, kalsiyum, magnezyum, potasyum, demir, mangan ve \u00e7inko gibi de\u011ferli mineraller bak\u0131m\u0131ndan zengin, do\u011fal, rafine edilmemi\u015f bir \u00fcr\u00fcnd\u00fcr. Bu mineraller cildi g\u00fc\u00e7lendirmeye ve sedef hastal\u0131\u011f\u0131, egzama, akne ve a\u015f\u0131r\u0131 ya\u011flanma gibi dermatolojik sorunlar\u0131 hafifletmeye yard\u0131mc\u0131 olur. \u00d6l\u00fc Deniz Tuzundaki y\u00fcksek magnezyum klor\u00fcr konsantrasyonu g\u00fc\u00e7l\u00fc temizleyici ve antibakteriyel \u00f6zelliklere sahiptir.  <\/p>\n","protected":false},"featured_media":44540,"template":"","meta":{"_acf_changed":false},"product_brand":[],"product_cat":[9534,9557],"product_tag":[],"class_list":{"0":"post-44539","1":"product","2":"type-product","3":"status-publish","4":"has-post-thumbnail","6":"product_cat-hazir-urunler","7":"product_cat-kozmetik-hammaddeleri-2","9":"first","10":"instock","11":"shipping-taxable","12":"product-type-simple"},"acf":[],"yoast_head":"<!-- This site is optimized with the Yoast SEO plugin v27.6 - https:\/\/yoast.com\/product\/yoast-seo-wordpress\/ -->\n<title>\u00d6l\u00fc Deniz Tuzu - NATURAL POLAND - Hurtowy Dystrybutor Surowc\u00f3w<\/title>\n<meta name=\"description\" content=\"\u00d6l\u00fc Deniz Tuzu rahatlat\u0131c\u0131 banyolar, kozmetik \u00fcr\u00fcnler ve sorunlu cilt bak\u0131m\u0131 i\u00e7in kullan\u0131l\u0131r.\" \/>\n<meta name=\"robots\" content=\"index, follow, max-snippet:-1, max-image-preview:large, max-video-preview:-1\" \/>\n<link rel=\"canonical\" href=\"https:\/\/naturalpoland.com\/tr\/urunler\/kozmetik-hammaddeleri\/kozmetik-hammaddeleri-2\/olu-deniz-tuzu\/\" \/>\n<meta property=\"og:locale\" content=\"tr_TR\" \/>\n<meta property=\"og:type\" content=\"article\" \/>\n<meta property=\"og:title\" content=\"\u00d6l\u00fc Deniz Tuzu - NATURAL POLAND - Hurtowy Dystrybutor Surowc\u00f3w\" \/>\n<meta property=\"og:description\" content=\"\u00d6l\u00fc Deniz Tuzu rahatlat\u0131c\u0131 banyolar, kozmetik \u00fcr\u00fcnler ve sorunlu cilt bak\u0131m\u0131 i\u00e7in kullan\u0131l\u0131r.\" \/>\n<meta property=\"og:url\" content=\"https:\/\/naturalpoland.com\/tr\/urunler\/kozmetik-hammaddeleri\/kozmetik-hammaddeleri-2\/olu-deniz-tuzu\/\" \/>\n<meta property=\"og:site_name\" content=\"NATURAL POLAND - Hurtowy Dystrybutor Surowc\u00f3w\" \/>\n<meta property=\"article:publisher\" content=\"https:\/\/www.facebook.com\/naturalpoland.b2b\" \/>\n<meta property=\"article:modified_time\" content=\"2025-12-22T11:50:03+00:00\" \/>\n<meta property=\"og:image\" content=\"https:\/\/naturalpoland.com\/wp-content\/uploads\/sol-z-morza-martwego.jpg\" \/>\n\t<meta property=\"og:image:width\" content=\"650\" \/>\n\t<meta property=\"og:image:height\" content=\"650\" \/>\n\t<meta property=\"og:image:type\" content=\"image\/jpeg\" \/>\n<script type=\"application\/ld+json\" class=\"yoast-schema-graph\">{\"@context\":\"https:\\\/\\\/schema.org\",\"@graph\":[{\"@type\":\"WebPage\",\"@id\":\"https:\\\/\\\/naturalpoland.com\\\/tr\\\/urunler\\\/kozmetik-hammaddeleri\\\/kozmetik-hammaddeleri-2\\\/olu-deniz-tuzu\\\/\",\"url\":\"https:\\\/\\\/naturalpoland.com\\\/tr\\\/urunler\\\/kozmetik-hammaddeleri\\\/kozmetik-hammaddeleri-2\\\/olu-deniz-tuzu\\\/\",\"name\":\"\u00d6l\u00fc Deniz Tuzu - NATURAL POLAND - Hurtowy Dystrybutor Surowc\u00f3w\",\"isPartOf\":{\"@id\":\"https:\\\/\\\/naturalpoland.com\\\/tr\\\/#website\"},\"primaryImageOfPage\":{\"@id\":\"https:\\\/\\\/naturalpoland.com\\\/tr\\\/urunler\\\/kozmetik-hammaddeleri\\\/kozmetik-hammaddeleri-2\\\/olu-deniz-tuzu\\\/#primaryimage\"},\"image\":{\"@id\":\"https:\\\/\\\/naturalpoland.com\\\/tr\\\/urunler\\\/kozmetik-hammaddeleri\\\/kozmetik-hammaddeleri-2\\\/olu-deniz-tuzu\\\/#primaryimage\"},\"thumbnailUrl\":\"https:\\\/\\\/naturalpoland.com\\\/wp-content\\\/uploads\\\/sol-z-morza-martwego.jpg\",\"datePublished\":\"2022-01-13T13:59:16+00:00\",\"dateModified\":\"2025-12-22T11:50:03+00:00\",\"description\":\"\u00d6l\u00fc Deniz Tuzu rahatlat\u0131c\u0131 banyolar, kozmetik \u00fcr\u00fcnler ve sorunlu cilt bak\u0131m\u0131 i\u00e7in kullan\u0131l\u0131r.\",\"breadcrumb\":{\"@id\":\"https:\\\/\\\/naturalpoland.com\\\/tr\\\/urunler\\\/kozmetik-hammaddeleri\\\/kozmetik-hammaddeleri-2\\\/olu-deniz-tuzu\\\/#breadcrumb\"},\"inLanguage\":\"tr\",\"potentialAction\":[{\"@type\":\"ReadAction\",\"target\":[\"https:\\\/\\\/naturalpoland.com\\\/tr\\\/urunler\\\/kozmetik-hammaddeleri\\\/kozmetik-hammaddeleri-2\\\/olu-deniz-tuzu\\\/\"]}]},{\"@type\":\"ImageObject\",\"inLanguage\":\"tr\",\"@id\":\"https:\\\/\\\/naturalpoland.com\\\/tr\\\/urunler\\\/kozmetik-hammaddeleri\\\/kozmetik-hammaddeleri-2\\\/olu-deniz-tuzu\\\/#primaryimage\",\"url\":\"https:\\\/\\\/naturalpoland.com\\\/wp-content\\\/uploads\\\/sol-z-morza-martwego.jpg\",\"contentUrl\":\"https:\\\/\\\/naturalpoland.com\\\/wp-content\\\/uploads\\\/sol-z-morza-martwego.jpg\",\"width\":650,\"height\":650,\"caption\":\"\u00f6l\u00fc deniz tuzu\"},{\"@type\":\"BreadcrumbList\",\"@id\":\"https:\\\/\\\/naturalpoland.com\\\/tr\\\/urunler\\\/kozmetik-hammaddeleri\\\/kozmetik-hammaddeleri-2\\\/olu-deniz-tuzu\\\/#breadcrumb\",\"itemListElement\":[{\"@type\":\"ListItem\",\"position\":1,\"name\":\"Ana Sayfa\",\"item\":\"https:\\\/\\\/naturalpoland.com\\\/tr\\\/\"},{\"@type\":\"ListItem\",\"position\":2,\"name\":\"\u00dcr\u00fcnler\",\"item\":\"https:\\\/\\\/naturalpoland.com\\\/tr\\\/urunler\\\/\"},{\"@type\":\"ListItem\",\"position\":3,\"name\":\"\u00d6l\u00fc Deniz Tuzu\"}]},{\"@type\":\"WebSite\",\"@id\":\"https:\\\/\\\/naturalpoland.com\\\/tr\\\/#website\",\"url\":\"https:\\\/\\\/naturalpoland.com\\\/tr\\\/\",\"name\":\"NATURAL POLAND - Hurtowy Dystrybutor Surowc\u00f3w\",\"description\":\"Surowce dla przemys\u0142u spo\u017cywczego, kosmetycznego i farmaceutycznego\",\"publisher\":{\"@id\":\"https:\\\/\\\/naturalpoland.com\\\/tr\\\/#organization\"},\"potentialAction\":[{\"@type\":\"SearchAction\",\"target\":{\"@type\":\"EntryPoint\",\"urlTemplate\":\"https:\\\/\\\/naturalpoland.com\\\/tr\\\/?s={search_term_string}\"},\"query-input\":{\"@type\":\"PropertyValueSpecification\",\"valueRequired\":true,\"valueName\":\"search_term_string\"}}],\"inLanguage\":\"tr\"},{\"@type\":\"Organization\",\"@id\":\"https:\\\/\\\/naturalpoland.com\\\/tr\\\/#organization\",\"name\":\"Natural Poland\",\"url\":\"https:\\\/\\\/naturalpoland.com\\\/tr\\\/\",\"logo\":{\"@type\":\"ImageObject\",\"inLanguage\":\"tr\",\"@id\":\"https:\\\/\\\/naturalpoland.com\\\/tr\\\/#\\\/schema\\\/logo\\\/image\\\/\",\"url\":\"https:\\\/\\\/naturalpoland.com\\\/wp-content\\\/uploads\\\/2021\\\/05\\\/natural-poland-icon.png\",\"contentUrl\":\"https:\\\/\\\/naturalpoland.com\\\/wp-content\\\/uploads\\\/2021\\\/05\\\/natural-poland-icon.png\",\"width\":512,\"height\":512,\"caption\":\"Natural Poland\"},\"image\":{\"@id\":\"https:\\\/\\\/naturalpoland.com\\\/tr\\\/#\\\/schema\\\/logo\\\/image\\\/\"},\"sameAs\":[\"https:\\\/\\\/www.facebook.com\\\/naturalpoland.b2b\",\"https:\\\/\\\/pl.linkedin.com\\\/company\\\/natural-poland\",\"https:\\\/\\\/www.youtube.com\\\/channel\\\/UCgeGGkvOMahZo-xu_MSEWxg\"]}]}<\/script>\n<!-- \/ Yoast SEO plugin. -->","yoast_head_json":{"title":"\u00d6l\u00fc Deniz Tuzu - NATURAL POLAND - Hurtowy Dystrybutor Surowc\u00f3w","description":"\u00d6l\u00fc Deniz Tuzu rahatlat\u0131c\u0131 banyolar, kozmetik \u00fcr\u00fcnler ve sorunlu cilt bak\u0131m\u0131 i\u00e7in kullan\u0131l\u0131r.","robots":{"index":"index","follow":"follow","max-snippet":"max-snippet:-1","max-image-preview":"max-image-preview:large","max-video-preview":"max-video-preview:-1"},"canonical":"https:\/\/naturalpoland.com\/tr\/urunler\/kozmetik-hammaddeleri\/kozmetik-hammaddeleri-2\/olu-deniz-tuzu\/","og_locale":"tr_TR","og_type":"article","og_title":"\u00d6l\u00fc Deniz Tuzu - NATURAL POLAND - Hurtowy Dystrybutor Surowc\u00f3w","og_description":"\u00d6l\u00fc Deniz Tuzu rahatlat\u0131c\u0131 banyolar, kozmetik \u00fcr\u00fcnler ve sorunlu cilt bak\u0131m\u0131 i\u00e7in kullan\u0131l\u0131r.","og_url":"https:\/\/naturalpoland.com\/tr\/urunler\/kozmetik-hammaddeleri\/kozmetik-hammaddeleri-2\/olu-deniz-tuzu\/","og_site_name":"NATURAL POLAND - Hurtowy Dystrybutor Surowc\u00f3w","article_publisher":"https:\/\/www.facebook.com\/naturalpoland.b2b","article_modified_time":"2025-12-22T11:50:03+00:00","og_image":[{"width":650,"height":650,"url":"https:\/\/naturalpoland.com\/wp-content\/uploads\/sol-z-morza-martwego.jpg","type":"image\/jpeg"}],"schema":{"@context":"https:\/\/schema.org","@graph":[{"@type":"WebPage","@id":"https:\/\/naturalpoland.com\/tr\/urunler\/kozmetik-hammaddeleri\/kozmetik-hammaddeleri-2\/olu-deniz-tuzu\/","url":"https:\/\/naturalpoland.com\/tr\/urunler\/kozmetik-hammaddeleri\/kozmetik-hammaddeleri-2\/olu-deniz-tuzu\/","name":"\u00d6l\u00fc Deniz Tuzu - NATURAL POLAND - Hurtowy Dystrybutor Surowc\u00f3w","isPartOf":{"@id":"https:\/\/naturalpoland.com\/tr\/#website"},"primaryImageOfPage":{"@id":"https:\/\/naturalpoland.com\/tr\/urunler\/kozmetik-hammaddeleri\/kozmetik-hammaddeleri-2\/olu-deniz-tuzu\/#primaryimage"},"image":{"@id":"https:\/\/naturalpoland.com\/tr\/urunler\/kozmetik-hammaddeleri\/kozmetik-hammaddeleri-2\/olu-deniz-tuzu\/#primaryimage"},"thumbnailUrl":"https:\/\/naturalpoland.com\/wp-content\/uploads\/sol-z-morza-martwego.jpg","datePublished":"2022-01-13T13:59:16+00:00","dateModified":"2025-12-22T11:50:03+00:00","description":"\u00d6l\u00fc Deniz Tuzu rahatlat\u0131c\u0131 banyolar, kozmetik \u00fcr\u00fcnler ve sorunlu cilt bak\u0131m\u0131 i\u00e7in kullan\u0131l\u0131r.","breadcrumb":{"@id":"https:\/\/naturalpoland.com\/tr\/urunler\/kozmetik-hammaddeleri\/kozmetik-hammaddeleri-2\/olu-deniz-tuzu\/#breadcrumb"},"inLanguage":"tr","potentialAction":[{"@type":"ReadAction","target":["https:\/\/naturalpoland.com\/tr\/urunler\/kozmetik-hammaddeleri\/kozmetik-hammaddeleri-2\/olu-deniz-tuzu\/"]}]},{"@type":"ImageObject","inLanguage":"tr","@id":"https:\/\/naturalpoland.com\/tr\/urunler\/kozmetik-hammaddeleri\/kozmetik-hammaddeleri-2\/olu-deniz-tuzu\/#primaryimage","url":"https:\/\/naturalpoland.com\/wp-content\/uploads\/sol-z-morza-martwego.jpg","contentUrl":"https:\/\/naturalpoland.com\/wp-content\/uploads\/sol-z-morza-martwego.jpg","width":650,"height":650,"caption":"\u00f6l\u00fc deniz tuzu"},{"@type":"BreadcrumbList","@id":"https:\/\/naturalpoland.com\/tr\/urunler\/kozmetik-hammaddeleri\/kozmetik-hammaddeleri-2\/olu-deniz-tuzu\/#breadcrumb","itemListElement":[{"@type":"ListItem","position":1,"name":"Ana Sayfa","item":"https:\/\/naturalpoland.com\/tr\/"},{"@type":"ListItem","position":2,"name":"\u00dcr\u00fcnler","item":"https:\/\/naturalpoland.com\/tr\/urunler\/"},{"@type":"ListItem","position":3,"name":"\u00d6l\u00fc Deniz Tuzu"}]},{"@type":"WebSite","@id":"https:\/\/naturalpoland.com\/tr\/#website","url":"https:\/\/naturalpoland.com\/tr\/","name":"NATURAL POLAND - Hurtowy Dystrybutor Surowc\u00f3w","description":"Surowce dla przemys\u0142u spo\u017cywczego, kosmetycznego i farmaceutycznego","publisher":{"@id":"https:\/\/naturalpoland.com\/tr\/#organization"},"potentialAction":[{"@type":"SearchAction","target":{"@type":"EntryPoint","urlTemplate":"https:\/\/naturalpoland.com\/tr\/?s={search_term_string}"},"query-input":{"@type":"PropertyValueSpecification","valueRequired":true,"valueName":"search_term_string"}}],"inLanguage":"tr"},{"@type":"Organization","@id":"https:\/\/naturalpoland.com\/tr\/#organization","name":"Natural Poland","url":"https:\/\/naturalpoland.com\/tr\/","logo":{"@type":"ImageObject","inLanguage":"tr","@id":"https:\/\/naturalpoland.com\/tr\/#\/schema\/logo\/image\/","url":"https:\/\/naturalpoland.com\/wp-content\/uploads\/2021\/05\/natural-poland-icon.png","contentUrl":"https:\/\/naturalpoland.com\/wp-content\/uploads\/2021\/05\/natural-poland-icon.png","width":512,"height":512,"caption":"Natural Poland"},"image":{"@id":"https:\/\/naturalpoland.com\/tr\/#\/schema\/logo\/image\/"},"sameAs":["https:\/\/www.facebook.com\/naturalpoland.b2b","https:\/\/pl.linkedin.com\/company\/natural-poland","https:\/\/www.youtube.com\/channel\/UCgeGGkvOMahZo-xu_MSEWxg"]}]}},"_links":{"self":[{"href":"https:\/\/naturalpoland.com\/tr\/wp-json\/wp\/v2\/product\/44539","targetHints":{"allow":["GET"]}}],"collection":[{"href":"https:\/\/naturalpoland.com\/tr\/wp-json\/wp\/v2\/product"}],"about":[{"href":"https:\/\/naturalpoland.com\/tr\/wp-json\/wp\/v2\/types\/product"}],"wp:featuredmedia":[{"embeddable":true,"href":"https:\/\/naturalpoland.com\/tr\/wp-json\/wp\/v2\/media\/44540"}],"wp:attachment":[{"href":"https:\/\/naturalpoland.com\/tr\/wp-json\/wp\/v2\/media?parent=44539"}],"wp:term":[{"taxonomy":"product_brand","embeddable":true,"href":"https:\/\/naturalpoland.com\/tr\/wp-json\/wp\/v2\/product_brand?post=44539"},{"taxonomy":"product_cat","embeddable":true,"href":"https:\/\/naturalpoland.com\/tr\/wp-json\/wp\/v2\/product_cat?post=44539"},{"taxonomy":"product_tag","embeddable":true,"href":"https:\/\/naturalpoland.com\/tr\/wp-json\/wp\/v2\/product_tag?post=44539"}],"curies":[{"name":"wp","href":"https:\/\/api.w.org\/{rel}","templated":true}]}}