{"id":44541,"date":"2024-02-01T14:59:39","date_gmt":"2024-02-01T13:59:39","guid":{"rendered":"https:\/\/naturalpoland.com\/produkty\/kategorilenmemis\/mumyo-ekstrakti\/"},"modified":"2025-12-22T12:50:23","modified_gmt":"2025-12-22T11:50:23","slug":"mumyo-ekstrakti","status":"publish","type":"product","link":"https:\/\/naturalpoland.com\/tr\/urunler\/bitkisel-ekstraktlar\/mumyo-ekstrakti\/","title":{"rendered":"Mumyo Ekstrakt\u0131"},"content":{"rendered":"<p>&#8220;Da\u011f katran\u0131&#8221; olarak da bilinen Shilajit, esas olarak bitki materyalinin uzun s\u00fcreli ayr\u0131\u015fma s\u00fcreci sonucunda olu\u015ftu\u011fu da\u011f k\u00fctlelerinden elde edilir. Bu \u00fcr\u00fcn \u00f6zellikle y\u00fcksek <strong>fulvik asit i\u00e7eri\u011fi<\/strong> nedeniyle de\u011ferlidir. Karakteristik koku ve tada sahip ince, kahverengi toz halinde sunulur ve bu durum organoleptik testlerle do\u011frulanm\u0131\u015ft\u0131r. \u00dcr\u00fcn, a\u011f\u0131r metal ve pestisit i\u00e7eri\u011fi konusunda kat\u0131 standartlar\u0131 kar\u015f\u0131layarak g\u00fcvenlik ve safl\u0131\u011f\u0131 garanti eder. Suda kolayca \u00e7\u00f6z\u00fcn\u00fcr.   <\/p>\n<p>Shilajit, <strong>ba\u011f\u0131\u015f\u0131kl\u0131k sistemi fonksiyonlar\u0131n\u0131 destekleme<\/strong>, <strong>cilt kondisyonunu iyile\u015ftirme<\/strong> ve <strong>antioksidan etki<\/strong> dahil olmak \u00fczere \u00e7ok y\u00f6nl\u00fc sa\u011fl\u0131k faydalar\u0131 nedeniyle takdir edilir. Benzersiz \u00f6zellikleri, zengin fulvik asit i\u00e7eri\u011fi ve di\u011fer de\u011ferli mineral bile\u015fenlerden kaynaklan\u0131r. Do\u011fal ekstraksiyon s\u00fcreci sayesinde en \u00f6nemli biyoaktif bile\u015fikleri korur.  <\/p>\n<p>\u00dcr\u00fcn vegan ve vejetaryen gereksinimleriyle tamamen uyumludur.<\/p>\n<h2>Kullan\u0131m alanlar\u0131<\/h2>\n<p>Shilajit hem <strong>diyet takviyelerinde<\/strong> hem de rejeneratif ve besleyici \u00f6zelliklerinin kullan\u0131ld\u0131\u011f\u0131 <strong>kozmetik \u00fcretiminde<\/strong> kullan\u0131l\u0131r.<\/p>\n<p>Mumyo ekstrakt\u0131n\u0131n kullan\u0131m\u0131, genel v\u00fccut durumu ve cilt kondisyonu \u00fczerinde olumlu etki g\u00f6stererek sa\u011fl\u0131k ve g\u00fczellik a\u00e7\u0131s\u0131ndan \u00f6nemli faydalar sa\u011flayabilir. Do\u011fal k\u00f6keni ve fermantasyon yoluyla elde edilme y\u00f6ntemi, en y\u00fcksek kalite ve etkinli\u011fin korunmas\u0131n\u0131 garanti eder. <\/p>\n","protected":false},"excerpt":{"rendered":"<p><strong>Mumyo ekstrakt\u0131<\/strong>, <strong>Shilajit ekstrakt\u0131<\/strong> olarak da bilinen, geleneksel Asya t\u0131bb\u0131nda kullan\u0131lan ve \u00c7in da\u011flar\u0131ndaki do\u011fal kompleks kaynaklardan elde edilen mineral-bitkisel k\u00f6kenli bir \u00fcr\u00fcnd\u00fcr.<\/p>\n","protected":false},"featured_media":44542,"template":"","meta":{"_acf_changed":false},"product_brand":[],"product_cat":[9531],"product_tag":[],"class_list":{"0":"post-44541","1":"product","2":"type-product","3":"status-publish","4":"has-post-thumbnail","6":"product_cat-bitkisel-ekstraktlar","7":"pa_certyfikaty-helal","8":"pa_certyfikaty-koser-sertifikasi","9":"pa_skladnik-aktywny-fulvik-asit","11":"first","12":"instock","13":"shipping-taxable","14":"product-type-simple"},"acf":[],"yoast_head":"<!-- This site is optimized with the Yoast SEO plugin v27.5 - https:\/\/yoast.com\/product\/yoast-seo-wordpress\/ -->\n<title>Mumyo Ekstrakt\u0131 - NATURAL POLAND - Hurtowy Dystrybutor Surowc\u00f3w<\/title>\n<meta name=\"description\" content=\"Shilajit olarak da bilinen mumyo ekstrakt\u0131, geleneksel Asya t\u0131bb\u0131nda kullan\u0131lan ve do\u011fal kaynaklardan elde edilen de\u011ferli bir bile\u015fendir.\" \/>\n<meta name=\"robots\" content=\"index, follow, max-snippet:-1, max-image-preview:large, max-video-preview:-1\" \/>\n<link rel=\"canonical\" href=\"https:\/\/naturalpoland.com\/tr\/urunler\/bitkisel-ekstraktlar\/mumyo-ekstrakti\/\" \/>\n<meta property=\"og:locale\" content=\"tr_TR\" \/>\n<meta property=\"og:type\" content=\"article\" \/>\n<meta property=\"og:title\" content=\"Mumyo Ekstrakt\u0131 - NATURAL POLAND - Hurtowy Dystrybutor Surowc\u00f3w\" \/>\n<meta property=\"og:description\" content=\"Shilajit olarak da bilinen mumyo ekstrakt\u0131, geleneksel Asya t\u0131bb\u0131nda kullan\u0131lan ve do\u011fal kaynaklardan elde edilen de\u011ferli bir bile\u015fendir.\" \/>\n<meta property=\"og:url\" content=\"https:\/\/naturalpoland.com\/tr\/urunler\/bitkisel-ekstraktlar\/mumyo-ekstrakti\/\" \/>\n<meta property=\"og:site_name\" content=\"NATURAL POLAND - Hurtowy Dystrybutor Surowc\u00f3w\" \/>\n<meta property=\"article:publisher\" content=\"https:\/\/www.facebook.com\/naturalpoland.b2b\" \/>\n<meta property=\"article:modified_time\" content=\"2025-12-22T11:50:23+00:00\" \/>\n<meta property=\"og:image\" content=\"https:\/\/naturalpoland.com\/wp-content\/uploads\/shilajit_extract.webp\" \/>\n\t<meta property=\"og:image:width\" content=\"613\" \/>\n\t<meta property=\"og:image:height\" content=\"613\" \/>\n\t<meta property=\"og:image:type\" content=\"image\/webp\" \/>\n<script type=\"application\/ld+json\" class=\"yoast-schema-graph\">{\"@context\":\"https:\\\/\\\/schema.org\",\"@graph\":[{\"@type\":\"WebPage\",\"@id\":\"https:\\\/\\\/naturalpoland.com\\\/tr\\\/urunler\\\/bitkisel-ekstraktlar\\\/mumyo-ekstrakti\\\/\",\"url\":\"https:\\\/\\\/naturalpoland.com\\\/tr\\\/urunler\\\/bitkisel-ekstraktlar\\\/mumyo-ekstrakti\\\/\",\"name\":\"Mumyo Ekstrakt\u0131 - NATURAL POLAND - Hurtowy Dystrybutor Surowc\u00f3w\",\"isPartOf\":{\"@id\":\"https:\\\/\\\/naturalpoland.com\\\/tr\\\/#website\"},\"primaryImageOfPage\":{\"@id\":\"https:\\\/\\\/naturalpoland.com\\\/tr\\\/urunler\\\/bitkisel-ekstraktlar\\\/mumyo-ekstrakti\\\/#primaryimage\"},\"image\":{\"@id\":\"https:\\\/\\\/naturalpoland.com\\\/tr\\\/urunler\\\/bitkisel-ekstraktlar\\\/mumyo-ekstrakti\\\/#primaryimage\"},\"thumbnailUrl\":\"https:\\\/\\\/naturalpoland.com\\\/wp-content\\\/uploads\\\/shilajit_extract.webp\",\"datePublished\":\"2024-02-01T13:59:39+00:00\",\"dateModified\":\"2025-12-22T11:50:23+00:00\",\"description\":\"Shilajit olarak da bilinen mumyo ekstrakt\u0131, geleneksel Asya t\u0131bb\u0131nda kullan\u0131lan ve do\u011fal kaynaklardan elde edilen de\u011ferli bir bile\u015fendir.\",\"breadcrumb\":{\"@id\":\"https:\\\/\\\/naturalpoland.com\\\/tr\\\/urunler\\\/bitkisel-ekstraktlar\\\/mumyo-ekstrakti\\\/#breadcrumb\"},\"inLanguage\":\"tr\",\"potentialAction\":[{\"@type\":\"ReadAction\",\"target\":[\"https:\\\/\\\/naturalpoland.com\\\/tr\\\/urunler\\\/bitkisel-ekstraktlar\\\/mumyo-ekstrakti\\\/\"]}]},{\"@type\":\"ImageObject\",\"inLanguage\":\"tr\",\"@id\":\"https:\\\/\\\/naturalpoland.com\\\/tr\\\/urunler\\\/bitkisel-ekstraktlar\\\/mumyo-ekstrakti\\\/#primaryimage\",\"url\":\"https:\\\/\\\/naturalpoland.com\\\/wp-content\\\/uploads\\\/shilajit_extract.webp\",\"contentUrl\":\"https:\\\/\\\/naturalpoland.com\\\/wp-content\\\/uploads\\\/shilajit_extract.webp\",\"width\":613,\"height\":613,\"caption\":\"mumyo ekstrakt\u0131\"},{\"@type\":\"BreadcrumbList\",\"@id\":\"https:\\\/\\\/naturalpoland.com\\\/tr\\\/urunler\\\/bitkisel-ekstraktlar\\\/mumyo-ekstrakti\\\/#breadcrumb\",\"itemListElement\":[{\"@type\":\"ListItem\",\"position\":1,\"name\":\"Ana Sayfa\",\"item\":\"https:\\\/\\\/naturalpoland.com\\\/tr\\\/\"},{\"@type\":\"ListItem\",\"position\":2,\"name\":\"\u00dcr\u00fcnler\",\"item\":\"https:\\\/\\\/naturalpoland.com\\\/tr\\\/urunler\\\/\"},{\"@type\":\"ListItem\",\"position\":3,\"name\":\"Mumyo Ekstrakt\u0131\"}]},{\"@type\":\"WebSite\",\"@id\":\"https:\\\/\\\/naturalpoland.com\\\/tr\\\/#website\",\"url\":\"https:\\\/\\\/naturalpoland.com\\\/tr\\\/\",\"name\":\"NATURAL POLAND - Hurtowy Dystrybutor Surowc\u00f3w\",\"description\":\"Surowce dla przemys\u0142u spo\u017cywczego, kosmetycznego i farmaceutycznego\",\"publisher\":{\"@id\":\"https:\\\/\\\/naturalpoland.com\\\/tr\\\/#organization\"},\"potentialAction\":[{\"@type\":\"SearchAction\",\"target\":{\"@type\":\"EntryPoint\",\"urlTemplate\":\"https:\\\/\\\/naturalpoland.com\\\/tr\\\/?s={search_term_string}\"},\"query-input\":{\"@type\":\"PropertyValueSpecification\",\"valueRequired\":true,\"valueName\":\"search_term_string\"}}],\"inLanguage\":\"tr\"},{\"@type\":\"Organization\",\"@id\":\"https:\\\/\\\/naturalpoland.com\\\/tr\\\/#organization\",\"name\":\"Natural Poland\",\"url\":\"https:\\\/\\\/naturalpoland.com\\\/tr\\\/\",\"logo\":{\"@type\":\"ImageObject\",\"inLanguage\":\"tr\",\"@id\":\"https:\\\/\\\/naturalpoland.com\\\/tr\\\/#\\\/schema\\\/logo\\\/image\\\/\",\"url\":\"https:\\\/\\\/naturalpoland.com\\\/wp-content\\\/uploads\\\/2021\\\/05\\\/natural-poland-icon.png\",\"contentUrl\":\"https:\\\/\\\/naturalpoland.com\\\/wp-content\\\/uploads\\\/2021\\\/05\\\/natural-poland-icon.png\",\"width\":512,\"height\":512,\"caption\":\"Natural Poland\"},\"image\":{\"@id\":\"https:\\\/\\\/naturalpoland.com\\\/tr\\\/#\\\/schema\\\/logo\\\/image\\\/\"},\"sameAs\":[\"https:\\\/\\\/www.facebook.com\\\/naturalpoland.b2b\",\"https:\\\/\\\/pl.linkedin.com\\\/company\\\/natural-poland\",\"https:\\\/\\\/www.youtube.com\\\/channel\\\/UCgeGGkvOMahZo-xu_MSEWxg\"]}]}<\/script>\n<!-- \/ Yoast SEO plugin. -->","yoast_head_json":{"title":"Mumyo Ekstrakt\u0131 - NATURAL POLAND - Hurtowy Dystrybutor Surowc\u00f3w","description":"Shilajit olarak da bilinen mumyo ekstrakt\u0131, geleneksel Asya t\u0131bb\u0131nda kullan\u0131lan ve do\u011fal kaynaklardan elde edilen de\u011ferli bir bile\u015fendir.","robots":{"index":"index","follow":"follow","max-snippet":"max-snippet:-1","max-image-preview":"max-image-preview:large","max-video-preview":"max-video-preview:-1"},"canonical":"https:\/\/naturalpoland.com\/tr\/urunler\/bitkisel-ekstraktlar\/mumyo-ekstrakti\/","og_locale":"tr_TR","og_type":"article","og_title":"Mumyo Ekstrakt\u0131 - NATURAL POLAND - Hurtowy Dystrybutor Surowc\u00f3w","og_description":"Shilajit olarak da bilinen mumyo ekstrakt\u0131, geleneksel Asya t\u0131bb\u0131nda kullan\u0131lan ve do\u011fal kaynaklardan elde edilen de\u011ferli bir bile\u015fendir.","og_url":"https:\/\/naturalpoland.com\/tr\/urunler\/bitkisel-ekstraktlar\/mumyo-ekstrakti\/","og_site_name":"NATURAL POLAND - Hurtowy Dystrybutor Surowc\u00f3w","article_publisher":"https:\/\/www.facebook.com\/naturalpoland.b2b","article_modified_time":"2025-12-22T11:50:23+00:00","og_image":[{"width":613,"height":613,"url":"https:\/\/naturalpoland.com\/wp-content\/uploads\/shilajit_extract.webp","type":"image\/webp"}],"schema":{"@context":"https:\/\/schema.org","@graph":[{"@type":"WebPage","@id":"https:\/\/naturalpoland.com\/tr\/urunler\/bitkisel-ekstraktlar\/mumyo-ekstrakti\/","url":"https:\/\/naturalpoland.com\/tr\/urunler\/bitkisel-ekstraktlar\/mumyo-ekstrakti\/","name":"Mumyo Ekstrakt\u0131 - NATURAL POLAND - Hurtowy Dystrybutor Surowc\u00f3w","isPartOf":{"@id":"https:\/\/naturalpoland.com\/tr\/#website"},"primaryImageOfPage":{"@id":"https:\/\/naturalpoland.com\/tr\/urunler\/bitkisel-ekstraktlar\/mumyo-ekstrakti\/#primaryimage"},"image":{"@id":"https:\/\/naturalpoland.com\/tr\/urunler\/bitkisel-ekstraktlar\/mumyo-ekstrakti\/#primaryimage"},"thumbnailUrl":"https:\/\/naturalpoland.com\/wp-content\/uploads\/shilajit_extract.webp","datePublished":"2024-02-01T13:59:39+00:00","dateModified":"2025-12-22T11:50:23+00:00","description":"Shilajit olarak da bilinen mumyo ekstrakt\u0131, geleneksel Asya t\u0131bb\u0131nda kullan\u0131lan ve do\u011fal kaynaklardan elde edilen de\u011ferli bir bile\u015fendir.","breadcrumb":{"@id":"https:\/\/naturalpoland.com\/tr\/urunler\/bitkisel-ekstraktlar\/mumyo-ekstrakti\/#breadcrumb"},"inLanguage":"tr","potentialAction":[{"@type":"ReadAction","target":["https:\/\/naturalpoland.com\/tr\/urunler\/bitkisel-ekstraktlar\/mumyo-ekstrakti\/"]}]},{"@type":"ImageObject","inLanguage":"tr","@id":"https:\/\/naturalpoland.com\/tr\/urunler\/bitkisel-ekstraktlar\/mumyo-ekstrakti\/#primaryimage","url":"https:\/\/naturalpoland.com\/wp-content\/uploads\/shilajit_extract.webp","contentUrl":"https:\/\/naturalpoland.com\/wp-content\/uploads\/shilajit_extract.webp","width":613,"height":613,"caption":"mumyo ekstrakt\u0131"},{"@type":"BreadcrumbList","@id":"https:\/\/naturalpoland.com\/tr\/urunler\/bitkisel-ekstraktlar\/mumyo-ekstrakti\/#breadcrumb","itemListElement":[{"@type":"ListItem","position":1,"name":"Ana Sayfa","item":"https:\/\/naturalpoland.com\/tr\/"},{"@type":"ListItem","position":2,"name":"\u00dcr\u00fcnler","item":"https:\/\/naturalpoland.com\/tr\/urunler\/"},{"@type":"ListItem","position":3,"name":"Mumyo Ekstrakt\u0131"}]},{"@type":"WebSite","@id":"https:\/\/naturalpoland.com\/tr\/#website","url":"https:\/\/naturalpoland.com\/tr\/","name":"NATURAL POLAND - Hurtowy Dystrybutor Surowc\u00f3w","description":"Surowce dla przemys\u0142u spo\u017cywczego, kosmetycznego i farmaceutycznego","publisher":{"@id":"https:\/\/naturalpoland.com\/tr\/#organization"},"potentialAction":[{"@type":"SearchAction","target":{"@type":"EntryPoint","urlTemplate":"https:\/\/naturalpoland.com\/tr\/?s={search_term_string}"},"query-input":{"@type":"PropertyValueSpecification","valueRequired":true,"valueName":"search_term_string"}}],"inLanguage":"tr"},{"@type":"Organization","@id":"https:\/\/naturalpoland.com\/tr\/#organization","name":"Natural Poland","url":"https:\/\/naturalpoland.com\/tr\/","logo":{"@type":"ImageObject","inLanguage":"tr","@id":"https:\/\/naturalpoland.com\/tr\/#\/schema\/logo\/image\/","url":"https:\/\/naturalpoland.com\/wp-content\/uploads\/2021\/05\/natural-poland-icon.png","contentUrl":"https:\/\/naturalpoland.com\/wp-content\/uploads\/2021\/05\/natural-poland-icon.png","width":512,"height":512,"caption":"Natural Poland"},"image":{"@id":"https:\/\/naturalpoland.com\/tr\/#\/schema\/logo\/image\/"},"sameAs":["https:\/\/www.facebook.com\/naturalpoland.b2b","https:\/\/pl.linkedin.com\/company\/natural-poland","https:\/\/www.youtube.com\/channel\/UCgeGGkvOMahZo-xu_MSEWxg"]}]}},"_links":{"self":[{"href":"https:\/\/naturalpoland.com\/tr\/wp-json\/wp\/v2\/product\/44541","targetHints":{"allow":["GET"]}}],"collection":[{"href":"https:\/\/naturalpoland.com\/tr\/wp-json\/wp\/v2\/product"}],"about":[{"href":"https:\/\/naturalpoland.com\/tr\/wp-json\/wp\/v2\/types\/product"}],"wp:featuredmedia":[{"embeddable":true,"href":"https:\/\/naturalpoland.com\/tr\/wp-json\/wp\/v2\/media\/44542"}],"wp:attachment":[{"href":"https:\/\/naturalpoland.com\/tr\/wp-json\/wp\/v2\/media?parent=44541"}],"wp:term":[{"taxonomy":"product_brand","embeddable":true,"href":"https:\/\/naturalpoland.com\/tr\/wp-json\/wp\/v2\/product_brand?post=44541"},{"taxonomy":"product_cat","embeddable":true,"href":"https:\/\/naturalpoland.com\/tr\/wp-json\/wp\/v2\/product_cat?post=44541"},{"taxonomy":"product_tag","embeddable":true,"href":"https:\/\/naturalpoland.com\/tr\/wp-json\/wp\/v2\/product_tag?post=44541"}],"curies":[{"name":"wp","href":"https:\/\/api.w.org\/{rel}","templated":true}]}}