{"id":44547,"date":"2024-03-25T16:03:09","date_gmt":"2024-03-25T15:03:09","guid":{"rendered":"https:\/\/naturalpoland.com\/produkty\/kategorilenmemis\/kozmetik-hammadde-dmae-dimetiletanolamin\/"},"modified":"2025-12-22T12:51:22","modified_gmt":"2025-12-22T11:51:22","slug":"kozmetik-hammadde-dmae-dimetiletanolamin","status":"publish","type":"product","link":"https:\/\/naturalpoland.com\/tr\/urunler\/kozmetik-hammaddeleri\/kozmetik-hammaddeleri-2\/kozmetik-hammadde-dmae-dimetiletanolamin\/","title":{"rendered":"Kozmetik hammadde DMAE (dimetiletanolamin)"},"content":{"rendered":"<p>DMAE&#8217;nin \u00f6zellikleri, cilde s\u0131k\u0131l\u0131k ve esneklik kazand\u0131rarak g\u00f6r\u00fcn\u00fcm\u00fcn\u00fc iyile\u015ftirir. DMAE&#8217;nin etki mekanizmas\u0131, kas gerginli\u011finden sorumlu bir n\u00f6rotransmitter olan asetilkolin \u00fcretimini uyararak k\u0131r\u0131\u015f\u0131kl\u0131klar\u0131n g\u00f6r\u00fcn\u00fcrl\u00fc\u011f\u00fcn\u00fc azaltmaya ve y\u00fcz hatlar\u0131n\u0131 iyile\u015ftirmeye katk\u0131da bulunur. Bu bile\u015fen sayesinde cilt daha gergin, p\u00fcr\u00fczs\u00fcz ve belirgin \u015fekilde gen\u00e7le\u015fmi\u015f hale gelir.  <\/p>\n<p>DMAE ayr\u0131ca antioksidan \u00f6zelliklere sahiptir, bu sayede cildi serbest radikallerin ve ya\u015flanma s\u00fcrecini h\u0131zland\u0131ran d\u0131\u015f fakt\u00f6rlerin zararl\u0131 etkilerine kar\u015f\u0131 etkili bir \u015fekilde korur. DMAE i\u00e7eren \u00fcr\u00fcnlerin d\u00fczenli kullan\u0131m\u0131, cildin durumunu \u00f6nemli \u00f6l\u00e7\u00fcde iyile\u015ftirebilir, \u00e7evresel etkilere kar\u015f\u0131 direncini art\u0131rabilir ve erken ya\u015flanmay\u0131 \u00f6nleyebilir. <\/p>\n<p>DMAE&#8217;nin temel avantajlar\u0131ndan biri, <strong>h\u0131zl\u0131 ve etkili \u00e7al\u0131\u015fma yetene\u011fidir<\/strong>. Bu bile\u015feni i\u00e7eren \u00fcr\u00fcnlerin etkileri genellikle ilk uygulamalardan sonra g\u00f6r\u00fcl\u00fcr, bu da onu cilt g\u00f6r\u00fcn\u00fcm\u00fcn\u00fc iyile\u015ftirmede h\u0131zl\u0131 ve g\u00f6r\u00fcn\u00fcr sonu\u00e7lar arayan ki\u015filer i\u00e7in son derece \u00e7ekici bir \u00e7\u00f6z\u00fcm haline getirir. <\/p>\n","protected":false},"excerpt":{"rendered":"<p>Dimetiletanolamin olarak da bilinen DMAE, kozmetik end\u00fcstrisinde giderek artan bir ilgi g\u00f6ren, kan\u0131tlanm\u0131\u015f ya\u015flanma kar\u015f\u0131t\u0131 etkiye sahip yenilik\u00e7i bir kozmetik bile\u015fendir. \u00d6zellikle lifting, s\u0131k\u0131la\u015ft\u0131rma ve k\u0131r\u0131\u015f\u0131kl\u0131k kar\u015f\u0131t\u0131 \u00fcr\u00fcnlerde kullan\u0131l\u0131r. <\/p>\n","protected":false},"featured_media":44548,"template":"","meta":{"_acf_changed":false},"product_brand":[],"product_cat":[9557],"product_tag":[],"class_list":{"0":"post-44547","1":"product","2":"type-product","3":"status-publish","4":"has-post-thumbnail","6":"product_cat-kozmetik-hammaddeleri-2","8":"first","9":"instock","10":"shipping-taxable","11":"product-type-simple"},"acf":[],"yoast_head":"<!-- This site is optimized with the Yoast SEO plugin v27.5 - https:\/\/yoast.com\/product\/yoast-seo-wordpress\/ -->\n<title>Kozmetik hammadde DMAE (dimetiletanolamin) - Hurtowy Dystrybutor<\/title>\n<meta name=\"description\" content=\"DMAE, cilde g\u00f6zle g\u00f6r\u00fcl\u00fcr lifting, s\u0131k\u0131la\u015ft\u0131rma ve gen\u00e7le\u015ftirme etkileri sa\u011flayan modern bir bile\u015fendir. Cildin gen\u00e7 g\u00f6r\u00fcn\u00fcm\u00fcn\u00fc korumas\u0131na yard\u0131mc\u0131 olur.\" \/>\n<meta name=\"robots\" content=\"index, follow, max-snippet:-1, max-image-preview:large, max-video-preview:-1\" \/>\n<link rel=\"canonical\" href=\"https:\/\/naturalpoland.com\/tr\/urunler\/kozmetik-hammaddeleri\/kozmetik-hammaddeleri-2\/kozmetik-hammadde-dmae-dimetiletanolamin\/\" \/>\n<meta property=\"og:locale\" content=\"tr_TR\" \/>\n<meta property=\"og:type\" content=\"article\" \/>\n<meta property=\"og:title\" content=\"Kozmetik hammadde DMAE (dimetiletanolamin) - Hurtowy Dystrybutor\" \/>\n<meta property=\"og:description\" content=\"DMAE, cilde g\u00f6zle g\u00f6r\u00fcl\u00fcr lifting, s\u0131k\u0131la\u015ft\u0131rma ve gen\u00e7le\u015ftirme etkileri sa\u011flayan modern bir bile\u015fendir. Cildin gen\u00e7 g\u00f6r\u00fcn\u00fcm\u00fcn\u00fc korumas\u0131na yard\u0131mc\u0131 olur.\" \/>\n<meta property=\"og:url\" content=\"https:\/\/naturalpoland.com\/tr\/urunler\/kozmetik-hammaddeleri\/kozmetik-hammaddeleri-2\/kozmetik-hammadde-dmae-dimetiletanolamin\/\" \/>\n<meta property=\"og:site_name\" content=\"NATURAL POLAND - Hurtowy Dystrybutor Surowc\u00f3w\" \/>\n<meta property=\"article:publisher\" content=\"https:\/\/www.facebook.com\/naturalpoland.b2b\" \/>\n<meta property=\"article:modified_time\" content=\"2025-12-22T11:51:22+00:00\" \/>\n<meta property=\"og:image\" content=\"https:\/\/naturalpoland.com\/wp-content\/uploads\/dimethylaminoethanol.webp\" \/>\n\t<meta property=\"og:image:width\" content=\"609\" \/>\n\t<meta property=\"og:image:height\" content=\"609\" \/>\n\t<meta property=\"og:image:type\" content=\"image\/webp\" \/>\n<script type=\"application\/ld+json\" class=\"yoast-schema-graph\">{\"@context\":\"https:\\\/\\\/schema.org\",\"@graph\":[{\"@type\":\"WebPage\",\"@id\":\"https:\\\/\\\/naturalpoland.com\\\/tr\\\/urunler\\\/kozmetik-hammaddeleri\\\/kozmetik-hammaddeleri-2\\\/kozmetik-hammadde-dmae-dimetiletanolamin\\\/\",\"url\":\"https:\\\/\\\/naturalpoland.com\\\/tr\\\/urunler\\\/kozmetik-hammaddeleri\\\/kozmetik-hammaddeleri-2\\\/kozmetik-hammadde-dmae-dimetiletanolamin\\\/\",\"name\":\"Kozmetik hammadde DMAE (dimetiletanolamin) - Hurtowy Dystrybutor\",\"isPartOf\":{\"@id\":\"https:\\\/\\\/naturalpoland.com\\\/tr\\\/#website\"},\"primaryImageOfPage\":{\"@id\":\"https:\\\/\\\/naturalpoland.com\\\/tr\\\/urunler\\\/kozmetik-hammaddeleri\\\/kozmetik-hammaddeleri-2\\\/kozmetik-hammadde-dmae-dimetiletanolamin\\\/#primaryimage\"},\"image\":{\"@id\":\"https:\\\/\\\/naturalpoland.com\\\/tr\\\/urunler\\\/kozmetik-hammaddeleri\\\/kozmetik-hammaddeleri-2\\\/kozmetik-hammadde-dmae-dimetiletanolamin\\\/#primaryimage\"},\"thumbnailUrl\":\"https:\\\/\\\/naturalpoland.com\\\/wp-content\\\/uploads\\\/dimethylaminoethanol.webp\",\"datePublished\":\"2024-03-25T15:03:09+00:00\",\"dateModified\":\"2025-12-22T11:51:22+00:00\",\"description\":\"DMAE, cilde g\u00f6zle g\u00f6r\u00fcl\u00fcr lifting, s\u0131k\u0131la\u015ft\u0131rma ve gen\u00e7le\u015ftirme etkileri sa\u011flayan modern bir bile\u015fendir. Cildin gen\u00e7 g\u00f6r\u00fcn\u00fcm\u00fcn\u00fc korumas\u0131na yard\u0131mc\u0131 olur.\",\"breadcrumb\":{\"@id\":\"https:\\\/\\\/naturalpoland.com\\\/tr\\\/urunler\\\/kozmetik-hammaddeleri\\\/kozmetik-hammaddeleri-2\\\/kozmetik-hammadde-dmae-dimetiletanolamin\\\/#breadcrumb\"},\"inLanguage\":\"tr\",\"potentialAction\":[{\"@type\":\"ReadAction\",\"target\":[\"https:\\\/\\\/naturalpoland.com\\\/tr\\\/urunler\\\/kozmetik-hammaddeleri\\\/kozmetik-hammaddeleri-2\\\/kozmetik-hammadde-dmae-dimetiletanolamin\\\/\"]}]},{\"@type\":\"ImageObject\",\"inLanguage\":\"tr\",\"@id\":\"https:\\\/\\\/naturalpoland.com\\\/tr\\\/urunler\\\/kozmetik-hammaddeleri\\\/kozmetik-hammaddeleri-2\\\/kozmetik-hammadde-dmae-dimetiletanolamin\\\/#primaryimage\",\"url\":\"https:\\\/\\\/naturalpoland.com\\\/wp-content\\\/uploads\\\/dimethylaminoethanol.webp\",\"contentUrl\":\"https:\\\/\\\/naturalpoland.com\\\/wp-content\\\/uploads\\\/dimethylaminoethanol.webp\",\"width\":609,\"height\":609,\"caption\":\"DMAE\"},{\"@type\":\"BreadcrumbList\",\"@id\":\"https:\\\/\\\/naturalpoland.com\\\/tr\\\/urunler\\\/kozmetik-hammaddeleri\\\/kozmetik-hammaddeleri-2\\\/kozmetik-hammadde-dmae-dimetiletanolamin\\\/#breadcrumb\",\"itemListElement\":[{\"@type\":\"ListItem\",\"position\":1,\"name\":\"Ana Sayfa\",\"item\":\"https:\\\/\\\/naturalpoland.com\\\/tr\\\/\"},{\"@type\":\"ListItem\",\"position\":2,\"name\":\"\u00dcr\u00fcnler\",\"item\":\"https:\\\/\\\/naturalpoland.com\\\/tr\\\/urunler\\\/\"},{\"@type\":\"ListItem\",\"position\":3,\"name\":\"Kozmetik hammadde DMAE (dimetiletanolamin)\"}]},{\"@type\":\"WebSite\",\"@id\":\"https:\\\/\\\/naturalpoland.com\\\/tr\\\/#website\",\"url\":\"https:\\\/\\\/naturalpoland.com\\\/tr\\\/\",\"name\":\"NATURAL POLAND - Hurtowy Dystrybutor Surowc\u00f3w\",\"description\":\"Surowce dla przemys\u0142u spo\u017cywczego, kosmetycznego i farmaceutycznego\",\"publisher\":{\"@id\":\"https:\\\/\\\/naturalpoland.com\\\/tr\\\/#organization\"},\"potentialAction\":[{\"@type\":\"SearchAction\",\"target\":{\"@type\":\"EntryPoint\",\"urlTemplate\":\"https:\\\/\\\/naturalpoland.com\\\/tr\\\/?s={search_term_string}\"},\"query-input\":{\"@type\":\"PropertyValueSpecification\",\"valueRequired\":true,\"valueName\":\"search_term_string\"}}],\"inLanguage\":\"tr\"},{\"@type\":\"Organization\",\"@id\":\"https:\\\/\\\/naturalpoland.com\\\/tr\\\/#organization\",\"name\":\"Natural Poland\",\"url\":\"https:\\\/\\\/naturalpoland.com\\\/tr\\\/\",\"logo\":{\"@type\":\"ImageObject\",\"inLanguage\":\"tr\",\"@id\":\"https:\\\/\\\/naturalpoland.com\\\/tr\\\/#\\\/schema\\\/logo\\\/image\\\/\",\"url\":\"https:\\\/\\\/naturalpoland.com\\\/wp-content\\\/uploads\\\/2021\\\/05\\\/natural-poland-icon.png\",\"contentUrl\":\"https:\\\/\\\/naturalpoland.com\\\/wp-content\\\/uploads\\\/2021\\\/05\\\/natural-poland-icon.png\",\"width\":512,\"height\":512,\"caption\":\"Natural Poland\"},\"image\":{\"@id\":\"https:\\\/\\\/naturalpoland.com\\\/tr\\\/#\\\/schema\\\/logo\\\/image\\\/\"},\"sameAs\":[\"https:\\\/\\\/www.facebook.com\\\/naturalpoland.b2b\",\"https:\\\/\\\/pl.linkedin.com\\\/company\\\/natural-poland\",\"https:\\\/\\\/www.youtube.com\\\/channel\\\/UCgeGGkvOMahZo-xu_MSEWxg\"]}]}<\/script>\n<!-- \/ Yoast SEO plugin. -->","yoast_head_json":{"title":"Kozmetik hammadde DMAE (dimetiletanolamin) - Hurtowy Dystrybutor","description":"DMAE, cilde g\u00f6zle g\u00f6r\u00fcl\u00fcr lifting, s\u0131k\u0131la\u015ft\u0131rma ve gen\u00e7le\u015ftirme etkileri sa\u011flayan modern bir bile\u015fendir. Cildin gen\u00e7 g\u00f6r\u00fcn\u00fcm\u00fcn\u00fc korumas\u0131na yard\u0131mc\u0131 olur.","robots":{"index":"index","follow":"follow","max-snippet":"max-snippet:-1","max-image-preview":"max-image-preview:large","max-video-preview":"max-video-preview:-1"},"canonical":"https:\/\/naturalpoland.com\/tr\/urunler\/kozmetik-hammaddeleri\/kozmetik-hammaddeleri-2\/kozmetik-hammadde-dmae-dimetiletanolamin\/","og_locale":"tr_TR","og_type":"article","og_title":"Kozmetik hammadde DMAE (dimetiletanolamin) - Hurtowy Dystrybutor","og_description":"DMAE, cilde g\u00f6zle g\u00f6r\u00fcl\u00fcr lifting, s\u0131k\u0131la\u015ft\u0131rma ve gen\u00e7le\u015ftirme etkileri sa\u011flayan modern bir bile\u015fendir. Cildin gen\u00e7 g\u00f6r\u00fcn\u00fcm\u00fcn\u00fc korumas\u0131na yard\u0131mc\u0131 olur.","og_url":"https:\/\/naturalpoland.com\/tr\/urunler\/kozmetik-hammaddeleri\/kozmetik-hammaddeleri-2\/kozmetik-hammadde-dmae-dimetiletanolamin\/","og_site_name":"NATURAL POLAND - Hurtowy Dystrybutor Surowc\u00f3w","article_publisher":"https:\/\/www.facebook.com\/naturalpoland.b2b","article_modified_time":"2025-12-22T11:51:22+00:00","og_image":[{"width":609,"height":609,"url":"https:\/\/naturalpoland.com\/wp-content\/uploads\/dimethylaminoethanol.webp","type":"image\/webp"}],"schema":{"@context":"https:\/\/schema.org","@graph":[{"@type":"WebPage","@id":"https:\/\/naturalpoland.com\/tr\/urunler\/kozmetik-hammaddeleri\/kozmetik-hammaddeleri-2\/kozmetik-hammadde-dmae-dimetiletanolamin\/","url":"https:\/\/naturalpoland.com\/tr\/urunler\/kozmetik-hammaddeleri\/kozmetik-hammaddeleri-2\/kozmetik-hammadde-dmae-dimetiletanolamin\/","name":"Kozmetik hammadde DMAE (dimetiletanolamin) - Hurtowy Dystrybutor","isPartOf":{"@id":"https:\/\/naturalpoland.com\/tr\/#website"},"primaryImageOfPage":{"@id":"https:\/\/naturalpoland.com\/tr\/urunler\/kozmetik-hammaddeleri\/kozmetik-hammaddeleri-2\/kozmetik-hammadde-dmae-dimetiletanolamin\/#primaryimage"},"image":{"@id":"https:\/\/naturalpoland.com\/tr\/urunler\/kozmetik-hammaddeleri\/kozmetik-hammaddeleri-2\/kozmetik-hammadde-dmae-dimetiletanolamin\/#primaryimage"},"thumbnailUrl":"https:\/\/naturalpoland.com\/wp-content\/uploads\/dimethylaminoethanol.webp","datePublished":"2024-03-25T15:03:09+00:00","dateModified":"2025-12-22T11:51:22+00:00","description":"DMAE, cilde g\u00f6zle g\u00f6r\u00fcl\u00fcr lifting, s\u0131k\u0131la\u015ft\u0131rma ve gen\u00e7le\u015ftirme etkileri sa\u011flayan modern bir bile\u015fendir. Cildin gen\u00e7 g\u00f6r\u00fcn\u00fcm\u00fcn\u00fc korumas\u0131na yard\u0131mc\u0131 olur.","breadcrumb":{"@id":"https:\/\/naturalpoland.com\/tr\/urunler\/kozmetik-hammaddeleri\/kozmetik-hammaddeleri-2\/kozmetik-hammadde-dmae-dimetiletanolamin\/#breadcrumb"},"inLanguage":"tr","potentialAction":[{"@type":"ReadAction","target":["https:\/\/naturalpoland.com\/tr\/urunler\/kozmetik-hammaddeleri\/kozmetik-hammaddeleri-2\/kozmetik-hammadde-dmae-dimetiletanolamin\/"]}]},{"@type":"ImageObject","inLanguage":"tr","@id":"https:\/\/naturalpoland.com\/tr\/urunler\/kozmetik-hammaddeleri\/kozmetik-hammaddeleri-2\/kozmetik-hammadde-dmae-dimetiletanolamin\/#primaryimage","url":"https:\/\/naturalpoland.com\/wp-content\/uploads\/dimethylaminoethanol.webp","contentUrl":"https:\/\/naturalpoland.com\/wp-content\/uploads\/dimethylaminoethanol.webp","width":609,"height":609,"caption":"DMAE"},{"@type":"BreadcrumbList","@id":"https:\/\/naturalpoland.com\/tr\/urunler\/kozmetik-hammaddeleri\/kozmetik-hammaddeleri-2\/kozmetik-hammadde-dmae-dimetiletanolamin\/#breadcrumb","itemListElement":[{"@type":"ListItem","position":1,"name":"Ana Sayfa","item":"https:\/\/naturalpoland.com\/tr\/"},{"@type":"ListItem","position":2,"name":"\u00dcr\u00fcnler","item":"https:\/\/naturalpoland.com\/tr\/urunler\/"},{"@type":"ListItem","position":3,"name":"Kozmetik hammadde DMAE (dimetiletanolamin)"}]},{"@type":"WebSite","@id":"https:\/\/naturalpoland.com\/tr\/#website","url":"https:\/\/naturalpoland.com\/tr\/","name":"NATURAL POLAND - Hurtowy Dystrybutor Surowc\u00f3w","description":"Surowce dla przemys\u0142u spo\u017cywczego, kosmetycznego i farmaceutycznego","publisher":{"@id":"https:\/\/naturalpoland.com\/tr\/#organization"},"potentialAction":[{"@type":"SearchAction","target":{"@type":"EntryPoint","urlTemplate":"https:\/\/naturalpoland.com\/tr\/?s={search_term_string}"},"query-input":{"@type":"PropertyValueSpecification","valueRequired":true,"valueName":"search_term_string"}}],"inLanguage":"tr"},{"@type":"Organization","@id":"https:\/\/naturalpoland.com\/tr\/#organization","name":"Natural Poland","url":"https:\/\/naturalpoland.com\/tr\/","logo":{"@type":"ImageObject","inLanguage":"tr","@id":"https:\/\/naturalpoland.com\/tr\/#\/schema\/logo\/image\/","url":"https:\/\/naturalpoland.com\/wp-content\/uploads\/2021\/05\/natural-poland-icon.png","contentUrl":"https:\/\/naturalpoland.com\/wp-content\/uploads\/2021\/05\/natural-poland-icon.png","width":512,"height":512,"caption":"Natural Poland"},"image":{"@id":"https:\/\/naturalpoland.com\/tr\/#\/schema\/logo\/image\/"},"sameAs":["https:\/\/www.facebook.com\/naturalpoland.b2b","https:\/\/pl.linkedin.com\/company\/natural-poland","https:\/\/www.youtube.com\/channel\/UCgeGGkvOMahZo-xu_MSEWxg"]}]}},"_links":{"self":[{"href":"https:\/\/naturalpoland.com\/tr\/wp-json\/wp\/v2\/product\/44547","targetHints":{"allow":["GET"]}}],"collection":[{"href":"https:\/\/naturalpoland.com\/tr\/wp-json\/wp\/v2\/product"}],"about":[{"href":"https:\/\/naturalpoland.com\/tr\/wp-json\/wp\/v2\/types\/product"}],"wp:featuredmedia":[{"embeddable":true,"href":"https:\/\/naturalpoland.com\/tr\/wp-json\/wp\/v2\/media\/44548"}],"wp:attachment":[{"href":"https:\/\/naturalpoland.com\/tr\/wp-json\/wp\/v2\/media?parent=44547"}],"wp:term":[{"taxonomy":"product_brand","embeddable":true,"href":"https:\/\/naturalpoland.com\/tr\/wp-json\/wp\/v2\/product_brand?post=44547"},{"taxonomy":"product_cat","embeddable":true,"href":"https:\/\/naturalpoland.com\/tr\/wp-json\/wp\/v2\/product_cat?post=44547"},{"taxonomy":"product_tag","embeddable":true,"href":"https:\/\/naturalpoland.com\/tr\/wp-json\/wp\/v2\/product_tag?post=44547"}],"curies":[{"name":"wp","href":"https:\/\/api.w.org\/{rel}","templated":true}]}}