{"id":44549,"date":"2021-05-11T13:47:46","date_gmt":"2021-05-11T11:47:46","guid":{"rendered":"https:\/\/naturalpoland.com\/produkty\/kategorilenmemis\/metilkobalamin-koenzim-b12\/"},"modified":"2025-12-22T12:51:25","modified_gmt":"2025-12-22T11:51:25","slug":"metilkobalamin-koenzim-b12","status":"publish","type":"product","link":"https:\/\/naturalpoland.com\/tr\/urunler\/farmasotik-hammaddeler\/vitaminler\/metilkobalamin-koenzim-b12\/","title":{"rendered":"Metilkobalamin (Koenzim B12)"},"content":{"rendered":"<h2>Metilkobalaminin temel \u00f6zellikleri ve i\u015flevleri:<\/h2>\n<p>B12 vitamini, metilkobalamin formunda, kan yap\u0131m\u0131 i\u015flevlerini destekler, <strong>eritrosit \u00fcretiminden<\/strong> (k\u0131rm\u0131z\u0131 kan h\u00fccreleri) sorumludur ve DNA ve RNA sentezi s\u00fcre\u00e7lerine yard\u0131mc\u0131 olur. Bu sayede megaloblastik anemiyi \u00f6nler ve zay\u0131fl\u0131k, yorgunluk, konsantrasyon sorunlar\u0131 ve cilt solgunlu\u011fu gibi belirtileri \u00f6nlemeye yard\u0131mc\u0131 olur. B12 vitamini ayr\u0131ca beyaz kan h\u00fccrelerinin i\u015fleyi\u015fini etkileyerek <strong>ba\u011f\u0131\u015f\u0131kl\u0131\u011f\u0131 destekler<\/strong> ve v\u00fccudun enfeksiyonlarla sava\u015fma yetene\u011fini art\u0131r\u0131r.  <\/p>\n<p>B12 ayr\u0131ca n\u00f6ronlar\u0131n koruyucu k\u0131l\u0131f\u0131 olan <strong>miyelin sentezi<\/strong> i\u00e7in gereklidir, bu da sinir iletimini iyile\u015ftirir. Haf\u0131za ve konsantrasyonu art\u0131rarak bili\u015fsel i\u015flevleri olumlu etkiler ve n\u00f6rodejeneratif hastal\u0131klar ile depresyon riskini azalt\u0131r. <\/p>\n<p>B12 vitamini <strong>yorgunlu\u011fu azaltmaya<\/strong> yard\u0131mc\u0131 olur ve enerji metabolizmas\u0131n\u0131 iyile\u015ftirir. Ayr\u0131ca, metilkobalamin kardiyovask\u00fcler hastal\u0131k riski ile ili\u015fkili bir amino asit olan <strong>homosistein seviyesini d\u00fc\u015f\u00fcrmeye<\/strong> yard\u0131mc\u0131 olur. Homosistein seviyesini d\u00fczenleyerek ateroskleroz, kalp krizi ve inme riskini azalt\u0131r.  <\/p>\n<p><strong>B12 vitamininin do\u011fal kaynaklar\u0131<\/strong> \u00f6ncelikle et, bal\u0131k, yumurta ve s\u00fct \u00fcr\u00fcnleri gibi hayvansal \u00fcr\u00fcnlerdir, bu nedenle bitkisel beslenme yapanlar i\u00e7in takviye almak \u00e7ok \u00f6nemlidir. Metilkobalamin takviyeleri ayr\u0131ca ya\u015fl\u0131 bireylere de \u00f6nerilir, \u00e7\u00fcnk\u00fc bu vitamini emme yetenekleri ya\u015fla birlikte azal\u0131r. <\/p>\n<p><strong>\u00d6nerilen dozaj ve kullan\u0131m g\u00fcvenli\u011fi<\/strong> &#8211; Metilkobalamin takviyesi bireysel ihtiya\u00e7lara g\u00f6re ayarlanmal\u0131d\u0131r, genellikle g\u00fcnde 500 ila 1000 \u00b5g aras\u0131nda, bir doktor veya diyetisyen kontrol\u00fcnde al\u0131n\u0131r. B12 vitamini g\u00fcvenlidir ve v\u00fccutta birikmez, \u00e7\u00fcnk\u00fc fazlas\u0131 idrarla at\u0131l\u0131r. <\/p>\n","protected":false},"excerpt":{"rendered":"<p><strong>Metilkobalamin<\/strong> (koenzim B12), <strong>B12 vitamininin<\/strong> y\u00fcksek emilime sahip biyolojik olarak aktif formudur. \u00d6zellikle vegan ve vejetaryenler, ya\u015fl\u0131lar ve bu vitaminin eksikli\u011fi riski alt\u0131nda olan emilim bozuklu\u011fu olan ki\u015filer i\u00e7in pop\u00fcler bir besin takviyesi bile\u015fenidir. <\/p>\n<p>&nbsp;<\/p>\n","protected":false},"featured_media":44551,"template":"","meta":{"_acf_changed":false},"product_brand":[],"product_cat":[9542],"product_tag":[],"class_list":{"0":"post-44549","1":"product","2":"type-product","3":"status-publish","4":"has-post-thumbnail","6":"product_cat-vitaminler","8":"first","9":"instock","10":"shipping-taxable","11":"product-type-simple"},"acf":[],"yoast_head":"<!-- This site is optimized with the Yoast SEO plugin v27.5 - https:\/\/yoast.com\/product\/yoast-seo-wordpress\/ -->\n<title>Metilkobalamin (Koenzim B12) - Toptan Hammadde Distrib\u00fct\u00f6r\u00fc - NATURAL POLAND - Hurtowy Dystrybutor Surowc\u00f3w<\/title>\n<meta name=\"description\" content=\"Metilkobalamin, B12 vitamini eksikli\u011finin \u00f6nlenmesi ve tedavisinde \u00f6nemlidir, sinir sistemi, ba\u011f\u0131\u015f\u0131kl\u0131k sistemi ve kan sa\u011fl\u0131\u011f\u0131n\u0131 destekler.\" \/>\n<meta name=\"robots\" content=\"index, follow, max-snippet:-1, max-image-preview:large, max-video-preview:-1\" \/>\n<link rel=\"canonical\" href=\"https:\/\/naturalpoland.com\/tr\/urunler\/farmasotik-hammaddeler\/vitaminler\/metilkobalamin-koenzim-b12\/\" \/>\n<meta property=\"og:locale\" content=\"tr_TR\" \/>\n<meta property=\"og:type\" content=\"article\" \/>\n<meta property=\"og:title\" content=\"Metilkobalamin (Koenzim B12) - Toptan Hammadde Distrib\u00fct\u00f6r\u00fc - NATURAL POLAND - Hurtowy Dystrybutor Surowc\u00f3w\" \/>\n<meta property=\"og:description\" content=\"Metilkobalamin, B12 vitamini eksikli\u011finin \u00f6nlenmesi ve tedavisinde \u00f6nemlidir, sinir sistemi, ba\u011f\u0131\u015f\u0131kl\u0131k sistemi ve kan sa\u011fl\u0131\u011f\u0131n\u0131 destekler.\" \/>\n<meta property=\"og:url\" content=\"https:\/\/naturalpoland.com\/tr\/urunler\/farmasotik-hammaddeler\/vitaminler\/metilkobalamin-koenzim-b12\/\" \/>\n<meta property=\"og:site_name\" content=\"NATURAL POLAND - Hurtowy Dystrybutor Surowc\u00f3w\" \/>\n<meta property=\"article:publisher\" content=\"https:\/\/www.facebook.com\/naturalpoland.b2b\" \/>\n<meta property=\"article:modified_time\" content=\"2025-12-22T11:51:25+00:00\" \/>\n<meta property=\"og:image\" content=\"https:\/\/naturalpoland.com\/wp-content\/uploads\/metylokobalamina.webp\" \/>\n\t<meta property=\"og:image:width\" content=\"700\" \/>\n\t<meta property=\"og:image:height\" content=\"700\" \/>\n\t<meta property=\"og:image:type\" content=\"image\/webp\" \/>\n<script type=\"application\/ld+json\" class=\"yoast-schema-graph\">{\"@context\":\"https:\\\/\\\/schema.org\",\"@graph\":[{\"@type\":\"WebPage\",\"@id\":\"https:\\\/\\\/naturalpoland.com\\\/tr\\\/urunler\\\/farmasotik-hammaddeler\\\/vitaminler\\\/metilkobalamin-koenzim-b12\\\/\",\"url\":\"https:\\\/\\\/naturalpoland.com\\\/tr\\\/urunler\\\/farmasotik-hammaddeler\\\/vitaminler\\\/metilkobalamin-koenzim-b12\\\/\",\"name\":\"Metilkobalamin (Koenzim B12) - Toptan Hammadde Distrib\u00fct\u00f6r\u00fc - NATURAL POLAND - Hurtowy Dystrybutor Surowc\u00f3w\",\"isPartOf\":{\"@id\":\"https:\\\/\\\/naturalpoland.com\\\/tr\\\/#website\"},\"primaryImageOfPage\":{\"@id\":\"https:\\\/\\\/naturalpoland.com\\\/tr\\\/urunler\\\/farmasotik-hammaddeler\\\/vitaminler\\\/metilkobalamin-koenzim-b12\\\/#primaryimage\"},\"image\":{\"@id\":\"https:\\\/\\\/naturalpoland.com\\\/tr\\\/urunler\\\/farmasotik-hammaddeler\\\/vitaminler\\\/metilkobalamin-koenzim-b12\\\/#primaryimage\"},\"thumbnailUrl\":\"https:\\\/\\\/naturalpoland.com\\\/wp-content\\\/uploads\\\/metylokobalamina.webp\",\"datePublished\":\"2021-05-11T11:47:46+00:00\",\"dateModified\":\"2025-12-22T11:51:25+00:00\",\"description\":\"Metilkobalamin, B12 vitamini eksikli\u011finin \u00f6nlenmesi ve tedavisinde \u00f6nemlidir, sinir sistemi, ba\u011f\u0131\u015f\u0131kl\u0131k sistemi ve kan sa\u011fl\u0131\u011f\u0131n\u0131 destekler.\",\"breadcrumb\":{\"@id\":\"https:\\\/\\\/naturalpoland.com\\\/tr\\\/urunler\\\/farmasotik-hammaddeler\\\/vitaminler\\\/metilkobalamin-koenzim-b12\\\/#breadcrumb\"},\"inLanguage\":\"tr\",\"potentialAction\":[{\"@type\":\"ReadAction\",\"target\":[\"https:\\\/\\\/naturalpoland.com\\\/tr\\\/urunler\\\/farmasotik-hammaddeler\\\/vitaminler\\\/metilkobalamin-koenzim-b12\\\/\"]}]},{\"@type\":\"ImageObject\",\"inLanguage\":\"tr\",\"@id\":\"https:\\\/\\\/naturalpoland.com\\\/tr\\\/urunler\\\/farmasotik-hammaddeler\\\/vitaminler\\\/metilkobalamin-koenzim-b12\\\/#primaryimage\",\"url\":\"https:\\\/\\\/naturalpoland.com\\\/wp-content\\\/uploads\\\/metylokobalamina.webp\",\"contentUrl\":\"https:\\\/\\\/naturalpoland.com\\\/wp-content\\\/uploads\\\/metylokobalamina.webp\",\"width\":700,\"height\":700,\"caption\":\"Metilkobalamin, B12 vitamini\"},{\"@type\":\"BreadcrumbList\",\"@id\":\"https:\\\/\\\/naturalpoland.com\\\/tr\\\/urunler\\\/farmasotik-hammaddeler\\\/vitaminler\\\/metilkobalamin-koenzim-b12\\\/#breadcrumb\",\"itemListElement\":[{\"@type\":\"ListItem\",\"position\":1,\"name\":\"Ana Sayfa\",\"item\":\"https:\\\/\\\/naturalpoland.com\\\/tr\\\/\"},{\"@type\":\"ListItem\",\"position\":2,\"name\":\"\u00dcr\u00fcnler\",\"item\":\"https:\\\/\\\/naturalpoland.com\\\/tr\\\/urunler\\\/\"},{\"@type\":\"ListItem\",\"position\":3,\"name\":\"Metilkobalamin (Koenzim B12)\"}]},{\"@type\":\"WebSite\",\"@id\":\"https:\\\/\\\/naturalpoland.com\\\/tr\\\/#website\",\"url\":\"https:\\\/\\\/naturalpoland.com\\\/tr\\\/\",\"name\":\"NATURAL POLAND - Hurtowy Dystrybutor Surowc\u00f3w\",\"description\":\"Surowce dla przemys\u0142u spo\u017cywczego, kosmetycznego i farmaceutycznego\",\"publisher\":{\"@id\":\"https:\\\/\\\/naturalpoland.com\\\/tr\\\/#organization\"},\"potentialAction\":[{\"@type\":\"SearchAction\",\"target\":{\"@type\":\"EntryPoint\",\"urlTemplate\":\"https:\\\/\\\/naturalpoland.com\\\/tr\\\/?s={search_term_string}\"},\"query-input\":{\"@type\":\"PropertyValueSpecification\",\"valueRequired\":true,\"valueName\":\"search_term_string\"}}],\"inLanguage\":\"tr\"},{\"@type\":\"Organization\",\"@id\":\"https:\\\/\\\/naturalpoland.com\\\/tr\\\/#organization\",\"name\":\"Natural Poland\",\"url\":\"https:\\\/\\\/naturalpoland.com\\\/tr\\\/\",\"logo\":{\"@type\":\"ImageObject\",\"inLanguage\":\"tr\",\"@id\":\"https:\\\/\\\/naturalpoland.com\\\/tr\\\/#\\\/schema\\\/logo\\\/image\\\/\",\"url\":\"https:\\\/\\\/naturalpoland.com\\\/wp-content\\\/uploads\\\/2021\\\/05\\\/natural-poland-icon.png\",\"contentUrl\":\"https:\\\/\\\/naturalpoland.com\\\/wp-content\\\/uploads\\\/2021\\\/05\\\/natural-poland-icon.png\",\"width\":512,\"height\":512,\"caption\":\"Natural Poland\"},\"image\":{\"@id\":\"https:\\\/\\\/naturalpoland.com\\\/tr\\\/#\\\/schema\\\/logo\\\/image\\\/\"},\"sameAs\":[\"https:\\\/\\\/www.facebook.com\\\/naturalpoland.b2b\",\"https:\\\/\\\/pl.linkedin.com\\\/company\\\/natural-poland\",\"https:\\\/\\\/www.youtube.com\\\/channel\\\/UCgeGGkvOMahZo-xu_MSEWxg\"]}]}<\/script>\n<!-- \/ Yoast SEO plugin. -->","yoast_head_json":{"title":"Metilkobalamin (Koenzim B12) - Toptan Hammadde Distrib\u00fct\u00f6r\u00fc - NATURAL POLAND - Hurtowy Dystrybutor Surowc\u00f3w","description":"Metilkobalamin, B12 vitamini eksikli\u011finin \u00f6nlenmesi ve tedavisinde \u00f6nemlidir, sinir sistemi, ba\u011f\u0131\u015f\u0131kl\u0131k sistemi ve kan sa\u011fl\u0131\u011f\u0131n\u0131 destekler.","robots":{"index":"index","follow":"follow","max-snippet":"max-snippet:-1","max-image-preview":"max-image-preview:large","max-video-preview":"max-video-preview:-1"},"canonical":"https:\/\/naturalpoland.com\/tr\/urunler\/farmasotik-hammaddeler\/vitaminler\/metilkobalamin-koenzim-b12\/","og_locale":"tr_TR","og_type":"article","og_title":"Metilkobalamin (Koenzim B12) - Toptan Hammadde Distrib\u00fct\u00f6r\u00fc - NATURAL POLAND - Hurtowy Dystrybutor Surowc\u00f3w","og_description":"Metilkobalamin, B12 vitamini eksikli\u011finin \u00f6nlenmesi ve tedavisinde \u00f6nemlidir, sinir sistemi, ba\u011f\u0131\u015f\u0131kl\u0131k sistemi ve kan sa\u011fl\u0131\u011f\u0131n\u0131 destekler.","og_url":"https:\/\/naturalpoland.com\/tr\/urunler\/farmasotik-hammaddeler\/vitaminler\/metilkobalamin-koenzim-b12\/","og_site_name":"NATURAL POLAND - Hurtowy Dystrybutor Surowc\u00f3w","article_publisher":"https:\/\/www.facebook.com\/naturalpoland.b2b","article_modified_time":"2025-12-22T11:51:25+00:00","og_image":[{"width":700,"height":700,"url":"https:\/\/naturalpoland.com\/wp-content\/uploads\/metylokobalamina.webp","type":"image\/webp"}],"schema":{"@context":"https:\/\/schema.org","@graph":[{"@type":"WebPage","@id":"https:\/\/naturalpoland.com\/tr\/urunler\/farmasotik-hammaddeler\/vitaminler\/metilkobalamin-koenzim-b12\/","url":"https:\/\/naturalpoland.com\/tr\/urunler\/farmasotik-hammaddeler\/vitaminler\/metilkobalamin-koenzim-b12\/","name":"Metilkobalamin (Koenzim B12) - Toptan Hammadde Distrib\u00fct\u00f6r\u00fc - NATURAL POLAND - Hurtowy Dystrybutor Surowc\u00f3w","isPartOf":{"@id":"https:\/\/naturalpoland.com\/tr\/#website"},"primaryImageOfPage":{"@id":"https:\/\/naturalpoland.com\/tr\/urunler\/farmasotik-hammaddeler\/vitaminler\/metilkobalamin-koenzim-b12\/#primaryimage"},"image":{"@id":"https:\/\/naturalpoland.com\/tr\/urunler\/farmasotik-hammaddeler\/vitaminler\/metilkobalamin-koenzim-b12\/#primaryimage"},"thumbnailUrl":"https:\/\/naturalpoland.com\/wp-content\/uploads\/metylokobalamina.webp","datePublished":"2021-05-11T11:47:46+00:00","dateModified":"2025-12-22T11:51:25+00:00","description":"Metilkobalamin, B12 vitamini eksikli\u011finin \u00f6nlenmesi ve tedavisinde \u00f6nemlidir, sinir sistemi, ba\u011f\u0131\u015f\u0131kl\u0131k sistemi ve kan sa\u011fl\u0131\u011f\u0131n\u0131 destekler.","breadcrumb":{"@id":"https:\/\/naturalpoland.com\/tr\/urunler\/farmasotik-hammaddeler\/vitaminler\/metilkobalamin-koenzim-b12\/#breadcrumb"},"inLanguage":"tr","potentialAction":[{"@type":"ReadAction","target":["https:\/\/naturalpoland.com\/tr\/urunler\/farmasotik-hammaddeler\/vitaminler\/metilkobalamin-koenzim-b12\/"]}]},{"@type":"ImageObject","inLanguage":"tr","@id":"https:\/\/naturalpoland.com\/tr\/urunler\/farmasotik-hammaddeler\/vitaminler\/metilkobalamin-koenzim-b12\/#primaryimage","url":"https:\/\/naturalpoland.com\/wp-content\/uploads\/metylokobalamina.webp","contentUrl":"https:\/\/naturalpoland.com\/wp-content\/uploads\/metylokobalamina.webp","width":700,"height":700,"caption":"Metilkobalamin, B12 vitamini"},{"@type":"BreadcrumbList","@id":"https:\/\/naturalpoland.com\/tr\/urunler\/farmasotik-hammaddeler\/vitaminler\/metilkobalamin-koenzim-b12\/#breadcrumb","itemListElement":[{"@type":"ListItem","position":1,"name":"Ana Sayfa","item":"https:\/\/naturalpoland.com\/tr\/"},{"@type":"ListItem","position":2,"name":"\u00dcr\u00fcnler","item":"https:\/\/naturalpoland.com\/tr\/urunler\/"},{"@type":"ListItem","position":3,"name":"Metilkobalamin (Koenzim B12)"}]},{"@type":"WebSite","@id":"https:\/\/naturalpoland.com\/tr\/#website","url":"https:\/\/naturalpoland.com\/tr\/","name":"NATURAL POLAND - Hurtowy Dystrybutor Surowc\u00f3w","description":"Surowce dla przemys\u0142u spo\u017cywczego, kosmetycznego i farmaceutycznego","publisher":{"@id":"https:\/\/naturalpoland.com\/tr\/#organization"},"potentialAction":[{"@type":"SearchAction","target":{"@type":"EntryPoint","urlTemplate":"https:\/\/naturalpoland.com\/tr\/?s={search_term_string}"},"query-input":{"@type":"PropertyValueSpecification","valueRequired":true,"valueName":"search_term_string"}}],"inLanguage":"tr"},{"@type":"Organization","@id":"https:\/\/naturalpoland.com\/tr\/#organization","name":"Natural Poland","url":"https:\/\/naturalpoland.com\/tr\/","logo":{"@type":"ImageObject","inLanguage":"tr","@id":"https:\/\/naturalpoland.com\/tr\/#\/schema\/logo\/image\/","url":"https:\/\/naturalpoland.com\/wp-content\/uploads\/2021\/05\/natural-poland-icon.png","contentUrl":"https:\/\/naturalpoland.com\/wp-content\/uploads\/2021\/05\/natural-poland-icon.png","width":512,"height":512,"caption":"Natural Poland"},"image":{"@id":"https:\/\/naturalpoland.com\/tr\/#\/schema\/logo\/image\/"},"sameAs":["https:\/\/www.facebook.com\/naturalpoland.b2b","https:\/\/pl.linkedin.com\/company\/natural-poland","https:\/\/www.youtube.com\/channel\/UCgeGGkvOMahZo-xu_MSEWxg"]}]}},"_links":{"self":[{"href":"https:\/\/naturalpoland.com\/tr\/wp-json\/wp\/v2\/product\/44549","targetHints":{"allow":["GET"]}}],"collection":[{"href":"https:\/\/naturalpoland.com\/tr\/wp-json\/wp\/v2\/product"}],"about":[{"href":"https:\/\/naturalpoland.com\/tr\/wp-json\/wp\/v2\/types\/product"}],"wp:featuredmedia":[{"embeddable":true,"href":"https:\/\/naturalpoland.com\/tr\/wp-json\/wp\/v2\/media\/44551"}],"wp:attachment":[{"href":"https:\/\/naturalpoland.com\/tr\/wp-json\/wp\/v2\/media?parent=44549"}],"wp:term":[{"taxonomy":"product_brand","embeddable":true,"href":"https:\/\/naturalpoland.com\/tr\/wp-json\/wp\/v2\/product_brand?post=44549"},{"taxonomy":"product_cat","embeddable":true,"href":"https:\/\/naturalpoland.com\/tr\/wp-json\/wp\/v2\/product_cat?post=44549"},{"taxonomy":"product_tag","embeddable":true,"href":"https:\/\/naturalpoland.com\/tr\/wp-json\/wp\/v2\/product_tag?post=44549"}],"curies":[{"name":"wp","href":"https:\/\/api.w.org\/{rel}","templated":true}]}}