{"id":44569,"date":"2024-07-09T12:51:45","date_gmt":"2024-07-09T10:51:45","guid":{"rendered":"https:\/\/naturalpoland.com\/produkty\/kategorilenmemis\/ogutulmus-kayisi-cekirdegi\/"},"modified":"2025-12-22T12:57:44","modified_gmt":"2025-12-22T11:57:44","slug":"ogutulmus-kayisi-cekirdegi","status":"publish","type":"product","link":"https:\/\/naturalpoland.com\/tr\/urunler\/gida-hammaddeleri\/bitkisel-proteinler\/ogutulmus-kayisi-cekirdegi\/","title":{"rendered":"\u00d6\u011f\u00fct\u00fclm\u00fc\u015f kay\u0131s\u0131 \u00e7ekirde\u011fi"},"content":{"rendered":"<p>\u00d6\u011f\u00fct\u00fclm\u00fc\u015f kay\u0131s\u0131 \u00e7ekirde\u011fi, cilt i\u00e7in faydal\u0131 ya\u011flar, vitaminler ve mineraller bak\u0131m\u0131ndan zengindir. Antioksidan \u00f6zellikleriyle bilinen ve cildi serbest radikallerin ve UV \u0131\u015f\u0131nlar\u0131n\u0131n neden oldu\u011fu hasarlardan korumaya yard\u0131mc\u0131 olan E vitamini i\u00e7erir. Ayr\u0131ca, kay\u0131s\u0131 \u00e7ekirdeklerinde bulunan do\u011fal ya\u011flar cildin nemlendirilmesine ve yumu\u015fat\u0131lmas\u0131na katk\u0131da bulunabilir.  <\/p>\n<h2>Kozmetikteki uygulamalar\u0131<\/h2>\n<p>Yumu\u015fak dokusu ve besleyici \u00f6zellikleri sayesinde, \u00f6\u011f\u00fct\u00fclm\u00fc\u015f kay\u0131s\u0131 \u00e7ekirde\u011fi bak\u0131m \u00fcr\u00fcnlerinde m\u00fckemmel bir bile\u015fendir. Genellikle cildin dokusunu ve g\u00f6r\u00fcn\u00fcm\u00fcn\u00fc iyile\u015ftirerek \u00f6l\u00fc cilt h\u00fccrelerini nazik\u00e7e gideren do\u011fal bir peeling olarak kullan\u0131l\u0131r. Ayr\u0131ca, nemlendirici olarak i\u015flev g\u00f6ren ve cildin nemini art\u0131ran maskelere, kremlere veya losyonlara da eklenebilir.  <\/p>\n<h2>Diyette Kullan\u0131m\u0131<\/h2>\n<p>\u00d6\u011f\u00fct\u00fclm\u00fc\u015f kay\u0131s\u0131 \u00e7ekirde\u011fi sadece bir kozmetik \u00fcr\u00fcn de\u011fil, ayn\u0131 zamanda diyete de\u011ferli bir katk\u0131d\u0131r. Yo\u011furtlara, smoothie&#8217;lere eklenebilir veya salatalar\u0131n ve tatl\u0131lar\u0131n \u00fczerine serpilebilir, bu da g\u00fcnl\u00fck men\u00fcy\u00fc ek vitaminler ve minerallerle zenginle\u015ftirmenin harika bir yoludur. Y\u00fcksek lif i\u00e7eri\u011fi sayesinde sindirime destek olabilir ve genel sa\u011fl\u0131\u011fa katk\u0131da bulunabilir.  <\/p>\n<h2>G\u00fcvenlik ve Kalite Standartlar\u0131<\/h2>\n<p>Mevcut analizlere g\u00f6re, \u00f6\u011f\u00fct\u00fclm\u00fc\u015f kay\u0131s\u0131 \u00e7ekirde\u011fi y\u00fcksek safl\u0131kta bir \u00fcr\u00fcnd\u00fcr. Nem i\u00e7eri\u011fi d\u00fc\u015f\u00fck seviyede tutulur (%12&#8217;nin alt\u0131nda), bu da tazeli\u011fini ve dayan\u0131kl\u0131l\u0131\u011f\u0131n\u0131 garanti eder. \u00dcr\u00fcn ayr\u0131ca bitkisel ve mineral kirleticilerden ar\u0131nd\u0131r\u0131lm\u0131\u015ft\u0131r, bu da hem kozmetikte hem de diyette kullan\u0131m i\u00e7in en y\u00fcksek kalite ve g\u00fcvenli\u011fi do\u011frular.  <\/p>\n","protected":false},"excerpt":{"rendered":"<p><strong>\u00d6\u011f\u00fct\u00fclm\u00fc\u015f kay\u0131s\u0131 \u00e7ekirde\u011fi<\/strong> (<em>Prunus Armeniaca Seed Powder<\/em>), kay\u0131s\u0131 \u00e7ekirdeklerinden elde edilen, kozmetik ve gastronomi alanlar\u0131nda de\u011fer verilen \u00e7ok y\u00f6nl\u00fc bir bile\u015fendir. Hem bak\u0131m \u00fcr\u00fcnlerinde hem de sa\u011fl\u0131kl\u0131 bir diyet takviyesi olarak kullan\u0131lan besin maddeleri a\u00e7\u0131s\u0131ndan zengindir. <\/p>\n","protected":false},"featured_media":44570,"template":"","meta":{"_acf_changed":false},"product_brand":[],"product_cat":[9567,9540,9553],"product_tag":[],"class_list":{"0":"post-44569","1":"product","2":"type-product","3":"status-publish","4":"has-post-thumbnail","6":"product_cat-bitkisel-proteinler","7":"product_cat-takviye-edici-gida-bilesenleri","8":"product_cat-peeling-urunleri","10":"first","11":"instock","12":"shipping-taxable","13":"product-type-simple"},"acf":[],"yoast_head":"<!-- This site is optimized with the Yoast SEO plugin v27.5 - https:\/\/yoast.com\/product\/yoast-seo-wordpress\/ -->\n<title>\u00d6\u011f\u00fct\u00fclm\u00fc\u015f kay\u0131s\u0131 \u00e7ekirde\u011fi - NATURAL POLAND - Hurtowy Dystrybutor Surowc\u00f3w<\/title>\n<meta name=\"description\" content=\"\u00d6\u011f\u00fct\u00fclm\u00fc\u015f kay\u0131s\u0131 \u00e7ekirde\u011fi (Prunus Armeniaca Seed Powder), kay\u0131s\u0131 \u00e7ekirdeklerinden elde edilen, kozmetik ve gastronomi alanlar\u0131nda de\u011fer verilen \u00e7ok y\u00f6nl\u00fc bir bile\u015fendir.\" \/>\n<meta name=\"robots\" content=\"index, follow, max-snippet:-1, max-image-preview:large, max-video-preview:-1\" \/>\n<link rel=\"canonical\" href=\"https:\/\/naturalpoland.com\/tr\/urunler\/gida-hammaddeleri\/bitkisel-proteinler\/ogutulmus-kayisi-cekirdegi\/\" \/>\n<meta property=\"og:locale\" content=\"tr_TR\" \/>\n<meta property=\"og:type\" content=\"article\" \/>\n<meta property=\"og:title\" content=\"\u00d6\u011f\u00fct\u00fclm\u00fc\u015f kay\u0131s\u0131 \u00e7ekirde\u011fi - NATURAL POLAND - Hurtowy Dystrybutor Surowc\u00f3w\" \/>\n<meta property=\"og:description\" content=\"\u00d6\u011f\u00fct\u00fclm\u00fc\u015f kay\u0131s\u0131 \u00e7ekirde\u011fi (Prunus Armeniaca Seed Powder), kay\u0131s\u0131 \u00e7ekirdeklerinden elde edilen, kozmetik ve gastronomi alanlar\u0131nda de\u011fer verilen \u00e7ok y\u00f6nl\u00fc bir bile\u015fendir.\" \/>\n<meta property=\"og:url\" content=\"https:\/\/naturalpoland.com\/tr\/urunler\/gida-hammaddeleri\/bitkisel-proteinler\/ogutulmus-kayisi-cekirdegi\/\" \/>\n<meta property=\"og:site_name\" content=\"NATURAL POLAND - Hurtowy Dystrybutor Surowc\u00f3w\" \/>\n<meta property=\"article:publisher\" content=\"https:\/\/www.facebook.com\/naturalpoland.b2b\" \/>\n<meta property=\"article:modified_time\" content=\"2025-12-22T11:57:44+00:00\" \/>\n<meta property=\"og:image\" content=\"https:\/\/naturalpoland.com\/wp-content\/uploads\/mielona-pestka-moreli.webp\" \/>\n\t<meta property=\"og:image:width\" content=\"615\" \/>\n\t<meta property=\"og:image:height\" content=\"615\" \/>\n\t<meta property=\"og:image:type\" content=\"image\/webp\" \/>\n<script type=\"application\/ld+json\" class=\"yoast-schema-graph\">{\"@context\":\"https:\\\/\\\/schema.org\",\"@graph\":[{\"@type\":\"WebPage\",\"@id\":\"https:\\\/\\\/naturalpoland.com\\\/tr\\\/urunler\\\/gida-hammaddeleri\\\/bitkisel-proteinler\\\/ogutulmus-kayisi-cekirdegi\\\/\",\"url\":\"https:\\\/\\\/naturalpoland.com\\\/tr\\\/urunler\\\/gida-hammaddeleri\\\/bitkisel-proteinler\\\/ogutulmus-kayisi-cekirdegi\\\/\",\"name\":\"\u00d6\u011f\u00fct\u00fclm\u00fc\u015f kay\u0131s\u0131 \u00e7ekirde\u011fi - NATURAL POLAND - Hurtowy Dystrybutor Surowc\u00f3w\",\"isPartOf\":{\"@id\":\"https:\\\/\\\/naturalpoland.com\\\/tr\\\/#website\"},\"primaryImageOfPage\":{\"@id\":\"https:\\\/\\\/naturalpoland.com\\\/tr\\\/urunler\\\/gida-hammaddeleri\\\/bitkisel-proteinler\\\/ogutulmus-kayisi-cekirdegi\\\/#primaryimage\"},\"image\":{\"@id\":\"https:\\\/\\\/naturalpoland.com\\\/tr\\\/urunler\\\/gida-hammaddeleri\\\/bitkisel-proteinler\\\/ogutulmus-kayisi-cekirdegi\\\/#primaryimage\"},\"thumbnailUrl\":\"https:\\\/\\\/naturalpoland.com\\\/wp-content\\\/uploads\\\/mielona-pestka-moreli.webp\",\"datePublished\":\"2024-07-09T10:51:45+00:00\",\"dateModified\":\"2025-12-22T11:57:44+00:00\",\"description\":\"\u00d6\u011f\u00fct\u00fclm\u00fc\u015f kay\u0131s\u0131 \u00e7ekirde\u011fi (Prunus Armeniaca Seed Powder), kay\u0131s\u0131 \u00e7ekirdeklerinden elde edilen, kozmetik ve gastronomi alanlar\u0131nda de\u011fer verilen \u00e7ok y\u00f6nl\u00fc bir bile\u015fendir.\",\"breadcrumb\":{\"@id\":\"https:\\\/\\\/naturalpoland.com\\\/tr\\\/urunler\\\/gida-hammaddeleri\\\/bitkisel-proteinler\\\/ogutulmus-kayisi-cekirdegi\\\/#breadcrumb\"},\"inLanguage\":\"tr\",\"potentialAction\":[{\"@type\":\"ReadAction\",\"target\":[\"https:\\\/\\\/naturalpoland.com\\\/tr\\\/urunler\\\/gida-hammaddeleri\\\/bitkisel-proteinler\\\/ogutulmus-kayisi-cekirdegi\\\/\"]}]},{\"@type\":\"ImageObject\",\"inLanguage\":\"tr\",\"@id\":\"https:\\\/\\\/naturalpoland.com\\\/tr\\\/urunler\\\/gida-hammaddeleri\\\/bitkisel-proteinler\\\/ogutulmus-kayisi-cekirdegi\\\/#primaryimage\",\"url\":\"https:\\\/\\\/naturalpoland.com\\\/wp-content\\\/uploads\\\/mielona-pestka-moreli.webp\",\"contentUrl\":\"https:\\\/\\\/naturalpoland.com\\\/wp-content\\\/uploads\\\/mielona-pestka-moreli.webp\",\"width\":615,\"height\":615,\"caption\":\"\u00f6\u011f\u00fct\u00fclm\u00fc\u015f kay\u0131s\u0131 \u00e7ekirde\u011fi\"},{\"@type\":\"BreadcrumbList\",\"@id\":\"https:\\\/\\\/naturalpoland.com\\\/tr\\\/urunler\\\/gida-hammaddeleri\\\/bitkisel-proteinler\\\/ogutulmus-kayisi-cekirdegi\\\/#breadcrumb\",\"itemListElement\":[{\"@type\":\"ListItem\",\"position\":1,\"name\":\"Ana Sayfa\",\"item\":\"https:\\\/\\\/naturalpoland.com\\\/tr\\\/\"},{\"@type\":\"ListItem\",\"position\":2,\"name\":\"\u00dcr\u00fcnler\",\"item\":\"https:\\\/\\\/naturalpoland.com\\\/tr\\\/urunler\\\/\"},{\"@type\":\"ListItem\",\"position\":3,\"name\":\"\u00d6\u011f\u00fct\u00fclm\u00fc\u015f kay\u0131s\u0131 \u00e7ekirde\u011fi\"}]},{\"@type\":\"WebSite\",\"@id\":\"https:\\\/\\\/naturalpoland.com\\\/tr\\\/#website\",\"url\":\"https:\\\/\\\/naturalpoland.com\\\/tr\\\/\",\"name\":\"NATURAL POLAND - Hurtowy Dystrybutor Surowc\u00f3w\",\"description\":\"Surowce dla przemys\u0142u spo\u017cywczego, kosmetycznego i farmaceutycznego\",\"publisher\":{\"@id\":\"https:\\\/\\\/naturalpoland.com\\\/tr\\\/#organization\"},\"potentialAction\":[{\"@type\":\"SearchAction\",\"target\":{\"@type\":\"EntryPoint\",\"urlTemplate\":\"https:\\\/\\\/naturalpoland.com\\\/tr\\\/?s={search_term_string}\"},\"query-input\":{\"@type\":\"PropertyValueSpecification\",\"valueRequired\":true,\"valueName\":\"search_term_string\"}}],\"inLanguage\":\"tr\"},{\"@type\":\"Organization\",\"@id\":\"https:\\\/\\\/naturalpoland.com\\\/tr\\\/#organization\",\"name\":\"Natural Poland\",\"url\":\"https:\\\/\\\/naturalpoland.com\\\/tr\\\/\",\"logo\":{\"@type\":\"ImageObject\",\"inLanguage\":\"tr\",\"@id\":\"https:\\\/\\\/naturalpoland.com\\\/tr\\\/#\\\/schema\\\/logo\\\/image\\\/\",\"url\":\"https:\\\/\\\/naturalpoland.com\\\/wp-content\\\/uploads\\\/2021\\\/05\\\/natural-poland-icon.png\",\"contentUrl\":\"https:\\\/\\\/naturalpoland.com\\\/wp-content\\\/uploads\\\/2021\\\/05\\\/natural-poland-icon.png\",\"width\":512,\"height\":512,\"caption\":\"Natural Poland\"},\"image\":{\"@id\":\"https:\\\/\\\/naturalpoland.com\\\/tr\\\/#\\\/schema\\\/logo\\\/image\\\/\"},\"sameAs\":[\"https:\\\/\\\/www.facebook.com\\\/naturalpoland.b2b\",\"https:\\\/\\\/pl.linkedin.com\\\/company\\\/natural-poland\",\"https:\\\/\\\/www.youtube.com\\\/channel\\\/UCgeGGkvOMahZo-xu_MSEWxg\"]}]}<\/script>\n<!-- \/ Yoast SEO plugin. -->","yoast_head_json":{"title":"\u00d6\u011f\u00fct\u00fclm\u00fc\u015f kay\u0131s\u0131 \u00e7ekirde\u011fi - NATURAL POLAND - Hurtowy Dystrybutor Surowc\u00f3w","description":"\u00d6\u011f\u00fct\u00fclm\u00fc\u015f kay\u0131s\u0131 \u00e7ekirde\u011fi (Prunus Armeniaca Seed Powder), kay\u0131s\u0131 \u00e7ekirdeklerinden elde edilen, kozmetik ve gastronomi alanlar\u0131nda de\u011fer verilen \u00e7ok y\u00f6nl\u00fc bir bile\u015fendir.","robots":{"index":"index","follow":"follow","max-snippet":"max-snippet:-1","max-image-preview":"max-image-preview:large","max-video-preview":"max-video-preview:-1"},"canonical":"https:\/\/naturalpoland.com\/tr\/urunler\/gida-hammaddeleri\/bitkisel-proteinler\/ogutulmus-kayisi-cekirdegi\/","og_locale":"tr_TR","og_type":"article","og_title":"\u00d6\u011f\u00fct\u00fclm\u00fc\u015f kay\u0131s\u0131 \u00e7ekirde\u011fi - NATURAL POLAND - Hurtowy Dystrybutor Surowc\u00f3w","og_description":"\u00d6\u011f\u00fct\u00fclm\u00fc\u015f kay\u0131s\u0131 \u00e7ekirde\u011fi (Prunus Armeniaca Seed Powder), kay\u0131s\u0131 \u00e7ekirdeklerinden elde edilen, kozmetik ve gastronomi alanlar\u0131nda de\u011fer verilen \u00e7ok y\u00f6nl\u00fc bir bile\u015fendir.","og_url":"https:\/\/naturalpoland.com\/tr\/urunler\/gida-hammaddeleri\/bitkisel-proteinler\/ogutulmus-kayisi-cekirdegi\/","og_site_name":"NATURAL POLAND - Hurtowy Dystrybutor Surowc\u00f3w","article_publisher":"https:\/\/www.facebook.com\/naturalpoland.b2b","article_modified_time":"2025-12-22T11:57:44+00:00","og_image":[{"width":615,"height":615,"url":"https:\/\/naturalpoland.com\/wp-content\/uploads\/mielona-pestka-moreli.webp","type":"image\/webp"}],"schema":{"@context":"https:\/\/schema.org","@graph":[{"@type":"WebPage","@id":"https:\/\/naturalpoland.com\/tr\/urunler\/gida-hammaddeleri\/bitkisel-proteinler\/ogutulmus-kayisi-cekirdegi\/","url":"https:\/\/naturalpoland.com\/tr\/urunler\/gida-hammaddeleri\/bitkisel-proteinler\/ogutulmus-kayisi-cekirdegi\/","name":"\u00d6\u011f\u00fct\u00fclm\u00fc\u015f kay\u0131s\u0131 \u00e7ekirde\u011fi - NATURAL POLAND - Hurtowy Dystrybutor Surowc\u00f3w","isPartOf":{"@id":"https:\/\/naturalpoland.com\/tr\/#website"},"primaryImageOfPage":{"@id":"https:\/\/naturalpoland.com\/tr\/urunler\/gida-hammaddeleri\/bitkisel-proteinler\/ogutulmus-kayisi-cekirdegi\/#primaryimage"},"image":{"@id":"https:\/\/naturalpoland.com\/tr\/urunler\/gida-hammaddeleri\/bitkisel-proteinler\/ogutulmus-kayisi-cekirdegi\/#primaryimage"},"thumbnailUrl":"https:\/\/naturalpoland.com\/wp-content\/uploads\/mielona-pestka-moreli.webp","datePublished":"2024-07-09T10:51:45+00:00","dateModified":"2025-12-22T11:57:44+00:00","description":"\u00d6\u011f\u00fct\u00fclm\u00fc\u015f kay\u0131s\u0131 \u00e7ekirde\u011fi (Prunus Armeniaca Seed Powder), kay\u0131s\u0131 \u00e7ekirdeklerinden elde edilen, kozmetik ve gastronomi alanlar\u0131nda de\u011fer verilen \u00e7ok y\u00f6nl\u00fc bir bile\u015fendir.","breadcrumb":{"@id":"https:\/\/naturalpoland.com\/tr\/urunler\/gida-hammaddeleri\/bitkisel-proteinler\/ogutulmus-kayisi-cekirdegi\/#breadcrumb"},"inLanguage":"tr","potentialAction":[{"@type":"ReadAction","target":["https:\/\/naturalpoland.com\/tr\/urunler\/gida-hammaddeleri\/bitkisel-proteinler\/ogutulmus-kayisi-cekirdegi\/"]}]},{"@type":"ImageObject","inLanguage":"tr","@id":"https:\/\/naturalpoland.com\/tr\/urunler\/gida-hammaddeleri\/bitkisel-proteinler\/ogutulmus-kayisi-cekirdegi\/#primaryimage","url":"https:\/\/naturalpoland.com\/wp-content\/uploads\/mielona-pestka-moreli.webp","contentUrl":"https:\/\/naturalpoland.com\/wp-content\/uploads\/mielona-pestka-moreli.webp","width":615,"height":615,"caption":"\u00f6\u011f\u00fct\u00fclm\u00fc\u015f kay\u0131s\u0131 \u00e7ekirde\u011fi"},{"@type":"BreadcrumbList","@id":"https:\/\/naturalpoland.com\/tr\/urunler\/gida-hammaddeleri\/bitkisel-proteinler\/ogutulmus-kayisi-cekirdegi\/#breadcrumb","itemListElement":[{"@type":"ListItem","position":1,"name":"Ana Sayfa","item":"https:\/\/naturalpoland.com\/tr\/"},{"@type":"ListItem","position":2,"name":"\u00dcr\u00fcnler","item":"https:\/\/naturalpoland.com\/tr\/urunler\/"},{"@type":"ListItem","position":3,"name":"\u00d6\u011f\u00fct\u00fclm\u00fc\u015f kay\u0131s\u0131 \u00e7ekirde\u011fi"}]},{"@type":"WebSite","@id":"https:\/\/naturalpoland.com\/tr\/#website","url":"https:\/\/naturalpoland.com\/tr\/","name":"NATURAL POLAND - Hurtowy Dystrybutor Surowc\u00f3w","description":"Surowce dla przemys\u0142u spo\u017cywczego, kosmetycznego i farmaceutycznego","publisher":{"@id":"https:\/\/naturalpoland.com\/tr\/#organization"},"potentialAction":[{"@type":"SearchAction","target":{"@type":"EntryPoint","urlTemplate":"https:\/\/naturalpoland.com\/tr\/?s={search_term_string}"},"query-input":{"@type":"PropertyValueSpecification","valueRequired":true,"valueName":"search_term_string"}}],"inLanguage":"tr"},{"@type":"Organization","@id":"https:\/\/naturalpoland.com\/tr\/#organization","name":"Natural Poland","url":"https:\/\/naturalpoland.com\/tr\/","logo":{"@type":"ImageObject","inLanguage":"tr","@id":"https:\/\/naturalpoland.com\/tr\/#\/schema\/logo\/image\/","url":"https:\/\/naturalpoland.com\/wp-content\/uploads\/2021\/05\/natural-poland-icon.png","contentUrl":"https:\/\/naturalpoland.com\/wp-content\/uploads\/2021\/05\/natural-poland-icon.png","width":512,"height":512,"caption":"Natural Poland"},"image":{"@id":"https:\/\/naturalpoland.com\/tr\/#\/schema\/logo\/image\/"},"sameAs":["https:\/\/www.facebook.com\/naturalpoland.b2b","https:\/\/pl.linkedin.com\/company\/natural-poland","https:\/\/www.youtube.com\/channel\/UCgeGGkvOMahZo-xu_MSEWxg"]}]}},"_links":{"self":[{"href":"https:\/\/naturalpoland.com\/tr\/wp-json\/wp\/v2\/product\/44569","targetHints":{"allow":["GET"]}}],"collection":[{"href":"https:\/\/naturalpoland.com\/tr\/wp-json\/wp\/v2\/product"}],"about":[{"href":"https:\/\/naturalpoland.com\/tr\/wp-json\/wp\/v2\/types\/product"}],"wp:featuredmedia":[{"embeddable":true,"href":"https:\/\/naturalpoland.com\/tr\/wp-json\/wp\/v2\/media\/44570"}],"wp:attachment":[{"href":"https:\/\/naturalpoland.com\/tr\/wp-json\/wp\/v2\/media?parent=44569"}],"wp:term":[{"taxonomy":"product_brand","embeddable":true,"href":"https:\/\/naturalpoland.com\/tr\/wp-json\/wp\/v2\/product_brand?post=44569"},{"taxonomy":"product_cat","embeddable":true,"href":"https:\/\/naturalpoland.com\/tr\/wp-json\/wp\/v2\/product_cat?post=44569"},{"taxonomy":"product_tag","embeddable":true,"href":"https:\/\/naturalpoland.com\/tr\/wp-json\/wp\/v2\/product_tag?post=44569"}],"curies":[{"name":"wp","href":"https:\/\/api.w.org\/{rel}","templated":true}]}}