{"id":44575,"date":"2021-06-28T12:56:44","date_gmt":"2021-06-28T10:56:44","guid":{"rendered":"https:\/\/naturalpoland.com\/produkty\/kategorilenmemis\/hindistan-cevizi-yagi\/"},"modified":"2025-12-22T12:59:37","modified_gmt":"2025-12-22T11:59:37","slug":"hindistan-cevizi-yagi","status":"publish","type":"product","link":"https:\/\/naturalpoland.com\/tr\/urunler\/gida-ve-kozmetik-yaglari\/hindistan-cevizi-yagi\/","title":{"rendered":"Hindistan cevizi ya\u011f\u0131"},"content":{"rendered":"<p>\u00dcr\u00fcn\u00fcm\u00fcz\u00fcn g\u00fcvenlik bilgi formunu almak i\u00e7in l\u00fctfen bizimle ileti\u015fime ge\u00e7in.<\/p>\n<p>Hindistan cevizi etinden elde edilen ya\u011f, sadece g\u0131da end\u00fcstrisinde de\u011fil, ayn\u0131 zamanda kozmetik end\u00fcstrisinde de bir\u00e7ok kullan\u0131m alan\u0131na sahiptir.<\/p>\n<p><strong>Rafine edilmemi\u015f hindistan cevizi ya\u011f\u0131<\/strong> (hindistan cevizi tad\u0131 ve kokusu), \u00f6zellikleri sayesinde cildi m\u00fckemmel bir \u015fekilde nemlendirir. Serbest radikallerin geli\u015fimini engeller, b\u00f6ylece cildin tazeli\u011fini ve esnekli\u011fini etkiler. Sa\u00e7 kremi, a\u011f\u0131z \u00e7alkalama suyu veya t\u0131ra\u015f k\u00f6p\u00fc\u011f\u00fc yerine kullan\u0131labilir.  <\/p>\n<p>Tats\u0131z ve kokusuz <strong>rafine hindistan cevizi ya\u011f\u0131<\/strong>, pi\u015firme, k\u0131zartma ve ekmek s\u00fcrme i\u00e7in kullan\u0131l\u0131r.<\/p>\n<p>Ya\u011f so\u011fuk preslenmi\u015ftir, bu sayede tazeli\u011fini daha uzun s\u00fcre korur.<\/p>\n","protected":false},"excerpt":{"rendered":"<p>Y\u00fcksek kaliteli <strong>SIZMA H\u0130ND\u0130STAN CEV\u0130Z\u0130 YA\u011eI<\/strong> &#8211; toptan da\u011f\u0131t\u0131c\u0131. Hindistan cevizi ya\u011f\u0131, ila\u00e7 ve kozmetik end\u00fcstrisinde kullan\u0131l\u0131r. <\/p>\n<p>\u00dcr\u00fcn g\u00fcvenlidir, cildi tahri\u015f etmez. Kozmetik \u00fcr\u00fcnlerde di\u011fer maddeler i\u00e7in \u00e7\u00f6z\u00fcc\u00fc g\u00f6revi g\u00f6r\u00fcr. Ayr\u0131ca cildi nemlendirir ve yumu\u015fat\u0131r. Hindistan cevizi ya\u011f\u0131 yar\u0131 kat\u0131 halde, beyaz renkte ve karakteristik hindistan cevizi kokusuna sahiptir.   <\/p>\n","protected":false},"featured_media":44576,"template":"","meta":{"_acf_changed":false},"product_brand":[],"product_cat":[9532],"product_tag":[9847],"class_list":{"0":"post-44575","1":"product","2":"type-product","3":"status-publish","4":"has-post-thumbnail","6":"product_cat-gida-ve-kozmetik-yaglari","7":"product_tag-afrika-urunu","8":"pa_grupa-substancji-emolyenler","10":"first","11":"instock","12":"shipping-taxable","13":"product-type-simple"},"acf":[],"yoast_head":"<!-- This site is optimized with the Yoast SEO plugin v27.5 - https:\/\/yoast.com\/product\/yoast-seo-wordpress\/ -->\n<title>Hindistan cevizi ya\u011f\u0131 - Hurtowy Dystrybutor<\/title>\n<meta name=\"description\" content=\"Y\u00fcksek kaliteli SIZMA H\u0130ND\u0130STAN CEV\u0130Z\u0130 YA\u011eI - toptan da\u011f\u0131t\u0131c\u0131. Hindistan cevizi ya\u011f\u0131, ila\u00e7 ve kozmetik end\u00fcstrisinde kullan\u0131l\u0131r.\" \/>\n<meta name=\"robots\" content=\"index, follow, max-snippet:-1, max-image-preview:large, max-video-preview:-1\" \/>\n<link rel=\"canonical\" href=\"https:\/\/naturalpoland.com\/tr\/urunler\/gida-ve-kozmetik-yaglari\/hindistan-cevizi-yagi\/\" \/>\n<meta property=\"og:locale\" content=\"tr_TR\" \/>\n<meta property=\"og:type\" content=\"article\" \/>\n<meta property=\"og:title\" content=\"Hindistan cevizi ya\u011f\u0131 - Hurtowy Dystrybutor\" \/>\n<meta property=\"og:description\" content=\"Y\u00fcksek kaliteli SIZMA H\u0130ND\u0130STAN CEV\u0130Z\u0130 YA\u011eI - toptan da\u011f\u0131t\u0131c\u0131. Hindistan cevizi ya\u011f\u0131, ila\u00e7 ve kozmetik end\u00fcstrisinde kullan\u0131l\u0131r.\" \/>\n<meta property=\"og:url\" content=\"https:\/\/naturalpoland.com\/tr\/urunler\/gida-ve-kozmetik-yaglari\/hindistan-cevizi-yagi\/\" \/>\n<meta property=\"og:site_name\" content=\"NATURAL POLAND - Hurtowy Dystrybutor Surowc\u00f3w\" \/>\n<meta property=\"article:publisher\" content=\"https:\/\/www.facebook.com\/naturalpoland.b2b\" \/>\n<meta property=\"article:modified_time\" content=\"2025-12-22T11:59:37+00:00\" \/>\n<meta property=\"og:image\" content=\"https:\/\/naturalpoland.com\/wp-content\/uploads\/olej-kokosowy.jpg\" \/>\n\t<meta property=\"og:image:width\" content=\"650\" \/>\n\t<meta property=\"og:image:height\" content=\"542\" \/>\n\t<meta property=\"og:image:type\" content=\"image\/jpeg\" \/>\n<script type=\"application\/ld+json\" class=\"yoast-schema-graph\">{\"@context\":\"https:\\\/\\\/schema.org\",\"@graph\":[{\"@type\":\"WebPage\",\"@id\":\"https:\\\/\\\/naturalpoland.com\\\/tr\\\/urunler\\\/gida-ve-kozmetik-yaglari\\\/hindistan-cevizi-yagi\\\/\",\"url\":\"https:\\\/\\\/naturalpoland.com\\\/tr\\\/urunler\\\/gida-ve-kozmetik-yaglari\\\/hindistan-cevizi-yagi\\\/\",\"name\":\"Hindistan cevizi ya\u011f\u0131 - Hurtowy Dystrybutor\",\"isPartOf\":{\"@id\":\"https:\\\/\\\/naturalpoland.com\\\/tr\\\/#website\"},\"primaryImageOfPage\":{\"@id\":\"https:\\\/\\\/naturalpoland.com\\\/tr\\\/urunler\\\/gida-ve-kozmetik-yaglari\\\/hindistan-cevizi-yagi\\\/#primaryimage\"},\"image\":{\"@id\":\"https:\\\/\\\/naturalpoland.com\\\/tr\\\/urunler\\\/gida-ve-kozmetik-yaglari\\\/hindistan-cevizi-yagi\\\/#primaryimage\"},\"thumbnailUrl\":\"https:\\\/\\\/naturalpoland.com\\\/wp-content\\\/uploads\\\/olej-kokosowy.jpg\",\"datePublished\":\"2021-06-28T10:56:44+00:00\",\"dateModified\":\"2025-12-22T11:59:37+00:00\",\"description\":\"Y\u00fcksek kaliteli SIZMA H\u0130ND\u0130STAN CEV\u0130Z\u0130 YA\u011eI - toptan da\u011f\u0131t\u0131c\u0131. Hindistan cevizi ya\u011f\u0131, ila\u00e7 ve kozmetik end\u00fcstrisinde kullan\u0131l\u0131r.\",\"breadcrumb\":{\"@id\":\"https:\\\/\\\/naturalpoland.com\\\/tr\\\/urunler\\\/gida-ve-kozmetik-yaglari\\\/hindistan-cevizi-yagi\\\/#breadcrumb\"},\"inLanguage\":\"tr\",\"potentialAction\":[{\"@type\":\"ReadAction\",\"target\":[\"https:\\\/\\\/naturalpoland.com\\\/tr\\\/urunler\\\/gida-ve-kozmetik-yaglari\\\/hindistan-cevizi-yagi\\\/\"]}]},{\"@type\":\"ImageObject\",\"inLanguage\":\"tr\",\"@id\":\"https:\\\/\\\/naturalpoland.com\\\/tr\\\/urunler\\\/gida-ve-kozmetik-yaglari\\\/hindistan-cevizi-yagi\\\/#primaryimage\",\"url\":\"https:\\\/\\\/naturalpoland.com\\\/wp-content\\\/uploads\\\/olej-kokosowy.jpg\",\"contentUrl\":\"https:\\\/\\\/naturalpoland.com\\\/wp-content\\\/uploads\\\/olej-kokosowy.jpg\",\"width\":650,\"height\":542,\"caption\":\"hindistan cevizi ya\u011f\u0131\"},{\"@type\":\"BreadcrumbList\",\"@id\":\"https:\\\/\\\/naturalpoland.com\\\/tr\\\/urunler\\\/gida-ve-kozmetik-yaglari\\\/hindistan-cevizi-yagi\\\/#breadcrumb\",\"itemListElement\":[{\"@type\":\"ListItem\",\"position\":1,\"name\":\"Ana Sayfa\",\"item\":\"https:\\\/\\\/naturalpoland.com\\\/tr\\\/\"},{\"@type\":\"ListItem\",\"position\":2,\"name\":\"\u00dcr\u00fcnler\",\"item\":\"https:\\\/\\\/naturalpoland.com\\\/tr\\\/urunler\\\/\"},{\"@type\":\"ListItem\",\"position\":3,\"name\":\"Hindistan cevizi ya\u011f\u0131\"}]},{\"@type\":\"WebSite\",\"@id\":\"https:\\\/\\\/naturalpoland.com\\\/tr\\\/#website\",\"url\":\"https:\\\/\\\/naturalpoland.com\\\/tr\\\/\",\"name\":\"NATURAL POLAND - Hurtowy Dystrybutor Surowc\u00f3w\",\"description\":\"Surowce dla przemys\u0142u spo\u017cywczego, kosmetycznego i farmaceutycznego\",\"publisher\":{\"@id\":\"https:\\\/\\\/naturalpoland.com\\\/tr\\\/#organization\"},\"potentialAction\":[{\"@type\":\"SearchAction\",\"target\":{\"@type\":\"EntryPoint\",\"urlTemplate\":\"https:\\\/\\\/naturalpoland.com\\\/tr\\\/?s={search_term_string}\"},\"query-input\":{\"@type\":\"PropertyValueSpecification\",\"valueRequired\":true,\"valueName\":\"search_term_string\"}}],\"inLanguage\":\"tr\"},{\"@type\":\"Organization\",\"@id\":\"https:\\\/\\\/naturalpoland.com\\\/tr\\\/#organization\",\"name\":\"Natural Poland\",\"url\":\"https:\\\/\\\/naturalpoland.com\\\/tr\\\/\",\"logo\":{\"@type\":\"ImageObject\",\"inLanguage\":\"tr\",\"@id\":\"https:\\\/\\\/naturalpoland.com\\\/tr\\\/#\\\/schema\\\/logo\\\/image\\\/\",\"url\":\"https:\\\/\\\/naturalpoland.com\\\/wp-content\\\/uploads\\\/2021\\\/05\\\/natural-poland-icon.png\",\"contentUrl\":\"https:\\\/\\\/naturalpoland.com\\\/wp-content\\\/uploads\\\/2021\\\/05\\\/natural-poland-icon.png\",\"width\":512,\"height\":512,\"caption\":\"Natural Poland\"},\"image\":{\"@id\":\"https:\\\/\\\/naturalpoland.com\\\/tr\\\/#\\\/schema\\\/logo\\\/image\\\/\"},\"sameAs\":[\"https:\\\/\\\/www.facebook.com\\\/naturalpoland.b2b\",\"https:\\\/\\\/pl.linkedin.com\\\/company\\\/natural-poland\",\"https:\\\/\\\/www.youtube.com\\\/channel\\\/UCgeGGkvOMahZo-xu_MSEWxg\"]}]}<\/script>\n<!-- \/ Yoast SEO plugin. -->","yoast_head_json":{"title":"Hindistan cevizi ya\u011f\u0131 - Hurtowy Dystrybutor","description":"Y\u00fcksek kaliteli SIZMA H\u0130ND\u0130STAN CEV\u0130Z\u0130 YA\u011eI - toptan da\u011f\u0131t\u0131c\u0131. Hindistan cevizi ya\u011f\u0131, ila\u00e7 ve kozmetik end\u00fcstrisinde kullan\u0131l\u0131r.","robots":{"index":"index","follow":"follow","max-snippet":"max-snippet:-1","max-image-preview":"max-image-preview:large","max-video-preview":"max-video-preview:-1"},"canonical":"https:\/\/naturalpoland.com\/tr\/urunler\/gida-ve-kozmetik-yaglari\/hindistan-cevizi-yagi\/","og_locale":"tr_TR","og_type":"article","og_title":"Hindistan cevizi ya\u011f\u0131 - Hurtowy Dystrybutor","og_description":"Y\u00fcksek kaliteli SIZMA H\u0130ND\u0130STAN CEV\u0130Z\u0130 YA\u011eI - toptan da\u011f\u0131t\u0131c\u0131. Hindistan cevizi ya\u011f\u0131, ila\u00e7 ve kozmetik end\u00fcstrisinde kullan\u0131l\u0131r.","og_url":"https:\/\/naturalpoland.com\/tr\/urunler\/gida-ve-kozmetik-yaglari\/hindistan-cevizi-yagi\/","og_site_name":"NATURAL POLAND - Hurtowy Dystrybutor Surowc\u00f3w","article_publisher":"https:\/\/www.facebook.com\/naturalpoland.b2b","article_modified_time":"2025-12-22T11:59:37+00:00","og_image":[{"width":650,"height":542,"url":"https:\/\/naturalpoland.com\/wp-content\/uploads\/olej-kokosowy.jpg","type":"image\/jpeg"}],"schema":{"@context":"https:\/\/schema.org","@graph":[{"@type":"WebPage","@id":"https:\/\/naturalpoland.com\/tr\/urunler\/gida-ve-kozmetik-yaglari\/hindistan-cevizi-yagi\/","url":"https:\/\/naturalpoland.com\/tr\/urunler\/gida-ve-kozmetik-yaglari\/hindistan-cevizi-yagi\/","name":"Hindistan cevizi ya\u011f\u0131 - Hurtowy Dystrybutor","isPartOf":{"@id":"https:\/\/naturalpoland.com\/tr\/#website"},"primaryImageOfPage":{"@id":"https:\/\/naturalpoland.com\/tr\/urunler\/gida-ve-kozmetik-yaglari\/hindistan-cevizi-yagi\/#primaryimage"},"image":{"@id":"https:\/\/naturalpoland.com\/tr\/urunler\/gida-ve-kozmetik-yaglari\/hindistan-cevizi-yagi\/#primaryimage"},"thumbnailUrl":"https:\/\/naturalpoland.com\/wp-content\/uploads\/olej-kokosowy.jpg","datePublished":"2021-06-28T10:56:44+00:00","dateModified":"2025-12-22T11:59:37+00:00","description":"Y\u00fcksek kaliteli SIZMA H\u0130ND\u0130STAN CEV\u0130Z\u0130 YA\u011eI - toptan da\u011f\u0131t\u0131c\u0131. Hindistan cevizi ya\u011f\u0131, ila\u00e7 ve kozmetik end\u00fcstrisinde kullan\u0131l\u0131r.","breadcrumb":{"@id":"https:\/\/naturalpoland.com\/tr\/urunler\/gida-ve-kozmetik-yaglari\/hindistan-cevizi-yagi\/#breadcrumb"},"inLanguage":"tr","potentialAction":[{"@type":"ReadAction","target":["https:\/\/naturalpoland.com\/tr\/urunler\/gida-ve-kozmetik-yaglari\/hindistan-cevizi-yagi\/"]}]},{"@type":"ImageObject","inLanguage":"tr","@id":"https:\/\/naturalpoland.com\/tr\/urunler\/gida-ve-kozmetik-yaglari\/hindistan-cevizi-yagi\/#primaryimage","url":"https:\/\/naturalpoland.com\/wp-content\/uploads\/olej-kokosowy.jpg","contentUrl":"https:\/\/naturalpoland.com\/wp-content\/uploads\/olej-kokosowy.jpg","width":650,"height":542,"caption":"hindistan cevizi ya\u011f\u0131"},{"@type":"BreadcrumbList","@id":"https:\/\/naturalpoland.com\/tr\/urunler\/gida-ve-kozmetik-yaglari\/hindistan-cevizi-yagi\/#breadcrumb","itemListElement":[{"@type":"ListItem","position":1,"name":"Ana Sayfa","item":"https:\/\/naturalpoland.com\/tr\/"},{"@type":"ListItem","position":2,"name":"\u00dcr\u00fcnler","item":"https:\/\/naturalpoland.com\/tr\/urunler\/"},{"@type":"ListItem","position":3,"name":"Hindistan cevizi ya\u011f\u0131"}]},{"@type":"WebSite","@id":"https:\/\/naturalpoland.com\/tr\/#website","url":"https:\/\/naturalpoland.com\/tr\/","name":"NATURAL POLAND - Hurtowy Dystrybutor Surowc\u00f3w","description":"Surowce dla przemys\u0142u spo\u017cywczego, kosmetycznego i farmaceutycznego","publisher":{"@id":"https:\/\/naturalpoland.com\/tr\/#organization"},"potentialAction":[{"@type":"SearchAction","target":{"@type":"EntryPoint","urlTemplate":"https:\/\/naturalpoland.com\/tr\/?s={search_term_string}"},"query-input":{"@type":"PropertyValueSpecification","valueRequired":true,"valueName":"search_term_string"}}],"inLanguage":"tr"},{"@type":"Organization","@id":"https:\/\/naturalpoland.com\/tr\/#organization","name":"Natural Poland","url":"https:\/\/naturalpoland.com\/tr\/","logo":{"@type":"ImageObject","inLanguage":"tr","@id":"https:\/\/naturalpoland.com\/tr\/#\/schema\/logo\/image\/","url":"https:\/\/naturalpoland.com\/wp-content\/uploads\/2021\/05\/natural-poland-icon.png","contentUrl":"https:\/\/naturalpoland.com\/wp-content\/uploads\/2021\/05\/natural-poland-icon.png","width":512,"height":512,"caption":"Natural Poland"},"image":{"@id":"https:\/\/naturalpoland.com\/tr\/#\/schema\/logo\/image\/"},"sameAs":["https:\/\/www.facebook.com\/naturalpoland.b2b","https:\/\/pl.linkedin.com\/company\/natural-poland","https:\/\/www.youtube.com\/channel\/UCgeGGkvOMahZo-xu_MSEWxg"]}]}},"_links":{"self":[{"href":"https:\/\/naturalpoland.com\/tr\/wp-json\/wp\/v2\/product\/44575","targetHints":{"allow":["GET"]}}],"collection":[{"href":"https:\/\/naturalpoland.com\/tr\/wp-json\/wp\/v2\/product"}],"about":[{"href":"https:\/\/naturalpoland.com\/tr\/wp-json\/wp\/v2\/types\/product"}],"wp:featuredmedia":[{"embeddable":true,"href":"https:\/\/naturalpoland.com\/tr\/wp-json\/wp\/v2\/media\/44576"}],"wp:attachment":[{"href":"https:\/\/naturalpoland.com\/tr\/wp-json\/wp\/v2\/media?parent=44575"}],"wp:term":[{"taxonomy":"product_brand","embeddable":true,"href":"https:\/\/naturalpoland.com\/tr\/wp-json\/wp\/v2\/product_brand?post=44575"},{"taxonomy":"product_cat","embeddable":true,"href":"https:\/\/naturalpoland.com\/tr\/wp-json\/wp\/v2\/product_cat?post=44575"},{"taxonomy":"product_tag","embeddable":true,"href":"https:\/\/naturalpoland.com\/tr\/wp-json\/wp\/v2\/product_tag?post=44575"}],"curies":[{"name":"wp","href":"https:\/\/api.w.org\/{rel}","templated":true}]}}