{"id":44586,"date":"2025-05-29T15:04:47","date_gmt":"2025-05-29T13:04:47","guid":{"rendered":"https:\/\/naturalpoland.com\/produkty\/kategorilenmemis\/siyah-zencefil-ekstrakti\/"},"modified":"2025-12-22T13:01:09","modified_gmt":"2025-12-22T12:01:09","slug":"siyah-zencefil-ekstrakti","status":"publish","type":"product","link":"https:\/\/naturalpoland.com\/tr\/urunler\/bitkisel-ekstraktlar\/siyah-zencefil-ekstrakti\/","title":{"rendered":"Siyah zencefil ekstrakt\u0131"},"content":{"rendered":"<p><strong>Kaempferia parviflora<\/strong> y\u00fczy\u0131llard\u0131r G\u00fcneydo\u011fu Asya, \u00f6zellikle Tayland geleneksel t\u0131bb\u0131nda kullan\u0131lmaktad\u0131r. \u00d6zellikle sa\u011fl\u0131k ve vitaliteyi destekleyen \u00e7ok y\u00f6nl\u00fc etkisi nedeniyle de\u011fer g\u00f6rm\u00fc\u015ft\u00fcr. Sundu\u011fumuz siyah zencefil ekstrakt\u0131, karakteristik tat ve kokuya sahip, suda \u00e7\u00f6z\u00fcn\u00fcr, ta\u015f\u0131y\u0131c\u0131 olarak maltodekstrin ilaveli, ince sar\u0131-kahverengi toz formundad\u0131r.  <\/p>\n<h2 data-start=\"629\" data-end=\"1211\">\u00d6zellikler ve sa\u011fl\u0131k faydalar\u0131:<\/h2>\n<p data-start=\"629\" data-end=\"1211\">Kaempferia parviflora adaptojenik, antioksidan ve antiinflamatuar \u00f6zellikleri nedeniyle de\u011fer g\u00f6r\u00fcr. Bili\u015fsel fonksiyonlar\u0131 destekler, enerji ve fiziksel performans\u0131 art\u0131r\u0131r, bu nedenle aktif ki\u015filer ve sporcular i\u00e7in takviye edici \u00fcr\u00fcnlerde s\u0131kl\u0131kla kullan\u0131l\u0131r. Bu bitki ayr\u0131ca libido ve hormonal dengeyi olumlu etkileyebilir, bu da erkek sa\u011fl\u0131\u011f\u0131n\u0131 destekleyen preparatlarda kullan\u0131lmas\u0131n\u0131 sa\u011flar. Kaempferia parviflora&#8217;da bulunan bile\u015fikler dola\u015f\u0131m\u0131 iyile\u015ftirebilir, oksidatif stresi azaltabilir ve genel ba\u011f\u0131\u015f\u0131kl\u0131\u011f\u0131 destekleyebilir.   <\/p>\n<h2 data-start=\"1213\" data-end=\"1631\">Kullan\u0131m:<\/h2>\n<p data-start=\"1213\" data-end=\"1631\" data-is-last-node=\"\" data-is-only-node=\"\">Siyah zencefil ekstrakt\u0131 \u00f6ncelikle besin takviyelerinde &#8211; kaps\u00fcl, toz veya enerji, konsantrasyon ve fiziksel performans\u0131 destekleyen form\u00fcllerde kullan\u0131m alan\u0131 bulur. Ayr\u0131ca adaptojenik etkili veya dola\u015f\u0131m sistemi ve libidoyu destekleyen preparatlar\u0131n bile\u015feni olabilir. Suda iyi \u00e7\u00f6z\u00fcn\u00fcrl\u00fc\u011f\u00fc sayesinde fonksiyonel i\u00e7eceklerde de kullan\u0131labilir.  <\/p>\n","protected":false},"excerpt":{"rendered":"<p><strong data-start=\"0\" data-end=\"54\">Siyah zencefil ekstrakt\u0131<\/strong> (siyah galanga), yani Kaempferia parviflora ekstrakt\u0131, zencefil familyas\u0131ndan olan ve siyah galanga veya &#8220;Tayland ginsengi&#8221; olarak da bilinen <em>Kaempferia parviflora<\/em> bitkisinin rizomlar\u0131ndan elde edilen y\u00fcksek kaliteli bitkisel hammaddedir.<\/p>\n","protected":false},"featured_media":44587,"template":"","meta":{"_acf_changed":false},"product_brand":[],"product_cat":[9531],"product_tag":[],"class_list":{"0":"post-44586","1":"product","2":"type-product","3":"status-publish","4":"has-post-thumbnail","6":"product_cat-bitkisel-ekstraktlar","7":"pa_czesc-rosliny-kok","9":"first","10":"instock","11":"shipping-taxable","12":"product-type-simple"},"acf":[],"yoast_head":"<!-- This site is optimized with the Yoast SEO plugin v27.6 - https:\/\/yoast.com\/product\/yoast-seo-wordpress\/ -->\n<title>Siyah zencefil ekstrakt\u0131 - Hurtowy Dystrybutor<\/title>\n<meta name=\"description\" content=\"Siyah zencefil ekstrakt\u0131, zencefil familyas\u0131ndan olan ve siyah galanga olarak da bilinen Kaempferia parviflora bitkisinin rizomlar\u0131ndan elde edilir.\" \/>\n<meta name=\"robots\" content=\"index, follow, max-snippet:-1, max-image-preview:large, max-video-preview:-1\" \/>\n<link rel=\"canonical\" href=\"https:\/\/naturalpoland.com\/tr\/urunler\/bitkisel-ekstraktlar\/siyah-zencefil-ekstrakti\/\" \/>\n<meta property=\"og:locale\" content=\"tr_TR\" \/>\n<meta property=\"og:type\" content=\"article\" \/>\n<meta property=\"og:title\" content=\"Siyah zencefil ekstrakt\u0131 - Hurtowy Dystrybutor\" \/>\n<meta property=\"og:description\" content=\"Siyah zencefil ekstrakt\u0131, zencefil familyas\u0131ndan olan ve siyah galanga olarak da bilinen Kaempferia parviflora bitkisinin rizomlar\u0131ndan elde edilir.\" \/>\n<meta property=\"og:url\" content=\"https:\/\/naturalpoland.com\/tr\/urunler\/bitkisel-ekstraktlar\/siyah-zencefil-ekstrakti\/\" \/>\n<meta property=\"og:site_name\" content=\"NATURAL POLAND - Hurtowy Dystrybutor Surowc\u00f3w\" \/>\n<meta property=\"article:publisher\" content=\"https:\/\/www.facebook.com\/naturalpoland.b2b\" \/>\n<meta property=\"article:modified_time\" content=\"2025-12-22T12:01:09+00:00\" \/>\n<meta property=\"og:image\" content=\"https:\/\/naturalpoland.com\/wp-content\/uploads\/ekstrakt-z-czarnego-imbiru.webp\" \/>\n\t<meta property=\"og:image:width\" content=\"1024\" \/>\n\t<meta property=\"og:image:height\" content=\"1024\" \/>\n\t<meta property=\"og:image:type\" content=\"image\/webp\" \/>\n<script type=\"application\/ld+json\" class=\"yoast-schema-graph\">{\"@context\":\"https:\\\/\\\/schema.org\",\"@graph\":[{\"@type\":\"WebPage\",\"@id\":\"https:\\\/\\\/naturalpoland.com\\\/tr\\\/urunler\\\/bitkisel-ekstraktlar\\\/siyah-zencefil-ekstrakti\\\/\",\"url\":\"https:\\\/\\\/naturalpoland.com\\\/tr\\\/urunler\\\/bitkisel-ekstraktlar\\\/siyah-zencefil-ekstrakti\\\/\",\"name\":\"Siyah zencefil ekstrakt\u0131 - Hurtowy Dystrybutor\",\"isPartOf\":{\"@id\":\"https:\\\/\\\/naturalpoland.com\\\/tr\\\/#website\"},\"primaryImageOfPage\":{\"@id\":\"https:\\\/\\\/naturalpoland.com\\\/tr\\\/urunler\\\/bitkisel-ekstraktlar\\\/siyah-zencefil-ekstrakti\\\/#primaryimage\"},\"image\":{\"@id\":\"https:\\\/\\\/naturalpoland.com\\\/tr\\\/urunler\\\/bitkisel-ekstraktlar\\\/siyah-zencefil-ekstrakti\\\/#primaryimage\"},\"thumbnailUrl\":\"https:\\\/\\\/naturalpoland.com\\\/wp-content\\\/uploads\\\/ekstrakt-z-czarnego-imbiru.webp\",\"datePublished\":\"2025-05-29T13:04:47+00:00\",\"dateModified\":\"2025-12-22T12:01:09+00:00\",\"description\":\"Siyah zencefil ekstrakt\u0131, zencefil familyas\u0131ndan olan ve siyah galanga olarak da bilinen Kaempferia parviflora bitkisinin rizomlar\u0131ndan elde edilir.\",\"breadcrumb\":{\"@id\":\"https:\\\/\\\/naturalpoland.com\\\/tr\\\/urunler\\\/bitkisel-ekstraktlar\\\/siyah-zencefil-ekstrakti\\\/#breadcrumb\"},\"inLanguage\":\"tr\",\"potentialAction\":[{\"@type\":\"ReadAction\",\"target\":[\"https:\\\/\\\/naturalpoland.com\\\/tr\\\/urunler\\\/bitkisel-ekstraktlar\\\/siyah-zencefil-ekstrakti\\\/\"]}]},{\"@type\":\"ImageObject\",\"inLanguage\":\"tr\",\"@id\":\"https:\\\/\\\/naturalpoland.com\\\/tr\\\/urunler\\\/bitkisel-ekstraktlar\\\/siyah-zencefil-ekstrakti\\\/#primaryimage\",\"url\":\"https:\\\/\\\/naturalpoland.com\\\/wp-content\\\/uploads\\\/ekstrakt-z-czarnego-imbiru.webp\",\"contentUrl\":\"https:\\\/\\\/naturalpoland.com\\\/wp-content\\\/uploads\\\/ekstrakt-z-czarnego-imbiru.webp\",\"width\":1024,\"height\":1024,\"caption\":\"Siyah zencefil ekstrakt\u0131 Kaempferia parviflora\"},{\"@type\":\"BreadcrumbList\",\"@id\":\"https:\\\/\\\/naturalpoland.com\\\/tr\\\/urunler\\\/bitkisel-ekstraktlar\\\/siyah-zencefil-ekstrakti\\\/#breadcrumb\",\"itemListElement\":[{\"@type\":\"ListItem\",\"position\":1,\"name\":\"Ana Sayfa\",\"item\":\"https:\\\/\\\/naturalpoland.com\\\/tr\\\/\"},{\"@type\":\"ListItem\",\"position\":2,\"name\":\"\u00dcr\u00fcnler\",\"item\":\"https:\\\/\\\/naturalpoland.com\\\/tr\\\/urunler\\\/\"},{\"@type\":\"ListItem\",\"position\":3,\"name\":\"Siyah zencefil ekstrakt\u0131\"}]},{\"@type\":\"WebSite\",\"@id\":\"https:\\\/\\\/naturalpoland.com\\\/tr\\\/#website\",\"url\":\"https:\\\/\\\/naturalpoland.com\\\/tr\\\/\",\"name\":\"NATURAL POLAND - Hurtowy Dystrybutor Surowc\u00f3w\",\"description\":\"Surowce dla przemys\u0142u spo\u017cywczego, kosmetycznego i farmaceutycznego\",\"publisher\":{\"@id\":\"https:\\\/\\\/naturalpoland.com\\\/tr\\\/#organization\"},\"potentialAction\":[{\"@type\":\"SearchAction\",\"target\":{\"@type\":\"EntryPoint\",\"urlTemplate\":\"https:\\\/\\\/naturalpoland.com\\\/tr\\\/?s={search_term_string}\"},\"query-input\":{\"@type\":\"PropertyValueSpecification\",\"valueRequired\":true,\"valueName\":\"search_term_string\"}}],\"inLanguage\":\"tr\"},{\"@type\":\"Organization\",\"@id\":\"https:\\\/\\\/naturalpoland.com\\\/tr\\\/#organization\",\"name\":\"Natural Poland\",\"url\":\"https:\\\/\\\/naturalpoland.com\\\/tr\\\/\",\"logo\":{\"@type\":\"ImageObject\",\"inLanguage\":\"tr\",\"@id\":\"https:\\\/\\\/naturalpoland.com\\\/tr\\\/#\\\/schema\\\/logo\\\/image\\\/\",\"url\":\"https:\\\/\\\/naturalpoland.com\\\/wp-content\\\/uploads\\\/2021\\\/05\\\/natural-poland-icon.png\",\"contentUrl\":\"https:\\\/\\\/naturalpoland.com\\\/wp-content\\\/uploads\\\/2021\\\/05\\\/natural-poland-icon.png\",\"width\":512,\"height\":512,\"caption\":\"Natural Poland\"},\"image\":{\"@id\":\"https:\\\/\\\/naturalpoland.com\\\/tr\\\/#\\\/schema\\\/logo\\\/image\\\/\"},\"sameAs\":[\"https:\\\/\\\/www.facebook.com\\\/naturalpoland.b2b\",\"https:\\\/\\\/pl.linkedin.com\\\/company\\\/natural-poland\",\"https:\\\/\\\/www.youtube.com\\\/channel\\\/UCgeGGkvOMahZo-xu_MSEWxg\"]}]}<\/script>\n<!-- \/ Yoast SEO plugin. -->","yoast_head_json":{"title":"Siyah zencefil ekstrakt\u0131 - Hurtowy Dystrybutor","description":"Siyah zencefil ekstrakt\u0131, zencefil familyas\u0131ndan olan ve siyah galanga olarak da bilinen Kaempferia parviflora bitkisinin rizomlar\u0131ndan elde edilir.","robots":{"index":"index","follow":"follow","max-snippet":"max-snippet:-1","max-image-preview":"max-image-preview:large","max-video-preview":"max-video-preview:-1"},"canonical":"https:\/\/naturalpoland.com\/tr\/urunler\/bitkisel-ekstraktlar\/siyah-zencefil-ekstrakti\/","og_locale":"tr_TR","og_type":"article","og_title":"Siyah zencefil ekstrakt\u0131 - Hurtowy Dystrybutor","og_description":"Siyah zencefil ekstrakt\u0131, zencefil familyas\u0131ndan olan ve siyah galanga olarak da bilinen Kaempferia parviflora bitkisinin rizomlar\u0131ndan elde edilir.","og_url":"https:\/\/naturalpoland.com\/tr\/urunler\/bitkisel-ekstraktlar\/siyah-zencefil-ekstrakti\/","og_site_name":"NATURAL POLAND - Hurtowy Dystrybutor Surowc\u00f3w","article_publisher":"https:\/\/www.facebook.com\/naturalpoland.b2b","article_modified_time":"2025-12-22T12:01:09+00:00","og_image":[{"width":1024,"height":1024,"url":"https:\/\/naturalpoland.com\/wp-content\/uploads\/ekstrakt-z-czarnego-imbiru.webp","type":"image\/webp"}],"schema":{"@context":"https:\/\/schema.org","@graph":[{"@type":"WebPage","@id":"https:\/\/naturalpoland.com\/tr\/urunler\/bitkisel-ekstraktlar\/siyah-zencefil-ekstrakti\/","url":"https:\/\/naturalpoland.com\/tr\/urunler\/bitkisel-ekstraktlar\/siyah-zencefil-ekstrakti\/","name":"Siyah zencefil ekstrakt\u0131 - Hurtowy Dystrybutor","isPartOf":{"@id":"https:\/\/naturalpoland.com\/tr\/#website"},"primaryImageOfPage":{"@id":"https:\/\/naturalpoland.com\/tr\/urunler\/bitkisel-ekstraktlar\/siyah-zencefil-ekstrakti\/#primaryimage"},"image":{"@id":"https:\/\/naturalpoland.com\/tr\/urunler\/bitkisel-ekstraktlar\/siyah-zencefil-ekstrakti\/#primaryimage"},"thumbnailUrl":"https:\/\/naturalpoland.com\/wp-content\/uploads\/ekstrakt-z-czarnego-imbiru.webp","datePublished":"2025-05-29T13:04:47+00:00","dateModified":"2025-12-22T12:01:09+00:00","description":"Siyah zencefil ekstrakt\u0131, zencefil familyas\u0131ndan olan ve siyah galanga olarak da bilinen Kaempferia parviflora bitkisinin rizomlar\u0131ndan elde edilir.","breadcrumb":{"@id":"https:\/\/naturalpoland.com\/tr\/urunler\/bitkisel-ekstraktlar\/siyah-zencefil-ekstrakti\/#breadcrumb"},"inLanguage":"tr","potentialAction":[{"@type":"ReadAction","target":["https:\/\/naturalpoland.com\/tr\/urunler\/bitkisel-ekstraktlar\/siyah-zencefil-ekstrakti\/"]}]},{"@type":"ImageObject","inLanguage":"tr","@id":"https:\/\/naturalpoland.com\/tr\/urunler\/bitkisel-ekstraktlar\/siyah-zencefil-ekstrakti\/#primaryimage","url":"https:\/\/naturalpoland.com\/wp-content\/uploads\/ekstrakt-z-czarnego-imbiru.webp","contentUrl":"https:\/\/naturalpoland.com\/wp-content\/uploads\/ekstrakt-z-czarnego-imbiru.webp","width":1024,"height":1024,"caption":"Siyah zencefil ekstrakt\u0131 Kaempferia parviflora"},{"@type":"BreadcrumbList","@id":"https:\/\/naturalpoland.com\/tr\/urunler\/bitkisel-ekstraktlar\/siyah-zencefil-ekstrakti\/#breadcrumb","itemListElement":[{"@type":"ListItem","position":1,"name":"Ana Sayfa","item":"https:\/\/naturalpoland.com\/tr\/"},{"@type":"ListItem","position":2,"name":"\u00dcr\u00fcnler","item":"https:\/\/naturalpoland.com\/tr\/urunler\/"},{"@type":"ListItem","position":3,"name":"Siyah zencefil ekstrakt\u0131"}]},{"@type":"WebSite","@id":"https:\/\/naturalpoland.com\/tr\/#website","url":"https:\/\/naturalpoland.com\/tr\/","name":"NATURAL POLAND - Hurtowy Dystrybutor Surowc\u00f3w","description":"Surowce dla przemys\u0142u spo\u017cywczego, kosmetycznego i farmaceutycznego","publisher":{"@id":"https:\/\/naturalpoland.com\/tr\/#organization"},"potentialAction":[{"@type":"SearchAction","target":{"@type":"EntryPoint","urlTemplate":"https:\/\/naturalpoland.com\/tr\/?s={search_term_string}"},"query-input":{"@type":"PropertyValueSpecification","valueRequired":true,"valueName":"search_term_string"}}],"inLanguage":"tr"},{"@type":"Organization","@id":"https:\/\/naturalpoland.com\/tr\/#organization","name":"Natural Poland","url":"https:\/\/naturalpoland.com\/tr\/","logo":{"@type":"ImageObject","inLanguage":"tr","@id":"https:\/\/naturalpoland.com\/tr\/#\/schema\/logo\/image\/","url":"https:\/\/naturalpoland.com\/wp-content\/uploads\/2021\/05\/natural-poland-icon.png","contentUrl":"https:\/\/naturalpoland.com\/wp-content\/uploads\/2021\/05\/natural-poland-icon.png","width":512,"height":512,"caption":"Natural Poland"},"image":{"@id":"https:\/\/naturalpoland.com\/tr\/#\/schema\/logo\/image\/"},"sameAs":["https:\/\/www.facebook.com\/naturalpoland.b2b","https:\/\/pl.linkedin.com\/company\/natural-poland","https:\/\/www.youtube.com\/channel\/UCgeGGkvOMahZo-xu_MSEWxg"]}]}},"_links":{"self":[{"href":"https:\/\/naturalpoland.com\/tr\/wp-json\/wp\/v2\/product\/44586","targetHints":{"allow":["GET"]}}],"collection":[{"href":"https:\/\/naturalpoland.com\/tr\/wp-json\/wp\/v2\/product"}],"about":[{"href":"https:\/\/naturalpoland.com\/tr\/wp-json\/wp\/v2\/types\/product"}],"wp:featuredmedia":[{"embeddable":true,"href":"https:\/\/naturalpoland.com\/tr\/wp-json\/wp\/v2\/media\/44587"}],"wp:attachment":[{"href":"https:\/\/naturalpoland.com\/tr\/wp-json\/wp\/v2\/media?parent=44586"}],"wp:term":[{"taxonomy":"product_brand","embeddable":true,"href":"https:\/\/naturalpoland.com\/tr\/wp-json\/wp\/v2\/product_brand?post=44586"},{"taxonomy":"product_cat","embeddable":true,"href":"https:\/\/naturalpoland.com\/tr\/wp-json\/wp\/v2\/product_cat?post=44586"},{"taxonomy":"product_tag","embeddable":true,"href":"https:\/\/naturalpoland.com\/tr\/wp-json\/wp\/v2\/product_tag?post=44586"}],"curies":[{"name":"wp","href":"https:\/\/api.w.org\/{rel}","templated":true}]}}