{"id":44588,"date":"2021-05-11T13:39:48","date_gmt":"2021-05-11T11:39:48","guid":{"rendered":"https:\/\/naturalpoland.com\/produkty\/kategorilenmemis\/zencefil-koku-ekstrakti\/"},"modified":"2025-12-22T13:01:16","modified_gmt":"2025-12-22T12:01:16","slug":"zencefil-koku-ekstrakti","status":"publish","type":"product","link":"https:\/\/naturalpoland.com\/tr\/urunler\/bitkisel-ekstraktlar\/zencefil-koku-ekstrakti\/","title":{"rendered":"Zencefil K\u00f6k\u00fc Ekstrakt\u0131"},"content":{"rendered":"<p>Zencefil k\u00f6k\u00fc ekstrakt\u0131, karakteristik aroma ve tada sahip ince, a\u00e7\u0131k sar\u0131 renkli bir tozdur. Ekstraksiyon i\u015fleminde su ve etanol kullan\u0131lm\u0131\u015f, ta\u015f\u0131y\u0131c\u0131 olarak maltodekstrin tercih edilmi\u015ftir. Ekstrakt, g\u0131da takviyelerinde kullan\u0131m i\u00e7in tasarlanm\u0131\u015ft\u0131r.  <\/p>\n<h2>Zencefil Ekstrakt\u0131n\u0131n Kullan\u0131m Alanlar\u0131<\/h2>\n<p>Zencefil ekstrakt\u0131, <strong>ba\u011f\u0131\u015f\u0131kl\u0131\u011f\u0131, sindirim sistemini destekleyen ve enfeksiyonlarla m\u00fccadele eden<\/strong> preparatlar\u0131n bile\u015feni olarak m\u00fckemmel performans g\u00f6sterir. Ayr\u0131ca hareket hastal\u0131\u011f\u0131, hamilelik bulant\u0131s\u0131 ve onkolojik tedavilerde kullan\u0131lan <strong>kusma \u00f6nleyici takviyelerde<\/strong> de kullan\u0131l\u0131r. Dola\u015f\u0131m\u0131 destekler ve a\u011fr\u0131 kesici potansiyel g\u00f6sterir, bu nedenle eklem ve kas takviyelerinde kullan\u0131l\u0131r. G\u0131da \u00fcr\u00fcnlerinde ve nutras\u00f6tiklerde belirgin, hafif limonumsu, \u0131s\u0131t\u0131c\u0131 tat ve koku katar.    <\/p>\n","protected":false},"excerpt":{"rendered":"<p><strong>Zencefil ekstrakt\u0131<\/strong> (<em>Zingiber officinale<\/em>) zencefil rizomlar\u0131ndan elde edilir. Anti-enflamatuar, antioksidan ve ba\u011f\u0131\u015f\u0131kl\u0131k destekleyici etkili bioaktif bile\u015fikler olan <strong>gingerol<\/strong> i\u00e7eri\u011fi standardize edilmi\u015ftir. <\/p>\n","protected":false},"featured_media":44590,"template":"","meta":{"_acf_changed":false},"product_brand":[],"product_cat":[9531],"product_tag":[],"class_list":{"0":"post-44588","1":"product","2":"type-product","3":"status-publish","4":"has-post-thumbnail","6":"product_cat-bitkisel-ekstraktlar","7":"pa_czesc-rosliny-kok","8":"pa_skladnik-aktywny-gingeroller","10":"first","11":"instock","12":"shipping-taxable","13":"product-type-simple"},"acf":[],"yoast_head":"<!-- This site is optimized with the Yoast SEO plugin v27.5 - https:\/\/yoast.com\/product\/yoast-seo-wordpress\/ -->\n<title>Zencefil K\u00f6k\u00fc Ekstrakt\u0131 - Hurtowy Dystrybutor<\/title>\n<meta name=\"description\" content=\"Zencefil k\u00f6k\u00fc ekstrakt\u0131 (Zingiber officinale), zencefil rizomlar\u0131ndan elde edilen, gingerol i\u00e7eri\u011fi standardize edilmi\u015f y\u00fcksek konsantreli bir bile\u015fendir.\" \/>\n<meta name=\"robots\" content=\"index, follow, max-snippet:-1, max-image-preview:large, max-video-preview:-1\" \/>\n<link rel=\"canonical\" href=\"https:\/\/naturalpoland.com\/tr\/urunler\/bitkisel-ekstraktlar\/zencefil-koku-ekstrakti\/\" \/>\n<meta property=\"og:locale\" content=\"tr_TR\" \/>\n<meta property=\"og:type\" content=\"article\" \/>\n<meta property=\"og:title\" content=\"Zencefil K\u00f6k\u00fc Ekstrakt\u0131 - Hurtowy Dystrybutor\" \/>\n<meta property=\"og:description\" content=\"Zencefil k\u00f6k\u00fc ekstrakt\u0131 (Zingiber officinale), zencefil rizomlar\u0131ndan elde edilen, gingerol i\u00e7eri\u011fi standardize edilmi\u015f y\u00fcksek konsantreli bir bile\u015fendir.\" \/>\n<meta property=\"og:url\" content=\"https:\/\/naturalpoland.com\/tr\/urunler\/bitkisel-ekstraktlar\/zencefil-koku-ekstrakti\/\" \/>\n<meta property=\"og:site_name\" content=\"NATURAL POLAND - Hurtowy Dystrybutor Surowc\u00f3w\" \/>\n<meta property=\"article:publisher\" content=\"https:\/\/www.facebook.com\/naturalpoland.b2b\" \/>\n<meta property=\"article:modified_time\" content=\"2025-12-22T12:01:16+00:00\" \/>\n<meta property=\"og:image\" content=\"https:\/\/naturalpoland.com\/wp-content\/uploads\/ginger_root_extract.webp\" \/>\n\t<meta property=\"og:image:width\" content=\"612\" \/>\n\t<meta property=\"og:image:height\" content=\"612\" \/>\n\t<meta property=\"og:image:type\" content=\"image\/webp\" \/>\n<script type=\"application\/ld+json\" class=\"yoast-schema-graph\">{\"@context\":\"https:\\\/\\\/schema.org\",\"@graph\":[{\"@type\":\"WebPage\",\"@id\":\"https:\\\/\\\/naturalpoland.com\\\/tr\\\/urunler\\\/bitkisel-ekstraktlar\\\/zencefil-koku-ekstrakti\\\/\",\"url\":\"https:\\\/\\\/naturalpoland.com\\\/tr\\\/urunler\\\/bitkisel-ekstraktlar\\\/zencefil-koku-ekstrakti\\\/\",\"name\":\"Zencefil K\u00f6k\u00fc Ekstrakt\u0131 - Hurtowy Dystrybutor\",\"isPartOf\":{\"@id\":\"https:\\\/\\\/naturalpoland.com\\\/tr\\\/#website\"},\"primaryImageOfPage\":{\"@id\":\"https:\\\/\\\/naturalpoland.com\\\/tr\\\/urunler\\\/bitkisel-ekstraktlar\\\/zencefil-koku-ekstrakti\\\/#primaryimage\"},\"image\":{\"@id\":\"https:\\\/\\\/naturalpoland.com\\\/tr\\\/urunler\\\/bitkisel-ekstraktlar\\\/zencefil-koku-ekstrakti\\\/#primaryimage\"},\"thumbnailUrl\":\"https:\\\/\\\/naturalpoland.com\\\/wp-content\\\/uploads\\\/ginger_root_extract.webp\",\"datePublished\":\"2021-05-11T11:39:48+00:00\",\"dateModified\":\"2025-12-22T12:01:16+00:00\",\"description\":\"Zencefil k\u00f6k\u00fc ekstrakt\u0131 (Zingiber officinale), zencefil rizomlar\u0131ndan elde edilen, gingerol i\u00e7eri\u011fi standardize edilmi\u015f y\u00fcksek konsantreli bir bile\u015fendir.\",\"breadcrumb\":{\"@id\":\"https:\\\/\\\/naturalpoland.com\\\/tr\\\/urunler\\\/bitkisel-ekstraktlar\\\/zencefil-koku-ekstrakti\\\/#breadcrumb\"},\"inLanguage\":\"tr\",\"potentialAction\":[{\"@type\":\"ReadAction\",\"target\":[\"https:\\\/\\\/naturalpoland.com\\\/tr\\\/urunler\\\/bitkisel-ekstraktlar\\\/zencefil-koku-ekstrakti\\\/\"]}]},{\"@type\":\"ImageObject\",\"inLanguage\":\"tr\",\"@id\":\"https:\\\/\\\/naturalpoland.com\\\/tr\\\/urunler\\\/bitkisel-ekstraktlar\\\/zencefil-koku-ekstrakti\\\/#primaryimage\",\"url\":\"https:\\\/\\\/naturalpoland.com\\\/wp-content\\\/uploads\\\/ginger_root_extract.webp\",\"contentUrl\":\"https:\\\/\\\/naturalpoland.com\\\/wp-content\\\/uploads\\\/ginger_root_extract.webp\",\"width\":612,\"height\":612,\"caption\":\"zencefil k\u00f6k\u00fc ekstrakt\u0131\"},{\"@type\":\"BreadcrumbList\",\"@id\":\"https:\\\/\\\/naturalpoland.com\\\/tr\\\/urunler\\\/bitkisel-ekstraktlar\\\/zencefil-koku-ekstrakti\\\/#breadcrumb\",\"itemListElement\":[{\"@type\":\"ListItem\",\"position\":1,\"name\":\"Ana Sayfa\",\"item\":\"https:\\\/\\\/naturalpoland.com\\\/tr\\\/\"},{\"@type\":\"ListItem\",\"position\":2,\"name\":\"\u00dcr\u00fcnler\",\"item\":\"https:\\\/\\\/naturalpoland.com\\\/tr\\\/urunler\\\/\"},{\"@type\":\"ListItem\",\"position\":3,\"name\":\"Zencefil K\u00f6k\u00fc Ekstrakt\u0131\"}]},{\"@type\":\"WebSite\",\"@id\":\"https:\\\/\\\/naturalpoland.com\\\/tr\\\/#website\",\"url\":\"https:\\\/\\\/naturalpoland.com\\\/tr\\\/\",\"name\":\"NATURAL POLAND - Hurtowy Dystrybutor Surowc\u00f3w\",\"description\":\"Surowce dla przemys\u0142u spo\u017cywczego, kosmetycznego i farmaceutycznego\",\"publisher\":{\"@id\":\"https:\\\/\\\/naturalpoland.com\\\/tr\\\/#organization\"},\"potentialAction\":[{\"@type\":\"SearchAction\",\"target\":{\"@type\":\"EntryPoint\",\"urlTemplate\":\"https:\\\/\\\/naturalpoland.com\\\/tr\\\/?s={search_term_string}\"},\"query-input\":{\"@type\":\"PropertyValueSpecification\",\"valueRequired\":true,\"valueName\":\"search_term_string\"}}],\"inLanguage\":\"tr\"},{\"@type\":\"Organization\",\"@id\":\"https:\\\/\\\/naturalpoland.com\\\/tr\\\/#organization\",\"name\":\"Natural Poland\",\"url\":\"https:\\\/\\\/naturalpoland.com\\\/tr\\\/\",\"logo\":{\"@type\":\"ImageObject\",\"inLanguage\":\"tr\",\"@id\":\"https:\\\/\\\/naturalpoland.com\\\/tr\\\/#\\\/schema\\\/logo\\\/image\\\/\",\"url\":\"https:\\\/\\\/naturalpoland.com\\\/wp-content\\\/uploads\\\/2021\\\/05\\\/natural-poland-icon.png\",\"contentUrl\":\"https:\\\/\\\/naturalpoland.com\\\/wp-content\\\/uploads\\\/2021\\\/05\\\/natural-poland-icon.png\",\"width\":512,\"height\":512,\"caption\":\"Natural Poland\"},\"image\":{\"@id\":\"https:\\\/\\\/naturalpoland.com\\\/tr\\\/#\\\/schema\\\/logo\\\/image\\\/\"},\"sameAs\":[\"https:\\\/\\\/www.facebook.com\\\/naturalpoland.b2b\",\"https:\\\/\\\/pl.linkedin.com\\\/company\\\/natural-poland\",\"https:\\\/\\\/www.youtube.com\\\/channel\\\/UCgeGGkvOMahZo-xu_MSEWxg\"]}]}<\/script>\n<!-- \/ Yoast SEO plugin. -->","yoast_head_json":{"title":"Zencefil K\u00f6k\u00fc Ekstrakt\u0131 - Hurtowy Dystrybutor","description":"Zencefil k\u00f6k\u00fc ekstrakt\u0131 (Zingiber officinale), zencefil rizomlar\u0131ndan elde edilen, gingerol i\u00e7eri\u011fi standardize edilmi\u015f y\u00fcksek konsantreli bir bile\u015fendir.","robots":{"index":"index","follow":"follow","max-snippet":"max-snippet:-1","max-image-preview":"max-image-preview:large","max-video-preview":"max-video-preview:-1"},"canonical":"https:\/\/naturalpoland.com\/tr\/urunler\/bitkisel-ekstraktlar\/zencefil-koku-ekstrakti\/","og_locale":"tr_TR","og_type":"article","og_title":"Zencefil K\u00f6k\u00fc Ekstrakt\u0131 - Hurtowy Dystrybutor","og_description":"Zencefil k\u00f6k\u00fc ekstrakt\u0131 (Zingiber officinale), zencefil rizomlar\u0131ndan elde edilen, gingerol i\u00e7eri\u011fi standardize edilmi\u015f y\u00fcksek konsantreli bir bile\u015fendir.","og_url":"https:\/\/naturalpoland.com\/tr\/urunler\/bitkisel-ekstraktlar\/zencefil-koku-ekstrakti\/","og_site_name":"NATURAL POLAND - Hurtowy Dystrybutor Surowc\u00f3w","article_publisher":"https:\/\/www.facebook.com\/naturalpoland.b2b","article_modified_time":"2025-12-22T12:01:16+00:00","og_image":[{"width":612,"height":612,"url":"https:\/\/naturalpoland.com\/wp-content\/uploads\/ginger_root_extract.webp","type":"image\/webp"}],"schema":{"@context":"https:\/\/schema.org","@graph":[{"@type":"WebPage","@id":"https:\/\/naturalpoland.com\/tr\/urunler\/bitkisel-ekstraktlar\/zencefil-koku-ekstrakti\/","url":"https:\/\/naturalpoland.com\/tr\/urunler\/bitkisel-ekstraktlar\/zencefil-koku-ekstrakti\/","name":"Zencefil K\u00f6k\u00fc Ekstrakt\u0131 - Hurtowy Dystrybutor","isPartOf":{"@id":"https:\/\/naturalpoland.com\/tr\/#website"},"primaryImageOfPage":{"@id":"https:\/\/naturalpoland.com\/tr\/urunler\/bitkisel-ekstraktlar\/zencefil-koku-ekstrakti\/#primaryimage"},"image":{"@id":"https:\/\/naturalpoland.com\/tr\/urunler\/bitkisel-ekstraktlar\/zencefil-koku-ekstrakti\/#primaryimage"},"thumbnailUrl":"https:\/\/naturalpoland.com\/wp-content\/uploads\/ginger_root_extract.webp","datePublished":"2021-05-11T11:39:48+00:00","dateModified":"2025-12-22T12:01:16+00:00","description":"Zencefil k\u00f6k\u00fc ekstrakt\u0131 (Zingiber officinale), zencefil rizomlar\u0131ndan elde edilen, gingerol i\u00e7eri\u011fi standardize edilmi\u015f y\u00fcksek konsantreli bir bile\u015fendir.","breadcrumb":{"@id":"https:\/\/naturalpoland.com\/tr\/urunler\/bitkisel-ekstraktlar\/zencefil-koku-ekstrakti\/#breadcrumb"},"inLanguage":"tr","potentialAction":[{"@type":"ReadAction","target":["https:\/\/naturalpoland.com\/tr\/urunler\/bitkisel-ekstraktlar\/zencefil-koku-ekstrakti\/"]}]},{"@type":"ImageObject","inLanguage":"tr","@id":"https:\/\/naturalpoland.com\/tr\/urunler\/bitkisel-ekstraktlar\/zencefil-koku-ekstrakti\/#primaryimage","url":"https:\/\/naturalpoland.com\/wp-content\/uploads\/ginger_root_extract.webp","contentUrl":"https:\/\/naturalpoland.com\/wp-content\/uploads\/ginger_root_extract.webp","width":612,"height":612,"caption":"zencefil k\u00f6k\u00fc ekstrakt\u0131"},{"@type":"BreadcrumbList","@id":"https:\/\/naturalpoland.com\/tr\/urunler\/bitkisel-ekstraktlar\/zencefil-koku-ekstrakti\/#breadcrumb","itemListElement":[{"@type":"ListItem","position":1,"name":"Ana Sayfa","item":"https:\/\/naturalpoland.com\/tr\/"},{"@type":"ListItem","position":2,"name":"\u00dcr\u00fcnler","item":"https:\/\/naturalpoland.com\/tr\/urunler\/"},{"@type":"ListItem","position":3,"name":"Zencefil K\u00f6k\u00fc Ekstrakt\u0131"}]},{"@type":"WebSite","@id":"https:\/\/naturalpoland.com\/tr\/#website","url":"https:\/\/naturalpoland.com\/tr\/","name":"NATURAL POLAND - Hurtowy Dystrybutor Surowc\u00f3w","description":"Surowce dla przemys\u0142u spo\u017cywczego, kosmetycznego i farmaceutycznego","publisher":{"@id":"https:\/\/naturalpoland.com\/tr\/#organization"},"potentialAction":[{"@type":"SearchAction","target":{"@type":"EntryPoint","urlTemplate":"https:\/\/naturalpoland.com\/tr\/?s={search_term_string}"},"query-input":{"@type":"PropertyValueSpecification","valueRequired":true,"valueName":"search_term_string"}}],"inLanguage":"tr"},{"@type":"Organization","@id":"https:\/\/naturalpoland.com\/tr\/#organization","name":"Natural Poland","url":"https:\/\/naturalpoland.com\/tr\/","logo":{"@type":"ImageObject","inLanguage":"tr","@id":"https:\/\/naturalpoland.com\/tr\/#\/schema\/logo\/image\/","url":"https:\/\/naturalpoland.com\/wp-content\/uploads\/2021\/05\/natural-poland-icon.png","contentUrl":"https:\/\/naturalpoland.com\/wp-content\/uploads\/2021\/05\/natural-poland-icon.png","width":512,"height":512,"caption":"Natural Poland"},"image":{"@id":"https:\/\/naturalpoland.com\/tr\/#\/schema\/logo\/image\/"},"sameAs":["https:\/\/www.facebook.com\/naturalpoland.b2b","https:\/\/pl.linkedin.com\/company\/natural-poland","https:\/\/www.youtube.com\/channel\/UCgeGGkvOMahZo-xu_MSEWxg"]}]}},"_links":{"self":[{"href":"https:\/\/naturalpoland.com\/tr\/wp-json\/wp\/v2\/product\/44588","targetHints":{"allow":["GET"]}}],"collection":[{"href":"https:\/\/naturalpoland.com\/tr\/wp-json\/wp\/v2\/product"}],"about":[{"href":"https:\/\/naturalpoland.com\/tr\/wp-json\/wp\/v2\/types\/product"}],"wp:featuredmedia":[{"embeddable":true,"href":"https:\/\/naturalpoland.com\/tr\/wp-json\/wp\/v2\/media\/44590"}],"wp:attachment":[{"href":"https:\/\/naturalpoland.com\/tr\/wp-json\/wp\/v2\/media?parent=44588"}],"wp:term":[{"taxonomy":"product_brand","embeddable":true,"href":"https:\/\/naturalpoland.com\/tr\/wp-json\/wp\/v2\/product_brand?post=44588"},{"taxonomy":"product_cat","embeddable":true,"href":"https:\/\/naturalpoland.com\/tr\/wp-json\/wp\/v2\/product_cat?post=44588"},{"taxonomy":"product_tag","embeddable":true,"href":"https:\/\/naturalpoland.com\/tr\/wp-json\/wp\/v2\/product_tag?post=44588"}],"curies":[{"name":"wp","href":"https:\/\/api.w.org\/{rel}","templated":true}]}}