{"id":44608,"date":"2021-05-11T13:47:21","date_gmt":"2021-05-11T11:47:21","guid":{"rendered":"https:\/\/naturalpoland.com\/produkty\/kategorilenmemis\/mango-yagi\/"},"modified":"2025-12-22T13:04:04","modified_gmt":"2025-12-22T12:04:04","slug":"mango-yagi","status":"publish","type":"product","link":"https:\/\/naturalpoland.com\/tr\/urunler\/kozmetik-hammaddeleri\/kozmetik-yaglari\/mango-yagi\/","title":{"rendered":"Mango ya\u011f\u0131"},"content":{"rendered":"<h2>\u00d6zellikler ve bile\u015fim<\/h2>\n<p>Mango ya\u011f\u0131, yumu\u015fak, kremsi bir dokuya ve beyazdan a\u00e7\u0131k sar\u0131ya de\u011fi\u015fen do\u011fal bir renge sahiptir. Kokusuz olmas\u0131, esansiyel ya\u011flar veya di\u011fer katk\u0131 maddeleriyle zenginle\u015ftirilmi\u015f kozmetik \u00fcr\u00fcnler i\u00e7in m\u00fckemmel bir baz olmas\u0131n\u0131 sa\u011flar. Oda s\u0131cakl\u0131\u011f\u0131nda yar\u0131-kat\u0131 formda kal\u0131r, ancak cilde temas etti\u011finde h\u0131zla erir, kolay uygulama ve kadifemsi bir biti\u015f sa\u011flar.  <\/p>\n<p><strong>Mango ya\u011f\u0131n\u0131n kimyasal analizi:<\/strong><\/p>\n<ul>\n<li><strong>Stearik asit:<\/strong> %43 \u2013 yumu\u015fat\u0131c\u0131 ve koruyucu \u00f6zellikler g\u00f6sterir, cildin lipid bariyerini g\u00fc\u00e7lendirir.<\/li>\n<li><strong>Oleik asit:<\/strong> %42,6 \u2013 yo\u011fun nemlendirme ve yenileme sa\u011flar.<\/li>\n<li><strong>Palmitik asit:<\/strong> %6,2 \u2013 cildin esnekli\u011fini ve beslenmesini destekler.<\/li>\n<li><strong>Linoleik asit:<\/strong> %3,2 \u2013 anti-enflamatuar etki g\u00f6sterir ve yenilenmeyi destekler.<\/li>\n<li><strong>Ara\u015fidonik asit:<\/strong> %4 \u2013 cildin do\u011fal koruyucu bariyerini g\u00fc\u00e7lendirir.<\/li>\n<\/ul>\n<p>Mango ya\u011f\u0131, m\u00fckemmel oksidatif stabiliteye sahiptir, bu da uzun raf \u00f6mr\u00fc sa\u011flar. Erime noktas\u0131 yakla\u015f\u0131k 30-40\u00b0C&#8217;dir, bu sayede cilt ve sa\u00e7ta m\u00fckemmel \u015fekilde da\u011f\u0131l\u0131r.  <\/p>\n<h2>Bak\u0131m \u00f6zellikleri<\/h2>\n<p>Mango ya\u011f\u0131, g\u00fc\u00e7l\u00fc antioksidan ve yenileyici \u00f6zelliklerinden sorumlu doymam\u0131\u015f ya\u011f asitleri ve A, C ve E vitaminleri bak\u0131m\u0131ndan zengindir:<\/p>\n<ul>\n<li><b>Nemlendirir ve yeniler<\/b> kuru ve hasarl\u0131 cildi, yenilenmesini destekler ve lipid bariyerini g\u00fc\u00e7lendirir.<\/li>\n<li><strong>UV \u0131\u015f\u0131nlar\u0131na kar\u015f\u0131 korur<\/strong><\/li>\n<li><strong>Ya\u015flanma s\u00fcrecini geciktirir<\/strong>, k\u0131r\u0131\u015f\u0131kl\u0131klar ve cilt elastikiyeti kayb\u0131 gibi.<\/li>\n<li><strong>Tahri\u015fi yat\u0131\u015ft\u0131r\u0131r<\/strong> hassas, atopik ve tahri\u015f olmu\u015f cildi, yaralar\u0131n iyile\u015fmesine, g\u00fcne\u015f yan\u0131klar\u0131n\u0131n yat\u0131\u015fmas\u0131na ve epidermisin yenilenmesine yard\u0131mc\u0131 olur.<\/li>\n<li><b>K<\/b><strong>uru ve hasarl\u0131 sa\u00e7lar\u0131 besler,<\/strong> parlakl\u0131\u011f\u0131n\u0131 ve esnekli\u011fini art\u0131r\u0131r, ayr\u0131ca taranmas\u0131n\u0131 kolayla\u015ft\u0131r\u0131r.<\/li>\n<\/ul>\n<h2>Mango ya\u011f\u0131n\u0131n kullan\u0131m alanlar\u0131<\/h2>\n<p>Mango ya\u011f\u0131 tek ba\u015f\u0131na veya kozmetik \u00fcr\u00fcnlerin i\u00e7eri\u011finde kullan\u0131labilir:<\/p>\n<ul>\n<li><strong>cilt bak\u0131m\u0131 i\u00e7in,<\/strong> nemlendirici krem, dudak balsam\u0131, \u00e7atlak el ve topuklar i\u00e7in yenileyici merhem veya besleyici v\u00fccut maskesi olarak,<\/li>\n<li><strong>sa\u00e7lar i\u00e7in,<\/strong> yenileyici maske veya sa\u00e7 kremi katk\u0131s\u0131 olarak, sa\u00e7 ya\u011flama i\u00e7in m\u00fckemmeldir,<\/li>\n<li><strong>balsam<\/strong>, <strong>krem<\/strong>, sabun, ruj veya banyo toplar\u0131 \u00fcretiminde baz olarak,<\/li>\n<li><strong>banyo i\u00e7in.<\/strong><\/li>\n<\/ul>\n<h3><\/h3>\n<p>&nbsp;<\/p>\n","protected":false},"excerpt":{"rendered":"<p>Mango ya\u011f\u0131, Hint mangosunun (<em>Mangifera indica<\/em>) \u00e7ekirdeklerinin so\u011fuk preslenmesiyle elde edilir. Rafinasyon i\u015flemi, ya\u011f\u0131n safl\u0131\u011f\u0131n\u0131 ve stabilitesini sa\u011flar. <\/p>\n","protected":false},"featured_media":44610,"template":"","meta":{"_acf_changed":false},"product_brand":[],"product_cat":[9550],"product_tag":[],"class_list":{"0":"post-44608","1":"product","2":"type-product","3":"status-publish","4":"has-post-thumbnail","6":"product_cat-kozmetik-yaglari","7":"pa_metoda-pozyskiwania-presleme-ve-rafinasyon","9":"first","10":"instock","11":"shipping-taxable","12":"product-type-simple"},"acf":[],"yoast_head":"<!-- This site is optimized with the Yoast SEO plugin v27.5 - https:\/\/yoast.com\/product\/yoast-seo-wordpress\/ -->\n<title>Mango ya\u011f\u0131 - Natural Poland<\/title>\n<meta name=\"description\" content=\"Kozmetik \u00fcreticileri ve perakendeciler i\u00e7in \u00f6zel olarak rafine edilmi\u015f toptan mango ya\u011f\u0131 sunuyoruz.\" \/>\n<meta name=\"robots\" content=\"index, follow, max-snippet:-1, max-image-preview:large, max-video-preview:-1\" \/>\n<link rel=\"canonical\" href=\"https:\/\/naturalpoland.com\/tr\/urunler\/kozmetik-hammaddeleri\/kozmetik-yaglari\/mango-yagi\/\" \/>\n<meta property=\"og:locale\" content=\"tr_TR\" \/>\n<meta property=\"og:type\" content=\"article\" \/>\n<meta property=\"og:title\" content=\"Mango ya\u011f\u0131 - Natural Poland\" \/>\n<meta property=\"og:description\" content=\"Kozmetik \u00fcreticileri ve perakendeciler i\u00e7in \u00f6zel olarak rafine edilmi\u015f toptan mango ya\u011f\u0131 sunuyoruz.\" \/>\n<meta property=\"og:url\" content=\"https:\/\/naturalpoland.com\/tr\/urunler\/kozmetik-hammaddeleri\/kozmetik-yaglari\/mango-yagi\/\" \/>\n<meta property=\"og:site_name\" content=\"NATURAL POLAND - Hurtowy Dystrybutor Surowc\u00f3w\" \/>\n<meta property=\"article:publisher\" content=\"https:\/\/www.facebook.com\/naturalpoland.b2b\" \/>\n<meta property=\"article:modified_time\" content=\"2025-12-22T12:04:04+00:00\" \/>\n<meta property=\"og:image\" content=\"https:\/\/naturalpoland.com\/wp-content\/uploads\/maslo-mango.webp\" \/>\n\t<meta property=\"og:image:width\" content=\"1024\" \/>\n\t<meta property=\"og:image:height\" content=\"1024\" \/>\n\t<meta property=\"og:image:type\" content=\"image\/webp\" \/>\n<script type=\"application\/ld+json\" class=\"yoast-schema-graph\">{\"@context\":\"https:\\\/\\\/schema.org\",\"@graph\":[{\"@type\":\"WebPage\",\"@id\":\"https:\\\/\\\/naturalpoland.com\\\/tr\\\/urunler\\\/kozmetik-hammaddeleri\\\/kozmetik-yaglari\\\/mango-yagi\\\/\",\"url\":\"https:\\\/\\\/naturalpoland.com\\\/tr\\\/urunler\\\/kozmetik-hammaddeleri\\\/kozmetik-yaglari\\\/mango-yagi\\\/\",\"name\":\"Mango ya\u011f\u0131 - Natural Poland\",\"isPartOf\":{\"@id\":\"https:\\\/\\\/naturalpoland.com\\\/tr\\\/#website\"},\"primaryImageOfPage\":{\"@id\":\"https:\\\/\\\/naturalpoland.com\\\/tr\\\/urunler\\\/kozmetik-hammaddeleri\\\/kozmetik-yaglari\\\/mango-yagi\\\/#primaryimage\"},\"image\":{\"@id\":\"https:\\\/\\\/naturalpoland.com\\\/tr\\\/urunler\\\/kozmetik-hammaddeleri\\\/kozmetik-yaglari\\\/mango-yagi\\\/#primaryimage\"},\"thumbnailUrl\":\"https:\\\/\\\/naturalpoland.com\\\/wp-content\\\/uploads\\\/maslo-mango.webp\",\"datePublished\":\"2021-05-11T11:47:21+00:00\",\"dateModified\":\"2025-12-22T12:04:04+00:00\",\"description\":\"Kozmetik \u00fcreticileri ve perakendeciler i\u00e7in \u00f6zel olarak rafine edilmi\u015f toptan mango ya\u011f\u0131 sunuyoruz.\",\"breadcrumb\":{\"@id\":\"https:\\\/\\\/naturalpoland.com\\\/tr\\\/urunler\\\/kozmetik-hammaddeleri\\\/kozmetik-yaglari\\\/mango-yagi\\\/#breadcrumb\"},\"inLanguage\":\"tr\",\"potentialAction\":[{\"@type\":\"ReadAction\",\"target\":[\"https:\\\/\\\/naturalpoland.com\\\/tr\\\/urunler\\\/kozmetik-hammaddeleri\\\/kozmetik-yaglari\\\/mango-yagi\\\/\"]}]},{\"@type\":\"ImageObject\",\"inLanguage\":\"tr\",\"@id\":\"https:\\\/\\\/naturalpoland.com\\\/tr\\\/urunler\\\/kozmetik-hammaddeleri\\\/kozmetik-yaglari\\\/mango-yagi\\\/#primaryimage\",\"url\":\"https:\\\/\\\/naturalpoland.com\\\/wp-content\\\/uploads\\\/maslo-mango.webp\",\"contentUrl\":\"https:\\\/\\\/naturalpoland.com\\\/wp-content\\\/uploads\\\/maslo-mango.webp\",\"width\":1024,\"height\":1024,\"caption\":\"mango ya\u011f\u0131\"},{\"@type\":\"BreadcrumbList\",\"@id\":\"https:\\\/\\\/naturalpoland.com\\\/tr\\\/urunler\\\/kozmetik-hammaddeleri\\\/kozmetik-yaglari\\\/mango-yagi\\\/#breadcrumb\",\"itemListElement\":[{\"@type\":\"ListItem\",\"position\":1,\"name\":\"Ana Sayfa\",\"item\":\"https:\\\/\\\/naturalpoland.com\\\/tr\\\/\"},{\"@type\":\"ListItem\",\"position\":2,\"name\":\"\u00dcr\u00fcnler\",\"item\":\"https:\\\/\\\/naturalpoland.com\\\/tr\\\/urunler\\\/\"},{\"@type\":\"ListItem\",\"position\":3,\"name\":\"Mango ya\u011f\u0131\"}]},{\"@type\":\"WebSite\",\"@id\":\"https:\\\/\\\/naturalpoland.com\\\/tr\\\/#website\",\"url\":\"https:\\\/\\\/naturalpoland.com\\\/tr\\\/\",\"name\":\"NATURAL POLAND - Hurtowy Dystrybutor Surowc\u00f3w\",\"description\":\"Surowce dla przemys\u0142u spo\u017cywczego, kosmetycznego i farmaceutycznego\",\"publisher\":{\"@id\":\"https:\\\/\\\/naturalpoland.com\\\/tr\\\/#organization\"},\"potentialAction\":[{\"@type\":\"SearchAction\",\"target\":{\"@type\":\"EntryPoint\",\"urlTemplate\":\"https:\\\/\\\/naturalpoland.com\\\/tr\\\/?s={search_term_string}\"},\"query-input\":{\"@type\":\"PropertyValueSpecification\",\"valueRequired\":true,\"valueName\":\"search_term_string\"}}],\"inLanguage\":\"tr\"},{\"@type\":\"Organization\",\"@id\":\"https:\\\/\\\/naturalpoland.com\\\/tr\\\/#organization\",\"name\":\"Natural Poland\",\"url\":\"https:\\\/\\\/naturalpoland.com\\\/tr\\\/\",\"logo\":{\"@type\":\"ImageObject\",\"inLanguage\":\"tr\",\"@id\":\"https:\\\/\\\/naturalpoland.com\\\/tr\\\/#\\\/schema\\\/logo\\\/image\\\/\",\"url\":\"https:\\\/\\\/naturalpoland.com\\\/wp-content\\\/uploads\\\/2021\\\/05\\\/natural-poland-icon.png\",\"contentUrl\":\"https:\\\/\\\/naturalpoland.com\\\/wp-content\\\/uploads\\\/2021\\\/05\\\/natural-poland-icon.png\",\"width\":512,\"height\":512,\"caption\":\"Natural Poland\"},\"image\":{\"@id\":\"https:\\\/\\\/naturalpoland.com\\\/tr\\\/#\\\/schema\\\/logo\\\/image\\\/\"},\"sameAs\":[\"https:\\\/\\\/www.facebook.com\\\/naturalpoland.b2b\",\"https:\\\/\\\/pl.linkedin.com\\\/company\\\/natural-poland\",\"https:\\\/\\\/www.youtube.com\\\/channel\\\/UCgeGGkvOMahZo-xu_MSEWxg\"]}]}<\/script>\n<!-- \/ Yoast SEO plugin. -->","yoast_head_json":{"title":"Mango ya\u011f\u0131 - Natural Poland","description":"Kozmetik \u00fcreticileri ve perakendeciler i\u00e7in \u00f6zel olarak rafine edilmi\u015f toptan mango ya\u011f\u0131 sunuyoruz.","robots":{"index":"index","follow":"follow","max-snippet":"max-snippet:-1","max-image-preview":"max-image-preview:large","max-video-preview":"max-video-preview:-1"},"canonical":"https:\/\/naturalpoland.com\/tr\/urunler\/kozmetik-hammaddeleri\/kozmetik-yaglari\/mango-yagi\/","og_locale":"tr_TR","og_type":"article","og_title":"Mango ya\u011f\u0131 - Natural Poland","og_description":"Kozmetik \u00fcreticileri ve perakendeciler i\u00e7in \u00f6zel olarak rafine edilmi\u015f toptan mango ya\u011f\u0131 sunuyoruz.","og_url":"https:\/\/naturalpoland.com\/tr\/urunler\/kozmetik-hammaddeleri\/kozmetik-yaglari\/mango-yagi\/","og_site_name":"NATURAL POLAND - Hurtowy Dystrybutor Surowc\u00f3w","article_publisher":"https:\/\/www.facebook.com\/naturalpoland.b2b","article_modified_time":"2025-12-22T12:04:04+00:00","og_image":[{"width":1024,"height":1024,"url":"https:\/\/naturalpoland.com\/wp-content\/uploads\/maslo-mango.webp","type":"image\/webp"}],"schema":{"@context":"https:\/\/schema.org","@graph":[{"@type":"WebPage","@id":"https:\/\/naturalpoland.com\/tr\/urunler\/kozmetik-hammaddeleri\/kozmetik-yaglari\/mango-yagi\/","url":"https:\/\/naturalpoland.com\/tr\/urunler\/kozmetik-hammaddeleri\/kozmetik-yaglari\/mango-yagi\/","name":"Mango ya\u011f\u0131 - Natural Poland","isPartOf":{"@id":"https:\/\/naturalpoland.com\/tr\/#website"},"primaryImageOfPage":{"@id":"https:\/\/naturalpoland.com\/tr\/urunler\/kozmetik-hammaddeleri\/kozmetik-yaglari\/mango-yagi\/#primaryimage"},"image":{"@id":"https:\/\/naturalpoland.com\/tr\/urunler\/kozmetik-hammaddeleri\/kozmetik-yaglari\/mango-yagi\/#primaryimage"},"thumbnailUrl":"https:\/\/naturalpoland.com\/wp-content\/uploads\/maslo-mango.webp","datePublished":"2021-05-11T11:47:21+00:00","dateModified":"2025-12-22T12:04:04+00:00","description":"Kozmetik \u00fcreticileri ve perakendeciler i\u00e7in \u00f6zel olarak rafine edilmi\u015f toptan mango ya\u011f\u0131 sunuyoruz.","breadcrumb":{"@id":"https:\/\/naturalpoland.com\/tr\/urunler\/kozmetik-hammaddeleri\/kozmetik-yaglari\/mango-yagi\/#breadcrumb"},"inLanguage":"tr","potentialAction":[{"@type":"ReadAction","target":["https:\/\/naturalpoland.com\/tr\/urunler\/kozmetik-hammaddeleri\/kozmetik-yaglari\/mango-yagi\/"]}]},{"@type":"ImageObject","inLanguage":"tr","@id":"https:\/\/naturalpoland.com\/tr\/urunler\/kozmetik-hammaddeleri\/kozmetik-yaglari\/mango-yagi\/#primaryimage","url":"https:\/\/naturalpoland.com\/wp-content\/uploads\/maslo-mango.webp","contentUrl":"https:\/\/naturalpoland.com\/wp-content\/uploads\/maslo-mango.webp","width":1024,"height":1024,"caption":"mango ya\u011f\u0131"},{"@type":"BreadcrumbList","@id":"https:\/\/naturalpoland.com\/tr\/urunler\/kozmetik-hammaddeleri\/kozmetik-yaglari\/mango-yagi\/#breadcrumb","itemListElement":[{"@type":"ListItem","position":1,"name":"Ana Sayfa","item":"https:\/\/naturalpoland.com\/tr\/"},{"@type":"ListItem","position":2,"name":"\u00dcr\u00fcnler","item":"https:\/\/naturalpoland.com\/tr\/urunler\/"},{"@type":"ListItem","position":3,"name":"Mango ya\u011f\u0131"}]},{"@type":"WebSite","@id":"https:\/\/naturalpoland.com\/tr\/#website","url":"https:\/\/naturalpoland.com\/tr\/","name":"NATURAL POLAND - Hurtowy Dystrybutor Surowc\u00f3w","description":"Surowce dla przemys\u0142u spo\u017cywczego, kosmetycznego i farmaceutycznego","publisher":{"@id":"https:\/\/naturalpoland.com\/tr\/#organization"},"potentialAction":[{"@type":"SearchAction","target":{"@type":"EntryPoint","urlTemplate":"https:\/\/naturalpoland.com\/tr\/?s={search_term_string}"},"query-input":{"@type":"PropertyValueSpecification","valueRequired":true,"valueName":"search_term_string"}}],"inLanguage":"tr"},{"@type":"Organization","@id":"https:\/\/naturalpoland.com\/tr\/#organization","name":"Natural Poland","url":"https:\/\/naturalpoland.com\/tr\/","logo":{"@type":"ImageObject","inLanguage":"tr","@id":"https:\/\/naturalpoland.com\/tr\/#\/schema\/logo\/image\/","url":"https:\/\/naturalpoland.com\/wp-content\/uploads\/2021\/05\/natural-poland-icon.png","contentUrl":"https:\/\/naturalpoland.com\/wp-content\/uploads\/2021\/05\/natural-poland-icon.png","width":512,"height":512,"caption":"Natural Poland"},"image":{"@id":"https:\/\/naturalpoland.com\/tr\/#\/schema\/logo\/image\/"},"sameAs":["https:\/\/www.facebook.com\/naturalpoland.b2b","https:\/\/pl.linkedin.com\/company\/natural-poland","https:\/\/www.youtube.com\/channel\/UCgeGGkvOMahZo-xu_MSEWxg"]}]}},"_links":{"self":[{"href":"https:\/\/naturalpoland.com\/tr\/wp-json\/wp\/v2\/product\/44608","targetHints":{"allow":["GET"]}}],"collection":[{"href":"https:\/\/naturalpoland.com\/tr\/wp-json\/wp\/v2\/product"}],"about":[{"href":"https:\/\/naturalpoland.com\/tr\/wp-json\/wp\/v2\/types\/product"}],"wp:featuredmedia":[{"embeddable":true,"href":"https:\/\/naturalpoland.com\/tr\/wp-json\/wp\/v2\/media\/44610"}],"wp:attachment":[{"href":"https:\/\/naturalpoland.com\/tr\/wp-json\/wp\/v2\/media?parent=44608"}],"wp:term":[{"taxonomy":"product_brand","embeddable":true,"href":"https:\/\/naturalpoland.com\/tr\/wp-json\/wp\/v2\/product_brand?post=44608"},{"taxonomy":"product_cat","embeddable":true,"href":"https:\/\/naturalpoland.com\/tr\/wp-json\/wp\/v2\/product_cat?post=44608"},{"taxonomy":"product_tag","embeddable":true,"href":"https:\/\/naturalpoland.com\/tr\/wp-json\/wp\/v2\/product_tag?post=44608"}],"curies":[{"name":"wp","href":"https:\/\/api.w.org\/{rel}","templated":true}]}}