{"id":44615,"date":"2021-05-11T13:38:54","date_gmt":"2021-05-11T11:38:54","guid":{"rendered":"https:\/\/naturalpoland.com\/produkty\/kategorilenmemis\/sari-kantaron-ozutu\/"},"modified":"2025-12-22T13:05:48","modified_gmt":"2025-12-22T12:05:48","slug":"sari-kantaron-ozutu","status":"publish","type":"product","link":"https:\/\/naturalpoland.com\/tr\/urunler\/bitkisel-ekstraktlar\/sari-kantaron-ozutu\/","title":{"rendered":"Sar\u0131 kantaron \u00f6z\u00fct\u00fc"},"content":{"rendered":"<p>Sar\u0131 kantaron \u00f6z\u00fct\u00fcndeki hiperisin, g\u00fc\u00e7l\u00fc anti-enflamatuar ve antiseptik \u00f6zelliklere sahip k\u0131rm\u0131z\u0131ms\u0131 bir maddedir. Egzama, k\u00fc\u00e7\u00fck yaralar veya g\u00fcne\u015f yan\u0131klar\u0131 gibi cilt sorunlar\u0131n\u0131n tedavisinde etkilidir. <\/p>\n<p>Sar\u0131 kantaron \u00f6z\u00fct\u00fc, iyile\u015fme s\u00fcrecini desteklemenin yan\u0131 s\u0131ra cildin genel g\u00f6r\u00fcn\u00fcm\u00fcn\u00fc ve durumunu iyile\u015ftirmede m\u00fckemmel \u00f6zellikler g\u00f6sterir. Cildi p\u00fcr\u00fczs\u00fczle\u015ftirme, g\u00fc\u00e7lendirme ve s\u0131k\u0131la\u015ft\u0131rma yetene\u011fi, onu \u00e7atlaklar\u0131 \u00f6nlemeyi ve azaltmay\u0131 ama\u00e7layan kozmetik \u00fcr\u00fcnler i\u00e7in ideal bir bile\u015fen haline getirir. Yat\u0131\u015ft\u0131r\u0131c\u0131 ve yenileyici etkisi sayesinde, bu \u00f6z\u00fct \u00f6zellikle hassas ve tahri\u015f olmu\u015f ciltlerin bak\u0131m\u0131 i\u00e7in \u00f6nerilir.  <\/p>\n<p>Sar\u0131 kantaron \u00f6z\u00fct\u00fcn\u00fcn kullan\u0131m\u0131 sadece cilt bak\u0131m \u00fcr\u00fcnleriyle s\u0131n\u0131rl\u0131 de\u011fildir. \u00d6z\u00fcte karakteristik k\u0131rm\u0131z\u0131ms\u0131 rengini veren hiperisin maddesi sayesinde, renkli kozmetik \u00fcretiminde de kullan\u0131l\u0131r. Bu do\u011fal pigmentasyon, sentetik boyalara de\u011ferli bir alternatif olarak balsamlar, ruj ve di\u011fer kozmetik \u00fcr\u00fcnlere renk vermek i\u00e7in kullan\u0131labilir.  <\/p>\n<p>Sar\u0131 kantaron \u00f6z\u00fct\u00fc sadece etkili de\u011fil, ayn\u0131 zamanda kullan\u0131m\u0131 g\u00fcvenlidir. Do\u011fal k\u00f6keni ve zararl\u0131 yan etkilerinin olmamas\u0131, onu kimyasal ila\u00e7lar ve kozmetiklere alternatif arayan ki\u015filer i\u00e7in m\u00fckemmel bir se\u00e7im haline getirir. Ancak, sar\u0131 kantaron \u00f6z\u00fct\u00fc i\u00e7eren \u00fcr\u00fcnleri kullan\u0131rken ve ayn\u0131 zamanda g\u00fcne\u015fe maruz kal\u0131rken ortaya \u00e7\u0131kabilecek potansiyel fotosensitizasyon etkisini unutmamak gerekir. Bu nedenle, bu \u00fcr\u00fcnleri kullan\u0131rken uygun <strong><a href=\"https:\/\/naturalpoland.com\/artykuly\/surowce-kosmetyczne\/czym-jest-filtr-przeciwsloneczny-bemt-bis-etyloheksyloksyfenolometoksyfenylotriazyna\/\">UV korumas\u0131<\/a><\/strong> kullan\u0131lmas\u0131 \u00f6nerilir.   <\/p>\n","protected":false},"excerpt":{"rendered":"<p>Sar\u0131 kantaron \u00f6z\u00fct\u00fc, ana etken maddesi <strong>hiperisin<\/strong> olarak da bilinen, geni\u015f bir etki yelpazesi sunan kozmetik ve eczac\u0131l\u0131k d\u00fcnyas\u0131nda de\u011ferli bir bile\u015fendir.<\/p>\n","protected":false},"featured_media":44617,"template":"","meta":{"_acf_changed":false},"product_brand":[],"product_cat":[9531],"product_tag":[],"class_list":{"0":"post-44615","1":"product","2":"type-product","3":"status-publish","4":"has-post-thumbnail","6":"product_cat-bitkisel-ekstraktlar","7":"pa_czesc-rosliny-yapraklar-2","9":"first","10":"instock","11":"shipping-taxable","12":"product-type-simple"},"acf":[],"yoast_head":"<!-- This site is optimized with the Yoast SEO plugin v27.5 - https:\/\/yoast.com\/product\/yoast-seo-wordpress\/ -->\n<title>Sar\u0131 kantaron \u00f6z\u00fct\u00fc - Hurtowy Dystrybutor<\/title>\n<meta name=\"description\" content=\"Sar\u0131 kantaron \u00f6z\u00fct\u00fc, ana etken maddesi hiperisin olarak da bilinen, kozmetik ve eczac\u0131l\u0131k d\u00fcnyas\u0131nda de\u011ferli bir bile\u015fendir.\" \/>\n<meta name=\"robots\" content=\"index, follow, max-snippet:-1, max-image-preview:large, max-video-preview:-1\" \/>\n<link rel=\"canonical\" href=\"https:\/\/naturalpoland.com\/tr\/urunler\/bitkisel-ekstraktlar\/sari-kantaron-ozutu\/\" \/>\n<meta property=\"og:locale\" content=\"tr_TR\" \/>\n<meta property=\"og:type\" content=\"article\" \/>\n<meta property=\"og:title\" content=\"Sar\u0131 kantaron \u00f6z\u00fct\u00fc - Hurtowy Dystrybutor\" \/>\n<meta property=\"og:description\" content=\"Sar\u0131 kantaron \u00f6z\u00fct\u00fc, ana etken maddesi hiperisin olarak da bilinen, kozmetik ve eczac\u0131l\u0131k d\u00fcnyas\u0131nda de\u011ferli bir bile\u015fendir.\" \/>\n<meta property=\"og:url\" content=\"https:\/\/naturalpoland.com\/tr\/urunler\/bitkisel-ekstraktlar\/sari-kantaron-ozutu\/\" \/>\n<meta property=\"og:site_name\" content=\"NATURAL POLAND - Hurtowy Dystrybutor Surowc\u00f3w\" \/>\n<meta property=\"article:publisher\" content=\"https:\/\/www.facebook.com\/naturalpoland.b2b\" \/>\n<meta property=\"article:modified_time\" content=\"2025-12-22T12:05:48+00:00\" \/>\n<meta property=\"og:image\" content=\"https:\/\/naturalpoland.com\/wp-content\/uploads\/st._johns_wort_extract.webp\" \/>\n\t<meta property=\"og:image:width\" content=\"618\" \/>\n\t<meta property=\"og:image:height\" content=\"618\" \/>\n\t<meta property=\"og:image:type\" content=\"image\/webp\" \/>\n<script type=\"application\/ld+json\" class=\"yoast-schema-graph\">{\"@context\":\"https:\\\/\\\/schema.org\",\"@graph\":[{\"@type\":\"WebPage\",\"@id\":\"https:\\\/\\\/naturalpoland.com\\\/tr\\\/urunler\\\/bitkisel-ekstraktlar\\\/sari-kantaron-ozutu\\\/\",\"url\":\"https:\\\/\\\/naturalpoland.com\\\/tr\\\/urunler\\\/bitkisel-ekstraktlar\\\/sari-kantaron-ozutu\\\/\",\"name\":\"Sar\u0131 kantaron \u00f6z\u00fct\u00fc - Hurtowy Dystrybutor\",\"isPartOf\":{\"@id\":\"https:\\\/\\\/naturalpoland.com\\\/tr\\\/#website\"},\"primaryImageOfPage\":{\"@id\":\"https:\\\/\\\/naturalpoland.com\\\/tr\\\/urunler\\\/bitkisel-ekstraktlar\\\/sari-kantaron-ozutu\\\/#primaryimage\"},\"image\":{\"@id\":\"https:\\\/\\\/naturalpoland.com\\\/tr\\\/urunler\\\/bitkisel-ekstraktlar\\\/sari-kantaron-ozutu\\\/#primaryimage\"},\"thumbnailUrl\":\"https:\\\/\\\/naturalpoland.com\\\/wp-content\\\/uploads\\\/st._johns_wort_extract.webp\",\"datePublished\":\"2021-05-11T11:38:54+00:00\",\"dateModified\":\"2025-12-22T12:05:48+00:00\",\"description\":\"Sar\u0131 kantaron \u00f6z\u00fct\u00fc, ana etken maddesi hiperisin olarak da bilinen, kozmetik ve eczac\u0131l\u0131k d\u00fcnyas\u0131nda de\u011ferli bir bile\u015fendir.\",\"breadcrumb\":{\"@id\":\"https:\\\/\\\/naturalpoland.com\\\/tr\\\/urunler\\\/bitkisel-ekstraktlar\\\/sari-kantaron-ozutu\\\/#breadcrumb\"},\"inLanguage\":\"tr\",\"potentialAction\":[{\"@type\":\"ReadAction\",\"target\":[\"https:\\\/\\\/naturalpoland.com\\\/tr\\\/urunler\\\/bitkisel-ekstraktlar\\\/sari-kantaron-ozutu\\\/\"]}]},{\"@type\":\"ImageObject\",\"inLanguage\":\"tr\",\"@id\":\"https:\\\/\\\/naturalpoland.com\\\/tr\\\/urunler\\\/bitkisel-ekstraktlar\\\/sari-kantaron-ozutu\\\/#primaryimage\",\"url\":\"https:\\\/\\\/naturalpoland.com\\\/wp-content\\\/uploads\\\/st._johns_wort_extract.webp\",\"contentUrl\":\"https:\\\/\\\/naturalpoland.com\\\/wp-content\\\/uploads\\\/st._johns_wort_extract.webp\",\"width\":618,\"height\":618,\"caption\":\"sar\u0131 kantaron \u00f6z\u00fct\u00fc\"},{\"@type\":\"BreadcrumbList\",\"@id\":\"https:\\\/\\\/naturalpoland.com\\\/tr\\\/urunler\\\/bitkisel-ekstraktlar\\\/sari-kantaron-ozutu\\\/#breadcrumb\",\"itemListElement\":[{\"@type\":\"ListItem\",\"position\":1,\"name\":\"Ana Sayfa\",\"item\":\"https:\\\/\\\/naturalpoland.com\\\/tr\\\/\"},{\"@type\":\"ListItem\",\"position\":2,\"name\":\"\u00dcr\u00fcnler\",\"item\":\"https:\\\/\\\/naturalpoland.com\\\/tr\\\/urunler\\\/\"},{\"@type\":\"ListItem\",\"position\":3,\"name\":\"Sar\u0131 kantaron \u00f6z\u00fct\u00fc\"}]},{\"@type\":\"WebSite\",\"@id\":\"https:\\\/\\\/naturalpoland.com\\\/tr\\\/#website\",\"url\":\"https:\\\/\\\/naturalpoland.com\\\/tr\\\/\",\"name\":\"NATURAL POLAND - Hurtowy Dystrybutor Surowc\u00f3w\",\"description\":\"Surowce dla przemys\u0142u spo\u017cywczego, kosmetycznego i farmaceutycznego\",\"publisher\":{\"@id\":\"https:\\\/\\\/naturalpoland.com\\\/tr\\\/#organization\"},\"potentialAction\":[{\"@type\":\"SearchAction\",\"target\":{\"@type\":\"EntryPoint\",\"urlTemplate\":\"https:\\\/\\\/naturalpoland.com\\\/tr\\\/?s={search_term_string}\"},\"query-input\":{\"@type\":\"PropertyValueSpecification\",\"valueRequired\":true,\"valueName\":\"search_term_string\"}}],\"inLanguage\":\"tr\"},{\"@type\":\"Organization\",\"@id\":\"https:\\\/\\\/naturalpoland.com\\\/tr\\\/#organization\",\"name\":\"Natural Poland\",\"url\":\"https:\\\/\\\/naturalpoland.com\\\/tr\\\/\",\"logo\":{\"@type\":\"ImageObject\",\"inLanguage\":\"tr\",\"@id\":\"https:\\\/\\\/naturalpoland.com\\\/tr\\\/#\\\/schema\\\/logo\\\/image\\\/\",\"url\":\"https:\\\/\\\/naturalpoland.com\\\/wp-content\\\/uploads\\\/2021\\\/05\\\/natural-poland-icon.png\",\"contentUrl\":\"https:\\\/\\\/naturalpoland.com\\\/wp-content\\\/uploads\\\/2021\\\/05\\\/natural-poland-icon.png\",\"width\":512,\"height\":512,\"caption\":\"Natural Poland\"},\"image\":{\"@id\":\"https:\\\/\\\/naturalpoland.com\\\/tr\\\/#\\\/schema\\\/logo\\\/image\\\/\"},\"sameAs\":[\"https:\\\/\\\/www.facebook.com\\\/naturalpoland.b2b\",\"https:\\\/\\\/pl.linkedin.com\\\/company\\\/natural-poland\",\"https:\\\/\\\/www.youtube.com\\\/channel\\\/UCgeGGkvOMahZo-xu_MSEWxg\"]}]}<\/script>\n<!-- \/ Yoast SEO plugin. -->","yoast_head_json":{"title":"Sar\u0131 kantaron \u00f6z\u00fct\u00fc - Hurtowy Dystrybutor","description":"Sar\u0131 kantaron \u00f6z\u00fct\u00fc, ana etken maddesi hiperisin olarak da bilinen, kozmetik ve eczac\u0131l\u0131k d\u00fcnyas\u0131nda de\u011ferli bir bile\u015fendir.","robots":{"index":"index","follow":"follow","max-snippet":"max-snippet:-1","max-image-preview":"max-image-preview:large","max-video-preview":"max-video-preview:-1"},"canonical":"https:\/\/naturalpoland.com\/tr\/urunler\/bitkisel-ekstraktlar\/sari-kantaron-ozutu\/","og_locale":"tr_TR","og_type":"article","og_title":"Sar\u0131 kantaron \u00f6z\u00fct\u00fc - Hurtowy Dystrybutor","og_description":"Sar\u0131 kantaron \u00f6z\u00fct\u00fc, ana etken maddesi hiperisin olarak da bilinen, kozmetik ve eczac\u0131l\u0131k d\u00fcnyas\u0131nda de\u011ferli bir bile\u015fendir.","og_url":"https:\/\/naturalpoland.com\/tr\/urunler\/bitkisel-ekstraktlar\/sari-kantaron-ozutu\/","og_site_name":"NATURAL POLAND - Hurtowy Dystrybutor Surowc\u00f3w","article_publisher":"https:\/\/www.facebook.com\/naturalpoland.b2b","article_modified_time":"2025-12-22T12:05:48+00:00","og_image":[{"width":618,"height":618,"url":"https:\/\/naturalpoland.com\/wp-content\/uploads\/st._johns_wort_extract.webp","type":"image\/webp"}],"schema":{"@context":"https:\/\/schema.org","@graph":[{"@type":"WebPage","@id":"https:\/\/naturalpoland.com\/tr\/urunler\/bitkisel-ekstraktlar\/sari-kantaron-ozutu\/","url":"https:\/\/naturalpoland.com\/tr\/urunler\/bitkisel-ekstraktlar\/sari-kantaron-ozutu\/","name":"Sar\u0131 kantaron \u00f6z\u00fct\u00fc - Hurtowy Dystrybutor","isPartOf":{"@id":"https:\/\/naturalpoland.com\/tr\/#website"},"primaryImageOfPage":{"@id":"https:\/\/naturalpoland.com\/tr\/urunler\/bitkisel-ekstraktlar\/sari-kantaron-ozutu\/#primaryimage"},"image":{"@id":"https:\/\/naturalpoland.com\/tr\/urunler\/bitkisel-ekstraktlar\/sari-kantaron-ozutu\/#primaryimage"},"thumbnailUrl":"https:\/\/naturalpoland.com\/wp-content\/uploads\/st._johns_wort_extract.webp","datePublished":"2021-05-11T11:38:54+00:00","dateModified":"2025-12-22T12:05:48+00:00","description":"Sar\u0131 kantaron \u00f6z\u00fct\u00fc, ana etken maddesi hiperisin olarak da bilinen, kozmetik ve eczac\u0131l\u0131k d\u00fcnyas\u0131nda de\u011ferli bir bile\u015fendir.","breadcrumb":{"@id":"https:\/\/naturalpoland.com\/tr\/urunler\/bitkisel-ekstraktlar\/sari-kantaron-ozutu\/#breadcrumb"},"inLanguage":"tr","potentialAction":[{"@type":"ReadAction","target":["https:\/\/naturalpoland.com\/tr\/urunler\/bitkisel-ekstraktlar\/sari-kantaron-ozutu\/"]}]},{"@type":"ImageObject","inLanguage":"tr","@id":"https:\/\/naturalpoland.com\/tr\/urunler\/bitkisel-ekstraktlar\/sari-kantaron-ozutu\/#primaryimage","url":"https:\/\/naturalpoland.com\/wp-content\/uploads\/st._johns_wort_extract.webp","contentUrl":"https:\/\/naturalpoland.com\/wp-content\/uploads\/st._johns_wort_extract.webp","width":618,"height":618,"caption":"sar\u0131 kantaron \u00f6z\u00fct\u00fc"},{"@type":"BreadcrumbList","@id":"https:\/\/naturalpoland.com\/tr\/urunler\/bitkisel-ekstraktlar\/sari-kantaron-ozutu\/#breadcrumb","itemListElement":[{"@type":"ListItem","position":1,"name":"Ana Sayfa","item":"https:\/\/naturalpoland.com\/tr\/"},{"@type":"ListItem","position":2,"name":"\u00dcr\u00fcnler","item":"https:\/\/naturalpoland.com\/tr\/urunler\/"},{"@type":"ListItem","position":3,"name":"Sar\u0131 kantaron \u00f6z\u00fct\u00fc"}]},{"@type":"WebSite","@id":"https:\/\/naturalpoland.com\/tr\/#website","url":"https:\/\/naturalpoland.com\/tr\/","name":"NATURAL POLAND - Hurtowy Dystrybutor Surowc\u00f3w","description":"Surowce dla przemys\u0142u spo\u017cywczego, kosmetycznego i farmaceutycznego","publisher":{"@id":"https:\/\/naturalpoland.com\/tr\/#organization"},"potentialAction":[{"@type":"SearchAction","target":{"@type":"EntryPoint","urlTemplate":"https:\/\/naturalpoland.com\/tr\/?s={search_term_string}"},"query-input":{"@type":"PropertyValueSpecification","valueRequired":true,"valueName":"search_term_string"}}],"inLanguage":"tr"},{"@type":"Organization","@id":"https:\/\/naturalpoland.com\/tr\/#organization","name":"Natural Poland","url":"https:\/\/naturalpoland.com\/tr\/","logo":{"@type":"ImageObject","inLanguage":"tr","@id":"https:\/\/naturalpoland.com\/tr\/#\/schema\/logo\/image\/","url":"https:\/\/naturalpoland.com\/wp-content\/uploads\/2021\/05\/natural-poland-icon.png","contentUrl":"https:\/\/naturalpoland.com\/wp-content\/uploads\/2021\/05\/natural-poland-icon.png","width":512,"height":512,"caption":"Natural Poland"},"image":{"@id":"https:\/\/naturalpoland.com\/tr\/#\/schema\/logo\/image\/"},"sameAs":["https:\/\/www.facebook.com\/naturalpoland.b2b","https:\/\/pl.linkedin.com\/company\/natural-poland","https:\/\/www.youtube.com\/channel\/UCgeGGkvOMahZo-xu_MSEWxg"]}]}},"_links":{"self":[{"href":"https:\/\/naturalpoland.com\/tr\/wp-json\/wp\/v2\/product\/44615","targetHints":{"allow":["GET"]}}],"collection":[{"href":"https:\/\/naturalpoland.com\/tr\/wp-json\/wp\/v2\/product"}],"about":[{"href":"https:\/\/naturalpoland.com\/tr\/wp-json\/wp\/v2\/types\/product"}],"wp:featuredmedia":[{"embeddable":true,"href":"https:\/\/naturalpoland.com\/tr\/wp-json\/wp\/v2\/media\/44617"}],"wp:attachment":[{"href":"https:\/\/naturalpoland.com\/tr\/wp-json\/wp\/v2\/media?parent=44615"}],"wp:term":[{"taxonomy":"product_brand","embeddable":true,"href":"https:\/\/naturalpoland.com\/tr\/wp-json\/wp\/v2\/product_brand?post=44615"},{"taxonomy":"product_cat","embeddable":true,"href":"https:\/\/naturalpoland.com\/tr\/wp-json\/wp\/v2\/product_cat?post=44615"},{"taxonomy":"product_tag","embeddable":true,"href":"https:\/\/naturalpoland.com\/tr\/wp-json\/wp\/v2\/product_tag?post=44615"}],"curies":[{"name":"wp","href":"https:\/\/api.w.org\/{rel}","templated":true}]}}