{"id":44621,"date":"2021-05-11T13:49:21","date_gmt":"2021-05-11T11:49:21","guid":{"rendered":"https:\/\/naturalpoland.com\/produkty\/kategorilenmemis\/hint-yagi\/"},"modified":"2025-12-22T13:09:02","modified_gmt":"2025-12-22T12:09:02","slug":"hint-yagi","status":"publish","type":"product","link":"https:\/\/naturalpoland.com\/tr\/urunler\/gida-ve-kozmetik-yaglari\/hint-yagi\/","title":{"rendered":"Hint ya\u011f\u0131"},"content":{"rendered":"<h2>Hint ya\u011f\u0131 &#8211; \u00f6zellikleri ve kullan\u0131m\u0131<\/h2>\n<p>Bak\u0131m \u00f6zellikleri sayesinde <strong>hint ya\u011f\u0131 kozmetikte s\u0131kl\u0131kla kullan\u0131lmaktad\u0131r<\/strong>. Hem t\u0131rnaklar\u0131 hem de sa\u00e7lar\u0131, ayr\u0131ca ka\u015flar\u0131 ve kirpikleri g\u00fc\u00e7lendiren preparat olarak m\u00fckemmel sonu\u00e7 vermektedir. Ayn\u0131 zamanda hint ya\u011f\u0131 kullan\u0131m\u0131nda a\u015f\u0131r\u0131 sa\u00e7 d\u00f6k\u00fclmesi sorunu ya\u015fayan ki\u015filerin dikkatli olmas\u0131 gerekmektedir, \u00e7\u00fcnk\u00fc bu durumda hint ya\u011f\u0131 terapisi maalesef zarar verebilir.  <\/p>\n<p>Ayr\u0131ca hint ya\u011f\u0131 <strong>cilt \u00fczerinde faydal\u0131 etkiye<\/strong> sahiptir, cildi p\u00fcr\u00fczs\u00fczle\u015ftirmenin yan\u0131 s\u0131ra ya\u011flay\u0131c\u0131 ve onar\u0131c\u0131 etki g\u00f6stermektedir. Hint ya\u011f\u0131 do\u011frudan cilde kompres veya maske \u015feklinde uygulanabilir. B\u00fcy\u00fck bir avantaj ise <strong>onar\u0131c\u0131 \u00f6zellikleri<\/strong> sayesinde preparat\u0131n k\u00fc\u00e7\u00fck yaralar, s\u0131yr\u0131klar veya kesikler \u00fczerinde de kullan\u0131labilmesidir.  <\/p>\n<p>Bak\u0131m \u00fcr\u00fcn\u00fc ayn\u0131 zamanda <strong>sa\u011fl\u0131k \u00f6zelliklerine<\/strong> de sahiptir. Yak\u0131n zamana kadar hint ya\u011f\u0131 neredeyse her evde sayg\u0131n bir yere sahipti. Kab\u0131zl\u0131k durumlar\u0131nda m\u00fcshil olarak m\u00fckemmel sonu\u00e7 vermekteydi. Kompres \u015feklinde uyguland\u0131\u011f\u0131nda ise ba\u015f a\u011fr\u0131s\u0131, bel a\u011fr\u0131s\u0131 ve hatta kas a\u011fr\u0131lar\u0131yla ilgili rahats\u0131zl\u0131klar\u0131 da giderebilmektedir.   <\/p>\n<h2>Hint ya\u011f\u0131 &#8211; kontrendikasyonlar<\/h2>\n<p>Hint ya\u011f\u0131 kullan\u0131m\u0131ndan sa\u011flanan b\u00fcy\u00fck faydalar\u0131n yan\u0131 s\u0131ra kontrendikasyonlar\u0131 da unutmamak gerekmektedir. Bunlar aras\u0131nda \u00f6ncelikle hamilelik ve emzirme d\u00f6nemi, ayr\u0131ca ba\u011f\u0131rsak t\u0131kan\u0131kl\u0131\u011f\u0131 veya ba\u011f\u0131rsak atonisi, apandisit ve hatta v\u00fccudun \u015fiddetli dehidrasyonu gibi sindirim sistemi sorunlar\u0131 yer almaktad\u0131r. <\/p>\n","protected":false},"excerpt":{"rendered":"<p>Natural Poland, hint bitkisinin tohumlar\u0131ndan so\u011fuk s\u0131k\u0131m y\u00f6ntemiyle elde edilen <strong>hint ya\u011f\u0131n\u0131n<\/strong> toptan distrib\u00fct\u00f6r\u00fcd\u00fcr. G\u00fcn\u00fcm\u00fczde hint ya\u011f\u0131 cilt ve sa\u00e7 bak\u0131m\u0131nda ve sa\u011fl\u0131k uygulamalar\u0131nda geni\u015f kullan\u0131m alan\u0131na sahiptir. <\/p>\n","protected":false},"featured_media":44622,"template":"","meta":{"_acf_changed":false},"product_brand":[],"product_cat":[9532],"product_tag":[],"class_list":{"0":"post-44621","1":"product","2":"type-product","3":"status-publish","4":"has-post-thumbnail","6":"product_cat-gida-ve-kozmetik-yaglari","8":"first","9":"instock","10":"shipping-taxable","11":"product-type-simple"},"acf":[],"yoast_head":"<!-- This site is optimized with the Yoast SEO plugin v27.5 - https:\/\/yoast.com\/product\/yoast-seo-wordpress\/ -->\n<title>Hint ya\u011f\u0131 - NATURAL POLAND - Hurtowy Dystrybutor Surowc\u00f3w<\/title>\n<meta name=\"description\" content=\"Hint ya\u011f\u0131 kozmetikte nemlendirici, onar\u0131c\u0131 ve g\u00fc\u00e7lendirici bile\u015fen olarak, \u00f6zellikle sa\u00e7, ka\u015f ve kirpik bak\u0131m\u0131nda yayg\u0131n \u015fekilde kullan\u0131lmaktad\u0131r.\" \/>\n<meta name=\"robots\" content=\"index, follow, max-snippet:-1, max-image-preview:large, max-video-preview:-1\" \/>\n<link rel=\"canonical\" href=\"https:\/\/naturalpoland.com\/tr\/urunler\/gida-ve-kozmetik-yaglari\/hint-yagi\/\" \/>\n<meta property=\"og:locale\" content=\"tr_TR\" \/>\n<meta property=\"og:type\" content=\"article\" \/>\n<meta property=\"og:title\" content=\"Hint ya\u011f\u0131 - NATURAL POLAND - Hurtowy Dystrybutor Surowc\u00f3w\" \/>\n<meta property=\"og:description\" content=\"Hint ya\u011f\u0131 kozmetikte nemlendirici, onar\u0131c\u0131 ve g\u00fc\u00e7lendirici bile\u015fen olarak, \u00f6zellikle sa\u00e7, ka\u015f ve kirpik bak\u0131m\u0131nda yayg\u0131n \u015fekilde kullan\u0131lmaktad\u0131r.\" \/>\n<meta property=\"og:url\" content=\"https:\/\/naturalpoland.com\/tr\/urunler\/gida-ve-kozmetik-yaglari\/hint-yagi\/\" \/>\n<meta property=\"og:site_name\" content=\"NATURAL POLAND - Hurtowy Dystrybutor Surowc\u00f3w\" \/>\n<meta property=\"article:publisher\" content=\"https:\/\/www.facebook.com\/naturalpoland.b2b\" \/>\n<meta property=\"article:modified_time\" content=\"2025-12-22T12:09:02+00:00\" \/>\n<meta property=\"og:image\" content=\"https:\/\/naturalpoland.com\/wp-content\/uploads\/2021\/05\/castor-oil.jpg\" \/>\n\t<meta property=\"og:image:width\" content=\"976\" \/>\n\t<meta property=\"og:image:height\" content=\"650\" \/>\n\t<meta property=\"og:image:type\" content=\"image\/jpeg\" \/>\n<script type=\"application\/ld+json\" class=\"yoast-schema-graph\">{\"@context\":\"https:\\\/\\\/schema.org\",\"@graph\":[{\"@type\":\"WebPage\",\"@id\":\"https:\\\/\\\/naturalpoland.com\\\/tr\\\/urunler\\\/gida-ve-kozmetik-yaglari\\\/hint-yagi\\\/\",\"url\":\"https:\\\/\\\/naturalpoland.com\\\/tr\\\/urunler\\\/gida-ve-kozmetik-yaglari\\\/hint-yagi\\\/\",\"name\":\"Hint ya\u011f\u0131 - NATURAL POLAND - Hurtowy Dystrybutor Surowc\u00f3w\",\"isPartOf\":{\"@id\":\"https:\\\/\\\/naturalpoland.com\\\/tr\\\/#website\"},\"primaryImageOfPage\":{\"@id\":\"https:\\\/\\\/naturalpoland.com\\\/tr\\\/urunler\\\/gida-ve-kozmetik-yaglari\\\/hint-yagi\\\/#primaryimage\"},\"image\":{\"@id\":\"https:\\\/\\\/naturalpoland.com\\\/tr\\\/urunler\\\/gida-ve-kozmetik-yaglari\\\/hint-yagi\\\/#primaryimage\"},\"thumbnailUrl\":\"https:\\\/\\\/naturalpoland.com\\\/wp-content\\\/uploads\\\/2021\\\/05\\\/castor-oil.jpg\",\"datePublished\":\"2021-05-11T11:49:21+00:00\",\"dateModified\":\"2025-12-22T12:09:02+00:00\",\"description\":\"Hint ya\u011f\u0131 kozmetikte nemlendirici, onar\u0131c\u0131 ve g\u00fc\u00e7lendirici bile\u015fen olarak, \u00f6zellikle sa\u00e7, ka\u015f ve kirpik bak\u0131m\u0131nda yayg\u0131n \u015fekilde kullan\u0131lmaktad\u0131r.\",\"breadcrumb\":{\"@id\":\"https:\\\/\\\/naturalpoland.com\\\/tr\\\/urunler\\\/gida-ve-kozmetik-yaglari\\\/hint-yagi\\\/#breadcrumb\"},\"inLanguage\":\"tr\",\"potentialAction\":[{\"@type\":\"ReadAction\",\"target\":[\"https:\\\/\\\/naturalpoland.com\\\/tr\\\/urunler\\\/gida-ve-kozmetik-yaglari\\\/hint-yagi\\\/\"]}]},{\"@type\":\"ImageObject\",\"inLanguage\":\"tr\",\"@id\":\"https:\\\/\\\/naturalpoland.com\\\/tr\\\/urunler\\\/gida-ve-kozmetik-yaglari\\\/hint-yagi\\\/#primaryimage\",\"url\":\"https:\\\/\\\/naturalpoland.com\\\/wp-content\\\/uploads\\\/2021\\\/05\\\/castor-oil.jpg\",\"contentUrl\":\"https:\\\/\\\/naturalpoland.com\\\/wp-content\\\/uploads\\\/2021\\\/05\\\/castor-oil.jpg\",\"width\":976,\"height\":650,\"caption\":\"Hint ya\u011f\u0131\"},{\"@type\":\"BreadcrumbList\",\"@id\":\"https:\\\/\\\/naturalpoland.com\\\/tr\\\/urunler\\\/gida-ve-kozmetik-yaglari\\\/hint-yagi\\\/#breadcrumb\",\"itemListElement\":[{\"@type\":\"ListItem\",\"position\":1,\"name\":\"Ana Sayfa\",\"item\":\"https:\\\/\\\/naturalpoland.com\\\/tr\\\/\"},{\"@type\":\"ListItem\",\"position\":2,\"name\":\"\u00dcr\u00fcnler\",\"item\":\"https:\\\/\\\/naturalpoland.com\\\/tr\\\/urunler\\\/\"},{\"@type\":\"ListItem\",\"position\":3,\"name\":\"Hint ya\u011f\u0131\"}]},{\"@type\":\"WebSite\",\"@id\":\"https:\\\/\\\/naturalpoland.com\\\/tr\\\/#website\",\"url\":\"https:\\\/\\\/naturalpoland.com\\\/tr\\\/\",\"name\":\"NATURAL POLAND - Hurtowy Dystrybutor Surowc\u00f3w\",\"description\":\"Surowce dla przemys\u0142u spo\u017cywczego, kosmetycznego i farmaceutycznego\",\"publisher\":{\"@id\":\"https:\\\/\\\/naturalpoland.com\\\/tr\\\/#organization\"},\"potentialAction\":[{\"@type\":\"SearchAction\",\"target\":{\"@type\":\"EntryPoint\",\"urlTemplate\":\"https:\\\/\\\/naturalpoland.com\\\/tr\\\/?s={search_term_string}\"},\"query-input\":{\"@type\":\"PropertyValueSpecification\",\"valueRequired\":true,\"valueName\":\"search_term_string\"}}],\"inLanguage\":\"tr\"},{\"@type\":\"Organization\",\"@id\":\"https:\\\/\\\/naturalpoland.com\\\/tr\\\/#organization\",\"name\":\"Natural Poland\",\"url\":\"https:\\\/\\\/naturalpoland.com\\\/tr\\\/\",\"logo\":{\"@type\":\"ImageObject\",\"inLanguage\":\"tr\",\"@id\":\"https:\\\/\\\/naturalpoland.com\\\/tr\\\/#\\\/schema\\\/logo\\\/image\\\/\",\"url\":\"https:\\\/\\\/naturalpoland.com\\\/wp-content\\\/uploads\\\/2021\\\/05\\\/natural-poland-icon.png\",\"contentUrl\":\"https:\\\/\\\/naturalpoland.com\\\/wp-content\\\/uploads\\\/2021\\\/05\\\/natural-poland-icon.png\",\"width\":512,\"height\":512,\"caption\":\"Natural Poland\"},\"image\":{\"@id\":\"https:\\\/\\\/naturalpoland.com\\\/tr\\\/#\\\/schema\\\/logo\\\/image\\\/\"},\"sameAs\":[\"https:\\\/\\\/www.facebook.com\\\/naturalpoland.b2b\",\"https:\\\/\\\/pl.linkedin.com\\\/company\\\/natural-poland\",\"https:\\\/\\\/www.youtube.com\\\/channel\\\/UCgeGGkvOMahZo-xu_MSEWxg\"]}]}<\/script>\n<!-- \/ Yoast SEO plugin. -->","yoast_head_json":{"title":"Hint ya\u011f\u0131 - NATURAL POLAND - Hurtowy Dystrybutor Surowc\u00f3w","description":"Hint ya\u011f\u0131 kozmetikte nemlendirici, onar\u0131c\u0131 ve g\u00fc\u00e7lendirici bile\u015fen olarak, \u00f6zellikle sa\u00e7, ka\u015f ve kirpik bak\u0131m\u0131nda yayg\u0131n \u015fekilde kullan\u0131lmaktad\u0131r.","robots":{"index":"index","follow":"follow","max-snippet":"max-snippet:-1","max-image-preview":"max-image-preview:large","max-video-preview":"max-video-preview:-1"},"canonical":"https:\/\/naturalpoland.com\/tr\/urunler\/gida-ve-kozmetik-yaglari\/hint-yagi\/","og_locale":"tr_TR","og_type":"article","og_title":"Hint ya\u011f\u0131 - NATURAL POLAND - Hurtowy Dystrybutor Surowc\u00f3w","og_description":"Hint ya\u011f\u0131 kozmetikte nemlendirici, onar\u0131c\u0131 ve g\u00fc\u00e7lendirici bile\u015fen olarak, \u00f6zellikle sa\u00e7, ka\u015f ve kirpik bak\u0131m\u0131nda yayg\u0131n \u015fekilde kullan\u0131lmaktad\u0131r.","og_url":"https:\/\/naturalpoland.com\/tr\/urunler\/gida-ve-kozmetik-yaglari\/hint-yagi\/","og_site_name":"NATURAL POLAND - Hurtowy Dystrybutor Surowc\u00f3w","article_publisher":"https:\/\/www.facebook.com\/naturalpoland.b2b","article_modified_time":"2025-12-22T12:09:02+00:00","og_image":[{"width":976,"height":650,"url":"https:\/\/naturalpoland.com\/wp-content\/uploads\/2021\/05\/castor-oil.jpg","type":"image\/jpeg"}],"schema":{"@context":"https:\/\/schema.org","@graph":[{"@type":"WebPage","@id":"https:\/\/naturalpoland.com\/tr\/urunler\/gida-ve-kozmetik-yaglari\/hint-yagi\/","url":"https:\/\/naturalpoland.com\/tr\/urunler\/gida-ve-kozmetik-yaglari\/hint-yagi\/","name":"Hint ya\u011f\u0131 - NATURAL POLAND - Hurtowy Dystrybutor Surowc\u00f3w","isPartOf":{"@id":"https:\/\/naturalpoland.com\/tr\/#website"},"primaryImageOfPage":{"@id":"https:\/\/naturalpoland.com\/tr\/urunler\/gida-ve-kozmetik-yaglari\/hint-yagi\/#primaryimage"},"image":{"@id":"https:\/\/naturalpoland.com\/tr\/urunler\/gida-ve-kozmetik-yaglari\/hint-yagi\/#primaryimage"},"thumbnailUrl":"https:\/\/naturalpoland.com\/wp-content\/uploads\/2021\/05\/castor-oil.jpg","datePublished":"2021-05-11T11:49:21+00:00","dateModified":"2025-12-22T12:09:02+00:00","description":"Hint ya\u011f\u0131 kozmetikte nemlendirici, onar\u0131c\u0131 ve g\u00fc\u00e7lendirici bile\u015fen olarak, \u00f6zellikle sa\u00e7, ka\u015f ve kirpik bak\u0131m\u0131nda yayg\u0131n \u015fekilde kullan\u0131lmaktad\u0131r.","breadcrumb":{"@id":"https:\/\/naturalpoland.com\/tr\/urunler\/gida-ve-kozmetik-yaglari\/hint-yagi\/#breadcrumb"},"inLanguage":"tr","potentialAction":[{"@type":"ReadAction","target":["https:\/\/naturalpoland.com\/tr\/urunler\/gida-ve-kozmetik-yaglari\/hint-yagi\/"]}]},{"@type":"ImageObject","inLanguage":"tr","@id":"https:\/\/naturalpoland.com\/tr\/urunler\/gida-ve-kozmetik-yaglari\/hint-yagi\/#primaryimage","url":"https:\/\/naturalpoland.com\/wp-content\/uploads\/2021\/05\/castor-oil.jpg","contentUrl":"https:\/\/naturalpoland.com\/wp-content\/uploads\/2021\/05\/castor-oil.jpg","width":976,"height":650,"caption":"Hint ya\u011f\u0131"},{"@type":"BreadcrumbList","@id":"https:\/\/naturalpoland.com\/tr\/urunler\/gida-ve-kozmetik-yaglari\/hint-yagi\/#breadcrumb","itemListElement":[{"@type":"ListItem","position":1,"name":"Ana Sayfa","item":"https:\/\/naturalpoland.com\/tr\/"},{"@type":"ListItem","position":2,"name":"\u00dcr\u00fcnler","item":"https:\/\/naturalpoland.com\/tr\/urunler\/"},{"@type":"ListItem","position":3,"name":"Hint ya\u011f\u0131"}]},{"@type":"WebSite","@id":"https:\/\/naturalpoland.com\/tr\/#website","url":"https:\/\/naturalpoland.com\/tr\/","name":"NATURAL POLAND - Hurtowy Dystrybutor Surowc\u00f3w","description":"Surowce dla przemys\u0142u spo\u017cywczego, kosmetycznego i farmaceutycznego","publisher":{"@id":"https:\/\/naturalpoland.com\/tr\/#organization"},"potentialAction":[{"@type":"SearchAction","target":{"@type":"EntryPoint","urlTemplate":"https:\/\/naturalpoland.com\/tr\/?s={search_term_string}"},"query-input":{"@type":"PropertyValueSpecification","valueRequired":true,"valueName":"search_term_string"}}],"inLanguage":"tr"},{"@type":"Organization","@id":"https:\/\/naturalpoland.com\/tr\/#organization","name":"Natural Poland","url":"https:\/\/naturalpoland.com\/tr\/","logo":{"@type":"ImageObject","inLanguage":"tr","@id":"https:\/\/naturalpoland.com\/tr\/#\/schema\/logo\/image\/","url":"https:\/\/naturalpoland.com\/wp-content\/uploads\/2021\/05\/natural-poland-icon.png","contentUrl":"https:\/\/naturalpoland.com\/wp-content\/uploads\/2021\/05\/natural-poland-icon.png","width":512,"height":512,"caption":"Natural Poland"},"image":{"@id":"https:\/\/naturalpoland.com\/tr\/#\/schema\/logo\/image\/"},"sameAs":["https:\/\/www.facebook.com\/naturalpoland.b2b","https:\/\/pl.linkedin.com\/company\/natural-poland","https:\/\/www.youtube.com\/channel\/UCgeGGkvOMahZo-xu_MSEWxg"]}]}},"_links":{"self":[{"href":"https:\/\/naturalpoland.com\/tr\/wp-json\/wp\/v2\/product\/44621","targetHints":{"allow":["GET"]}}],"collection":[{"href":"https:\/\/naturalpoland.com\/tr\/wp-json\/wp\/v2\/product"}],"about":[{"href":"https:\/\/naturalpoland.com\/tr\/wp-json\/wp\/v2\/types\/product"}],"wp:featuredmedia":[{"embeddable":true,"href":"https:\/\/naturalpoland.com\/tr\/wp-json\/wp\/v2\/media\/44622"}],"wp:attachment":[{"href":"https:\/\/naturalpoland.com\/tr\/wp-json\/wp\/v2\/media?parent=44621"}],"wp:term":[{"taxonomy":"product_brand","embeddable":true,"href":"https:\/\/naturalpoland.com\/tr\/wp-json\/wp\/v2\/product_brand?post=44621"},{"taxonomy":"product_cat","embeddable":true,"href":"https:\/\/naturalpoland.com\/tr\/wp-json\/wp\/v2\/product_cat?post=44621"},{"taxonomy":"product_tag","embeddable":true,"href":"https:\/\/naturalpoland.com\/tr\/wp-json\/wp\/v2\/product_tag?post=44621"}],"curies":[{"name":"wp","href":"https:\/\/api.w.org\/{rel}","templated":true}]}}