{"id":44627,"date":"2025-06-12T14:38:24","date_gmt":"2025-06-12T12:38:24","guid":{"rendered":"https:\/\/naturalpoland.com\/produkty\/kategorilenmemis\/cin-takkali-otu-ekstresi\/"},"modified":"2025-12-22T13:11:07","modified_gmt":"2025-12-22T12:11:07","slug":"cin-takkali-otu-ekstresi","status":"publish","type":"product","link":"https:\/\/naturalpoland.com\/tr\/urunler\/bitkisel-ekstraktlar\/cin-takkali-otu-ekstresi\/","title":{"rendered":"\u00c7in Takkal\u0131 Otu Ekstresi"},"content":{"rendered":"<h2>Scutellaria baicalensis Ekstresinin \u00d6zellikleri<\/h2>\n<p>Ekstre, a\u00e7\u0131k sar\u0131dan kahverengimsi sar\u0131ya kadar de\u011fi\u015fen renkte bir tozdur. Suda ve etanolde \u00e7\u00f6z\u00fcn\u00fcr, ta\u015f\u0131y\u0131c\u0131 olarak maltodekstrin i\u00e7erir. <\/p>\n<p>Hammadde n\u00f6roprotektif, antiviral, antibakteriyel ve antialerjik etkilere sahiptir. Ana aktif bile\u015fen olan <strong>Baikalin<\/strong>, serbest radikalleri n\u00f6tralize etme ve DNA&#8217;y\u0131 oksidatif stresten koruma yetene\u011fine sahiptir. Bu madde ayn\u0131 zamanda inflamatuar s\u00fcre\u00e7lerin d\u00fczenlenmesini destekler, bu nedenle ba\u011f\u0131\u015f\u0131kl\u0131k, sinir ve kardiyovask\u00fcler sistemlere y\u00f6nelik besin takviyelerinde kullan\u0131l\u0131r. Ara\u015ft\u0131rmalar ayr\u0131ca alerjik semptomlar\u0131n ve enfeksiyonlar\u0131n azalt\u0131lmas\u0131nda ve kronik hastal\u0131klar\u0131n tedavisinde destekleyici olarak potansiyelini g\u00f6stermektedir.  <\/p>\n<h2>\u00c7in Takkal\u0131 Otu Ekstresinin Kullan\u0131m Alanlar\u0131<\/h2>\n<p>Ekstre, ba\u015fl\u0131ca besin takviyelerinde, do\u011fal t\u0131p \u00fcr\u00fcnlerinde ve ya\u015flanma kar\u015f\u0131t\u0131 kozmetiklerde kullan\u0131l\u0131r. Yat\u0131\u015ft\u0131r\u0131c\u0131 ve antioksidan etkileri nedeniyle hassas, tahri\u015f olmu\u015f veya \u00e7evresel strese maruz kalm\u0131\u015f cilt i\u00e7in \u00fcr\u00fcnlerde kullan\u0131l\u0131r. Geni\u015f etki spektrumu ve do\u011fal k\u00f6keni sayesinde, bu ekstre ba\u011f\u0131\u015f\u0131kl\u0131k korumas\u0131 ve h\u00fccresel yenilenme ihtiyac\u0131n\u0131n artt\u0131\u011f\u0131 durumlarda v\u00fccudu desteklemek i\u00e7in giderek daha pop\u00fcler hale gelmektedir  <\/p>\n","protected":false},"excerpt":{"rendered":"<p><strong data-start=\"0\" data-end=\"61\">\u00c7in Takkal\u0131 Otu (<em>Scutellaria baicalensis<\/em>) ekstresi<\/strong>, geleneksel \u00c7in t\u0131bb\u0131nda kullan\u0131lan bu bitkinin k\u00f6k\u00fcnden elde edilir. Ekstre, g\u00fc\u00e7l\u00fc antiinflamatuar, antioksidan ve ba\u011f\u0131\u015f\u0131kl\u0131k destekleyici etkilere sahip <strong>baikalin<\/strong> i\u00e7eri\u011fi a\u00e7\u0131s\u0131ndan standardize edilmi\u015ftir. <\/p>\n","protected":false},"featured_media":44628,"template":"","meta":{"_acf_changed":false},"product_brand":[],"product_cat":[9531],"product_tag":[],"class_list":{"0":"post-44627","1":"product","2":"type-product","3":"status-publish","4":"has-post-thumbnail","6":"product_cat-bitkisel-ekstraktlar","7":"pa_czesc-rosliny-kok","8":"pa_skladnik-aktywny-baikalin","10":"first","11":"instock","12":"shipping-taxable","13":"product-type-simple"},"acf":[],"yoast_head":"<!-- This site is optimized with the Yoast SEO plugin v27.5 - https:\/\/yoast.com\/product\/yoast-seo-wordpress\/ -->\n<title>\u00c7in Takkal\u0131 Otu Ekstresi - Hurtowy Dystrybutor<\/title>\n<meta name=\"description\" content=\"\u00c7in Takkal\u0131 Otu (Scutellaria baicalensis) ekstresi, geleneksel \u00c7in t\u0131bb\u0131nda kullan\u0131lan bu bitkinin k\u00f6k\u00fcnden elde edilen bir hammaddedir.\" \/>\n<meta name=\"robots\" content=\"index, follow, max-snippet:-1, max-image-preview:large, max-video-preview:-1\" \/>\n<link rel=\"canonical\" href=\"https:\/\/naturalpoland.com\/tr\/urunler\/bitkisel-ekstraktlar\/cin-takkali-otu-ekstresi\/\" \/>\n<meta property=\"og:locale\" content=\"tr_TR\" \/>\n<meta property=\"og:type\" content=\"article\" \/>\n<meta property=\"og:title\" content=\"\u00c7in Takkal\u0131 Otu Ekstresi - Hurtowy Dystrybutor\" \/>\n<meta property=\"og:description\" content=\"\u00c7in Takkal\u0131 Otu (Scutellaria baicalensis) ekstresi, geleneksel \u00c7in t\u0131bb\u0131nda kullan\u0131lan bu bitkinin k\u00f6k\u00fcnden elde edilen bir hammaddedir.\" \/>\n<meta property=\"og:url\" content=\"https:\/\/naturalpoland.com\/tr\/urunler\/bitkisel-ekstraktlar\/cin-takkali-otu-ekstresi\/\" \/>\n<meta property=\"og:site_name\" content=\"NATURAL POLAND - Hurtowy Dystrybutor Surowc\u00f3w\" \/>\n<meta property=\"article:publisher\" content=\"https:\/\/www.facebook.com\/naturalpoland.b2b\" \/>\n<meta property=\"article:modified_time\" content=\"2025-12-22T12:11:07+00:00\" \/>\n<meta property=\"og:image\" content=\"https:\/\/naturalpoland.com\/wp-content\/uploads\/ekstrakt-z-tarczycy-bajkalskiej.webp\" \/>\n\t<meta property=\"og:image:width\" content=\"1024\" \/>\n\t<meta property=\"og:image:height\" content=\"1024\" \/>\n\t<meta property=\"og:image:type\" content=\"image\/webp\" \/>\n<script type=\"application\/ld+json\" class=\"yoast-schema-graph\">{\"@context\":\"https:\\\/\\\/schema.org\",\"@graph\":[{\"@type\":\"WebPage\",\"@id\":\"https:\\\/\\\/naturalpoland.com\\\/tr\\\/urunler\\\/bitkisel-ekstraktlar\\\/cin-takkali-otu-ekstresi\\\/\",\"url\":\"https:\\\/\\\/naturalpoland.com\\\/tr\\\/urunler\\\/bitkisel-ekstraktlar\\\/cin-takkali-otu-ekstresi\\\/\",\"name\":\"\u00c7in Takkal\u0131 Otu Ekstresi - Hurtowy Dystrybutor\",\"isPartOf\":{\"@id\":\"https:\\\/\\\/naturalpoland.com\\\/tr\\\/#website\"},\"primaryImageOfPage\":{\"@id\":\"https:\\\/\\\/naturalpoland.com\\\/tr\\\/urunler\\\/bitkisel-ekstraktlar\\\/cin-takkali-otu-ekstresi\\\/#primaryimage\"},\"image\":{\"@id\":\"https:\\\/\\\/naturalpoland.com\\\/tr\\\/urunler\\\/bitkisel-ekstraktlar\\\/cin-takkali-otu-ekstresi\\\/#primaryimage\"},\"thumbnailUrl\":\"https:\\\/\\\/naturalpoland.com\\\/wp-content\\\/uploads\\\/ekstrakt-z-tarczycy-bajkalskiej.webp\",\"datePublished\":\"2025-06-12T12:38:24+00:00\",\"dateModified\":\"2025-12-22T12:11:07+00:00\",\"description\":\"\u00c7in Takkal\u0131 Otu (Scutellaria baicalensis) ekstresi, geleneksel \u00c7in t\u0131bb\u0131nda kullan\u0131lan bu bitkinin k\u00f6k\u00fcnden elde edilen bir hammaddedir.\",\"breadcrumb\":{\"@id\":\"https:\\\/\\\/naturalpoland.com\\\/tr\\\/urunler\\\/bitkisel-ekstraktlar\\\/cin-takkali-otu-ekstresi\\\/#breadcrumb\"},\"inLanguage\":\"tr\",\"potentialAction\":[{\"@type\":\"ReadAction\",\"target\":[\"https:\\\/\\\/naturalpoland.com\\\/tr\\\/urunler\\\/bitkisel-ekstraktlar\\\/cin-takkali-otu-ekstresi\\\/\"]}]},{\"@type\":\"ImageObject\",\"inLanguage\":\"tr\",\"@id\":\"https:\\\/\\\/naturalpoland.com\\\/tr\\\/urunler\\\/bitkisel-ekstraktlar\\\/cin-takkali-otu-ekstresi\\\/#primaryimage\",\"url\":\"https:\\\/\\\/naturalpoland.com\\\/wp-content\\\/uploads\\\/ekstrakt-z-tarczycy-bajkalskiej.webp\",\"contentUrl\":\"https:\\\/\\\/naturalpoland.com\\\/wp-content\\\/uploads\\\/ekstrakt-z-tarczycy-bajkalskiej.webp\",\"width\":1024,\"height\":1024,\"caption\":\"\u00c7in Takkal\u0131 Otu Ekstresi\"},{\"@type\":\"BreadcrumbList\",\"@id\":\"https:\\\/\\\/naturalpoland.com\\\/tr\\\/urunler\\\/bitkisel-ekstraktlar\\\/cin-takkali-otu-ekstresi\\\/#breadcrumb\",\"itemListElement\":[{\"@type\":\"ListItem\",\"position\":1,\"name\":\"Ana Sayfa\",\"item\":\"https:\\\/\\\/naturalpoland.com\\\/tr\\\/\"},{\"@type\":\"ListItem\",\"position\":2,\"name\":\"\u00dcr\u00fcnler\",\"item\":\"https:\\\/\\\/naturalpoland.com\\\/tr\\\/urunler\\\/\"},{\"@type\":\"ListItem\",\"position\":3,\"name\":\"\u00c7in Takkal\u0131 Otu Ekstresi\"}]},{\"@type\":\"WebSite\",\"@id\":\"https:\\\/\\\/naturalpoland.com\\\/tr\\\/#website\",\"url\":\"https:\\\/\\\/naturalpoland.com\\\/tr\\\/\",\"name\":\"NATURAL POLAND - Hurtowy Dystrybutor Surowc\u00f3w\",\"description\":\"Surowce dla przemys\u0142u spo\u017cywczego, kosmetycznego i farmaceutycznego\",\"publisher\":{\"@id\":\"https:\\\/\\\/naturalpoland.com\\\/tr\\\/#organization\"},\"potentialAction\":[{\"@type\":\"SearchAction\",\"target\":{\"@type\":\"EntryPoint\",\"urlTemplate\":\"https:\\\/\\\/naturalpoland.com\\\/tr\\\/?s={search_term_string}\"},\"query-input\":{\"@type\":\"PropertyValueSpecification\",\"valueRequired\":true,\"valueName\":\"search_term_string\"}}],\"inLanguage\":\"tr\"},{\"@type\":\"Organization\",\"@id\":\"https:\\\/\\\/naturalpoland.com\\\/tr\\\/#organization\",\"name\":\"Natural Poland\",\"url\":\"https:\\\/\\\/naturalpoland.com\\\/tr\\\/\",\"logo\":{\"@type\":\"ImageObject\",\"inLanguage\":\"tr\",\"@id\":\"https:\\\/\\\/naturalpoland.com\\\/tr\\\/#\\\/schema\\\/logo\\\/image\\\/\",\"url\":\"https:\\\/\\\/naturalpoland.com\\\/wp-content\\\/uploads\\\/2021\\\/05\\\/natural-poland-icon.png\",\"contentUrl\":\"https:\\\/\\\/naturalpoland.com\\\/wp-content\\\/uploads\\\/2021\\\/05\\\/natural-poland-icon.png\",\"width\":512,\"height\":512,\"caption\":\"Natural Poland\"},\"image\":{\"@id\":\"https:\\\/\\\/naturalpoland.com\\\/tr\\\/#\\\/schema\\\/logo\\\/image\\\/\"},\"sameAs\":[\"https:\\\/\\\/www.facebook.com\\\/naturalpoland.b2b\",\"https:\\\/\\\/pl.linkedin.com\\\/company\\\/natural-poland\",\"https:\\\/\\\/www.youtube.com\\\/channel\\\/UCgeGGkvOMahZo-xu_MSEWxg\"]}]}<\/script>\n<!-- \/ Yoast SEO plugin. -->","yoast_head_json":{"title":"\u00c7in Takkal\u0131 Otu Ekstresi - Hurtowy Dystrybutor","description":"\u00c7in Takkal\u0131 Otu (Scutellaria baicalensis) ekstresi, geleneksel \u00c7in t\u0131bb\u0131nda kullan\u0131lan bu bitkinin k\u00f6k\u00fcnden elde edilen bir hammaddedir.","robots":{"index":"index","follow":"follow","max-snippet":"max-snippet:-1","max-image-preview":"max-image-preview:large","max-video-preview":"max-video-preview:-1"},"canonical":"https:\/\/naturalpoland.com\/tr\/urunler\/bitkisel-ekstraktlar\/cin-takkali-otu-ekstresi\/","og_locale":"tr_TR","og_type":"article","og_title":"\u00c7in Takkal\u0131 Otu Ekstresi - Hurtowy Dystrybutor","og_description":"\u00c7in Takkal\u0131 Otu (Scutellaria baicalensis) ekstresi, geleneksel \u00c7in t\u0131bb\u0131nda kullan\u0131lan bu bitkinin k\u00f6k\u00fcnden elde edilen bir hammaddedir.","og_url":"https:\/\/naturalpoland.com\/tr\/urunler\/bitkisel-ekstraktlar\/cin-takkali-otu-ekstresi\/","og_site_name":"NATURAL POLAND - Hurtowy Dystrybutor Surowc\u00f3w","article_publisher":"https:\/\/www.facebook.com\/naturalpoland.b2b","article_modified_time":"2025-12-22T12:11:07+00:00","og_image":[{"width":1024,"height":1024,"url":"https:\/\/naturalpoland.com\/wp-content\/uploads\/ekstrakt-z-tarczycy-bajkalskiej.webp","type":"image\/webp"}],"schema":{"@context":"https:\/\/schema.org","@graph":[{"@type":"WebPage","@id":"https:\/\/naturalpoland.com\/tr\/urunler\/bitkisel-ekstraktlar\/cin-takkali-otu-ekstresi\/","url":"https:\/\/naturalpoland.com\/tr\/urunler\/bitkisel-ekstraktlar\/cin-takkali-otu-ekstresi\/","name":"\u00c7in Takkal\u0131 Otu Ekstresi - Hurtowy Dystrybutor","isPartOf":{"@id":"https:\/\/naturalpoland.com\/tr\/#website"},"primaryImageOfPage":{"@id":"https:\/\/naturalpoland.com\/tr\/urunler\/bitkisel-ekstraktlar\/cin-takkali-otu-ekstresi\/#primaryimage"},"image":{"@id":"https:\/\/naturalpoland.com\/tr\/urunler\/bitkisel-ekstraktlar\/cin-takkali-otu-ekstresi\/#primaryimage"},"thumbnailUrl":"https:\/\/naturalpoland.com\/wp-content\/uploads\/ekstrakt-z-tarczycy-bajkalskiej.webp","datePublished":"2025-06-12T12:38:24+00:00","dateModified":"2025-12-22T12:11:07+00:00","description":"\u00c7in Takkal\u0131 Otu (Scutellaria baicalensis) ekstresi, geleneksel \u00c7in t\u0131bb\u0131nda kullan\u0131lan bu bitkinin k\u00f6k\u00fcnden elde edilen bir hammaddedir.","breadcrumb":{"@id":"https:\/\/naturalpoland.com\/tr\/urunler\/bitkisel-ekstraktlar\/cin-takkali-otu-ekstresi\/#breadcrumb"},"inLanguage":"tr","potentialAction":[{"@type":"ReadAction","target":["https:\/\/naturalpoland.com\/tr\/urunler\/bitkisel-ekstraktlar\/cin-takkali-otu-ekstresi\/"]}]},{"@type":"ImageObject","inLanguage":"tr","@id":"https:\/\/naturalpoland.com\/tr\/urunler\/bitkisel-ekstraktlar\/cin-takkali-otu-ekstresi\/#primaryimage","url":"https:\/\/naturalpoland.com\/wp-content\/uploads\/ekstrakt-z-tarczycy-bajkalskiej.webp","contentUrl":"https:\/\/naturalpoland.com\/wp-content\/uploads\/ekstrakt-z-tarczycy-bajkalskiej.webp","width":1024,"height":1024,"caption":"\u00c7in Takkal\u0131 Otu Ekstresi"},{"@type":"BreadcrumbList","@id":"https:\/\/naturalpoland.com\/tr\/urunler\/bitkisel-ekstraktlar\/cin-takkali-otu-ekstresi\/#breadcrumb","itemListElement":[{"@type":"ListItem","position":1,"name":"Ana Sayfa","item":"https:\/\/naturalpoland.com\/tr\/"},{"@type":"ListItem","position":2,"name":"\u00dcr\u00fcnler","item":"https:\/\/naturalpoland.com\/tr\/urunler\/"},{"@type":"ListItem","position":3,"name":"\u00c7in Takkal\u0131 Otu Ekstresi"}]},{"@type":"WebSite","@id":"https:\/\/naturalpoland.com\/tr\/#website","url":"https:\/\/naturalpoland.com\/tr\/","name":"NATURAL POLAND - Hurtowy Dystrybutor Surowc\u00f3w","description":"Surowce dla przemys\u0142u spo\u017cywczego, kosmetycznego i farmaceutycznego","publisher":{"@id":"https:\/\/naturalpoland.com\/tr\/#organization"},"potentialAction":[{"@type":"SearchAction","target":{"@type":"EntryPoint","urlTemplate":"https:\/\/naturalpoland.com\/tr\/?s={search_term_string}"},"query-input":{"@type":"PropertyValueSpecification","valueRequired":true,"valueName":"search_term_string"}}],"inLanguage":"tr"},{"@type":"Organization","@id":"https:\/\/naturalpoland.com\/tr\/#organization","name":"Natural Poland","url":"https:\/\/naturalpoland.com\/tr\/","logo":{"@type":"ImageObject","inLanguage":"tr","@id":"https:\/\/naturalpoland.com\/tr\/#\/schema\/logo\/image\/","url":"https:\/\/naturalpoland.com\/wp-content\/uploads\/2021\/05\/natural-poland-icon.png","contentUrl":"https:\/\/naturalpoland.com\/wp-content\/uploads\/2021\/05\/natural-poland-icon.png","width":512,"height":512,"caption":"Natural Poland"},"image":{"@id":"https:\/\/naturalpoland.com\/tr\/#\/schema\/logo\/image\/"},"sameAs":["https:\/\/www.facebook.com\/naturalpoland.b2b","https:\/\/pl.linkedin.com\/company\/natural-poland","https:\/\/www.youtube.com\/channel\/UCgeGGkvOMahZo-xu_MSEWxg"]}]}},"_links":{"self":[{"href":"https:\/\/naturalpoland.com\/tr\/wp-json\/wp\/v2\/product\/44627","targetHints":{"allow":["GET"]}}],"collection":[{"href":"https:\/\/naturalpoland.com\/tr\/wp-json\/wp\/v2\/product"}],"about":[{"href":"https:\/\/naturalpoland.com\/tr\/wp-json\/wp\/v2\/types\/product"}],"wp:featuredmedia":[{"embeddable":true,"href":"https:\/\/naturalpoland.com\/tr\/wp-json\/wp\/v2\/media\/44628"}],"wp:attachment":[{"href":"https:\/\/naturalpoland.com\/tr\/wp-json\/wp\/v2\/media?parent=44627"}],"wp:term":[{"taxonomy":"product_brand","embeddable":true,"href":"https:\/\/naturalpoland.com\/tr\/wp-json\/wp\/v2\/product_brand?post=44627"},{"taxonomy":"product_cat","embeddable":true,"href":"https:\/\/naturalpoland.com\/tr\/wp-json\/wp\/v2\/product_cat?post=44627"},{"taxonomy":"product_tag","embeddable":true,"href":"https:\/\/naturalpoland.com\/tr\/wp-json\/wp\/v2\/product_tag?post=44627"}],"curies":[{"name":"wp","href":"https:\/\/api.w.org\/{rel}","templated":true}]}}