{"id":44629,"date":"2024-09-10T12:10:10","date_gmt":"2024-09-10T10:10:10","guid":{"rendered":"https:\/\/naturalpoland.com\/produkty\/kategorilenmemis\/sikimik-asit\/"},"modified":"2025-12-22T13:15:36","modified_gmt":"2025-12-22T12:15:36","slug":"sikimik-asit","status":"publish","type":"product","link":"https:\/\/naturalpoland.com\/tr\/urunler\/kozmetik-hammaddeleri\/asitler\/sikimik-asit\/","title":{"rendered":"\u015eikimik asit"},"content":{"rendered":"<h2>\u015eikimik asidin \u00f6zellikleri ve etkileri<\/h2>\n<p><strong>P\u00fcr\u00fczs\u00fczle\u015ftirici \u00f6zellikler<\/strong> &#8211; \u015fikimik asit, \u00f6l\u00fc deri h\u00fccrelerini nazik\u00e7e soyarak cildin p\u00fcr\u00fczs\u00fcz, yumu\u015fak ve di\u011fer aktif bile\u015fenleri almaya haz\u0131r hale gelmesini sa\u011flar.<\/p>\n<p><strong>Cilt elastikiyetini art\u0131rma<\/strong> &#8211; \u00fcr\u00fcn, kolajen ve elastin sentezini destekleyerek cilt elastikiyetini art\u0131r\u0131r. G\u00fc\u00e7lendirici etkisi sayesinde cilt daha gen\u00e7 ve sa\u011fl\u0131kl\u0131 g\u00f6r\u00fcn\u00fcr, y\u00fcz konturu g\u00f6zle g\u00f6r\u00fcl\u00fcr \u015fekilde iyile\u015fir. <\/p>\n<p><strong>Akne kar\u015f\u0131t\u0131 etki<\/strong> &#8211; \u015fikimik asit, cilt iltihab\u0131ndan sorumlu bakterilerin geli\u015fimini engelleyerek antibakteriyel etki g\u00f6sterir ve sebum \u00fcretimini d\u00fczenleyerek g\u00f6zeneklerin t\u0131kanma riskini azalt\u0131r.<\/p>\n<p><strong>Ayd\u0131nlat\u0131c\u0131 etki<\/strong> &#8211; asit, melanin \u00fcretiminden sorumlu enzim olan tirozinaz\u0131n aktivitesini engelleme yetene\u011fine sahiptir.<\/p>\n<h2>Kullan\u0131m alanlar\u0131<\/h2>\n<p>\u015eikimik asit, hassas, ya\u011fl\u0131, karma ve akneye e\u011filimli ciltler dahil olmak \u00fczere t\u00fcm cilt tipleri i\u00e7in uygundur. Hem g\u00fcnl\u00fck bak\u0131mda hem de daha y\u00fcksek asit konsantrasyonlar\u0131 gerektiren profesyonel kozmetik uygulamalarda kullan\u0131labilir. <\/p>\n<p>\u015eikimik asidin kullan\u0131m\u0131, kozmetik \u00fcr\u00fcn\u00fcn formuna ve maddenin konsantrasyonuna ba\u011fl\u0131d\u0131r. D\u00fc\u015f\u00fck konsantrasyonlu (%2-5&#8217;e kadar) \u00fcr\u00fcnler g\u00fcnl\u00fck kullan\u0131m i\u00e7in tasarlanm\u0131\u015fken, daha y\u00fcksek konsantrasyonlar profesyonel kozmetik uygulamalar i\u00e7in \u00f6nerilir. \u015eikimik asit hem sabah hem de ak\u015fam kullan\u0131labilir, ancak g\u00fcnd\u00fcz cildi UV \u0131\u015f\u0131nlar\u0131ndan korumak i\u00e7in SPF i\u00e7eren kremlerin kullan\u0131lmas\u0131 gerekti\u011fi unutulmamal\u0131d\u0131r.  <\/p>\n<p>\u015eikimik asit kullan\u0131m\u0131 i\u00e7in kontrendikasyonlar aras\u0131nda hamilelik, emzirme d\u00f6nemi, aktif cilt enfeksiyonlar\u0131, g\u00fcne\u015f yan\u0131klar\u0131, antibiyotik tedavisi ve sedef hastal\u0131\u011f\u0131 veya egzama gibi cilt hastal\u0131klar\u0131 bulunur. <\/p>\n","protected":false},"excerpt":{"rendered":"<p><strong>\u015eikimik asit<\/strong> (CAS: 138-59-0), y\u0131ld\u0131z anasonundan (Shikimi) elde edilen, alfa-hidroksi asitler (AHA) grubundan do\u011fal bir kimyasal bile\u015fiktir.<\/p>\n","protected":false},"featured_media":44630,"template":"","meta":{"_acf_changed":false},"product_brand":[],"product_cat":[9548],"product_tag":[],"class_list":{"0":"post-44629","1":"product","2":"type-product","3":"status-publish","4":"has-post-thumbnail","6":"product_cat-asitler","8":"first","9":"instock","10":"shipping-taxable","11":"product-type-simple"},"acf":[],"yoast_head":"<!-- This site is optimized with the Yoast SEO plugin v27.5 - https:\/\/yoast.com\/product\/yoast-seo-wordpress\/ -->\n<title>\u015eikimik asit - NATURAL POLAND - Hurtowy Dystrybutor Surowc\u00f3w<\/title>\n<meta name=\"description\" content=\"\u015eikimik asit, cildi p\u00fcr\u00fczs\u00fczle\u015ftirme, esnekle\u015ftirme, ayd\u0131nlatma ve akne kar\u015f\u0131t\u0131 etki g\u00f6sterme \u00f6zelliklerine sahiptir.\" \/>\n<meta name=\"robots\" content=\"index, follow, max-snippet:-1, max-image-preview:large, max-video-preview:-1\" \/>\n<link rel=\"canonical\" href=\"https:\/\/naturalpoland.com\/tr\/urunler\/kozmetik-hammaddeleri\/asitler\/sikimik-asit\/\" \/>\n<meta property=\"og:locale\" content=\"tr_TR\" \/>\n<meta property=\"og:type\" content=\"article\" \/>\n<meta property=\"og:title\" content=\"\u015eikimik asit - NATURAL POLAND - Hurtowy Dystrybutor Surowc\u00f3w\" \/>\n<meta property=\"og:description\" content=\"\u015eikimik asit, cildi p\u00fcr\u00fczs\u00fczle\u015ftirme, esnekle\u015ftirme, ayd\u0131nlatma ve akne kar\u015f\u0131t\u0131 etki g\u00f6sterme \u00f6zelliklerine sahiptir.\" \/>\n<meta property=\"og:url\" content=\"https:\/\/naturalpoland.com\/tr\/urunler\/kozmetik-hammaddeleri\/asitler\/sikimik-asit\/\" \/>\n<meta property=\"og:site_name\" content=\"NATURAL POLAND - Hurtowy Dystrybutor Surowc\u00f3w\" \/>\n<meta property=\"article:publisher\" content=\"https:\/\/www.facebook.com\/naturalpoland.b2b\" \/>\n<meta property=\"article:modified_time\" content=\"2025-12-22T12:15:36+00:00\" \/>\n<meta property=\"og:image\" content=\"https:\/\/naturalpoland.com\/wp-content\/uploads\/kwas-szikimowy.webp\" \/>\n\t<meta property=\"og:image:width\" content=\"615\" \/>\n\t<meta property=\"og:image:height\" content=\"615\" \/>\n\t<meta property=\"og:image:type\" content=\"image\/webp\" \/>\n<script type=\"application\/ld+json\" class=\"yoast-schema-graph\">{\"@context\":\"https:\\\/\\\/schema.org\",\"@graph\":[{\"@type\":\"WebPage\",\"@id\":\"https:\\\/\\\/naturalpoland.com\\\/tr\\\/urunler\\\/kozmetik-hammaddeleri\\\/asitler\\\/sikimik-asit\\\/\",\"url\":\"https:\\\/\\\/naturalpoland.com\\\/tr\\\/urunler\\\/kozmetik-hammaddeleri\\\/asitler\\\/sikimik-asit\\\/\",\"name\":\"\u015eikimik asit - NATURAL POLAND - Hurtowy Dystrybutor Surowc\u00f3w\",\"isPartOf\":{\"@id\":\"https:\\\/\\\/naturalpoland.com\\\/tr\\\/#website\"},\"primaryImageOfPage\":{\"@id\":\"https:\\\/\\\/naturalpoland.com\\\/tr\\\/urunler\\\/kozmetik-hammaddeleri\\\/asitler\\\/sikimik-asit\\\/#primaryimage\"},\"image\":{\"@id\":\"https:\\\/\\\/naturalpoland.com\\\/tr\\\/urunler\\\/kozmetik-hammaddeleri\\\/asitler\\\/sikimik-asit\\\/#primaryimage\"},\"thumbnailUrl\":\"https:\\\/\\\/naturalpoland.com\\\/wp-content\\\/uploads\\\/kwas-szikimowy.webp\",\"datePublished\":\"2024-09-10T10:10:10+00:00\",\"dateModified\":\"2025-12-22T12:15:36+00:00\",\"description\":\"\u015eikimik asit, cildi p\u00fcr\u00fczs\u00fczle\u015ftirme, esnekle\u015ftirme, ayd\u0131nlatma ve akne kar\u015f\u0131t\u0131 etki g\u00f6sterme \u00f6zelliklerine sahiptir.\",\"breadcrumb\":{\"@id\":\"https:\\\/\\\/naturalpoland.com\\\/tr\\\/urunler\\\/kozmetik-hammaddeleri\\\/asitler\\\/sikimik-asit\\\/#breadcrumb\"},\"inLanguage\":\"tr\",\"potentialAction\":[{\"@type\":\"ReadAction\",\"target\":[\"https:\\\/\\\/naturalpoland.com\\\/tr\\\/urunler\\\/kozmetik-hammaddeleri\\\/asitler\\\/sikimik-asit\\\/\"]}]},{\"@type\":\"ImageObject\",\"inLanguage\":\"tr\",\"@id\":\"https:\\\/\\\/naturalpoland.com\\\/tr\\\/urunler\\\/kozmetik-hammaddeleri\\\/asitler\\\/sikimik-asit\\\/#primaryimage\",\"url\":\"https:\\\/\\\/naturalpoland.com\\\/wp-content\\\/uploads\\\/kwas-szikimowy.webp\",\"contentUrl\":\"https:\\\/\\\/naturalpoland.com\\\/wp-content\\\/uploads\\\/kwas-szikimowy.webp\",\"width\":615,\"height\":615,\"caption\":\"\u015fikimik asit\"},{\"@type\":\"BreadcrumbList\",\"@id\":\"https:\\\/\\\/naturalpoland.com\\\/tr\\\/urunler\\\/kozmetik-hammaddeleri\\\/asitler\\\/sikimik-asit\\\/#breadcrumb\",\"itemListElement\":[{\"@type\":\"ListItem\",\"position\":1,\"name\":\"Ana Sayfa\",\"item\":\"https:\\\/\\\/naturalpoland.com\\\/tr\\\/\"},{\"@type\":\"ListItem\",\"position\":2,\"name\":\"\u00dcr\u00fcnler\",\"item\":\"https:\\\/\\\/naturalpoland.com\\\/tr\\\/urunler\\\/\"},{\"@type\":\"ListItem\",\"position\":3,\"name\":\"\u015eikimik asit\"}]},{\"@type\":\"WebSite\",\"@id\":\"https:\\\/\\\/naturalpoland.com\\\/tr\\\/#website\",\"url\":\"https:\\\/\\\/naturalpoland.com\\\/tr\\\/\",\"name\":\"NATURAL POLAND - Hurtowy Dystrybutor Surowc\u00f3w\",\"description\":\"Surowce dla przemys\u0142u spo\u017cywczego, kosmetycznego i farmaceutycznego\",\"publisher\":{\"@id\":\"https:\\\/\\\/naturalpoland.com\\\/tr\\\/#organization\"},\"potentialAction\":[{\"@type\":\"SearchAction\",\"target\":{\"@type\":\"EntryPoint\",\"urlTemplate\":\"https:\\\/\\\/naturalpoland.com\\\/tr\\\/?s={search_term_string}\"},\"query-input\":{\"@type\":\"PropertyValueSpecification\",\"valueRequired\":true,\"valueName\":\"search_term_string\"}}],\"inLanguage\":\"tr\"},{\"@type\":\"Organization\",\"@id\":\"https:\\\/\\\/naturalpoland.com\\\/tr\\\/#organization\",\"name\":\"Natural Poland\",\"url\":\"https:\\\/\\\/naturalpoland.com\\\/tr\\\/\",\"logo\":{\"@type\":\"ImageObject\",\"inLanguage\":\"tr\",\"@id\":\"https:\\\/\\\/naturalpoland.com\\\/tr\\\/#\\\/schema\\\/logo\\\/image\\\/\",\"url\":\"https:\\\/\\\/naturalpoland.com\\\/wp-content\\\/uploads\\\/2021\\\/05\\\/natural-poland-icon.png\",\"contentUrl\":\"https:\\\/\\\/naturalpoland.com\\\/wp-content\\\/uploads\\\/2021\\\/05\\\/natural-poland-icon.png\",\"width\":512,\"height\":512,\"caption\":\"Natural Poland\"},\"image\":{\"@id\":\"https:\\\/\\\/naturalpoland.com\\\/tr\\\/#\\\/schema\\\/logo\\\/image\\\/\"},\"sameAs\":[\"https:\\\/\\\/www.facebook.com\\\/naturalpoland.b2b\",\"https:\\\/\\\/pl.linkedin.com\\\/company\\\/natural-poland\",\"https:\\\/\\\/www.youtube.com\\\/channel\\\/UCgeGGkvOMahZo-xu_MSEWxg\"]}]}<\/script>\n<!-- \/ Yoast SEO plugin. -->","yoast_head_json":{"title":"\u015eikimik asit - NATURAL POLAND - Hurtowy Dystrybutor Surowc\u00f3w","description":"\u015eikimik asit, cildi p\u00fcr\u00fczs\u00fczle\u015ftirme, esnekle\u015ftirme, ayd\u0131nlatma ve akne kar\u015f\u0131t\u0131 etki g\u00f6sterme \u00f6zelliklerine sahiptir.","robots":{"index":"index","follow":"follow","max-snippet":"max-snippet:-1","max-image-preview":"max-image-preview:large","max-video-preview":"max-video-preview:-1"},"canonical":"https:\/\/naturalpoland.com\/tr\/urunler\/kozmetik-hammaddeleri\/asitler\/sikimik-asit\/","og_locale":"tr_TR","og_type":"article","og_title":"\u015eikimik asit - NATURAL POLAND - Hurtowy Dystrybutor Surowc\u00f3w","og_description":"\u015eikimik asit, cildi p\u00fcr\u00fczs\u00fczle\u015ftirme, esnekle\u015ftirme, ayd\u0131nlatma ve akne kar\u015f\u0131t\u0131 etki g\u00f6sterme \u00f6zelliklerine sahiptir.","og_url":"https:\/\/naturalpoland.com\/tr\/urunler\/kozmetik-hammaddeleri\/asitler\/sikimik-asit\/","og_site_name":"NATURAL POLAND - Hurtowy Dystrybutor Surowc\u00f3w","article_publisher":"https:\/\/www.facebook.com\/naturalpoland.b2b","article_modified_time":"2025-12-22T12:15:36+00:00","og_image":[{"width":615,"height":615,"url":"https:\/\/naturalpoland.com\/wp-content\/uploads\/kwas-szikimowy.webp","type":"image\/webp"}],"schema":{"@context":"https:\/\/schema.org","@graph":[{"@type":"WebPage","@id":"https:\/\/naturalpoland.com\/tr\/urunler\/kozmetik-hammaddeleri\/asitler\/sikimik-asit\/","url":"https:\/\/naturalpoland.com\/tr\/urunler\/kozmetik-hammaddeleri\/asitler\/sikimik-asit\/","name":"\u015eikimik asit - NATURAL POLAND - Hurtowy Dystrybutor Surowc\u00f3w","isPartOf":{"@id":"https:\/\/naturalpoland.com\/tr\/#website"},"primaryImageOfPage":{"@id":"https:\/\/naturalpoland.com\/tr\/urunler\/kozmetik-hammaddeleri\/asitler\/sikimik-asit\/#primaryimage"},"image":{"@id":"https:\/\/naturalpoland.com\/tr\/urunler\/kozmetik-hammaddeleri\/asitler\/sikimik-asit\/#primaryimage"},"thumbnailUrl":"https:\/\/naturalpoland.com\/wp-content\/uploads\/kwas-szikimowy.webp","datePublished":"2024-09-10T10:10:10+00:00","dateModified":"2025-12-22T12:15:36+00:00","description":"\u015eikimik asit, cildi p\u00fcr\u00fczs\u00fczle\u015ftirme, esnekle\u015ftirme, ayd\u0131nlatma ve akne kar\u015f\u0131t\u0131 etki g\u00f6sterme \u00f6zelliklerine sahiptir.","breadcrumb":{"@id":"https:\/\/naturalpoland.com\/tr\/urunler\/kozmetik-hammaddeleri\/asitler\/sikimik-asit\/#breadcrumb"},"inLanguage":"tr","potentialAction":[{"@type":"ReadAction","target":["https:\/\/naturalpoland.com\/tr\/urunler\/kozmetik-hammaddeleri\/asitler\/sikimik-asit\/"]}]},{"@type":"ImageObject","inLanguage":"tr","@id":"https:\/\/naturalpoland.com\/tr\/urunler\/kozmetik-hammaddeleri\/asitler\/sikimik-asit\/#primaryimage","url":"https:\/\/naturalpoland.com\/wp-content\/uploads\/kwas-szikimowy.webp","contentUrl":"https:\/\/naturalpoland.com\/wp-content\/uploads\/kwas-szikimowy.webp","width":615,"height":615,"caption":"\u015fikimik asit"},{"@type":"BreadcrumbList","@id":"https:\/\/naturalpoland.com\/tr\/urunler\/kozmetik-hammaddeleri\/asitler\/sikimik-asit\/#breadcrumb","itemListElement":[{"@type":"ListItem","position":1,"name":"Ana Sayfa","item":"https:\/\/naturalpoland.com\/tr\/"},{"@type":"ListItem","position":2,"name":"\u00dcr\u00fcnler","item":"https:\/\/naturalpoland.com\/tr\/urunler\/"},{"@type":"ListItem","position":3,"name":"\u015eikimik asit"}]},{"@type":"WebSite","@id":"https:\/\/naturalpoland.com\/tr\/#website","url":"https:\/\/naturalpoland.com\/tr\/","name":"NATURAL POLAND - Hurtowy Dystrybutor Surowc\u00f3w","description":"Surowce dla przemys\u0142u spo\u017cywczego, kosmetycznego i farmaceutycznego","publisher":{"@id":"https:\/\/naturalpoland.com\/tr\/#organization"},"potentialAction":[{"@type":"SearchAction","target":{"@type":"EntryPoint","urlTemplate":"https:\/\/naturalpoland.com\/tr\/?s={search_term_string}"},"query-input":{"@type":"PropertyValueSpecification","valueRequired":true,"valueName":"search_term_string"}}],"inLanguage":"tr"},{"@type":"Organization","@id":"https:\/\/naturalpoland.com\/tr\/#organization","name":"Natural Poland","url":"https:\/\/naturalpoland.com\/tr\/","logo":{"@type":"ImageObject","inLanguage":"tr","@id":"https:\/\/naturalpoland.com\/tr\/#\/schema\/logo\/image\/","url":"https:\/\/naturalpoland.com\/wp-content\/uploads\/2021\/05\/natural-poland-icon.png","contentUrl":"https:\/\/naturalpoland.com\/wp-content\/uploads\/2021\/05\/natural-poland-icon.png","width":512,"height":512,"caption":"Natural Poland"},"image":{"@id":"https:\/\/naturalpoland.com\/tr\/#\/schema\/logo\/image\/"},"sameAs":["https:\/\/www.facebook.com\/naturalpoland.b2b","https:\/\/pl.linkedin.com\/company\/natural-poland","https:\/\/www.youtube.com\/channel\/UCgeGGkvOMahZo-xu_MSEWxg"]}]}},"_links":{"self":[{"href":"https:\/\/naturalpoland.com\/tr\/wp-json\/wp\/v2\/product\/44629","targetHints":{"allow":["GET"]}}],"collection":[{"href":"https:\/\/naturalpoland.com\/tr\/wp-json\/wp\/v2\/product"}],"about":[{"href":"https:\/\/naturalpoland.com\/tr\/wp-json\/wp\/v2\/types\/product"}],"wp:featuredmedia":[{"embeddable":true,"href":"https:\/\/naturalpoland.com\/tr\/wp-json\/wp\/v2\/media\/44630"}],"wp:attachment":[{"href":"https:\/\/naturalpoland.com\/tr\/wp-json\/wp\/v2\/media?parent=44629"}],"wp:term":[{"taxonomy":"product_brand","embeddable":true,"href":"https:\/\/naturalpoland.com\/tr\/wp-json\/wp\/v2\/product_brand?post=44629"},{"taxonomy":"product_cat","embeddable":true,"href":"https:\/\/naturalpoland.com\/tr\/wp-json\/wp\/v2\/product_cat?post=44629"},{"taxonomy":"product_tag","embeddable":true,"href":"https:\/\/naturalpoland.com\/tr\/wp-json\/wp\/v2\/product_tag?post=44629"}],"curies":[{"name":"wp","href":"https:\/\/api.w.org\/{rel}","templated":true}]}}