{"id":44638,"date":"2021-07-26T14:21:50","date_gmt":"2021-07-26T12:21:50","guid":{"rendered":"https:\/\/naturalpoland.com\/produkty\/kategorilenmemis\/fitoglikojen\/"},"modified":"2025-12-22T13:17:07","modified_gmt":"2025-12-22T12:17:07","slug":"fitoglikojen","status":"publish","type":"product","link":"https:\/\/naturalpoland.com\/tr\/urunler\/kozmetik-hammaddeleri\/kozmetik-hammaddeleri-2\/fitoglikojen\/","title":{"rendered":"Fitoglikojen"},"content":{"rendered":"<p>Fitoglikojen, on binlerce glukoz molek\u00fcl\u00fcnden olu\u015fan bitkisel bir polisakkarittir. Bu bile\u015fik yaln\u0131zca bitkilerde bulunur ve bu nedenle ad\u0131nda &#8220;fito&#8221; \u00f6neki vard\u0131r. Bitki h\u00fccrelerinin mitokondrisinde depolanan bir rezerv malzemedir.  <\/p>\n<h2>Fitoglikojen \u2013 \u00f6zellikleri<\/h2>\n<p>Fitoglikojen, di\u011fer polisakkaritler gibi kozmetikte kullan\u0131labilmesini sa\u011flayan bir\u00e7ok avantaja sahiptir.<\/p>\n<p>\u0130nsanda glikojen, glukoz formunda enerji deposu i\u015flevi g\u00f6r\u00fcr. Bu basit \u015feker, h\u00fccrelerin ya\u015famsal fonksiyonlar\u0131n\u0131n belirleyicisi olan temel s\u00fcre\u00e7lerden biri olan h\u00fccresel solunumda substratt\u0131r. Glikanl\u0430\u0440 (polisakkaritler) h\u00fccre y\u00fczeyinde de bulunur ve burada h\u00fccreler aras\u0131 ileti\u015fim reaksiyonlar\u0131nda yer al\u0131r.   <\/p>\n<p>Ne yaz\u0131k ki ya\u015fla birlikte h\u00fccresel yenilenme yava\u015flar ve cildin elastikli\u011fi ile gen\u00e7 g\u00f6r\u00fcn\u00fcm\u00fcnden sorumlu bile\u015fenlerin (<a href=\"https:\/\/naturalpoland.com\/tr\/urunler\/kozmetik-hammaddeleri\/kozmetik-hammaddeleri-2\/sodyum-hiyaluronat\/\">hyal\u00fcronik asit<\/a>, <a href=\"https:\/\/naturalpoland.com\/produkty\/produkty-dla-przemyslu-farmaceutycznego-i-medycznego\/dodatki-do-suplementow-diety\/kolagen\/\">kolajen<\/a>) \u00fcretim h\u0131z\u0131 da d\u00fc\u015fer. Fitoglikojen, ya\u015fl\u0131 h\u00fccrelerin yeni ve gen\u00e7 h\u00fccreler gibi i\u015flev g\u00f6rmesini ve &#8220;ileti\u015fim kurmas\u0131n\u0131&#8221; sa\u011flayan ek \u015feker deste\u011fi olarak olgun cilt kozmetiklerinde kullan\u0131labilir. Bu \u015fekilde \u00f6zellikle <strong>besleyici ve k\u0131r\u0131\u015f\u0131kl\u0131k kar\u015f\u0131t\u0131 etkili<\/strong> kremlerde ve toniklerde kullan\u0131l\u0131r.   <\/p>\n<p>Fitoglikojenin \u00f6zellikleri aras\u0131nda <strong>nemlendirici etki<\/strong> de bulunur. Bu hammadde, su molek\u00fcllerini \u00e7ekme, ba\u011flama ve epidermis stratum corneum tabakas\u0131nda tutma i\u015flevinden sorumlu maddeler olan humektanlar grubuna aittir. Su molek\u00fcllerinin a\u015f\u0131r\u0131 kayb\u0131n\u0131 \u00f6nleyen koruyucu bir film olu\u015fturur. B\u00f6ylece cildin nemini geri kazand\u0131r\u0131r, yumu\u015fat\u0131r ve yat\u0131\u015ft\u0131r\u0131r.   <\/p>\n<h2>Fitoglikojen &#8211; kozmetiklerde kullan\u0131m\u0131<\/h2>\n<p>Fitoglikojen \u00f6zellikle <strong>kremlerde ve<\/strong> <strong>y\u00fcz temizleme \u00fcr\u00fcnlerinde<\/strong> kullan\u0131labilir. Fitoglikojen i\u00e7eren kozmetikler \u00f6zellikle kuru, tahri\u015f olmu\u015f ve susuz kalm\u0131\u015f cilt bak\u0131m\u0131 i\u00e7in \u00f6nerilebilir. <\/p>\n<p>Cilt \u00fczerindeki nemlendirici etkisinin yan\u0131 s\u0131ra, <strong>su ba\u011flama \u00f6zellikleri<\/strong> kozmetik form\u00fclasyonlar\u0131n\u0131n stabilitesi i\u00e7in de faydal\u0131d\u0131r, b\u00f6ylece kremler kurumaz ve kristalle\u015fmez.<\/p>\n<p>Bu hammadde ayr\u0131ca <strong>sa\u00e7 kozmetiklerinde<\/strong> de kullan\u0131m alan\u0131 bulabilir. Sa\u00e7lardan su kayb\u0131n\u0131 \u00f6nlemek \u00f6zellikle kuru ve k\u0131v\u0131rc\u0131k sa\u00e7 bak\u0131m\u0131nda istenen bir \u00f6zelliktir. Ayr\u0131ca glikojen, sa\u00e7 d\u00f6k\u00fclmesine kar\u015f\u0131 \u015fampuanlarda ve di\u011fer kozmetiklerde sa\u00e7 derisi ve sa\u00e7 k\u00f6klerini besleyerek etki g\u00f6steren bir bile\u015fendir.  <\/p>\n<p>Son zamanlarda fitoglikojen, <strong>intimate jeller ve kremler<\/strong> gibi t\u0131bbi \u00fcr\u00fcnlerde pop\u00fcler bir bile\u015fendir. Nemlendirici \u00f6zellikleri sayesinde tahri\u015f, yanma ve ka\u015f\u0131nt\u0131y\u0131 n\u00f6tralize etmeye yard\u0131mc\u0131 olur. Fitoglikojenli intimate jeller, yetersiz mukus salg\u0131s\u0131 durumunda kurulu\u011fu azalt\u0131r ve cinsel ili\u015fki s\u0131ras\u0131ndaki rahats\u0131zl\u0131\u011f\u0131 giderir. Epitel hasarlar\u0131n\u0131 \u00f6nler, ayn\u0131 zamanda hasar sonras\u0131 (\u00f6rne\u011fin jinekolojik i\u015flemler) mukoza zar\u0131n\u0131n rejenerasyonuna yard\u0131mc\u0131 olur.   <\/p>\n<p>Bunun yan\u0131 s\u0131ra intimate jellerdeki fitoglikojen, vulva mikrobiyomunu olu\u015fturan laktik asit bakterileri i\u00e7in de glukoz kayna\u011f\u0131d\u0131r. Do\u011fal mikrobiyom, vajinan\u0131n istenmeyen bakteriler taraf\u0131ndan kolonize edilmesini \u00f6nledi\u011fi i\u00e7in \u00f6zellikle \u00f6nemli bir i\u015flev g\u00f6r\u00fcr. Bakterilerin say\u0131s\u0131 menopoz d\u00f6neminde, a\u015f\u0131r\u0131 kurulukta ve antibiyotik tedavisinde \u00f6nemli \u00f6l\u00e7\u00fcde azal\u0131r. Bozulmu\u015f mikrobiyom, intimate enfeksiyonlara neden olan patojenlerin \u00e7o\u011falmas\u0131na ve epitel koruyucu fonksiyonunun bozulmas\u0131na etki edebilir. Fitoglikojenli intimate jeller nemlendirir, laktik asit bakterilerinin \u00e7o\u011falmas\u0131n\u0131 destekler ve mikrobiyomun fizyolojik duruma d\u00f6nmesini sa\u011flar. Enfeksiyon n\u00fcks\u00fc riskini azalt\u0131r ve konfor hissini art\u0131r\u0131r.     <\/p>\n<p>Perimenopozal d\u00f6nemdeki kad\u0131nlar i\u00e7in bu t\u00fcr \u00fcr\u00fcnlerin kullan\u0131m\u0131ndan elde edilecek \u00f6nemli fayda, fitoglikojenin cilt elastikiyetini art\u0131r\u0131c\u0131 etkisi olacakt\u0131r.<\/p>\n<h2>Fitoglikojen g\u00fcvenli midir?<\/h2>\n<p>Glikojen gibi polisakkarit i\u00e7eren kozmetiklerin kullan\u0131m\u0131n\u0131n g\u00fcvenli oldu\u011fu ve alerjik potansiyeli olmad\u0131\u011f\u0131 d\u00fc\u015f\u00fcn\u00fcl\u00fcr, \u00e7\u00fcnk\u00fc \u015fekerler organizman\u0131n do\u011fal &#8220;yak\u0131t\u0131d\u0131r&#8221;. Bu nedenle hassas ciltli ki\u015filere ve hamile kad\u0131nlara \u00f6nerilebilir. <\/p>\n<p>Ayr\u0131ca fitoglikojen bitkilerden elde edilir, bu nedenle hayvanlar \u00fczerinde herhangi bir olumsuz etkisi yoktur. Bu sayede veganlar ve vejetaryenler i\u00e7in uygundur. Karaci\u011ferde depolanan hayvansal glikojen i\u00e7in iyi bir alternatif olabilir.  <\/p>\n<hr>\n<p><strong>Kaynak\u00e7a<\/strong>:<\/p>\n<ol class=\"wp-block-list\" type=\"1\">\n<li>Anna Sobieska, Kremy glikanowe jako preparaty anti-aging, biotechnologia.pl<\/li>\n<li>Role of female intimate hygiene in vulvovaginal health: Global hygiene practices and product usage<\/li>\n<li>https:\/\/veriphyskincare.com\/blogs\/blog\/the-role-of-phytoglycogen-in-your-skin<\/li>\n<\/ol>\n<hr>\n<p><strong>MAKALE YAZARI:<\/strong><\/p>\n<h5 class=\"author-name uppercase pt-half\">Katarzyna Kopyci\u0144ska<\/h5>\n<p class=\"author-desc small\">Eczanede sa\u011fl\u0131k ve bak\u0131m konular\u0131nda dan\u0131\u015fmanl\u0131k yapan deneyimli eczane teknisyeni. Toru\u0144&#8217;daki Nicolaus Copernicus \u00dcniversitesi&#8217;nde biyoteknoloji e\u011fitimi tamamlad\u0131. Copywriter olarak sa\u011fl\u0131k, bitkiler ve bak\u0131m konular\u0131nda uzmanla\u015fm\u0131\u015ft\u0131r. Tutkuyla fitoterapiyi ve do\u011fal bak\u0131m y\u00f6ntemlerini ara\u015ft\u0131r\u0131r ve edindi\u011fi bilgiyi basit ve anla\u015f\u0131l\u0131r \u015fekilde aktarmay\u0131 sever.   <\/p>\n","protected":false},"excerpt":{"rendered":"<p><strong>Fitoglikojenin<\/strong> (<strong>Phytoglycogen<\/strong>) &#8211; hayvansal glikojene benzer yap\u0131da bitkisel glikojenin toptan distrib\u00fct\u00f6r\u00fcy\u00fcz.<\/p>\n<p>Fitoglikojen, geni\u015f kullan\u0131m alan\u0131na sahip yo\u011fun dallanm\u0131\u015f bir polisakkarittir. Karakteristik kokulu beyaz veya sar\u0131 toz halinde bulunur. Suda \u00e7\u00f6z\u00fcn\u00fcr.  <\/p>\n","protected":false},"featured_media":44639,"template":"","meta":{"_acf_changed":false},"product_brand":[],"product_cat":[9535,9557],"product_tag":[],"class_list":{"0":"post-44638","1":"product","2":"type-product","3":"status-publish","4":"has-post-thumbnail","6":"product_cat-bitkisel-urunler","7":"product_cat-kozmetik-hammaddeleri-2","9":"first","10":"instock","11":"shipping-taxable","12":"product-type-simple"},"acf":[],"yoast_head":"<!-- This site is optimized with the Yoast SEO plugin v27.5 - https:\/\/yoast.com\/product\/yoast-seo-wordpress\/ -->\n<title>Fitoglikojen - NATURAL POLAND - Hurtowy Dystrybutor Surowc\u00f3w<\/title>\n<meta name=\"description\" content=\"Fitoglikojen, on binlerce glukoz molek\u00fcl\u00fcnden olu\u015fan bitkisel bir polisakkarittir. Bu bile\u015fik yaln\u0131zca bitkilerde bulunur.\" \/>\n<meta name=\"robots\" content=\"index, follow, max-snippet:-1, max-image-preview:large, max-video-preview:-1\" \/>\n<link rel=\"canonical\" href=\"https:\/\/naturalpoland.com\/tr\/urunler\/kozmetik-hammaddeleri\/kozmetik-hammaddeleri-2\/fitoglikojen\/\" \/>\n<meta property=\"og:locale\" content=\"tr_TR\" \/>\n<meta property=\"og:type\" content=\"article\" \/>\n<meta property=\"og:title\" content=\"Fitoglikojen - NATURAL POLAND - Hurtowy Dystrybutor Surowc\u00f3w\" \/>\n<meta property=\"og:description\" content=\"Fitoglikojen, on binlerce glukoz molek\u00fcl\u00fcnden olu\u015fan bitkisel bir polisakkarittir. Bu bile\u015fik yaln\u0131zca bitkilerde bulunur.\" \/>\n<meta property=\"og:url\" content=\"https:\/\/naturalpoland.com\/tr\/urunler\/kozmetik-hammaddeleri\/kozmetik-hammaddeleri-2\/fitoglikojen\/\" \/>\n<meta property=\"og:site_name\" content=\"NATURAL POLAND - Hurtowy Dystrybutor Surowc\u00f3w\" \/>\n<meta property=\"article:publisher\" content=\"https:\/\/www.facebook.com\/naturalpoland.b2b\" \/>\n<meta property=\"article:modified_time\" content=\"2025-12-22T12:17:07+00:00\" \/>\n<meta property=\"og:image\" content=\"https:\/\/naturalpoland.com\/wp-content\/uploads\/fitoglikogen.jpg\" \/>\n\t<meta property=\"og:image:width\" content=\"650\" \/>\n\t<meta property=\"og:image:height\" content=\"650\" \/>\n\t<meta property=\"og:image:type\" content=\"image\/jpeg\" \/>\n<script type=\"application\/ld+json\" class=\"yoast-schema-graph\">{\"@context\":\"https:\\\/\\\/schema.org\",\"@graph\":[{\"@type\":\"WebPage\",\"@id\":\"https:\\\/\\\/naturalpoland.com\\\/tr\\\/urunler\\\/kozmetik-hammaddeleri\\\/kozmetik-hammaddeleri-2\\\/fitoglikojen\\\/\",\"url\":\"https:\\\/\\\/naturalpoland.com\\\/tr\\\/urunler\\\/kozmetik-hammaddeleri\\\/kozmetik-hammaddeleri-2\\\/fitoglikojen\\\/\",\"name\":\"Fitoglikojen - NATURAL POLAND - Hurtowy Dystrybutor Surowc\u00f3w\",\"isPartOf\":{\"@id\":\"https:\\\/\\\/naturalpoland.com\\\/tr\\\/#website\"},\"primaryImageOfPage\":{\"@id\":\"https:\\\/\\\/naturalpoland.com\\\/tr\\\/urunler\\\/kozmetik-hammaddeleri\\\/kozmetik-hammaddeleri-2\\\/fitoglikojen\\\/#primaryimage\"},\"image\":{\"@id\":\"https:\\\/\\\/naturalpoland.com\\\/tr\\\/urunler\\\/kozmetik-hammaddeleri\\\/kozmetik-hammaddeleri-2\\\/fitoglikojen\\\/#primaryimage\"},\"thumbnailUrl\":\"https:\\\/\\\/naturalpoland.com\\\/wp-content\\\/uploads\\\/fitoglikogen.jpg\",\"datePublished\":\"2021-07-26T12:21:50+00:00\",\"dateModified\":\"2025-12-22T12:17:07+00:00\",\"description\":\"Fitoglikojen, on binlerce glukoz molek\u00fcl\u00fcnden olu\u015fan bitkisel bir polisakkarittir. Bu bile\u015fik yaln\u0131zca bitkilerde bulunur.\",\"breadcrumb\":{\"@id\":\"https:\\\/\\\/naturalpoland.com\\\/tr\\\/urunler\\\/kozmetik-hammaddeleri\\\/kozmetik-hammaddeleri-2\\\/fitoglikojen\\\/#breadcrumb\"},\"inLanguage\":\"tr\",\"potentialAction\":[{\"@type\":\"ReadAction\",\"target\":[\"https:\\\/\\\/naturalpoland.com\\\/tr\\\/urunler\\\/kozmetik-hammaddeleri\\\/kozmetik-hammaddeleri-2\\\/fitoglikojen\\\/\"]}]},{\"@type\":\"ImageObject\",\"inLanguage\":\"tr\",\"@id\":\"https:\\\/\\\/naturalpoland.com\\\/tr\\\/urunler\\\/kozmetik-hammaddeleri\\\/kozmetik-hammaddeleri-2\\\/fitoglikojen\\\/#primaryimage\",\"url\":\"https:\\\/\\\/naturalpoland.com\\\/wp-content\\\/uploads\\\/fitoglikogen.jpg\",\"contentUrl\":\"https:\\\/\\\/naturalpoland.com\\\/wp-content\\\/uploads\\\/fitoglikogen.jpg\",\"width\":650,\"height\":650,\"caption\":\"fitoglikojen\"},{\"@type\":\"BreadcrumbList\",\"@id\":\"https:\\\/\\\/naturalpoland.com\\\/tr\\\/urunler\\\/kozmetik-hammaddeleri\\\/kozmetik-hammaddeleri-2\\\/fitoglikojen\\\/#breadcrumb\",\"itemListElement\":[{\"@type\":\"ListItem\",\"position\":1,\"name\":\"Ana Sayfa\",\"item\":\"https:\\\/\\\/naturalpoland.com\\\/tr\\\/\"},{\"@type\":\"ListItem\",\"position\":2,\"name\":\"\u00dcr\u00fcnler\",\"item\":\"https:\\\/\\\/naturalpoland.com\\\/tr\\\/urunler\\\/\"},{\"@type\":\"ListItem\",\"position\":3,\"name\":\"Fitoglikojen\"}]},{\"@type\":\"WebSite\",\"@id\":\"https:\\\/\\\/naturalpoland.com\\\/tr\\\/#website\",\"url\":\"https:\\\/\\\/naturalpoland.com\\\/tr\\\/\",\"name\":\"NATURAL POLAND - Hurtowy Dystrybutor Surowc\u00f3w\",\"description\":\"Surowce dla przemys\u0142u spo\u017cywczego, kosmetycznego i farmaceutycznego\",\"publisher\":{\"@id\":\"https:\\\/\\\/naturalpoland.com\\\/tr\\\/#organization\"},\"potentialAction\":[{\"@type\":\"SearchAction\",\"target\":{\"@type\":\"EntryPoint\",\"urlTemplate\":\"https:\\\/\\\/naturalpoland.com\\\/tr\\\/?s={search_term_string}\"},\"query-input\":{\"@type\":\"PropertyValueSpecification\",\"valueRequired\":true,\"valueName\":\"search_term_string\"}}],\"inLanguage\":\"tr\"},{\"@type\":\"Organization\",\"@id\":\"https:\\\/\\\/naturalpoland.com\\\/tr\\\/#organization\",\"name\":\"Natural Poland\",\"url\":\"https:\\\/\\\/naturalpoland.com\\\/tr\\\/\",\"logo\":{\"@type\":\"ImageObject\",\"inLanguage\":\"tr\",\"@id\":\"https:\\\/\\\/naturalpoland.com\\\/tr\\\/#\\\/schema\\\/logo\\\/image\\\/\",\"url\":\"https:\\\/\\\/naturalpoland.com\\\/wp-content\\\/uploads\\\/2021\\\/05\\\/natural-poland-icon.png\",\"contentUrl\":\"https:\\\/\\\/naturalpoland.com\\\/wp-content\\\/uploads\\\/2021\\\/05\\\/natural-poland-icon.png\",\"width\":512,\"height\":512,\"caption\":\"Natural Poland\"},\"image\":{\"@id\":\"https:\\\/\\\/naturalpoland.com\\\/tr\\\/#\\\/schema\\\/logo\\\/image\\\/\"},\"sameAs\":[\"https:\\\/\\\/www.facebook.com\\\/naturalpoland.b2b\",\"https:\\\/\\\/pl.linkedin.com\\\/company\\\/natural-poland\",\"https:\\\/\\\/www.youtube.com\\\/channel\\\/UCgeGGkvOMahZo-xu_MSEWxg\"]}]}<\/script>\n<!-- \/ Yoast SEO plugin. -->","yoast_head_json":{"title":"Fitoglikojen - NATURAL POLAND - Hurtowy Dystrybutor Surowc\u00f3w","description":"Fitoglikojen, on binlerce glukoz molek\u00fcl\u00fcnden olu\u015fan bitkisel bir polisakkarittir. Bu bile\u015fik yaln\u0131zca bitkilerde bulunur.","robots":{"index":"index","follow":"follow","max-snippet":"max-snippet:-1","max-image-preview":"max-image-preview:large","max-video-preview":"max-video-preview:-1"},"canonical":"https:\/\/naturalpoland.com\/tr\/urunler\/kozmetik-hammaddeleri\/kozmetik-hammaddeleri-2\/fitoglikojen\/","og_locale":"tr_TR","og_type":"article","og_title":"Fitoglikojen - NATURAL POLAND - Hurtowy Dystrybutor Surowc\u00f3w","og_description":"Fitoglikojen, on binlerce glukoz molek\u00fcl\u00fcnden olu\u015fan bitkisel bir polisakkarittir. Bu bile\u015fik yaln\u0131zca bitkilerde bulunur.","og_url":"https:\/\/naturalpoland.com\/tr\/urunler\/kozmetik-hammaddeleri\/kozmetik-hammaddeleri-2\/fitoglikojen\/","og_site_name":"NATURAL POLAND - Hurtowy Dystrybutor Surowc\u00f3w","article_publisher":"https:\/\/www.facebook.com\/naturalpoland.b2b","article_modified_time":"2025-12-22T12:17:07+00:00","og_image":[{"width":650,"height":650,"url":"https:\/\/naturalpoland.com\/wp-content\/uploads\/fitoglikogen.jpg","type":"image\/jpeg"}],"schema":{"@context":"https:\/\/schema.org","@graph":[{"@type":"WebPage","@id":"https:\/\/naturalpoland.com\/tr\/urunler\/kozmetik-hammaddeleri\/kozmetik-hammaddeleri-2\/fitoglikojen\/","url":"https:\/\/naturalpoland.com\/tr\/urunler\/kozmetik-hammaddeleri\/kozmetik-hammaddeleri-2\/fitoglikojen\/","name":"Fitoglikojen - NATURAL POLAND - Hurtowy Dystrybutor Surowc\u00f3w","isPartOf":{"@id":"https:\/\/naturalpoland.com\/tr\/#website"},"primaryImageOfPage":{"@id":"https:\/\/naturalpoland.com\/tr\/urunler\/kozmetik-hammaddeleri\/kozmetik-hammaddeleri-2\/fitoglikojen\/#primaryimage"},"image":{"@id":"https:\/\/naturalpoland.com\/tr\/urunler\/kozmetik-hammaddeleri\/kozmetik-hammaddeleri-2\/fitoglikojen\/#primaryimage"},"thumbnailUrl":"https:\/\/naturalpoland.com\/wp-content\/uploads\/fitoglikogen.jpg","datePublished":"2021-07-26T12:21:50+00:00","dateModified":"2025-12-22T12:17:07+00:00","description":"Fitoglikojen, on binlerce glukoz molek\u00fcl\u00fcnden olu\u015fan bitkisel bir polisakkarittir. Bu bile\u015fik yaln\u0131zca bitkilerde bulunur.","breadcrumb":{"@id":"https:\/\/naturalpoland.com\/tr\/urunler\/kozmetik-hammaddeleri\/kozmetik-hammaddeleri-2\/fitoglikojen\/#breadcrumb"},"inLanguage":"tr","potentialAction":[{"@type":"ReadAction","target":["https:\/\/naturalpoland.com\/tr\/urunler\/kozmetik-hammaddeleri\/kozmetik-hammaddeleri-2\/fitoglikojen\/"]}]},{"@type":"ImageObject","inLanguage":"tr","@id":"https:\/\/naturalpoland.com\/tr\/urunler\/kozmetik-hammaddeleri\/kozmetik-hammaddeleri-2\/fitoglikojen\/#primaryimage","url":"https:\/\/naturalpoland.com\/wp-content\/uploads\/fitoglikogen.jpg","contentUrl":"https:\/\/naturalpoland.com\/wp-content\/uploads\/fitoglikogen.jpg","width":650,"height":650,"caption":"fitoglikojen"},{"@type":"BreadcrumbList","@id":"https:\/\/naturalpoland.com\/tr\/urunler\/kozmetik-hammaddeleri\/kozmetik-hammaddeleri-2\/fitoglikojen\/#breadcrumb","itemListElement":[{"@type":"ListItem","position":1,"name":"Ana Sayfa","item":"https:\/\/naturalpoland.com\/tr\/"},{"@type":"ListItem","position":2,"name":"\u00dcr\u00fcnler","item":"https:\/\/naturalpoland.com\/tr\/urunler\/"},{"@type":"ListItem","position":3,"name":"Fitoglikojen"}]},{"@type":"WebSite","@id":"https:\/\/naturalpoland.com\/tr\/#website","url":"https:\/\/naturalpoland.com\/tr\/","name":"NATURAL POLAND - Hurtowy Dystrybutor Surowc\u00f3w","description":"Surowce dla przemys\u0142u spo\u017cywczego, kosmetycznego i farmaceutycznego","publisher":{"@id":"https:\/\/naturalpoland.com\/tr\/#organization"},"potentialAction":[{"@type":"SearchAction","target":{"@type":"EntryPoint","urlTemplate":"https:\/\/naturalpoland.com\/tr\/?s={search_term_string}"},"query-input":{"@type":"PropertyValueSpecification","valueRequired":true,"valueName":"search_term_string"}}],"inLanguage":"tr"},{"@type":"Organization","@id":"https:\/\/naturalpoland.com\/tr\/#organization","name":"Natural Poland","url":"https:\/\/naturalpoland.com\/tr\/","logo":{"@type":"ImageObject","inLanguage":"tr","@id":"https:\/\/naturalpoland.com\/tr\/#\/schema\/logo\/image\/","url":"https:\/\/naturalpoland.com\/wp-content\/uploads\/2021\/05\/natural-poland-icon.png","contentUrl":"https:\/\/naturalpoland.com\/wp-content\/uploads\/2021\/05\/natural-poland-icon.png","width":512,"height":512,"caption":"Natural Poland"},"image":{"@id":"https:\/\/naturalpoland.com\/tr\/#\/schema\/logo\/image\/"},"sameAs":["https:\/\/www.facebook.com\/naturalpoland.b2b","https:\/\/pl.linkedin.com\/company\/natural-poland","https:\/\/www.youtube.com\/channel\/UCgeGGkvOMahZo-xu_MSEWxg"]}]}},"_links":{"self":[{"href":"https:\/\/naturalpoland.com\/tr\/wp-json\/wp\/v2\/product\/44638","targetHints":{"allow":["GET"]}}],"collection":[{"href":"https:\/\/naturalpoland.com\/tr\/wp-json\/wp\/v2\/product"}],"about":[{"href":"https:\/\/naturalpoland.com\/tr\/wp-json\/wp\/v2\/types\/product"}],"wp:featuredmedia":[{"embeddable":true,"href":"https:\/\/naturalpoland.com\/tr\/wp-json\/wp\/v2\/media\/44639"}],"wp:attachment":[{"href":"https:\/\/naturalpoland.com\/tr\/wp-json\/wp\/v2\/media?parent=44638"}],"wp:term":[{"taxonomy":"product_brand","embeddable":true,"href":"https:\/\/naturalpoland.com\/tr\/wp-json\/wp\/v2\/product_brand?post=44638"},{"taxonomy":"product_cat","embeddable":true,"href":"https:\/\/naturalpoland.com\/tr\/wp-json\/wp\/v2\/product_cat?post=44638"},{"taxonomy":"product_tag","embeddable":true,"href":"https:\/\/naturalpoland.com\/tr\/wp-json\/wp\/v2\/product_tag?post=44638"}],"curies":[{"name":"wp","href":"https:\/\/api.w.org\/{rel}","templated":true}]}}