{"id":44642,"date":"2021-05-11T13:39:47","date_gmt":"2021-05-11T11:39:47","guid":{"rendered":"https:\/\/naturalpoland.com\/produkty\/kategorilenmemis\/cuha-cicegi-canak-yapragi-ozutu\/"},"modified":"2025-12-22T13:17:28","modified_gmt":"2025-12-22T12:17:28","slug":"cuha-cicegi-canak-yapragi-ozutu","status":"publish","type":"product","link":"https:\/\/naturalpoland.com\/tr\/urunler\/farmasotik-hammaddeler\/takviye-edici-gida-bilesenleri\/cuha-cicegi-canak-yapragi-ozutu\/","title":{"rendered":"\u00c7uha \u00e7i\u00e7e\u011fi \u00e7anak yapra\u011f\u0131 \u00f6z\u00fct\u00fc"},"content":{"rendered":"<p>\u00c7uha \u00e7i\u00e7e\u011fi \u00e7i\u00e7ekleri saponinler, flavonoidler ve karotenoidler i\u00e7erir. Bunlardan ilki a\u011f\u0131z ve bo\u011faz mukozas\u0131n\u0131 tahri\u015f eder. Bu sayede bol miktarda s\u0131v\u0131 mukus salg\u0131lar. Bu da balgam \u00e7\u0131karmay\u0131 ve solunum yollar\u0131ndan at\u0131lmas\u0131n\u0131 destekler. \u00c7uha \u00e7i\u00e7e\u011fi \u00e7anak yapra\u011f\u0131 \u00f6z\u00fct\u00fc antibakteriyel, antienflamatuar etkilere sahiptir ve \u00fcst solunum yolu enfeksiyonlar\u0131na kar\u015f\u0131 koruyabilir.    <\/p>\n","protected":false},"excerpt":{"rendered":"<p>\u00c7uha \u00e7i\u00e7e\u011fi \u00e7anak yapra\u011f\u0131 \u00f6z\u00fct\u00fc, bitkisel k\u00f6kenli en bilinen besin takviyelerinden biridir. \u00c7uha \u00e7i\u00e7e\u011fi, d\u00fcnya \u00e7ap\u0131nda sahip oldu\u011fu b\u00fcy\u00fck \u00fcn\u00fc ve takdiri hak etmi\u015ftir. Bu bitki, t\u0131pta solunum yollar\u0131nda biriken mukusla m\u00fccadelede yayg\u0131n olarak kullan\u0131lmaktad\u0131r.  <\/p>\n","protected":false},"featured_media":44643,"template":"","meta":{"_acf_changed":false},"product_brand":[],"product_cat":[9531,9540],"product_tag":[],"class_list":{"0":"post-44642","1":"product","2":"type-product","3":"status-publish","4":"has-post-thumbnail","6":"product_cat-bitkisel-ekstraktlar","7":"product_cat-takviye-edici-gida-bilesenleri","9":"first","10":"instock","11":"shipping-taxable","12":"product-type-simple"},"acf":[],"yoast_head":"<!-- This site is optimized with the Yoast SEO plugin v27.5 - https:\/\/yoast.com\/product\/yoast-seo-wordpress\/ -->\n<title>\u00c7uha \u00e7i\u00e7e\u011fi \u00e7anak yapra\u011f\u0131 \u00f6z\u00fct\u00fc - Hurtowy Dystrybutor<\/title>\n<meta name=\"robots\" content=\"index, follow, max-snippet:-1, max-image-preview:large, max-video-preview:-1\" \/>\n<link rel=\"canonical\" href=\"https:\/\/naturalpoland.com\/tr\/urunler\/farmasotik-hammaddeler\/takviye-edici-gida-bilesenleri\/cuha-cicegi-canak-yapragi-ozutu\/\" \/>\n<meta property=\"og:locale\" content=\"tr_TR\" \/>\n<meta property=\"og:type\" content=\"article\" \/>\n<meta property=\"og:title\" content=\"\u00c7uha \u00e7i\u00e7e\u011fi \u00e7anak yapra\u011f\u0131 \u00f6z\u00fct\u00fc - Hurtowy Dystrybutor\" \/>\n<meta property=\"og:description\" content=\"\u00c7uha \u00e7i\u00e7e\u011fi \u00e7anak yapra\u011f\u0131 \u00f6z\u00fct\u00fc, bitkisel k\u00f6kenli en bilinen besin takviyelerinden biridir. \u00c7uha \u00e7i\u00e7e\u011fi, d\u00fcnya \u00e7ap\u0131nda sahip oldu\u011fu b\u00fcy\u00fck \u00fcn\u00fc ve takdiri hak etmi\u015ftir. Bu bitki, t\u0131pta solunum yollar\u0131nda biriken mukusla m\u00fccadelede yayg\u0131n olarak kullan\u0131lmaktad\u0131r.\" \/>\n<meta property=\"og:url\" content=\"https:\/\/naturalpoland.com\/tr\/urunler\/farmasotik-hammaddeler\/takviye-edici-gida-bilesenleri\/cuha-cicegi-canak-yapragi-ozutu\/\" \/>\n<meta property=\"og:site_name\" content=\"NATURAL POLAND - Hurtowy Dystrybutor Surowc\u00f3w\" \/>\n<meta property=\"article:publisher\" content=\"https:\/\/www.facebook.com\/naturalpoland.b2b\" \/>\n<meta property=\"article:modified_time\" content=\"2025-12-22T12:17:28+00:00\" \/>\n<meta property=\"og:image\" content=\"https:\/\/naturalpoland.com\/wp-content\/uploads\/2021\/05\/cup-of-primrose-extract.png\" \/>\n\t<meta property=\"og:image:width\" content=\"339\" \/>\n\t<meta property=\"og:image:height\" content=\"354\" \/>\n\t<meta property=\"og:image:type\" content=\"image\/png\" \/>\n<script type=\"application\/ld+json\" class=\"yoast-schema-graph\">{\"@context\":\"https:\\\/\\\/schema.org\",\"@graph\":[{\"@type\":\"WebPage\",\"@id\":\"https:\\\/\\\/naturalpoland.com\\\/tr\\\/urunler\\\/farmasotik-hammaddeler\\\/takviye-edici-gida-bilesenleri\\\/cuha-cicegi-canak-yapragi-ozutu\\\/\",\"url\":\"https:\\\/\\\/naturalpoland.com\\\/tr\\\/urunler\\\/farmasotik-hammaddeler\\\/takviye-edici-gida-bilesenleri\\\/cuha-cicegi-canak-yapragi-ozutu\\\/\",\"name\":\"\u00c7uha \u00e7i\u00e7e\u011fi \u00e7anak yapra\u011f\u0131 \u00f6z\u00fct\u00fc - Hurtowy Dystrybutor\",\"isPartOf\":{\"@id\":\"https:\\\/\\\/naturalpoland.com\\\/tr\\\/#website\"},\"primaryImageOfPage\":{\"@id\":\"https:\\\/\\\/naturalpoland.com\\\/tr\\\/urunler\\\/farmasotik-hammaddeler\\\/takviye-edici-gida-bilesenleri\\\/cuha-cicegi-canak-yapragi-ozutu\\\/#primaryimage\"},\"image\":{\"@id\":\"https:\\\/\\\/naturalpoland.com\\\/tr\\\/urunler\\\/farmasotik-hammaddeler\\\/takviye-edici-gida-bilesenleri\\\/cuha-cicegi-canak-yapragi-ozutu\\\/#primaryimage\"},\"thumbnailUrl\":\"https:\\\/\\\/naturalpoland.com\\\/wp-content\\\/uploads\\\/2021\\\/05\\\/cup-of-primrose-extract.png\",\"datePublished\":\"2021-05-11T11:39:47+00:00\",\"dateModified\":\"2025-12-22T12:17:28+00:00\",\"breadcrumb\":{\"@id\":\"https:\\\/\\\/naturalpoland.com\\\/tr\\\/urunler\\\/farmasotik-hammaddeler\\\/takviye-edici-gida-bilesenleri\\\/cuha-cicegi-canak-yapragi-ozutu\\\/#breadcrumb\"},\"inLanguage\":\"tr\",\"potentialAction\":[{\"@type\":\"ReadAction\",\"target\":[\"https:\\\/\\\/naturalpoland.com\\\/tr\\\/urunler\\\/farmasotik-hammaddeler\\\/takviye-edici-gida-bilesenleri\\\/cuha-cicegi-canak-yapragi-ozutu\\\/\"]}]},{\"@type\":\"ImageObject\",\"inLanguage\":\"tr\",\"@id\":\"https:\\\/\\\/naturalpoland.com\\\/tr\\\/urunler\\\/farmasotik-hammaddeler\\\/takviye-edici-gida-bilesenleri\\\/cuha-cicegi-canak-yapragi-ozutu\\\/#primaryimage\",\"url\":\"https:\\\/\\\/naturalpoland.com\\\/wp-content\\\/uploads\\\/2021\\\/05\\\/cup-of-primrose-extract.png\",\"contentUrl\":\"https:\\\/\\\/naturalpoland.com\\\/wp-content\\\/uploads\\\/2021\\\/05\\\/cup-of-primrose-extract.png\",\"width\":339,\"height\":354,\"caption\":\"\u00c7uha \u00e7i\u00e7e\u011fi \u00e7anak yapra\u011f\u0131 \u00f6z\u00fct\u00fc\"},{\"@type\":\"BreadcrumbList\",\"@id\":\"https:\\\/\\\/naturalpoland.com\\\/tr\\\/urunler\\\/farmasotik-hammaddeler\\\/takviye-edici-gida-bilesenleri\\\/cuha-cicegi-canak-yapragi-ozutu\\\/#breadcrumb\",\"itemListElement\":[{\"@type\":\"ListItem\",\"position\":1,\"name\":\"Ana Sayfa\",\"item\":\"https:\\\/\\\/naturalpoland.com\\\/tr\\\/\"},{\"@type\":\"ListItem\",\"position\":2,\"name\":\"\u00dcr\u00fcnler\",\"item\":\"https:\\\/\\\/naturalpoland.com\\\/tr\\\/urunler\\\/\"},{\"@type\":\"ListItem\",\"position\":3,\"name\":\"\u00c7uha \u00e7i\u00e7e\u011fi \u00e7anak yapra\u011f\u0131 \u00f6z\u00fct\u00fc\"}]},{\"@type\":\"WebSite\",\"@id\":\"https:\\\/\\\/naturalpoland.com\\\/tr\\\/#website\",\"url\":\"https:\\\/\\\/naturalpoland.com\\\/tr\\\/\",\"name\":\"NATURAL POLAND - Hurtowy Dystrybutor Surowc\u00f3w\",\"description\":\"Surowce dla przemys\u0142u spo\u017cywczego, kosmetycznego i farmaceutycznego\",\"publisher\":{\"@id\":\"https:\\\/\\\/naturalpoland.com\\\/tr\\\/#organization\"},\"potentialAction\":[{\"@type\":\"SearchAction\",\"target\":{\"@type\":\"EntryPoint\",\"urlTemplate\":\"https:\\\/\\\/naturalpoland.com\\\/tr\\\/?s={search_term_string}\"},\"query-input\":{\"@type\":\"PropertyValueSpecification\",\"valueRequired\":true,\"valueName\":\"search_term_string\"}}],\"inLanguage\":\"tr\"},{\"@type\":\"Organization\",\"@id\":\"https:\\\/\\\/naturalpoland.com\\\/tr\\\/#organization\",\"name\":\"Natural Poland\",\"url\":\"https:\\\/\\\/naturalpoland.com\\\/tr\\\/\",\"logo\":{\"@type\":\"ImageObject\",\"inLanguage\":\"tr\",\"@id\":\"https:\\\/\\\/naturalpoland.com\\\/tr\\\/#\\\/schema\\\/logo\\\/image\\\/\",\"url\":\"https:\\\/\\\/naturalpoland.com\\\/wp-content\\\/uploads\\\/2021\\\/05\\\/natural-poland-icon.png\",\"contentUrl\":\"https:\\\/\\\/naturalpoland.com\\\/wp-content\\\/uploads\\\/2021\\\/05\\\/natural-poland-icon.png\",\"width\":512,\"height\":512,\"caption\":\"Natural Poland\"},\"image\":{\"@id\":\"https:\\\/\\\/naturalpoland.com\\\/tr\\\/#\\\/schema\\\/logo\\\/image\\\/\"},\"sameAs\":[\"https:\\\/\\\/www.facebook.com\\\/naturalpoland.b2b\",\"https:\\\/\\\/pl.linkedin.com\\\/company\\\/natural-poland\",\"https:\\\/\\\/www.youtube.com\\\/channel\\\/UCgeGGkvOMahZo-xu_MSEWxg\"]}]}<\/script>\n<!-- \/ Yoast SEO plugin. -->","yoast_head_json":{"title":"\u00c7uha \u00e7i\u00e7e\u011fi \u00e7anak yapra\u011f\u0131 \u00f6z\u00fct\u00fc - Hurtowy Dystrybutor","robots":{"index":"index","follow":"follow","max-snippet":"max-snippet:-1","max-image-preview":"max-image-preview:large","max-video-preview":"max-video-preview:-1"},"canonical":"https:\/\/naturalpoland.com\/tr\/urunler\/farmasotik-hammaddeler\/takviye-edici-gida-bilesenleri\/cuha-cicegi-canak-yapragi-ozutu\/","og_locale":"tr_TR","og_type":"article","og_title":"\u00c7uha \u00e7i\u00e7e\u011fi \u00e7anak yapra\u011f\u0131 \u00f6z\u00fct\u00fc - Hurtowy Dystrybutor","og_description":"\u00c7uha \u00e7i\u00e7e\u011fi \u00e7anak yapra\u011f\u0131 \u00f6z\u00fct\u00fc, bitkisel k\u00f6kenli en bilinen besin takviyelerinden biridir. \u00c7uha \u00e7i\u00e7e\u011fi, d\u00fcnya \u00e7ap\u0131nda sahip oldu\u011fu b\u00fcy\u00fck \u00fcn\u00fc ve takdiri hak etmi\u015ftir. Bu bitki, t\u0131pta solunum yollar\u0131nda biriken mukusla m\u00fccadelede yayg\u0131n olarak kullan\u0131lmaktad\u0131r.","og_url":"https:\/\/naturalpoland.com\/tr\/urunler\/farmasotik-hammaddeler\/takviye-edici-gida-bilesenleri\/cuha-cicegi-canak-yapragi-ozutu\/","og_site_name":"NATURAL POLAND - Hurtowy Dystrybutor Surowc\u00f3w","article_publisher":"https:\/\/www.facebook.com\/naturalpoland.b2b","article_modified_time":"2025-12-22T12:17:28+00:00","og_image":[{"width":339,"height":354,"url":"https:\/\/naturalpoland.com\/wp-content\/uploads\/2021\/05\/cup-of-primrose-extract.png","type":"image\/png"}],"schema":{"@context":"https:\/\/schema.org","@graph":[{"@type":"WebPage","@id":"https:\/\/naturalpoland.com\/tr\/urunler\/farmasotik-hammaddeler\/takviye-edici-gida-bilesenleri\/cuha-cicegi-canak-yapragi-ozutu\/","url":"https:\/\/naturalpoland.com\/tr\/urunler\/farmasotik-hammaddeler\/takviye-edici-gida-bilesenleri\/cuha-cicegi-canak-yapragi-ozutu\/","name":"\u00c7uha \u00e7i\u00e7e\u011fi \u00e7anak yapra\u011f\u0131 \u00f6z\u00fct\u00fc - Hurtowy Dystrybutor","isPartOf":{"@id":"https:\/\/naturalpoland.com\/tr\/#website"},"primaryImageOfPage":{"@id":"https:\/\/naturalpoland.com\/tr\/urunler\/farmasotik-hammaddeler\/takviye-edici-gida-bilesenleri\/cuha-cicegi-canak-yapragi-ozutu\/#primaryimage"},"image":{"@id":"https:\/\/naturalpoland.com\/tr\/urunler\/farmasotik-hammaddeler\/takviye-edici-gida-bilesenleri\/cuha-cicegi-canak-yapragi-ozutu\/#primaryimage"},"thumbnailUrl":"https:\/\/naturalpoland.com\/wp-content\/uploads\/2021\/05\/cup-of-primrose-extract.png","datePublished":"2021-05-11T11:39:47+00:00","dateModified":"2025-12-22T12:17:28+00:00","breadcrumb":{"@id":"https:\/\/naturalpoland.com\/tr\/urunler\/farmasotik-hammaddeler\/takviye-edici-gida-bilesenleri\/cuha-cicegi-canak-yapragi-ozutu\/#breadcrumb"},"inLanguage":"tr","potentialAction":[{"@type":"ReadAction","target":["https:\/\/naturalpoland.com\/tr\/urunler\/farmasotik-hammaddeler\/takviye-edici-gida-bilesenleri\/cuha-cicegi-canak-yapragi-ozutu\/"]}]},{"@type":"ImageObject","inLanguage":"tr","@id":"https:\/\/naturalpoland.com\/tr\/urunler\/farmasotik-hammaddeler\/takviye-edici-gida-bilesenleri\/cuha-cicegi-canak-yapragi-ozutu\/#primaryimage","url":"https:\/\/naturalpoland.com\/wp-content\/uploads\/2021\/05\/cup-of-primrose-extract.png","contentUrl":"https:\/\/naturalpoland.com\/wp-content\/uploads\/2021\/05\/cup-of-primrose-extract.png","width":339,"height":354,"caption":"\u00c7uha \u00e7i\u00e7e\u011fi \u00e7anak yapra\u011f\u0131 \u00f6z\u00fct\u00fc"},{"@type":"BreadcrumbList","@id":"https:\/\/naturalpoland.com\/tr\/urunler\/farmasotik-hammaddeler\/takviye-edici-gida-bilesenleri\/cuha-cicegi-canak-yapragi-ozutu\/#breadcrumb","itemListElement":[{"@type":"ListItem","position":1,"name":"Ana Sayfa","item":"https:\/\/naturalpoland.com\/tr\/"},{"@type":"ListItem","position":2,"name":"\u00dcr\u00fcnler","item":"https:\/\/naturalpoland.com\/tr\/urunler\/"},{"@type":"ListItem","position":3,"name":"\u00c7uha \u00e7i\u00e7e\u011fi \u00e7anak yapra\u011f\u0131 \u00f6z\u00fct\u00fc"}]},{"@type":"WebSite","@id":"https:\/\/naturalpoland.com\/tr\/#website","url":"https:\/\/naturalpoland.com\/tr\/","name":"NATURAL POLAND - Hurtowy Dystrybutor Surowc\u00f3w","description":"Surowce dla przemys\u0142u spo\u017cywczego, kosmetycznego i farmaceutycznego","publisher":{"@id":"https:\/\/naturalpoland.com\/tr\/#organization"},"potentialAction":[{"@type":"SearchAction","target":{"@type":"EntryPoint","urlTemplate":"https:\/\/naturalpoland.com\/tr\/?s={search_term_string}"},"query-input":{"@type":"PropertyValueSpecification","valueRequired":true,"valueName":"search_term_string"}}],"inLanguage":"tr"},{"@type":"Organization","@id":"https:\/\/naturalpoland.com\/tr\/#organization","name":"Natural Poland","url":"https:\/\/naturalpoland.com\/tr\/","logo":{"@type":"ImageObject","inLanguage":"tr","@id":"https:\/\/naturalpoland.com\/tr\/#\/schema\/logo\/image\/","url":"https:\/\/naturalpoland.com\/wp-content\/uploads\/2021\/05\/natural-poland-icon.png","contentUrl":"https:\/\/naturalpoland.com\/wp-content\/uploads\/2021\/05\/natural-poland-icon.png","width":512,"height":512,"caption":"Natural Poland"},"image":{"@id":"https:\/\/naturalpoland.com\/tr\/#\/schema\/logo\/image\/"},"sameAs":["https:\/\/www.facebook.com\/naturalpoland.b2b","https:\/\/pl.linkedin.com\/company\/natural-poland","https:\/\/www.youtube.com\/channel\/UCgeGGkvOMahZo-xu_MSEWxg"]}]}},"_links":{"self":[{"href":"https:\/\/naturalpoland.com\/tr\/wp-json\/wp\/v2\/product\/44642","targetHints":{"allow":["GET"]}}],"collection":[{"href":"https:\/\/naturalpoland.com\/tr\/wp-json\/wp\/v2\/product"}],"about":[{"href":"https:\/\/naturalpoland.com\/tr\/wp-json\/wp\/v2\/types\/product"}],"wp:featuredmedia":[{"embeddable":true,"href":"https:\/\/naturalpoland.com\/tr\/wp-json\/wp\/v2\/media\/44643"}],"wp:attachment":[{"href":"https:\/\/naturalpoland.com\/tr\/wp-json\/wp\/v2\/media?parent=44642"}],"wp:term":[{"taxonomy":"product_brand","embeddable":true,"href":"https:\/\/naturalpoland.com\/tr\/wp-json\/wp\/v2\/product_brand?post=44642"},{"taxonomy":"product_cat","embeddable":true,"href":"https:\/\/naturalpoland.com\/tr\/wp-json\/wp\/v2\/product_cat?post=44642"},{"taxonomy":"product_tag","embeddable":true,"href":"https:\/\/naturalpoland.com\/tr\/wp-json\/wp\/v2\/product_tag?post=44642"}],"curies":[{"name":"wp","href":"https:\/\/api.w.org\/{rel}","templated":true}]}}