{"id":44646,"date":"2021-05-11T13:50:33","date_gmt":"2021-05-11T11:50:33","guid":{"rendered":"https:\/\/naturalpoland.com\/produkty\/kategorilenmemis\/kamelya-tohumu-yagi\/"},"modified":"2025-12-22T13:17:51","modified_gmt":"2025-12-22T12:17:51","slug":"kamelya-tohumu-yagi","status":"publish","type":"product","link":"https:\/\/naturalpoland.com\/tr\/urunler\/gida-ve-kozmetik-yaglari\/kamelya-tohumu-yagi\/","title":{"rendered":"Kamelya Tohumu Ya\u011f\u0131"},"content":{"rendered":"<h2>Japon kamelya tohumu ya\u011f\u0131n\u0131n \u00f6zellikleri<\/h2>\n<p>Kamelya tohumu ya\u011f\u0131, rafine edilmi\u015f, organik, y\u00fcksek kaliteli bir kozmetik hammaddedir. \u00dcr\u00fcn, Avrupa y\u00f6netmeliklerine (2018\/848) ve <strong>Cosmos<\/strong> standard\u0131na g\u00f6re sertifikaland\u0131r\u0131lm\u0131\u015ft\u0131r, bu da organik kalitesini do\u011frular. <\/p>\n<p>Tsubaki ya\u011f\u0131 besleyici bile\u015fenlerin hazinesidir:<\/p>\n<ul>\n<li><strong>Oleik asit (Omega-9), linoleik asit, palmitik asit, stearik asit<\/strong> &#8211; Oleik asit (C18:1) ya\u011f\u0131n %85&#8217;inden fazlas\u0131n\u0131 olu\u015fturur, cilde m\u00fckemmel n\u00fcfuz eder, nemlendirir ve do\u011fal koruyucu bariyeri g\u00fc\u00e7lendirir. \u0130nsan sebumunun temel bile\u015feni oldu\u011fundan, Tsubaki ya\u011f\u0131 ya\u011fl\u0131 bir tabaka b\u0131rakmadan her cilt tipiyle m\u00fckemmel uyum sa\u011flar. Linoleik asit ise cildin lipid bariyerinin yenilenmesine yard\u0131mc\u0131 olur.  <\/li>\n<li><strong>E Vitamini<\/strong> &#8211; G\u00fc\u00e7l\u00fc bir antioksidan olan &#8220;gen\u00e7lik vitamini&#8221;, cildi serbest radikallerin etkisinden korur, k\u0131r\u0131\u015f\u0131kl\u0131klar\u0131 azalt\u0131r ve cilt elastikiyetini art\u0131r\u0131r.<\/li>\n<li><strong>A Provitamini<\/strong> &#8211; Cildi yeniler, ya\u015flanma kar\u015f\u0131t\u0131 etki g\u00f6sterir, cildi p\u00fcr\u00fczs\u00fczle\u015ftirir ve lekeleri a\u00e7ar.<\/li>\n<li><strong>Skualen<\/strong> &#8211; Cildin hidrolipit bariyerini g\u00fc\u00e7lendirir, nemlendirici ve koruyucu etki g\u00f6sterir, cilt ve sa\u00e7 yenilenme s\u00fcre\u00e7lerini destekler.<\/li>\n<li><strong>Antioksidanlar (kate\u015finler, gallik asit, tokotrienoller)<\/strong> &#8211; Cildi, erken ya\u015flanmaya neden olan oksidatif strese kar\u015f\u0131 korur.<\/li>\n<\/ul>\n<h2>Tsubaki ya\u011f\u0131n\u0131n kullan\u0131m alanlar\u0131:<\/h2>\n<p>Japon kamelya tohumu ya\u011f\u0131n\u0131n kozmetikte geni\u015f kullan\u0131m alanlar\u0131 vard\u0131r:<\/p>\n<ol>\n<li>Cildi nemlendirir ve yeniler, cildin koruyucu bariyerini g\u00fc\u00e7lendirir<\/li>\n<li>Ciltteki kolajen \u00fcretimini art\u0131r\u0131r<\/li>\n<li>Y\u00fcksek antioksidan i\u00e7eri\u011fi sayesinde cildi ya\u015flanmaya kar\u015f\u0131 korur<\/li>\n<li>Cilt tahri\u015flerini ve iltihaplanmalar\u0131 yat\u0131\u015ft\u0131r\u0131r<\/li>\n<li>Makyaj\u0131 nazik\u00e7e temizler ve cildi ar\u0131nd\u0131r\u0131r<\/li>\n<li>Sa\u00e7 yap\u0131s\u0131n\u0131 g\u00fc\u00e7lendirir, nemlendirir ve mekanik hasarlara ve y\u00fcksek s\u0131cakl\u0131\u011fa kar\u015f\u0131 korur<\/li>\n<li>Sa\u00e7 u\u00e7lar\u0131n\u0131n k\u0131r\u0131lmas\u0131n\u0131 \u00f6nler, parlakl\u0131k ve yumu\u015fakl\u0131k kazand\u0131r\u0131r<\/li>\n<li>Kafa derisinin kurulu\u011funu ve pullanmas\u0131n\u0131 azalt\u0131r, kepek \u00f6nleyici etki g\u00f6sterir<\/li>\n<\/ol>\n<p>Kamelya ya\u011f\u0131 \u00e7e\u015fitli \u015fekillerde kullan\u0131labilir. Bunlardan biri do\u011frudan nemli cilde ve sa\u00e7lara uygulamakt\u0131r. Ayr\u0131ca y\u00fcz kremine, v\u00fccut losyonuna veya sa\u00e7 kremlerine eklenebilir. Di\u011fer bir kullan\u0131m \u015fekli, dola\u015f\u0131m\u0131 iyile\u015ftirmek ve cildi s\u0131k\u0131la\u015ft\u0131rmak i\u00e7in y\u00fcz, v\u00fccut ve kafa derisi masaj\u0131nda kullanmakt\u0131r.   <\/p>\n","protected":false},"excerpt":{"rendered":"<p><strong>Japon kamelya tohumu ya\u011f\u0131<\/strong> ayn\u0131 zamanda <strong>Tsubaki ya\u011f\u0131<\/strong> olarak da bilinir. <em>Camellia japonica<\/em> tohumlar\u0131n\u0131n so\u011fuk preslenmesiyle elde edilir. Japonya&#8217;da bu ya\u011f 8. y\u00fczy\u0131ldan beri kullan\u0131lmaktad\u0131r. Avrupa&#8217;da birka\u00e7 y\u0131l \u00f6nce pop\u00fclerlik kazanm\u0131\u015ft\u0131r. Cilt ve sa\u00e7 bak\u0131m\u0131 kozmeti\u011finde kullan\u0131l\u0131r.    <\/p>\n","protected":false},"featured_media":44648,"template":"","meta":{"_acf_changed":false},"product_brand":[],"product_cat":[9532],"product_tag":[],"class_list":{"0":"post-44646","1":"product","2":"type-product","3":"status-publish","4":"has-post-thumbnail","6":"product_cat-gida-ve-kozmetik-yaglari","7":"pa_certyfikaty-cosmos","9":"first","10":"instock","11":"shipping-taxable","12":"product-type-simple"},"acf":[],"yoast_head":"<!-- This site is optimized with the Yoast SEO plugin v27.6 - https:\/\/yoast.com\/product\/yoast-seo-wordpress\/ -->\n<title>Kamelya Tohumu Ya\u011f\u0131 - NATURAL POLAND - Hurtowy Dystrybutor Surowc\u00f3w<\/title>\n<meta name=\"description\" content=\"Japon kamelya tohumu ya\u011f\u0131, \u00e7ok y\u00f6nl\u00fc bak\u0131m \u00f6zellikleri olan son derece de\u011ferli bir hammaddedir. Hafif bir form\u00fcle sahiptir.\" \/>\n<meta name=\"robots\" content=\"index, follow, max-snippet:-1, max-image-preview:large, max-video-preview:-1\" \/>\n<link rel=\"canonical\" href=\"https:\/\/naturalpoland.com\/tr\/urunler\/gida-ve-kozmetik-yaglari\/kamelya-tohumu-yagi\/\" \/>\n<meta property=\"og:locale\" content=\"tr_TR\" \/>\n<meta property=\"og:type\" content=\"article\" \/>\n<meta property=\"og:title\" content=\"Kamelya Tohumu Ya\u011f\u0131 - NATURAL POLAND - Hurtowy Dystrybutor Surowc\u00f3w\" \/>\n<meta property=\"og:description\" content=\"Japon kamelya tohumu ya\u011f\u0131, \u00e7ok y\u00f6nl\u00fc bak\u0131m \u00f6zellikleri olan son derece de\u011ferli bir hammaddedir. Hafif bir form\u00fcle sahiptir.\" \/>\n<meta property=\"og:url\" content=\"https:\/\/naturalpoland.com\/tr\/urunler\/gida-ve-kozmetik-yaglari\/kamelya-tohumu-yagi\/\" \/>\n<meta property=\"og:site_name\" content=\"NATURAL POLAND - Hurtowy Dystrybutor Surowc\u00f3w\" \/>\n<meta property=\"article:publisher\" content=\"https:\/\/www.facebook.com\/naturalpoland.b2b\" \/>\n<meta property=\"article:modified_time\" content=\"2025-12-22T12:17:51+00:00\" \/>\n<meta property=\"og:image\" content=\"https:\/\/naturalpoland.com\/wp-content\/uploads\/olej-z-nasion-kamelii.webp\" \/>\n\t<meta property=\"og:image:width\" content=\"619\" \/>\n\t<meta property=\"og:image:height\" content=\"619\" \/>\n\t<meta property=\"og:image:type\" content=\"image\/webp\" \/>\n<script type=\"application\/ld+json\" class=\"yoast-schema-graph\">{\"@context\":\"https:\\\/\\\/schema.org\",\"@graph\":[{\"@type\":\"WebPage\",\"@id\":\"https:\\\/\\\/naturalpoland.com\\\/tr\\\/urunler\\\/gida-ve-kozmetik-yaglari\\\/kamelya-tohumu-yagi\\\/\",\"url\":\"https:\\\/\\\/naturalpoland.com\\\/tr\\\/urunler\\\/gida-ve-kozmetik-yaglari\\\/kamelya-tohumu-yagi\\\/\",\"name\":\"Kamelya Tohumu Ya\u011f\u0131 - NATURAL POLAND - Hurtowy Dystrybutor Surowc\u00f3w\",\"isPartOf\":{\"@id\":\"https:\\\/\\\/naturalpoland.com\\\/tr\\\/#website\"},\"primaryImageOfPage\":{\"@id\":\"https:\\\/\\\/naturalpoland.com\\\/tr\\\/urunler\\\/gida-ve-kozmetik-yaglari\\\/kamelya-tohumu-yagi\\\/#primaryimage\"},\"image\":{\"@id\":\"https:\\\/\\\/naturalpoland.com\\\/tr\\\/urunler\\\/gida-ve-kozmetik-yaglari\\\/kamelya-tohumu-yagi\\\/#primaryimage\"},\"thumbnailUrl\":\"https:\\\/\\\/naturalpoland.com\\\/wp-content\\\/uploads\\\/olej-z-nasion-kamelii.webp\",\"datePublished\":\"2021-05-11T11:50:33+00:00\",\"dateModified\":\"2025-12-22T12:17:51+00:00\",\"description\":\"Japon kamelya tohumu ya\u011f\u0131, \u00e7ok y\u00f6nl\u00fc bak\u0131m \u00f6zellikleri olan son derece de\u011ferli bir hammaddedir. Hafif bir form\u00fcle sahiptir.\",\"breadcrumb\":{\"@id\":\"https:\\\/\\\/naturalpoland.com\\\/tr\\\/urunler\\\/gida-ve-kozmetik-yaglari\\\/kamelya-tohumu-yagi\\\/#breadcrumb\"},\"inLanguage\":\"tr\",\"potentialAction\":[{\"@type\":\"ReadAction\",\"target\":[\"https:\\\/\\\/naturalpoland.com\\\/tr\\\/urunler\\\/gida-ve-kozmetik-yaglari\\\/kamelya-tohumu-yagi\\\/\"]}]},{\"@type\":\"ImageObject\",\"inLanguage\":\"tr\",\"@id\":\"https:\\\/\\\/naturalpoland.com\\\/tr\\\/urunler\\\/gida-ve-kozmetik-yaglari\\\/kamelya-tohumu-yagi\\\/#primaryimage\",\"url\":\"https:\\\/\\\/naturalpoland.com\\\/wp-content\\\/uploads\\\/olej-z-nasion-kamelii.webp\",\"contentUrl\":\"https:\\\/\\\/naturalpoland.com\\\/wp-content\\\/uploads\\\/olej-z-nasion-kamelii.webp\",\"width\":619,\"height\":619,\"caption\":\"kamelya tohumu ya\u011f\u0131\"},{\"@type\":\"BreadcrumbList\",\"@id\":\"https:\\\/\\\/naturalpoland.com\\\/tr\\\/urunler\\\/gida-ve-kozmetik-yaglari\\\/kamelya-tohumu-yagi\\\/#breadcrumb\",\"itemListElement\":[{\"@type\":\"ListItem\",\"position\":1,\"name\":\"Ana Sayfa\",\"item\":\"https:\\\/\\\/naturalpoland.com\\\/tr\\\/\"},{\"@type\":\"ListItem\",\"position\":2,\"name\":\"\u00dcr\u00fcnler\",\"item\":\"https:\\\/\\\/naturalpoland.com\\\/tr\\\/urunler\\\/\"},{\"@type\":\"ListItem\",\"position\":3,\"name\":\"Kamelya Tohumu Ya\u011f\u0131\"}]},{\"@type\":\"WebSite\",\"@id\":\"https:\\\/\\\/naturalpoland.com\\\/tr\\\/#website\",\"url\":\"https:\\\/\\\/naturalpoland.com\\\/tr\\\/\",\"name\":\"NATURAL POLAND - Hurtowy Dystrybutor Surowc\u00f3w\",\"description\":\"Surowce dla przemys\u0142u spo\u017cywczego, kosmetycznego i farmaceutycznego\",\"publisher\":{\"@id\":\"https:\\\/\\\/naturalpoland.com\\\/tr\\\/#organization\"},\"potentialAction\":[{\"@type\":\"SearchAction\",\"target\":{\"@type\":\"EntryPoint\",\"urlTemplate\":\"https:\\\/\\\/naturalpoland.com\\\/tr\\\/?s={search_term_string}\"},\"query-input\":{\"@type\":\"PropertyValueSpecification\",\"valueRequired\":true,\"valueName\":\"search_term_string\"}}],\"inLanguage\":\"tr\"},{\"@type\":\"Organization\",\"@id\":\"https:\\\/\\\/naturalpoland.com\\\/tr\\\/#organization\",\"name\":\"Natural Poland\",\"url\":\"https:\\\/\\\/naturalpoland.com\\\/tr\\\/\",\"logo\":{\"@type\":\"ImageObject\",\"inLanguage\":\"tr\",\"@id\":\"https:\\\/\\\/naturalpoland.com\\\/tr\\\/#\\\/schema\\\/logo\\\/image\\\/\",\"url\":\"https:\\\/\\\/naturalpoland.com\\\/wp-content\\\/uploads\\\/2021\\\/05\\\/natural-poland-icon.png\",\"contentUrl\":\"https:\\\/\\\/naturalpoland.com\\\/wp-content\\\/uploads\\\/2021\\\/05\\\/natural-poland-icon.png\",\"width\":512,\"height\":512,\"caption\":\"Natural Poland\"},\"image\":{\"@id\":\"https:\\\/\\\/naturalpoland.com\\\/tr\\\/#\\\/schema\\\/logo\\\/image\\\/\"},\"sameAs\":[\"https:\\\/\\\/www.facebook.com\\\/naturalpoland.b2b\",\"https:\\\/\\\/pl.linkedin.com\\\/company\\\/natural-poland\",\"https:\\\/\\\/www.youtube.com\\\/channel\\\/UCgeGGkvOMahZo-xu_MSEWxg\"]}]}<\/script>\n<!-- \/ Yoast SEO plugin. -->","yoast_head_json":{"title":"Kamelya Tohumu Ya\u011f\u0131 - NATURAL POLAND - Hurtowy Dystrybutor Surowc\u00f3w","description":"Japon kamelya tohumu ya\u011f\u0131, \u00e7ok y\u00f6nl\u00fc bak\u0131m \u00f6zellikleri olan son derece de\u011ferli bir hammaddedir. Hafif bir form\u00fcle sahiptir.","robots":{"index":"index","follow":"follow","max-snippet":"max-snippet:-1","max-image-preview":"max-image-preview:large","max-video-preview":"max-video-preview:-1"},"canonical":"https:\/\/naturalpoland.com\/tr\/urunler\/gida-ve-kozmetik-yaglari\/kamelya-tohumu-yagi\/","og_locale":"tr_TR","og_type":"article","og_title":"Kamelya Tohumu Ya\u011f\u0131 - NATURAL POLAND - Hurtowy Dystrybutor Surowc\u00f3w","og_description":"Japon kamelya tohumu ya\u011f\u0131, \u00e7ok y\u00f6nl\u00fc bak\u0131m \u00f6zellikleri olan son derece de\u011ferli bir hammaddedir. Hafif bir form\u00fcle sahiptir.","og_url":"https:\/\/naturalpoland.com\/tr\/urunler\/gida-ve-kozmetik-yaglari\/kamelya-tohumu-yagi\/","og_site_name":"NATURAL POLAND - Hurtowy Dystrybutor Surowc\u00f3w","article_publisher":"https:\/\/www.facebook.com\/naturalpoland.b2b","article_modified_time":"2025-12-22T12:17:51+00:00","og_image":[{"width":619,"height":619,"url":"https:\/\/naturalpoland.com\/wp-content\/uploads\/olej-z-nasion-kamelii.webp","type":"image\/webp"}],"schema":{"@context":"https:\/\/schema.org","@graph":[{"@type":"WebPage","@id":"https:\/\/naturalpoland.com\/tr\/urunler\/gida-ve-kozmetik-yaglari\/kamelya-tohumu-yagi\/","url":"https:\/\/naturalpoland.com\/tr\/urunler\/gida-ve-kozmetik-yaglari\/kamelya-tohumu-yagi\/","name":"Kamelya Tohumu Ya\u011f\u0131 - NATURAL POLAND - Hurtowy Dystrybutor Surowc\u00f3w","isPartOf":{"@id":"https:\/\/naturalpoland.com\/tr\/#website"},"primaryImageOfPage":{"@id":"https:\/\/naturalpoland.com\/tr\/urunler\/gida-ve-kozmetik-yaglari\/kamelya-tohumu-yagi\/#primaryimage"},"image":{"@id":"https:\/\/naturalpoland.com\/tr\/urunler\/gida-ve-kozmetik-yaglari\/kamelya-tohumu-yagi\/#primaryimage"},"thumbnailUrl":"https:\/\/naturalpoland.com\/wp-content\/uploads\/olej-z-nasion-kamelii.webp","datePublished":"2021-05-11T11:50:33+00:00","dateModified":"2025-12-22T12:17:51+00:00","description":"Japon kamelya tohumu ya\u011f\u0131, \u00e7ok y\u00f6nl\u00fc bak\u0131m \u00f6zellikleri olan son derece de\u011ferli bir hammaddedir. Hafif bir form\u00fcle sahiptir.","breadcrumb":{"@id":"https:\/\/naturalpoland.com\/tr\/urunler\/gida-ve-kozmetik-yaglari\/kamelya-tohumu-yagi\/#breadcrumb"},"inLanguage":"tr","potentialAction":[{"@type":"ReadAction","target":["https:\/\/naturalpoland.com\/tr\/urunler\/gida-ve-kozmetik-yaglari\/kamelya-tohumu-yagi\/"]}]},{"@type":"ImageObject","inLanguage":"tr","@id":"https:\/\/naturalpoland.com\/tr\/urunler\/gida-ve-kozmetik-yaglari\/kamelya-tohumu-yagi\/#primaryimage","url":"https:\/\/naturalpoland.com\/wp-content\/uploads\/olej-z-nasion-kamelii.webp","contentUrl":"https:\/\/naturalpoland.com\/wp-content\/uploads\/olej-z-nasion-kamelii.webp","width":619,"height":619,"caption":"kamelya tohumu ya\u011f\u0131"},{"@type":"BreadcrumbList","@id":"https:\/\/naturalpoland.com\/tr\/urunler\/gida-ve-kozmetik-yaglari\/kamelya-tohumu-yagi\/#breadcrumb","itemListElement":[{"@type":"ListItem","position":1,"name":"Ana Sayfa","item":"https:\/\/naturalpoland.com\/tr\/"},{"@type":"ListItem","position":2,"name":"\u00dcr\u00fcnler","item":"https:\/\/naturalpoland.com\/tr\/urunler\/"},{"@type":"ListItem","position":3,"name":"Kamelya Tohumu Ya\u011f\u0131"}]},{"@type":"WebSite","@id":"https:\/\/naturalpoland.com\/tr\/#website","url":"https:\/\/naturalpoland.com\/tr\/","name":"NATURAL POLAND - Hurtowy Dystrybutor Surowc\u00f3w","description":"Surowce dla przemys\u0142u spo\u017cywczego, kosmetycznego i farmaceutycznego","publisher":{"@id":"https:\/\/naturalpoland.com\/tr\/#organization"},"potentialAction":[{"@type":"SearchAction","target":{"@type":"EntryPoint","urlTemplate":"https:\/\/naturalpoland.com\/tr\/?s={search_term_string}"},"query-input":{"@type":"PropertyValueSpecification","valueRequired":true,"valueName":"search_term_string"}}],"inLanguage":"tr"},{"@type":"Organization","@id":"https:\/\/naturalpoland.com\/tr\/#organization","name":"Natural Poland","url":"https:\/\/naturalpoland.com\/tr\/","logo":{"@type":"ImageObject","inLanguage":"tr","@id":"https:\/\/naturalpoland.com\/tr\/#\/schema\/logo\/image\/","url":"https:\/\/naturalpoland.com\/wp-content\/uploads\/2021\/05\/natural-poland-icon.png","contentUrl":"https:\/\/naturalpoland.com\/wp-content\/uploads\/2021\/05\/natural-poland-icon.png","width":512,"height":512,"caption":"Natural Poland"},"image":{"@id":"https:\/\/naturalpoland.com\/tr\/#\/schema\/logo\/image\/"},"sameAs":["https:\/\/www.facebook.com\/naturalpoland.b2b","https:\/\/pl.linkedin.com\/company\/natural-poland","https:\/\/www.youtube.com\/channel\/UCgeGGkvOMahZo-xu_MSEWxg"]}]}},"_links":{"self":[{"href":"https:\/\/naturalpoland.com\/tr\/wp-json\/wp\/v2\/product\/44646","targetHints":{"allow":["GET"]}}],"collection":[{"href":"https:\/\/naturalpoland.com\/tr\/wp-json\/wp\/v2\/product"}],"about":[{"href":"https:\/\/naturalpoland.com\/tr\/wp-json\/wp\/v2\/types\/product"}],"wp:featuredmedia":[{"embeddable":true,"href":"https:\/\/naturalpoland.com\/tr\/wp-json\/wp\/v2\/media\/44648"}],"wp:attachment":[{"href":"https:\/\/naturalpoland.com\/tr\/wp-json\/wp\/v2\/media?parent=44646"}],"wp:term":[{"taxonomy":"product_brand","embeddable":true,"href":"https:\/\/naturalpoland.com\/tr\/wp-json\/wp\/v2\/product_brand?post=44646"},{"taxonomy":"product_cat","embeddable":true,"href":"https:\/\/naturalpoland.com\/tr\/wp-json\/wp\/v2\/product_cat?post=44646"},{"taxonomy":"product_tag","embeddable":true,"href":"https:\/\/naturalpoland.com\/tr\/wp-json\/wp\/v2\/product_tag?post=44646"}],"curies":[{"name":"wp","href":"https:\/\/api.w.org\/{rel}","templated":true}]}}