{"id":44652,"date":"2021-05-11T13:51:45","date_gmt":"2021-05-11T11:51:45","guid":{"rendered":"https:\/\/naturalpoland.com\/produkty\/kategorilenmemis\/babassu-findik-yagi\/"},"modified":"2025-12-22T13:19:04","modified_gmt":"2025-12-22T12:19:04","slug":"babassu-findik-yagi","status":"publish","type":"product","link":"https:\/\/naturalpoland.com\/tr\/urunler\/gida-ve-kozmetik-yaglari\/babassu-findik-yagi\/","title":{"rendered":"Babassu f\u0131nd\u0131k ya\u011f\u0131"},"content":{"rendered":"<p>Babassu ya\u011f\u0131, d\u00fc\u015f\u00fck peroksit de\u011ferleri (&lt;10,0 mEq O2\/kg) ve serbest ya\u011f asitleri (&lt;0,5%) ile kan\u0131tlanan y\u00fcksek kimyasal stabiliteye sahiptir. Bu sayede ac\u0131la\u015fmaya kar\u015f\u0131 diren\u00e7lidir ve \u00f6zelliklerini uzun s\u00fcre korur. <\/p>\n<p>\u00dcr\u00fcn, a\u015fa\u011f\u0131dakiler de dahil olmak \u00fczere y\u00fcksek doymu\u015f ve doymam\u0131\u015f ya\u011f asidi i\u00e7eri\u011fiyle karakterizedir:<\/p>\n<ul>\n<li><strong>Laurik asit (C12:0):<\/strong> %43,8 \u2013 g\u00fc\u00e7l\u00fc antibakteriyel, nemlendirici ve cilt ile sa\u00e7 rejenerasyonunu destekleyici \u00f6zelliklere sahiptir.<\/li>\n<li><strong>Miristik asit (C14:0):<\/strong> %16,1 \u2013 cilt ve sa\u00e7lar \u00fczerinde yumu\u015fat\u0131c\u0131 ve p\u00fcr\u00fczs\u00fczle\u015ftirici etki g\u00f6sterir.<\/li>\n<li><strong>Palmitik asit (C16:0):<\/strong> %9,2 \u2013 a\u015f\u0131r\u0131 su kayb\u0131na kar\u015f\u0131 korumadan sorumludur.<\/li>\n<li><strong>Oleik asit (C18:1):<\/strong> %14,3 \u2013 cildin nemini ve esnekli\u011fini destekleyen okl\u00fczif bir bariyer olu\u015fturur.<\/li>\n<li><strong>Linoleik asit (C18:2):<\/strong> %2,7 \u2013 ya\u015flanma kar\u015f\u0131t\u0131 ve yenileyici etki g\u00f6sterir.<\/li>\n<\/ul>\n<h2>Babassu ya\u011f\u0131n\u0131n kullan\u0131m\u0131<\/h2>\n<p>Kozmetik \u00fcr\u00fcnlerin bir bile\u015feni olarak bu ya\u011f h\u0131zla emilir ve ya\u011fl\u0131 bir film b\u0131rakmaz. Yenileyici ve koruyucu etki g\u00f6sterir, dehidrate olmu\u015f cildi nemlendirir ve rejenerasyonunu destekler. Ya\u011fda bulunan E vitamini ve fitosteroller, serbest radikalleri n\u00f6tralize ederek ya\u015flanma kar\u015f\u0131t\u0131 etki g\u00f6sterir.  <\/p>\n<p>Bu \u00fcr\u00fcn, akne, egzama ve di\u011fer dermatolojik sorunlar\u0131n tedavisinde kullan\u0131lan kozmetiklerin pop\u00fcler bir bile\u015fenidir. Ayr\u0131ca atopik ve hassas ciltler i\u00e7in tasarlanm\u0131\u015f preparatlarda ve k\u00fc\u00e7\u00fck yaralar\u0131n iyile\u015fmesini desteklemek ve iltihaplanmay\u0131 hafifletmek i\u00e7in kullan\u0131l\u0131r. <\/p>\n<p>Babassu ya\u011f\u0131 ayn\u0131 zamanda sa\u00e7 ya\u011flama \u00fcr\u00fcn\u00fc olarak da kullan\u0131l\u0131r. Laurik asit i\u00e7eri\u011fi sayesinde sa\u00e7 yap\u0131s\u0131na etkili bir \u015fekilde n\u00fcfuz eder. \u00d6zellikle kuru, mat ve i\u015flemlerden zarar g\u00f6rm\u00fc\u015f sa\u00e7lar i\u00e7in \u00f6nerilir.  <\/p>\n","protected":false},"excerpt":{"rendered":"<p><strong>Babassu f\u0131nd\u0131k ya\u011f\u0131<\/strong>, \u00e7o\u011funlukla Brezilya&#8217;n\u0131n Amazon b\u00f6lgelerinde yeti\u015fen babassu palmiyesinin (<em>Orbignya oleifera<\/em>) tohumlar\u0131ndan so\u011fuk pres y\u00f6ntemiyle elde edilir.<\/p>\n","protected":false},"featured_media":44654,"template":"","meta":{"_acf_changed":false},"product_brand":[],"product_cat":[9532],"product_tag":[9920],"class_list":{"0":"post-44652","1":"product","2":"type-product","3":"status-publish","4":"has-post-thumbnail","6":"product_cat-gida-ve-kozmetik-yaglari","7":"product_tag-findik-yagi","8":"pa_metoda-pozyskiwania-presleme-ve-rafinasyon","10":"first","11":"instock","12":"shipping-taxable","13":"product-type-simple"},"acf":[],"yoast_head":"<!-- This site is optimized with the Yoast SEO plugin v27.5 - https:\/\/yoast.com\/product\/yoast-seo-wordpress\/ -->\n<title>Babassu f\u0131nd\u0131k ya\u011f\u0131 - Toptan Hammadde Distrib\u00fct\u00f6r\u00fc - NATURAL POLAND - Hurtowy Dystrybutor Surowc\u00f3w<\/title>\n<meta name=\"description\" content=\"Babassu f\u0131nd\u0131k ya\u011f\u0131, \u00e7o\u011funlukla Brezilya&#039;n\u0131n Amazon b\u00f6lgelerinde yeti\u015fen babassu palmiyesinin (Orbignya oleifera) tohumlar\u0131ndan elde edilen \u00f6zel bir hammaddedir.\" \/>\n<meta name=\"robots\" content=\"index, follow, max-snippet:-1, max-image-preview:large, max-video-preview:-1\" \/>\n<link rel=\"canonical\" href=\"https:\/\/naturalpoland.com\/tr\/urunler\/gida-ve-kozmetik-yaglari\/babassu-findik-yagi\/\" \/>\n<meta property=\"og:locale\" content=\"tr_TR\" \/>\n<meta property=\"og:type\" content=\"article\" \/>\n<meta property=\"og:title\" content=\"Babassu f\u0131nd\u0131k ya\u011f\u0131 - Toptan Hammadde Distrib\u00fct\u00f6r\u00fc - NATURAL POLAND - Hurtowy Dystrybutor Surowc\u00f3w\" \/>\n<meta property=\"og:description\" content=\"Babassu f\u0131nd\u0131k ya\u011f\u0131, \u00e7o\u011funlukla Brezilya&#039;n\u0131n Amazon b\u00f6lgelerinde yeti\u015fen babassu palmiyesinin (Orbignya oleifera) tohumlar\u0131ndan elde edilen \u00f6zel bir hammaddedir.\" \/>\n<meta property=\"og:url\" content=\"https:\/\/naturalpoland.com\/tr\/urunler\/gida-ve-kozmetik-yaglari\/babassu-findik-yagi\/\" \/>\n<meta property=\"og:site_name\" content=\"NATURAL POLAND - Hurtowy Dystrybutor Surowc\u00f3w\" \/>\n<meta property=\"article:publisher\" content=\"https:\/\/www.facebook.com\/naturalpoland.b2b\" \/>\n<meta property=\"article:modified_time\" content=\"2025-12-22T12:19:04+00:00\" \/>\n<meta property=\"og:image\" content=\"https:\/\/naturalpoland.com\/wp-content\/uploads\/olej-babassu.webp\" \/>\n\t<meta property=\"og:image:width\" content=\"614\" \/>\n\t<meta property=\"og:image:height\" content=\"614\" \/>\n\t<meta property=\"og:image:type\" content=\"image\/webp\" \/>\n<script type=\"application\/ld+json\" class=\"yoast-schema-graph\">{\"@context\":\"https:\\\/\\\/schema.org\",\"@graph\":[{\"@type\":\"WebPage\",\"@id\":\"https:\\\/\\\/naturalpoland.com\\\/tr\\\/urunler\\\/gida-ve-kozmetik-yaglari\\\/babassu-findik-yagi\\\/\",\"url\":\"https:\\\/\\\/naturalpoland.com\\\/tr\\\/urunler\\\/gida-ve-kozmetik-yaglari\\\/babassu-findik-yagi\\\/\",\"name\":\"Babassu f\u0131nd\u0131k ya\u011f\u0131 - Toptan Hammadde Distrib\u00fct\u00f6r\u00fc - NATURAL POLAND - Hurtowy Dystrybutor Surowc\u00f3w\",\"isPartOf\":{\"@id\":\"https:\\\/\\\/naturalpoland.com\\\/tr\\\/#website\"},\"primaryImageOfPage\":{\"@id\":\"https:\\\/\\\/naturalpoland.com\\\/tr\\\/urunler\\\/gida-ve-kozmetik-yaglari\\\/babassu-findik-yagi\\\/#primaryimage\"},\"image\":{\"@id\":\"https:\\\/\\\/naturalpoland.com\\\/tr\\\/urunler\\\/gida-ve-kozmetik-yaglari\\\/babassu-findik-yagi\\\/#primaryimage\"},\"thumbnailUrl\":\"https:\\\/\\\/naturalpoland.com\\\/wp-content\\\/uploads\\\/olej-babassu.webp\",\"datePublished\":\"2021-05-11T11:51:45+00:00\",\"dateModified\":\"2025-12-22T12:19:04+00:00\",\"description\":\"Babassu f\u0131nd\u0131k ya\u011f\u0131, \u00e7o\u011funlukla Brezilya'n\u0131n Amazon b\u00f6lgelerinde yeti\u015fen babassu palmiyesinin (Orbignya oleifera) tohumlar\u0131ndan elde edilen \u00f6zel bir hammaddedir.\",\"breadcrumb\":{\"@id\":\"https:\\\/\\\/naturalpoland.com\\\/tr\\\/urunler\\\/gida-ve-kozmetik-yaglari\\\/babassu-findik-yagi\\\/#breadcrumb\"},\"inLanguage\":\"tr\",\"potentialAction\":[{\"@type\":\"ReadAction\",\"target\":[\"https:\\\/\\\/naturalpoland.com\\\/tr\\\/urunler\\\/gida-ve-kozmetik-yaglari\\\/babassu-findik-yagi\\\/\"]}]},{\"@type\":\"ImageObject\",\"inLanguage\":\"tr\",\"@id\":\"https:\\\/\\\/naturalpoland.com\\\/tr\\\/urunler\\\/gida-ve-kozmetik-yaglari\\\/babassu-findik-yagi\\\/#primaryimage\",\"url\":\"https:\\\/\\\/naturalpoland.com\\\/wp-content\\\/uploads\\\/olej-babassu.webp\",\"contentUrl\":\"https:\\\/\\\/naturalpoland.com\\\/wp-content\\\/uploads\\\/olej-babassu.webp\",\"width\":614,\"height\":614,\"caption\":\"babassu ya\u011f\u0131\"},{\"@type\":\"BreadcrumbList\",\"@id\":\"https:\\\/\\\/naturalpoland.com\\\/tr\\\/urunler\\\/gida-ve-kozmetik-yaglari\\\/babassu-findik-yagi\\\/#breadcrumb\",\"itemListElement\":[{\"@type\":\"ListItem\",\"position\":1,\"name\":\"Ana Sayfa\",\"item\":\"https:\\\/\\\/naturalpoland.com\\\/tr\\\/\"},{\"@type\":\"ListItem\",\"position\":2,\"name\":\"\u00dcr\u00fcnler\",\"item\":\"https:\\\/\\\/naturalpoland.com\\\/tr\\\/urunler\\\/\"},{\"@type\":\"ListItem\",\"position\":3,\"name\":\"Babassu f\u0131nd\u0131k ya\u011f\u0131\"}]},{\"@type\":\"WebSite\",\"@id\":\"https:\\\/\\\/naturalpoland.com\\\/tr\\\/#website\",\"url\":\"https:\\\/\\\/naturalpoland.com\\\/tr\\\/\",\"name\":\"NATURAL POLAND - Hurtowy Dystrybutor Surowc\u00f3w\",\"description\":\"Surowce dla przemys\u0142u spo\u017cywczego, kosmetycznego i farmaceutycznego\",\"publisher\":{\"@id\":\"https:\\\/\\\/naturalpoland.com\\\/tr\\\/#organization\"},\"potentialAction\":[{\"@type\":\"SearchAction\",\"target\":{\"@type\":\"EntryPoint\",\"urlTemplate\":\"https:\\\/\\\/naturalpoland.com\\\/tr\\\/?s={search_term_string}\"},\"query-input\":{\"@type\":\"PropertyValueSpecification\",\"valueRequired\":true,\"valueName\":\"search_term_string\"}}],\"inLanguage\":\"tr\"},{\"@type\":\"Organization\",\"@id\":\"https:\\\/\\\/naturalpoland.com\\\/tr\\\/#organization\",\"name\":\"Natural Poland\",\"url\":\"https:\\\/\\\/naturalpoland.com\\\/tr\\\/\",\"logo\":{\"@type\":\"ImageObject\",\"inLanguage\":\"tr\",\"@id\":\"https:\\\/\\\/naturalpoland.com\\\/tr\\\/#\\\/schema\\\/logo\\\/image\\\/\",\"url\":\"https:\\\/\\\/naturalpoland.com\\\/wp-content\\\/uploads\\\/2021\\\/05\\\/natural-poland-icon.png\",\"contentUrl\":\"https:\\\/\\\/naturalpoland.com\\\/wp-content\\\/uploads\\\/2021\\\/05\\\/natural-poland-icon.png\",\"width\":512,\"height\":512,\"caption\":\"Natural Poland\"},\"image\":{\"@id\":\"https:\\\/\\\/naturalpoland.com\\\/tr\\\/#\\\/schema\\\/logo\\\/image\\\/\"},\"sameAs\":[\"https:\\\/\\\/www.facebook.com\\\/naturalpoland.b2b\",\"https:\\\/\\\/pl.linkedin.com\\\/company\\\/natural-poland\",\"https:\\\/\\\/www.youtube.com\\\/channel\\\/UCgeGGkvOMahZo-xu_MSEWxg\"]}]}<\/script>\n<!-- \/ Yoast SEO plugin. -->","yoast_head_json":{"title":"Babassu f\u0131nd\u0131k ya\u011f\u0131 - Toptan Hammadde Distrib\u00fct\u00f6r\u00fc - NATURAL POLAND - Hurtowy Dystrybutor Surowc\u00f3w","description":"Babassu f\u0131nd\u0131k ya\u011f\u0131, \u00e7o\u011funlukla Brezilya'n\u0131n Amazon b\u00f6lgelerinde yeti\u015fen babassu palmiyesinin (Orbignya oleifera) tohumlar\u0131ndan elde edilen \u00f6zel bir hammaddedir.","robots":{"index":"index","follow":"follow","max-snippet":"max-snippet:-1","max-image-preview":"max-image-preview:large","max-video-preview":"max-video-preview:-1"},"canonical":"https:\/\/naturalpoland.com\/tr\/urunler\/gida-ve-kozmetik-yaglari\/babassu-findik-yagi\/","og_locale":"tr_TR","og_type":"article","og_title":"Babassu f\u0131nd\u0131k ya\u011f\u0131 - Toptan Hammadde Distrib\u00fct\u00f6r\u00fc - NATURAL POLAND - Hurtowy Dystrybutor Surowc\u00f3w","og_description":"Babassu f\u0131nd\u0131k ya\u011f\u0131, \u00e7o\u011funlukla Brezilya'n\u0131n Amazon b\u00f6lgelerinde yeti\u015fen babassu palmiyesinin (Orbignya oleifera) tohumlar\u0131ndan elde edilen \u00f6zel bir hammaddedir.","og_url":"https:\/\/naturalpoland.com\/tr\/urunler\/gida-ve-kozmetik-yaglari\/babassu-findik-yagi\/","og_site_name":"NATURAL POLAND - Hurtowy Dystrybutor Surowc\u00f3w","article_publisher":"https:\/\/www.facebook.com\/naturalpoland.b2b","article_modified_time":"2025-12-22T12:19:04+00:00","og_image":[{"width":614,"height":614,"url":"https:\/\/naturalpoland.com\/wp-content\/uploads\/olej-babassu.webp","type":"image\/webp"}],"schema":{"@context":"https:\/\/schema.org","@graph":[{"@type":"WebPage","@id":"https:\/\/naturalpoland.com\/tr\/urunler\/gida-ve-kozmetik-yaglari\/babassu-findik-yagi\/","url":"https:\/\/naturalpoland.com\/tr\/urunler\/gida-ve-kozmetik-yaglari\/babassu-findik-yagi\/","name":"Babassu f\u0131nd\u0131k ya\u011f\u0131 - Toptan Hammadde Distrib\u00fct\u00f6r\u00fc - NATURAL POLAND - Hurtowy Dystrybutor Surowc\u00f3w","isPartOf":{"@id":"https:\/\/naturalpoland.com\/tr\/#website"},"primaryImageOfPage":{"@id":"https:\/\/naturalpoland.com\/tr\/urunler\/gida-ve-kozmetik-yaglari\/babassu-findik-yagi\/#primaryimage"},"image":{"@id":"https:\/\/naturalpoland.com\/tr\/urunler\/gida-ve-kozmetik-yaglari\/babassu-findik-yagi\/#primaryimage"},"thumbnailUrl":"https:\/\/naturalpoland.com\/wp-content\/uploads\/olej-babassu.webp","datePublished":"2021-05-11T11:51:45+00:00","dateModified":"2025-12-22T12:19:04+00:00","description":"Babassu f\u0131nd\u0131k ya\u011f\u0131, \u00e7o\u011funlukla Brezilya'n\u0131n Amazon b\u00f6lgelerinde yeti\u015fen babassu palmiyesinin (Orbignya oleifera) tohumlar\u0131ndan elde edilen \u00f6zel bir hammaddedir.","breadcrumb":{"@id":"https:\/\/naturalpoland.com\/tr\/urunler\/gida-ve-kozmetik-yaglari\/babassu-findik-yagi\/#breadcrumb"},"inLanguage":"tr","potentialAction":[{"@type":"ReadAction","target":["https:\/\/naturalpoland.com\/tr\/urunler\/gida-ve-kozmetik-yaglari\/babassu-findik-yagi\/"]}]},{"@type":"ImageObject","inLanguage":"tr","@id":"https:\/\/naturalpoland.com\/tr\/urunler\/gida-ve-kozmetik-yaglari\/babassu-findik-yagi\/#primaryimage","url":"https:\/\/naturalpoland.com\/wp-content\/uploads\/olej-babassu.webp","contentUrl":"https:\/\/naturalpoland.com\/wp-content\/uploads\/olej-babassu.webp","width":614,"height":614,"caption":"babassu ya\u011f\u0131"},{"@type":"BreadcrumbList","@id":"https:\/\/naturalpoland.com\/tr\/urunler\/gida-ve-kozmetik-yaglari\/babassu-findik-yagi\/#breadcrumb","itemListElement":[{"@type":"ListItem","position":1,"name":"Ana Sayfa","item":"https:\/\/naturalpoland.com\/tr\/"},{"@type":"ListItem","position":2,"name":"\u00dcr\u00fcnler","item":"https:\/\/naturalpoland.com\/tr\/urunler\/"},{"@type":"ListItem","position":3,"name":"Babassu f\u0131nd\u0131k ya\u011f\u0131"}]},{"@type":"WebSite","@id":"https:\/\/naturalpoland.com\/tr\/#website","url":"https:\/\/naturalpoland.com\/tr\/","name":"NATURAL POLAND - Hurtowy Dystrybutor Surowc\u00f3w","description":"Surowce dla przemys\u0142u spo\u017cywczego, kosmetycznego i farmaceutycznego","publisher":{"@id":"https:\/\/naturalpoland.com\/tr\/#organization"},"potentialAction":[{"@type":"SearchAction","target":{"@type":"EntryPoint","urlTemplate":"https:\/\/naturalpoland.com\/tr\/?s={search_term_string}"},"query-input":{"@type":"PropertyValueSpecification","valueRequired":true,"valueName":"search_term_string"}}],"inLanguage":"tr"},{"@type":"Organization","@id":"https:\/\/naturalpoland.com\/tr\/#organization","name":"Natural Poland","url":"https:\/\/naturalpoland.com\/tr\/","logo":{"@type":"ImageObject","inLanguage":"tr","@id":"https:\/\/naturalpoland.com\/tr\/#\/schema\/logo\/image\/","url":"https:\/\/naturalpoland.com\/wp-content\/uploads\/2021\/05\/natural-poland-icon.png","contentUrl":"https:\/\/naturalpoland.com\/wp-content\/uploads\/2021\/05\/natural-poland-icon.png","width":512,"height":512,"caption":"Natural Poland"},"image":{"@id":"https:\/\/naturalpoland.com\/tr\/#\/schema\/logo\/image\/"},"sameAs":["https:\/\/www.facebook.com\/naturalpoland.b2b","https:\/\/pl.linkedin.com\/company\/natural-poland","https:\/\/www.youtube.com\/channel\/UCgeGGkvOMahZo-xu_MSEWxg"]}]}},"_links":{"self":[{"href":"https:\/\/naturalpoland.com\/tr\/wp-json\/wp\/v2\/product\/44652","targetHints":{"allow":["GET"]}}],"collection":[{"href":"https:\/\/naturalpoland.com\/tr\/wp-json\/wp\/v2\/product"}],"about":[{"href":"https:\/\/naturalpoland.com\/tr\/wp-json\/wp\/v2\/types\/product"}],"wp:featuredmedia":[{"embeddable":true,"href":"https:\/\/naturalpoland.com\/tr\/wp-json\/wp\/v2\/media\/44654"}],"wp:attachment":[{"href":"https:\/\/naturalpoland.com\/tr\/wp-json\/wp\/v2\/media?parent=44652"}],"wp:term":[{"taxonomy":"product_brand","embeddable":true,"href":"https:\/\/naturalpoland.com\/tr\/wp-json\/wp\/v2\/product_brand?post=44652"},{"taxonomy":"product_cat","embeddable":true,"href":"https:\/\/naturalpoland.com\/tr\/wp-json\/wp\/v2\/product_cat?post=44652"},{"taxonomy":"product_tag","embeddable":true,"href":"https:\/\/naturalpoland.com\/tr\/wp-json\/wp\/v2\/product_tag?post=44652"}],"curies":[{"name":"wp","href":"https:\/\/api.w.org\/{rel}","templated":true}]}}