{"id":44655,"date":"2021-05-21T10:51:01","date_gmt":"2021-05-21T08:51:01","guid":{"rendered":"https:\/\/naturalpoland.com\/produkty\/kategorilenmemis\/alfa-arbutin\/"},"modified":"2025-12-22T13:19:26","modified_gmt":"2025-12-22T12:19:26","slug":"alfa-arbutin","status":"publish","type":"product","link":"https:\/\/naturalpoland.com\/tr\/urunler\/kozmetik-hammaddeleri\/kozmetik-hammaddeleri-2\/alfa-arbutin\/","title":{"rendered":"Alfa arbutin"},"content":{"rendered":"<h2>Alfa arbutinin etkisi<\/h2>\n<p>Alfa arbutin, cilt ayd\u0131nlatmada y\u00fcksek etkinli\u011fe sahip saf, suda \u00e7\u00f6z\u00fcn\u00fcr aktif bir bile\u015fendir. Hiperpigmentasyona, \u00e7illere ve bronzla\u015fmaya neden olan pigment melaninin \u00fcretiminden sorumlu tirozinaz enziminin aktivitesini inhibe ederek \u00e7al\u0131\u015f\u0131r. Bu sayede:  <\/p>\n<ul data-start=\"871\" data-end=\"1079\">\n<li data-start=\"871\" data-end=\"919\">\n<p data-start=\"873\" data-end=\"919\"><strong data-start=\"873\" data-end=\"917\">cildi ayd\u0131nlat\u0131r ve cilt tonunu e\u015fitler<\/strong><\/p>\n<\/li>\n<li data-start=\"920\" data-end=\"999\">\n<p data-start=\"922\" data-end=\"999\"><strong data-start=\"922\" data-end=\"997\">g\u00fcne\u015f lekelerini, \u00e7illeri ve ya\u015fl\u0131l\u0131k lekelerini azalt\u0131r<\/strong><\/p>\n<\/li>\n<li data-start=\"1000\" data-end=\"1079\">\n<p data-start=\"1002\" data-end=\"1079\"><strong data-start=\"1002\" data-end=\"1079\">cildin parlakl\u0131\u011f\u0131n\u0131 art\u0131r\u0131r ve UV maruziyeti sonras\u0131 bronzla\u015fma etkilerini minimize eder<\/strong><\/p>\n<\/li>\n<\/ul>\n<p data-start=\"1081\" data-end=\"1110\">Beta-arbutin ile kar\u015f\u0131la\u015ft\u0131r\u0131ld\u0131\u011f\u0131nda:<\/p>\n<ul data-start=\"1111\" data-end=\"1353\">\n<li data-start=\"1111\" data-end=\"1207\">\n<p data-start=\"1113\" data-end=\"1207\"><strong data-start=\"1116\" data-end=\"1171\">Tirozinaz inhibisyonunda 10 kat daha y\u00fcksek etkinli\u011fe<\/strong> sahiptir (in vitro ve in vivo olarak kan\u0131tlanm\u0131\u015ft\u0131r)<\/p>\n<\/li>\n<li data-start=\"1208\" data-end=\"1261\">\n<p data-start=\"1210\" data-end=\"1261\"><strong data-start=\"1219\" data-end=\"1249\">\u00d6nemli \u00f6l\u00e7\u00fcde daha y\u00fcksek kimyasal stabilite<\/strong> g\u00f6sterir<\/p>\n<\/li>\n<li data-start=\"1262\" data-end=\"1353\">\n<p data-start=\"1264\" data-end=\"1353\">1 mmol\/L konsantrasyonda <strong data-start=\"1264\" data-end=\"1294\">h\u00fccre b\u00fcy\u00fcmesini engellemez<\/strong>, bu da g\u00fcvenli\u011fini g\u00f6sterir<\/p>\n<\/li>\n<\/ul>\n<h2>Kullan\u0131m alanlar\u0131<\/h2>\n<p data-start=\"1382\" data-end=\"1435\">Alpha-Arbutin, <span style=\"font-size: 14.4px;\">y\u00fcz ve v\u00fccut cildini ayd\u0131nlat\u0131c\u0131 kozmetiklerde ve h<\/span><span style=\"font-size: 14.4px;\">iperpigmentasyona kar\u015f\u0131 (g\u00fcne\u015f, ya\u015fl\u0131l\u0131k, hormonal) \u00fcr\u00fcnlerde kullan\u0131m alan\u0131 bulur. Alfa arbutin ayr\u0131ca <\/span><span style=\"font-size: 14.4px;\">e\u015fitsiz cilt tonuna sahip cildin bak\u0131m\u0131nda ve<\/span> <span style=\"font-size: 14.4px;\">beyazlat\u0131c\u0131 ve depigmentasyon kozmetiklerinde (OTC ve profesyonel) kullan\u0131l\u0131r<\/span><\/p>\n<p data-start=\"1666\" data-end=\"1760\">Kozmetik form\u00fclasyonlar\u0131n sulu faz\u0131na kolayca dahil edilebilir: kremler, serumlar, em\u00fclsiyonlar ve tonikler.<\/p>\n","protected":false},"excerpt":{"rendered":"<p>Natural Poland, y\u00fcksek kaliteli <strong>Alfa-arbutinin (\u03b1-Arbutin)<\/strong> toptan distrib\u00fct\u00f6r\u00fcd\u00fcr. Bu \u00fcr\u00fcn modern kozmetik \u00fcr\u00fcnlerde kullan\u0131m alan\u0131 bulur.  Cilt ayd\u0131nlat\u0131c\u0131 etki g\u00f6sterir.<\/p>\n","protected":false},"featured_media":44656,"template":"","meta":{"_acf_changed":false},"product_brand":[],"product_cat":[9557],"product_tag":[],"class_list":{"0":"post-44655","1":"product","2":"type-product","3":"status-publish","4":"has-post-thumbnail","6":"product_cat-kozmetik-hammaddeleri-2","8":"first","9":"instock","10":"shipping-taxable","11":"product-type-simple"},"acf":[],"yoast_head":"<!-- This site is optimized with the Yoast SEO plugin v27.5 - https:\/\/yoast.com\/product\/yoast-seo-wordpress\/ -->\n<title>Alfa arbutin - Hurtowy Dystrybutor<\/title>\n<meta name=\"description\" content=\"Alfa arbutin, hiperpigmentasyona neden olan pigment melaninin \u00fcretiminden sorumlu tirozinaz enziminin aktivitesini inhibe ederek \u00e7al\u0131\u015f\u0131r.\" \/>\n<meta name=\"robots\" content=\"index, follow, max-snippet:-1, max-image-preview:large, max-video-preview:-1\" \/>\n<link rel=\"canonical\" href=\"https:\/\/naturalpoland.com\/tr\/urunler\/kozmetik-hammaddeleri\/kozmetik-hammaddeleri-2\/alfa-arbutin\/\" \/>\n<meta property=\"og:locale\" content=\"tr_TR\" \/>\n<meta property=\"og:type\" content=\"article\" \/>\n<meta property=\"og:title\" content=\"Alfa arbutin - Hurtowy Dystrybutor\" \/>\n<meta property=\"og:description\" content=\"Alfa arbutin, hiperpigmentasyona neden olan pigment melaninin \u00fcretiminden sorumlu tirozinaz enziminin aktivitesini inhibe ederek \u00e7al\u0131\u015f\u0131r.\" \/>\n<meta property=\"og:url\" content=\"https:\/\/naturalpoland.com\/tr\/urunler\/kozmetik-hammaddeleri\/kozmetik-hammaddeleri-2\/alfa-arbutin\/\" \/>\n<meta property=\"og:site_name\" content=\"NATURAL POLAND - Hurtowy Dystrybutor Surowc\u00f3w\" \/>\n<meta property=\"article:publisher\" content=\"https:\/\/www.facebook.com\/naturalpoland.b2b\" \/>\n<meta property=\"article:modified_time\" content=\"2025-12-22T12:19:26+00:00\" \/>\n<meta property=\"og:image\" content=\"https:\/\/naturalpoland.com\/wp-content\/uploads\/alfa-arbutyna.jpg\" \/>\n\t<meta property=\"og:image:width\" content=\"472\" \/>\n\t<meta property=\"og:image:height\" content=\"418\" \/>\n\t<meta property=\"og:image:type\" content=\"image\/jpeg\" \/>\n<script type=\"application\/ld+json\" class=\"yoast-schema-graph\">{\"@context\":\"https:\\\/\\\/schema.org\",\"@graph\":[{\"@type\":\"WebPage\",\"@id\":\"https:\\\/\\\/naturalpoland.com\\\/tr\\\/urunler\\\/kozmetik-hammaddeleri\\\/kozmetik-hammaddeleri-2\\\/alfa-arbutin\\\/\",\"url\":\"https:\\\/\\\/naturalpoland.com\\\/tr\\\/urunler\\\/kozmetik-hammaddeleri\\\/kozmetik-hammaddeleri-2\\\/alfa-arbutin\\\/\",\"name\":\"Alfa arbutin - Hurtowy Dystrybutor\",\"isPartOf\":{\"@id\":\"https:\\\/\\\/naturalpoland.com\\\/tr\\\/#website\"},\"primaryImageOfPage\":{\"@id\":\"https:\\\/\\\/naturalpoland.com\\\/tr\\\/urunler\\\/kozmetik-hammaddeleri\\\/kozmetik-hammaddeleri-2\\\/alfa-arbutin\\\/#primaryimage\"},\"image\":{\"@id\":\"https:\\\/\\\/naturalpoland.com\\\/tr\\\/urunler\\\/kozmetik-hammaddeleri\\\/kozmetik-hammaddeleri-2\\\/alfa-arbutin\\\/#primaryimage\"},\"thumbnailUrl\":\"https:\\\/\\\/naturalpoland.com\\\/wp-content\\\/uploads\\\/alfa-arbutyna.jpg\",\"datePublished\":\"2021-05-21T08:51:01+00:00\",\"dateModified\":\"2025-12-22T12:19:26+00:00\",\"description\":\"Alfa arbutin, hiperpigmentasyona neden olan pigment melaninin \u00fcretiminden sorumlu tirozinaz enziminin aktivitesini inhibe ederek \u00e7al\u0131\u015f\u0131r.\",\"breadcrumb\":{\"@id\":\"https:\\\/\\\/naturalpoland.com\\\/tr\\\/urunler\\\/kozmetik-hammaddeleri\\\/kozmetik-hammaddeleri-2\\\/alfa-arbutin\\\/#breadcrumb\"},\"inLanguage\":\"tr\",\"potentialAction\":[{\"@type\":\"ReadAction\",\"target\":[\"https:\\\/\\\/naturalpoland.com\\\/tr\\\/urunler\\\/kozmetik-hammaddeleri\\\/kozmetik-hammaddeleri-2\\\/alfa-arbutin\\\/\"]}]},{\"@type\":\"ImageObject\",\"inLanguage\":\"tr\",\"@id\":\"https:\\\/\\\/naturalpoland.com\\\/tr\\\/urunler\\\/kozmetik-hammaddeleri\\\/kozmetik-hammaddeleri-2\\\/alfa-arbutin\\\/#primaryimage\",\"url\":\"https:\\\/\\\/naturalpoland.com\\\/wp-content\\\/uploads\\\/alfa-arbutyna.jpg\",\"contentUrl\":\"https:\\\/\\\/naturalpoland.com\\\/wp-content\\\/uploads\\\/alfa-arbutyna.jpg\",\"width\":472,\"height\":418,\"caption\":\"alfa-arbutin toptan\"},{\"@type\":\"BreadcrumbList\",\"@id\":\"https:\\\/\\\/naturalpoland.com\\\/tr\\\/urunler\\\/kozmetik-hammaddeleri\\\/kozmetik-hammaddeleri-2\\\/alfa-arbutin\\\/#breadcrumb\",\"itemListElement\":[{\"@type\":\"ListItem\",\"position\":1,\"name\":\"Ana Sayfa\",\"item\":\"https:\\\/\\\/naturalpoland.com\\\/tr\\\/\"},{\"@type\":\"ListItem\",\"position\":2,\"name\":\"\u00dcr\u00fcnler\",\"item\":\"https:\\\/\\\/naturalpoland.com\\\/tr\\\/urunler\\\/\"},{\"@type\":\"ListItem\",\"position\":3,\"name\":\"Alfa arbutin\"}]},{\"@type\":\"WebSite\",\"@id\":\"https:\\\/\\\/naturalpoland.com\\\/tr\\\/#website\",\"url\":\"https:\\\/\\\/naturalpoland.com\\\/tr\\\/\",\"name\":\"NATURAL POLAND - Hurtowy Dystrybutor Surowc\u00f3w\",\"description\":\"Surowce dla przemys\u0142u spo\u017cywczego, kosmetycznego i farmaceutycznego\",\"publisher\":{\"@id\":\"https:\\\/\\\/naturalpoland.com\\\/tr\\\/#organization\"},\"potentialAction\":[{\"@type\":\"SearchAction\",\"target\":{\"@type\":\"EntryPoint\",\"urlTemplate\":\"https:\\\/\\\/naturalpoland.com\\\/tr\\\/?s={search_term_string}\"},\"query-input\":{\"@type\":\"PropertyValueSpecification\",\"valueRequired\":true,\"valueName\":\"search_term_string\"}}],\"inLanguage\":\"tr\"},{\"@type\":\"Organization\",\"@id\":\"https:\\\/\\\/naturalpoland.com\\\/tr\\\/#organization\",\"name\":\"Natural Poland\",\"url\":\"https:\\\/\\\/naturalpoland.com\\\/tr\\\/\",\"logo\":{\"@type\":\"ImageObject\",\"inLanguage\":\"tr\",\"@id\":\"https:\\\/\\\/naturalpoland.com\\\/tr\\\/#\\\/schema\\\/logo\\\/image\\\/\",\"url\":\"https:\\\/\\\/naturalpoland.com\\\/wp-content\\\/uploads\\\/2021\\\/05\\\/natural-poland-icon.png\",\"contentUrl\":\"https:\\\/\\\/naturalpoland.com\\\/wp-content\\\/uploads\\\/2021\\\/05\\\/natural-poland-icon.png\",\"width\":512,\"height\":512,\"caption\":\"Natural Poland\"},\"image\":{\"@id\":\"https:\\\/\\\/naturalpoland.com\\\/tr\\\/#\\\/schema\\\/logo\\\/image\\\/\"},\"sameAs\":[\"https:\\\/\\\/www.facebook.com\\\/naturalpoland.b2b\",\"https:\\\/\\\/pl.linkedin.com\\\/company\\\/natural-poland\",\"https:\\\/\\\/www.youtube.com\\\/channel\\\/UCgeGGkvOMahZo-xu_MSEWxg\"]}]}<\/script>\n<!-- \/ Yoast SEO plugin. -->","yoast_head_json":{"title":"Alfa arbutin - Hurtowy Dystrybutor","description":"Alfa arbutin, hiperpigmentasyona neden olan pigment melaninin \u00fcretiminden sorumlu tirozinaz enziminin aktivitesini inhibe ederek \u00e7al\u0131\u015f\u0131r.","robots":{"index":"index","follow":"follow","max-snippet":"max-snippet:-1","max-image-preview":"max-image-preview:large","max-video-preview":"max-video-preview:-1"},"canonical":"https:\/\/naturalpoland.com\/tr\/urunler\/kozmetik-hammaddeleri\/kozmetik-hammaddeleri-2\/alfa-arbutin\/","og_locale":"tr_TR","og_type":"article","og_title":"Alfa arbutin - Hurtowy Dystrybutor","og_description":"Alfa arbutin, hiperpigmentasyona neden olan pigment melaninin \u00fcretiminden sorumlu tirozinaz enziminin aktivitesini inhibe ederek \u00e7al\u0131\u015f\u0131r.","og_url":"https:\/\/naturalpoland.com\/tr\/urunler\/kozmetik-hammaddeleri\/kozmetik-hammaddeleri-2\/alfa-arbutin\/","og_site_name":"NATURAL POLAND - Hurtowy Dystrybutor Surowc\u00f3w","article_publisher":"https:\/\/www.facebook.com\/naturalpoland.b2b","article_modified_time":"2025-12-22T12:19:26+00:00","og_image":[{"width":472,"height":418,"url":"https:\/\/naturalpoland.com\/wp-content\/uploads\/alfa-arbutyna.jpg","type":"image\/jpeg"}],"schema":{"@context":"https:\/\/schema.org","@graph":[{"@type":"WebPage","@id":"https:\/\/naturalpoland.com\/tr\/urunler\/kozmetik-hammaddeleri\/kozmetik-hammaddeleri-2\/alfa-arbutin\/","url":"https:\/\/naturalpoland.com\/tr\/urunler\/kozmetik-hammaddeleri\/kozmetik-hammaddeleri-2\/alfa-arbutin\/","name":"Alfa arbutin - Hurtowy Dystrybutor","isPartOf":{"@id":"https:\/\/naturalpoland.com\/tr\/#website"},"primaryImageOfPage":{"@id":"https:\/\/naturalpoland.com\/tr\/urunler\/kozmetik-hammaddeleri\/kozmetik-hammaddeleri-2\/alfa-arbutin\/#primaryimage"},"image":{"@id":"https:\/\/naturalpoland.com\/tr\/urunler\/kozmetik-hammaddeleri\/kozmetik-hammaddeleri-2\/alfa-arbutin\/#primaryimage"},"thumbnailUrl":"https:\/\/naturalpoland.com\/wp-content\/uploads\/alfa-arbutyna.jpg","datePublished":"2021-05-21T08:51:01+00:00","dateModified":"2025-12-22T12:19:26+00:00","description":"Alfa arbutin, hiperpigmentasyona neden olan pigment melaninin \u00fcretiminden sorumlu tirozinaz enziminin aktivitesini inhibe ederek \u00e7al\u0131\u015f\u0131r.","breadcrumb":{"@id":"https:\/\/naturalpoland.com\/tr\/urunler\/kozmetik-hammaddeleri\/kozmetik-hammaddeleri-2\/alfa-arbutin\/#breadcrumb"},"inLanguage":"tr","potentialAction":[{"@type":"ReadAction","target":["https:\/\/naturalpoland.com\/tr\/urunler\/kozmetik-hammaddeleri\/kozmetik-hammaddeleri-2\/alfa-arbutin\/"]}]},{"@type":"ImageObject","inLanguage":"tr","@id":"https:\/\/naturalpoland.com\/tr\/urunler\/kozmetik-hammaddeleri\/kozmetik-hammaddeleri-2\/alfa-arbutin\/#primaryimage","url":"https:\/\/naturalpoland.com\/wp-content\/uploads\/alfa-arbutyna.jpg","contentUrl":"https:\/\/naturalpoland.com\/wp-content\/uploads\/alfa-arbutyna.jpg","width":472,"height":418,"caption":"alfa-arbutin toptan"},{"@type":"BreadcrumbList","@id":"https:\/\/naturalpoland.com\/tr\/urunler\/kozmetik-hammaddeleri\/kozmetik-hammaddeleri-2\/alfa-arbutin\/#breadcrumb","itemListElement":[{"@type":"ListItem","position":1,"name":"Ana Sayfa","item":"https:\/\/naturalpoland.com\/tr\/"},{"@type":"ListItem","position":2,"name":"\u00dcr\u00fcnler","item":"https:\/\/naturalpoland.com\/tr\/urunler\/"},{"@type":"ListItem","position":3,"name":"Alfa arbutin"}]},{"@type":"WebSite","@id":"https:\/\/naturalpoland.com\/tr\/#website","url":"https:\/\/naturalpoland.com\/tr\/","name":"NATURAL POLAND - Hurtowy Dystrybutor Surowc\u00f3w","description":"Surowce dla przemys\u0142u spo\u017cywczego, kosmetycznego i farmaceutycznego","publisher":{"@id":"https:\/\/naturalpoland.com\/tr\/#organization"},"potentialAction":[{"@type":"SearchAction","target":{"@type":"EntryPoint","urlTemplate":"https:\/\/naturalpoland.com\/tr\/?s={search_term_string}"},"query-input":{"@type":"PropertyValueSpecification","valueRequired":true,"valueName":"search_term_string"}}],"inLanguage":"tr"},{"@type":"Organization","@id":"https:\/\/naturalpoland.com\/tr\/#organization","name":"Natural Poland","url":"https:\/\/naturalpoland.com\/tr\/","logo":{"@type":"ImageObject","inLanguage":"tr","@id":"https:\/\/naturalpoland.com\/tr\/#\/schema\/logo\/image\/","url":"https:\/\/naturalpoland.com\/wp-content\/uploads\/2021\/05\/natural-poland-icon.png","contentUrl":"https:\/\/naturalpoland.com\/wp-content\/uploads\/2021\/05\/natural-poland-icon.png","width":512,"height":512,"caption":"Natural Poland"},"image":{"@id":"https:\/\/naturalpoland.com\/tr\/#\/schema\/logo\/image\/"},"sameAs":["https:\/\/www.facebook.com\/naturalpoland.b2b","https:\/\/pl.linkedin.com\/company\/natural-poland","https:\/\/www.youtube.com\/channel\/UCgeGGkvOMahZo-xu_MSEWxg"]}]}},"_links":{"self":[{"href":"https:\/\/naturalpoland.com\/tr\/wp-json\/wp\/v2\/product\/44655","targetHints":{"allow":["GET"]}}],"collection":[{"href":"https:\/\/naturalpoland.com\/tr\/wp-json\/wp\/v2\/product"}],"about":[{"href":"https:\/\/naturalpoland.com\/tr\/wp-json\/wp\/v2\/types\/product"}],"wp:featuredmedia":[{"embeddable":true,"href":"https:\/\/naturalpoland.com\/tr\/wp-json\/wp\/v2\/media\/44656"}],"wp:attachment":[{"href":"https:\/\/naturalpoland.com\/tr\/wp-json\/wp\/v2\/media?parent=44655"}],"wp:term":[{"taxonomy":"product_brand","embeddable":true,"href":"https:\/\/naturalpoland.com\/tr\/wp-json\/wp\/v2\/product_brand?post=44655"},{"taxonomy":"product_cat","embeddable":true,"href":"https:\/\/naturalpoland.com\/tr\/wp-json\/wp\/v2\/product_cat?post=44655"},{"taxonomy":"product_tag","embeddable":true,"href":"https:\/\/naturalpoland.com\/tr\/wp-json\/wp\/v2\/product_tag?post=44655"}],"curies":[{"name":"wp","href":"https:\/\/api.w.org\/{rel}","templated":true}]}}