{"id":44670,"date":"2023-10-17T13:28:14","date_gmt":"2023-10-17T11:28:14","guid":{"rendered":"https:\/\/naturalpoland.com\/produkty\/kategorilenmemis\/nmn-nikotinamid-mononukleotid\/"},"modified":"2025-12-22T13:20:48","modified_gmt":"2025-12-22T12:20:48","slug":"nmn-nikotinamid-mononukleotid","status":"publish","type":"product","link":"https:\/\/naturalpoland.com\/tr\/urunler\/farmasotik-hammaddeler\/takviye-edici-gida-bilesenleri\/nmn-nikotinamid-mononukleotid\/","title":{"rendered":"NMN (Nikotinamid Monon\u00fckleotid)"},"content":{"rendered":"<h2>Kullan\u0131m:<\/h2>\n<p>Bu \u00fcr\u00fcn, metabolizmay\u0131 iyile\u015ftirme, enerji seviyesini art\u0131rma, ba\u011f\u0131\u015f\u0131kl\u0131\u011f\u0131 destekleme, ya\u015flanmay\u0131 \u00f6nleme, n\u00f6roproteksiyon ve h\u00fccreleri oksidatif strese kar\u015f\u0131 koruma ama\u00e7l\u0131 modern g\u0131da takviyelerinde kullan\u0131l\u0131r. Ayr\u0131ca fiziksel egzersiz sonras\u0131 v\u00fccut rejenerasyonu, estetik t\u0131p prosed\u00fcrleri veya iyile\u015fme d\u00f6neminde kullan\u0131lan preparatlarda da yer alabilir. <\/p>\n<h2>NMN takviyesinin temel faydalar\u0131:<\/h2>\n<ol>\n<li><strong>Metabolizma deste\u011fi<\/strong>: NAD+, mitokondrilerdeki enerji d\u00f6n\u00fc\u015f\u00fcmleri de dahil olmak \u00fczere bir\u00e7ok metabolik s\u00fcre\u00e7 i\u00e7in gereklidir.<\/li>\n<li><strong>Ya\u015fam s\u00fcresi<\/strong>: Hayvan \u00e7al\u0131\u015fmalar\u0131, NMN&#8217;nin belirli metabolik yollar\u0131 aktive ederek ya\u015fam s\u00fcresini destekleyebilece\u011fini g\u00f6stermektedir.<\/li>\n<li><strong>DNA korumas\u0131<\/strong>: NAD+ DNA onar\u0131m s\u00fcrecinde \u00f6nemlidir ve NMN takviyesi h\u00fccrelerin hasarl\u0131 DNA&#8217;y\u0131 onarma yetene\u011fini destekleyebilir.<\/li>\n<li><strong>Sinir sistemi deste\u011fi<\/strong>: \u00d6n \u00e7al\u0131\u015fmalar, NMN&#8217;nin n\u00f6rolojik i\u015flevleri destekleyebilece\u011fini ve sinir h\u00fccrelerinin dejenerasyonuna kar\u015f\u0131 korumaya yard\u0131mc\u0131 olabilece\u011fini \u00f6ne s\u00fcrmektedir.<\/li>\n<li><strong>Enerji art\u0131\u015f\u0131<\/strong>: NMN, mitokondriyal fonksiyonlar\u0131 destekleyerek v\u00fccuttaki genel enerji seviyesinin artmas\u0131na katk\u0131da bulunabilir.<\/li>\n<\/ol>\n<p>&nbsp;<\/p>\n<p>NMN, v\u00fccuttaki NAD+ seviyelerini destekleyerek sa\u011fl\u0131kl\u0131 ya\u015flanma ve h\u00fccresel enerji \u00fczerine odaklanan yenilik\u00e7i bir g\u0131da takviyesidir. Genel canl\u0131l\u0131klar\u0131n\u0131 art\u0131rman\u0131n yollar\u0131n\u0131 arayan ve ya\u015flanma ara\u015ft\u0131rmalar\u0131ndaki en son geli\u015fmeleri anlamak isteyen ki\u015filer i\u00e7in idealdir. <\/p>\n","protected":false},"excerpt":{"rendered":"<p><strong>NMN<\/strong>, <strong>Nikotinamid Monon\u00fckleotid<\/strong>&#8216;in k\u0131saltmas\u0131d\u0131r. Bu, v\u00fccudumuzda do\u011fal olarak bulunan ve insan v\u00fccudundaki her h\u00fccrede \u00f6nemli bir koenzim olan NAD+&#8217;n\u0131n \u00fcretiminde kritik rol oynayan temel bir molek\u00fcld\u00fcr. NAD+ seviyeleri ya\u015fland\u0131k\u00e7a do\u011fal olarak azal\u0131r, bu da v\u00fccuttaki \u00e7e\u015fitli biyokimyasal s\u00fcre\u00e7leri etkiler. <\/p>\n","protected":false},"featured_media":44672,"template":"","meta":{"_acf_changed":false},"product_brand":[],"product_cat":[9540],"product_tag":[],"class_list":{"0":"post-44670","1":"product","2":"type-product","3":"status-publish","4":"has-post-thumbnail","6":"product_cat-takviye-edici-gida-bilesenleri","8":"first","9":"instock","10":"shipping-taxable","11":"product-type-simple"},"acf":[],"yoast_head":"<!-- This site is optimized with the Yoast SEO plugin v27.5 - https:\/\/yoast.com\/product\/yoast-seo-wordpress\/ -->\n<title>NMN (Nikotinamid Monon\u00fckleotid) - Hurtowy Dystrybutor<\/title>\n<meta name=\"description\" content=\"NMN, v\u00fccuttaki NAD+ seviyelerini destekleyerek sa\u011fl\u0131kl\u0131 ya\u015flanma ve h\u00fccresel enerji \u00fczerine odaklan\u0131r.\" \/>\n<meta name=\"robots\" content=\"index, follow, max-snippet:-1, max-image-preview:large, max-video-preview:-1\" \/>\n<link rel=\"canonical\" href=\"https:\/\/naturalpoland.com\/tr\/urunler\/farmasotik-hammaddeler\/takviye-edici-gida-bilesenleri\/nmn-nikotinamid-mononukleotid\/\" \/>\n<meta property=\"og:locale\" content=\"tr_TR\" \/>\n<meta property=\"og:type\" content=\"article\" \/>\n<meta property=\"og:title\" content=\"NMN (Nikotinamid Monon\u00fckleotid) - Hurtowy Dystrybutor\" \/>\n<meta property=\"og:description\" content=\"NMN, v\u00fccuttaki NAD+ seviyelerini destekleyerek sa\u011fl\u0131kl\u0131 ya\u015flanma ve h\u00fccresel enerji \u00fczerine odaklan\u0131r.\" \/>\n<meta property=\"og:url\" content=\"https:\/\/naturalpoland.com\/tr\/urunler\/farmasotik-hammaddeler\/takviye-edici-gida-bilesenleri\/nmn-nikotinamid-mononukleotid\/\" \/>\n<meta property=\"og:site_name\" content=\"NATURAL POLAND - Hurtowy Dystrybutor Surowc\u00f3w\" \/>\n<meta property=\"article:publisher\" content=\"https:\/\/www.facebook.com\/naturalpoland.b2b\" \/>\n<meta property=\"article:modified_time\" content=\"2025-12-22T12:20:48+00:00\" \/>\n<meta property=\"og:image\" content=\"https:\/\/naturalpoland.com\/wp-content\/uploads\/nmn.webp\" \/>\n\t<meta property=\"og:image:width\" content=\"1024\" \/>\n\t<meta property=\"og:image:height\" content=\"1024\" \/>\n\t<meta property=\"og:image:type\" content=\"image\/webp\" \/>\n<script type=\"application\/ld+json\" class=\"yoast-schema-graph\">{\"@context\":\"https:\\\/\\\/schema.org\",\"@graph\":[{\"@type\":\"WebPage\",\"@id\":\"https:\\\/\\\/naturalpoland.com\\\/tr\\\/urunler\\\/farmasotik-hammaddeler\\\/takviye-edici-gida-bilesenleri\\\/nmn-nikotinamid-mononukleotid\\\/\",\"url\":\"https:\\\/\\\/naturalpoland.com\\\/tr\\\/urunler\\\/farmasotik-hammaddeler\\\/takviye-edici-gida-bilesenleri\\\/nmn-nikotinamid-mononukleotid\\\/\",\"name\":\"NMN (Nikotinamid Monon\u00fckleotid) - Hurtowy Dystrybutor\",\"isPartOf\":{\"@id\":\"https:\\\/\\\/naturalpoland.com\\\/tr\\\/#website\"},\"primaryImageOfPage\":{\"@id\":\"https:\\\/\\\/naturalpoland.com\\\/tr\\\/urunler\\\/farmasotik-hammaddeler\\\/takviye-edici-gida-bilesenleri\\\/nmn-nikotinamid-mononukleotid\\\/#primaryimage\"},\"image\":{\"@id\":\"https:\\\/\\\/naturalpoland.com\\\/tr\\\/urunler\\\/farmasotik-hammaddeler\\\/takviye-edici-gida-bilesenleri\\\/nmn-nikotinamid-mononukleotid\\\/#primaryimage\"},\"thumbnailUrl\":\"https:\\\/\\\/naturalpoland.com\\\/wp-content\\\/uploads\\\/nmn.webp\",\"datePublished\":\"2023-10-17T11:28:14+00:00\",\"dateModified\":\"2025-12-22T12:20:48+00:00\",\"description\":\"NMN, v\u00fccuttaki NAD+ seviyelerini destekleyerek sa\u011fl\u0131kl\u0131 ya\u015flanma ve h\u00fccresel enerji \u00fczerine odaklan\u0131r.\",\"breadcrumb\":{\"@id\":\"https:\\\/\\\/naturalpoland.com\\\/tr\\\/urunler\\\/farmasotik-hammaddeler\\\/takviye-edici-gida-bilesenleri\\\/nmn-nikotinamid-mononukleotid\\\/#breadcrumb\"},\"inLanguage\":\"tr\",\"potentialAction\":[{\"@type\":\"ReadAction\",\"target\":[\"https:\\\/\\\/naturalpoland.com\\\/tr\\\/urunler\\\/farmasotik-hammaddeler\\\/takviye-edici-gida-bilesenleri\\\/nmn-nikotinamid-mononukleotid\\\/\"]}]},{\"@type\":\"ImageObject\",\"inLanguage\":\"tr\",\"@id\":\"https:\\\/\\\/naturalpoland.com\\\/tr\\\/urunler\\\/farmasotik-hammaddeler\\\/takviye-edici-gida-bilesenleri\\\/nmn-nikotinamid-mononukleotid\\\/#primaryimage\",\"url\":\"https:\\\/\\\/naturalpoland.com\\\/wp-content\\\/uploads\\\/nmn.webp\",\"contentUrl\":\"https:\\\/\\\/naturalpoland.com\\\/wp-content\\\/uploads\\\/nmn.webp\",\"width\":1024,\"height\":1024,\"caption\":\"Toz halinde Nikotinamid Monon\u00fckleotid\"},{\"@type\":\"BreadcrumbList\",\"@id\":\"https:\\\/\\\/naturalpoland.com\\\/tr\\\/urunler\\\/farmasotik-hammaddeler\\\/takviye-edici-gida-bilesenleri\\\/nmn-nikotinamid-mononukleotid\\\/#breadcrumb\",\"itemListElement\":[{\"@type\":\"ListItem\",\"position\":1,\"name\":\"Ana Sayfa\",\"item\":\"https:\\\/\\\/naturalpoland.com\\\/tr\\\/\"},{\"@type\":\"ListItem\",\"position\":2,\"name\":\"\u00dcr\u00fcnler\",\"item\":\"https:\\\/\\\/naturalpoland.com\\\/tr\\\/urunler\\\/\"},{\"@type\":\"ListItem\",\"position\":3,\"name\":\"NMN (Nikotinamid Monon\u00fckleotid)\"}]},{\"@type\":\"WebSite\",\"@id\":\"https:\\\/\\\/naturalpoland.com\\\/tr\\\/#website\",\"url\":\"https:\\\/\\\/naturalpoland.com\\\/tr\\\/\",\"name\":\"NATURAL POLAND - Hurtowy Dystrybutor Surowc\u00f3w\",\"description\":\"Surowce dla przemys\u0142u spo\u017cywczego, kosmetycznego i farmaceutycznego\",\"publisher\":{\"@id\":\"https:\\\/\\\/naturalpoland.com\\\/tr\\\/#organization\"},\"potentialAction\":[{\"@type\":\"SearchAction\",\"target\":{\"@type\":\"EntryPoint\",\"urlTemplate\":\"https:\\\/\\\/naturalpoland.com\\\/tr\\\/?s={search_term_string}\"},\"query-input\":{\"@type\":\"PropertyValueSpecification\",\"valueRequired\":true,\"valueName\":\"search_term_string\"}}],\"inLanguage\":\"tr\"},{\"@type\":\"Organization\",\"@id\":\"https:\\\/\\\/naturalpoland.com\\\/tr\\\/#organization\",\"name\":\"Natural Poland\",\"url\":\"https:\\\/\\\/naturalpoland.com\\\/tr\\\/\",\"logo\":{\"@type\":\"ImageObject\",\"inLanguage\":\"tr\",\"@id\":\"https:\\\/\\\/naturalpoland.com\\\/tr\\\/#\\\/schema\\\/logo\\\/image\\\/\",\"url\":\"https:\\\/\\\/naturalpoland.com\\\/wp-content\\\/uploads\\\/2021\\\/05\\\/natural-poland-icon.png\",\"contentUrl\":\"https:\\\/\\\/naturalpoland.com\\\/wp-content\\\/uploads\\\/2021\\\/05\\\/natural-poland-icon.png\",\"width\":512,\"height\":512,\"caption\":\"Natural Poland\"},\"image\":{\"@id\":\"https:\\\/\\\/naturalpoland.com\\\/tr\\\/#\\\/schema\\\/logo\\\/image\\\/\"},\"sameAs\":[\"https:\\\/\\\/www.facebook.com\\\/naturalpoland.b2b\",\"https:\\\/\\\/pl.linkedin.com\\\/company\\\/natural-poland\",\"https:\\\/\\\/www.youtube.com\\\/channel\\\/UCgeGGkvOMahZo-xu_MSEWxg\"]}]}<\/script>\n<!-- \/ Yoast SEO plugin. -->","yoast_head_json":{"title":"NMN (Nikotinamid Monon\u00fckleotid) - Hurtowy Dystrybutor","description":"NMN, v\u00fccuttaki NAD+ seviyelerini destekleyerek sa\u011fl\u0131kl\u0131 ya\u015flanma ve h\u00fccresel enerji \u00fczerine odaklan\u0131r.","robots":{"index":"index","follow":"follow","max-snippet":"max-snippet:-1","max-image-preview":"max-image-preview:large","max-video-preview":"max-video-preview:-1"},"canonical":"https:\/\/naturalpoland.com\/tr\/urunler\/farmasotik-hammaddeler\/takviye-edici-gida-bilesenleri\/nmn-nikotinamid-mononukleotid\/","og_locale":"tr_TR","og_type":"article","og_title":"NMN (Nikotinamid Monon\u00fckleotid) - Hurtowy Dystrybutor","og_description":"NMN, v\u00fccuttaki NAD+ seviyelerini destekleyerek sa\u011fl\u0131kl\u0131 ya\u015flanma ve h\u00fccresel enerji \u00fczerine odaklan\u0131r.","og_url":"https:\/\/naturalpoland.com\/tr\/urunler\/farmasotik-hammaddeler\/takviye-edici-gida-bilesenleri\/nmn-nikotinamid-mononukleotid\/","og_site_name":"NATURAL POLAND - Hurtowy Dystrybutor Surowc\u00f3w","article_publisher":"https:\/\/www.facebook.com\/naturalpoland.b2b","article_modified_time":"2025-12-22T12:20:48+00:00","og_image":[{"width":1024,"height":1024,"url":"https:\/\/naturalpoland.com\/wp-content\/uploads\/nmn.webp","type":"image\/webp"}],"schema":{"@context":"https:\/\/schema.org","@graph":[{"@type":"WebPage","@id":"https:\/\/naturalpoland.com\/tr\/urunler\/farmasotik-hammaddeler\/takviye-edici-gida-bilesenleri\/nmn-nikotinamid-mononukleotid\/","url":"https:\/\/naturalpoland.com\/tr\/urunler\/farmasotik-hammaddeler\/takviye-edici-gida-bilesenleri\/nmn-nikotinamid-mononukleotid\/","name":"NMN (Nikotinamid Monon\u00fckleotid) - Hurtowy Dystrybutor","isPartOf":{"@id":"https:\/\/naturalpoland.com\/tr\/#website"},"primaryImageOfPage":{"@id":"https:\/\/naturalpoland.com\/tr\/urunler\/farmasotik-hammaddeler\/takviye-edici-gida-bilesenleri\/nmn-nikotinamid-mononukleotid\/#primaryimage"},"image":{"@id":"https:\/\/naturalpoland.com\/tr\/urunler\/farmasotik-hammaddeler\/takviye-edici-gida-bilesenleri\/nmn-nikotinamid-mononukleotid\/#primaryimage"},"thumbnailUrl":"https:\/\/naturalpoland.com\/wp-content\/uploads\/nmn.webp","datePublished":"2023-10-17T11:28:14+00:00","dateModified":"2025-12-22T12:20:48+00:00","description":"NMN, v\u00fccuttaki NAD+ seviyelerini destekleyerek sa\u011fl\u0131kl\u0131 ya\u015flanma ve h\u00fccresel enerji \u00fczerine odaklan\u0131r.","breadcrumb":{"@id":"https:\/\/naturalpoland.com\/tr\/urunler\/farmasotik-hammaddeler\/takviye-edici-gida-bilesenleri\/nmn-nikotinamid-mononukleotid\/#breadcrumb"},"inLanguage":"tr","potentialAction":[{"@type":"ReadAction","target":["https:\/\/naturalpoland.com\/tr\/urunler\/farmasotik-hammaddeler\/takviye-edici-gida-bilesenleri\/nmn-nikotinamid-mononukleotid\/"]}]},{"@type":"ImageObject","inLanguage":"tr","@id":"https:\/\/naturalpoland.com\/tr\/urunler\/farmasotik-hammaddeler\/takviye-edici-gida-bilesenleri\/nmn-nikotinamid-mononukleotid\/#primaryimage","url":"https:\/\/naturalpoland.com\/wp-content\/uploads\/nmn.webp","contentUrl":"https:\/\/naturalpoland.com\/wp-content\/uploads\/nmn.webp","width":1024,"height":1024,"caption":"Toz halinde Nikotinamid Monon\u00fckleotid"},{"@type":"BreadcrumbList","@id":"https:\/\/naturalpoland.com\/tr\/urunler\/farmasotik-hammaddeler\/takviye-edici-gida-bilesenleri\/nmn-nikotinamid-mononukleotid\/#breadcrumb","itemListElement":[{"@type":"ListItem","position":1,"name":"Ana Sayfa","item":"https:\/\/naturalpoland.com\/tr\/"},{"@type":"ListItem","position":2,"name":"\u00dcr\u00fcnler","item":"https:\/\/naturalpoland.com\/tr\/urunler\/"},{"@type":"ListItem","position":3,"name":"NMN (Nikotinamid Monon\u00fckleotid)"}]},{"@type":"WebSite","@id":"https:\/\/naturalpoland.com\/tr\/#website","url":"https:\/\/naturalpoland.com\/tr\/","name":"NATURAL POLAND - Hurtowy Dystrybutor Surowc\u00f3w","description":"Surowce dla przemys\u0142u spo\u017cywczego, kosmetycznego i farmaceutycznego","publisher":{"@id":"https:\/\/naturalpoland.com\/tr\/#organization"},"potentialAction":[{"@type":"SearchAction","target":{"@type":"EntryPoint","urlTemplate":"https:\/\/naturalpoland.com\/tr\/?s={search_term_string}"},"query-input":{"@type":"PropertyValueSpecification","valueRequired":true,"valueName":"search_term_string"}}],"inLanguage":"tr"},{"@type":"Organization","@id":"https:\/\/naturalpoland.com\/tr\/#organization","name":"Natural Poland","url":"https:\/\/naturalpoland.com\/tr\/","logo":{"@type":"ImageObject","inLanguage":"tr","@id":"https:\/\/naturalpoland.com\/tr\/#\/schema\/logo\/image\/","url":"https:\/\/naturalpoland.com\/wp-content\/uploads\/2021\/05\/natural-poland-icon.png","contentUrl":"https:\/\/naturalpoland.com\/wp-content\/uploads\/2021\/05\/natural-poland-icon.png","width":512,"height":512,"caption":"Natural Poland"},"image":{"@id":"https:\/\/naturalpoland.com\/tr\/#\/schema\/logo\/image\/"},"sameAs":["https:\/\/www.facebook.com\/naturalpoland.b2b","https:\/\/pl.linkedin.com\/company\/natural-poland","https:\/\/www.youtube.com\/channel\/UCgeGGkvOMahZo-xu_MSEWxg"]}]}},"_links":{"self":[{"href":"https:\/\/naturalpoland.com\/tr\/wp-json\/wp\/v2\/product\/44670","targetHints":{"allow":["GET"]}}],"collection":[{"href":"https:\/\/naturalpoland.com\/tr\/wp-json\/wp\/v2\/product"}],"about":[{"href":"https:\/\/naturalpoland.com\/tr\/wp-json\/wp\/v2\/types\/product"}],"wp:featuredmedia":[{"embeddable":true,"href":"https:\/\/naturalpoland.com\/tr\/wp-json\/wp\/v2\/media\/44672"}],"wp:attachment":[{"href":"https:\/\/naturalpoland.com\/tr\/wp-json\/wp\/v2\/media?parent=44670"}],"wp:term":[{"taxonomy":"product_brand","embeddable":true,"href":"https:\/\/naturalpoland.com\/tr\/wp-json\/wp\/v2\/product_brand?post=44670"},{"taxonomy":"product_cat","embeddable":true,"href":"https:\/\/naturalpoland.com\/tr\/wp-json\/wp\/v2\/product_cat?post=44670"},{"taxonomy":"product_tag","embeddable":true,"href":"https:\/\/naturalpoland.com\/tr\/wp-json\/wp\/v2\/product_tag?post=44670"}],"curies":[{"name":"wp","href":"https:\/\/api.w.org\/{rel}","templated":true}]}}