{"id":44677,"date":"2021-05-11T13:40:11","date_gmt":"2021-05-11T11:40:11","guid":{"rendered":"https:\/\/naturalpoland.com\/produkty\/kategorilenmemis\/kudzu-ozu\/"},"modified":"2025-12-22T13:27:00","modified_gmt":"2025-12-22T12:27:00","slug":"kudzu-ozu","status":"publish","type":"product","link":"https:\/\/naturalpoland.com\/tr\/urunler\/bitkisel-ekstraktlar\/kudzu-ozu\/","title":{"rendered":"Kudzu \u00d6z\u00fc"},"content":{"rendered":"<p>Kudzu \u00f6z\u00fc, \u00f6zellikle kad\u0131n sa\u011fl\u0131\u011f\u0131n\u0131, sinir sistemini destekleyen ve alkol ba\u011f\u0131ml\u0131l\u0131\u011f\u0131yla m\u00fccadeleye yard\u0131mc\u0131 olan g\u0131da takviyelerinin bir bile\u015feni olarak Avrupa&#8217;da giderek artan bir ilgi g\u00f6rmektedir. \u00d6z\u00fcm\u00fcz, bitkinin k\u00f6k\u00fcnden kimyasal \u00e7\u00f6z\u00fcc\u00fcler kullan\u0131lmadan &#8211; sadece su ve ta\u015f\u0131y\u0131c\u0131 olarak az miktarda maltodekstrin ile elde edilir. <\/p>\n<h2 data-start=\"657\" data-end=\"690\">Kudzu \u00d6z\u00fcn\u00fcn \u00d6zellikleri<\/h2>\n<p data-start=\"692\" data-end=\"1347\">Kudzu \u00f6z\u00fc, \u00f6strojene benzer etki g\u00f6steren <strong>izoflavonlar<\/strong> a\u00e7\u0131s\u0131ndan zengindir, \u00f6rne\u011fin <strong>daidzin<\/strong>, <strong>daidzein<\/strong> ve <strong>puerarin<\/strong>. Bu nedenle s\u0131cak basmas\u0131, ba\u015f d\u00f6nmesi ve ruh hali de\u011fi\u015fiklikleri gibi menopoz semptomlar\u0131n\u0131 hafifletmek i\u00e7in do\u011fal bir destek olarak yayg\u0131n \u015fekilde kullan\u0131l\u0131r. \u00d6zde bulunan <strong>flavonoidler<\/strong> ayr\u0131ca anksiyete semptomlar\u0131n\u0131 azaltma, uyku kalitesini iyile\u015ftirme ve sinirsel gerginli\u011fi hafifletme potansiyeli g\u00f6sterir. Alkol\u00fc metabolize eden enzimler \u00fczerindeki etkisi sayesinde, bu \u00f6z alkol ba\u011f\u0131ml\u0131l\u0131\u011f\u0131 tedavisine yard\u0131mc\u0131 olabilir. Kudzu ayr\u0131ca antienflamatuar, kan bas\u0131nc\u0131n\u0131 d\u00fc\u015f\u00fcr\u00fcc\u00fc ve kardiyovask\u00fcler sistemi destekleyici etkilere sahiptir.   <\/p>\n<h2 data-start=\"1349\" data-end=\"1383\">Kudzu \u00d6z\u00fcn\u00fcn Kullan\u0131m\u0131<\/h2>\n<p data-start=\"1385\" data-end=\"1885\">Bu \u00f6z, \u00f6ncelikle kad\u0131nlarda hormonal dengeyi destekleyen, menopoz d\u00f6neminde destek sa\u011flayan ve n\u00f6roprotektif etkiye sahip bir <strong>g\u0131da takviyelerinde<\/strong> <strong>adaptogen<\/strong> olarak kullan\u0131l\u0131r. Ayr\u0131ca alkol ba\u011f\u0131ml\u0131l\u0131\u011f\u0131yla m\u00fccadeleye yard\u0131mc\u0131 olan preparatlarda, ba\u011f\u0131\u015f\u0131kl\u0131\u011f\u0131 destekleyen \u00fcr\u00fcnlerde ve stresi azaltan ve uykuyu iyile\u015ftiren <strong>bitkisel kar\u0131\u015f\u0131mlarda<\/strong> kullan\u0131l\u0131r. G\u00fc\u00e7l\u00fc antioksidan \u00f6zellikleri sayesinde ya\u015flanma kar\u015f\u0131t\u0131 form\u00fcllerin bir par\u00e7as\u0131 olarak da kullan\u0131labilir.  <\/p>\n<p data-start=\"1887\" data-end=\"2094\" data-is-last-node=\"\" data-is-only-node=\"\">\u00dcr\u00fcn GDO&#8217;suz, pestisitsiz, a\u011f\u0131r metallerden ar\u0131nd\u0131r\u0131lm\u0131\u015f (USP standartlar\u0131na g\u00f6re) olup, s\u0131k\u0131 mikrobiyolojik gereksinimleri kar\u015f\u0131lar ve g\u0131da ve ila\u00e7 preparatlar\u0131nda g\u00fcvenle kullan\u0131labilir.<\/p>\n","protected":false},"excerpt":{"rendered":"<p><strong>Kudzu k\u00f6k\u00fc \u00f6z\u00fc<\/strong> (<em>Pueraria lobata<\/em>), ayn\u0131 zamanda <strong>Japon sarma\u015f\u0131\u011f\u0131<\/strong> olarak da bilinen, Do\u011fu Asya geleneksel t\u0131bb\u0131nda y\u00fczy\u0131llard\u0131r kullan\u0131lan bitkisel bir hammaddedir.<\/p>\n","protected":false},"featured_media":44679,"template":"","meta":{"_acf_changed":false},"product_brand":[],"product_cat":[9531],"product_tag":[],"class_list":{"0":"post-44677","1":"product","2":"type-product","3":"status-publish","4":"has-post-thumbnail","6":"product_cat-bitkisel-ekstraktlar","7":"pa_czesc-rosliny-kok","9":"first","10":"instock","11":"shipping-taxable","12":"product-type-simple"},"acf":[],"yoast_head":"<!-- This site is optimized with the Yoast SEO plugin v27.6 - https:\/\/yoast.com\/product\/yoast-seo-wordpress\/ -->\n<title>Kudzu \u00d6z\u00fc - Hurtowy Dystrybutor<\/title>\n<meta name=\"description\" content=\"Kudzu k\u00f6k\u00fc \u00f6z\u00fc (Pueraria lobata), Do\u011fu Asya geleneksel t\u0131bb\u0131nda y\u00fczy\u0131llard\u0131r kullan\u0131lan bitkisel bir hammaddedir.\" \/>\n<meta name=\"robots\" content=\"index, follow, max-snippet:-1, max-image-preview:large, max-video-preview:-1\" \/>\n<link rel=\"canonical\" href=\"https:\/\/naturalpoland.com\/tr\/urunler\/bitkisel-ekstraktlar\/kudzu-ozu\/\" \/>\n<meta property=\"og:locale\" content=\"tr_TR\" \/>\n<meta property=\"og:type\" content=\"article\" \/>\n<meta property=\"og:title\" content=\"Kudzu \u00d6z\u00fc - Hurtowy Dystrybutor\" \/>\n<meta property=\"og:description\" content=\"Kudzu k\u00f6k\u00fc \u00f6z\u00fc (Pueraria lobata), Do\u011fu Asya geleneksel t\u0131bb\u0131nda y\u00fczy\u0131llard\u0131r kullan\u0131lan bitkisel bir hammaddedir.\" \/>\n<meta property=\"og:url\" content=\"https:\/\/naturalpoland.com\/tr\/urunler\/bitkisel-ekstraktlar\/kudzu-ozu\/\" \/>\n<meta property=\"og:site_name\" content=\"NATURAL POLAND - Hurtowy Dystrybutor Surowc\u00f3w\" \/>\n<meta property=\"article:publisher\" content=\"https:\/\/www.facebook.com\/naturalpoland.b2b\" \/>\n<meta property=\"article:modified_time\" content=\"2025-12-22T12:27:00+00:00\" \/>\n<meta property=\"og:image\" content=\"https:\/\/naturalpoland.com\/wp-content\/uploads\/ekstrakt-z-kudzu.webp\" \/>\n\t<meta property=\"og:image:width\" content=\"1024\" \/>\n\t<meta property=\"og:image:height\" content=\"1024\" \/>\n\t<meta property=\"og:image:type\" content=\"image\/webp\" \/>\n<script type=\"application\/ld+json\" class=\"yoast-schema-graph\">{\"@context\":\"https:\\\/\\\/schema.org\",\"@graph\":[{\"@type\":\"WebPage\",\"@id\":\"https:\\\/\\\/naturalpoland.com\\\/tr\\\/urunler\\\/bitkisel-ekstraktlar\\\/kudzu-ozu\\\/\",\"url\":\"https:\\\/\\\/naturalpoland.com\\\/tr\\\/urunler\\\/bitkisel-ekstraktlar\\\/kudzu-ozu\\\/\",\"name\":\"Kudzu \u00d6z\u00fc - Hurtowy Dystrybutor\",\"isPartOf\":{\"@id\":\"https:\\\/\\\/naturalpoland.com\\\/tr\\\/#website\"},\"primaryImageOfPage\":{\"@id\":\"https:\\\/\\\/naturalpoland.com\\\/tr\\\/urunler\\\/bitkisel-ekstraktlar\\\/kudzu-ozu\\\/#primaryimage\"},\"image\":{\"@id\":\"https:\\\/\\\/naturalpoland.com\\\/tr\\\/urunler\\\/bitkisel-ekstraktlar\\\/kudzu-ozu\\\/#primaryimage\"},\"thumbnailUrl\":\"https:\\\/\\\/naturalpoland.com\\\/wp-content\\\/uploads\\\/ekstrakt-z-kudzu.webp\",\"datePublished\":\"2021-05-11T11:40:11+00:00\",\"dateModified\":\"2025-12-22T12:27:00+00:00\",\"description\":\"Kudzu k\u00f6k\u00fc \u00f6z\u00fc (Pueraria lobata), Do\u011fu Asya geleneksel t\u0131bb\u0131nda y\u00fczy\u0131llard\u0131r kullan\u0131lan bitkisel bir hammaddedir.\",\"breadcrumb\":{\"@id\":\"https:\\\/\\\/naturalpoland.com\\\/tr\\\/urunler\\\/bitkisel-ekstraktlar\\\/kudzu-ozu\\\/#breadcrumb\"},\"inLanguage\":\"tr\",\"potentialAction\":[{\"@type\":\"ReadAction\",\"target\":[\"https:\\\/\\\/naturalpoland.com\\\/tr\\\/urunler\\\/bitkisel-ekstraktlar\\\/kudzu-ozu\\\/\"]}]},{\"@type\":\"ImageObject\",\"inLanguage\":\"tr\",\"@id\":\"https:\\\/\\\/naturalpoland.com\\\/tr\\\/urunler\\\/bitkisel-ekstraktlar\\\/kudzu-ozu\\\/#primaryimage\",\"url\":\"https:\\\/\\\/naturalpoland.com\\\/wp-content\\\/uploads\\\/ekstrakt-z-kudzu.webp\",\"contentUrl\":\"https:\\\/\\\/naturalpoland.com\\\/wp-content\\\/uploads\\\/ekstrakt-z-kudzu.webp\",\"width\":1024,\"height\":1024,\"caption\":\"Toz Kudzu \u00d6z\u00fc\"},{\"@type\":\"BreadcrumbList\",\"@id\":\"https:\\\/\\\/naturalpoland.com\\\/tr\\\/urunler\\\/bitkisel-ekstraktlar\\\/kudzu-ozu\\\/#breadcrumb\",\"itemListElement\":[{\"@type\":\"ListItem\",\"position\":1,\"name\":\"Ana Sayfa\",\"item\":\"https:\\\/\\\/naturalpoland.com\\\/tr\\\/\"},{\"@type\":\"ListItem\",\"position\":2,\"name\":\"\u00dcr\u00fcnler\",\"item\":\"https:\\\/\\\/naturalpoland.com\\\/tr\\\/urunler\\\/\"},{\"@type\":\"ListItem\",\"position\":3,\"name\":\"Kudzu \u00d6z\u00fc\"}]},{\"@type\":\"WebSite\",\"@id\":\"https:\\\/\\\/naturalpoland.com\\\/tr\\\/#website\",\"url\":\"https:\\\/\\\/naturalpoland.com\\\/tr\\\/\",\"name\":\"NATURAL POLAND - Hurtowy Dystrybutor Surowc\u00f3w\",\"description\":\"Surowce dla przemys\u0142u spo\u017cywczego, kosmetycznego i farmaceutycznego\",\"publisher\":{\"@id\":\"https:\\\/\\\/naturalpoland.com\\\/tr\\\/#organization\"},\"potentialAction\":[{\"@type\":\"SearchAction\",\"target\":{\"@type\":\"EntryPoint\",\"urlTemplate\":\"https:\\\/\\\/naturalpoland.com\\\/tr\\\/?s={search_term_string}\"},\"query-input\":{\"@type\":\"PropertyValueSpecification\",\"valueRequired\":true,\"valueName\":\"search_term_string\"}}],\"inLanguage\":\"tr\"},{\"@type\":\"Organization\",\"@id\":\"https:\\\/\\\/naturalpoland.com\\\/tr\\\/#organization\",\"name\":\"Natural Poland\",\"url\":\"https:\\\/\\\/naturalpoland.com\\\/tr\\\/\",\"logo\":{\"@type\":\"ImageObject\",\"inLanguage\":\"tr\",\"@id\":\"https:\\\/\\\/naturalpoland.com\\\/tr\\\/#\\\/schema\\\/logo\\\/image\\\/\",\"url\":\"https:\\\/\\\/naturalpoland.com\\\/wp-content\\\/uploads\\\/2021\\\/05\\\/natural-poland-icon.png\",\"contentUrl\":\"https:\\\/\\\/naturalpoland.com\\\/wp-content\\\/uploads\\\/2021\\\/05\\\/natural-poland-icon.png\",\"width\":512,\"height\":512,\"caption\":\"Natural Poland\"},\"image\":{\"@id\":\"https:\\\/\\\/naturalpoland.com\\\/tr\\\/#\\\/schema\\\/logo\\\/image\\\/\"},\"sameAs\":[\"https:\\\/\\\/www.facebook.com\\\/naturalpoland.b2b\",\"https:\\\/\\\/pl.linkedin.com\\\/company\\\/natural-poland\",\"https:\\\/\\\/www.youtube.com\\\/channel\\\/UCgeGGkvOMahZo-xu_MSEWxg\"]}]}<\/script>\n<!-- \/ Yoast SEO plugin. -->","yoast_head_json":{"title":"Kudzu \u00d6z\u00fc - Hurtowy Dystrybutor","description":"Kudzu k\u00f6k\u00fc \u00f6z\u00fc (Pueraria lobata), Do\u011fu Asya geleneksel t\u0131bb\u0131nda y\u00fczy\u0131llard\u0131r kullan\u0131lan bitkisel bir hammaddedir.","robots":{"index":"index","follow":"follow","max-snippet":"max-snippet:-1","max-image-preview":"max-image-preview:large","max-video-preview":"max-video-preview:-1"},"canonical":"https:\/\/naturalpoland.com\/tr\/urunler\/bitkisel-ekstraktlar\/kudzu-ozu\/","og_locale":"tr_TR","og_type":"article","og_title":"Kudzu \u00d6z\u00fc - Hurtowy Dystrybutor","og_description":"Kudzu k\u00f6k\u00fc \u00f6z\u00fc (Pueraria lobata), Do\u011fu Asya geleneksel t\u0131bb\u0131nda y\u00fczy\u0131llard\u0131r kullan\u0131lan bitkisel bir hammaddedir.","og_url":"https:\/\/naturalpoland.com\/tr\/urunler\/bitkisel-ekstraktlar\/kudzu-ozu\/","og_site_name":"NATURAL POLAND - Hurtowy Dystrybutor Surowc\u00f3w","article_publisher":"https:\/\/www.facebook.com\/naturalpoland.b2b","article_modified_time":"2025-12-22T12:27:00+00:00","og_image":[{"width":1024,"height":1024,"url":"https:\/\/naturalpoland.com\/wp-content\/uploads\/ekstrakt-z-kudzu.webp","type":"image\/webp"}],"schema":{"@context":"https:\/\/schema.org","@graph":[{"@type":"WebPage","@id":"https:\/\/naturalpoland.com\/tr\/urunler\/bitkisel-ekstraktlar\/kudzu-ozu\/","url":"https:\/\/naturalpoland.com\/tr\/urunler\/bitkisel-ekstraktlar\/kudzu-ozu\/","name":"Kudzu \u00d6z\u00fc - Hurtowy Dystrybutor","isPartOf":{"@id":"https:\/\/naturalpoland.com\/tr\/#website"},"primaryImageOfPage":{"@id":"https:\/\/naturalpoland.com\/tr\/urunler\/bitkisel-ekstraktlar\/kudzu-ozu\/#primaryimage"},"image":{"@id":"https:\/\/naturalpoland.com\/tr\/urunler\/bitkisel-ekstraktlar\/kudzu-ozu\/#primaryimage"},"thumbnailUrl":"https:\/\/naturalpoland.com\/wp-content\/uploads\/ekstrakt-z-kudzu.webp","datePublished":"2021-05-11T11:40:11+00:00","dateModified":"2025-12-22T12:27:00+00:00","description":"Kudzu k\u00f6k\u00fc \u00f6z\u00fc (Pueraria lobata), Do\u011fu Asya geleneksel t\u0131bb\u0131nda y\u00fczy\u0131llard\u0131r kullan\u0131lan bitkisel bir hammaddedir.","breadcrumb":{"@id":"https:\/\/naturalpoland.com\/tr\/urunler\/bitkisel-ekstraktlar\/kudzu-ozu\/#breadcrumb"},"inLanguage":"tr","potentialAction":[{"@type":"ReadAction","target":["https:\/\/naturalpoland.com\/tr\/urunler\/bitkisel-ekstraktlar\/kudzu-ozu\/"]}]},{"@type":"ImageObject","inLanguage":"tr","@id":"https:\/\/naturalpoland.com\/tr\/urunler\/bitkisel-ekstraktlar\/kudzu-ozu\/#primaryimage","url":"https:\/\/naturalpoland.com\/wp-content\/uploads\/ekstrakt-z-kudzu.webp","contentUrl":"https:\/\/naturalpoland.com\/wp-content\/uploads\/ekstrakt-z-kudzu.webp","width":1024,"height":1024,"caption":"Toz Kudzu \u00d6z\u00fc"},{"@type":"BreadcrumbList","@id":"https:\/\/naturalpoland.com\/tr\/urunler\/bitkisel-ekstraktlar\/kudzu-ozu\/#breadcrumb","itemListElement":[{"@type":"ListItem","position":1,"name":"Ana Sayfa","item":"https:\/\/naturalpoland.com\/tr\/"},{"@type":"ListItem","position":2,"name":"\u00dcr\u00fcnler","item":"https:\/\/naturalpoland.com\/tr\/urunler\/"},{"@type":"ListItem","position":3,"name":"Kudzu \u00d6z\u00fc"}]},{"@type":"WebSite","@id":"https:\/\/naturalpoland.com\/tr\/#website","url":"https:\/\/naturalpoland.com\/tr\/","name":"NATURAL POLAND - Hurtowy Dystrybutor Surowc\u00f3w","description":"Surowce dla przemys\u0142u spo\u017cywczego, kosmetycznego i farmaceutycznego","publisher":{"@id":"https:\/\/naturalpoland.com\/tr\/#organization"},"potentialAction":[{"@type":"SearchAction","target":{"@type":"EntryPoint","urlTemplate":"https:\/\/naturalpoland.com\/tr\/?s={search_term_string}"},"query-input":{"@type":"PropertyValueSpecification","valueRequired":true,"valueName":"search_term_string"}}],"inLanguage":"tr"},{"@type":"Organization","@id":"https:\/\/naturalpoland.com\/tr\/#organization","name":"Natural Poland","url":"https:\/\/naturalpoland.com\/tr\/","logo":{"@type":"ImageObject","inLanguage":"tr","@id":"https:\/\/naturalpoland.com\/tr\/#\/schema\/logo\/image\/","url":"https:\/\/naturalpoland.com\/wp-content\/uploads\/2021\/05\/natural-poland-icon.png","contentUrl":"https:\/\/naturalpoland.com\/wp-content\/uploads\/2021\/05\/natural-poland-icon.png","width":512,"height":512,"caption":"Natural Poland"},"image":{"@id":"https:\/\/naturalpoland.com\/tr\/#\/schema\/logo\/image\/"},"sameAs":["https:\/\/www.facebook.com\/naturalpoland.b2b","https:\/\/pl.linkedin.com\/company\/natural-poland","https:\/\/www.youtube.com\/channel\/UCgeGGkvOMahZo-xu_MSEWxg"]}]}},"_links":{"self":[{"href":"https:\/\/naturalpoland.com\/tr\/wp-json\/wp\/v2\/product\/44677","targetHints":{"allow":["GET"]}}],"collection":[{"href":"https:\/\/naturalpoland.com\/tr\/wp-json\/wp\/v2\/product"}],"about":[{"href":"https:\/\/naturalpoland.com\/tr\/wp-json\/wp\/v2\/types\/product"}],"wp:featuredmedia":[{"embeddable":true,"href":"https:\/\/naturalpoland.com\/tr\/wp-json\/wp\/v2\/media\/44679"}],"wp:attachment":[{"href":"https:\/\/naturalpoland.com\/tr\/wp-json\/wp\/v2\/media?parent=44677"}],"wp:term":[{"taxonomy":"product_brand","embeddable":true,"href":"https:\/\/naturalpoland.com\/tr\/wp-json\/wp\/v2\/product_brand?post=44677"},{"taxonomy":"product_cat","embeddable":true,"href":"https:\/\/naturalpoland.com\/tr\/wp-json\/wp\/v2\/product_cat?post=44677"},{"taxonomy":"product_tag","embeddable":true,"href":"https:\/\/naturalpoland.com\/tr\/wp-json\/wp\/v2\/product_tag?post=44677"}],"curies":[{"name":"wp","href":"https:\/\/api.w.org\/{rel}","templated":true}]}}