{"id":44685,"date":"2021-05-11T13:36:36","date_gmt":"2021-05-11T11:36:36","guid":{"rendered":"https:\/\/naturalpoland.com\/produkty\/kategorilenmemis\/biotin\/"},"modified":"2025-12-22T13:30:32","modified_gmt":"2025-12-22T12:30:32","slug":"biotin","status":"publish","type":"product","link":"https:\/\/naturalpoland.com\/tr\/urunler\/farmasotik-hammaddeler\/vitaminler\/biotin\/","title":{"rendered":"Biotin"},"content":{"rendered":"<h2>D-biotin<\/h2>\n<p>\u00dcr\u00fcn yelpazemizde biotinin do\u011fal, biyolojik olarak aktif formu olan <strong>D-biotin<\/strong> bulunmaktad\u0131r. Do\u011fada bulunur ve v\u00fccut taraf\u0131ndan daha iyi emilir. Bu hammadde \u00e7ok y\u00fcksek safl\u0131kta karakterize edilir &#8211; \u00fcr\u00fcndeki D-Biotin i\u00e7eri\u011fi %99,98&#8217;dir (USP38 standard\u0131na g\u00f6re), bu da y\u00fcksek kalite ve farmas\u00f6tik safl\u0131\u011f\u0131n\u0131 g\u00f6sterir.  <\/p>\n<h2>Biotin &#8211; \u00f6zellikler<\/h2>\n<ol>\n<li><strong>Makro besin \u00f6\u011felerinin metabolizmas\u0131<\/strong> &#8211; Biotin, ya\u011f asidi sentezi, glukoneogenez (glukoz olu\u015fumu) ve amino asit par\u00e7alanmas\u0131 gibi metabolik d\u00f6n\u00fc\u015f\u00fcmlerde yer alan birka\u00e7 enzim (karboksilaz) i\u00e7in kofakt\u00f6rd\u00fcr. Karbonhidrat, protein ve ya\u011flar\u0131 enerjiye d\u00f6n\u00fc\u015ft\u00fcrmeye yard\u0131mc\u0131 olarak metabolizmay\u0131 iyile\u015ftirir. <\/li>\n<li><strong>Cilt, sa\u00e7 ve t\u0131rnak durumunu iyile\u015ftirme<\/strong> &#8211; Biotin, cilt, sa\u00e7 ve t\u0131rnak h\u00fccrelerinin b\u00fcy\u00fcmesini ve yenilenmesini destekler. K\u0131r\u0131lgan t\u0131rnaklar ve a\u015f\u0131r\u0131 sa\u00e7 d\u00f6k\u00fclmesi tedavisinde s\u0131kl\u0131kla takviye olarak kullan\u0131l\u0131r. <\/li>\n<li><strong>Sinir sisteminin rejenerasyonu<\/strong> &#8211; Biotin, sinir impulslar\u0131n\u0131n do\u011fru iletimi i\u00e7in gerekli olan n\u00f6rotransmitterlerin \u00fcretiminde yard\u0131mc\u0131 olur. Ruh sa\u011fl\u0131\u011f\u0131n\u0131 destekleyebilir, anksiyete ve depresyon durumlar\u0131n\u0131 \u00f6nleyebilir. <\/li>\n<li><strong>Karaci\u011fer fonksiyonunu destekleme<\/strong> &#8211; Biotin v\u00fccudun detoksifikasyonunda yard\u0131mc\u0131 olur. Karaci\u011fer enzimlerinin \u00fcretiminde ve ya\u011flar ile di\u011fer toksik maddelerin d\u00f6n\u00fc\u015f\u00fcm\u00fcnde \u00f6nemlidir. <\/li>\n<\/ol>\n<h2>Kozmetikte biotin &#8211; cilt, sa\u00e7, t\u0131rnaklar i\u00e7in<\/h2>\n<p>Kozmetik end\u00fcstrisinde biotin, \u00f6zellikle <strong>sa\u00e7 ve t\u0131rnak sa\u011fl\u0131\u011f\u0131<\/strong> \u00fczerindeki etkisi nedeniyle de\u011fer g\u00f6r\u00fcr. Sa\u00e7lar\u0131n durumunu olumlu etkiler, d\u00f6k\u00fclmelerini \u00f6nler ve b\u00fcy\u00fcmelerini uyar\u0131r. Ayr\u0131ca t\u0131rnaklar\u0131 g\u00fc\u00e7lendirici etki g\u00f6sterir, k\u0131r\u0131lma ve \u00e7atalla\u015fmalar\u0131n\u0131 \u00f6nler.  <\/p>\n<p>Bu \u00f6zellikler sayesinde biotin, <strong>\u015fampuanlar\u0131n<\/strong>, <strong>sa\u00e7 bak\u0131m \u00fcr\u00fcnlerinin<\/strong> ve cilt, sa\u00e7 ve t\u0131rnak durumunu iyile\u015ftirmeye y\u00f6nelik <strong>besin takviyelerinin<\/strong> s\u0131k kullan\u0131lan bir bile\u015fenidir.<\/p>\n<h2>T\u0131pta biotin<\/h2>\n<p>Biotin yayg\u0131n olarak sa\u00e7 ve t\u0131rnak takviyesi olarak bilinse de, bu vitamin \u00e7ok say\u0131da metabolik s\u00fcre\u00e7te de \u00f6nemli rol oynar. Karboksilazlar\u0131n koenzimu olarak h\u00fccreler aras\u0131 sinyal iletiminde ve gen ekspresyonunda yer al\u0131r. <\/p>\n<p><strong>Biotinin sinir sistemi \u00fczerindeki faydal\u0131 etkisi<\/strong> nedeniyle a\u015f\u0131r\u0131 stres ve gerginlikle m\u00fccadele eden ki\u015filere kullan\u0131m\u0131 \u00f6nerilir.<\/p>\n<p><strong>Biotinin bir di\u011fer de\u011ferli \u00f6zelli\u011fi glukoz metabolizmas\u0131ndaki rol\u00fcd\u00fcr<\/strong>. Karaci\u011ferde glukozun depolanm\u0131\u015f glikojene d\u00f6n\u00fc\u015f\u00fcm s\u00fcrecini d\u00fczenler. Diyabet hastalar\u0131 taraf\u0131ndan takviye olarak al\u0131nan biotin, kandaki \u015feker seviyesinin normal tutulmas\u0131na yard\u0131mc\u0131 olabilir.  <\/p>\n<p>Ayr\u0131ca tiroid bezinin d\u00fczg\u00fcn \u00e7al\u0131\u015fmas\u0131 i\u00e7in kritiktir ve protrombin olu\u015fturarak <strong>kan p\u0131ht\u0131la\u015fma s\u00fcrecinde<\/strong> \u00f6nem ta\u015f\u0131r.<\/p>\n<p>&nbsp;<\/p>\n<p><img decoding=\"async\" class=\"aligncenter size-full wp-image-17141\" src=\"https:\/\/naturalpoland.com\/wp-content\/uploads\/Biotyna-wlasciwosci-i-efekty-stosowania.jpg\" alt=\"biotin kaps\u00fclleri\" width=\"1000\" height=\"522\" srcset=\"https:\/\/naturalpoland.com\/wp-content\/uploads\/Biotyna-wlasciwosci-i-efekty-stosowania.jpg 1000w, https:\/\/naturalpoland.com\/wp-content\/uploads\/Biotyna-wlasciwosci-i-efekty-stosowania-510x266.jpg 510w, https:\/\/naturalpoland.com\/wp-content\/uploads\/Biotyna-wlasciwosci-i-efekty-stosowania-300x157.jpg 300w, https:\/\/naturalpoland.com\/wp-content\/uploads\/Biotyna-wlasciwosci-i-efekty-stosowania-768x401.jpg 768w\" sizes=\"(max-width: 1000px) 100vw, 1000px\" \/><\/p>\n<p>&nbsp;<\/p>\n<h2 class=\"wp-block-heading\">G\u00fcnde ne kadar biotin?<\/h2>\n<p>Di\u011fer vitaminlerde oldu\u011fu gibi biotin de v\u00fccuda \u00f6ncelikle besinlerle sa\u011flan\u0131r. <strong>Yeti\u015fkinlerde B7 vitamini g\u00fcnl\u00fck ihtiyac\u0131 yakla\u015f\u0131k 30 \u03bcg&#8217;d\u0131r<\/strong> ve genellikle sa\u011fl\u0131kl\u0131 ve dengeli bir diyetle kar\u015f\u0131lanabilir. <strong><a href=\"https:\/\/naturalpoland.com\/tr\/urunler\/farmasotik-hammaddeler\/vitaminler\/b12-vitamini\/\">B12 vitaminin<\/a><\/strong> aksine biotin, vegan ve vejetaryen diyetlerde de takviye gerektirmez.  <\/p>\n<h2 class=\"wp-block-heading\">Biotin nerede bulunur?<\/h2>\n<p>Biotin sadece <strong>hayvansal g\u0131dalarda<\/strong> (yumurta sar\u0131s\u0131, sakatat, bal\u0131k, s\u00fct ve ya\u011fs\u0131z peynir gibi) de\u011fil, ayn\u0131 zamanda <strong>bitkisel \u00fcr\u00fcnlerde<\/strong> de bulunur: meyvelerde (muz, karpuz, \u00fcz\u00fcm, \u015feftali gibi), <strong>sebzelerde<\/strong> (domates, havu\u00e7 gibi) ve <strong>baklagillerde<\/strong>, <strong>mantarlarda<\/strong> veya <strong>f\u0131nd\u0131klarda<\/strong>.  <\/p>\n<h2 class=\"wp-block-heading\">Biotin eksikli\u011fi &#8211; belirtiler<\/h2>\n<p>B7 vitamini v\u00fccuda \u00e7ok kolay sa\u011flansa da baz\u0131 ki\u015filerde bu bile\u015fenin emiliminde sorunlar ya\u015fanabilir. Biotin eksiklikleri hamile kad\u0131nlarda, nikotin veya alkol ba\u011f\u0131ml\u0131s\u0131 ki\u015filerde, belirli ila\u00e7lar alanlarda veya \u00e7i\u011f yumurta sar\u0131s\u0131 t\u00fcketenlerde g\u00f6r\u00fclebilir. \u0130\u015flem g\u00f6rm\u00fc\u015f sar\u0131lar\u0131n aksine \u00e7i\u011f sar\u0131lar, biotini ba\u011flayan ve v\u00fccut taraf\u0131ndan emilimini engelleyen avidin i\u00e7erir.  <\/p>\n<p>En karakteristik <strong>biotin eksikli\u011fi yan etkilerine<\/strong> cildin grile\u015fmesi, epidermiste pullanma ve sa\u00e7 d\u00f6k\u00fclmesi dahildir.<\/p>\n<p><strong>Biotin eksikli\u011fi<\/strong> sadece g\u00f6r\u00fcn\u00fcm\u00fcm\u00fcz\u00fc etkilemez, sinir sistemi a\u00e7\u0131s\u0131ndan da yan etkilere neden olabilir. Bunlar aras\u0131nda uyu\u015fukluk, apati, kas\u0131lmalar, depresyon, anksiyete durumlar\u0131, kronik yorgunluk yer al\u0131r. Hamile kad\u0131nlarda sinirsel gerginlik durumlar\u0131nda oldu\u011fu gibi olas\u0131 <a href=\"https:\/\/naturalpoland.pl\/kategoria\/produkty-dla-przemyslu-farmaceutycznego-i-medycznego\/witaminy\/\"><strong>vitamin<\/strong><\/a> B7 eksikli\u011fi \u015f\u00fcphesinde, takviyesi bu belirtilerle m\u00fccadelede de etkili olacakt\u0131r.  <\/p>\n<h2 class=\"wp-block-heading\">Biotin &#8211; yan etkiler<\/h2>\n<p>Biotin nadiren yan etkilere neden olur. Suda \u00e7\u00f6z\u00fcnen bir vitamin oldu\u011fu i\u00e7in fazlas\u0131 idrarla kolayca at\u0131l\u0131r. Ancak uzun s\u00fcreli y\u00fcksek doz kullan\u0131m\u0131nda sindirim sistemi a\u00e7\u0131s\u0131ndan hafif rahats\u0131zl\u0131klar g\u00f6r\u00fclebilir &#8211; mide a\u011fr\u0131s\u0131, bulant\u0131, ishal veya ruh hali de\u011fi\u015fimleri.  <\/p>\n<p>\u00d6nemli olan biotinin baz\u0131 laboratuvar test sonu\u00e7lar\u0131n\u0131 bozabilece\u011fi ger\u00e7e\u011fidir. B7 vitamini alan ki\u015filer tiroid, gonadotropin ve D vitamini testlerinden \u00f6nce takviyeyi b\u0131rakmal\u0131d\u0131r &#8211; aksi takdirde elde edilen sonu\u00e7lar ger\u00e7ek de\u011ferlere g\u00f6re y\u00fcksek veya d\u00fc\u015f\u00fck \u00e7\u0131kabilir. <\/p>\n<p>Piyasada hem takviye hem de kozmetik formunda biotin i\u00e7eren \u00e7ok say\u0131da preparat mevcuttur. Ancak biotin takviyesine ba\u015flamadan \u00f6nce doktor veya eczac\u0131 ile kons\u00fcltasyon \u00f6nerilir. Bu kons\u00fcltasyon takviyenin g\u00fcvenli ve etkili olaca\u011f\u0131ndan emin olmay\u0131 sa\u011flar ve kullan\u0131c\u0131n\u0131n bireysel ihtiya\u00e7lar\u0131na uygun dozu ayarlamaya yard\u0131mc\u0131 olur.  <\/p>\n<p>&nbsp;<\/p>\n<hr>\n<p><strong>Kaynak\u00e7a:<\/strong><\/p>\n<p>Bistas KG, Tadi P. (2020) Biotin. StatPearls Publishing, Treasure Island (FL) https:\/\/europepmc.org\/article\/nbk\/nbk554493<br \/>\nPatel DP, Swink SM, Castelo-Soccio L. (2017) A Review of the Use of Biotin for Hair Loss. Skin Appendage Disord. 3: 166\u2013169.    3. https:\/\/zywienie.medonet.pl\/skladniki-odzywcze\/witaminy-i-mineraly\/biotyna-wlasciwosci-objawy-niedoboru-zrodla-witaminy-b7\/<\/p>\n<hr>\n<h5 class=\"author-name uppercase pt-half\"><strong>DR. ECZACILIK B\u0130L\u0130MLER\u0130 UZMANI KATARZYNA KIMEL <\/strong><\/h5>\n<p class=\"author-desc small\">Bilimsel ilgi alanlar\u0131 bitkisel ila\u00e7lar ve do\u011fal kaynakl\u0131 biyoaktif maddeler \u00fczerine ara\u015ft\u0131rmalara odaklanan Eczac\u0131l\u0131k Bilimleri Doktoru. Seyahat etmeyi ve bo\u015f zamanlar\u0131n\u0131 do\u011fada ge\u00e7irmeyi seven biri. <\/p>\n","protected":false},"excerpt":{"rendered":"<p><strong>Biotin<\/strong>, <strong>B7 vitamini<\/strong> veya <strong>H vitamini<\/strong> olarak da bilinir. Bu kimyasal bile\u015fik, \u00e7ok say\u0131da sa\u011fl\u0131k ve bak\u0131m faydas\u0131yla tan\u0131nm\u0131\u015ft\u0131r. Bir\u00e7ok besin takviyesi ve kozmeti\u011fin bile\u015fenidir. <\/p>\n","protected":false},"featured_media":44687,"template":"","meta":{"_acf_changed":false},"product_brand":[],"product_cat":[9542],"product_tag":[],"class_list":{"0":"post-44685","1":"product","2":"type-product","3":"status-publish","4":"has-post-thumbnail","6":"product_cat-vitaminler","8":"first","9":"instock","10":"shipping-taxable","11":"product-type-simple"},"acf":[],"yoast_head":"<!-- This site is optimized with the Yoast SEO plugin v27.5 - https:\/\/yoast.com\/product\/yoast-seo-wordpress\/ -->\n<title>Biotin - NATURAL POLAND - Hurtowy Dystrybutor Surowc\u00f3w<\/title>\n<meta name=\"description\" content=\"Biotin, B7 vitamini veya H vitamini olarak da bilinen, hem t\u0131pta hem de kozmetikte de\u011fer g\u00f6ren bir kimyasal bile\u015fiktir.\" \/>\n<meta name=\"robots\" content=\"index, follow, max-snippet:-1, max-image-preview:large, max-video-preview:-1\" \/>\n<link rel=\"canonical\" href=\"https:\/\/naturalpoland.com\/tr\/urunler\/farmasotik-hammaddeler\/vitaminler\/biotin\/\" \/>\n<meta property=\"og:locale\" content=\"tr_TR\" \/>\n<meta property=\"og:type\" content=\"article\" \/>\n<meta property=\"og:title\" content=\"Biotin - NATURAL POLAND - Hurtowy Dystrybutor Surowc\u00f3w\" \/>\n<meta property=\"og:description\" content=\"Biotin, B7 vitamini veya H vitamini olarak da bilinen, hem t\u0131pta hem de kozmetikte de\u011fer g\u00f6ren bir kimyasal bile\u015fiktir.\" \/>\n<meta property=\"og:url\" content=\"https:\/\/naturalpoland.com\/tr\/urunler\/farmasotik-hammaddeler\/vitaminler\/biotin\/\" \/>\n<meta property=\"og:site_name\" content=\"NATURAL POLAND - Hurtowy Dystrybutor Surowc\u00f3w\" \/>\n<meta property=\"article:publisher\" content=\"https:\/\/www.facebook.com\/naturalpoland.b2b\" \/>\n<meta property=\"article:modified_time\" content=\"2025-12-22T12:30:32+00:00\" \/>\n<meta property=\"og:image\" content=\"https:\/\/naturalpoland.com\/wp-content\/uploads\/biotyna.webp\" \/>\n\t<meta property=\"og:image:width\" content=\"619\" \/>\n\t<meta property=\"og:image:height\" content=\"619\" \/>\n\t<meta property=\"og:image:type\" content=\"image\/webp\" \/>\n<script type=\"application\/ld+json\" class=\"yoast-schema-graph\">{\"@context\":\"https:\\\/\\\/schema.org\",\"@graph\":[{\"@type\":\"WebPage\",\"@id\":\"https:\\\/\\\/naturalpoland.com\\\/tr\\\/urunler\\\/farmasotik-hammaddeler\\\/vitaminler\\\/biotin\\\/\",\"url\":\"https:\\\/\\\/naturalpoland.com\\\/tr\\\/urunler\\\/farmasotik-hammaddeler\\\/vitaminler\\\/biotin\\\/\",\"name\":\"Biotin - NATURAL POLAND - Hurtowy Dystrybutor Surowc\u00f3w\",\"isPartOf\":{\"@id\":\"https:\\\/\\\/naturalpoland.com\\\/tr\\\/#website\"},\"primaryImageOfPage\":{\"@id\":\"https:\\\/\\\/naturalpoland.com\\\/tr\\\/urunler\\\/farmasotik-hammaddeler\\\/vitaminler\\\/biotin\\\/#primaryimage\"},\"image\":{\"@id\":\"https:\\\/\\\/naturalpoland.com\\\/tr\\\/urunler\\\/farmasotik-hammaddeler\\\/vitaminler\\\/biotin\\\/#primaryimage\"},\"thumbnailUrl\":\"https:\\\/\\\/naturalpoland.com\\\/wp-content\\\/uploads\\\/biotyna.webp\",\"datePublished\":\"2021-05-11T11:36:36+00:00\",\"dateModified\":\"2025-12-22T12:30:32+00:00\",\"description\":\"Biotin, B7 vitamini veya H vitamini olarak da bilinen, hem t\u0131pta hem de kozmetikte de\u011fer g\u00f6ren bir kimyasal bile\u015fiktir.\",\"breadcrumb\":{\"@id\":\"https:\\\/\\\/naturalpoland.com\\\/tr\\\/urunler\\\/farmasotik-hammaddeler\\\/vitaminler\\\/biotin\\\/#breadcrumb\"},\"inLanguage\":\"tr\",\"potentialAction\":[{\"@type\":\"ReadAction\",\"target\":[\"https:\\\/\\\/naturalpoland.com\\\/tr\\\/urunler\\\/farmasotik-hammaddeler\\\/vitaminler\\\/biotin\\\/\"]}]},{\"@type\":\"ImageObject\",\"inLanguage\":\"tr\",\"@id\":\"https:\\\/\\\/naturalpoland.com\\\/tr\\\/urunler\\\/farmasotik-hammaddeler\\\/vitaminler\\\/biotin\\\/#primaryimage\",\"url\":\"https:\\\/\\\/naturalpoland.com\\\/wp-content\\\/uploads\\\/biotyna.webp\",\"contentUrl\":\"https:\\\/\\\/naturalpoland.com\\\/wp-content\\\/uploads\\\/biotyna.webp\",\"width\":619,\"height\":619,\"caption\":\"biotin - toz\"},{\"@type\":\"BreadcrumbList\",\"@id\":\"https:\\\/\\\/naturalpoland.com\\\/tr\\\/urunler\\\/farmasotik-hammaddeler\\\/vitaminler\\\/biotin\\\/#breadcrumb\",\"itemListElement\":[{\"@type\":\"ListItem\",\"position\":1,\"name\":\"Ana Sayfa\",\"item\":\"https:\\\/\\\/naturalpoland.com\\\/tr\\\/\"},{\"@type\":\"ListItem\",\"position\":2,\"name\":\"\u00dcr\u00fcnler\",\"item\":\"https:\\\/\\\/naturalpoland.com\\\/tr\\\/urunler\\\/\"},{\"@type\":\"ListItem\",\"position\":3,\"name\":\"Biotin\"}]},{\"@type\":\"WebSite\",\"@id\":\"https:\\\/\\\/naturalpoland.com\\\/tr\\\/#website\",\"url\":\"https:\\\/\\\/naturalpoland.com\\\/tr\\\/\",\"name\":\"NATURAL POLAND - Hurtowy Dystrybutor Surowc\u00f3w\",\"description\":\"Surowce dla przemys\u0142u spo\u017cywczego, kosmetycznego i farmaceutycznego\",\"publisher\":{\"@id\":\"https:\\\/\\\/naturalpoland.com\\\/tr\\\/#organization\"},\"potentialAction\":[{\"@type\":\"SearchAction\",\"target\":{\"@type\":\"EntryPoint\",\"urlTemplate\":\"https:\\\/\\\/naturalpoland.com\\\/tr\\\/?s={search_term_string}\"},\"query-input\":{\"@type\":\"PropertyValueSpecification\",\"valueRequired\":true,\"valueName\":\"search_term_string\"}}],\"inLanguage\":\"tr\"},{\"@type\":\"Organization\",\"@id\":\"https:\\\/\\\/naturalpoland.com\\\/tr\\\/#organization\",\"name\":\"Natural Poland\",\"url\":\"https:\\\/\\\/naturalpoland.com\\\/tr\\\/\",\"logo\":{\"@type\":\"ImageObject\",\"inLanguage\":\"tr\",\"@id\":\"https:\\\/\\\/naturalpoland.com\\\/tr\\\/#\\\/schema\\\/logo\\\/image\\\/\",\"url\":\"https:\\\/\\\/naturalpoland.com\\\/wp-content\\\/uploads\\\/2021\\\/05\\\/natural-poland-icon.png\",\"contentUrl\":\"https:\\\/\\\/naturalpoland.com\\\/wp-content\\\/uploads\\\/2021\\\/05\\\/natural-poland-icon.png\",\"width\":512,\"height\":512,\"caption\":\"Natural Poland\"},\"image\":{\"@id\":\"https:\\\/\\\/naturalpoland.com\\\/tr\\\/#\\\/schema\\\/logo\\\/image\\\/\"},\"sameAs\":[\"https:\\\/\\\/www.facebook.com\\\/naturalpoland.b2b\",\"https:\\\/\\\/pl.linkedin.com\\\/company\\\/natural-poland\",\"https:\\\/\\\/www.youtube.com\\\/channel\\\/UCgeGGkvOMahZo-xu_MSEWxg\"]}]}<\/script>\n<!-- \/ Yoast SEO plugin. -->","yoast_head_json":{"title":"Biotin - NATURAL POLAND - Hurtowy Dystrybutor Surowc\u00f3w","description":"Biotin, B7 vitamini veya H vitamini olarak da bilinen, hem t\u0131pta hem de kozmetikte de\u011fer g\u00f6ren bir kimyasal bile\u015fiktir.","robots":{"index":"index","follow":"follow","max-snippet":"max-snippet:-1","max-image-preview":"max-image-preview:large","max-video-preview":"max-video-preview:-1"},"canonical":"https:\/\/naturalpoland.com\/tr\/urunler\/farmasotik-hammaddeler\/vitaminler\/biotin\/","og_locale":"tr_TR","og_type":"article","og_title":"Biotin - NATURAL POLAND - Hurtowy Dystrybutor Surowc\u00f3w","og_description":"Biotin, B7 vitamini veya H vitamini olarak da bilinen, hem t\u0131pta hem de kozmetikte de\u011fer g\u00f6ren bir kimyasal bile\u015fiktir.","og_url":"https:\/\/naturalpoland.com\/tr\/urunler\/farmasotik-hammaddeler\/vitaminler\/biotin\/","og_site_name":"NATURAL POLAND - Hurtowy Dystrybutor Surowc\u00f3w","article_publisher":"https:\/\/www.facebook.com\/naturalpoland.b2b","article_modified_time":"2025-12-22T12:30:32+00:00","og_image":[{"width":619,"height":619,"url":"https:\/\/naturalpoland.com\/wp-content\/uploads\/biotyna.webp","type":"image\/webp"}],"schema":{"@context":"https:\/\/schema.org","@graph":[{"@type":"WebPage","@id":"https:\/\/naturalpoland.com\/tr\/urunler\/farmasotik-hammaddeler\/vitaminler\/biotin\/","url":"https:\/\/naturalpoland.com\/tr\/urunler\/farmasotik-hammaddeler\/vitaminler\/biotin\/","name":"Biotin - NATURAL POLAND - Hurtowy Dystrybutor Surowc\u00f3w","isPartOf":{"@id":"https:\/\/naturalpoland.com\/tr\/#website"},"primaryImageOfPage":{"@id":"https:\/\/naturalpoland.com\/tr\/urunler\/farmasotik-hammaddeler\/vitaminler\/biotin\/#primaryimage"},"image":{"@id":"https:\/\/naturalpoland.com\/tr\/urunler\/farmasotik-hammaddeler\/vitaminler\/biotin\/#primaryimage"},"thumbnailUrl":"https:\/\/naturalpoland.com\/wp-content\/uploads\/biotyna.webp","datePublished":"2021-05-11T11:36:36+00:00","dateModified":"2025-12-22T12:30:32+00:00","description":"Biotin, B7 vitamini veya H vitamini olarak da bilinen, hem t\u0131pta hem de kozmetikte de\u011fer g\u00f6ren bir kimyasal bile\u015fiktir.","breadcrumb":{"@id":"https:\/\/naturalpoland.com\/tr\/urunler\/farmasotik-hammaddeler\/vitaminler\/biotin\/#breadcrumb"},"inLanguage":"tr","potentialAction":[{"@type":"ReadAction","target":["https:\/\/naturalpoland.com\/tr\/urunler\/farmasotik-hammaddeler\/vitaminler\/biotin\/"]}]},{"@type":"ImageObject","inLanguage":"tr","@id":"https:\/\/naturalpoland.com\/tr\/urunler\/farmasotik-hammaddeler\/vitaminler\/biotin\/#primaryimage","url":"https:\/\/naturalpoland.com\/wp-content\/uploads\/biotyna.webp","contentUrl":"https:\/\/naturalpoland.com\/wp-content\/uploads\/biotyna.webp","width":619,"height":619,"caption":"biotin - toz"},{"@type":"BreadcrumbList","@id":"https:\/\/naturalpoland.com\/tr\/urunler\/farmasotik-hammaddeler\/vitaminler\/biotin\/#breadcrumb","itemListElement":[{"@type":"ListItem","position":1,"name":"Ana Sayfa","item":"https:\/\/naturalpoland.com\/tr\/"},{"@type":"ListItem","position":2,"name":"\u00dcr\u00fcnler","item":"https:\/\/naturalpoland.com\/tr\/urunler\/"},{"@type":"ListItem","position":3,"name":"Biotin"}]},{"@type":"WebSite","@id":"https:\/\/naturalpoland.com\/tr\/#website","url":"https:\/\/naturalpoland.com\/tr\/","name":"NATURAL POLAND - Hurtowy Dystrybutor Surowc\u00f3w","description":"Surowce dla przemys\u0142u spo\u017cywczego, kosmetycznego i farmaceutycznego","publisher":{"@id":"https:\/\/naturalpoland.com\/tr\/#organization"},"potentialAction":[{"@type":"SearchAction","target":{"@type":"EntryPoint","urlTemplate":"https:\/\/naturalpoland.com\/tr\/?s={search_term_string}"},"query-input":{"@type":"PropertyValueSpecification","valueRequired":true,"valueName":"search_term_string"}}],"inLanguage":"tr"},{"@type":"Organization","@id":"https:\/\/naturalpoland.com\/tr\/#organization","name":"Natural Poland","url":"https:\/\/naturalpoland.com\/tr\/","logo":{"@type":"ImageObject","inLanguage":"tr","@id":"https:\/\/naturalpoland.com\/tr\/#\/schema\/logo\/image\/","url":"https:\/\/naturalpoland.com\/wp-content\/uploads\/2021\/05\/natural-poland-icon.png","contentUrl":"https:\/\/naturalpoland.com\/wp-content\/uploads\/2021\/05\/natural-poland-icon.png","width":512,"height":512,"caption":"Natural Poland"},"image":{"@id":"https:\/\/naturalpoland.com\/tr\/#\/schema\/logo\/image\/"},"sameAs":["https:\/\/www.facebook.com\/naturalpoland.b2b","https:\/\/pl.linkedin.com\/company\/natural-poland","https:\/\/www.youtube.com\/channel\/UCgeGGkvOMahZo-xu_MSEWxg"]}]}},"_links":{"self":[{"href":"https:\/\/naturalpoland.com\/tr\/wp-json\/wp\/v2\/product\/44685","targetHints":{"allow":["GET"]}}],"collection":[{"href":"https:\/\/naturalpoland.com\/tr\/wp-json\/wp\/v2\/product"}],"about":[{"href":"https:\/\/naturalpoland.com\/tr\/wp-json\/wp\/v2\/types\/product"}],"wp:featuredmedia":[{"embeddable":true,"href":"https:\/\/naturalpoland.com\/tr\/wp-json\/wp\/v2\/media\/44687"}],"wp:attachment":[{"href":"https:\/\/naturalpoland.com\/tr\/wp-json\/wp\/v2\/media?parent=44685"}],"wp:term":[{"taxonomy":"product_brand","embeddable":true,"href":"https:\/\/naturalpoland.com\/tr\/wp-json\/wp\/v2\/product_brand?post=44685"},{"taxonomy":"product_cat","embeddable":true,"href":"https:\/\/naturalpoland.com\/tr\/wp-json\/wp\/v2\/product_cat?post=44685"},{"taxonomy":"product_tag","embeddable":true,"href":"https:\/\/naturalpoland.com\/tr\/wp-json\/wp\/v2\/product_tag?post=44685"}],"curies":[{"name":"wp","href":"https:\/\/api.w.org\/{rel}","templated":true}]}}