{"id":44688,"date":"2023-09-01T09:36:08","date_gmt":"2023-09-01T07:36:08","guid":{"rendered":"https:\/\/naturalpoland.com\/produkty\/kategorilenmemis\/kolajen\/"},"modified":"2026-03-23T11:22:38","modified_gmt":"2026-03-23T10:22:38","slug":"kolajen","status":"publish","type":"product","link":"https:\/\/naturalpoland.com\/tr\/urunler\/farmasotik-hammaddeler\/takviye-edici-gida-bilesenleri\/kolajen\/","title":{"rendered":"Kolajen"},"content":{"rendered":"<h2>Bal\u0131k kolajeni<\/h2>\n<p><strong>Tip I bal\u0131k kolajen peptidi<\/strong>, bal\u0131k derisinden jelatin hidrolizi yoluyla elde edilir. Kuru maddede %94&#8217;\u00fcn \u00fczerinde protein i\u00e7eri\u011fine sahip saf, do\u011fal bir bile\u015fendir. 18 amino asit i\u00e7erir (\u00f6rne\u011fin glisin, prolin, hidroksiprolin, arjinin, l\u00f6sin, lizin), bunlardan 7&#8217;si esansiyel amino asitlerdir.  <\/p>\n<p>\u00dcr\u00fcn toz ve gran\u00fcl formunda mevcuttur, gran\u00fcl form daha h\u0131zl\u0131 \u00e7\u00f6z\u00fcn\u00fcrl\u00fck sa\u011flar. Besin takviyeleri, kozmetik \u00fcr\u00fcnler ve fonksiyonel g\u0131dalarda kullan\u0131labilir. <\/p>\n<p>&nbsp;<\/p>\n<h2 id=\"hydrolizat-kolagenu-z-indyka\">Hindi Kolajen Hidrolizat\u0131<\/h2>\n<p>Hayvansal kaynakl\u0131 kolajenin kontroll\u00fc hidrolizi, farkl\u0131 molek\u00fcl a\u011f\u0131rl\u0131klar\u0131na sahip, suda \u00e7ok iyi \u00e7\u00f6z\u00fcn\u00fcrl\u00fck (d\u00fc\u015f\u00fck s\u0131cakl\u0131klarda bile) ve y\u00fcksek biyoyararlan\u0131m ile karakterize edilen bir peptit kar\u0131\u015f\u0131m\u0131 olu\u015fumuna yol a\u00e7ar.<\/p>\n<p>Sunulan kolajen <strong>\u2265%90 protein<\/strong> i\u00e7erir ve farkl\u0131 fraksiyonlarda (d\u00fc\u015f\u00fck, orta molek\u00fcl a\u011f\u0131rl\u0131\u011f\u0131 veya tam spektrum) bulunabilir. \u00dcr\u00fcn, do\u011fal olarak olu\u015fan yap\u0131sal bile\u015fenleri i\u00e7erir: <strong>hidroksiprolin<\/strong> ve <strong>prolin<\/strong>, <strong>glisin<\/strong> (yakla\u015f\u0131k 14,6 g\/100 g protein) ve <strong>glutamik asit<\/strong> (~11,4 g\/100 g). Ayr\u0131ca, <strong>kondroitin s\u00fclfat<\/strong> veya <strong>glukozamin<\/strong> gibi ba\u011f dokusu yap\u0131s\u0131n\u0131 destekleyen eser miktarda bile\u015fikler i\u00e7erebilir. Amino asit profili, eksojen ve dall\u0131 zincirli amino asitleri (<strong>BCAA<\/strong>) de kapsar, bu da nutras\u00f6tik uygulamalardaki \u00e7ekicili\u011fini art\u0131r\u0131r.   <\/p>\n<p>G\u0131da ve takviye form\u00fclasyonlar\u0131nda hindi kolajen hidrolizat\u0131, <strong>\u00fcr\u00fcn\u00fcn tad\u0131n\u0131 ve kokusunu \u00f6nemli \u00f6l\u00e7\u00fcde etkilemeyen<\/strong> fonksiyonel bir bile\u015fen olarak kullan\u0131l\u0131r. Hem i\u00e7eceklerde hem de toz veya kaps\u00fcl formundaki \u00fcr\u00fcnlerde kullan\u0131labilir.<\/p>\n<p>Hindi kolajen hidrolizat\u0131 \u015fu sertifikalara sahiptir: BRCGS Food, IFS Food, IFS Logistics ve Helal.<\/p>\n<p>&nbsp;<\/p>\n<h2>Hidrolize s\u0131\u011f\u0131r kolajeni<\/h2>\n<p>Hidrolize s\u0131\u011f\u0131r kolajeni, T\u00fcrkiye&#8217;den gelen sertifikal\u0131 hammaddelerden elde edilir. Yakla\u015f\u0131k %94,4 oran\u0131nda \u00e7ok y\u00fcksek protein i\u00e7eri\u011fine sahip bir bile\u015fendir, bu da kalitesini ve aktif peptidlerin y\u00fcksek konsantrasyonunu g\u00f6sterir. Geli\u015fmi\u015f hidroliz s\u00fcreci sayesinde kolajen, y\u00fcksek biyoyararlan\u0131m\u0131 olan ve suda m\u00fckemmel \u00e7\u00f6z\u00fcnen k\u00fc\u00e7\u00fck, kolayca emilen peptidlere ayr\u0131l\u0131r. 3,6-3,99 mPa\u00b7s aral\u0131\u011f\u0131ndaki viskozite parametreleri, hem <strong>s\u0131v\u0131 hem de toz<\/strong> form\u00fclasyonlarda kullan\u0131m\u0131n\u0131 kolayla\u015ft\u0131r\u0131r. Hammadde ayr\u0131ca <strong>\u00e7ok iyi \u00e7\u00f6zelti berrakl\u0131\u011f\u0131<\/strong> ile karakterizedir, bu da fonksiyonel i\u00e7eceklerde ve berrakl\u0131\u011f\u0131n \u00f6nemli oldu\u011fu \u00fcr\u00fcnlerde kullan\u0131lmas\u0131na olanak tan\u0131r.     <\/p>\n<p>Peptid kolajen neredeyse <strong>kokusuz<\/strong> ve <strong>yo\u011fun renkten yoksundur<\/strong>. Mikrobiyolojik analizler, \u00fcr\u00fcn\u00fcn <strong>g\u0131da ve kozmetik uygulamalar\u0131 i\u00e7in<\/strong> tamamen g\u00fcvenli oldu\u011funu do\u011frulamaktad\u0131r. <\/p>\n<p>Glisin, prolin ve hidroksiprolin gibi amino asitlerce zengin kolajen peptidleri, <strong>ciltte kolajen sentezini<\/strong> destekler, elastikiyetini ve nem seviyesini iyile\u015ftirir ve ince k\u0131r\u0131\u015f\u0131kl\u0131klar\u0131n g\u00f6r\u00fcn\u00fcrl\u00fc\u011f\u00fcn\u00fc azaltmaya yard\u0131mc\u0131 olur. Hammadde ayr\u0131ca <strong>sporcular ve aktif ki\u015filer i\u00e7in tasarlanm\u0131\u015f besin takviyelerinde<\/strong> de m\u00fckemmel performans g\u00f6sterir, \u00e7\u00fcnk\u00fc ba\u011f dokusu rejenerasyonunu, eklem sa\u011fl\u0131\u011f\u0131n\u0131 ve egzersiz sonras\u0131 yenilenme s\u00fcre\u00e7lerini destekler. G\u0131da ve nutras\u00f6tik \u00fcr\u00fcnlerde, n\u00f6tr tad\u0131, berrakl\u0131\u011f\u0131 ve kar\u0131\u015ft\u0131rma kolayl\u0131\u011f\u0131, onu kolajen i\u00e7ecekleri, instant tozlar ve fonksiyonel barlar olu\u015fturmak i\u00e7in \u00e7ekici bir hammadde haline getirir.  <\/p>\n<p>Kozmetik uygulamalarda, hidrolize kolajen <strong>nemlendirici ve p\u00fcr\u00fczs\u00fczle\u015ftirici bir bile\u015fen<\/strong> olarak i\u015flev g\u00f6r\u00fcr, \u00f6zellikle dehidrate olmu\u015f ve g\u00fc\u00e7lendirmeye ihtiya\u00e7 duyan ciltlerin konforunu ve durumunu iyile\u015ftirir. Kremler, serumlar, losyonlar ve bak\u0131m maskeleri i\u00e7in de\u011ferli bir bile\u015fendir. <\/p>\n<h2><\/h2>\n<h2>Kolajenin \u00f6zellikleri<\/h2>\n<p>Kolajenin ana rol\u00fc v\u00fccutta yap\u0131, g\u00fc\u00e7 ve destek sa\u011flamakt\u0131r ve kolajenin spesifik rolleri \u015funlar\u0131 i\u00e7erir: <strong>fibroblastlar\u0131n dermisin olu\u015fumuna yard\u0131mc\u0131 olmas\u0131<\/strong> (cildin orta tabakas\u0131), bu da yeni h\u00fccre b\u00fcy\u00fcmesine yard\u0131mc\u0131 olur, organlara koruyucu bir kaplama sa\u011flar, cilde yap\u0131, g\u00fc\u00e7 ve esneklik verir ve kan p\u0131ht\u0131la\u015fmas\u0131na kat\u0131l\u0131r.<\/p>\n<p>Toptan teklifimizde, d\u00fczenli t\u00fcketimi cilt ya\u015flanma s\u00fcre\u00e7lerini \u00f6nleyebilen, ince \u00e7izgilerin ve k\u0131r\u0131\u015f\u0131kl\u0131klar\u0131n g\u00f6r\u00fcn\u00fcrl\u00fc\u011f\u00fcn\u00fc azaltabilen ve sa\u00e7 ve t\u0131rnak rejenerasyonunu destekleyebilen en y\u00fcksek kalitede kolajen sunuyoruz. Yeni cilt h\u00fccrelerinin \u00fcretimini destekleme \u00f6zelli\u011fi sayesinde kolajen, yara iyile\u015fmesi ve doku rejenerasyonu s\u00fcrecinde de paha bi\u00e7ilmezdir. <\/p>\n<p>Kozmetik faydalar\u0131n yan\u0131 s\u0131ra kolajen, <strong>eklem ve ba\u011f sa\u011fl\u0131\u011f\u0131 i\u00e7in gereklidir<\/strong>. T\u00fcketimi a\u011fr\u0131 semptomlar\u0131n\u0131 hafifletmeye, eklem esnekli\u011fini iyile\u015ftirmeye ve kemik sa\u011fl\u0131\u011f\u0131n\u0131 desteklemeye yard\u0131mc\u0131 olabilir. <\/p>\n<p>&nbsp;<\/p>\n<h2>Kimler kolajen takviyesi almal\u0131d\u0131r?<\/h2>\n<p>Ya\u015fla birlikte v\u00fccut daha az kolajen \u00fcretir ve mevcut kolajen daha h\u0131zl\u0131 par\u00e7alan\u0131r. Kad\u0131nlar menopozdan sonra kolajen \u00fcretiminde \u00f6nemli bir azalma ya\u015farlar. 60 ya\u015f\u0131ndan sonra kolajen \u00fcretimindeki d\u00fc\u015f\u00fc\u015f herkes i\u00e7in do\u011fal bir fenomendir. Protein a\u00e7\u0131s\u0131ndan fakir bir diyet, v\u00fccuttaki kolajen seviyesinin yetersiz olmas\u0131na neden olabilir. Bu, \u015fu belirtilerin ortaya \u00e7\u0131kmas\u0131yla fark edilebilir: k\u0131r\u0131\u015f\u0131k veya sark\u0131k cilt, g\u00f6z \u00e7evresinde \u015fi\u015flik, zay\u0131flam\u0131\u015f kaslar, daha sert, daha az esnek tendonlar ve ba\u011flar, k\u0131k\u0131rdak a\u015f\u0131nmas\u0131ndan kaynaklanan eklem a\u011fr\u0131s\u0131 veya osteoartrit veya kan ak\u0131\u015f\u0131 sorunlar\u0131.     <\/p>\n<p>Diyet takviyesi ba\u011flam\u0131nda kolajen, <strong>sa\u011fl\u0131k ve g\u00fczelli\u011fine \u00f6zen g\u00f6steren ki\u015filere<\/strong>, <strong>aktif ya\u015fam tarz\u0131 s\u00fcrd\u00fcrenlere<\/strong>, <strong>sporculara<\/strong> ve <strong>ya\u015fl\u0131 bireylere<\/strong> \u00f6nerilir.<\/p>\n<p>&nbsp;<\/p>\n<h2>V\u00fccutta kolajeni ne yok eder?<\/h2>\n<p>Kolajen sentezini azaltan \u00e7evresel fakt\u00f6rler aras\u0131nda <strong>sigara i\u00e7mek<\/strong> yer al\u0131r, bu da kolajen \u00fcretimini azalt\u0131r. Kolajen ve elastini hasar vererek k\u0131r\u0131\u015f\u0131kl\u0131klar\u0131n olu\u015fmas\u0131na neden olur ve yaralar\u0131n daha yava\u015f iyile\u015fmesine yol a\u00e7ar. Nikotin, cilt y\u00fczeyine yak\u0131n kan damarlar\u0131n\u0131 daraltarak oksijen ve besin maddelerinin iletilmesini engeller.   <\/p>\n<p>Bir di\u011fer olumsuz fakt\u00f6r <strong>\u00e7ok fazla \u015feker ve rafine karbonhidrat t\u00fcketmektir<\/strong>. \u015eeker proteinlerle birle\u015fir ve olu\u015fan molek\u00fcller yak\u0131ndaki proteinlere zarar vererek kolajenin zay\u0131f ve k\u0131r\u0131lgan hale gelmesine neden olur. <\/p>\n<p>Ayr\u0131ca <strong>ultraviyole \u0131\u015f\u0131\u011fa maruz kalmak<\/strong> ciltteki kolajen yap\u0131s\u0131n\u0131 olumsuz etkiler. \u00c7ok fazla g\u00fcne\u015f \u0131\u015f\u0131\u011f\u0131 kolajen \u00fcretimini azalt\u0131r ve daha h\u0131zl\u0131 par\u00e7alanmas\u0131na neden olarak k\u0131r\u0131\u015f\u0131kl\u0131klar\u0131n olu\u015fmas\u0131na yol a\u00e7ar. <\/p>\n<p>V\u00fccutta kolajen eksikli\u011fine neden olan di\u011fer fakt\u00f6rler aras\u0131nda <strong>otoimm\u00fcn hastal\u0131klar<\/strong> (romatoid artrit, lupus, dermatomiyozit ve skleroderma) ve <strong>genetik mutasyonlar<\/strong> (Ehlers-Danlos sendromu ve osteogenesis imperfekta) bulunur.<\/p>\n<p>&nbsp;<\/p>\n<h2>Hangi kolajen se\u00e7ilmeli?<\/h2>\n<p><strong>Yakla\u015f\u0131k 28 tip kolajen<\/strong> tan\u0131mlanm\u0131\u015ft\u0131r. Bunlar molek\u00fcllerin birle\u015fme \u015fekli, eklenen h\u00fccresel bile\u015fenler ve kolajenin v\u00fccutta kullan\u0131ld\u0131\u011f\u0131 yer a\u00e7\u0131s\u0131ndan farkl\u0131l\u0131k g\u00f6sterir. <\/p>\n<p>Kolajeni olu\u015fturan ana amino asitler <strong>prolin<\/strong>, <strong>glisin<\/strong> ve <strong>hidroksiprolindir<\/strong>. T\u00fcm kolajen lifleri en az bir \u00fc\u00e7l\u00fc sarmal yap\u0131ya sahiptir. <\/p>\n<p><strong>V\u00fccutta be\u015f farkl\u0131 kolajen tipi bulunur:<\/strong><\/p>\n<p>&#8211; <strong>Tip 1<\/strong> &#8211; v\u00fccuttaki toplam kolajenin yakla\u015f\u0131k %90&#8217;\u0131n\u0131 olu\u015fturur. Ciltte, ba\u011f dokusunda, tendonlarda, di\u015flerde ve kemiklerde bulunur. <\/p>\n<p>&#8211; <strong>Tip 2<\/strong> &#8211; eklem k\u0131k\u0131rda\u011f\u0131nda bulunur.<\/p>\n<p>&#8211; <strong>Tip 3<\/strong> &#8211; kas, organ ve arter yap\u0131lar\u0131nda bulunur.<\/p>\n<p>&#8211; <strong>Tip 4<\/strong> &#8211; cilt katmanlar\u0131nda ve zar\u0131nda bulunur.<\/p>\n<p>&#8211; <strong>Tip 5<\/strong> &#8211; sa\u00e7larda, g\u00f6z\u00fcn korneas\u0131nda ve ayr\u0131ca hamilelik s\u0131ras\u0131nda plasentada bulunur.<\/p>\n<p>Birka\u00e7 farkl\u0131 kolajen takviyesi t\u00fcr\u00fc mevcuttur: <strong>hayvansal<\/strong> ve <strong>deniz (bal\u0131k)<\/strong>, ayr\u0131ca <strong>vegan<\/strong>. Vegan \u00fcr\u00fcnler kolajen \u00f6nc\u00fcleri sa\u011flar, \u00e7\u00fcnk\u00fc do\u011fal olarak olu\u015fan kolajen yaln\u0131zca hayvansal kaynaklardan gelir. <\/p>\n<p>&nbsp;<\/p>\n<h2>Kolajen nas\u0131l kullan\u0131l\u0131r<\/h2>\n<p>Kolajen, tercihe ba\u011fl\u0131 olarak smoothie&#8217;lere veya sabah kahvesine eklenebilir veya kaps\u00fcl formunda al\u0131nabilir. Her g\u00fcn gerekli olan kolajen miktar\u0131, t\u00fcr\u00fcne, formuna ve takviye nedenine ba\u011fl\u0131d\u0131r. <\/p>\n<p>Son ara\u015ft\u0131rmalar, g\u00fcnde 2,5 g ila 15 g aras\u0131ndaki dozlarda hidrolize kolajenin g\u00fcvenli ve etkili oldu\u011funu g\u00f6stermektedir. 2,5 g&#8217;l\u0131k daha d\u00fc\u015f\u00fck bir doz eklem a\u011fr\u0131lar\u0131, cilt sa\u011fl\u0131\u011f\u0131 ve nemlendirme \u00fczerinde faydal\u0131 olabilirken, g\u00fcnde 5 g&#8217;\u0131n kemik sa\u011fl\u0131\u011f\u0131 i\u00e7in faydal\u0131 oldu\u011fu g\u00f6r\u00fclm\u00fc\u015ft\u00fcr; v\u00fccut kompozisyonunu ve kas k\u00fctlesini iyile\u015ftirmek i\u00e7in 15 g&#8217;l\u0131k daha y\u00fcksek dozlar kullan\u0131lm\u0131\u015ft\u0131r. <\/p>\n<p>&nbsp;<\/p>\n<h2>V\u00fccuttaki kolajen seviyesi nas\u0131l art\u0131r\u0131l\u0131r<\/h2>\n<p>Kolajen, baklagiller, deniz \u00fcr\u00fcnleri, et, k\u00fcmes hayvanlar\u0131, s\u00fct \u00fcr\u00fcnleri ve yumurta a\u00e7\u0131s\u0131ndan zengin dengeli bir diyet ile v\u00fccuda sa\u011flanabilir. Ancak v\u00fccudun t\u00fcketilen kolajen proteinlerini amino asitlere ay\u0131rd\u0131\u011f\u0131n\u0131 ve daha sonra bu amino asitlerden eksik proteinleri yeniden sentezledi\u011fini unutmamak gerekir. Dolay\u0131s\u0131yla <strong>kolajen a\u00e7\u0131s\u0131ndan zengin besinlerin t\u00fcketilmesi, o anda ba\u015fka proteinlere ihtiya\u00e7 duyulmas\u0131 durumunda v\u00fccuttaki kolajen seviyesinin do\u011frudan y\u00fckselmesine neden olmaz<\/strong>. Bununla birlikte, kolajen \u00fcretimini destekleyen bile\u015fenler sa\u011flayan bir\u00e7ok besin ve takviye bulunmaktad\u0131r. Bunlar prolin ve glisin amino asitlerini i\u00e7erir. C vitamini, \u00e7inko ve bak\u0131r da kolajen olu\u015fum s\u00fcreci i\u00e7in gereklidir.     <\/p>\n<p>Diyetin yan\u0131 s\u0131ra <strong>besin takviyeleri deste\u011fi<\/strong> d\u00fc\u015f\u00fcn\u00fclebilir. Ara\u015ft\u0131rmalar kolajen peptitlerinin cildin nemlenmesi ve elastikiyetinin iyile\u015ftirilmesinde muhtemelen etkili oldu\u011funu g\u00f6stermi\u015ftir. Ayr\u0131ca diz eklemlerinde dejeneratif hastal\u0131\u011f\u0131 olan ki\u015filerde a\u011fr\u0131n\u0131n hafifletilmesi ve eklem fonksiyonlar\u0131n\u0131n iyile\u015ftirilmesinde de muhtemelen etkilidir.  <\/p>\n<hr>\n<h5 class=\"author-name uppercase pt-half\"><strong><small>Y\u00fck. M\u00fch. Misza Kinsner<\/small><\/strong><\/h5>\n<p class=\"author-desc small\"><small>\u0130nsan beslenmesi, g\u0131da de\u011ferlendirmesi ve g\u0131da \u00fcretiminde uygulanan g\u00fcvenlik sistemleri alan\u0131nda e\u011fitim alm\u0131\u015f, Jab\u0142onna&#8217;daki Hayvan Fizyolojisi ve Beslenme Enstit\u00fcs\u00fc&#8217;nde doktora \u00f6\u011frencisi ve ara\u015ft\u0131rma g\u00f6revlisi. Fizik, biyoloji, nutrigenetik ve nutrigenomik gibi \u00e7e\u015fitli alanlardan bilimle ilgilenmektedir.  <\/small><\/p>\n<p>&nbsp;<\/p>\n","protected":false},"excerpt":{"rendered":"<p><strong>Kolajen<\/strong> v\u00fccutta en fazla miktarda bulunan proteindir; kemiklerde, ciltte, kaslarda ve tendonlarda bulunur. Kan p\u0131ht\u0131la\u015fmas\u0131n\u0131n desteklenmesi, yaralar\u0131n iyile\u015fmesi ve sinir sisteminin korunmas\u0131 gibi s\u00fcre\u00e7lerde rol al\u0131r. Ya\u015fla birlikte kolajen \u00fcretimi do\u011fal olarak azal\u0131r ve kolajen i\u00e7eren besin takviyeleri veya beslenme \u00fcr\u00fcnlerinin al\u0131nmas\u0131 sa\u011fl\u0131k ve kozmetik faydalar sa\u011flayabilir.  <\/p>\n","protected":false},"featured_media":44689,"template":"","meta":{"_acf_changed":false},"product_brand":[],"product_cat":[9540],"product_tag":[],"class_list":{"0":"post-44688","1":"product","2":"type-product","3":"status-publish","4":"has-post-thumbnail","6":"product_cat-takviye-edici-gida-bilesenleri","8":"first","9":"instock","10":"shipping-taxable","11":"product-type-simple"},"acf":[],"yoast_head":"<!-- This site is optimized with the Yoast SEO plugin v27.5 - https:\/\/yoast.com\/product\/yoast-seo-wordpress\/ -->\n<title>Kolajen - NATURAL POLAND - Hurtowy Dystrybutor Surowc\u00f3w<\/title>\n<meta name=\"description\" content=\"Kolajen, cilt, sa\u00e7, t\u0131rnak, eklem ve kemik sa\u011fl\u0131\u011f\u0131n\u0131n temelini olu\u015fturan, diyet takviyesinde vazge\u00e7ilmez bir bile\u015fendir.\" \/>\n<meta name=\"robots\" content=\"index, follow, max-snippet:-1, max-image-preview:large, max-video-preview:-1\" \/>\n<link rel=\"canonical\" href=\"https:\/\/naturalpoland.com\/tr\/urunler\/farmasotik-hammaddeler\/takviye-edici-gida-bilesenleri\/kolajen\/\" \/>\n<meta property=\"og:locale\" content=\"tr_TR\" \/>\n<meta property=\"og:type\" content=\"article\" \/>\n<meta property=\"og:title\" content=\"Kolajen - NATURAL POLAND - Hurtowy Dystrybutor Surowc\u00f3w\" \/>\n<meta property=\"og:description\" content=\"Kolajen, cilt, sa\u00e7, t\u0131rnak, eklem ve kemik sa\u011fl\u0131\u011f\u0131n\u0131n temelini olu\u015fturan, diyet takviyesinde vazge\u00e7ilmez bir bile\u015fendir.\" \/>\n<meta property=\"og:url\" content=\"https:\/\/naturalpoland.com\/tr\/urunler\/farmasotik-hammaddeler\/takviye-edici-gida-bilesenleri\/kolajen\/\" \/>\n<meta property=\"og:site_name\" content=\"NATURAL POLAND - Hurtowy Dystrybutor Surowc\u00f3w\" \/>\n<meta property=\"article:publisher\" content=\"https:\/\/www.facebook.com\/naturalpoland.b2b\" \/>\n<meta property=\"article:modified_time\" content=\"2026-03-23T10:22:38+00:00\" \/>\n<meta property=\"og:image\" content=\"https:\/\/naturalpoland.com\/wp-content\/uploads\/collagen.jpg\" \/>\n\t<meta property=\"og:image:width\" content=\"592\" \/>\n\t<meta property=\"og:image:height\" content=\"592\" \/>\n\t<meta property=\"og:image:type\" content=\"image\/jpeg\" \/>\n<script type=\"application\/ld+json\" class=\"yoast-schema-graph\">{\"@context\":\"https:\\\/\\\/schema.org\",\"@graph\":[{\"@type\":\"WebPage\",\"@id\":\"https:\\\/\\\/naturalpoland.com\\\/tr\\\/urunler\\\/farmasotik-hammaddeler\\\/takviye-edici-gida-bilesenleri\\\/kolajen\\\/\",\"url\":\"https:\\\/\\\/naturalpoland.com\\\/tr\\\/urunler\\\/farmasotik-hammaddeler\\\/takviye-edici-gida-bilesenleri\\\/kolajen\\\/\",\"name\":\"Kolajen - NATURAL POLAND - Hurtowy Dystrybutor Surowc\u00f3w\",\"isPartOf\":{\"@id\":\"https:\\\/\\\/naturalpoland.com\\\/tr\\\/#website\"},\"primaryImageOfPage\":{\"@id\":\"https:\\\/\\\/naturalpoland.com\\\/tr\\\/urunler\\\/farmasotik-hammaddeler\\\/takviye-edici-gida-bilesenleri\\\/kolajen\\\/#primaryimage\"},\"image\":{\"@id\":\"https:\\\/\\\/naturalpoland.com\\\/tr\\\/urunler\\\/farmasotik-hammaddeler\\\/takviye-edici-gida-bilesenleri\\\/kolajen\\\/#primaryimage\"},\"thumbnailUrl\":\"https:\\\/\\\/naturalpoland.com\\\/wp-content\\\/uploads\\\/collagen.jpg\",\"datePublished\":\"2023-09-01T07:36:08+00:00\",\"dateModified\":\"2026-03-23T10:22:38+00:00\",\"description\":\"Kolajen, cilt, sa\u00e7, t\u0131rnak, eklem ve kemik sa\u011fl\u0131\u011f\u0131n\u0131n temelini olu\u015fturan, diyet takviyesinde vazge\u00e7ilmez bir bile\u015fendir.\",\"breadcrumb\":{\"@id\":\"https:\\\/\\\/naturalpoland.com\\\/tr\\\/urunler\\\/farmasotik-hammaddeler\\\/takviye-edici-gida-bilesenleri\\\/kolajen\\\/#breadcrumb\"},\"inLanguage\":\"tr\",\"potentialAction\":[{\"@type\":\"ReadAction\",\"target\":[\"https:\\\/\\\/naturalpoland.com\\\/tr\\\/urunler\\\/farmasotik-hammaddeler\\\/takviye-edici-gida-bilesenleri\\\/kolajen\\\/\"]}]},{\"@type\":\"ImageObject\",\"inLanguage\":\"tr\",\"@id\":\"https:\\\/\\\/naturalpoland.com\\\/tr\\\/urunler\\\/farmasotik-hammaddeler\\\/takviye-edici-gida-bilesenleri\\\/kolajen\\\/#primaryimage\",\"url\":\"https:\\\/\\\/naturalpoland.com\\\/wp-content\\\/uploads\\\/collagen.jpg\",\"contentUrl\":\"https:\\\/\\\/naturalpoland.com\\\/wp-content\\\/uploads\\\/collagen.jpg\",\"width\":592,\"height\":592,\"caption\":\"kolajen\"},{\"@type\":\"BreadcrumbList\",\"@id\":\"https:\\\/\\\/naturalpoland.com\\\/tr\\\/urunler\\\/farmasotik-hammaddeler\\\/takviye-edici-gida-bilesenleri\\\/kolajen\\\/#breadcrumb\",\"itemListElement\":[{\"@type\":\"ListItem\",\"position\":1,\"name\":\"Ana Sayfa\",\"item\":\"https:\\\/\\\/naturalpoland.com\\\/tr\\\/\"},{\"@type\":\"ListItem\",\"position\":2,\"name\":\"\u00dcr\u00fcnler\",\"item\":\"https:\\\/\\\/naturalpoland.com\\\/tr\\\/urunler\\\/\"},{\"@type\":\"ListItem\",\"position\":3,\"name\":\"Kolajen\"}]},{\"@type\":\"WebSite\",\"@id\":\"https:\\\/\\\/naturalpoland.com\\\/tr\\\/#website\",\"url\":\"https:\\\/\\\/naturalpoland.com\\\/tr\\\/\",\"name\":\"NATURAL POLAND - Hurtowy Dystrybutor Surowc\u00f3w\",\"description\":\"Surowce dla przemys\u0142u spo\u017cywczego, kosmetycznego i farmaceutycznego\",\"publisher\":{\"@id\":\"https:\\\/\\\/naturalpoland.com\\\/tr\\\/#organization\"},\"potentialAction\":[{\"@type\":\"SearchAction\",\"target\":{\"@type\":\"EntryPoint\",\"urlTemplate\":\"https:\\\/\\\/naturalpoland.com\\\/tr\\\/?s={search_term_string}\"},\"query-input\":{\"@type\":\"PropertyValueSpecification\",\"valueRequired\":true,\"valueName\":\"search_term_string\"}}],\"inLanguage\":\"tr\"},{\"@type\":\"Organization\",\"@id\":\"https:\\\/\\\/naturalpoland.com\\\/tr\\\/#organization\",\"name\":\"Natural Poland\",\"url\":\"https:\\\/\\\/naturalpoland.com\\\/tr\\\/\",\"logo\":{\"@type\":\"ImageObject\",\"inLanguage\":\"tr\",\"@id\":\"https:\\\/\\\/naturalpoland.com\\\/tr\\\/#\\\/schema\\\/logo\\\/image\\\/\",\"url\":\"https:\\\/\\\/naturalpoland.com\\\/wp-content\\\/uploads\\\/2021\\\/05\\\/natural-poland-icon.png\",\"contentUrl\":\"https:\\\/\\\/naturalpoland.com\\\/wp-content\\\/uploads\\\/2021\\\/05\\\/natural-poland-icon.png\",\"width\":512,\"height\":512,\"caption\":\"Natural Poland\"},\"image\":{\"@id\":\"https:\\\/\\\/naturalpoland.com\\\/tr\\\/#\\\/schema\\\/logo\\\/image\\\/\"},\"sameAs\":[\"https:\\\/\\\/www.facebook.com\\\/naturalpoland.b2b\",\"https:\\\/\\\/pl.linkedin.com\\\/company\\\/natural-poland\",\"https:\\\/\\\/www.youtube.com\\\/channel\\\/UCgeGGkvOMahZo-xu_MSEWxg\"]}]}<\/script>\n<!-- \/ Yoast SEO plugin. -->","yoast_head_json":{"title":"Kolajen - NATURAL POLAND - Hurtowy Dystrybutor Surowc\u00f3w","description":"Kolajen, cilt, sa\u00e7, t\u0131rnak, eklem ve kemik sa\u011fl\u0131\u011f\u0131n\u0131n temelini olu\u015fturan, diyet takviyesinde vazge\u00e7ilmez bir bile\u015fendir.","robots":{"index":"index","follow":"follow","max-snippet":"max-snippet:-1","max-image-preview":"max-image-preview:large","max-video-preview":"max-video-preview:-1"},"canonical":"https:\/\/naturalpoland.com\/tr\/urunler\/farmasotik-hammaddeler\/takviye-edici-gida-bilesenleri\/kolajen\/","og_locale":"tr_TR","og_type":"article","og_title":"Kolajen - NATURAL POLAND - Hurtowy Dystrybutor Surowc\u00f3w","og_description":"Kolajen, cilt, sa\u00e7, t\u0131rnak, eklem ve kemik sa\u011fl\u0131\u011f\u0131n\u0131n temelini olu\u015fturan, diyet takviyesinde vazge\u00e7ilmez bir bile\u015fendir.","og_url":"https:\/\/naturalpoland.com\/tr\/urunler\/farmasotik-hammaddeler\/takviye-edici-gida-bilesenleri\/kolajen\/","og_site_name":"NATURAL POLAND - Hurtowy Dystrybutor Surowc\u00f3w","article_publisher":"https:\/\/www.facebook.com\/naturalpoland.b2b","article_modified_time":"2026-03-23T10:22:38+00:00","og_image":[{"width":592,"height":592,"url":"https:\/\/naturalpoland.com\/wp-content\/uploads\/collagen.jpg","type":"image\/jpeg"}],"schema":{"@context":"https:\/\/schema.org","@graph":[{"@type":"WebPage","@id":"https:\/\/naturalpoland.com\/tr\/urunler\/farmasotik-hammaddeler\/takviye-edici-gida-bilesenleri\/kolajen\/","url":"https:\/\/naturalpoland.com\/tr\/urunler\/farmasotik-hammaddeler\/takviye-edici-gida-bilesenleri\/kolajen\/","name":"Kolajen - NATURAL POLAND - Hurtowy Dystrybutor Surowc\u00f3w","isPartOf":{"@id":"https:\/\/naturalpoland.com\/tr\/#website"},"primaryImageOfPage":{"@id":"https:\/\/naturalpoland.com\/tr\/urunler\/farmasotik-hammaddeler\/takviye-edici-gida-bilesenleri\/kolajen\/#primaryimage"},"image":{"@id":"https:\/\/naturalpoland.com\/tr\/urunler\/farmasotik-hammaddeler\/takviye-edici-gida-bilesenleri\/kolajen\/#primaryimage"},"thumbnailUrl":"https:\/\/naturalpoland.com\/wp-content\/uploads\/collagen.jpg","datePublished":"2023-09-01T07:36:08+00:00","dateModified":"2026-03-23T10:22:38+00:00","description":"Kolajen, cilt, sa\u00e7, t\u0131rnak, eklem ve kemik sa\u011fl\u0131\u011f\u0131n\u0131n temelini olu\u015fturan, diyet takviyesinde vazge\u00e7ilmez bir bile\u015fendir.","breadcrumb":{"@id":"https:\/\/naturalpoland.com\/tr\/urunler\/farmasotik-hammaddeler\/takviye-edici-gida-bilesenleri\/kolajen\/#breadcrumb"},"inLanguage":"tr","potentialAction":[{"@type":"ReadAction","target":["https:\/\/naturalpoland.com\/tr\/urunler\/farmasotik-hammaddeler\/takviye-edici-gida-bilesenleri\/kolajen\/"]}]},{"@type":"ImageObject","inLanguage":"tr","@id":"https:\/\/naturalpoland.com\/tr\/urunler\/farmasotik-hammaddeler\/takviye-edici-gida-bilesenleri\/kolajen\/#primaryimage","url":"https:\/\/naturalpoland.com\/wp-content\/uploads\/collagen.jpg","contentUrl":"https:\/\/naturalpoland.com\/wp-content\/uploads\/collagen.jpg","width":592,"height":592,"caption":"kolajen"},{"@type":"BreadcrumbList","@id":"https:\/\/naturalpoland.com\/tr\/urunler\/farmasotik-hammaddeler\/takviye-edici-gida-bilesenleri\/kolajen\/#breadcrumb","itemListElement":[{"@type":"ListItem","position":1,"name":"Ana Sayfa","item":"https:\/\/naturalpoland.com\/tr\/"},{"@type":"ListItem","position":2,"name":"\u00dcr\u00fcnler","item":"https:\/\/naturalpoland.com\/tr\/urunler\/"},{"@type":"ListItem","position":3,"name":"Kolajen"}]},{"@type":"WebSite","@id":"https:\/\/naturalpoland.com\/tr\/#website","url":"https:\/\/naturalpoland.com\/tr\/","name":"NATURAL POLAND - Hurtowy Dystrybutor Surowc\u00f3w","description":"Surowce dla przemys\u0142u spo\u017cywczego, kosmetycznego i farmaceutycznego","publisher":{"@id":"https:\/\/naturalpoland.com\/tr\/#organization"},"potentialAction":[{"@type":"SearchAction","target":{"@type":"EntryPoint","urlTemplate":"https:\/\/naturalpoland.com\/tr\/?s={search_term_string}"},"query-input":{"@type":"PropertyValueSpecification","valueRequired":true,"valueName":"search_term_string"}}],"inLanguage":"tr"},{"@type":"Organization","@id":"https:\/\/naturalpoland.com\/tr\/#organization","name":"Natural Poland","url":"https:\/\/naturalpoland.com\/tr\/","logo":{"@type":"ImageObject","inLanguage":"tr","@id":"https:\/\/naturalpoland.com\/tr\/#\/schema\/logo\/image\/","url":"https:\/\/naturalpoland.com\/wp-content\/uploads\/2021\/05\/natural-poland-icon.png","contentUrl":"https:\/\/naturalpoland.com\/wp-content\/uploads\/2021\/05\/natural-poland-icon.png","width":512,"height":512,"caption":"Natural Poland"},"image":{"@id":"https:\/\/naturalpoland.com\/tr\/#\/schema\/logo\/image\/"},"sameAs":["https:\/\/www.facebook.com\/naturalpoland.b2b","https:\/\/pl.linkedin.com\/company\/natural-poland","https:\/\/www.youtube.com\/channel\/UCgeGGkvOMahZo-xu_MSEWxg"]}]}},"_links":{"self":[{"href":"https:\/\/naturalpoland.com\/tr\/wp-json\/wp\/v2\/product\/44688","targetHints":{"allow":["GET"]}}],"collection":[{"href":"https:\/\/naturalpoland.com\/tr\/wp-json\/wp\/v2\/product"}],"about":[{"href":"https:\/\/naturalpoland.com\/tr\/wp-json\/wp\/v2\/types\/product"}],"wp:featuredmedia":[{"embeddable":true,"href":"https:\/\/naturalpoland.com\/tr\/wp-json\/wp\/v2\/media\/44689"}],"wp:attachment":[{"href":"https:\/\/naturalpoland.com\/tr\/wp-json\/wp\/v2\/media?parent=44688"}],"wp:term":[{"taxonomy":"product_brand","embeddable":true,"href":"https:\/\/naturalpoland.com\/tr\/wp-json\/wp\/v2\/product_brand?post=44688"},{"taxonomy":"product_cat","embeddable":true,"href":"https:\/\/naturalpoland.com\/tr\/wp-json\/wp\/v2\/product_cat?post=44688"},{"taxonomy":"product_tag","embeddable":true,"href":"https:\/\/naturalpoland.com\/tr\/wp-json\/wp\/v2\/product_tag?post=44688"}],"curies":[{"name":"wp","href":"https:\/\/api.w.org\/{rel}","templated":true}]}}