{"id":44690,"date":"2025-03-03T15:53:03","date_gmt":"2025-03-03T14:53:03","guid":{"rendered":"https:\/\/naturalpoland.com\/produkty\/kategorilenmemis\/gaba\/"},"modified":"2025-12-22T13:36:09","modified_gmt":"2025-12-22T12:36:09","slug":"gaba","status":"publish","type":"product","link":"https:\/\/naturalpoland.com\/tr\/urunler\/farmasotik-hammaddeler\/amino-asitler\/gaba\/","title":{"rendered":"GABA"},"content":{"rendered":"<p>GABA, y\u00fcksek safl\u0131kta (%99-101) beyaz kristal veya kristal toz formundad\u0131r. Rahatlat\u0131c\u0131 etkisi, stresi azaltmas\u0131, uyku kalitesini art\u0131rmas\u0131 ve sinir sisteminin i\u015flevini dengelemesi ile bilinir. <\/p>\n<h2>Hammadde kalitesi<\/h2>\n<p>GABA, s\u0131k\u0131 kalite ve mikrobiyolojik standartlar\u0131 kar\u015f\u0131lar. Suda m\u00fckemmel \u00e7\u00f6z\u00fcn\u00fcrl\u00fck g\u00f6sterir ve k\u0131z\u0131l\u00f6tesi spektroskopi y\u00f6ntemiyle tan\u0131mlama testlerini ge\u00e7er. Y\u00fcksek kalitesi, di\u011fer amino asitler, a\u011f\u0131r metaller ve patojenik mikroorganizmalar gibi kirleticilerin bulunmad\u0131\u011f\u0131n\u0131 g\u00f6steren laboratuvar testleriyle do\u011frulanm\u0131\u015ft\u0131r.  <\/p>\n<h2>GABA&#8217;n\u0131n sa\u011fl\u0131k faydalar\u0131 ve kullan\u0131m\u0131<\/h2>\n<p>GABA sakinle\u015ftirici \u00f6zellikler g\u00f6sterir ve sinir sisteminin i\u015fleyi\u015fini d\u00fczenler. Diyet takviyesinde kortizol seviyesini d\u00fc\u015f\u00fcrmeye, anksiyeteyi azaltmaya ve uyku kalitesini art\u0131rmaya yard\u0131mc\u0131 bir madde olarak kullan\u0131l\u0131r. Etkisi ayr\u0131ca konsantrasyonu art\u0131rmay\u0131, bili\u015fsel i\u015flevleri desteklemeyi ve kas gerginli\u011fini mod\u00fcle etmeyi i\u00e7erir. Ara\u015ft\u0131rmalar, GABA&#8217;n\u0131n depresyon ve anksiyete belirtilerini hafifletmede ve fiziksel egzersiz sonras\u0131 v\u00fccut rejenerasyonunu desteklemede kullan\u0131labilece\u011fini g\u00f6stermektedir.   <\/p>\n<p><strong>Takviyelerde<\/strong> bu hammadde, stresi azaltan ve uykuya dalmay\u0131 ve zihinsel rejenerasyonu kolayla\u015ft\u0131ran bir bile\u015fen rol\u00fc oynar. <strong>\u0130la\u00e7 end\u00fcstrisinde<\/strong> nootropik, n\u00f6roprotektif ve sinir sistemi fonksiyonlar\u0131n\u0131 iyile\u015ftiren preparatlarda kullan\u0131l\u0131r. <strong>Kozmetolojide<\/strong> kas gerginli\u011fini gev\u015fetme ve cilt rejenerasyonunu destekleme \u00f6zellikleri sayesinde ya\u015flanma kar\u015f\u0131t\u0131 \u00fcr\u00fcnlerde de\u011ferli bir bile\u015fendir. <strong>G\u0131da end\u00fcstrisinde<\/strong> iyi hissetmeyi ve rahatlamay\u0131 ama\u00e7layan \u00fcr\u00fcnlere fonksiyonel bir katk\u0131 maddesi olarak kullan\u0131l\u0131r.<\/p>\n<p>&nbsp;<\/p>\n","protected":false},"excerpt":{"rendered":"<p><strong>GABA<\/strong> (Gamma-Aminob\u00fctirik Asit), merkezi sinir sisteminde n\u00f6rotransmitter olarak \u00f6nemli bir rol oynayan do\u011fal olarak olu\u015fan bir amino asittir.<\/p>\n","protected":false},"featured_media":44691,"template":"","meta":{"_acf_changed":false},"product_brand":[],"product_cat":[9539],"product_tag":[],"class_list":{"0":"post-44690","1":"product","2":"type-product","3":"status-publish","4":"has-post-thumbnail","6":"product_cat-amino-asitler","8":"first","9":"instock","10":"shipping-taxable","11":"product-type-simple"},"acf":[],"yoast_head":"<!-- This site is optimized with the Yoast SEO plugin v27.5 - https:\/\/yoast.com\/product\/yoast-seo-wordpress\/ -->\n<title>GABA - Hurtowy Dystrybutor<\/title>\n<meta name=\"description\" content=\"Gamma-Aminob\u00fctirik Asit (GABA), merkezi sinir sisteminde n\u00f6rotransmitter olarak \u00f6nemli bir rol oynayan do\u011fal olarak olu\u015fan bir amino asittir.\" \/>\n<meta name=\"robots\" content=\"index, follow, max-snippet:-1, max-image-preview:large, max-video-preview:-1\" \/>\n<link rel=\"canonical\" href=\"https:\/\/naturalpoland.com\/tr\/urunler\/farmasotik-hammaddeler\/amino-asitler\/gaba\/\" \/>\n<meta property=\"og:locale\" content=\"tr_TR\" \/>\n<meta property=\"og:type\" content=\"article\" \/>\n<meta property=\"og:title\" content=\"GABA - Hurtowy Dystrybutor\" \/>\n<meta property=\"og:description\" content=\"Gamma-Aminob\u00fctirik Asit (GABA), merkezi sinir sisteminde n\u00f6rotransmitter olarak \u00f6nemli bir rol oynayan do\u011fal olarak olu\u015fan bir amino asittir.\" \/>\n<meta property=\"og:url\" content=\"https:\/\/naturalpoland.com\/tr\/urunler\/farmasotik-hammaddeler\/amino-asitler\/gaba\/\" \/>\n<meta property=\"og:site_name\" content=\"NATURAL POLAND - Hurtowy Dystrybutor Surowc\u00f3w\" \/>\n<meta property=\"article:publisher\" content=\"https:\/\/www.facebook.com\/naturalpoland.b2b\" \/>\n<meta property=\"article:modified_time\" content=\"2025-12-22T12:36:09+00:00\" \/>\n<meta property=\"og:image\" content=\"https:\/\/naturalpoland.com\/wp-content\/uploads\/gaba.webp\" \/>\n\t<meta property=\"og:image:width\" content=\"821\" \/>\n\t<meta property=\"og:image:height\" content=\"821\" \/>\n\t<meta property=\"og:image:type\" content=\"image\/webp\" \/>\n<script type=\"application\/ld+json\" class=\"yoast-schema-graph\">{\"@context\":\"https:\\\/\\\/schema.org\",\"@graph\":[{\"@type\":\"WebPage\",\"@id\":\"https:\\\/\\\/naturalpoland.com\\\/tr\\\/urunler\\\/farmasotik-hammaddeler\\\/amino-asitler\\\/gaba\\\/\",\"url\":\"https:\\\/\\\/naturalpoland.com\\\/tr\\\/urunler\\\/farmasotik-hammaddeler\\\/amino-asitler\\\/gaba\\\/\",\"name\":\"GABA - Hurtowy Dystrybutor\",\"isPartOf\":{\"@id\":\"https:\\\/\\\/naturalpoland.com\\\/tr\\\/#website\"},\"primaryImageOfPage\":{\"@id\":\"https:\\\/\\\/naturalpoland.com\\\/tr\\\/urunler\\\/farmasotik-hammaddeler\\\/amino-asitler\\\/gaba\\\/#primaryimage\"},\"image\":{\"@id\":\"https:\\\/\\\/naturalpoland.com\\\/tr\\\/urunler\\\/farmasotik-hammaddeler\\\/amino-asitler\\\/gaba\\\/#primaryimage\"},\"thumbnailUrl\":\"https:\\\/\\\/naturalpoland.com\\\/wp-content\\\/uploads\\\/gaba.webp\",\"datePublished\":\"2025-03-03T14:53:03+00:00\",\"dateModified\":\"2025-12-22T12:36:09+00:00\",\"description\":\"Gamma-Aminob\u00fctirik Asit (GABA), merkezi sinir sisteminde n\u00f6rotransmitter olarak \u00f6nemli bir rol oynayan do\u011fal olarak olu\u015fan bir amino asittir.\",\"breadcrumb\":{\"@id\":\"https:\\\/\\\/naturalpoland.com\\\/tr\\\/urunler\\\/farmasotik-hammaddeler\\\/amino-asitler\\\/gaba\\\/#breadcrumb\"},\"inLanguage\":\"tr\",\"potentialAction\":[{\"@type\":\"ReadAction\",\"target\":[\"https:\\\/\\\/naturalpoland.com\\\/tr\\\/urunler\\\/farmasotik-hammaddeler\\\/amino-asitler\\\/gaba\\\/\"]}]},{\"@type\":\"ImageObject\",\"inLanguage\":\"tr\",\"@id\":\"https:\\\/\\\/naturalpoland.com\\\/tr\\\/urunler\\\/farmasotik-hammaddeler\\\/amino-asitler\\\/gaba\\\/#primaryimage\",\"url\":\"https:\\\/\\\/naturalpoland.com\\\/wp-content\\\/uploads\\\/gaba.webp\",\"contentUrl\":\"https:\\\/\\\/naturalpoland.com\\\/wp-content\\\/uploads\\\/gaba.webp\",\"width\":821,\"height\":821,\"caption\":\"gaba\"},{\"@type\":\"BreadcrumbList\",\"@id\":\"https:\\\/\\\/naturalpoland.com\\\/tr\\\/urunler\\\/farmasotik-hammaddeler\\\/amino-asitler\\\/gaba\\\/#breadcrumb\",\"itemListElement\":[{\"@type\":\"ListItem\",\"position\":1,\"name\":\"Ana Sayfa\",\"item\":\"https:\\\/\\\/naturalpoland.com\\\/tr\\\/\"},{\"@type\":\"ListItem\",\"position\":2,\"name\":\"\u00dcr\u00fcnler\",\"item\":\"https:\\\/\\\/naturalpoland.com\\\/tr\\\/urunler\\\/\"},{\"@type\":\"ListItem\",\"position\":3,\"name\":\"GABA\"}]},{\"@type\":\"WebSite\",\"@id\":\"https:\\\/\\\/naturalpoland.com\\\/tr\\\/#website\",\"url\":\"https:\\\/\\\/naturalpoland.com\\\/tr\\\/\",\"name\":\"NATURAL POLAND - Hurtowy Dystrybutor Surowc\u00f3w\",\"description\":\"Surowce dla przemys\u0142u spo\u017cywczego, kosmetycznego i farmaceutycznego\",\"publisher\":{\"@id\":\"https:\\\/\\\/naturalpoland.com\\\/tr\\\/#organization\"},\"potentialAction\":[{\"@type\":\"SearchAction\",\"target\":{\"@type\":\"EntryPoint\",\"urlTemplate\":\"https:\\\/\\\/naturalpoland.com\\\/tr\\\/?s={search_term_string}\"},\"query-input\":{\"@type\":\"PropertyValueSpecification\",\"valueRequired\":true,\"valueName\":\"search_term_string\"}}],\"inLanguage\":\"tr\"},{\"@type\":\"Organization\",\"@id\":\"https:\\\/\\\/naturalpoland.com\\\/tr\\\/#organization\",\"name\":\"Natural Poland\",\"url\":\"https:\\\/\\\/naturalpoland.com\\\/tr\\\/\",\"logo\":{\"@type\":\"ImageObject\",\"inLanguage\":\"tr\",\"@id\":\"https:\\\/\\\/naturalpoland.com\\\/tr\\\/#\\\/schema\\\/logo\\\/image\\\/\",\"url\":\"https:\\\/\\\/naturalpoland.com\\\/wp-content\\\/uploads\\\/2021\\\/05\\\/natural-poland-icon.png\",\"contentUrl\":\"https:\\\/\\\/naturalpoland.com\\\/wp-content\\\/uploads\\\/2021\\\/05\\\/natural-poland-icon.png\",\"width\":512,\"height\":512,\"caption\":\"Natural Poland\"},\"image\":{\"@id\":\"https:\\\/\\\/naturalpoland.com\\\/tr\\\/#\\\/schema\\\/logo\\\/image\\\/\"},\"sameAs\":[\"https:\\\/\\\/www.facebook.com\\\/naturalpoland.b2b\",\"https:\\\/\\\/pl.linkedin.com\\\/company\\\/natural-poland\",\"https:\\\/\\\/www.youtube.com\\\/channel\\\/UCgeGGkvOMahZo-xu_MSEWxg\"]}]}<\/script>\n<!-- \/ Yoast SEO plugin. -->","yoast_head_json":{"title":"GABA - Hurtowy Dystrybutor","description":"Gamma-Aminob\u00fctirik Asit (GABA), merkezi sinir sisteminde n\u00f6rotransmitter olarak \u00f6nemli bir rol oynayan do\u011fal olarak olu\u015fan bir amino asittir.","robots":{"index":"index","follow":"follow","max-snippet":"max-snippet:-1","max-image-preview":"max-image-preview:large","max-video-preview":"max-video-preview:-1"},"canonical":"https:\/\/naturalpoland.com\/tr\/urunler\/farmasotik-hammaddeler\/amino-asitler\/gaba\/","og_locale":"tr_TR","og_type":"article","og_title":"GABA - Hurtowy Dystrybutor","og_description":"Gamma-Aminob\u00fctirik Asit (GABA), merkezi sinir sisteminde n\u00f6rotransmitter olarak \u00f6nemli bir rol oynayan do\u011fal olarak olu\u015fan bir amino asittir.","og_url":"https:\/\/naturalpoland.com\/tr\/urunler\/farmasotik-hammaddeler\/amino-asitler\/gaba\/","og_site_name":"NATURAL POLAND - Hurtowy Dystrybutor Surowc\u00f3w","article_publisher":"https:\/\/www.facebook.com\/naturalpoland.b2b","article_modified_time":"2025-12-22T12:36:09+00:00","og_image":[{"width":821,"height":821,"url":"https:\/\/naturalpoland.com\/wp-content\/uploads\/gaba.webp","type":"image\/webp"}],"schema":{"@context":"https:\/\/schema.org","@graph":[{"@type":"WebPage","@id":"https:\/\/naturalpoland.com\/tr\/urunler\/farmasotik-hammaddeler\/amino-asitler\/gaba\/","url":"https:\/\/naturalpoland.com\/tr\/urunler\/farmasotik-hammaddeler\/amino-asitler\/gaba\/","name":"GABA - Hurtowy Dystrybutor","isPartOf":{"@id":"https:\/\/naturalpoland.com\/tr\/#website"},"primaryImageOfPage":{"@id":"https:\/\/naturalpoland.com\/tr\/urunler\/farmasotik-hammaddeler\/amino-asitler\/gaba\/#primaryimage"},"image":{"@id":"https:\/\/naturalpoland.com\/tr\/urunler\/farmasotik-hammaddeler\/amino-asitler\/gaba\/#primaryimage"},"thumbnailUrl":"https:\/\/naturalpoland.com\/wp-content\/uploads\/gaba.webp","datePublished":"2025-03-03T14:53:03+00:00","dateModified":"2025-12-22T12:36:09+00:00","description":"Gamma-Aminob\u00fctirik Asit (GABA), merkezi sinir sisteminde n\u00f6rotransmitter olarak \u00f6nemli bir rol oynayan do\u011fal olarak olu\u015fan bir amino asittir.","breadcrumb":{"@id":"https:\/\/naturalpoland.com\/tr\/urunler\/farmasotik-hammaddeler\/amino-asitler\/gaba\/#breadcrumb"},"inLanguage":"tr","potentialAction":[{"@type":"ReadAction","target":["https:\/\/naturalpoland.com\/tr\/urunler\/farmasotik-hammaddeler\/amino-asitler\/gaba\/"]}]},{"@type":"ImageObject","inLanguage":"tr","@id":"https:\/\/naturalpoland.com\/tr\/urunler\/farmasotik-hammaddeler\/amino-asitler\/gaba\/#primaryimage","url":"https:\/\/naturalpoland.com\/wp-content\/uploads\/gaba.webp","contentUrl":"https:\/\/naturalpoland.com\/wp-content\/uploads\/gaba.webp","width":821,"height":821,"caption":"gaba"},{"@type":"BreadcrumbList","@id":"https:\/\/naturalpoland.com\/tr\/urunler\/farmasotik-hammaddeler\/amino-asitler\/gaba\/#breadcrumb","itemListElement":[{"@type":"ListItem","position":1,"name":"Ana Sayfa","item":"https:\/\/naturalpoland.com\/tr\/"},{"@type":"ListItem","position":2,"name":"\u00dcr\u00fcnler","item":"https:\/\/naturalpoland.com\/tr\/urunler\/"},{"@type":"ListItem","position":3,"name":"GABA"}]},{"@type":"WebSite","@id":"https:\/\/naturalpoland.com\/tr\/#website","url":"https:\/\/naturalpoland.com\/tr\/","name":"NATURAL POLAND - Hurtowy Dystrybutor Surowc\u00f3w","description":"Surowce dla przemys\u0142u spo\u017cywczego, kosmetycznego i farmaceutycznego","publisher":{"@id":"https:\/\/naturalpoland.com\/tr\/#organization"},"potentialAction":[{"@type":"SearchAction","target":{"@type":"EntryPoint","urlTemplate":"https:\/\/naturalpoland.com\/tr\/?s={search_term_string}"},"query-input":{"@type":"PropertyValueSpecification","valueRequired":true,"valueName":"search_term_string"}}],"inLanguage":"tr"},{"@type":"Organization","@id":"https:\/\/naturalpoland.com\/tr\/#organization","name":"Natural Poland","url":"https:\/\/naturalpoland.com\/tr\/","logo":{"@type":"ImageObject","inLanguage":"tr","@id":"https:\/\/naturalpoland.com\/tr\/#\/schema\/logo\/image\/","url":"https:\/\/naturalpoland.com\/wp-content\/uploads\/2021\/05\/natural-poland-icon.png","contentUrl":"https:\/\/naturalpoland.com\/wp-content\/uploads\/2021\/05\/natural-poland-icon.png","width":512,"height":512,"caption":"Natural Poland"},"image":{"@id":"https:\/\/naturalpoland.com\/tr\/#\/schema\/logo\/image\/"},"sameAs":["https:\/\/www.facebook.com\/naturalpoland.b2b","https:\/\/pl.linkedin.com\/company\/natural-poland","https:\/\/www.youtube.com\/channel\/UCgeGGkvOMahZo-xu_MSEWxg"]}]}},"_links":{"self":[{"href":"https:\/\/naturalpoland.com\/tr\/wp-json\/wp\/v2\/product\/44690","targetHints":{"allow":["GET"]}}],"collection":[{"href":"https:\/\/naturalpoland.com\/tr\/wp-json\/wp\/v2\/product"}],"about":[{"href":"https:\/\/naturalpoland.com\/tr\/wp-json\/wp\/v2\/types\/product"}],"wp:featuredmedia":[{"embeddable":true,"href":"https:\/\/naturalpoland.com\/tr\/wp-json\/wp\/v2\/media\/44691"}],"wp:attachment":[{"href":"https:\/\/naturalpoland.com\/tr\/wp-json\/wp\/v2\/media?parent=44690"}],"wp:term":[{"taxonomy":"product_brand","embeddable":true,"href":"https:\/\/naturalpoland.com\/tr\/wp-json\/wp\/v2\/product_brand?post=44690"},{"taxonomy":"product_cat","embeddable":true,"href":"https:\/\/naturalpoland.com\/tr\/wp-json\/wp\/v2\/product_cat?post=44690"},{"taxonomy":"product_tag","embeddable":true,"href":"https:\/\/naturalpoland.com\/tr\/wp-json\/wp\/v2\/product_tag?post=44690"}],"curies":[{"name":"wp","href":"https:\/\/api.w.org\/{rel}","templated":true}]}}