{"id":44692,"date":"2021-05-11T13:44:11","date_gmt":"2021-05-11T11:44:11","guid":{"rendered":"https:\/\/naturalpoland.com\/produkty\/kategorilenmemis\/koenzim-q10\/"},"modified":"2025-12-22T13:36:14","modified_gmt":"2025-12-22T12:36:14","slug":"koenzim-q10","status":"publish","type":"product","link":"https:\/\/naturalpoland.com\/tr\/urunler\/farmasotik-hammaddeler\/takviye-edici-gida-bilesenleri\/koenzim-q10\/","title":{"rendered":"Koenzim Q10"},"content":{"rendered":"<p>Besin takviyesi olarak Koenzim Q10, antioksidan \u00f6zelliklere sahiptir, (hipertansiyonu olanlarda) tansiyonu d\u00fc\u015f\u00fcr\u00fcr, migren ataklar\u0131n\u0131 \u00f6nler ve cilt iltihab\u0131n\u0131 hafifletir.<\/p>\n<p>Koenzim Q10, <strong>ubikinon<\/strong> olarak da bilinen kinonlar grubundan organik bir bile\u015fiktir. Bitki ve hayvan h\u00fccrelerinin mitokondrilerinde bulunur ve solunum zincirinin \u00f6nemli bir par\u00e7as\u0131d\u0131r. Krem, maske, serum gibi kozmetik \u00fcr\u00fcnlerde ve besin takviyelerinde s\u0131k\u00e7a kullan\u0131l\u0131r. Koenzim Q10, geni\u015f kullan\u0131m alan\u0131 nedeniyle b\u00fcy\u00fck g\u00fcven kazanm\u0131\u015ft\u0131r.   <\/p>\n<p>Koenzim Q10, E vitamini, selenyum ve \u00e7inkonun etkili emilimini sa\u011flayarak sa\u00e7, cilt ve t\u0131rnak sa\u011fl\u0131\u011f\u0131n\u0131 destekler. Ba\u011f\u0131\u015f\u0131kl\u0131k ve sinir sisteminin i\u015flevini g\u00fc\u00e7lendirir. Kolajen sentezi i\u00e7in de b\u00fcy\u00fck \u00f6nem ta\u015f\u0131r. Koenzim ayr\u0131ca normal psikolojik i\u015flevlerin s\u00fcrd\u00fcr\u00fclmesi i\u00e7in gereklidir.   <\/p>\n<hr>\n<h2>CoQXorb\u2122 LSMe<\/h2>\n<p><strong>CoQXorb\u2122 LSMe<\/strong>, kalp sa\u011fl\u0131\u011f\u0131n\u0131, h\u00fccresel enerji \u00fcretimini ve antioksidan i\u015flevleri destekleyen \u00f6nemli bir bile\u015fen olan Koenzim Q10&#8217;un (CoQ10) biyoyararlan\u0131m\u0131n\u0131 \u00f6nemli \u00f6l\u00e7\u00fcde art\u0131rmak i\u00e7in BioSNEDS\u2122 teknolojisini kullanan geli\u015fmi\u015f bir \u00fcr\u00fcnd\u00fcr.<\/p>\n<h3>BioSNEDS\u2122 teknolojisinin avantajlar\u0131<\/h3>\n<ul>\n<li>CoQXorb\u2122, geleneksel CoQ10&#8217;a k\u0131yasla 39 kat daha fazla biyoyararlan\u0131ma sahiptir; bu da BioSNEDS\u2122&#8217;deki 6 mg aktif CoQ10&#8217;un, 200 mg geleneksel CoQ10&#8217;a biyoe\u015fde\u011fer oldu\u011fu anlam\u0131na gelir.<\/li>\n<li>Kilogram ba\u015f\u0131na daha fazla doz &#8211; kilogram ba\u015f\u0131na 16.666 doz, geleneksel CoQ10&#8217;un 4.950 dozuna k\u0131yasla.<\/li>\n<li>N\u00f6tr tada sahip ve kokusuz toz ve em\u00fclsiyon formlar\u0131nda mevcuttur.<\/li>\n<\/ul>\n<h3>Kullan\u0131m:<\/h3>\n<p>Besin takviyeleri, fonksiyonel g\u0131dalar, topikal kozmetikler, hayvan g\u0131da takviyeleri.<\/p>\n<h3>Sa\u011fl\u0131k faydalar\u0131:<\/h3>\n<ul>\n<li>CoQ10 kalp ve dola\u015f\u0131m sistemi sa\u011fl\u0131\u011f\u0131n\u0131 destekler.<\/li>\n<li>Kas sa\u011fl\u0131\u011f\u0131 ve dayan\u0131kl\u0131l\u0131k i\u00e7in \u00f6nemli olan h\u00fccresel enerji \u00fcretimini destekler.<\/li>\n<li>H\u00fccreleri oksidatif strese kar\u015f\u0131 korur, ya\u015flanmay\u0131 ve kronik hastal\u0131klar\u0131 \u00f6nleyebilir.<\/li>\n<li>Beyin fonksiyonlar\u0131n\u0131 ve n\u00f6rolojik sa\u011fl\u0131\u011f\u0131 destekler.<\/li>\n<li>Cilt sa\u011fl\u0131\u011f\u0131n\u0131 iyile\u015ftirebilir ve ya\u015flanma belirtilerini azaltabilir.<\/li>\n<\/ul>\n","protected":false},"excerpt":{"rendered":"<p>Y\u00fcksek kaliteli Koenzim Q10&#8217;un (ubikinon) toptan da\u011f\u0131t\u0131m\u0131n\u0131 sa\u011fl\u0131yoruz.<\/p>\n<p>\u00dcr\u00fcn ayr\u0131ca BioSNEDS\u2122 teknolojisiyle <strong>CoQXorb\u2122 LSMe<\/strong> formunda mevcuttur.<\/p>\n<p>&nbsp;<\/p>\n","protected":false},"featured_media":44693,"template":"","meta":{"_acf_changed":false},"product_brand":[],"product_cat":[9540],"product_tag":[],"class_list":{"0":"post-44692","1":"product","2":"type-product","3":"status-publish","4":"has-post-thumbnail","6":"product_cat-takviye-edici-gida-bilesenleri","7":"pa_grupa-substancji-nutrasotikler","8":"pa_technologia-biosneds-teknolojisi","10":"first","11":"instock","12":"shipping-taxable","13":"product-type-simple"},"acf":[],"yoast_head":"<!-- This site is optimized with the Yoast SEO plugin v27.5 - https:\/\/yoast.com\/product\/yoast-seo-wordpress\/ -->\n<title>Koenzim Q10 - NATURAL POLAND - Hurtowy Dystrybutor Surowc\u00f3w<\/title>\n<meta name=\"description\" content=\"Koenzim Q10, antioksidan \u00f6zelliklere sahiptir, (hipertansiyonu olanlarda) tansiyonu d\u00fc\u015f\u00fcr\u00fcr, migren ataklar\u0131n\u0131 \u00f6nler ve cilt iltihab\u0131n\u0131 hafifletir.\" \/>\n<meta name=\"robots\" content=\"index, follow, max-snippet:-1, max-image-preview:large, max-video-preview:-1\" \/>\n<link rel=\"canonical\" href=\"https:\/\/naturalpoland.com\/tr\/urunler\/farmasotik-hammaddeler\/takviye-edici-gida-bilesenleri\/koenzim-q10\/\" \/>\n<meta property=\"og:locale\" content=\"tr_TR\" \/>\n<meta property=\"og:type\" content=\"article\" \/>\n<meta property=\"og:title\" content=\"Koenzim Q10 - NATURAL POLAND - Hurtowy Dystrybutor Surowc\u00f3w\" \/>\n<meta property=\"og:description\" content=\"Koenzim Q10, antioksidan \u00f6zelliklere sahiptir, (hipertansiyonu olanlarda) tansiyonu d\u00fc\u015f\u00fcr\u00fcr, migren ataklar\u0131n\u0131 \u00f6nler ve cilt iltihab\u0131n\u0131 hafifletir.\" \/>\n<meta property=\"og:url\" content=\"https:\/\/naturalpoland.com\/tr\/urunler\/farmasotik-hammaddeler\/takviye-edici-gida-bilesenleri\/koenzim-q10\/\" \/>\n<meta property=\"og:site_name\" content=\"NATURAL POLAND - Hurtowy Dystrybutor Surowc\u00f3w\" \/>\n<meta property=\"article:publisher\" content=\"https:\/\/www.facebook.com\/naturalpoland.b2b\" \/>\n<meta property=\"article:modified_time\" content=\"2025-12-22T12:36:14+00:00\" \/>\n<meta property=\"og:image\" content=\"https:\/\/naturalpoland.com\/wp-content\/uploads\/2021\/05\/coenzyme-q10.jpg\" \/>\n\t<meta property=\"og:image:width\" content=\"288\" \/>\n\t<meta property=\"og:image:height\" content=\"175\" \/>\n\t<meta property=\"og:image:type\" content=\"image\/jpeg\" \/>\n<script type=\"application\/ld+json\" class=\"yoast-schema-graph\">{\"@context\":\"https:\\\/\\\/schema.org\",\"@graph\":[{\"@type\":\"WebPage\",\"@id\":\"https:\\\/\\\/naturalpoland.com\\\/tr\\\/urunler\\\/farmasotik-hammaddeler\\\/takviye-edici-gida-bilesenleri\\\/koenzim-q10\\\/\",\"url\":\"https:\\\/\\\/naturalpoland.com\\\/tr\\\/urunler\\\/farmasotik-hammaddeler\\\/takviye-edici-gida-bilesenleri\\\/koenzim-q10\\\/\",\"name\":\"Koenzim Q10 - NATURAL POLAND - Hurtowy Dystrybutor Surowc\u00f3w\",\"isPartOf\":{\"@id\":\"https:\\\/\\\/naturalpoland.com\\\/tr\\\/#website\"},\"primaryImageOfPage\":{\"@id\":\"https:\\\/\\\/naturalpoland.com\\\/tr\\\/urunler\\\/farmasotik-hammaddeler\\\/takviye-edici-gida-bilesenleri\\\/koenzim-q10\\\/#primaryimage\"},\"image\":{\"@id\":\"https:\\\/\\\/naturalpoland.com\\\/tr\\\/urunler\\\/farmasotik-hammaddeler\\\/takviye-edici-gida-bilesenleri\\\/koenzim-q10\\\/#primaryimage\"},\"thumbnailUrl\":\"https:\\\/\\\/naturalpoland.com\\\/wp-content\\\/uploads\\\/2021\\\/05\\\/coenzyme-q10.jpg\",\"datePublished\":\"2021-05-11T11:44:11+00:00\",\"dateModified\":\"2025-12-22T12:36:14+00:00\",\"description\":\"Koenzim Q10, antioksidan \u00f6zelliklere sahiptir, (hipertansiyonu olanlarda) tansiyonu d\u00fc\u015f\u00fcr\u00fcr, migren ataklar\u0131n\u0131 \u00f6nler ve cilt iltihab\u0131n\u0131 hafifletir.\",\"breadcrumb\":{\"@id\":\"https:\\\/\\\/naturalpoland.com\\\/tr\\\/urunler\\\/farmasotik-hammaddeler\\\/takviye-edici-gida-bilesenleri\\\/koenzim-q10\\\/#breadcrumb\"},\"inLanguage\":\"tr\",\"potentialAction\":[{\"@type\":\"ReadAction\",\"target\":[\"https:\\\/\\\/naturalpoland.com\\\/tr\\\/urunler\\\/farmasotik-hammaddeler\\\/takviye-edici-gida-bilesenleri\\\/koenzim-q10\\\/\"]}]},{\"@type\":\"ImageObject\",\"inLanguage\":\"tr\",\"@id\":\"https:\\\/\\\/naturalpoland.com\\\/tr\\\/urunler\\\/farmasotik-hammaddeler\\\/takviye-edici-gida-bilesenleri\\\/koenzim-q10\\\/#primaryimage\",\"url\":\"https:\\\/\\\/naturalpoland.com\\\/wp-content\\\/uploads\\\/2021\\\/05\\\/coenzyme-q10.jpg\",\"contentUrl\":\"https:\\\/\\\/naturalpoland.com\\\/wp-content\\\/uploads\\\/2021\\\/05\\\/coenzyme-q10.jpg\",\"width\":288,\"height\":175,\"caption\":\"Koenzim Q10\"},{\"@type\":\"BreadcrumbList\",\"@id\":\"https:\\\/\\\/naturalpoland.com\\\/tr\\\/urunler\\\/farmasotik-hammaddeler\\\/takviye-edici-gida-bilesenleri\\\/koenzim-q10\\\/#breadcrumb\",\"itemListElement\":[{\"@type\":\"ListItem\",\"position\":1,\"name\":\"Ana Sayfa\",\"item\":\"https:\\\/\\\/naturalpoland.com\\\/tr\\\/\"},{\"@type\":\"ListItem\",\"position\":2,\"name\":\"\u00dcr\u00fcnler\",\"item\":\"https:\\\/\\\/naturalpoland.com\\\/tr\\\/urunler\\\/\"},{\"@type\":\"ListItem\",\"position\":3,\"name\":\"Koenzim Q10\"}]},{\"@type\":\"WebSite\",\"@id\":\"https:\\\/\\\/naturalpoland.com\\\/tr\\\/#website\",\"url\":\"https:\\\/\\\/naturalpoland.com\\\/tr\\\/\",\"name\":\"NATURAL POLAND - Hurtowy Dystrybutor Surowc\u00f3w\",\"description\":\"Surowce dla przemys\u0142u spo\u017cywczego, kosmetycznego i farmaceutycznego\",\"publisher\":{\"@id\":\"https:\\\/\\\/naturalpoland.com\\\/tr\\\/#organization\"},\"potentialAction\":[{\"@type\":\"SearchAction\",\"target\":{\"@type\":\"EntryPoint\",\"urlTemplate\":\"https:\\\/\\\/naturalpoland.com\\\/tr\\\/?s={search_term_string}\"},\"query-input\":{\"@type\":\"PropertyValueSpecification\",\"valueRequired\":true,\"valueName\":\"search_term_string\"}}],\"inLanguage\":\"tr\"},{\"@type\":\"Organization\",\"@id\":\"https:\\\/\\\/naturalpoland.com\\\/tr\\\/#organization\",\"name\":\"Natural Poland\",\"url\":\"https:\\\/\\\/naturalpoland.com\\\/tr\\\/\",\"logo\":{\"@type\":\"ImageObject\",\"inLanguage\":\"tr\",\"@id\":\"https:\\\/\\\/naturalpoland.com\\\/tr\\\/#\\\/schema\\\/logo\\\/image\\\/\",\"url\":\"https:\\\/\\\/naturalpoland.com\\\/wp-content\\\/uploads\\\/2021\\\/05\\\/natural-poland-icon.png\",\"contentUrl\":\"https:\\\/\\\/naturalpoland.com\\\/wp-content\\\/uploads\\\/2021\\\/05\\\/natural-poland-icon.png\",\"width\":512,\"height\":512,\"caption\":\"Natural Poland\"},\"image\":{\"@id\":\"https:\\\/\\\/naturalpoland.com\\\/tr\\\/#\\\/schema\\\/logo\\\/image\\\/\"},\"sameAs\":[\"https:\\\/\\\/www.facebook.com\\\/naturalpoland.b2b\",\"https:\\\/\\\/pl.linkedin.com\\\/company\\\/natural-poland\",\"https:\\\/\\\/www.youtube.com\\\/channel\\\/UCgeGGkvOMahZo-xu_MSEWxg\"]}]}<\/script>\n<!-- \/ Yoast SEO plugin. -->","yoast_head_json":{"title":"Koenzim Q10 - NATURAL POLAND - Hurtowy Dystrybutor Surowc\u00f3w","description":"Koenzim Q10, antioksidan \u00f6zelliklere sahiptir, (hipertansiyonu olanlarda) tansiyonu d\u00fc\u015f\u00fcr\u00fcr, migren ataklar\u0131n\u0131 \u00f6nler ve cilt iltihab\u0131n\u0131 hafifletir.","robots":{"index":"index","follow":"follow","max-snippet":"max-snippet:-1","max-image-preview":"max-image-preview:large","max-video-preview":"max-video-preview:-1"},"canonical":"https:\/\/naturalpoland.com\/tr\/urunler\/farmasotik-hammaddeler\/takviye-edici-gida-bilesenleri\/koenzim-q10\/","og_locale":"tr_TR","og_type":"article","og_title":"Koenzim Q10 - NATURAL POLAND - Hurtowy Dystrybutor Surowc\u00f3w","og_description":"Koenzim Q10, antioksidan \u00f6zelliklere sahiptir, (hipertansiyonu olanlarda) tansiyonu d\u00fc\u015f\u00fcr\u00fcr, migren ataklar\u0131n\u0131 \u00f6nler ve cilt iltihab\u0131n\u0131 hafifletir.","og_url":"https:\/\/naturalpoland.com\/tr\/urunler\/farmasotik-hammaddeler\/takviye-edici-gida-bilesenleri\/koenzim-q10\/","og_site_name":"NATURAL POLAND - Hurtowy Dystrybutor Surowc\u00f3w","article_publisher":"https:\/\/www.facebook.com\/naturalpoland.b2b","article_modified_time":"2025-12-22T12:36:14+00:00","og_image":[{"width":288,"height":175,"url":"https:\/\/naturalpoland.com\/wp-content\/uploads\/2021\/05\/coenzyme-q10.jpg","type":"image\/jpeg"}],"schema":{"@context":"https:\/\/schema.org","@graph":[{"@type":"WebPage","@id":"https:\/\/naturalpoland.com\/tr\/urunler\/farmasotik-hammaddeler\/takviye-edici-gida-bilesenleri\/koenzim-q10\/","url":"https:\/\/naturalpoland.com\/tr\/urunler\/farmasotik-hammaddeler\/takviye-edici-gida-bilesenleri\/koenzim-q10\/","name":"Koenzim Q10 - NATURAL POLAND - Hurtowy Dystrybutor Surowc\u00f3w","isPartOf":{"@id":"https:\/\/naturalpoland.com\/tr\/#website"},"primaryImageOfPage":{"@id":"https:\/\/naturalpoland.com\/tr\/urunler\/farmasotik-hammaddeler\/takviye-edici-gida-bilesenleri\/koenzim-q10\/#primaryimage"},"image":{"@id":"https:\/\/naturalpoland.com\/tr\/urunler\/farmasotik-hammaddeler\/takviye-edici-gida-bilesenleri\/koenzim-q10\/#primaryimage"},"thumbnailUrl":"https:\/\/naturalpoland.com\/wp-content\/uploads\/2021\/05\/coenzyme-q10.jpg","datePublished":"2021-05-11T11:44:11+00:00","dateModified":"2025-12-22T12:36:14+00:00","description":"Koenzim Q10, antioksidan \u00f6zelliklere sahiptir, (hipertansiyonu olanlarda) tansiyonu d\u00fc\u015f\u00fcr\u00fcr, migren ataklar\u0131n\u0131 \u00f6nler ve cilt iltihab\u0131n\u0131 hafifletir.","breadcrumb":{"@id":"https:\/\/naturalpoland.com\/tr\/urunler\/farmasotik-hammaddeler\/takviye-edici-gida-bilesenleri\/koenzim-q10\/#breadcrumb"},"inLanguage":"tr","potentialAction":[{"@type":"ReadAction","target":["https:\/\/naturalpoland.com\/tr\/urunler\/farmasotik-hammaddeler\/takviye-edici-gida-bilesenleri\/koenzim-q10\/"]}]},{"@type":"ImageObject","inLanguage":"tr","@id":"https:\/\/naturalpoland.com\/tr\/urunler\/farmasotik-hammaddeler\/takviye-edici-gida-bilesenleri\/koenzim-q10\/#primaryimage","url":"https:\/\/naturalpoland.com\/wp-content\/uploads\/2021\/05\/coenzyme-q10.jpg","contentUrl":"https:\/\/naturalpoland.com\/wp-content\/uploads\/2021\/05\/coenzyme-q10.jpg","width":288,"height":175,"caption":"Koenzim Q10"},{"@type":"BreadcrumbList","@id":"https:\/\/naturalpoland.com\/tr\/urunler\/farmasotik-hammaddeler\/takviye-edici-gida-bilesenleri\/koenzim-q10\/#breadcrumb","itemListElement":[{"@type":"ListItem","position":1,"name":"Ana Sayfa","item":"https:\/\/naturalpoland.com\/tr\/"},{"@type":"ListItem","position":2,"name":"\u00dcr\u00fcnler","item":"https:\/\/naturalpoland.com\/tr\/urunler\/"},{"@type":"ListItem","position":3,"name":"Koenzim Q10"}]},{"@type":"WebSite","@id":"https:\/\/naturalpoland.com\/tr\/#website","url":"https:\/\/naturalpoland.com\/tr\/","name":"NATURAL POLAND - Hurtowy Dystrybutor Surowc\u00f3w","description":"Surowce dla przemys\u0142u spo\u017cywczego, kosmetycznego i farmaceutycznego","publisher":{"@id":"https:\/\/naturalpoland.com\/tr\/#organization"},"potentialAction":[{"@type":"SearchAction","target":{"@type":"EntryPoint","urlTemplate":"https:\/\/naturalpoland.com\/tr\/?s={search_term_string}"},"query-input":{"@type":"PropertyValueSpecification","valueRequired":true,"valueName":"search_term_string"}}],"inLanguage":"tr"},{"@type":"Organization","@id":"https:\/\/naturalpoland.com\/tr\/#organization","name":"Natural Poland","url":"https:\/\/naturalpoland.com\/tr\/","logo":{"@type":"ImageObject","inLanguage":"tr","@id":"https:\/\/naturalpoland.com\/tr\/#\/schema\/logo\/image\/","url":"https:\/\/naturalpoland.com\/wp-content\/uploads\/2021\/05\/natural-poland-icon.png","contentUrl":"https:\/\/naturalpoland.com\/wp-content\/uploads\/2021\/05\/natural-poland-icon.png","width":512,"height":512,"caption":"Natural Poland"},"image":{"@id":"https:\/\/naturalpoland.com\/tr\/#\/schema\/logo\/image\/"},"sameAs":["https:\/\/www.facebook.com\/naturalpoland.b2b","https:\/\/pl.linkedin.com\/company\/natural-poland","https:\/\/www.youtube.com\/channel\/UCgeGGkvOMahZo-xu_MSEWxg"]}]}},"_links":{"self":[{"href":"https:\/\/naturalpoland.com\/tr\/wp-json\/wp\/v2\/product\/44692","targetHints":{"allow":["GET"]}}],"collection":[{"href":"https:\/\/naturalpoland.com\/tr\/wp-json\/wp\/v2\/product"}],"about":[{"href":"https:\/\/naturalpoland.com\/tr\/wp-json\/wp\/v2\/types\/product"}],"wp:featuredmedia":[{"embeddable":true,"href":"https:\/\/naturalpoland.com\/tr\/wp-json\/wp\/v2\/media\/44693"}],"wp:attachment":[{"href":"https:\/\/naturalpoland.com\/tr\/wp-json\/wp\/v2\/media?parent=44692"}],"wp:term":[{"taxonomy":"product_brand","embeddable":true,"href":"https:\/\/naturalpoland.com\/tr\/wp-json\/wp\/v2\/product_brand?post=44692"},{"taxonomy":"product_cat","embeddable":true,"href":"https:\/\/naturalpoland.com\/tr\/wp-json\/wp\/v2\/product_cat?post=44692"},{"taxonomy":"product_tag","embeddable":true,"href":"https:\/\/naturalpoland.com\/tr\/wp-json\/wp\/v2\/product_tag?post=44692"}],"curies":[{"name":"wp","href":"https:\/\/api.w.org\/{rel}","templated":true}]}}