{"id":44704,"date":"2024-10-23T14:01:26","date_gmt":"2024-10-23T12:01:26","guid":{"rendered":"https:\/\/naturalpoland.com\/produkty\/kategorilenmemis\/caprylic-capric-triglyceride\/"},"modified":"2025-12-22T13:37:58","modified_gmt":"2025-12-22T12:37:58","slug":"caprylic-capric-triglyceride","status":"publish","type":"product","link":"https:\/\/naturalpoland.com\/tr\/urunler\/kozmetik-hammaddeleri\/kozmetik-hammaddeleri-2\/caprylic-capric-triglyceride\/","title":{"rendered":"Caprylic\/Capric Triglyceride"},"content":{"rendered":"<h2>\u00d6zellikler:<\/h2>\n<p>Caprylic\/Capric Triglyceride, preparat\u0131n k\u0131vam\u0131n\u0131 iyile\u015ftirerek viskozitesini art\u0131ran bir reoloji d\u00fczenleyici g\u00f6revi g\u00f6ren kozmetik bir bile\u015fendir. Ya\u011fl\u0131 k\u0131vam\u0131 sayesinde, bu madde kozmetiklerin uygulanmas\u0131n\u0131 kolayla\u015ft\u0131r\u0131r ve daha iyi bir kayma sa\u011flar. <\/p>\n<p>Kaprilik\/kaprik trigliseritler, cilt ve sa\u00e7 y\u00fczeyinde koruyucu bir okl\u00fczif tabaka (film) olu\u015fturan <strong>ya\u011fl\u0131 emolyent<\/strong> olarak i\u015flev g\u00f6r\u00fcr. Bu tabaka a\u015f\u0131r\u0131 su buharla\u015fmas\u0131n\u0131 \u00f6nler. Madde cildi yumu\u015fatarak ve p\u00fcr\u00fczs\u00fczle\u015ftirerek kondisyonlar ve sa\u00e7 yap\u0131s\u0131n\u0131 iyile\u015ftirerek yumu\u015fakl\u0131k ve p\u00fcr\u00fczs\u00fczl\u00fck sa\u011flar.<\/p>\n<p>Saf halde \u00fcr\u00fcn siyah nokta olu\u015fumunu te\u015fvik edebilir (komedojenik), bu nedenle kozmetik form\u00fcllerde en iyi sonucu verir.<\/p>\n<h2>Kullan\u0131m:<\/h2>\n<ul>\n<li>Cilt bak\u0131m \u00fcr\u00fcnleri: kremler, losyonlar, serumlar<\/li>\n<li>Sa\u00e7 bak\u0131m \u00fcr\u00fcnleri: sa\u00e7 kremi, maskeler, ya\u011flar<\/li>\n<li>Banyo ve temizlik \u00fcr\u00fcnleri<\/li>\n<li>Hassas ve kuru cilt i\u00e7in \u00fcr\u00fcnler<\/li>\n<\/ul>\n<p>&nbsp;<\/p>\n","protected":false},"excerpt":{"rendered":"<p><strong>Kaprilik\/kaprik trigliseritler (MCT)<\/strong>, \u00e7o\u011funlukla kaprilik asit (C8) ve kaprik asit (C10) olmak \u00fczere orta zincirli ya\u011f asitlerinin bir kar\u0131\u015f\u0131m\u0131d\u0131r. <a href=\"https:\/\/naturalpoland.com\/tr\/urunler\/gida-ve-kozmetik-yaglari\/hindistan-cevizi-yagi\/\"><strong>hindistan cevizi ya\u011f\u0131<\/strong><\/a> gibi bitkisel ya\u011flardan elde edilirler. \u00c7ok d\u00fc\u015f\u00fck viskoziteli, renksiz, berrak bir s\u0131v\u0131 formundad\u0131rlar, bu sayede cilt \u00fczerinde kolayca yay\u0131l\u0131r ve h\u0131zla emilirler.  <\/p>\n","protected":false},"featured_media":44705,"template":"","meta":{"_acf_changed":false},"product_brand":[],"product_cat":[9557],"product_tag":[],"class_list":{"0":"post-44704","1":"product","2":"type-product","3":"status-publish","4":"has-post-thumbnail","6":"product_cat-kozmetik-hammaddeleri-2","7":"pa_grupa-substancji-emolyenler","9":"first","10":"instock","11":"shipping-taxable","12":"product-type-simple"},"acf":[],"yoast_head":"<!-- This site is optimized with the Yoast SEO plugin v27.5 - https:\/\/yoast.com\/product\/yoast-seo-wordpress\/ -->\n<title>Caprylic\/Capric Triglyceride - NATURAL POLAND - Hurtowy Dystrybutor Surowc\u00f3w<\/title>\n<meta name=\"description\" content=\"Caprylic\/Capric Triglyceride, \u00fcr\u00fcnlerin uygulanma kalitesini ve cilt ve sa\u00e7 durumunu iyile\u015ftiren kozmetik bir bile\u015fendir.\" \/>\n<meta name=\"robots\" content=\"index, follow, max-snippet:-1, max-image-preview:large, max-video-preview:-1\" \/>\n<link rel=\"canonical\" href=\"https:\/\/naturalpoland.com\/tr\/urunler\/kozmetik-hammaddeleri\/kozmetik-hammaddeleri-2\/caprylic-capric-triglyceride\/\" \/>\n<meta property=\"og:locale\" content=\"tr_TR\" \/>\n<meta property=\"og:type\" content=\"article\" \/>\n<meta property=\"og:title\" content=\"Caprylic\/Capric Triglyceride - NATURAL POLAND - Hurtowy Dystrybutor Surowc\u00f3w\" \/>\n<meta property=\"og:description\" content=\"Caprylic\/Capric Triglyceride, \u00fcr\u00fcnlerin uygulanma kalitesini ve cilt ve sa\u00e7 durumunu iyile\u015ftiren kozmetik bir bile\u015fendir.\" \/>\n<meta property=\"og:url\" content=\"https:\/\/naturalpoland.com\/tr\/urunler\/kozmetik-hammaddeleri\/kozmetik-hammaddeleri-2\/caprylic-capric-triglyceride\/\" \/>\n<meta property=\"og:site_name\" content=\"NATURAL POLAND - Hurtowy Dystrybutor Surowc\u00f3w\" \/>\n<meta property=\"article:publisher\" content=\"https:\/\/www.facebook.com\/naturalpoland.b2b\" \/>\n<meta property=\"article:modified_time\" content=\"2025-12-22T12:37:58+00:00\" \/>\n<meta property=\"og:image\" content=\"https:\/\/naturalpoland.com\/wp-content\/uploads\/caprylic-capric-triglyceride-.webp\" \/>\n\t<meta property=\"og:image:width\" content=\"426\" \/>\n\t<meta property=\"og:image:height\" content=\"426\" \/>\n\t<meta property=\"og:image:type\" content=\"image\/webp\" \/>\n<script type=\"application\/ld+json\" class=\"yoast-schema-graph\">{\"@context\":\"https:\\\/\\\/schema.org\",\"@graph\":[{\"@type\":\"WebPage\",\"@id\":\"https:\\\/\\\/naturalpoland.com\\\/tr\\\/urunler\\\/kozmetik-hammaddeleri\\\/kozmetik-hammaddeleri-2\\\/caprylic-capric-triglyceride\\\/\",\"url\":\"https:\\\/\\\/naturalpoland.com\\\/tr\\\/urunler\\\/kozmetik-hammaddeleri\\\/kozmetik-hammaddeleri-2\\\/caprylic-capric-triglyceride\\\/\",\"name\":\"Caprylic\\\/Capric Triglyceride - NATURAL POLAND - Hurtowy Dystrybutor Surowc\u00f3w\",\"isPartOf\":{\"@id\":\"https:\\\/\\\/naturalpoland.com\\\/tr\\\/#website\"},\"primaryImageOfPage\":{\"@id\":\"https:\\\/\\\/naturalpoland.com\\\/tr\\\/urunler\\\/kozmetik-hammaddeleri\\\/kozmetik-hammaddeleri-2\\\/caprylic-capric-triglyceride\\\/#primaryimage\"},\"image\":{\"@id\":\"https:\\\/\\\/naturalpoland.com\\\/tr\\\/urunler\\\/kozmetik-hammaddeleri\\\/kozmetik-hammaddeleri-2\\\/caprylic-capric-triglyceride\\\/#primaryimage\"},\"thumbnailUrl\":\"https:\\\/\\\/naturalpoland.com\\\/wp-content\\\/uploads\\\/caprylic-capric-triglyceride-.webp\",\"datePublished\":\"2024-10-23T12:01:26+00:00\",\"dateModified\":\"2025-12-22T12:37:58+00:00\",\"description\":\"Caprylic\\\/Capric Triglyceride, \u00fcr\u00fcnlerin uygulanma kalitesini ve cilt ve sa\u00e7 durumunu iyile\u015ftiren kozmetik bir bile\u015fendir.\",\"breadcrumb\":{\"@id\":\"https:\\\/\\\/naturalpoland.com\\\/tr\\\/urunler\\\/kozmetik-hammaddeleri\\\/kozmetik-hammaddeleri-2\\\/caprylic-capric-triglyceride\\\/#breadcrumb\"},\"inLanguage\":\"tr\",\"potentialAction\":[{\"@type\":\"ReadAction\",\"target\":[\"https:\\\/\\\/naturalpoland.com\\\/tr\\\/urunler\\\/kozmetik-hammaddeleri\\\/kozmetik-hammaddeleri-2\\\/caprylic-capric-triglyceride\\\/\"]}]},{\"@type\":\"ImageObject\",\"inLanguage\":\"tr\",\"@id\":\"https:\\\/\\\/naturalpoland.com\\\/tr\\\/urunler\\\/kozmetik-hammaddeleri\\\/kozmetik-hammaddeleri-2\\\/caprylic-capric-triglyceride\\\/#primaryimage\",\"url\":\"https:\\\/\\\/naturalpoland.com\\\/wp-content\\\/uploads\\\/caprylic-capric-triglyceride-.webp\",\"contentUrl\":\"https:\\\/\\\/naturalpoland.com\\\/wp-content\\\/uploads\\\/caprylic-capric-triglyceride-.webp\",\"width\":426,\"height\":426,\"caption\":\"Caprylic\\\/Capric Triglyceride\"},{\"@type\":\"BreadcrumbList\",\"@id\":\"https:\\\/\\\/naturalpoland.com\\\/tr\\\/urunler\\\/kozmetik-hammaddeleri\\\/kozmetik-hammaddeleri-2\\\/caprylic-capric-triglyceride\\\/#breadcrumb\",\"itemListElement\":[{\"@type\":\"ListItem\",\"position\":1,\"name\":\"Ana Sayfa\",\"item\":\"https:\\\/\\\/naturalpoland.com\\\/tr\\\/\"},{\"@type\":\"ListItem\",\"position\":2,\"name\":\"\u00dcr\u00fcnler\",\"item\":\"https:\\\/\\\/naturalpoland.com\\\/tr\\\/urunler\\\/\"},{\"@type\":\"ListItem\",\"position\":3,\"name\":\"Caprylic\\\/Capric Triglyceride\"}]},{\"@type\":\"WebSite\",\"@id\":\"https:\\\/\\\/naturalpoland.com\\\/tr\\\/#website\",\"url\":\"https:\\\/\\\/naturalpoland.com\\\/tr\\\/\",\"name\":\"NATURAL POLAND - Hurtowy Dystrybutor Surowc\u00f3w\",\"description\":\"Surowce dla przemys\u0142u spo\u017cywczego, kosmetycznego i farmaceutycznego\",\"publisher\":{\"@id\":\"https:\\\/\\\/naturalpoland.com\\\/tr\\\/#organization\"},\"potentialAction\":[{\"@type\":\"SearchAction\",\"target\":{\"@type\":\"EntryPoint\",\"urlTemplate\":\"https:\\\/\\\/naturalpoland.com\\\/tr\\\/?s={search_term_string}\"},\"query-input\":{\"@type\":\"PropertyValueSpecification\",\"valueRequired\":true,\"valueName\":\"search_term_string\"}}],\"inLanguage\":\"tr\"},{\"@type\":\"Organization\",\"@id\":\"https:\\\/\\\/naturalpoland.com\\\/tr\\\/#organization\",\"name\":\"Natural Poland\",\"url\":\"https:\\\/\\\/naturalpoland.com\\\/tr\\\/\",\"logo\":{\"@type\":\"ImageObject\",\"inLanguage\":\"tr\",\"@id\":\"https:\\\/\\\/naturalpoland.com\\\/tr\\\/#\\\/schema\\\/logo\\\/image\\\/\",\"url\":\"https:\\\/\\\/naturalpoland.com\\\/wp-content\\\/uploads\\\/2021\\\/05\\\/natural-poland-icon.png\",\"contentUrl\":\"https:\\\/\\\/naturalpoland.com\\\/wp-content\\\/uploads\\\/2021\\\/05\\\/natural-poland-icon.png\",\"width\":512,\"height\":512,\"caption\":\"Natural Poland\"},\"image\":{\"@id\":\"https:\\\/\\\/naturalpoland.com\\\/tr\\\/#\\\/schema\\\/logo\\\/image\\\/\"},\"sameAs\":[\"https:\\\/\\\/www.facebook.com\\\/naturalpoland.b2b\",\"https:\\\/\\\/pl.linkedin.com\\\/company\\\/natural-poland\",\"https:\\\/\\\/www.youtube.com\\\/channel\\\/UCgeGGkvOMahZo-xu_MSEWxg\"]}]}<\/script>\n<!-- \/ Yoast SEO plugin. -->","yoast_head_json":{"title":"Caprylic\/Capric Triglyceride - NATURAL POLAND - Hurtowy Dystrybutor Surowc\u00f3w","description":"Caprylic\/Capric Triglyceride, \u00fcr\u00fcnlerin uygulanma kalitesini ve cilt ve sa\u00e7 durumunu iyile\u015ftiren kozmetik bir bile\u015fendir.","robots":{"index":"index","follow":"follow","max-snippet":"max-snippet:-1","max-image-preview":"max-image-preview:large","max-video-preview":"max-video-preview:-1"},"canonical":"https:\/\/naturalpoland.com\/tr\/urunler\/kozmetik-hammaddeleri\/kozmetik-hammaddeleri-2\/caprylic-capric-triglyceride\/","og_locale":"tr_TR","og_type":"article","og_title":"Caprylic\/Capric Triglyceride - NATURAL POLAND - Hurtowy Dystrybutor Surowc\u00f3w","og_description":"Caprylic\/Capric Triglyceride, \u00fcr\u00fcnlerin uygulanma kalitesini ve cilt ve sa\u00e7 durumunu iyile\u015ftiren kozmetik bir bile\u015fendir.","og_url":"https:\/\/naturalpoland.com\/tr\/urunler\/kozmetik-hammaddeleri\/kozmetik-hammaddeleri-2\/caprylic-capric-triglyceride\/","og_site_name":"NATURAL POLAND - Hurtowy Dystrybutor Surowc\u00f3w","article_publisher":"https:\/\/www.facebook.com\/naturalpoland.b2b","article_modified_time":"2025-12-22T12:37:58+00:00","og_image":[{"width":426,"height":426,"url":"https:\/\/naturalpoland.com\/wp-content\/uploads\/caprylic-capric-triglyceride-.webp","type":"image\/webp"}],"schema":{"@context":"https:\/\/schema.org","@graph":[{"@type":"WebPage","@id":"https:\/\/naturalpoland.com\/tr\/urunler\/kozmetik-hammaddeleri\/kozmetik-hammaddeleri-2\/caprylic-capric-triglyceride\/","url":"https:\/\/naturalpoland.com\/tr\/urunler\/kozmetik-hammaddeleri\/kozmetik-hammaddeleri-2\/caprylic-capric-triglyceride\/","name":"Caprylic\/Capric Triglyceride - NATURAL POLAND - Hurtowy Dystrybutor Surowc\u00f3w","isPartOf":{"@id":"https:\/\/naturalpoland.com\/tr\/#website"},"primaryImageOfPage":{"@id":"https:\/\/naturalpoland.com\/tr\/urunler\/kozmetik-hammaddeleri\/kozmetik-hammaddeleri-2\/caprylic-capric-triglyceride\/#primaryimage"},"image":{"@id":"https:\/\/naturalpoland.com\/tr\/urunler\/kozmetik-hammaddeleri\/kozmetik-hammaddeleri-2\/caprylic-capric-triglyceride\/#primaryimage"},"thumbnailUrl":"https:\/\/naturalpoland.com\/wp-content\/uploads\/caprylic-capric-triglyceride-.webp","datePublished":"2024-10-23T12:01:26+00:00","dateModified":"2025-12-22T12:37:58+00:00","description":"Caprylic\/Capric Triglyceride, \u00fcr\u00fcnlerin uygulanma kalitesini ve cilt ve sa\u00e7 durumunu iyile\u015ftiren kozmetik bir bile\u015fendir.","breadcrumb":{"@id":"https:\/\/naturalpoland.com\/tr\/urunler\/kozmetik-hammaddeleri\/kozmetik-hammaddeleri-2\/caprylic-capric-triglyceride\/#breadcrumb"},"inLanguage":"tr","potentialAction":[{"@type":"ReadAction","target":["https:\/\/naturalpoland.com\/tr\/urunler\/kozmetik-hammaddeleri\/kozmetik-hammaddeleri-2\/caprylic-capric-triglyceride\/"]}]},{"@type":"ImageObject","inLanguage":"tr","@id":"https:\/\/naturalpoland.com\/tr\/urunler\/kozmetik-hammaddeleri\/kozmetik-hammaddeleri-2\/caprylic-capric-triglyceride\/#primaryimage","url":"https:\/\/naturalpoland.com\/wp-content\/uploads\/caprylic-capric-triglyceride-.webp","contentUrl":"https:\/\/naturalpoland.com\/wp-content\/uploads\/caprylic-capric-triglyceride-.webp","width":426,"height":426,"caption":"Caprylic\/Capric Triglyceride"},{"@type":"BreadcrumbList","@id":"https:\/\/naturalpoland.com\/tr\/urunler\/kozmetik-hammaddeleri\/kozmetik-hammaddeleri-2\/caprylic-capric-triglyceride\/#breadcrumb","itemListElement":[{"@type":"ListItem","position":1,"name":"Ana Sayfa","item":"https:\/\/naturalpoland.com\/tr\/"},{"@type":"ListItem","position":2,"name":"\u00dcr\u00fcnler","item":"https:\/\/naturalpoland.com\/tr\/urunler\/"},{"@type":"ListItem","position":3,"name":"Caprylic\/Capric Triglyceride"}]},{"@type":"WebSite","@id":"https:\/\/naturalpoland.com\/tr\/#website","url":"https:\/\/naturalpoland.com\/tr\/","name":"NATURAL POLAND - Hurtowy Dystrybutor Surowc\u00f3w","description":"Surowce dla przemys\u0142u spo\u017cywczego, kosmetycznego i farmaceutycznego","publisher":{"@id":"https:\/\/naturalpoland.com\/tr\/#organization"},"potentialAction":[{"@type":"SearchAction","target":{"@type":"EntryPoint","urlTemplate":"https:\/\/naturalpoland.com\/tr\/?s={search_term_string}"},"query-input":{"@type":"PropertyValueSpecification","valueRequired":true,"valueName":"search_term_string"}}],"inLanguage":"tr"},{"@type":"Organization","@id":"https:\/\/naturalpoland.com\/tr\/#organization","name":"Natural Poland","url":"https:\/\/naturalpoland.com\/tr\/","logo":{"@type":"ImageObject","inLanguage":"tr","@id":"https:\/\/naturalpoland.com\/tr\/#\/schema\/logo\/image\/","url":"https:\/\/naturalpoland.com\/wp-content\/uploads\/2021\/05\/natural-poland-icon.png","contentUrl":"https:\/\/naturalpoland.com\/wp-content\/uploads\/2021\/05\/natural-poland-icon.png","width":512,"height":512,"caption":"Natural Poland"},"image":{"@id":"https:\/\/naturalpoland.com\/tr\/#\/schema\/logo\/image\/"},"sameAs":["https:\/\/www.facebook.com\/naturalpoland.b2b","https:\/\/pl.linkedin.com\/company\/natural-poland","https:\/\/www.youtube.com\/channel\/UCgeGGkvOMahZo-xu_MSEWxg"]}]}},"_links":{"self":[{"href":"https:\/\/naturalpoland.com\/tr\/wp-json\/wp\/v2\/product\/44704","targetHints":{"allow":["GET"]}}],"collection":[{"href":"https:\/\/naturalpoland.com\/tr\/wp-json\/wp\/v2\/product"}],"about":[{"href":"https:\/\/naturalpoland.com\/tr\/wp-json\/wp\/v2\/types\/product"}],"wp:featuredmedia":[{"embeddable":true,"href":"https:\/\/naturalpoland.com\/tr\/wp-json\/wp\/v2\/media\/44705"}],"wp:attachment":[{"href":"https:\/\/naturalpoland.com\/tr\/wp-json\/wp\/v2\/media?parent=44704"}],"wp:term":[{"taxonomy":"product_brand","embeddable":true,"href":"https:\/\/naturalpoland.com\/tr\/wp-json\/wp\/v2\/product_brand?post=44704"},{"taxonomy":"product_cat","embeddable":true,"href":"https:\/\/naturalpoland.com\/tr\/wp-json\/wp\/v2\/product_cat?post=44704"},{"taxonomy":"product_tag","embeddable":true,"href":"https:\/\/naturalpoland.com\/tr\/wp-json\/wp\/v2\/product_tag?post=44704"}],"curies":[{"name":"wp","href":"https:\/\/api.w.org\/{rel}","templated":true}]}}